{"id":16,"date":"2024-10-18T03:16:23","date_gmt":"2024-10-18T03:16:23","guid":{"rendered":"https:\/\/yunming-metal.com\/faq\/"},"modified":"2025-05-07T00:28:43","modified_gmt":"2025-05-06T16:28:43","slug":"faq","status":"publish","type":"page","link":"https:\/\/yunming-metal.com\/es\/faq\/","title":{"rendered":"PREGUNTAS FRECUENTES"},"content":{"rendered":"<div data-elementor-type=\"wp-post\" data-elementor-id=\"16\" class=\"elementor elementor-16\" data-elementor-post-type=\"page\">\n\t\t\t\t<div class=\"elementor-element elementor-element-6048aa0 e-con-full e-flex e-con e-parent\" data-id=\"6048aa0\" data-element_type=\"container\" data-settings=\"{&quot;background_background&quot;:&quot;classic&quot;}\">\n\t\t<div class=\"elementor-element elementor-element-7514d15 e-con-full e-flex e-con e-child\" data-id=\"7514d15\" data-element_type=\"container\">\n\t\t\t\t<div class=\"elementor-element elementor-element-5efd23b elementor-widget elementor-widget-heading\" data-id=\"5efd23b\" data-element_type=\"widget\" data-widget_type=\"heading.default\">\n\t\t\t\t<div class=\"elementor-widget-container\">\n\t\t\t\t\t<h2 class=\"elementor-heading-title elementor-size-default\">PREGUNTAS FRECUENTES<\/h2>\t\t\t\t<\/div>\n\t\t\t\t<\/div>\n\t\t\t\t<\/div>\n\t\t\t\t<\/div>\n\t\t<div class=\"elementor-element elementor-element-dd2c597 e-flex e-con-boxed e-con e-parent\" data-id=\"dd2c597\" data-element_type=\"container\">\n\t\t\t\t\t<div class=\"e-con-inner\">\n\t\t\t\t<div class=\"elementor-element elementor-element-31e0a56 elementor-widget elementor-widget-text-editor\" data-id=\"31e0a56\" data-element_type=\"widget\" data-widget_type=\"text-editor.default\">\n\t\t\t\t<div class=\"elementor-widget-container\">\n\t\t\t\t\t\t\t\t\t<p class=\"\" data-start=\"165\" data-end=\"446\"><strong data-start=\"217\" data-end=\"263\">Q1. \u00bfEn qu\u00e9 se especializa Yunming Metal?<\/strong><br data-start=\"263\" data-end=\"266\" \/><strong data-start=\"266\" data-end=\"272\">A:<\/strong> Yunming Metal es un fabricante de acero inoxidable y proveedor de soluciones. Nos especializamos en la producci\u00f3n de tuber\u00edas y bridas de acero inoxidable, y ofrecemos una gama completa de productos que incluye barras, placas, bobinas, accesorios y perfiles personalizados para satisfacer diversos requisitos industriales.<\/p><p class=\"\" data-start=\"448\" data-end=\"624\"><strong data-start=\"448\" data-end=\"489\">Q2. \u00bfD\u00f3nde est\u00e1n ubicadas sus f\u00e1bricas?<\/strong><br data-start=\"489\" data-end=\"492\" \/>R: Nuestra principal base de producci\u00f3n est\u00e1 en China. Tenemos cinco sucursales cerca de los principales puertos para apoyar una entrega m\u00e1s r\u00e1pida y una log\u00edstica conveniente.<\/p><p class=\"\" data-start=\"626\" data-end=\"792\"><strong data-start=\"626\" data-end=\"664\">Q3. \u00bfA qu\u00e9 sectores presta sus servicios?<\/strong><br data-start=\"664\" data-end=\"667\" \/>R: Prestamos servicio a una amplia gama de industrias, como la petrolera y gas\u00edstica, petroqu\u00edmica, naval, alimentaria, de la construcci\u00f3n y energ\u00e9tica.<\/p><p class=\"\" data-start=\"794\" data-end=\"994\"><strong data-start=\"794\" data-end=\"833\">Q4. \u00bfCu\u00e1ndo se fund\u00f3 Yunming Metal?<\/strong><br data-start=\"833\" data-end=\"836\" \/>R: Yunming Metal se fund\u00f3 en la d\u00e9cada de 2010, y desde entonces se ha comprometido a suministrar productos de acero inoxidable de alta calidad a clientes de todo el mundo.<\/p><p class=\"\" data-start=\"1001\" data-end=\"1203\"><strong data-start=\"1001\" data-end=\"1052\">Q5. \u00bfQu\u00e9 calidades de acero inoxidable pueden suministrar?<\/strong><br data-start=\"1052\" data-end=\"1055\" \/>R: Ofrecemos calidades como 304, 304L, 316L, 310S, 321, 317L, 904L, d\u00faplex 2205, 2507 y otras aleaciones personalizadas.\u00a0<\/p><p class=\"\" data-start=\"1205\" data-end=\"1393\"><strong data-start=\"1205\" data-end=\"1256\">Q6. \u00bfPueden fabricar tama\u00f1os o formas personalizados?<\/strong><br data-start=\"1256\" data-end=\"1259\" \/>R: S\u00ed, podemos fabricar productos a medida a partir de sus planos o especificaciones, incluidas dimensiones y acabados superficiales no est\u00e1ndar.<\/p><p class=\"\" data-start=\"1395\" data-end=\"1539\"><strong data-start=\"1395\" data-end=\"1430\">Q7. \u00bfQu\u00e9 acabados ofrecen?<\/strong><br data-start=\"1430\" data-end=\"1433\" \/>R: Los acabados disponibles incluyen decapado, pulido, espejo, rayado, cepillado y tratamientos de superficie personalizados.<\/p><p class=\"\" data-start=\"1541\" data-end=\"1701\"><strong data-start=\"1541\" data-end=\"1607\">Q8. \u00bfOfrecen servicios de corte de tubos, roscado u otro tipo de procesamiento?<\/strong><br data-start=\"1607\" data-end=\"1610\" \/>R: S\u00ed. Ofrecemos servicios de corte, roscado, biselado, pulido y otros servicios de valor a\u00f1adido.<\/p><p class=\"\" data-start=\"1708\" data-end=\"1850\"><strong data-start=\"1708\" data-end=\"1758\">Q9. \u00bfCu\u00e1l es su cantidad m\u00ednima de pedido?<\/strong><br data-start=\"1758\" data-end=\"1761\" \/>R: El MOQ var\u00eda en funci\u00f3n del tipo y el tama\u00f1o del producto. P\u00f3ngase en contacto con nosotros para obtener m\u00e1s informaci\u00f3n.<\/p><p class=\"\" data-start=\"1852\" data-end=\"1981\"><strong data-start=\"1852\" data-end=\"1896\">Q10. \u00bfCu\u00e1l es su plazo de entrega habitual?<\/strong><br data-start=\"1896\" data-end=\"1899\" \/>R: El plazo de entrega est\u00e1ndar es de 7-15 d\u00edas laborables. Los pedidos grandes o personalizados pueden tardar m\u00e1s.<\/p><p class=\"\" data-start=\"1983\" data-end=\"2141\"><strong data-start=\"1983\" data-end=\"2022\">Q11. \u00bfExporta a nivel internacional?<\/strong><br data-start=\"2022\" data-end=\"2025\" \/>R: S\u00ed, realizamos env\u00edos a m\u00e1s de 50 pa\u00edses de todo el mundo y podemos organizar el transporte mar\u00edtimo, a\u00e9reo o terrestre en funci\u00f3n de sus necesidades.<\/p><p class=\"\" data-start=\"2143\" data-end=\"2274\"><strong data-start=\"2143\" data-end=\"2180\">Q12. \u00bfCu\u00e1les son sus condiciones de pago?<\/strong><br data-start=\"2180\" data-end=\"2183\" \/>R: Las condiciones est\u00e1ndar son T\/T. L\/C y otros t\u00e9rminos se pueden discutir dependiendo de detalles de la orden.<\/p><p class=\"\" data-start=\"2276\" data-end=\"2454\"><strong data-start=\"2276\" data-end=\"2324\">Q13. \u00bfQu\u00e9 tipo de embalaje utiliza para los env\u00edos?<\/strong><br data-start=\"2324\" data-end=\"2327\" \/>R: Los productos se envasan en embalajes aptos para el transporte mar\u00edtimo, como fardos con tapa de pl\u00e1stico, cajas de madera o pal\u00e9s, para garantizar una entrega segura.<\/p><p class=\"\" data-start=\"2456\" data-end=\"2591\"><strong data-start=\"2456\" data-end=\"2495\">Q14. \u00bfPuedo solicitar muestras de productos?<\/strong><br data-start=\"2495\" data-end=\"2498\" \/>R: S\u00ed, se pueden proporcionar muestras previa solicitud. Las condiciones de las muestras dependen del producto y del destino.<\/p><p class=\"\" data-start=\"2598\" data-end=\"3022\"><strong data-start=\"2598\" data-end=\"2660\">Q15. \u00bfPueden facilitar certificaciones y documentos de calidad?<\/strong><br data-start=\"2660\" data-end=\"2663\" \/>R: Los certificados de pruebas de laminaci\u00f3n (EN 10204 3.1 o 3.2) est\u00e1n disponibles previa solicitud. Para l\u00edneas de productos espec\u00edficas, pueden proporcionarse certificaciones adicionales, como ISO 9001 o ECM, en funci\u00f3n de la fuente de fabricaci\u00f3n. Tambi\u00e9n se pueden solicitar informes de inspecci\u00f3n de terceros como SGS, BV o TUV. P\u00f3ngase en contacto con nosotros para confirmar la disponibilidad en funci\u00f3n de su pedido.<\/p><p class=\"\" data-start=\"3024\" data-end=\"3227\"><strong data-start=\"3024\" data-end=\"3078\">Q16. \u00bfQu\u00e9 procesos de control de calidad sigue?<\/strong><br data-start=\"3078\" data-end=\"3081\" \/>R: Llevamos a cabo estrictas inspecciones en todas las fases, desde la selecci\u00f3n de las materias primas hasta las pruebas finales, incluidas pruebas hidrost\u00e1ticas, ultras\u00f3nicas y visuales.<\/p><p class=\"\" data-start=\"3234\" data-end=\"3444\"><strong data-start=\"3234\" data-end=\"3308\">Q17. No estoy seguro de qu\u00e9 material es el adecuado para mi proyecto, \u00bfpueden ayudarme?<\/strong><br data-start=\"3308\" data-end=\"3311\" \/>R: Por supuesto. Nuestro experimentado equipo puede recomendarle materiales en funci\u00f3n de su aplicaci\u00f3n, entorno operativo y normas exigidas.<\/p><p class=\"\" data-start=\"3446\" data-end=\"3616\"><strong data-start=\"3446\" data-end=\"3515\">Q18. \u00bfD\u00f3nde puedo encontrar las especificaciones t\u00e9cnicas de sus productos?<\/strong><br data-start=\"3515\" data-end=\"3518\" \/>R: Puede consultar la p\u00e1gina de cada producto o ponerse en contacto directamente con nosotros para obtener fichas t\u00e9cnicas y asistencia t\u00e9cnica.<\/p><p class=\"\" data-start=\"3618\" data-end=\"3822\"><strong data-start=\"3618\" data-end=\"3684\">Q19. \u00bfQu\u00e9 diferencia hay entre los tubos sin soldadura y los tubos soldados?<\/strong><br data-start=\"3684\" data-end=\"3687\" \/>R: Los tubos sin soldadura son ideales para aplicaciones de alta presi\u00f3n. Los tubos soldados son m\u00e1s rentables para uso general.<\/p><p class=\"\" data-start=\"3824\" data-end=\"3975\"><strong data-start=\"3824\" data-end=\"3887\">Q20. \u00bfPueden atender pedidos urgentes o entregas de emergencia?<\/strong><br data-start=\"3887\" data-end=\"3890\" \/>R: S\u00ed. Podemos dar prioridad a la producci\u00f3n y organizar el env\u00edo urgente para necesidades urgentes.<\/p><p class=\"\" data-start=\"3982\" data-end=\"4163\">\ud83d\udce9 <strong data-start=\"3985\" data-end=\"4010\">\u00bfA\u00fan tiene preguntas?<\/strong><br data-start=\"4010\" data-end=\"4013\" \/>Estamos aqu\u00ed para ayudarle. No dude en <a class=\"cursor-pointer\" href=\"https:\/\/yunming-metal.com\/es\/pongase-en-contacto-con\/\" rel=\"noopener\" data-start=\"4046\" data-end=\"4099\">contacte con nuestro equipo<\/a> para asistencia t\u00e9cnica, presupuestos o consultas sobre proyectos personalizados.<\/p>\t\t\t\t\t\t\t\t<\/div>\n\t\t\t\t<\/div>\n\t\t\t\t\t<\/div>\n\t\t\t\t<\/div>\n\t\t\t\t<\/div>","protected":false},"excerpt":{"rendered":"<p>FAQ Q1. What does Yunming Metal specialize in?A: Yunming Metal is a stainless steel manufacturer and solution provider. We specialize in the production of stainless steel pipes and flanges, and offer a complete range of products including bars, plates, coils, fittings, and custom profiles to meet various industrial requirements. Q2. Where are your factories located?A: [&hellip;]<\/p>","protected":false},"author":1,"featured_media":0,"parent":0,"menu_order":0,"comment_status":"closed","ping_status":"closed","template":"","meta":{"site-sidebar-layout":"no-sidebar","site-content-layout":"page-builder","ast-site-content-layout":"","site-content-style":"default","site-sidebar-style":"default","ast-global-header-display":"","ast-banner-title-visibility":"","ast-main-header-display":"","ast-hfb-above-header-display":"","ast-hfb-below-header-display":"","ast-hfb-mobile-header-display":"","site-post-title":"disabled","ast-breadcrumbs-content":"","ast-featured-img":"disabled","footer-sml-layout":"","theme-transparent-header-meta":"","adv-header-id-meta":"","stick-header-meta":"","header-above-stick-meta":"","header-main-stick-meta":"","header-below-stick-meta":"","astra-migrate-meta-layouts":"default","ast-page-background-enabled":"default","ast-page-background-meta":{"desktop":{"background-color":"","background-image":"","background-repeat":"repeat","background-position":"center center","background-size":"auto","background-attachment":"scroll","background-type":"","background-media":"","overlay-type":"","overlay-color":"","overlay-opacity":"","overlay-gradient":""},"tablet":{"background-color":"","background-image":"","background-repeat":"repeat","background-position":"center center","background-size":"auto","background-attachment":"scroll","background-type":"","background-media":"","overlay-type":"","overlay-color":"","overlay-opacity":"","overlay-gradient":""},"mobile":{"background-color":"","background-image":"","background-repeat":"repeat","background-position":"center center","background-size":"auto","background-attachment":"scroll","background-type":"","background-media":"","overlay-type":"","overlay-color":"","overlay-opacity":"","overlay-gradient":""}},"ast-content-background-meta":{"desktop":{"background-color":"var(--ast-global-color-5)","background-image":"","background-repeat":"repeat","background-position":"center center","background-size":"auto","background-attachment":"scroll","background-type":"","background-media":"","overlay-type":"","overlay-color":"","overlay-opacity":"","overlay-gradient":""},"tablet":{"background-color":"var(--ast-global-color-5)","background-image":"","background-repeat":"repeat","background-position":"center center","background-size":"auto","background-attachment":"scroll","background-type":"","background-media":"","overlay-type":"","overlay-color":"","overlay-opacity":"","overlay-gradient":""},"mobile":{"background-color":"var(--ast-global-color-5)","background-image":"","background-repeat":"repeat","background-position":"center center","background-size":"auto","background-attachment":"scroll","background-type":"","background-media":"","overlay-type":"","overlay-color":"","overlay-opacity":"","overlay-gradient":""}},"footnotes":""},"class_list":["post-16","page","type-page","status-publish","hentry"],"yoast_head":"<!-- This site is optimized with the Yoast SEO Premium plugin v24.9 (Yoast SEO v26.8) - https:\/\/yoast.com\/product\/yoast-seo-premium-wordpress\/ -->\n<title>FAQ - Yunming Metal - Stainless Steel Manufacturer &amp; Supplier<\/title>\n<meta name=\"robots\" content=\"index, follow, max-snippet:-1, max-image-preview:large, max-video-preview:-1\" \/>\n<link rel=\"canonical\" href=\"https:\/\/yunming-metal.com\/es\/faq\/\" \/>\n<meta property=\"og:locale\" content=\"es_ES\" \/>\n<meta property=\"og:type\" content=\"article\" \/>\n<meta property=\"og:title\" content=\"FAQ\" \/>\n<meta property=\"og:description\" content=\"FAQ Q1. What does Yunming Metal specialize in?A: Yunming Metal is a stainless steel manufacturer and solution provider. We specialize in the production of stainless steel pipes and flanges, and offer a complete range of products including bars, plates, coils, fittings, and custom profiles to meet various industrial requirements. Q2. Where are your factories located?A: [&hellip;]\" \/>\n<meta property=\"og:url\" content=\"https:\/\/yunming-metal.com\/es\/faq\/\" \/>\n<meta property=\"og:site_name\" content=\"Yunming Metal - Stainless Steel Manufacturer &amp; Supplier\" \/>\n<meta property=\"article:publisher\" content=\"https:\/\/www.facebook.com\/YunmingMetal\" \/>\n<meta property=\"article:modified_time\" content=\"2025-05-06T16:28:43+00:00\" \/>\n<meta name=\"twitter:card\" content=\"summary_large_image\" \/>\n<meta name=\"twitter:site\" content=\"@fan_yunmimetal\" \/>\n<meta name=\"twitter:label1\" content=\"Tiempo de lectura\" \/>\n\t<meta name=\"twitter:data1\" content=\"4 minutos\" \/>\n<script type=\"application\/ld+json\" class=\"yoast-schema-graph\">{\"@context\":\"https:\/\/schema.org\",\"@graph\":[{\"@type\":\"WebPage\",\"@id\":\"https:\/\/yunming-metal.com\/faq\/\",\"url\":\"https:\/\/yunming-metal.com\/faq\/\",\"name\":\"FAQ - Yunming Metal - Stainless Steel Manufacturer &amp; Supplier\",\"isPartOf\":{\"@id\":\"https:\/\/yunming-metal.com\/#website\"},\"datePublished\":\"2024-10-18T03:16:23+00:00\",\"dateModified\":\"2025-05-06T16:28:43+00:00\",\"breadcrumb\":{\"@id\":\"https:\/\/yunming-metal.com\/faq\/#breadcrumb\"},\"inLanguage\":\"es\",\"potentialAction\":[{\"@type\":\"ReadAction\",\"target\":[\"https:\/\/yunming-metal.com\/faq\/\"]}]},{\"@type\":\"BreadcrumbList\",\"@id\":\"https:\/\/yunming-metal.com\/faq\/#breadcrumb\",\"itemListElement\":[{\"@type\":\"ListItem\",\"position\":1,\"name\":\"\u9996\u9875\",\"item\":\"https:\/\/yunming-metal.com\/\"},{\"@type\":\"ListItem\",\"position\":2,\"name\":\"FAQ\"}]},{\"@type\":\"WebSite\",\"@id\":\"https:\/\/yunming-metal.com\/#website\",\"url\":\"https:\/\/yunming-metal.com\/\",\"name\":\"yunming-metal.com\",\"description\":\"High-Quality Stainless Steel Pipes, Plates &amp; Flanges\",\"publisher\":{\"@id\":\"https:\/\/yunming-metal.com\/#organization\"},\"potentialAction\":[{\"@type\":\"SearchAction\",\"target\":{\"@type\":\"EntryPoint\",\"urlTemplate\":\"https:\/\/yunming-metal.com\/?s={search_term_string}\"},\"query-input\":{\"@type\":\"PropertyValueSpecification\",\"valueRequired\":true,\"valueName\":\"search_term_string\"}}],\"inLanguage\":\"es\"},{\"@type\":\"Organization\",\"@id\":\"https:\/\/yunming-metal.com\/#organization\",\"name\":\"Yunming MetalY\",\"alternateName\":\"Yunming Stainless Steel\",\"url\":\"https:\/\/yunming-metal.com\/\",\"logo\":{\"@type\":\"ImageObject\",\"inLanguage\":\"es\",\"@id\":\"https:\/\/yunming-metal.com\/#\/schema\/logo\/image\/\",\"url\":\"https:\/\/yunming-metal.com\/wp-content\/uploads\/2025\/04\/yunming-metal-logo-featuring-a-minimalist-am-design-representing.png\",\"contentUrl\":\"https:\/\/yunming-metal.com\/wp-content\/uploads\/2025\/04\/yunming-metal-logo-featuring-a-minimalist-am-design-representing.png\",\"width\":300,\"height\":300,\"caption\":\"Yunming MetalY\"},\"image\":{\"@id\":\"https:\/\/yunming-metal.com\/#\/schema\/logo\/image\/\"},\"sameAs\":[\"https:\/\/www.facebook.com\/YunmingMetal\",\"https:\/\/x.com\/fan_yunmimetal\",\"https:\/\/www.linkedin.com\/company\/yunming-metal\/\",\"https:\/\/www.instagram.com\/nora_jiang8\/\",\"https:\/\/www.youtube.com\/@yunmingmetal1\",\"https:\/\/www.tiktok.com\/@yunming_metal\"]}]}<\/script>\n<!-- \/ Yoast SEO Premium plugin. -->","yoast_head_json":{"title":"FAQ - Yunming Metal - Stainless Steel Manufacturer &amp; Supplier","robots":{"index":"index","follow":"follow","max-snippet":"max-snippet:-1","max-image-preview":"max-image-preview:large","max-video-preview":"max-video-preview:-1"},"canonical":"https:\/\/yunming-metal.com\/es\/faq\/","og_locale":"es_ES","og_type":"article","og_title":"FAQ","og_description":"FAQ Q1. What does Yunming Metal specialize in?A: Yunming Metal is a stainless steel manufacturer and solution provider. We specialize in the production of stainless steel pipes and flanges, and offer a complete range of products including bars, plates, coils, fittings, and custom profiles to meet various industrial requirements. Q2. Where are your factories located?A: [&hellip;]","og_url":"https:\/\/yunming-metal.com\/es\/faq\/","og_site_name":"Yunming Metal - Stainless Steel Manufacturer &amp; Supplier","article_publisher":"https:\/\/www.facebook.com\/YunmingMetal","article_modified_time":"2025-05-06T16:28:43+00:00","twitter_card":"summary_large_image","twitter_site":"@fan_yunmimetal","twitter_misc":{"Tiempo de lectura":"4 minutos"},"schema":{"@context":"https:\/\/schema.org","@graph":[{"@type":"WebPage","@id":"https:\/\/yunming-metal.com\/faq\/","url":"https:\/\/yunming-metal.com\/faq\/","name":"FAQ - Yunming Metal - Stainless Steel Manufacturer &amp; Supplier","isPartOf":{"@id":"https:\/\/yunming-metal.com\/#website"},"datePublished":"2024-10-18T03:16:23+00:00","dateModified":"2025-05-06T16:28:43+00:00","breadcrumb":{"@id":"https:\/\/yunming-metal.com\/faq\/#breadcrumb"},"inLanguage":"es","potentialAction":[{"@type":"ReadAction","target":["https:\/\/yunming-metal.com\/faq\/"]}]},{"@type":"BreadcrumbList","@id":"https:\/\/yunming-metal.com\/faq\/#breadcrumb","itemListElement":[{"@type":"ListItem","position":1,"name":"\u9996\u9875","item":"https:\/\/yunming-metal.com\/"},{"@type":"ListItem","position":2,"name":"FAQ"}]},{"@type":"WebSite","@id":"https:\/\/yunming-metal.com\/#website","url":"https:\/\/yunming-metal.com\/","name":"yunming-metal.com","description":"High-Quality Stainless Steel Pipes, Plates &amp; Flanges","publisher":{"@id":"https:\/\/yunming-metal.com\/#organization"},"potentialAction":[{"@type":"SearchAction","target":{"@type":"EntryPoint","urlTemplate":"https:\/\/yunming-metal.com\/?s={search_term_string}"},"query-input":{"@type":"PropertyValueSpecification","valueRequired":true,"valueName":"search_term_string"}}],"inLanguage":"es"},{"@type":"Organization","@id":"https:\/\/yunming-metal.com\/#organization","name":"Yunming MetalY","alternateName":"Yunming Stainless Steel","url":"https:\/\/yunming-metal.com\/","logo":{"@type":"ImageObject","inLanguage":"es","@id":"https:\/\/yunming-metal.com\/#\/schema\/logo\/image\/","url":"https:\/\/yunming-metal.com\/wp-content\/uploads\/2025\/04\/yunming-metal-logo-featuring-a-minimalist-am-design-representing.png","contentUrl":"https:\/\/yunming-metal.com\/wp-content\/uploads\/2025\/04\/yunming-metal-logo-featuring-a-minimalist-am-design-representing.png","width":300,"height":300,"caption":"Yunming MetalY"},"image":{"@id":"https:\/\/yunming-metal.com\/#\/schema\/logo\/image\/"},"sameAs":["https:\/\/www.facebook.com\/YunmingMetal","https:\/\/x.com\/fan_yunmimetal","https:\/\/www.linkedin.com\/company\/yunming-metal\/","https:\/\/www.instagram.com\/nora_jiang8\/","https:\/\/www.youtube.com\/@yunmingmetal1","https:\/\/www.tiktok.com\/@yunming_metal"]}]}},"_links":{"self":[{"href":"https:\/\/yunming-metal.com\/es\/wp-json\/wp\/v2\/pages\/16","targetHints":{"allow":["GET"]}}],"collection":[{"href":"https:\/\/yunming-metal.com\/es\/wp-json\/wp\/v2\/pages"}],"about":[{"href":"https:\/\/yunming-metal.com\/es\/wp-json\/wp\/v2\/types\/page"}],"author":[{"embeddable":true,"href":"https:\/\/yunming-metal.com\/es\/wp-json\/wp\/v2\/users\/1"}],"replies":[{"embeddable":true,"href":"https:\/\/yunming-metal.com\/es\/wp-json\/wp\/v2\/comments?post=16"}],"version-history":[{"count":33,"href":"https:\/\/yunming-metal.com\/es\/wp-json\/wp\/v2\/pages\/16\/revisions"}],"predecessor-version":[{"id":4674,"href":"https:\/\/yunming-metal.com\/es\/wp-json\/wp\/v2\/pages\/16\/revisions\/4674"}],"wp:attachment":[{"href":"https:\/\/yunming-metal.com\/es\/wp-json\/wp\/v2\/media?parent=16"}],"curies":[{"name":"wp","href":"https:\/\/api.w.org\/{rel}","templated":true}]}}