{"id":3391,"date":"2025-03-25T09:47:37","date_gmt":"2025-03-25T09:47:37","guid":{"rendered":"https:\/\/yunming-metal.com\/?page_id=3391"},"modified":"2025-03-25T09:55:12","modified_gmt":"2025-03-25T09:55:12","slug":"privacy-policy","status":"publish","type":"page","link":"https:\/\/yunming-metal.com\/es\/politica-de-privacidad\/","title":{"rendered":"POL\u00cdTICA DE PRIVACIDAD"},"content":{"rendered":"<div data-elementor-type=\"wp-page\" data-elementor-id=\"3391\" class=\"elementor elementor-3391\" data-elementor-post-type=\"page\">\n\t\t\t\t<div class=\"elementor-element elementor-element-827decd e-flex e-con-boxed e-con e-parent\" data-id=\"827decd\" data-element_type=\"container\" data-settings=\"{&quot;background_background&quot;:&quot;classic&quot;}\">\n\t\t\t\t\t<div class=\"e-con-inner\">\n\t\t\t\t<div class=\"elementor-element elementor-element-ecabde3 elementor-widget elementor-widget-text-editor\" data-id=\"ecabde3\" data-element_type=\"widget\" data-widget_type=\"text-editor.default\">\n\t\t\t\t<div class=\"elementor-widget-container\">\n\t\t\t\t\t\t\t\t\t<h1><strong>Pol\u00edtica de privacidad<\/strong><\/h1><p style=\"font-weight: 400;\"><strong>Fecha de entrada en vigor:<\/strong>\u00a0Marzo de 2024<\/p><p style=\"font-weight: 400;\">Yunming Metal (\"nosotros\", \"nuestro\" o \"nos\") se compromete a proteger su privacidad. Esta Pol\u00edtica de Privacidad explica c\u00f3mo recogemos, utilizamos, compartimos y procesamos su informaci\u00f3n personal, as\u00ed como los derechos y opciones que tiene en relaci\u00f3n con sus datos.<\/p><p style=\"font-weight: 400;\">Esta Pol\u00edtica se aplica a toda la informaci\u00f3n personal recopilada a trav\u00e9s de nuestro sitio web <strong>(<\/strong><a href=\"https:\/\/yunming-metal.com\/es\/\"><u>www.yunming-metal.com<\/u><\/a><strong>)<\/strong>comunicaci\u00f3n por correo electr\u00f3nico u otras interacciones con nosotros, tanto en l\u00ednea como fuera de l\u00ednea.<\/p><p style=\"font-weight: 400;\">Al acceder o utilizar nuestro sitio web, usted acepta los t\u00e9rminos de esta Pol\u00edtica de privacidad. Si no est\u00e1 de acuerdo, abst\u00e9ngase de utilizar nuestros servicios.<\/p><h2><strong>1. Informaci\u00f3n que recopilamos<\/strong><\/h2><p style=\"font-weight: 400;\">Recogemos los siguientes tipos de informaci\u00f3n personal:<\/p><h3><strong>1.1 Informaci\u00f3n que nos facilita<\/strong><\/h3><p style=\"font-weight: 400;\">Cuando utiliza nuestros servicios (por ejemplo, al hacer un pedido, suscribirse a un bolet\u00edn o ponerse en contacto con el servicio de atenci\u00f3n al cliente), puede facilitarnos:<\/p><ul><li>Nombre<\/li><li>Direcci\u00f3n de correo electr\u00f3nico<\/li><li>N\u00famero de tel\u00e9fono (incluido WhatsApp)<\/li><li>Nombre de la empresa<\/li><li>Pa\u00eds<\/li><li>Direcci\u00f3n de env\u00edo<\/li><li>Productos de inter\u00e9s<\/li><\/ul><h3><strong>1.2 Informaci\u00f3n recopilada autom\u00e1ticamente<\/strong><\/h3><ul><li>Cuando visita nuestro sitio web, podemos recopilar:<\/li><li>Direcci\u00f3n IP<\/li><li>Tipo y versi\u00f3n de navegador<\/li><li>Informaci\u00f3n sobre el dispositivo<\/li><li>Sitio web de referencia (si procede)<\/li><li>Patrones de uso y comportamiento de navegaci\u00f3n<\/li><\/ul><h3><strong>1.3 Cookies y tecnolog\u00edas de seguimiento<\/strong><\/h3><p style=\"font-weight: 400;\">Utilizamos cookies y tecnolog\u00edas similares para mejorar su experiencia, analizar el tr\u00e1fico del sitio web y mejorar nuestros servicios. Puede controlar la configuraci\u00f3n de las cookies a trav\u00e9s de su navegador.<\/p><h2><strong>2. C\u00f3mo utilizamos su informaci\u00f3n<\/strong><\/h2><ul><li>Utilizamos su informaci\u00f3n personal para:<\/li><li>Tramitaci\u00f3n de pedidos y atenci\u00f3n al cliente<\/li><li>Mejorar nuestro sitio web y nuestros servicios<\/li><li>Enviar comunicaciones promocionales (con su consentimiento)<\/li><li>Prevenir el fraude y garantizar la seguridad<\/li><li>Cumplir las obligaciones legales<\/li><\/ul><h2><strong>3. Intercambio de informaci\u00f3n personal<\/strong><\/h2><ul><li>Lo hacemos <strong>no<\/strong>vender o intercambiar sus datos personales. Sin embargo, podemos compartirlos con:<\/li><li><strong>Proveedores de servicios<\/strong>(por ejemplo, procesadores de pagos, empresas de transporte)<\/li><li><strong>Autoridades jur\u00eddicas<\/strong>si lo exige la ley<\/li><li><strong>Socios comerciales<\/strong>si solicita servicios espec\u00edficos que requieran su intervenci\u00f3n<\/li><\/ul><h2><strong>4. Seguridad y conservaci\u00f3n de datos<\/strong><\/h2><p style=\"font-weight: 400;\">Aplicamos medidas t\u00e9cnicas y organizativas para proteger sus datos personales. Conservamos su informaci\u00f3n solo el tiempo necesario para cumplir nuestros servicios y obligaciones legales.<\/p><h2><strong>5. Sus derechos (cumplimiento del GDPR para usuarios de la UE)<\/strong><\/h2><p style=\"font-weight: 400;\">Si se encuentra en el <strong>Espacio Econ\u00f3mico Europeo (EEE), Reino Unido o Suiza<\/strong>tiene derecho a:<\/p><ul><li><strong>Acceda a<\/strong>sus datos personales<\/li><li><strong>Rectificar<\/strong>informaci\u00f3n incorrecta<\/li><li><strong>Solicitar la supresi\u00f3n (\"Derecho al olvido\")<\/strong><\/li><li><strong>Restringir el tratamiento<\/strong>en determinadas condiciones<\/li><li><strong>Portabilidad de los datos<\/strong>(solicite una copia de sus datos)<\/li><li><strong>Retirar el consentimiento<\/strong>para correos electr\u00f3nicos de marketing<\/li><\/ul><p style=\"font-weight: 400;\">Para ejercer sus derechos, p\u00f3ngase en contacto con nosotros en <strong>[Su direcci\u00f3n de correo electr\u00f3nico]<\/strong>.<\/p><h2><strong>6. Cambios en esta pol\u00edtica de privacidad<\/strong><\/h2><p style=\"font-weight: 400;\">Podemos actualizar esta Pol\u00edtica de Privacidad peri\u00f3dicamente. Cualquier cambio significativo se comunicar\u00e1 por correo electr\u00f3nico o mediante notificaci\u00f3n en el sitio web.<\/p><h2><strong>7. Contacto<\/strong><\/h2><p style=\"font-weight: 400;\">Si tiene preguntas sobre esta pol\u00edtica de privacidad o desea ejercer sus derechos sobre los datos, p\u00f3ngase en contacto con<\/p><p style=\"font-weight: 400;\"><strong>Nombre de la empresa<\/strong>: Yunming Metal<br \/><strong>P\u00e1gina web<\/strong>: <a href=\"\/es\/www.yunming-metal.com\/\"><u>www.yunming-metal.com<\/u><\/a><br \/><strong>Correo electr\u00f3nico<\/strong>: <a href=\"mailto:admin@yunming-metal.com\"><u>admin@yunming-metal.com<\/u><\/a><\/p><p style=\"font-weight: 400;\"><strong>Tel\u00e9fono\/WhatsApp<\/strong>:\u00a0+86 159 5877 0122<\/p><p style=\"font-weight: 400;\">\u00a0<\/p>\t\t\t\t\t\t\t\t<\/div>\n\t\t\t\t<\/div>\n\t\t\t\t\t<\/div>\n\t\t\t\t<\/div>\n\t\t\t\t<\/div>","protected":false},"excerpt":{"rendered":"<p>Privacy Policy Effective Date:\u00a0March 2024 Yunming Metal (&#8220;we,&#8221; &#8220;our,&#8221; or &#8220;us&#8221;) is committed to protecting your privacy. This Privacy Policy explains how we collect, use, share, and process your personal information, as well as the rights and choices you have regarding your data. This Policy applies to all personal information collected through our website (www.yunming-metal.com), [&hellip;]<\/p>","protected":false},"author":1,"featured_media":0,"parent":0,"menu_order":0,"comment_status":"closed","ping_status":"closed","template":"","meta":{"site-sidebar-layout":"no-sidebar","site-content-layout":"page-builder","ast-site-content-layout":"full-width-container","site-content-style":"default","site-sidebar-style":"default","ast-global-header-display":"","ast-banner-title-visibility":"","ast-main-header-display":"","ast-hfb-above-header-display":"","ast-hfb-below-header-display":"","ast-hfb-mobile-header-display":"","site-post-title":"disabled","ast-breadcrumbs-content":"","ast-featured-img":"disabled","footer-sml-layout":"","theme-transparent-header-meta":"default","adv-header-id-meta":"","stick-header-meta":"","header-above-stick-meta":"","header-main-stick-meta":"","header-below-stick-meta":"","astra-migrate-meta-layouts":"set","ast-page-background-enabled":"default","ast-page-background-meta":{"desktop":{"background-color":"","background-image":"","background-repeat":"repeat","background-position":"center center","background-size":"auto","background-attachment":"scroll","background-type":"","background-media":"","overlay-type":"","overlay-color":"","overlay-opacity":"","overlay-gradient":""},"tablet":{"background-color":"","background-image":"","background-repeat":"repeat","background-position":"center center","background-size":"auto","background-attachment":"scroll","background-type":"","background-media":"","overlay-type":"","overlay-color":"","overlay-opacity":"","overlay-gradient":""},"mobile":{"background-color":"","background-image":"","background-repeat":"repeat","background-position":"center center","background-size":"auto","background-attachment":"scroll","background-type":"","background-media":"","overlay-type":"","overlay-color":"","overlay-opacity":"","overlay-gradient":""}},"ast-content-background-meta":{"desktop":{"background-color":"var(--ast-global-color-5)","background-image":"","background-repeat":"repeat","background-position":"center center","background-size":"auto","background-attachment":"scroll","background-type":"","background-media":"","overlay-type":"","overlay-color":"","overlay-opacity":"","overlay-gradient":""},"tablet":{"background-color":"var(--ast-global-color-5)","background-image":"","background-repeat":"repeat","background-position":"center center","background-size":"auto","background-attachment":"scroll","background-type":"","background-media":"","overlay-type":"","overlay-color":"","overlay-opacity":"","overlay-gradient":""},"mobile":{"background-color":"var(--ast-global-color-5)","background-image":"","background-repeat":"repeat","background-position":"center center","background-size":"auto","background-attachment":"scroll","background-type":"","background-media":"","overlay-type":"","overlay-color":"","overlay-opacity":"","overlay-gradient":""}},"footnotes":""},"class_list":["post-3391","page","type-page","status-publish","hentry"],"yoast_head":"<!-- This site is optimized with the Yoast SEO Premium plugin v24.9 (Yoast SEO v26.8) - https:\/\/yoast.com\/product\/yoast-seo-premium-wordpress\/ -->\n<title>PRIVACY POLICY - Yunming Metal - Stainless Steel Manufacturer &amp; Supplier<\/title>\n<meta name=\"robots\" content=\"index, follow, max-snippet:-1, max-image-preview:large, max-video-preview:-1\" \/>\n<link rel=\"canonical\" href=\"https:\/\/yunming-metal.com\/es\/politica-de-privacidad\/\" \/>\n<meta property=\"og:locale\" content=\"es_ES\" \/>\n<meta property=\"og:type\" content=\"article\" \/>\n<meta property=\"og:title\" content=\"PRIVACY POLICY\" \/>\n<meta property=\"og:description\" content=\"Privacy Policy Effective Date:\u00a0March 2024 Yunming Metal (&#8220;we,&#8221; &#8220;our,&#8221; or &#8220;us&#8221;) is committed to protecting your privacy. This Privacy Policy explains how we collect, use, share, and process your personal information, as well as the rights and choices you have regarding your data. This Policy applies to all personal information collected through our website (www.yunming-metal.com), [&hellip;]\" \/>\n<meta property=\"og:url\" content=\"https:\/\/yunming-metal.com\/es\/politica-de-privacidad\/\" \/>\n<meta property=\"og:site_name\" content=\"Yunming Metal - Stainless Steel Manufacturer &amp; Supplier\" \/>\n<meta property=\"article:publisher\" content=\"https:\/\/www.facebook.com\/YunmingMetal\" \/>\n<meta property=\"article:modified_time\" content=\"2025-03-25T09:55:12+00:00\" \/>\n<meta name=\"twitter:card\" content=\"summary_large_image\" \/>\n<meta name=\"twitter:site\" content=\"@fan_yunmimetal\" \/>\n<meta name=\"twitter:label1\" content=\"Tiempo de lectura\" \/>\n\t<meta name=\"twitter:data1\" content=\"2 minutos\" \/>\n<script type=\"application\/ld+json\" class=\"yoast-schema-graph\">{\"@context\":\"https:\/\/schema.org\",\"@graph\":[{\"@type\":\"WebPage\",\"@id\":\"https:\/\/yunming-metal.com\/en\/privacy-policy\/\",\"url\":\"https:\/\/yunming-metal.com\/en\/privacy-policy\/\",\"name\":\"PRIVACY POLICY - Yunming Metal - Stainless Steel Manufacturer &amp; Supplier\",\"isPartOf\":{\"@id\":\"https:\/\/yunming-metal.com\/#website\"},\"datePublished\":\"2025-03-25T09:47:37+00:00\",\"dateModified\":\"2025-03-25T09:55:12+00:00\",\"breadcrumb\":{\"@id\":\"https:\/\/yunming-metal.com\/en\/privacy-policy\/#breadcrumb\"},\"inLanguage\":\"es\",\"potentialAction\":[{\"@type\":\"ReadAction\",\"target\":[\"https:\/\/yunming-metal.com\/en\/privacy-policy\/\"]}]},{\"@type\":\"BreadcrumbList\",\"@id\":\"https:\/\/yunming-metal.com\/en\/privacy-policy\/#breadcrumb\",\"itemListElement\":[{\"@type\":\"ListItem\",\"position\":1,\"name\":\"\u9996\u9875\",\"item\":\"https:\/\/yunming-metal.com\/\"},{\"@type\":\"ListItem\",\"position\":2,\"name\":\"PRIVACY POLICY\"}]},{\"@type\":\"WebSite\",\"@id\":\"https:\/\/yunming-metal.com\/#website\",\"url\":\"https:\/\/yunming-metal.com\/\",\"name\":\"yunming-metal.com\",\"description\":\"High-Quality Stainless Steel Pipes, Plates &amp; Flanges\",\"publisher\":{\"@id\":\"https:\/\/yunming-metal.com\/#organization\"},\"potentialAction\":[{\"@type\":\"SearchAction\",\"target\":{\"@type\":\"EntryPoint\",\"urlTemplate\":\"https:\/\/yunming-metal.com\/?s={search_term_string}\"},\"query-input\":{\"@type\":\"PropertyValueSpecification\",\"valueRequired\":true,\"valueName\":\"search_term_string\"}}],\"inLanguage\":\"es\"},{\"@type\":\"Organization\",\"@id\":\"https:\/\/yunming-metal.com\/#organization\",\"name\":\"Yunming MetalY\",\"alternateName\":\"Yunming Stainless Steel\",\"url\":\"https:\/\/yunming-metal.com\/\",\"logo\":{\"@type\":\"ImageObject\",\"inLanguage\":\"es\",\"@id\":\"https:\/\/yunming-metal.com\/#\/schema\/logo\/image\/\",\"url\":\"https:\/\/yunming-metal.com\/wp-content\/uploads\/2025\/04\/yunming-metal-logo-featuring-a-minimalist-am-design-representing.png\",\"contentUrl\":\"https:\/\/yunming-metal.com\/wp-content\/uploads\/2025\/04\/yunming-metal-logo-featuring-a-minimalist-am-design-representing.png\",\"width\":300,\"height\":300,\"caption\":\"Yunming MetalY\"},\"image\":{\"@id\":\"https:\/\/yunming-metal.com\/#\/schema\/logo\/image\/\"},\"sameAs\":[\"https:\/\/www.facebook.com\/YunmingMetal\",\"https:\/\/x.com\/fan_yunmimetal\",\"https:\/\/www.linkedin.com\/company\/yunming-metal\/\",\"https:\/\/www.instagram.com\/nora_jiang8\/\",\"https:\/\/www.youtube.com\/@yunmingmetal1\",\"https:\/\/www.tiktok.com\/@yunming_metal\"]}]}<\/script>\n<!-- \/ Yoast SEO Premium plugin. -->","yoast_head_json":{"title":"PRIVACY POLICY - Yunming Metal - Stainless Steel Manufacturer &amp; Supplier","robots":{"index":"index","follow":"follow","max-snippet":"max-snippet:-1","max-image-preview":"max-image-preview:large","max-video-preview":"max-video-preview:-1"},"canonical":"https:\/\/yunming-metal.com\/es\/politica-de-privacidad\/","og_locale":"es_ES","og_type":"article","og_title":"PRIVACY POLICY","og_description":"Privacy Policy Effective Date:\u00a0March 2024 Yunming Metal (&#8220;we,&#8221; &#8220;our,&#8221; or &#8220;us&#8221;) is committed to protecting your privacy. This Privacy Policy explains how we collect, use, share, and process your personal information, as well as the rights and choices you have regarding your data. This Policy applies to all personal information collected through our website (www.yunming-metal.com), [&hellip;]","og_url":"https:\/\/yunming-metal.com\/es\/politica-de-privacidad\/","og_site_name":"Yunming Metal - Stainless Steel Manufacturer &amp; Supplier","article_publisher":"https:\/\/www.facebook.com\/YunmingMetal","article_modified_time":"2025-03-25T09:55:12+00:00","twitter_card":"summary_large_image","twitter_site":"@fan_yunmimetal","twitter_misc":{"Tiempo de lectura":"2 minutos"},"schema":{"@context":"https:\/\/schema.org","@graph":[{"@type":"WebPage","@id":"https:\/\/yunming-metal.com\/en\/privacy-policy\/","url":"https:\/\/yunming-metal.com\/en\/privacy-policy\/","name":"PRIVACY POLICY - Yunming Metal - Stainless Steel Manufacturer &amp; Supplier","isPartOf":{"@id":"https:\/\/yunming-metal.com\/#website"},"datePublished":"2025-03-25T09:47:37+00:00","dateModified":"2025-03-25T09:55:12+00:00","breadcrumb":{"@id":"https:\/\/yunming-metal.com\/en\/privacy-policy\/#breadcrumb"},"inLanguage":"es","potentialAction":[{"@type":"ReadAction","target":["https:\/\/yunming-metal.com\/en\/privacy-policy\/"]}]},{"@type":"BreadcrumbList","@id":"https:\/\/yunming-metal.com\/en\/privacy-policy\/#breadcrumb","itemListElement":[{"@type":"ListItem","position":1,"name":"\u9996\u9875","item":"https:\/\/yunming-metal.com\/"},{"@type":"ListItem","position":2,"name":"PRIVACY POLICY"}]},{"@type":"WebSite","@id":"https:\/\/yunming-metal.com\/#website","url":"https:\/\/yunming-metal.com\/","name":"yunming-metal.com","description":"High-Quality Stainless Steel Pipes, Plates &amp; Flanges","publisher":{"@id":"https:\/\/yunming-metal.com\/#organization"},"potentialAction":[{"@type":"SearchAction","target":{"@type":"EntryPoint","urlTemplate":"https:\/\/yunming-metal.com\/?s={search_term_string}"},"query-input":{"@type":"PropertyValueSpecification","valueRequired":true,"valueName":"search_term_string"}}],"inLanguage":"es"},{"@type":"Organization","@id":"https:\/\/yunming-metal.com\/#organization","name":"Yunming MetalY","alternateName":"Yunming Stainless Steel","url":"https:\/\/yunming-metal.com\/","logo":{"@type":"ImageObject","inLanguage":"es","@id":"https:\/\/yunming-metal.com\/#\/schema\/logo\/image\/","url":"https:\/\/yunming-metal.com\/wp-content\/uploads\/2025\/04\/yunming-metal-logo-featuring-a-minimalist-am-design-representing.png","contentUrl":"https:\/\/yunming-metal.com\/wp-content\/uploads\/2025\/04\/yunming-metal-logo-featuring-a-minimalist-am-design-representing.png","width":300,"height":300,"caption":"Yunming MetalY"},"image":{"@id":"https:\/\/yunming-metal.com\/#\/schema\/logo\/image\/"},"sameAs":["https:\/\/www.facebook.com\/YunmingMetal","https:\/\/x.com\/fan_yunmimetal","https:\/\/www.linkedin.com\/company\/yunming-metal\/","https:\/\/www.instagram.com\/nora_jiang8\/","https:\/\/www.youtube.com\/@yunmingmetal1","https:\/\/www.tiktok.com\/@yunming_metal"]}]}},"_links":{"self":[{"href":"https:\/\/yunming-metal.com\/es\/wp-json\/wp\/v2\/pages\/3391","targetHints":{"allow":["GET"]}}],"collection":[{"href":"https:\/\/yunming-metal.com\/es\/wp-json\/wp\/v2\/pages"}],"about":[{"href":"https:\/\/yunming-metal.com\/es\/wp-json\/wp\/v2\/types\/page"}],"author":[{"embeddable":true,"href":"https:\/\/yunming-metal.com\/es\/wp-json\/wp\/v2\/users\/1"}],"replies":[{"embeddable":true,"href":"https:\/\/yunming-metal.com\/es\/wp-json\/wp\/v2\/comments?post=3391"}],"version-history":[{"count":7,"href":"https:\/\/yunming-metal.com\/es\/wp-json\/wp\/v2\/pages\/3391\/revisions"}],"predecessor-version":[{"id":3399,"href":"https:\/\/yunming-metal.com\/es\/wp-json\/wp\/v2\/pages\/3391\/revisions\/3399"}],"wp:attachment":[{"href":"https:\/\/yunming-metal.com\/es\/wp-json\/wp\/v2\/media?parent=3391"}],"curies":[{"name":"wp","href":"https:\/\/api.w.org\/{rel}","templated":true}]}}