{"id":1853,"date":"2024-10-19T16:23:58","date_gmt":"2024-10-19T16:23:58","guid":{"rendered":"https:\/\/yunming-metal.com\/?post_type=product&#038;p=1853"},"modified":"2025-05-05T22:03:13","modified_gmt":"2025-05-05T14:03:13","slug":"stainless-steel-welded-tube","status":"publish","type":"product","link":"https:\/\/yunming-metal.com\/es\/producto\/tubo-soldado-de-acero-inoxidable\/","title":{"rendered":"Tubo soldado de acero inoxidable"},"content":{"rendered":"<h2 class=\"\" data-start=\"447\" data-end=\"468\">Productos<\/h2>\n<p class=\"\" data-start=\"469\" data-end=\"841\">Yunming Metal's <strong data-start=\"485\" data-end=\"517\">Tubos soldados de acero inoxidable<\/strong> se fabrican a partir de flejes o bobinas de acero inoxidable de alta calidad, que ofrecen una excelente resistencia a la corrosi\u00f3n y acabados superficiales lisos.<br data-start=\"654\" data-end=\"657\" \/>Proporcionan un control dimensional preciso, por lo que son ideales para aplicaciones de construcci\u00f3n, automoci\u00f3n e industriales en las que la resistencia, la durabilidad y el aspecto est\u00e9tico son fundamentales.<\/p>\n<h2 class=\"\" data-start=\"843\" data-end=\"860\">Aplicaciones<\/h2>\n<p class=\"\" data-start=\"861\" data-end=\"943\">Nuestros tubos soldados de acero inoxidable se utilizan ampliamente en diversas industrias, entre ellas:<\/p>\n<ul data-start=\"945\" data-end=\"1335\">\n<li class=\"\" data-start=\"945\" data-end=\"1021\">\n<p class=\"\" data-start=\"947\" data-end=\"1021\">Estructuras de construcci\u00f3n, marcos arquitect\u00f3nicos, proyectos de infraestructuras<\/p>\n<\/li>\n<li class=\"\" data-start=\"1022\" data-end=\"1088\">\n<p class=\"\" data-start=\"1024\" data-end=\"1088\">Tubos de escape de autom\u00f3viles, componentes de chasis, sistemas estructurales<\/p>\n<\/li>\n<li class=\"\" data-start=\"1089\" data-end=\"1146\">\n<p class=\"\" data-start=\"1091\" data-end=\"1146\">Intercambiadores de calor, condensadores, sistemas de refrigeraci\u00f3n industrial<\/p>\n<\/li>\n<li class=\"\" data-start=\"1147\" data-end=\"1216\">\n<p class=\"\" data-start=\"1149\" data-end=\"1216\">Tubos de calidad alimentaria, tuber\u00edas sanitarias para el procesado de bebidas y alimentos<\/p>\n<\/li>\n<li class=\"\" data-start=\"1217\" data-end=\"1280\">\n<p class=\"\" data-start=\"1219\" data-end=\"1280\">Tuber\u00edas de plantas qu\u00edmicas, equipos de fabricaci\u00f3n farmac\u00e9utica<\/p>\n<\/li>\n<li class=\"\" data-start=\"1281\" data-end=\"1335\">\n<p class=\"\" data-start=\"1283\" data-end=\"1335\">Marcos de muebles, pasamanos, aplicaciones decorativas<\/p>\n<\/li>\n<\/ul>\n<h2 class=\"\" data-start=\"1337\" data-end=\"1358\">Caracter\u00edsticas del producto<\/h2>\n<ul data-start=\"1359\" data-end=\"1761\">\n<li class=\"\" data-start=\"1359\" data-end=\"1422\">\n<p class=\"\" data-start=\"1361\" data-end=\"1422\">Excelente resistencia a la corrosi\u00f3n en m\u00faltiples entornos<\/p>\n<\/li>\n<li class=\"\" data-start=\"1423\" data-end=\"1485\">\n<p class=\"\" data-start=\"1425\" data-end=\"1485\">Superficies internas y externas lisas para facilitar el mantenimiento<\/p>\n<\/li>\n<li class=\"\" data-start=\"1486\" data-end=\"1542\">\n<p class=\"\" data-start=\"1488\" data-end=\"1542\">Gran precisi\u00f3n dimensional y espesor de pared uniforme<\/p>\n<\/li>\n<li class=\"\" data-start=\"1543\" data-end=\"1626\">\n<p class=\"\" data-start=\"1545\" data-end=\"1626\">Alternativa rentable a los tubos sin soldadura para usos estructurales y decorativos<\/p>\n<\/li>\n<li class=\"\" data-start=\"1627\" data-end=\"1694\">\n<p class=\"\" data-start=\"1629\" data-end=\"1694\">Amplia selecci\u00f3n de calidades, tama\u00f1os y acabados superficiales disponibles<\/p>\n<\/li>\n<li class=\"\" data-start=\"1695\" data-end=\"1761\">\n<p class=\"\" data-start=\"1697\" data-end=\"1761\">Soldabilidad y conformabilidad superiores para una mayor flexibilidad de fabricaci\u00f3n<\/p>\n<\/li>\n<\/ul>\n<h2 class=\"\" data-start=\"1763\" data-end=\"1792\">Especificaciones t\u00e9cnicas<\/h2>\n<table>\n<thead>\n<tr>\n<th>Art\u00edculo<\/th>\n<th>Descripci\u00f3n<\/th>\n<\/tr>\n<\/thead>\n<tbody>\n<tr>\n<td><strong>Grados de material<\/strong><\/td>\n<td>201, 202, 304, 304L, 316, 316L, 321, 430, etc.<\/td>\n<\/tr>\n<tr>\n<td><strong>Di\u00e1metro exterior<\/strong><\/td>\n<td>6mm - 2500mm (<strong>aprox. 1\/4\u2033 - 98-7\/16\u2033<\/strong>) (tama\u00f1os personalizados disponibles)<\/td>\n<\/tr>\n<tr>\n<td><strong>Gama de espesores de pared<\/strong><\/td>\n<td>0,5 mm - 150 mm (<strong>aprox. 1\/64\u2033 - 5-29\/32\u2033.<\/strong>)<\/td>\n<\/tr>\n<tr>\n<td><strong>Longitud<\/strong><\/td>\n<td>6 metros (<strong>aprox. 19\u2032 8\u2033<\/strong>) (est\u00e1ndar) o personalizado<\/td>\n<\/tr>\n<tr>\n<td><strong>Acabado superficial<\/strong><\/td>\n<td>2B, BA, pulido espejo, satinado, rayado, etc.<\/td>\n<\/tr>\n<tr>\n<td><strong>Normas de fabricaci\u00f3n<\/strong><\/td>\n<td>ASTM A249, ASTM A269, ASTM A554, EN 10217, etc.<\/td>\n<\/tr>\n<\/tbody>\n<\/table>\n<h2 class=\"\" data-start=\"2390\" data-end=\"2416\">Proceso de fabricaci\u00f3n<\/h2>\n<p class=\"\" data-start=\"2417\" data-end=\"2570\">Nuestros tubos soldados de acero inoxidable se elaboran mediante un riguroso proceso de producci\u00f3n para garantizar su resistencia, precisi\u00f3n y durabilidad. Los pasos principales incluyen:<\/p>\n<ul data-start=\"2572\" data-end=\"3068\">\n<li class=\"\" data-start=\"2572\" data-end=\"2640\">\n<p class=\"\" data-start=\"2574\" data-end=\"2640\">Corte de bobinas o tiras de acero inoxidable en anchuras adecuadas<\/p>\n<\/li>\n<li class=\"\" data-start=\"2641\" data-end=\"2711\">\n<p class=\"\" data-start=\"2643\" data-end=\"2711\">Conformado de tubos con formas precisas mediante t\u00e9cnicas de conformado avanzadas<\/p>\n<\/li>\n<li class=\"\" data-start=\"2712\" data-end=\"2773\">\n<p class=\"\" data-start=\"2714\" data-end=\"2773\">Soldadura de alta frecuencia o TIG a lo largo de la costura longitudinal<\/p>\n<\/li>\n<li class=\"\" data-start=\"2774\" data-end=\"2854\">\n<p class=\"\" data-start=\"2776\" data-end=\"2854\">Inspecci\u00f3n de costuras y tratamiento t\u00e9rmico opcional para mejorar las propiedades mec\u00e1nicas<\/p>\n<\/li>\n<li class=\"\" data-start=\"2855\" data-end=\"2927\">\n<p class=\"\" data-start=\"2857\" data-end=\"2927\">Procesos de acabado de superficies como pulido, cepillado o decapado<\/p>\n<\/li>\n<li class=\"\" data-start=\"2928\" data-end=\"2993\">\n<p class=\"\" data-start=\"2930\" data-end=\"2993\">Dimensionado final y enderezado para garantizar la precisi\u00f3n dimensional<\/p>\n<\/li>\n<li class=\"\" data-start=\"2994\" data-end=\"3068\">\n<p class=\"\" data-start=\"2996\" data-end=\"3068\">Ensayos no destructivos (END) para garantizar la calidad e integridad del producto<\/p>\n<\/li>\n<\/ul>\n<h2 class=\"\" data-start=\"3070\" data-end=\"3105\">Preguntas m\u00e1s frecuentes (FAQ)<\/h2>\n<p class=\"\" data-start=\"3107\" data-end=\"3397\"><strong data-start=\"3107\" data-end=\"3178\">P1: \u00bfQu\u00e9 diferencia hay entre los tubos soldados y los tubos sin soldadura?<\/strong><br data-start=\"3178\" data-end=\"3181\" \/>A1: Los tubos soldados se forman soldando tiras o bobinas de acero inoxidable, mientras que los tubos sin soldadura se fabrican sin soldar. Los tubos soldados son rentables y adecuados para muchas aplicaciones estructurales y decorativas.<\/p>\n<p class=\"\" data-start=\"3399\" data-end=\"3593\"><strong data-start=\"3399\" data-end=\"3456\">P2: \u00bfPueden suministrar tama\u00f1os personalizados para tubos soldados?<\/strong><br data-start=\"3456\" data-end=\"3459\" \/>A2: S\u00ed, podemos fabricar tubos soldados seg\u00fan sus requisitos espec\u00edficos de di\u00e1metro, espesor de pared, longitud y acabado superficial.<\/p>\n<p class=\"\" data-start=\"3595\" data-end=\"3794\"><strong data-start=\"3595\" data-end=\"3672\">P3: \u00bfQu\u00e9 acabados superficiales hay disponibles para los tubos soldados de acero inoxidable?<\/strong><br data-start=\"3672\" data-end=\"3675\" \/>A3: Los acabados disponibles incluyen 2B, BA, pulido espejo, satinado, rayado y otros, en funci\u00f3n de las necesidades de su aplicaci\u00f3n.<\/p>\n<p class=\"\" data-start=\"3796\" data-end=\"4016\"><strong data-start=\"3796\" data-end=\"3861\">P4: \u00bfSon adecuados los tubos soldados para aplicaciones de alta presi\u00f3n?<\/strong><br data-start=\"3861\" data-end=\"3864\" \/>A4: Los tubos soldados son ideales para aplicaciones estructurales y de media presi\u00f3n. Para el transporte de fluidos a alta presi\u00f3n, se recomiendan generalmente los tubos sin soldadura.<\/p>\n<p class=\"\" data-start=\"4018\" data-end=\"4218\"><strong data-start=\"4018\" data-end=\"4084\">P5: \u00bfQu\u00e9 industrias utilizan habitualmente tubos soldados de acero inoxidable?<\/strong><br data-start=\"4084\" data-end=\"4087\" \/>A5: Se utilizan ampliamente en la construcci\u00f3n, la fabricaci\u00f3n de autom\u00f3viles, el procesamiento qu\u00edmico, la producci\u00f3n de alimentos y la industria del mueble.<\/p>\n<h2 class=\"\" data-start=\"4220\" data-end=\"4246\">\u00bfA\u00fan tiene preguntas?<\/h2>\n<p class=\"\" data-start=\"4247\" data-end=\"4458\">Si desea m\u00e1s informaci\u00f3n sobre nuestro <strong data-start=\"4291\" data-end=\"4323\">Tubos soldados de acero inoxidable<\/strong>por favor <strong data-start=\"4332\" data-end=\"4358\"><a class=\"\" href=\"https:\/\/yunming-metal.com\/es\/pongase-en-contacto-con\/\" rel=\"noopener\" data-start=\"4334\" data-end=\"4356\">Contacte con nosotros<\/a><\/strong>. Nuestro equipo de profesionales est\u00e1 a su disposici\u00f3n para ofrecerle asistencia t\u00e9cnica y soluciones adaptadas a sus necesidades.<\/p>","protected":false},"excerpt":{"rendered":"<p class=\"\" data-start=\"4066\" data-end=\"4345\">Los tubos soldados de acero inoxidable de Yunming Metal se fabrican a partir de flejes o bobinas de acero inoxidable de alta calidad, ofreciendo una excelente resistencia a la corrosi\u00f3n, acabados superficiales lisos y un control dimensional preciso. Adecuado para la construcci\u00f3n, automoci\u00f3n y aplicaciones industriales.<\/p>\n<p>&nbsp;<\/p>","protected":false},"featured_media":4545,"comment_status":"open","ping_status":"closed","template":"","meta":{"site-sidebar-layout":"default","site-content-layout":"","ast-site-content-layout":"default","site-content-style":"default","site-sidebar-style":"default","ast-global-header-display":"","ast-banner-title-visibility":"","ast-main-header-display":"","ast-hfb-above-header-display":"","ast-hfb-below-header-display":"","ast-hfb-mobile-header-display":"","site-post-title":"","ast-breadcrumbs-content":"","ast-featured-img":"","footer-sml-layout":"","theme-transparent-header-meta":"default","adv-header-id-meta":"","stick-header-meta":"","header-above-stick-meta":"","header-main-stick-meta":"","header-below-stick-meta":"","astra-migrate-meta-layouts":"set","ast-page-background-enabled":"default","ast-page-background-meta":{"desktop":{"background-color":"","background-image":"","background-repeat":"repeat","background-position":"center center","background-size":"auto","background-attachment":"scroll","background-type":"","background-media":"","overlay-type":"","overlay-color":"","overlay-opacity":"","overlay-gradient":""},"tablet":{"background-color":"","background-image":"","background-repeat":"repeat","background-position":"center center","background-size":"auto","background-attachment":"scroll","background-type":"","background-media":"","overlay-type":"","overlay-color":"","overlay-opacity":"","overlay-gradient":""},"mobile":{"background-color":"","background-image":"","background-repeat":"repeat","background-position":"center center","background-size":"auto","background-attachment":"scroll","background-type":"","background-media":"","overlay-type":"","overlay-color":"","overlay-opacity":"","overlay-gradient":""}},"ast-content-background-meta":{"desktop":{"background-color":"var(--ast-global-color-5)","background-image":"","background-repeat":"repeat","background-position":"center center","background-size":"auto","background-attachment":"scroll","background-type":"","background-media":"","overlay-type":"","overlay-color":"","overlay-opacity":"","overlay-gradient":""},"tablet":{"background-color":"var(--ast-global-color-5)","background-image":"","background-repeat":"repeat","background-position":"center center","background-size":"auto","background-attachment":"scroll","background-type":"","background-media":"","overlay-type":"","overlay-color":"","overlay-opacity":"","overlay-gradient":""},"mobile":{"background-color":"var(--ast-global-color-5)","background-image":"","background-repeat":"repeat","background-position":"center center","background-size":"auto","background-attachment":"scroll","background-type":"","background-media":"","overlay-type":"","overlay-color":"","overlay-opacity":"","overlay-gradient":""}}},"product_brand":[],"product_cat":[21],"product_tag":[],"class_list":{"0":"post-1853","1":"product","2":"type-product","3":"status-publish","4":"has-post-thumbnail","6":"product_cat-stainless-steel-pipe-tube","7":"desktop-align-left","8":"tablet-align-left","9":"mobile-align-left","11":"first","12":"instock","13":"shipping-taxable","14":"product-type-simple"},"yoast_head":"<!-- This site is optimized with the Yoast SEO Premium plugin v24.9 (Yoast SEO v26.8) - https:\/\/yoast.com\/product\/yoast-seo-premium-wordpress\/ -->\n<title>Stainless Steel Welded Tube | ASTM A249 A269 | Yunming Metal<\/title>\n<meta name=\"description\" content=\"Stainless Steel Welded Tubes by Yunming Metal. 304, 316 grades in stock. Corrosion resistance and precision for construction, automotive, and industry.\" \/>\n<meta name=\"robots\" content=\"index, follow, max-snippet:-1, max-image-preview:large, max-video-preview:-1\" \/>\n<link rel=\"canonical\" href=\"https:\/\/yunming-metal.com\/es\/producto\/tubo-soldado-de-acero-inoxidable\/\" \/>\n<meta property=\"og:locale\" content=\"es_ES\" \/>\n<meta property=\"og:type\" content=\"article\" \/>\n<meta property=\"og:title\" content=\"Stainless Steel Welded Tube\" \/>\n<meta property=\"og:description\" content=\"Stainless Steel Welded Tubes by Yunming Metal. 304, 316 grades in stock. Corrosion resistance and precision for construction, automotive, and industry.\" \/>\n<meta property=\"og:url\" content=\"https:\/\/yunming-metal.com\/es\/producto\/tubo-soldado-de-acero-inoxidable\/\" \/>\n<meta property=\"og:site_name\" content=\"Yunming Metal - Stainless Steel Manufacturer &amp; Supplier\" \/>\n<meta property=\"article:publisher\" content=\"https:\/\/www.facebook.com\/YunmingMetal\" \/>\n<meta property=\"article:modified_time\" content=\"2025-05-05T14:03:13+00:00\" \/>\n<meta property=\"og:image\" content=\"https:\/\/yunming-metal.com\/wp-content\/uploads\/2024\/10\/stainless-steel-welded-tubes-yunming-metal.jpg\" \/>\n\t<meta property=\"og:image:width\" content=\"500\" \/>\n\t<meta property=\"og:image:height\" content=\"500\" \/>\n\t<meta property=\"og:image:type\" content=\"image\/jpeg\" \/>\n<meta name=\"twitter:card\" content=\"summary_large_image\" \/>\n<meta name=\"twitter:site\" content=\"@fan_yunmimetal\" \/>\n<meta name=\"twitter:label1\" content=\"Tiempo de lectura\" \/>\n\t<meta name=\"twitter:data1\" content=\"4 minutos\" \/>\n<script type=\"application\/ld+json\" class=\"yoast-schema-graph\">{\"@context\":\"https:\/\/schema.org\",\"@graph\":[{\"@type\":\"WebPage\",\"@id\":\"https:\/\/yunming-metal.com\/product\/stainless-steel-welded-tube\/\",\"url\":\"https:\/\/yunming-metal.com\/product\/stainless-steel-welded-tube\/\",\"name\":\"Stainless Steel Welded Tube | ASTM A249 A269 | Yunming Metal\",\"isPartOf\":{\"@id\":\"https:\/\/yunming-metal.com\/#website\"},\"primaryImageOfPage\":{\"@id\":\"https:\/\/yunming-metal.com\/product\/stainless-steel-welded-tube\/#primaryimage\"},\"image\":{\"@id\":\"https:\/\/yunming-metal.com\/product\/stainless-steel-welded-tube\/#primaryimage\"},\"thumbnailUrl\":\"https:\/\/yunming-metal.com\/wp-content\/uploads\/2024\/10\/stainless-steel-welded-tubes-yunming-metal.jpg\",\"datePublished\":\"2024-10-19T16:23:58+00:00\",\"dateModified\":\"2025-05-05T14:03:13+00:00\",\"description\":\"Stainless Steel Welded Tubes by Yunming Metal. 304, 316 grades in stock. Corrosion resistance and precision for construction, automotive, and industry.\",\"breadcrumb\":{\"@id\":\"https:\/\/yunming-metal.com\/product\/stainless-steel-welded-tube\/#breadcrumb\"},\"inLanguage\":\"es\",\"potentialAction\":[{\"@type\":\"ReadAction\",\"target\":[\"https:\/\/yunming-metal.com\/product\/stainless-steel-welded-tube\/\"]}]},{\"@type\":\"ImageObject\",\"inLanguage\":\"es\",\"@id\":\"https:\/\/yunming-metal.com\/product\/stainless-steel-welded-tube\/#primaryimage\",\"url\":\"https:\/\/yunming-metal.com\/wp-content\/uploads\/2024\/10\/stainless-steel-welded-tubes-yunming-metal.jpg\",\"contentUrl\":\"https:\/\/yunming-metal.com\/wp-content\/uploads\/2024\/10\/stainless-steel-welded-tubes-yunming-metal.jpg\",\"width\":500,\"height\":500,\"caption\":\"Bulk stainless steel welded tubes in stock\"},{\"@type\":\"BreadcrumbList\",\"@id\":\"https:\/\/yunming-metal.com\/product\/stainless-steel-welded-tube\/#breadcrumb\",\"itemListElement\":[{\"@type\":\"ListItem\",\"position\":1,\"name\":\"\u9996\u9875\",\"item\":\"https:\/\/yunming-metal.com\/\"},{\"@type\":\"ListItem\",\"position\":2,\"name\":\"Products\",\"item\":\"https:\/\/yunming-metal.com\/shop\/\"},{\"@type\":\"ListItem\",\"position\":3,\"name\":\"Stainless Steel Welded Tube\"}]},{\"@type\":\"WebSite\",\"@id\":\"https:\/\/yunming-metal.com\/#website\",\"url\":\"https:\/\/yunming-metal.com\/\",\"name\":\"yunming-metal.com\",\"description\":\"High-Quality Stainless Steel Pipes, Plates &amp; Flanges\",\"publisher\":{\"@id\":\"https:\/\/yunming-metal.com\/#organization\"},\"potentialAction\":[{\"@type\":\"SearchAction\",\"target\":{\"@type\":\"EntryPoint\",\"urlTemplate\":\"https:\/\/yunming-metal.com\/?s={search_term_string}\"},\"query-input\":{\"@type\":\"PropertyValueSpecification\",\"valueRequired\":true,\"valueName\":\"search_term_string\"}}],\"inLanguage\":\"es\"},{\"@type\":\"Organization\",\"@id\":\"https:\/\/yunming-metal.com\/#organization\",\"name\":\"Yunming MetalY\",\"alternateName\":\"Yunming Stainless Steel\",\"url\":\"https:\/\/yunming-metal.com\/\",\"logo\":{\"@type\":\"ImageObject\",\"inLanguage\":\"es\",\"@id\":\"https:\/\/yunming-metal.com\/#\/schema\/logo\/image\/\",\"url\":\"https:\/\/yunming-metal.com\/wp-content\/uploads\/2025\/04\/yunming-metal-logo-featuring-a-minimalist-am-design-representing.png\",\"contentUrl\":\"https:\/\/yunming-metal.com\/wp-content\/uploads\/2025\/04\/yunming-metal-logo-featuring-a-minimalist-am-design-representing.png\",\"width\":300,\"height\":300,\"caption\":\"Yunming MetalY\"},\"image\":{\"@id\":\"https:\/\/yunming-metal.com\/#\/schema\/logo\/image\/\"},\"sameAs\":[\"https:\/\/www.facebook.com\/YunmingMetal\",\"https:\/\/x.com\/fan_yunmimetal\",\"https:\/\/www.linkedin.com\/company\/yunming-metal\/\",\"https:\/\/www.instagram.com\/nora_jiang8\/\",\"https:\/\/www.youtube.com\/@yunmingmetal1\",\"https:\/\/www.tiktok.com\/@yunming_metal\"]}]}<\/script>\n<!-- \/ Yoast SEO Premium plugin. -->","yoast_head_json":{"title":"Stainless Steel Welded Tube | ASTM A249 A269 | Yunming Metal","description":"Stainless Steel Welded Tubes by Yunming Metal. 304, 316 grades in stock. Corrosion resistance and precision for construction, automotive, and industry.","robots":{"index":"index","follow":"follow","max-snippet":"max-snippet:-1","max-image-preview":"max-image-preview:large","max-video-preview":"max-video-preview:-1"},"canonical":"https:\/\/yunming-metal.com\/es\/producto\/tubo-soldado-de-acero-inoxidable\/","og_locale":"es_ES","og_type":"article","og_title":"Stainless Steel Welded Tube","og_description":"Stainless Steel Welded Tubes by Yunming Metal. 304, 316 grades in stock. Corrosion resistance and precision for construction, automotive, and industry.","og_url":"https:\/\/yunming-metal.com\/es\/producto\/tubo-soldado-de-acero-inoxidable\/","og_site_name":"Yunming Metal - Stainless Steel Manufacturer &amp; Supplier","article_publisher":"https:\/\/www.facebook.com\/YunmingMetal","article_modified_time":"2025-05-05T14:03:13+00:00","og_image":[{"width":500,"height":500,"url":"https:\/\/yunming-metal.com\/wp-content\/uploads\/2024\/10\/stainless-steel-welded-tubes-yunming-metal.jpg","type":"image\/jpeg"}],"twitter_card":"summary_large_image","twitter_site":"@fan_yunmimetal","twitter_misc":{"Tiempo de lectura":"4 minutos"},"schema":{"@context":"https:\/\/schema.org","@graph":[{"@type":"WebPage","@id":"https:\/\/yunming-metal.com\/product\/stainless-steel-welded-tube\/","url":"https:\/\/yunming-metal.com\/product\/stainless-steel-welded-tube\/","name":"Stainless Steel Welded Tube | ASTM A249 A269 | Yunming Metal","isPartOf":{"@id":"https:\/\/yunming-metal.com\/#website"},"primaryImageOfPage":{"@id":"https:\/\/yunming-metal.com\/product\/stainless-steel-welded-tube\/#primaryimage"},"image":{"@id":"https:\/\/yunming-metal.com\/product\/stainless-steel-welded-tube\/#primaryimage"},"thumbnailUrl":"https:\/\/yunming-metal.com\/wp-content\/uploads\/2024\/10\/stainless-steel-welded-tubes-yunming-metal.jpg","datePublished":"2024-10-19T16:23:58+00:00","dateModified":"2025-05-05T14:03:13+00:00","description":"Stainless Steel Welded Tubes by Yunming Metal. 304, 316 grades in stock. Corrosion resistance and precision for construction, automotive, and industry.","breadcrumb":{"@id":"https:\/\/yunming-metal.com\/product\/stainless-steel-welded-tube\/#breadcrumb"},"inLanguage":"es","potentialAction":[{"@type":"ReadAction","target":["https:\/\/yunming-metal.com\/product\/stainless-steel-welded-tube\/"]}]},{"@type":"ImageObject","inLanguage":"es","@id":"https:\/\/yunming-metal.com\/product\/stainless-steel-welded-tube\/#primaryimage","url":"https:\/\/yunming-metal.com\/wp-content\/uploads\/2024\/10\/stainless-steel-welded-tubes-yunming-metal.jpg","contentUrl":"https:\/\/yunming-metal.com\/wp-content\/uploads\/2024\/10\/stainless-steel-welded-tubes-yunming-metal.jpg","width":500,"height":500,"caption":"Bulk stainless steel welded tubes in stock"},{"@type":"BreadcrumbList","@id":"https:\/\/yunming-metal.com\/product\/stainless-steel-welded-tube\/#breadcrumb","itemListElement":[{"@type":"ListItem","position":1,"name":"\u9996\u9875","item":"https:\/\/yunming-metal.com\/"},{"@type":"ListItem","position":2,"name":"Products","item":"https:\/\/yunming-metal.com\/shop\/"},{"@type":"ListItem","position":3,"name":"Stainless Steel Welded Tube"}]},{"@type":"WebSite","@id":"https:\/\/yunming-metal.com\/#website","url":"https:\/\/yunming-metal.com\/","name":"yunming-metal.com","description":"High-Quality Stainless Steel Pipes, Plates &amp; Flanges","publisher":{"@id":"https:\/\/yunming-metal.com\/#organization"},"potentialAction":[{"@type":"SearchAction","target":{"@type":"EntryPoint","urlTemplate":"https:\/\/yunming-metal.com\/?s={search_term_string}"},"query-input":{"@type":"PropertyValueSpecification","valueRequired":true,"valueName":"search_term_string"}}],"inLanguage":"es"},{"@type":"Organization","@id":"https:\/\/yunming-metal.com\/#organization","name":"Yunming MetalY","alternateName":"Yunming Stainless Steel","url":"https:\/\/yunming-metal.com\/","logo":{"@type":"ImageObject","inLanguage":"es","@id":"https:\/\/yunming-metal.com\/#\/schema\/logo\/image\/","url":"https:\/\/yunming-metal.com\/wp-content\/uploads\/2025\/04\/yunming-metal-logo-featuring-a-minimalist-am-design-representing.png","contentUrl":"https:\/\/yunming-metal.com\/wp-content\/uploads\/2025\/04\/yunming-metal-logo-featuring-a-minimalist-am-design-representing.png","width":300,"height":300,"caption":"Yunming MetalY"},"image":{"@id":"https:\/\/yunming-metal.com\/#\/schema\/logo\/image\/"},"sameAs":["https:\/\/www.facebook.com\/YunmingMetal","https:\/\/x.com\/fan_yunmimetal","https:\/\/www.linkedin.com\/company\/yunming-metal\/","https:\/\/www.instagram.com\/nora_jiang8\/","https:\/\/www.youtube.com\/@yunmingmetal1","https:\/\/www.tiktok.com\/@yunming_metal"]}]}},"_links":{"self":[{"href":"https:\/\/yunming-metal.com\/es\/wp-json\/wp\/v2\/product\/1853","targetHints":{"allow":["GET"]}}],"collection":[{"href":"https:\/\/yunming-metal.com\/es\/wp-json\/wp\/v2\/product"}],"about":[{"href":"https:\/\/yunming-metal.com\/es\/wp-json\/wp\/v2\/types\/product"}],"replies":[{"embeddable":true,"href":"https:\/\/yunming-metal.com\/es\/wp-json\/wp\/v2\/comments?post=1853"}],"wp:featuredmedia":[{"embeddable":true,"href":"https:\/\/yunming-metal.com\/es\/wp-json\/wp\/v2\/media\/4545"}],"wp:attachment":[{"href":"https:\/\/yunming-metal.com\/es\/wp-json\/wp\/v2\/media?parent=1853"}],"wp:term":[{"taxonomy":"product_brand","embeddable":true,"href":"https:\/\/yunming-metal.com\/es\/wp-json\/wp\/v2\/product_brand?post=1853"},{"taxonomy":"product_cat","embeddable":true,"href":"https:\/\/yunming-metal.com\/es\/wp-json\/wp\/v2\/product_cat?post=1853"},{"taxonomy":"product_tag","embeddable":true,"href":"https:\/\/yunming-metal.com\/es\/wp-json\/wp\/v2\/product_tag?post=1853"}],"curies":[{"name":"wp","href":"https:\/\/api.w.org\/{rel}","templated":true}]}}