{"id":1879,"date":"2024-10-20T08:17:02","date_gmt":"2024-10-20T08:17:02","guid":{"rendered":"https:\/\/yunming-metal.com\/?post_type=product&#038;p=1879"},"modified":"2026-04-01T21:48:51","modified_gmt":"2026-04-01T13:48:51","slug":"stainless-steel-coil-tube","status":"publish","type":"product","link":"https:\/\/yunming-metal.com\/es\/producto\/tubo-de-bobina-de-acero-inoxidable\/","title":{"rendered":"Tubo en bobina de acero inoxidable"},"content":{"rendered":"<h3 data-section-id=\"bqa8y9\" data-start=\"32\" data-end=\"57\">Tubos en bobina de acero inoxidable para petr\u00f3leo, gas y aplicaciones marinas<\/h3>\n<h3 data-section-id=\"bqa8y9\" data-start=\"32\" data-end=\"57\">1. Descripci\u00f3n general del producto<\/h3>\n<p data-start=\"58\" data-end=\"416\">El tubo en bobina de acero inoxidable es una soluci\u00f3n de tubo de longitud continua dise\u00f1ada para aplicaciones que requieren <strong data-start=\"159\" data-end=\"246\">v\u00edas de flujo largas y sin juntas, alta resistencia a la corrosi\u00f3n y puntos de conexi\u00f3n reducidos<\/strong>. Suministrado en forma de espiral, minimiza las juntas de soldadura y los riesgos de fugas, por lo que es ideal para <strong data-start=\"340\" data-end=\"413\">conductos de inyecci\u00f3n de productos qu\u00edmicos, sistemas hidr\u00e1ulicos y serpentines de intercambiadores de calor<\/strong>.<\/p>\n<p data-start=\"418\" data-end=\"749\">Ampliamente utilizado en industrias como <strong data-start=\"452\" data-end=\"528\">petr\u00f3leo y gas, ingenier\u00eda naval, procesamiento qu\u00edmico y generaci\u00f3n de energ\u00eda<\/strong>Los tubos en espiral funcionan de forma fiable en <strong data-start=\"563\" data-end=\"641\">entornos de agua de mar, plataformas marinas y sistemas de fluidos a alta presi\u00f3n<\/strong>. Su flexibilidad y longitud prolongada permiten una instalaci\u00f3n eficaz en espacios reducidos y dise\u00f1os complejos.<\/p>\n<p data-start=\"751\" data-end=\"1090\">Fabricados mediante estirado en fr\u00edo de precisi\u00f3n y procesos de bobinado controlados, los tubos en espiral de acero inoxidable ofrecen espesores de pared uniformes, superficies internas lisas y una excelente resistencia mec\u00e1nica. Tanto para umbilicales submarinos como para intercambiadores de calor compactos, ofrecen una soluci\u00f3n duradera y rentable para el transporte continuo de fluidos.<\/p>\n<hr data-start=\"1092\" data-end=\"1095\" \/>\n<h3 data-section-id=\"woe1t0\" data-start=\"1097\" data-end=\"1123\">2. \u00c1reas de aplicaci\u00f3n<\/h3>\n<ul data-start=\"1125\" data-end=\"1804\">\n<li data-section-id=\"ba3uc\" data-start=\"1125\" data-end=\"1240\"><strong data-start=\"1127\" data-end=\"1165\">L\u00edneas de inyecci\u00f3n de productos qu\u00edmicos para petr\u00f3leo y gas<\/strong><br data-start=\"1165\" data-end=\"1168\" \/>Se utiliza para la inyecci\u00f3n qu\u00edmica continua en pozos marinos y terrestres<\/li>\n<li data-section-id=\"120w67a\" data-start=\"1242\" data-end=\"1369\"><strong data-start=\"1244\" data-end=\"1283\">Umbilicales submarinos y sistemas de control<\/strong><br data-start=\"1283\" data-end=\"1286\" \/>Ideal para la transmisi\u00f3n de fluidos y se\u00f1ales a larga distancia en aguas profundas<\/li>\n<li data-section-id=\"18c80t4\" data-start=\"1371\" data-end=\"1479\"><strong data-start=\"1373\" data-end=\"1402\">Sistemas marinos y de agua de mar<\/strong><br data-start=\"1402\" data-end=\"1405\" \/>Aplicado en plantas desalinizadoras y tuber\u00edas marinas expuestas al agua de mar<\/li>\n<li data-section-id=\"pc9q5q\" data-start=\"1481\" data-end=\"1576\"><strong data-start=\"1483\" data-end=\"1507\">Intercambiadores de calor<\/strong><br data-start=\"1507\" data-end=\"1510\" \/>Se utiliza en intercambiadores de calor compactos para una transferencia t\u00e9rmica eficaz<\/li>\n<li data-section-id=\"5t0qvk\" data-start=\"1578\" data-end=\"1694\"><strong data-start=\"1580\" data-end=\"1619\">Sistemas hidr\u00e1ulicos y de instrumentaci\u00f3n<\/strong><br data-start=\"1619\" data-end=\"1622\" \/>Adecuado para el transporte de fluidos a alta presi\u00f3n con un riesgo m\u00ednimo de fugas<\/li>\n<li data-section-id=\"cli107\" data-start=\"1696\" data-end=\"1804\"><strong data-start=\"1698\" data-end=\"1728\">Plantas de procesamiento qu\u00edmico<\/strong><br data-start=\"1728\" data-end=\"1731\" \/>Se utiliza en entornos corrosivos para el suministro seguro y continuo de fluidos<\/li>\n<\/ul>\n<hr data-start=\"1806\" data-end=\"1809\" \/>\n<h3 data-section-id=\"4u3kt3\" data-start=\"1811\" data-end=\"1836\">3. Caracter\u00edsticas del producto<\/h3>\n<ul data-start=\"1838\" data-end=\"2249\">\n<li data-section-id=\"523f72\" data-start=\"1838\" data-end=\"1904\">La longitud continua reduce <strong data-start=\"1866\" data-end=\"1902\">juntas de soldadura y riesgos de fugas<\/strong><\/li>\n<li data-section-id=\"w3pplx\" data-start=\"1905\" data-end=\"1979\">Excelente <strong data-start=\"1917\" data-end=\"1941\">resistencia a la corrosi\u00f3n<\/strong> en entornos marinos y qu\u00edmicos<\/li>\n<li data-section-id=\"geskxv\" data-start=\"1980\" data-end=\"2045\">Gran flexibilidad para <strong data-start=\"2003\" data-end=\"2043\">f\u00e1cil instalaci\u00f3n en sistemas complejos<\/strong><\/li>\n<li data-section-id=\"1mcnkqi\" data-start=\"2046\" data-end=\"2102\">Superficie interna lisa para <strong data-start=\"2076\" data-end=\"2100\">flujo eficaz de los fluidos<\/strong><\/li>\n<li data-section-id=\"1bpww7i\" data-start=\"2103\" data-end=\"2148\">Alta <strong data-start=\"2110\" data-end=\"2146\">fuerza y resistencia a la presi\u00f3n<\/strong><\/li>\n<li data-section-id=\"19tscl7\" data-start=\"2149\" data-end=\"2190\">Di\u00e1metro y longitud de bobina personalizables<\/li>\n<li data-section-id=\"1l00w7p\" data-start=\"2191\" data-end=\"2249\">Adecuado para <strong data-start=\"2206\" data-end=\"2247\">aplicaciones submarinas y de alta presi\u00f3n<\/strong><\/li>\n<\/ul>\n<hr data-start=\"2251\" data-end=\"2254\" \/>\n<h3 data-section-id=\"7mzv1d\" data-start=\"2256\" data-end=\"2289\">4. 4. Especificaciones t\u00e9cnicas<\/h3>\n<div class=\"TyagGW_tableContainer\">\n<div class=\"group TyagGW_tableWrapper flex flex-col-reverse w-fit\" tabindex=\"-1\">\n<table class=\"w-fit min-w-(--thread-content-width)\" data-start=\"2291\" data-end=\"2649\">\n<thead data-start=\"2291\" data-end=\"2312\">\n<tr data-start=\"2291\" data-end=\"2312\">\n<th class=\"\" data-start=\"2291\" data-end=\"2303\" data-col-size=\"sm\">Par\u00e1metro<\/th>\n<th class=\"\" data-start=\"2303\" data-end=\"2312\" data-col-size=\"md\">Gama<\/th>\n<\/tr>\n<\/thead>\n<tbody data-start=\"2333\" data-end=\"2649\">\n<tr data-start=\"2333\" data-end=\"2391\">\n<td data-start=\"2333\" data-end=\"2359\" data-col-size=\"sm\"><strong data-start=\"2335\" data-end=\"2358\">Di\u00e1metro exterior (OD)<\/strong><\/td>\n<td data-col-size=\"md\" data-start=\"2359\" data-end=\"2391\">3 mm - 25,4 mm (\u2248 1\/8\u2033 - 1\u2033)<\/td>\n<\/tr>\n<tr data-start=\"2392\" data-end=\"2452\">\n<td data-start=\"2392\" data-end=\"2418\" data-col-size=\"sm\"><strong data-start=\"2394\" data-end=\"2417\">Espesor de pared (WT)<\/strong><\/td>\n<td data-col-size=\"md\" data-start=\"2418\" data-end=\"2452\">0,5 mm - 3 mm (\u2248 0,02\u2033 - 1\/8\u2033)<\/td>\n<\/tr>\n<tr data-start=\"2453\" data-end=\"2518\">\n<td data-start=\"2453\" data-end=\"2471\" data-col-size=\"sm\"><strong data-start=\"2455\" data-end=\"2470\">Longitud de la bobina<\/strong><\/td>\n<td data-col-size=\"md\" data-start=\"2471\" data-end=\"2518\">Hasta 3000 m (\u2248 9.800 pies) de longitud continua<\/td>\n<\/tr>\n<tr data-start=\"2519\" data-end=\"2583\">\n<td data-start=\"2519\" data-end=\"2535\" data-col-size=\"sm\"><strong data-start=\"2521\" data-end=\"2534\">Normas<\/strong><\/td>\n<td data-col-size=\"md\" data-start=\"2535\" data-end=\"2583\">ASTM A213 \/ A269 \/ A312, ASME SA213, EN, JIS<\/td>\n<\/tr>\n<tr data-start=\"2584\" data-end=\"2649\">\n<td data-start=\"2584\" data-end=\"2597\" data-col-size=\"sm\"><strong data-start=\"2586\" data-end=\"2596\">Grados<\/strong><\/td>\n<td data-col-size=\"md\" data-start=\"2597\" data-end=\"2649\">304 \/ 304L \/ 316 \/ 316L \/ 321 \/ Monel 400 \/ K500<\/td>\n<\/tr>\n<\/tbody>\n<\/table>\n<\/div>\n<\/div>\n<hr data-start=\"2651\" data-end=\"2654\" \/>\n<h3 data-section-id=\"1l9px3q\" data-start=\"2656\" data-end=\"2686\">5. 5. Proceso de fabricaci\u00f3n<\/h3>\n<p data-start=\"2688\" data-end=\"2907\">Fundici\u00f3n (EAF\/VOD) \u2192 Preparaci\u00f3n de palanquillas \u2192 Conformado de tubos (sin soldadura\/soldados) \u2192 Trefilado en fr\u00edo \u2192 Recocido por disoluci\u00f3n \u2192 Enrollado continuo \u2192 Acabado de superficies \u2192 Ensayos no destructivos (END) \u2192 Inspecci\u00f3n dimensional \u2192 Embalaje.<\/p>\n<p data-start=\"2909\" data-end=\"3032\">Cada bobina se produce bajo un estricto control para garantizar la coherencia, la flexibilidad y el cumplimiento de las normas internacionales.<\/p>\n<hr data-start=\"3034\" data-end=\"3037\" \/>\n<h3 data-section-id=\"d1kaa0\" data-start=\"3039\" data-end=\"3051\">6. FAQ<\/h3>\n<p data-start=\"3053\" data-end=\"3206\"><strong data-start=\"3053\" data-end=\"3109\">P1: \u00bfCu\u00e1l es su MOQ para los tubos de acero inoxidable en bobina?<\/strong><br data-start=\"3109\" data-end=\"3112\" \/>R: El MOQ est\u00e1ndar es de unos 500 kg, pero podemos admitir cantidades menores para pruebas de proyectos.<\/p>\n<p data-start=\"3208\" data-end=\"3350\"><strong data-start=\"3208\" data-end=\"3269\">P2: \u00bfCu\u00e1l es la longitud m\u00e1xima continua que pueden suministrar?<\/strong><br data-start=\"3269\" data-end=\"3272\" \/>R: Podemos suministrar longitudes de bobina de hasta 3000 metros en funci\u00f3n del tama\u00f1o y la calidad.<\/p>\n<p data-start=\"3352\" data-end=\"3463\"><strong data-start=\"3352\" data-end=\"3387\">P3: \u00bfCu\u00e1l es su plazo de entrega?<\/strong><br data-start=\"3387\" data-end=\"3390\" \/>R: Normalmente entre 20 y 40 d\u00edas, seg\u00fan las especificaciones y la cantidad del pedido.<\/p>\n<p data-start=\"3465\" data-end=\"3626\"><strong data-start=\"3465\" data-end=\"3525\">P4: \u00bfSon aptos estos tubos para uso submarino o en alta mar?<\/strong><br data-start=\"3525\" data-end=\"3528\" \/>R: S\u00ed, especialmente con las aleaciones 316L y Monel, que ofrecen una excelente resistencia a la corrosi\u00f3n en agua de mar.<\/p>\n<p data-start=\"3628\" data-end=\"3790\"><strong data-start=\"3628\" data-end=\"3688\">P5: \u00bfProporcionan informes de certificaci\u00f3n e inspecci\u00f3n?<\/strong><br data-start=\"3688\" data-end=\"3691\" \/>R: S\u00ed, disponemos de certificados EN 10204 3.1 \/ 3.2 e inspecciones de terceros (SGS, BV, TUV).<\/p>\n<hr data-start=\"3792\" data-end=\"3795\" \/>\n<h3 data-section-id=\"vbafzw\" data-start=\"3797\" data-end=\"3816\">7. Conclusi\u00f3n<\/h3>\n<p data-start=\"3818\" data-end=\"3999\">\u00bfBusca tubos de bobina de acero inoxidable fiables para sistemas marinos, industriales o de alta mar?<a href=\"https:\/\/yunming-metal.com\/es\/pongase-en-contacto-con\/\"> P\u00f3ngase en contacto con nosotros<\/a> para soluciones personalizadas, calidad constante y entrega r\u00e1pida en todo el mundo.<\/p>","protected":false},"excerpt":{"rendered":"<p class=\"\" data-start=\"2047\" data-end=\"2235\">Los tubos en espiral de acero inoxidable de Yunming Metal proporcionan una longitud continua, una excelente resistencia a la corrosi\u00f3n y un rendimiento de alta presi\u00f3n. Ideal para l\u00edneas de inyecci\u00f3n de petr\u00f3leo y gas, sistemas marinos e intercambiadores de calor, ofreciendo una calidad fiable y una personalizaci\u00f3n flexible.<\/p>","protected":false},"featured_media":4607,"comment_status":"open","ping_status":"closed","template":"","meta":{"site-sidebar-layout":"default","site-content-layout":"","ast-site-content-layout":"default","site-content-style":"default","site-sidebar-style":"default","ast-global-header-display":"","ast-banner-title-visibility":"","ast-main-header-display":"","ast-hfb-above-header-display":"","ast-hfb-below-header-display":"","ast-hfb-mobile-header-display":"","site-post-title":"","ast-breadcrumbs-content":"","ast-featured-img":"","footer-sml-layout":"","theme-transparent-header-meta":"default","adv-header-id-meta":"","stick-header-meta":"","header-above-stick-meta":"","header-main-stick-meta":"","header-below-stick-meta":"","astra-migrate-meta-layouts":"set","ast-page-background-enabled":"default","ast-page-background-meta":{"desktop":{"background-color":"","background-image":"","background-repeat":"repeat","background-position":"center center","background-size":"auto","background-attachment":"scroll","background-type":"","background-media":"","overlay-type":"","overlay-color":"","overlay-opacity":"","overlay-gradient":""},"tablet":{"background-color":"","background-image":"","background-repeat":"repeat","background-position":"center center","background-size":"auto","background-attachment":"scroll","background-type":"","background-media":"","overlay-type":"","overlay-color":"","overlay-opacity":"","overlay-gradient":""},"mobile":{"background-color":"","background-image":"","background-repeat":"repeat","background-position":"center center","background-size":"auto","background-attachment":"scroll","background-type":"","background-media":"","overlay-type":"","overlay-color":"","overlay-opacity":"","overlay-gradient":""}},"ast-content-background-meta":{"desktop":{"background-color":"var(--ast-global-color-5)","background-image":"","background-repeat":"repeat","background-position":"center center","background-size":"auto","background-attachment":"scroll","background-type":"","background-media":"","overlay-type":"","overlay-color":"","overlay-opacity":"","overlay-gradient":""},"tablet":{"background-color":"var(--ast-global-color-5)","background-image":"","background-repeat":"repeat","background-position":"center center","background-size":"auto","background-attachment":"scroll","background-type":"","background-media":"","overlay-type":"","overlay-color":"","overlay-opacity":"","overlay-gradient":""},"mobile":{"background-color":"var(--ast-global-color-5)","background-image":"","background-repeat":"repeat","background-position":"center center","background-size":"auto","background-attachment":"scroll","background-type":"","background-media":"","overlay-type":"","overlay-color":"","overlay-opacity":"","overlay-gradient":""}}},"product_brand":[],"product_cat":[21],"product_tag":[],"class_list":{"0":"post-1879","1":"product","2":"type-product","3":"status-publish","4":"has-post-thumbnail","6":"product_cat-stainless-steel-pipe-tube","7":"desktop-align-left","8":"tablet-align-left","9":"mobile-align-left","11":"first","12":"instock","13":"shipping-taxable","14":"product-type-simple"},"yoast_head":"<!-- This site is optimized with the Yoast SEO Premium plugin v24.9 (Yoast SEO v26.8) - https:\/\/yoast.com\/product\/yoast-seo-premium-wordpress\/ -->\n<title>Stainless Steel Coil Tubing | Seamless &amp; Welded Supplier<\/title>\n<meta name=\"description\" content=\"Durable stainless steel coil tubes for oil &amp; gas, marine, and heat exchanger systems. Long length, corrosion resistance, and custom solutions.\" \/>\n<meta name=\"robots\" content=\"index, follow, max-snippet:-1, max-image-preview:large, max-video-preview:-1\" \/>\n<link rel=\"canonical\" href=\"https:\/\/yunming-metal.com\/es\/producto\/tubo-de-bobina-de-acero-inoxidable\/\" \/>\n<meta property=\"og:locale\" content=\"es_ES\" \/>\n<meta property=\"og:type\" content=\"article\" \/>\n<meta property=\"og:title\" content=\"Stainless Steel Coil Tube\" \/>\n<meta property=\"og:description\" content=\"Durable stainless steel coil tubes for oil &amp; gas, marine, and heat exchanger systems. Long length, corrosion resistance, and custom solutions.\" \/>\n<meta property=\"og:url\" content=\"https:\/\/yunming-metal.com\/es\/producto\/tubo-de-bobina-de-acero-inoxidable\/\" \/>\n<meta property=\"og:site_name\" content=\"Yunming Metal - Stainless Steel Manufacturer &amp; Supplier\" \/>\n<meta property=\"article:publisher\" content=\"https:\/\/www.facebook.com\/YunmingMetal\" \/>\n<meta property=\"article:modified_time\" content=\"2026-04-01T13:48:51+00:00\" \/>\n<meta property=\"og:image\" content=\"https:\/\/yunming-metal.com\/wp-content\/uploads\/2024\/10\/stainless-steel-coil-tubing-roll-corrosion-resistant-flexibl.jpg\" \/>\n\t<meta property=\"og:image:width\" content=\"472\" \/>\n\t<meta property=\"og:image:height\" content=\"472\" \/>\n\t<meta property=\"og:image:type\" content=\"image\/jpeg\" \/>\n<meta name=\"twitter:card\" content=\"summary_large_image\" \/>\n<meta name=\"twitter:site\" content=\"@fan_yunmimetal\" \/>\n<meta name=\"twitter:label1\" content=\"Tiempo de lectura\" \/>\n\t<meta name=\"twitter:data1\" content=\"4 minutos\" \/>\n<script type=\"application\/ld+json\" class=\"yoast-schema-graph\">{\"@context\":\"https:\/\/schema.org\",\"@graph\":[{\"@type\":\"WebPage\",\"@id\":\"https:\/\/yunming-metal.com\/product\/stainless-steel-coil-tube\/\",\"url\":\"https:\/\/yunming-metal.com\/product\/stainless-steel-coil-tube\/\",\"name\":\"Stainless Steel Coil Tubing | Seamless & Welded Supplier\",\"isPartOf\":{\"@id\":\"https:\/\/yunming-metal.com\/#website\"},\"primaryImageOfPage\":{\"@id\":\"https:\/\/yunming-metal.com\/product\/stainless-steel-coil-tube\/#primaryimage\"},\"image\":{\"@id\":\"https:\/\/yunming-metal.com\/product\/stainless-steel-coil-tube\/#primaryimage\"},\"thumbnailUrl\":\"https:\/\/yunming-metal.com\/wp-content\/uploads\/2024\/10\/stainless-steel-coil-tubing-roll-corrosion-resistant-flexibl.jpg\",\"datePublished\":\"2024-10-20T08:17:02+00:00\",\"dateModified\":\"2026-04-01T13:48:51+00:00\",\"description\":\"Durable stainless steel coil tubes for oil & gas, marine, and heat exchanger systems. Long length, corrosion resistance, and custom solutions.\",\"breadcrumb\":{\"@id\":\"https:\/\/yunming-metal.com\/product\/stainless-steel-coil-tube\/#breadcrumb\"},\"inLanguage\":\"es\",\"potentialAction\":[{\"@type\":\"ReadAction\",\"target\":[\"https:\/\/yunming-metal.com\/product\/stainless-steel-coil-tube\/\"]}]},{\"@type\":\"ImageObject\",\"inLanguage\":\"es\",\"@id\":\"https:\/\/yunming-metal.com\/product\/stainless-steel-coil-tube\/#primaryimage\",\"url\":\"https:\/\/yunming-metal.com\/wp-content\/uploads\/2024\/10\/stainless-steel-coil-tubing-roll-corrosion-resistant-flexibl.jpg\",\"contentUrl\":\"https:\/\/yunming-metal.com\/wp-content\/uploads\/2024\/10\/stainless-steel-coil-tubing-roll-corrosion-resistant-flexibl.jpg\",\"width\":472,\"height\":472,\"caption\":\"Flexible stainless steel coil tubing with protective end caps\"},{\"@type\":\"BreadcrumbList\",\"@id\":\"https:\/\/yunming-metal.com\/product\/stainless-steel-coil-tube\/#breadcrumb\",\"itemListElement\":[{\"@type\":\"ListItem\",\"position\":1,\"name\":\"\u9996\u9875\",\"item\":\"https:\/\/yunming-metal.com\/\"},{\"@type\":\"ListItem\",\"position\":2,\"name\":\"Products\",\"item\":\"https:\/\/yunming-metal.com\/shop\/\"},{\"@type\":\"ListItem\",\"position\":3,\"name\":\"Stainless Steel Coil Tube\"}]},{\"@type\":\"WebSite\",\"@id\":\"https:\/\/yunming-metal.com\/#website\",\"url\":\"https:\/\/yunming-metal.com\/\",\"name\":\"yunming-metal.com\",\"description\":\"High-Quality Stainless Steel Pipes, Plates &amp; Flanges\",\"publisher\":{\"@id\":\"https:\/\/yunming-metal.com\/#organization\"},\"potentialAction\":[{\"@type\":\"SearchAction\",\"target\":{\"@type\":\"EntryPoint\",\"urlTemplate\":\"https:\/\/yunming-metal.com\/?s={search_term_string}\"},\"query-input\":{\"@type\":\"PropertyValueSpecification\",\"valueRequired\":true,\"valueName\":\"search_term_string\"}}],\"inLanguage\":\"es\"},{\"@type\":\"Organization\",\"@id\":\"https:\/\/yunming-metal.com\/#organization\",\"name\":\"Yunming MetalY\",\"alternateName\":\"Yunming Stainless Steel\",\"url\":\"https:\/\/yunming-metal.com\/\",\"logo\":{\"@type\":\"ImageObject\",\"inLanguage\":\"es\",\"@id\":\"https:\/\/yunming-metal.com\/#\/schema\/logo\/image\/\",\"url\":\"https:\/\/yunming-metal.com\/wp-content\/uploads\/2025\/04\/yunming-metal-logo-featuring-a-minimalist-am-design-representing.png\",\"contentUrl\":\"https:\/\/yunming-metal.com\/wp-content\/uploads\/2025\/04\/yunming-metal-logo-featuring-a-minimalist-am-design-representing.png\",\"width\":300,\"height\":300,\"caption\":\"Yunming MetalY\"},\"image\":{\"@id\":\"https:\/\/yunming-metal.com\/#\/schema\/logo\/image\/\"},\"sameAs\":[\"https:\/\/www.facebook.com\/YunmingMetal\",\"https:\/\/x.com\/fan_yunmimetal\",\"https:\/\/www.linkedin.com\/company\/yunming-metal\/\",\"https:\/\/www.instagram.com\/nora_jiang8\/\",\"https:\/\/www.youtube.com\/@yunmingmetal1\",\"https:\/\/www.tiktok.com\/@yunming_metal\"]}]}<\/script>\n<!-- \/ Yoast SEO Premium plugin. -->","yoast_head_json":{"title":"Stainless Steel Coil Tubing | Seamless & Welded Supplier","description":"Durable stainless steel coil tubes for oil & gas, marine, and heat exchanger systems. Long length, corrosion resistance, and custom solutions.","robots":{"index":"index","follow":"follow","max-snippet":"max-snippet:-1","max-image-preview":"max-image-preview:large","max-video-preview":"max-video-preview:-1"},"canonical":"https:\/\/yunming-metal.com\/es\/producto\/tubo-de-bobina-de-acero-inoxidable\/","og_locale":"es_ES","og_type":"article","og_title":"Stainless Steel Coil Tube","og_description":"Durable stainless steel coil tubes for oil & gas, marine, and heat exchanger systems. Long length, corrosion resistance, and custom solutions.","og_url":"https:\/\/yunming-metal.com\/es\/producto\/tubo-de-bobina-de-acero-inoxidable\/","og_site_name":"Yunming Metal - Stainless Steel Manufacturer &amp; Supplier","article_publisher":"https:\/\/www.facebook.com\/YunmingMetal","article_modified_time":"2026-04-01T13:48:51+00:00","og_image":[{"width":472,"height":472,"url":"https:\/\/yunming-metal.com\/wp-content\/uploads\/2024\/10\/stainless-steel-coil-tubing-roll-corrosion-resistant-flexibl.jpg","type":"image\/jpeg"}],"twitter_card":"summary_large_image","twitter_site":"@fan_yunmimetal","twitter_misc":{"Tiempo de lectura":"4 minutos"},"schema":{"@context":"https:\/\/schema.org","@graph":[{"@type":"WebPage","@id":"https:\/\/yunming-metal.com\/product\/stainless-steel-coil-tube\/","url":"https:\/\/yunming-metal.com\/product\/stainless-steel-coil-tube\/","name":"Stainless Steel Coil Tubing | Seamless & Welded Supplier","isPartOf":{"@id":"https:\/\/yunming-metal.com\/#website"},"primaryImageOfPage":{"@id":"https:\/\/yunming-metal.com\/product\/stainless-steel-coil-tube\/#primaryimage"},"image":{"@id":"https:\/\/yunming-metal.com\/product\/stainless-steel-coil-tube\/#primaryimage"},"thumbnailUrl":"https:\/\/yunming-metal.com\/wp-content\/uploads\/2024\/10\/stainless-steel-coil-tubing-roll-corrosion-resistant-flexibl.jpg","datePublished":"2024-10-20T08:17:02+00:00","dateModified":"2026-04-01T13:48:51+00:00","description":"Durable stainless steel coil tubes for oil & gas, marine, and heat exchanger systems. Long length, corrosion resistance, and custom solutions.","breadcrumb":{"@id":"https:\/\/yunming-metal.com\/product\/stainless-steel-coil-tube\/#breadcrumb"},"inLanguage":"es","potentialAction":[{"@type":"ReadAction","target":["https:\/\/yunming-metal.com\/product\/stainless-steel-coil-tube\/"]}]},{"@type":"ImageObject","inLanguage":"es","@id":"https:\/\/yunming-metal.com\/product\/stainless-steel-coil-tube\/#primaryimage","url":"https:\/\/yunming-metal.com\/wp-content\/uploads\/2024\/10\/stainless-steel-coil-tubing-roll-corrosion-resistant-flexibl.jpg","contentUrl":"https:\/\/yunming-metal.com\/wp-content\/uploads\/2024\/10\/stainless-steel-coil-tubing-roll-corrosion-resistant-flexibl.jpg","width":472,"height":472,"caption":"Flexible stainless steel coil tubing with protective end caps"},{"@type":"BreadcrumbList","@id":"https:\/\/yunming-metal.com\/product\/stainless-steel-coil-tube\/#breadcrumb","itemListElement":[{"@type":"ListItem","position":1,"name":"\u9996\u9875","item":"https:\/\/yunming-metal.com\/"},{"@type":"ListItem","position":2,"name":"Products","item":"https:\/\/yunming-metal.com\/shop\/"},{"@type":"ListItem","position":3,"name":"Stainless Steel Coil Tube"}]},{"@type":"WebSite","@id":"https:\/\/yunming-metal.com\/#website","url":"https:\/\/yunming-metal.com\/","name":"yunming-metal.com","description":"High-Quality Stainless Steel Pipes, Plates &amp; Flanges","publisher":{"@id":"https:\/\/yunming-metal.com\/#organization"},"potentialAction":[{"@type":"SearchAction","target":{"@type":"EntryPoint","urlTemplate":"https:\/\/yunming-metal.com\/?s={search_term_string}"},"query-input":{"@type":"PropertyValueSpecification","valueRequired":true,"valueName":"search_term_string"}}],"inLanguage":"es"},{"@type":"Organization","@id":"https:\/\/yunming-metal.com\/#organization","name":"Yunming MetalY","alternateName":"Yunming Stainless Steel","url":"https:\/\/yunming-metal.com\/","logo":{"@type":"ImageObject","inLanguage":"es","@id":"https:\/\/yunming-metal.com\/#\/schema\/logo\/image\/","url":"https:\/\/yunming-metal.com\/wp-content\/uploads\/2025\/04\/yunming-metal-logo-featuring-a-minimalist-am-design-representing.png","contentUrl":"https:\/\/yunming-metal.com\/wp-content\/uploads\/2025\/04\/yunming-metal-logo-featuring-a-minimalist-am-design-representing.png","width":300,"height":300,"caption":"Yunming MetalY"},"image":{"@id":"https:\/\/yunming-metal.com\/#\/schema\/logo\/image\/"},"sameAs":["https:\/\/www.facebook.com\/YunmingMetal","https:\/\/x.com\/fan_yunmimetal","https:\/\/www.linkedin.com\/company\/yunming-metal\/","https:\/\/www.instagram.com\/nora_jiang8\/","https:\/\/www.youtube.com\/@yunmingmetal1","https:\/\/www.tiktok.com\/@yunming_metal"]}]}},"_links":{"self":[{"href":"https:\/\/yunming-metal.com\/es\/wp-json\/wp\/v2\/product\/1879","targetHints":{"allow":["GET"]}}],"collection":[{"href":"https:\/\/yunming-metal.com\/es\/wp-json\/wp\/v2\/product"}],"about":[{"href":"https:\/\/yunming-metal.com\/es\/wp-json\/wp\/v2\/types\/product"}],"replies":[{"embeddable":true,"href":"https:\/\/yunming-metal.com\/es\/wp-json\/wp\/v2\/comments?post=1879"}],"wp:featuredmedia":[{"embeddable":true,"href":"https:\/\/yunming-metal.com\/es\/wp-json\/wp\/v2\/media\/4607"}],"wp:attachment":[{"href":"https:\/\/yunming-metal.com\/es\/wp-json\/wp\/v2\/media?parent=1879"}],"wp:term":[{"taxonomy":"product_brand","embeddable":true,"href":"https:\/\/yunming-metal.com\/es\/wp-json\/wp\/v2\/product_brand?post=1879"},{"taxonomy":"product_cat","embeddable":true,"href":"https:\/\/yunming-metal.com\/es\/wp-json\/wp\/v2\/product_cat?post=1879"},{"taxonomy":"product_tag","embeddable":true,"href":"https:\/\/yunming-metal.com\/es\/wp-json\/wp\/v2\/product_tag?post=1879"}],"curies":[{"name":"wp","href":"https:\/\/api.w.org\/{rel}","templated":true}]}}