{"id":2106,"date":"2024-10-24T15:14:40","date_gmt":"2024-10-24T15:14:40","guid":{"rendered":"https:\/\/yunming-metal.com\/?post_type=product&#038;p=2106"},"modified":"2025-04-24T20:30:38","modified_gmt":"2025-04-24T12:30:38","slug":"asme-sa-269-tp316-316l-seamless-tubing-supplier","status":"publish","type":"product","link":"https:\/\/yunming-metal.com\/es\/producto\/proveedor-de-tubos-sin-soldadura-asme-sa-269-tp316-316l\/","title":{"rendered":"Proveedor de tubos sin soldadura ASME SA 269 TP316\/316L"},"content":{"rendered":"<div class=\"proddetails-detial-title\" style=\"text-align: center;\">Descripci\u00f3n del producto<\/div>\n<div class=\"proddetails-detial-cont\">\n<div class=\"prodDetail-editor-container\">\n<section>\n<div class=\"cY6krXG row_line\">\n<div class=\"ctysRgrrow_col rowcol\">\n<div class=\"listTxt chUkivYA automatic enlarge_detailed_info\">\n<div class=\"textLineP\">\n<div>\n<div>\n<div class=\"sliderTable mt10 mb10 sliderTable-index0\">\n<div class=\"inner\">\n<table border=\"1\">\n<tbody class=\"\">\n<tr class=\"firstRow\" align=\"center\" valign=\"center\">\n<td>Nombre del producto:<\/td>\n<td>Proveedor de tubos sin soldadura ASME SA 269 TP 316<\/td>\n<\/tr>\n<tr align=\"center\" valign=\"center\">\n<td>Grosor:<\/td>\n<td>0,3-150 mm<\/td>\n<\/tr>\n<tr align=\"center\" valign=\"center\">\n<td>Longitud:<\/td>\n<td>2000mm, 2438mm, 3000mm, 5800mm,<\/p>\n<p>6000 mm, 12000 mm, etc.<\/td>\n<\/tr>\n<tr align=\"center\" valign=\"center\">\n<td>Di\u00e1metro exterior:<\/td>\n<td>8-2500mm\uff0c (3\/8\u2033-100\u2033)<\/td>\n<\/tr>\n<tr align=\"center\" valign=\"center\">\n<td>Calidad\uff08ASTM UNS\uff09<\/td>\n<td>304, 304L, 321, 316, 316L, 430, 201,<\/p>\n<p>317L, 347H, 309S, 310S, 904L, 254SMOS,<\/p>\n<p>32760, S31703, S31603, 316Ti, S31635,<\/p>\n<p>S31254, N08926, 2205, 2507, S32205\u3001<\/p>\n<p>S31008, S30908, S32750, S3276, etc.<\/td>\n<\/tr>\n<tr align=\"center\" valign=\"center\">\n<td>Grado \uff08EN\uff09<\/td>\n<td>1.4301\uff0c1.4307\uff0c1.4541\uff0c1.4401\uff0c1.4404\uff0c1.4571<\/p>\n<p>\uff0c1.4438\uff0c1.4539\uff0c1.4547\uff0c1.4529\uff0c1.4410\uff0c<\/p>\n<p>1.4501\uff0c1.4462\uff0c1.4845\uff0c1.4542\uff0cetc.<\/td>\n<\/tr>\n<tr align=\"center\" valign=\"center\">\n<td colspan=\"1\" rowspan=\"1\">Est\u00e1ndar:<\/td>\n<td colspan=\"1\" rowspan=\"1\">ASTM\uff0cAISI\uff0cJIS\uff0cGB\uff0c DIN\uff0cEN<\/td>\n<\/tr>\n<tr align=\"center\" valign=\"center\">\n<td colspan=\"1\" rowspan=\"1\">Superficie:<\/td>\n<td colspan=\"1\" rowspan=\"1\">BA\uff0c2B\uff0cNO.1\uff0cNO.4\uff0c4K\uff0cHL\uff0c8K<\/td>\n<\/tr>\n<tr align=\"center\" valign=\"center\">\n<td colspan=\"1\" rowspan=\"1\">Certificaci\u00f3n:<\/td>\n<td colspan=\"1\" rowspan=\"1\">ISO, SGS\uff0cBV<\/td>\n<\/tr>\n<tr align=\"center\" valign=\"center\">\n<td colspan=\"1\" rowspan=\"1\">T\u00e9cnica:<\/td>\n<td colspan=\"1\" rowspan=\"1\">Laminado en fr\u00edo, Laminado en caliente<\/td>\n<\/tr>\n<tr align=\"center\" valign=\"center\">\n<td colspan=\"1\" rowspan=\"1\">Precio a plazo:<\/td>\n<td colspan=\"1\" rowspan=\"1\">CIF, CFR, FOB, FRANCO F\u00c1BRICA<\/td>\n<\/tr>\n<tr align=\"center\" valign=\"center\">\n<td colspan=\"1\" rowspan=\"1\">Condiciones de pago<\/td>\n<td colspan=\"1\" rowspan=\"1\">T\/T, L\/C, Western Union, etc.<\/td>\n<\/tr>\n<\/tbody>\n<\/table>\n<\/div>\n<\/div>\n<\/div>\n<\/div>\n<\/div>\n<\/div>\n<\/div>\n<div class=\"cvjK921row_col rowcol\">\n<div class=\"cQOQZ3eA btn btnbox btnCont minWidth\">\n<div class=\"cQOQZ3eTextBox textBox\">PREGUNTAS FRECUENTES<\/div>\n<\/div>\n<div class=\"listTxt cIPBC0xA automatic\">\n<div class=\"textLineP\">\n<p><strong>P: \u00bfSon ustedes comerciantes o fabricantes?<\/strong><br \/>\nR:Somos un proveedor de servicios de adquisici\u00f3n de acero con sede en China y al servicio de todo el mundo para proporcionar a los compradores nacionales y extranjeros de acero e informaci\u00f3n sobre producci\u00f3n, adquisici\u00f3n, ventas, procesamiento y log\u00edstica en un servicio integrado.<\/p>\n<p><strong>P: \u00bfPor qu\u00e9 deber\u00eda elegir los productos de su empresa?<\/strong><\/p>\n<p>&nbsp;<\/p>\n<p>R:Nuestras materias primas proceden de Baosteel, Tisco, Shagang, Wisco, Nippon Steel y muchas otras empresas de renombre tanto nacionales como extranjeras. Disponemos de los mejores materiales.<\/p>\n<p>En segundo lugar, nuestra empresa cuenta con un perfecto sistema de garant\u00eda de calidad para asegurarle los mejores productos desde la compra hasta la entrega.<\/p>\n<p>El precio de nuestros productos est\u00e1 en el nivel medio de la industria, y somos famosos por nuestro alto rendimiento de costes. Hay mucho margen para que suban los precios.<\/p>\n<p>Esperamos su solicitud. Le haremos la mejor oferta.<\/p>\n<p><strong>P:\u00bfEntregar\u00e1n la mercanc\u00eda a tiempo?<\/strong><br \/>\nR: S\u00ed, nos comprometemos a ofrecer los mejores productos de calidad y entrega a tiempo, la honestidad es el principio de nuestra empresa.<\/p>\n<p><strong>P:\u00bfPuedo obtener algunas muestras?<\/strong><br \/>\nR: S\u00ed, podemos suministrar muestras gratuitas, pero los gastos de env\u00edo corren a cargo del cliente.<\/p>\n<p><strong>P: \u00bfC\u00f3mo confirmar la calidad del producto antes de hacer el pedido?<\/strong><br \/>\nR: Puede obtener muestras gratuitas, la calidad puede ser inspeccionada por terceros.<\/p>\n<p><strong>P: \u00bfC\u00f3mo puedo recibir su presupuesto lo antes posible?<\/strong><br \/>\nA:El correo electr\u00f3nico y el fax se comprobar\u00e1 dentro de 24 horas, mientras tanto, el Skype, Wechat y WhatsApp estar\u00e1 en l\u00ednea en 24 horas.por favor env\u00edenos su requisito y la informaci\u00f3n de la orden, la especificaci\u00f3n (grado de acero, tama\u00f1o, cantidad, puerto de destino), vamos a elaborar un mejor precio pronto.<\/p>\n<\/div>\n<\/div>\n<\/div>\n<\/div>\n<\/section>\n<\/div>\n<\/div>","protected":false},"excerpt":{"rendered":"<p>Los tubos de acero inoxidable sin soldadura ASTM A269 se utilizan para servicios de baja y alta temperatura. Estos tubos pueden fabricarse a partir de tipos de acero austen\u00edticos mediante mecanismos de soldadura el\u00e9ctrica resistente, soldadura el\u00e9ctrica por fusi\u00f3n o estirado en fr\u00edo sin soldadura. Los tubos SA269 tambi\u00e9n pueden tener distintos acabados y pueden someterse a tratamiento t\u00e9rmico. El SA 269 Tp 316 es m\u00e1s resistente a la corrosi\u00f3n que los tipos de material 304 y se utiliza en aplicaciones con altas presiones y altas temperaturas, as\u00ed como baja presi\u00f3n y bajas temperaturas. Por lo tanto, el SA 269 Tp 304 y la ASTM A269 Tp316l tuber\u00edas de grado de material tienen diferentes horarios. Estos esquemas corresponden a diferentes espesores de pared correspondientes a diferentes di\u00e1metros nominales.<\/p>","protected":false},"featured_media":2107,"comment_status":"open","ping_status":"closed","template":"","meta":{"site-sidebar-layout":"default","site-content-layout":"","ast-site-content-layout":"default","site-content-style":"default","site-sidebar-style":"default","ast-global-header-display":"","ast-banner-title-visibility":"","ast-main-header-display":"","ast-hfb-above-header-display":"","ast-hfb-below-header-display":"","ast-hfb-mobile-header-display":"","site-post-title":"","ast-breadcrumbs-content":"","ast-featured-img":"","footer-sml-layout":"","theme-transparent-header-meta":"default","adv-header-id-meta":"","stick-header-meta":"","header-above-stick-meta":"","header-main-stick-meta":"","header-below-stick-meta":"","astra-migrate-meta-layouts":"set","ast-page-background-enabled":"default","ast-page-background-meta":{"desktop":{"background-color":"","background-image":"","background-repeat":"repeat","background-position":"center center","background-size":"auto","background-attachment":"scroll","background-type":"","background-media":"","overlay-type":"","overlay-color":"","overlay-opacity":"","overlay-gradient":""},"tablet":{"background-color":"","background-image":"","background-repeat":"repeat","background-position":"center center","background-size":"auto","background-attachment":"scroll","background-type":"","background-media":"","overlay-type":"","overlay-color":"","overlay-opacity":"","overlay-gradient":""},"mobile":{"background-color":"","background-image":"","background-repeat":"repeat","background-position":"center center","background-size":"auto","background-attachment":"scroll","background-type":"","background-media":"","overlay-type":"","overlay-color":"","overlay-opacity":"","overlay-gradient":""}},"ast-content-background-meta":{"desktop":{"background-color":"var(--ast-global-color-5)","background-image":"","background-repeat":"repeat","background-position":"center center","background-size":"auto","background-attachment":"scroll","background-type":"","background-media":"","overlay-type":"","overlay-color":"","overlay-opacity":"","overlay-gradient":""},"tablet":{"background-color":"var(--ast-global-color-5)","background-image":"","background-repeat":"repeat","background-position":"center center","background-size":"auto","background-attachment":"scroll","background-type":"","background-media":"","overlay-type":"","overlay-color":"","overlay-opacity":"","overlay-gradient":""},"mobile":{"background-color":"var(--ast-global-color-5)","background-image":"","background-repeat":"repeat","background-position":"center center","background-size":"auto","background-attachment":"scroll","background-type":"","background-media":"","overlay-type":"","overlay-color":"","overlay-opacity":"","overlay-gradient":""}}},"product_brand":[],"product_cat":[71],"product_tag":[],"class_list":{"0":"post-2106","1":"product","2":"type-product","3":"status-publish","4":"has-post-thumbnail","6":"product_cat-materials-center","7":"desktop-align-left","8":"tablet-align-left","9":"mobile-align-left","11":"first","12":"instock","13":"shipping-taxable","14":"product-type-simple"},"yoast_head":"<!-- This site is optimized with the Yoast SEO Premium plugin v24.9 (Yoast SEO v26.8) - https:\/\/yoast.com\/product\/yoast-seo-premium-wordpress\/ -->\n<title>ASME SA 269 TP316\/316L Seamless Tubing Supplier - Yunming Metal - Stainless Steel Manufacturer &amp; Supplier<\/title>\n<meta name=\"robots\" content=\"index, follow, max-snippet:-1, max-image-preview:large, max-video-preview:-1\" \/>\n<link rel=\"canonical\" href=\"https:\/\/yunming-metal.com\/es\/producto\/proveedor-de-tubos-sin-soldadura-asme-sa-269-tp316-316l\/\" \/>\n<meta property=\"og:locale\" content=\"es_ES\" \/>\n<meta property=\"og:type\" content=\"article\" \/>\n<meta property=\"og:title\" content=\"ASME SA 269 TP316\/316L Seamless Tubing Supplier\" \/>\n<meta property=\"og:description\" content=\"ASTM A269 Seamless Stainless Steel Tubing is used for low temperature and high temperature services. These pipes could be made from austenitic steel types under electric resistant weld, electric fusion weld or seamless cold drawing mechanisms. The SA269 Tubing can also have different finishes and can be heat treated. The SA 269 Tp 316 is more corrosion resistant than the 304 material types and it is used in applications with high pressures and high temperatures as well as low pressure and low temperatures. Therefore the SA 269 Tp 304 and the ASTM A269 Tp316l material grade pipes have different schedules. These schedules correspond to different wall thickness corresponding to different nominal diameters.\" \/>\n<meta property=\"og:url\" content=\"https:\/\/yunming-metal.com\/es\/producto\/proveedor-de-tubos-sin-soldadura-asme-sa-269-tp316-316l\/\" \/>\n<meta property=\"og:site_name\" content=\"Yunming Metal - Stainless Steel Manufacturer &amp; Supplier\" \/>\n<meta property=\"article:publisher\" content=\"https:\/\/www.facebook.com\/YunmingMetal\" \/>\n<meta property=\"article:modified_time\" content=\"2025-04-24T12:30:38+00:00\" \/>\n<meta property=\"og:image\" content=\"https:\/\/yunming-metal.com\/wp-content\/uploads\/2024\/10\/10001-2.png\" \/>\n\t<meta property=\"og:image:width\" content=\"800\" \/>\n\t<meta property=\"og:image:height\" content=\"800\" \/>\n\t<meta property=\"og:image:type\" content=\"image\/png\" \/>\n<meta name=\"twitter:card\" content=\"summary_large_image\" \/>\n<meta name=\"twitter:site\" content=\"@fan_yunmimetal\" \/>\n<meta name=\"twitter:label1\" content=\"Tiempo de lectura\" \/>\n\t<meta name=\"twitter:data1\" content=\"3 minutos\" \/>\n<script type=\"application\/ld+json\" class=\"yoast-schema-graph\">{\"@context\":\"https:\/\/schema.org\",\"@graph\":[{\"@type\":\"WebPage\",\"@id\":\"https:\/\/yunming-metal.com\/product\/asme-sa-269-tp316-316l-seamless-tubing-supplier\/\",\"url\":\"https:\/\/yunming-metal.com\/product\/asme-sa-269-tp316-316l-seamless-tubing-supplier\/\",\"name\":\"ASME SA 269 TP316\/316L Seamless Tubing Supplier - Yunming Metal - Stainless Steel Manufacturer &amp; Supplier\",\"isPartOf\":{\"@id\":\"https:\/\/yunming-metal.com\/#website\"},\"primaryImageOfPage\":{\"@id\":\"https:\/\/yunming-metal.com\/product\/asme-sa-269-tp316-316l-seamless-tubing-supplier\/#primaryimage\"},\"image\":{\"@id\":\"https:\/\/yunming-metal.com\/product\/asme-sa-269-tp316-316l-seamless-tubing-supplier\/#primaryimage\"},\"thumbnailUrl\":\"https:\/\/yunming-metal.com\/wp-content\/uploads\/2024\/10\/10001-2.png\",\"datePublished\":\"2024-10-24T15:14:40+00:00\",\"dateModified\":\"2025-04-24T12:30:38+00:00\",\"breadcrumb\":{\"@id\":\"https:\/\/yunming-metal.com\/product\/asme-sa-269-tp316-316l-seamless-tubing-supplier\/#breadcrumb\"},\"inLanguage\":\"es\",\"potentialAction\":[{\"@type\":\"ReadAction\",\"target\":[\"https:\/\/yunming-metal.com\/product\/asme-sa-269-tp316-316l-seamless-tubing-supplier\/\"]}]},{\"@type\":\"ImageObject\",\"inLanguage\":\"es\",\"@id\":\"https:\/\/yunming-metal.com\/product\/asme-sa-269-tp316-316l-seamless-tubing-supplier\/#primaryimage\",\"url\":\"https:\/\/yunming-metal.com\/wp-content\/uploads\/2024\/10\/10001-2.png\",\"contentUrl\":\"https:\/\/yunming-metal.com\/wp-content\/uploads\/2024\/10\/10001-2.png\",\"width\":800,\"height\":800},{\"@type\":\"BreadcrumbList\",\"@id\":\"https:\/\/yunming-metal.com\/product\/asme-sa-269-tp316-316l-seamless-tubing-supplier\/#breadcrumb\",\"itemListElement\":[{\"@type\":\"ListItem\",\"position\":1,\"name\":\"\u9996\u9875\",\"item\":\"https:\/\/yunming-metal.com\/\"},{\"@type\":\"ListItem\",\"position\":2,\"name\":\"Products\",\"item\":\"https:\/\/yunming-metal.com\/shop\/\"},{\"@type\":\"ListItem\",\"position\":3,\"name\":\"ASME SA 269 TP316\/316L Seamless Tubing Supplier\"}]},{\"@type\":\"WebSite\",\"@id\":\"https:\/\/yunming-metal.com\/#website\",\"url\":\"https:\/\/yunming-metal.com\/\",\"name\":\"yunming-metal.com\",\"description\":\"High-Quality Stainless Steel Pipes, Plates &amp; Flanges\",\"publisher\":{\"@id\":\"https:\/\/yunming-metal.com\/#organization\"},\"potentialAction\":[{\"@type\":\"SearchAction\",\"target\":{\"@type\":\"EntryPoint\",\"urlTemplate\":\"https:\/\/yunming-metal.com\/?s={search_term_string}\"},\"query-input\":{\"@type\":\"PropertyValueSpecification\",\"valueRequired\":true,\"valueName\":\"search_term_string\"}}],\"inLanguage\":\"es\"},{\"@type\":\"Organization\",\"@id\":\"https:\/\/yunming-metal.com\/#organization\",\"name\":\"Yunming MetalY\",\"alternateName\":\"Yunming Stainless Steel\",\"url\":\"https:\/\/yunming-metal.com\/\",\"logo\":{\"@type\":\"ImageObject\",\"inLanguage\":\"es\",\"@id\":\"https:\/\/yunming-metal.com\/#\/schema\/logo\/image\/\",\"url\":\"https:\/\/yunming-metal.com\/wp-content\/uploads\/2025\/04\/yunming-metal-logo-featuring-a-minimalist-am-design-representing.png\",\"contentUrl\":\"https:\/\/yunming-metal.com\/wp-content\/uploads\/2025\/04\/yunming-metal-logo-featuring-a-minimalist-am-design-representing.png\",\"width\":300,\"height\":300,\"caption\":\"Yunming MetalY\"},\"image\":{\"@id\":\"https:\/\/yunming-metal.com\/#\/schema\/logo\/image\/\"},\"sameAs\":[\"https:\/\/www.facebook.com\/YunmingMetal\",\"https:\/\/x.com\/fan_yunmimetal\",\"https:\/\/www.linkedin.com\/company\/yunming-metal\/\",\"https:\/\/www.instagram.com\/nora_jiang8\/\",\"https:\/\/www.youtube.com\/@yunmingmetal1\",\"https:\/\/www.tiktok.com\/@yunming_metal\"]}]}<\/script>\n<!-- \/ Yoast SEO Premium plugin. -->","yoast_head_json":{"title":"ASME SA 269 TP316\/316L Seamless Tubing Supplier - Yunming Metal - Stainless Steel Manufacturer &amp; Supplier","robots":{"index":"index","follow":"follow","max-snippet":"max-snippet:-1","max-image-preview":"max-image-preview:large","max-video-preview":"max-video-preview:-1"},"canonical":"https:\/\/yunming-metal.com\/es\/producto\/proveedor-de-tubos-sin-soldadura-asme-sa-269-tp316-316l\/","og_locale":"es_ES","og_type":"article","og_title":"ASME SA 269 TP316\/316L Seamless Tubing Supplier","og_description":"ASTM A269 Seamless Stainless Steel Tubing is used for low temperature and high temperature services. These pipes could be made from austenitic steel types under electric resistant weld, electric fusion weld or seamless cold drawing mechanisms. The SA269 Tubing can also have different finishes and can be heat treated. The SA 269 Tp 316 is more corrosion resistant than the 304 material types and it is used in applications with high pressures and high temperatures as well as low pressure and low temperatures. Therefore the SA 269 Tp 304 and the ASTM A269 Tp316l material grade pipes have different schedules. These schedules correspond to different wall thickness corresponding to different nominal diameters.","og_url":"https:\/\/yunming-metal.com\/es\/producto\/proveedor-de-tubos-sin-soldadura-asme-sa-269-tp316-316l\/","og_site_name":"Yunming Metal - Stainless Steel Manufacturer &amp; Supplier","article_publisher":"https:\/\/www.facebook.com\/YunmingMetal","article_modified_time":"2025-04-24T12:30:38+00:00","og_image":[{"width":800,"height":800,"url":"https:\/\/yunming-metal.com\/wp-content\/uploads\/2024\/10\/10001-2.png","type":"image\/png"}],"twitter_card":"summary_large_image","twitter_site":"@fan_yunmimetal","twitter_misc":{"Tiempo de lectura":"3 minutos"},"schema":{"@context":"https:\/\/schema.org","@graph":[{"@type":"WebPage","@id":"https:\/\/yunming-metal.com\/product\/asme-sa-269-tp316-316l-seamless-tubing-supplier\/","url":"https:\/\/yunming-metal.com\/product\/asme-sa-269-tp316-316l-seamless-tubing-supplier\/","name":"ASME SA 269 TP316\/316L Seamless Tubing Supplier - Yunming Metal - Stainless Steel Manufacturer &amp; Supplier","isPartOf":{"@id":"https:\/\/yunming-metal.com\/#website"},"primaryImageOfPage":{"@id":"https:\/\/yunming-metal.com\/product\/asme-sa-269-tp316-316l-seamless-tubing-supplier\/#primaryimage"},"image":{"@id":"https:\/\/yunming-metal.com\/product\/asme-sa-269-tp316-316l-seamless-tubing-supplier\/#primaryimage"},"thumbnailUrl":"https:\/\/yunming-metal.com\/wp-content\/uploads\/2024\/10\/10001-2.png","datePublished":"2024-10-24T15:14:40+00:00","dateModified":"2025-04-24T12:30:38+00:00","breadcrumb":{"@id":"https:\/\/yunming-metal.com\/product\/asme-sa-269-tp316-316l-seamless-tubing-supplier\/#breadcrumb"},"inLanguage":"es","potentialAction":[{"@type":"ReadAction","target":["https:\/\/yunming-metal.com\/product\/asme-sa-269-tp316-316l-seamless-tubing-supplier\/"]}]},{"@type":"ImageObject","inLanguage":"es","@id":"https:\/\/yunming-metal.com\/product\/asme-sa-269-tp316-316l-seamless-tubing-supplier\/#primaryimage","url":"https:\/\/yunming-metal.com\/wp-content\/uploads\/2024\/10\/10001-2.png","contentUrl":"https:\/\/yunming-metal.com\/wp-content\/uploads\/2024\/10\/10001-2.png","width":800,"height":800},{"@type":"BreadcrumbList","@id":"https:\/\/yunming-metal.com\/product\/asme-sa-269-tp316-316l-seamless-tubing-supplier\/#breadcrumb","itemListElement":[{"@type":"ListItem","position":1,"name":"\u9996\u9875","item":"https:\/\/yunming-metal.com\/"},{"@type":"ListItem","position":2,"name":"Products","item":"https:\/\/yunming-metal.com\/shop\/"},{"@type":"ListItem","position":3,"name":"ASME SA 269 TP316\/316L Seamless Tubing Supplier"}]},{"@type":"WebSite","@id":"https:\/\/yunming-metal.com\/#website","url":"https:\/\/yunming-metal.com\/","name":"yunming-metal.com","description":"High-Quality Stainless Steel Pipes, Plates &amp; Flanges","publisher":{"@id":"https:\/\/yunming-metal.com\/#organization"},"potentialAction":[{"@type":"SearchAction","target":{"@type":"EntryPoint","urlTemplate":"https:\/\/yunming-metal.com\/?s={search_term_string}"},"query-input":{"@type":"PropertyValueSpecification","valueRequired":true,"valueName":"search_term_string"}}],"inLanguage":"es"},{"@type":"Organization","@id":"https:\/\/yunming-metal.com\/#organization","name":"Yunming MetalY","alternateName":"Yunming Stainless Steel","url":"https:\/\/yunming-metal.com\/","logo":{"@type":"ImageObject","inLanguage":"es","@id":"https:\/\/yunming-metal.com\/#\/schema\/logo\/image\/","url":"https:\/\/yunming-metal.com\/wp-content\/uploads\/2025\/04\/yunming-metal-logo-featuring-a-minimalist-am-design-representing.png","contentUrl":"https:\/\/yunming-metal.com\/wp-content\/uploads\/2025\/04\/yunming-metal-logo-featuring-a-minimalist-am-design-representing.png","width":300,"height":300,"caption":"Yunming MetalY"},"image":{"@id":"https:\/\/yunming-metal.com\/#\/schema\/logo\/image\/"},"sameAs":["https:\/\/www.facebook.com\/YunmingMetal","https:\/\/x.com\/fan_yunmimetal","https:\/\/www.linkedin.com\/company\/yunming-metal\/","https:\/\/www.instagram.com\/nora_jiang8\/","https:\/\/www.youtube.com\/@yunmingmetal1","https:\/\/www.tiktok.com\/@yunming_metal"]}]}},"_links":{"self":[{"href":"https:\/\/yunming-metal.com\/es\/wp-json\/wp\/v2\/product\/2106","targetHints":{"allow":["GET"]}}],"collection":[{"href":"https:\/\/yunming-metal.com\/es\/wp-json\/wp\/v2\/product"}],"about":[{"href":"https:\/\/yunming-metal.com\/es\/wp-json\/wp\/v2\/types\/product"}],"replies":[{"embeddable":true,"href":"https:\/\/yunming-metal.com\/es\/wp-json\/wp\/v2\/comments?post=2106"}],"wp:featuredmedia":[{"embeddable":true,"href":"https:\/\/yunming-metal.com\/es\/wp-json\/wp\/v2\/media\/2107"}],"wp:attachment":[{"href":"https:\/\/yunming-metal.com\/es\/wp-json\/wp\/v2\/media?parent=2106"}],"wp:term":[{"taxonomy":"product_brand","embeddable":true,"href":"https:\/\/yunming-metal.com\/es\/wp-json\/wp\/v2\/product_brand?post=2106"},{"taxonomy":"product_cat","embeddable":true,"href":"https:\/\/yunming-metal.com\/es\/wp-json\/wp\/v2\/product_cat?post=2106"},{"taxonomy":"product_tag","embeddable":true,"href":"https:\/\/yunming-metal.com\/es\/wp-json\/wp\/v2\/product_tag?post=2106"}],"curies":[{"name":"wp","href":"https:\/\/api.w.org\/{rel}","templated":true}]}}