{"id":2116,"date":"2024-10-24T15:30:59","date_gmt":"2024-10-24T15:30:59","guid":{"rendered":"https:\/\/yunming-metal.com\/?post_type=product&#038;p=2116"},"modified":"2025-05-08T18:31:17","modified_gmt":"2025-05-08T10:31:17","slug":"stainless-steel-flat-bar","status":"publish","type":"product","link":"https:\/\/yunming-metal.com\/es\/producto\/barra-plana-de-acero-inoxidable\/","title":{"rendered":"Barra plana de acero inoxidable"},"content":{"rendered":"<h3 class=\"\" data-start=\"113\" data-end=\"139\"><strong data-start=\"117\" data-end=\"137\">Productos<\/strong><\/h3>\n<p class=\"\" data-start=\"140\" data-end=\"445\">Las pletinas de acero inoxidable son secciones s\u00f3lidas de forma rectangular conocidas por su resistencia, versatilidad y resistencia a la corrosi\u00f3n. Se utilizan habitualmente en estructuras, fabricaci\u00f3n industrial y fabricaci\u00f3n de componentes, y est\u00e1n disponibles en varios acabados y tama\u00f1os para adaptarse a diversas necesidades de aplicaci\u00f3n.<\/p>\n<h3 class=\"\" data-start=\"452\" data-end=\"477\"><strong data-start=\"456\" data-end=\"477\">\u00c1mbitos de aplicaci\u00f3n<\/strong><\/h3>\n<ul data-start=\"479\" data-end=\"700\">\n<li class=\"\" data-start=\"479\" data-end=\"531\">\n<p class=\"\" data-start=\"481\" data-end=\"531\">Soportes estructurales y marcos arquitect\u00f3nicos<\/p>\n<\/li>\n<li class=\"\" data-start=\"532\" data-end=\"571\">\n<p class=\"\" data-start=\"534\" data-end=\"571\">Componentes de automoci\u00f3n y maquinaria<\/p>\n<\/li>\n<li class=\"\" data-start=\"572\" data-end=\"612\">\n<p class=\"\" data-start=\"574\" data-end=\"612\">Fabricaci\u00f3n naval y petroqu\u00edmica<\/p>\n<\/li>\n<li class=\"\" data-start=\"613\" data-end=\"650\">\n<p class=\"\" data-start=\"615\" data-end=\"650\">Soportes, placas base, refuerzos<\/p>\n<\/li>\n<li class=\"\" data-start=\"651\" data-end=\"700\">\n<p class=\"\" data-start=\"653\" data-end=\"700\">Metalurgia y construcci\u00f3n en general<\/p>\n<\/li>\n<\/ul>\n<h3 class=\"\" data-start=\"707\" data-end=\"731\"><strong data-start=\"711\" data-end=\"731\">Caracter\u00edsticas del producto<\/strong><\/h3>\n<ul data-start=\"733\" data-end=\"1085\">\n<li class=\"\" data-start=\"733\" data-end=\"783\">\n<p class=\"\" data-start=\"735\" data-end=\"783\">Disponible en laminado en caliente y estirado en fr\u00edo<\/p>\n<\/li>\n<li class=\"\" data-start=\"784\" data-end=\"840\">\n<p class=\"\" data-start=\"786\" data-end=\"840\">Excelente resistencia a la corrosi\u00f3n en entornos dif\u00edciles<\/p>\n<\/li>\n<li class=\"\" data-start=\"841\" data-end=\"881\">\n<p class=\"\" data-start=\"843\" data-end=\"881\">F\u00e1cil de soldar, cortar, doblar y mecanizar<\/p>\n<\/li>\n<li class=\"\" data-start=\"882\" data-end=\"964\">\n<p class=\"\" data-start=\"884\" data-end=\"964\">Amplia gama de calidades de acero inoxidable: 304, 316L, 310S, 321, 904L, d\u00faplex, etc.<\/p>\n<\/li>\n<li class=\"\" data-start=\"965\" data-end=\"1018\">\n<p class=\"\" data-start=\"967\" data-end=\"1018\">Tama\u00f1os, grosores y acabados personalizados<\/p>\n<\/li>\n<li class=\"\" data-start=\"1019\" data-end=\"1085\">\n<p class=\"\" data-start=\"1021\" data-end=\"1085\">Apto para pulido, cepillado y otros tratamientos de superficies<\/p>\n<\/li>\n<\/ul>\n<h3 class=\"\" data-start=\"1092\" data-end=\"1124\"><strong data-start=\"1096\" data-end=\"1124\">Especificaciones t\u00e9cnicas<\/strong><\/h3>\n<p class=\"\" data-start=\"1126\" data-end=\"1367\"><strong data-start=\"1126\" data-end=\"1138\">Est\u00e1ndar<\/strong>: ASTM, AISI, SUS, JIS, EN, DIN, BS, GB<br data-start=\"1177\" data-end=\"1180\" \/><strong data-start=\"1180\" data-end=\"1198\">Acabado superficial<\/strong>: NO.1 (laminado en caliente), NO.2B (laminado en fr\u00edo), Hairline, Brushed, BA, NO.4, NO.8, etc.<br data-start=\"1278\" data-end=\"1281\" \/><strong data-start=\"1281\" data-end=\"1301\">Grados disponibles<\/strong>: 304, 304L, 316, 316L, 321, 310S, 410, 420, 430, 2205, 2507, 904L<\/p>\n<div class=\"_tableContainer_16hzy_1\">\n<div class=\"_tableWrapper_16hzy_14 group flex w-fit flex-col-reverse\" tabindex=\"-1\">\n<table class=\"w-fit min-w-(--thread-content-width)\" data-start=\"1369\" data-end=\"1673\">\n<thead data-start=\"1369\" data-end=\"1464\">\n<tr data-start=\"1369\" data-end=\"1464\">\n<th data-start=\"1369\" data-end=\"1386\" data-col-size=\"sm\">Anchura (mm)<\/th>\n<th data-start=\"1386\" data-end=\"1406\" data-col-size=\"sm\">Anchura (pulgadas)<\/th>\n<th data-start=\"1406\" data-end=\"1423\" data-col-size=\"sm\">Espesor (mm)<\/th>\n<th data-start=\"1423\" data-end=\"1442\" data-col-size=\"sm\">Espesor (pulgadas)<\/th>\n<th data-start=\"1442\" data-end=\"1464\" data-col-size=\"sm\">Longitud (mm)<\/th>\n<\/tr>\n<\/thead>\n<tbody data-start=\"1563\" data-end=\"1673\">\n<tr data-start=\"1563\" data-end=\"1673\">\n<td data-start=\"1563\" data-end=\"1581\" data-col-size=\"sm\">10 - 400 mm<\/td>\n<td data-col-size=\"sm\" data-start=\"1581\" data-end=\"1602\">3\/8\u2033 - 15 3\/4\u2033<\/td>\n<td data-col-size=\"sm\" data-start=\"1602\" data-end=\"1620\">2 - 50 mm<\/td>\n<td data-col-size=\"sm\" data-start=\"1620\" data-end=\"1640\">5\/64\u2033 - 2\u2033<\/td>\n<td data-col-size=\"sm\" data-start=\"1640\" data-end=\"1673\">1000 - 6000 mm (personalizable)<\/td>\n<\/tr>\n<\/tbody>\n<\/table>\n<div class=\"sticky end-(--thread-content-margin) h-0 self-end select-none\">\n<div><\/div>\n<div class=\"absolute end-0 flex items-end\"><strong style=\"font-size: 1.5em;\" data-start=\"1750\" data-end=\"1775\">Proceso de fabricaci\u00f3n<\/strong><\/div>\n<\/div>\n<\/div>\n<\/div>\n<p class=\"\" data-start=\"1778\" data-end=\"2060\">Nuestras barras planas de acero inoxidable se fabrican mediante laminado en caliente o estirado en fr\u00edo, seguido de enderezado, dimensionado y tratamientos superficiales opcionales como pulido o decapado. Cada lote se inspecciona rigurosamente para garantizar la precisi\u00f3n dimensional y el cumplimiento de las normas del sector.<\/p>\n<h3 class=\"\" data-start=\"2067\" data-end=\"2078\"><strong data-start=\"2071\" data-end=\"2078\">PREGUNTAS FRECUENTES<\/strong><\/h3>\n<p class=\"\" data-start=\"2080\" data-end=\"2233\"><strong data-start=\"2080\" data-end=\"2143\">P: \u00bfQu\u00e9 calidades de acero inoxidable hay disponibles para barras planas?<\/strong><br data-start=\"2143\" data-end=\"2146\" \/>R: Ofrecemos calidades como 304, 316L, 321, 310S, 904L y d\u00faplex 2205, entre otras.<\/p>\n<p class=\"\" data-start=\"2235\" data-end=\"2354\"><strong data-start=\"2235\" data-end=\"2274\">P: \u00bfOfrecen tallas a medida?<\/strong><br data-start=\"2274\" data-end=\"2277\" \/>R: S\u00ed, todos los tama\u00f1os pueden personalizarse en cuanto a anchura, grosor y longitud.<\/p>\n<p class=\"\" data-start=\"2356\" data-end=\"2518\"><strong data-start=\"2356\" data-end=\"2417\">P: \u00bfSon sus pletinas aptas para soldadura y mecanizado?<\/strong><br data-start=\"2417\" data-end=\"2420\" \/>R: Por supuesto. Nuestras barras planas ofrecen una excelente soldabilidad y son ideales para aplicaciones de mecanizado.<\/p>\n<p class=\"\" data-start=\"2520\" data-end=\"2660\"><strong data-start=\"2520\" data-end=\"2558\">P: \u00bfCu\u00e1les son las condiciones de entrega?<\/strong><br data-start=\"2558\" data-end=\"2561\" \/>R: Los productos pueden suministrarse laminados en caliente, estirados en fr\u00edo o con tratamiento superficial, seg\u00fan se solicite.<\/p>\n<p class=\"\" data-start=\"2662\" data-end=\"2811\"><strong data-start=\"2662\" data-end=\"2716\">P: \u00bfPuedo solicitar un certificado de prueba con mi pedido?<\/strong><br data-start=\"2716\" data-end=\"2719\" \/>R: S\u00ed, se pueden facilitar certificados de pruebas de laminaci\u00f3n y otras inspecciones de terceros previa solicitud.<\/p>\n<h3 class=\"\" data-start=\"2818\" data-end=\"2849\"><strong data-start=\"2822\" data-end=\"2847\">\u00bfA\u00fan tiene preguntas?<\/strong><\/h3>\n<p class=\"\" data-start=\"2850\" data-end=\"3052\">No dude en<a href=\"https:\/\/yunming-metal.com\/es\/pongase-en-contacto-con\/\"> Contacto<\/a> para obtener m\u00e1s informaci\u00f3n o comentar sus necesidades de barras planas de acero inoxidable personalizadas. Nuestro equipo de asistencia t\u00e9cnica est\u00e1 a su disposici\u00f3n para ayudarle con las especificaciones, certificaciones y entregas.<\/p>","protected":false},"excerpt":{"rendered":"<p>Yunming Metal suministra barras planas de acero inoxidable en 304, 316L, d\u00faplex y otros grados, disponibles en acabados laminados en caliente y estirados en fr\u00edo. Nuestras barras planas se utilizan ampliamente en aplicaciones estructurales, mec\u00e1nicas y de fabricaci\u00f3n, con anchuras, espesores y tratamientos superficiales personalizados disponibles.<\/p>","protected":false},"featured_media":4677,"comment_status":"open","ping_status":"closed","template":"","meta":{"site-sidebar-layout":"default","site-content-layout":"","ast-site-content-layout":"default","site-content-style":"default","site-sidebar-style":"default","ast-global-header-display":"","ast-banner-title-visibility":"","ast-main-header-display":"","ast-hfb-above-header-display":"","ast-hfb-below-header-display":"","ast-hfb-mobile-header-display":"","site-post-title":"","ast-breadcrumbs-content":"","ast-featured-img":"","footer-sml-layout":"","theme-transparent-header-meta":"default","adv-header-id-meta":"","stick-header-meta":"","header-above-stick-meta":"","header-main-stick-meta":"","header-below-stick-meta":"","astra-migrate-meta-layouts":"set","ast-page-background-enabled":"default","ast-page-background-meta":{"desktop":{"background-color":"","background-image":"","background-repeat":"repeat","background-position":"center center","background-size":"auto","background-attachment":"scroll","background-type":"","background-media":"","overlay-type":"","overlay-color":"","overlay-opacity":"","overlay-gradient":""},"tablet":{"background-color":"","background-image":"","background-repeat":"repeat","background-position":"center center","background-size":"auto","background-attachment":"scroll","background-type":"","background-media":"","overlay-type":"","overlay-color":"","overlay-opacity":"","overlay-gradient":""},"mobile":{"background-color":"","background-image":"","background-repeat":"repeat","background-position":"center center","background-size":"auto","background-attachment":"scroll","background-type":"","background-media":"","overlay-type":"","overlay-color":"","overlay-opacity":"","overlay-gradient":""}},"ast-content-background-meta":{"desktop":{"background-color":"var(--ast-global-color-5)","background-image":"","background-repeat":"repeat","background-position":"center center","background-size":"auto","background-attachment":"scroll","background-type":"","background-media":"","overlay-type":"","overlay-color":"","overlay-opacity":"","overlay-gradient":""},"tablet":{"background-color":"var(--ast-global-color-5)","background-image":"","background-repeat":"repeat","background-position":"center center","background-size":"auto","background-attachment":"scroll","background-type":"","background-media":"","overlay-type":"","overlay-color":"","overlay-opacity":"","overlay-gradient":""},"mobile":{"background-color":"var(--ast-global-color-5)","background-image":"","background-repeat":"repeat","background-position":"center center","background-size":"auto","background-attachment":"scroll","background-type":"","background-media":"","overlay-type":"","overlay-color":"","overlay-opacity":"","overlay-gradient":""}}},"product_brand":[],"product_cat":[22],"product_tag":[],"class_list":{"0":"post-2116","1":"product","2":"type-product","3":"status-publish","4":"has-post-thumbnail","6":"product_cat-stainless-steel-bar-profile","7":"desktop-align-left","8":"tablet-align-left","9":"mobile-align-left","11":"first","12":"instock","13":"shipping-taxable","14":"product-type-simple"},"yoast_head":"<!-- This site is optimized with the Yoast SEO Premium plugin v24.9 (Yoast SEO v26.8) - https:\/\/yoast.com\/product\/yoast-seo-premium-wordpress\/ -->\n<title>Stainless Steel Flat Bar | 304\/316L\/Duplex | Hot &amp; Cold Finish<\/title>\n<meta name=\"description\" content=\"High-performance stainless steel flat bars in 304, 316L, duplex, and more. Hot rolled and cold drawn options. Custom sizes and finishes available.\" \/>\n<meta name=\"robots\" content=\"index, follow, max-snippet:-1, max-image-preview:large, max-video-preview:-1\" \/>\n<link rel=\"canonical\" href=\"https:\/\/yunming-metal.com\/es\/producto\/barra-plana-de-acero-inoxidable\/\" \/>\n<meta property=\"og:locale\" content=\"es_ES\" \/>\n<meta property=\"og:type\" content=\"article\" \/>\n<meta property=\"og:title\" content=\"Stainless Steel Flat Bar\" \/>\n<meta property=\"og:description\" content=\"High-performance stainless steel flat bars in 304, 316L, duplex, and more. Hot rolled and cold drawn options. Custom sizes and finishes available.\" \/>\n<meta property=\"og:url\" content=\"https:\/\/yunming-metal.com\/es\/producto\/barra-plana-de-acero-inoxidable\/\" \/>\n<meta property=\"og:site_name\" content=\"Yunming Metal - Stainless Steel Manufacturer &amp; Supplier\" \/>\n<meta property=\"article:publisher\" content=\"https:\/\/www.facebook.com\/YunmingMetal\" \/>\n<meta property=\"article:modified_time\" content=\"2025-05-08T10:31:17+00:00\" \/>\n<meta property=\"og:image\" content=\"https:\/\/yunming-metal.com\/wp-content\/uploads\/2024\/10\/polished-stainless-steel-flat-bars-304-316l.jpg\" \/>\n\t<meta property=\"og:image:width\" content=\"1500\" \/>\n\t<meta property=\"og:image:height\" content=\"1500\" \/>\n\t<meta property=\"og:image:type\" content=\"image\/jpeg\" \/>\n<meta name=\"twitter:card\" content=\"summary_large_image\" \/>\n<meta name=\"twitter:site\" content=\"@fan_yunmimetal\" \/>\n<meta name=\"twitter:label1\" content=\"Tiempo de lectura\" \/>\n\t<meta name=\"twitter:data1\" content=\"3 minutos\" \/>\n<script type=\"application\/ld+json\" class=\"yoast-schema-graph\">{\"@context\":\"https:\/\/schema.org\",\"@graph\":[{\"@type\":\"WebPage\",\"@id\":\"https:\/\/yunming-metal.com\/product\/stainless-steel-flat-bar\/\",\"url\":\"https:\/\/yunming-metal.com\/product\/stainless-steel-flat-bar\/\",\"name\":\"Stainless Steel Flat Bar | 304\/316L\/Duplex | Hot & Cold Finish\",\"isPartOf\":{\"@id\":\"https:\/\/yunming-metal.com\/#website\"},\"primaryImageOfPage\":{\"@id\":\"https:\/\/yunming-metal.com\/product\/stainless-steel-flat-bar\/#primaryimage\"},\"image\":{\"@id\":\"https:\/\/yunming-metal.com\/product\/stainless-steel-flat-bar\/#primaryimage\"},\"thumbnailUrl\":\"https:\/\/yunming-metal.com\/wp-content\/uploads\/2024\/10\/polished-stainless-steel-flat-bars-304-316l.jpg\",\"datePublished\":\"2024-10-24T15:30:59+00:00\",\"dateModified\":\"2025-05-08T10:31:17+00:00\",\"description\":\"High-performance stainless steel flat bars in 304, 316L, duplex, and more. Hot rolled and cold drawn options. Custom sizes and finishes available.\",\"breadcrumb\":{\"@id\":\"https:\/\/yunming-metal.com\/product\/stainless-steel-flat-bar\/#breadcrumb\"},\"inLanguage\":\"es\",\"potentialAction\":[{\"@type\":\"ReadAction\",\"target\":[\"https:\/\/yunming-metal.com\/product\/stainless-steel-flat-bar\/\"]}]},{\"@type\":\"ImageObject\",\"inLanguage\":\"es\",\"@id\":\"https:\/\/yunming-metal.com\/product\/stainless-steel-flat-bar\/#primaryimage\",\"url\":\"https:\/\/yunming-metal.com\/wp-content\/uploads\/2024\/10\/polished-stainless-steel-flat-bars-304-316l.jpg\",\"contentUrl\":\"https:\/\/yunming-metal.com\/wp-content\/uploads\/2024\/10\/polished-stainless-steel-flat-bars-304-316l.jpg\",\"width\":1500,\"height\":1500,\"caption\":\"Precision-cut stainless steel flat bars for structural and industrial use\"},{\"@type\":\"BreadcrumbList\",\"@id\":\"https:\/\/yunming-metal.com\/product\/stainless-steel-flat-bar\/#breadcrumb\",\"itemListElement\":[{\"@type\":\"ListItem\",\"position\":1,\"name\":\"\u9996\u9875\",\"item\":\"https:\/\/yunming-metal.com\/\"},{\"@type\":\"ListItem\",\"position\":2,\"name\":\"Products\",\"item\":\"https:\/\/yunming-metal.com\/shop\/\"},{\"@type\":\"ListItem\",\"position\":3,\"name\":\"Stainless Steel Flat Bar\"}]},{\"@type\":\"WebSite\",\"@id\":\"https:\/\/yunming-metal.com\/#website\",\"url\":\"https:\/\/yunming-metal.com\/\",\"name\":\"yunming-metal.com\",\"description\":\"High-Quality Stainless Steel Pipes, Plates &amp; Flanges\",\"publisher\":{\"@id\":\"https:\/\/yunming-metal.com\/#organization\"},\"potentialAction\":[{\"@type\":\"SearchAction\",\"target\":{\"@type\":\"EntryPoint\",\"urlTemplate\":\"https:\/\/yunming-metal.com\/?s={search_term_string}\"},\"query-input\":{\"@type\":\"PropertyValueSpecification\",\"valueRequired\":true,\"valueName\":\"search_term_string\"}}],\"inLanguage\":\"es\"},{\"@type\":\"Organization\",\"@id\":\"https:\/\/yunming-metal.com\/#organization\",\"name\":\"Yunming MetalY\",\"alternateName\":\"Yunming Stainless Steel\",\"url\":\"https:\/\/yunming-metal.com\/\",\"logo\":{\"@type\":\"ImageObject\",\"inLanguage\":\"es\",\"@id\":\"https:\/\/yunming-metal.com\/#\/schema\/logo\/image\/\",\"url\":\"https:\/\/yunming-metal.com\/wp-content\/uploads\/2025\/04\/yunming-metal-logo-featuring-a-minimalist-am-design-representing.png\",\"contentUrl\":\"https:\/\/yunming-metal.com\/wp-content\/uploads\/2025\/04\/yunming-metal-logo-featuring-a-minimalist-am-design-representing.png\",\"width\":300,\"height\":300,\"caption\":\"Yunming MetalY\"},\"image\":{\"@id\":\"https:\/\/yunming-metal.com\/#\/schema\/logo\/image\/\"},\"sameAs\":[\"https:\/\/www.facebook.com\/YunmingMetal\",\"https:\/\/x.com\/fan_yunmimetal\",\"https:\/\/www.linkedin.com\/company\/yunming-metal\/\",\"https:\/\/www.instagram.com\/nora_jiang8\/\",\"https:\/\/www.youtube.com\/@yunmingmetal1\",\"https:\/\/www.tiktok.com\/@yunming_metal\"]}]}<\/script>\n<!-- \/ Yoast SEO Premium plugin. -->","yoast_head_json":{"title":"Stainless Steel Flat Bar | 304\/316L\/Duplex | Hot & Cold Finish","description":"High-performance stainless steel flat bars in 304, 316L, duplex, and more. Hot rolled and cold drawn options. Custom sizes and finishes available.","robots":{"index":"index","follow":"follow","max-snippet":"max-snippet:-1","max-image-preview":"max-image-preview:large","max-video-preview":"max-video-preview:-1"},"canonical":"https:\/\/yunming-metal.com\/es\/producto\/barra-plana-de-acero-inoxidable\/","og_locale":"es_ES","og_type":"article","og_title":"Stainless Steel Flat Bar","og_description":"High-performance stainless steel flat bars in 304, 316L, duplex, and more. Hot rolled and cold drawn options. Custom sizes and finishes available.","og_url":"https:\/\/yunming-metal.com\/es\/producto\/barra-plana-de-acero-inoxidable\/","og_site_name":"Yunming Metal - Stainless Steel Manufacturer &amp; Supplier","article_publisher":"https:\/\/www.facebook.com\/YunmingMetal","article_modified_time":"2025-05-08T10:31:17+00:00","og_image":[{"width":1500,"height":1500,"url":"https:\/\/yunming-metal.com\/wp-content\/uploads\/2024\/10\/polished-stainless-steel-flat-bars-304-316l.jpg","type":"image\/jpeg"}],"twitter_card":"summary_large_image","twitter_site":"@fan_yunmimetal","twitter_misc":{"Tiempo de lectura":"3 minutos"},"schema":{"@context":"https:\/\/schema.org","@graph":[{"@type":"WebPage","@id":"https:\/\/yunming-metal.com\/product\/stainless-steel-flat-bar\/","url":"https:\/\/yunming-metal.com\/product\/stainless-steel-flat-bar\/","name":"Stainless Steel Flat Bar | 304\/316L\/Duplex | Hot & Cold Finish","isPartOf":{"@id":"https:\/\/yunming-metal.com\/#website"},"primaryImageOfPage":{"@id":"https:\/\/yunming-metal.com\/product\/stainless-steel-flat-bar\/#primaryimage"},"image":{"@id":"https:\/\/yunming-metal.com\/product\/stainless-steel-flat-bar\/#primaryimage"},"thumbnailUrl":"https:\/\/yunming-metal.com\/wp-content\/uploads\/2024\/10\/polished-stainless-steel-flat-bars-304-316l.jpg","datePublished":"2024-10-24T15:30:59+00:00","dateModified":"2025-05-08T10:31:17+00:00","description":"High-performance stainless steel flat bars in 304, 316L, duplex, and more. Hot rolled and cold drawn options. Custom sizes and finishes available.","breadcrumb":{"@id":"https:\/\/yunming-metal.com\/product\/stainless-steel-flat-bar\/#breadcrumb"},"inLanguage":"es","potentialAction":[{"@type":"ReadAction","target":["https:\/\/yunming-metal.com\/product\/stainless-steel-flat-bar\/"]}]},{"@type":"ImageObject","inLanguage":"es","@id":"https:\/\/yunming-metal.com\/product\/stainless-steel-flat-bar\/#primaryimage","url":"https:\/\/yunming-metal.com\/wp-content\/uploads\/2024\/10\/polished-stainless-steel-flat-bars-304-316l.jpg","contentUrl":"https:\/\/yunming-metal.com\/wp-content\/uploads\/2024\/10\/polished-stainless-steel-flat-bars-304-316l.jpg","width":1500,"height":1500,"caption":"Precision-cut stainless steel flat bars for structural and industrial use"},{"@type":"BreadcrumbList","@id":"https:\/\/yunming-metal.com\/product\/stainless-steel-flat-bar\/#breadcrumb","itemListElement":[{"@type":"ListItem","position":1,"name":"\u9996\u9875","item":"https:\/\/yunming-metal.com\/"},{"@type":"ListItem","position":2,"name":"Products","item":"https:\/\/yunming-metal.com\/shop\/"},{"@type":"ListItem","position":3,"name":"Stainless Steel Flat Bar"}]},{"@type":"WebSite","@id":"https:\/\/yunming-metal.com\/#website","url":"https:\/\/yunming-metal.com\/","name":"yunming-metal.com","description":"High-Quality Stainless Steel Pipes, Plates &amp; Flanges","publisher":{"@id":"https:\/\/yunming-metal.com\/#organization"},"potentialAction":[{"@type":"SearchAction","target":{"@type":"EntryPoint","urlTemplate":"https:\/\/yunming-metal.com\/?s={search_term_string}"},"query-input":{"@type":"PropertyValueSpecification","valueRequired":true,"valueName":"search_term_string"}}],"inLanguage":"es"},{"@type":"Organization","@id":"https:\/\/yunming-metal.com\/#organization","name":"Yunming MetalY","alternateName":"Yunming Stainless Steel","url":"https:\/\/yunming-metal.com\/","logo":{"@type":"ImageObject","inLanguage":"es","@id":"https:\/\/yunming-metal.com\/#\/schema\/logo\/image\/","url":"https:\/\/yunming-metal.com\/wp-content\/uploads\/2025\/04\/yunming-metal-logo-featuring-a-minimalist-am-design-representing.png","contentUrl":"https:\/\/yunming-metal.com\/wp-content\/uploads\/2025\/04\/yunming-metal-logo-featuring-a-minimalist-am-design-representing.png","width":300,"height":300,"caption":"Yunming MetalY"},"image":{"@id":"https:\/\/yunming-metal.com\/#\/schema\/logo\/image\/"},"sameAs":["https:\/\/www.facebook.com\/YunmingMetal","https:\/\/x.com\/fan_yunmimetal","https:\/\/www.linkedin.com\/company\/yunming-metal\/","https:\/\/www.instagram.com\/nora_jiang8\/","https:\/\/www.youtube.com\/@yunmingmetal1","https:\/\/www.tiktok.com\/@yunming_metal"]}]}},"_links":{"self":[{"href":"https:\/\/yunming-metal.com\/es\/wp-json\/wp\/v2\/product\/2116","targetHints":{"allow":["GET"]}}],"collection":[{"href":"https:\/\/yunming-metal.com\/es\/wp-json\/wp\/v2\/product"}],"about":[{"href":"https:\/\/yunming-metal.com\/es\/wp-json\/wp\/v2\/types\/product"}],"replies":[{"embeddable":true,"href":"https:\/\/yunming-metal.com\/es\/wp-json\/wp\/v2\/comments?post=2116"}],"wp:featuredmedia":[{"embeddable":true,"href":"https:\/\/yunming-metal.com\/es\/wp-json\/wp\/v2\/media\/4677"}],"wp:attachment":[{"href":"https:\/\/yunming-metal.com\/es\/wp-json\/wp\/v2\/media?parent=2116"}],"wp:term":[{"taxonomy":"product_brand","embeddable":true,"href":"https:\/\/yunming-metal.com\/es\/wp-json\/wp\/v2\/product_brand?post=2116"},{"taxonomy":"product_cat","embeddable":true,"href":"https:\/\/yunming-metal.com\/es\/wp-json\/wp\/v2\/product_cat?post=2116"},{"taxonomy":"product_tag","embeddable":true,"href":"https:\/\/yunming-metal.com\/es\/wp-json\/wp\/v2\/product_tag?post=2116"}],"curies":[{"name":"wp","href":"https:\/\/api.w.org\/{rel}","templated":true}]}}