{"id":2123,"date":"2024-10-24T15:33:43","date_gmt":"2024-10-24T15:33:43","guid":{"rendered":"https:\/\/yunming-metal.com\/?post_type=product&#038;p=2123"},"modified":"2025-05-08T19:27:09","modified_gmt":"2025-05-08T11:27:09","slug":"stainless-steel-angle-bar","status":"publish","type":"product","link":"https:\/\/yunming-metal.com\/es\/producto\/barra-angular-de-acero-inoxidable\/","title":{"rendered":"\u00c1ngulo de acero inoxidable"},"content":{"rendered":"<h3 class=\"\" data-start=\"66\" data-end=\"90\"><strong data-start=\"70\" data-end=\"90\">Productos<\/strong><\/h3>\n<p class=\"\" data-start=\"92\" data-end=\"501\">Nuestras pletinas de acero inoxidable est\u00e1n fabricadas con materiales de alta calidad, dise\u00f1ados para una amplia gama de aplicaciones industriales. Conocidas por su excelente resistencia, durabilidad y resistencia a la corrosi\u00f3n, estas barras planas son ideales para proyectos que requieren precisi\u00f3n, alto rendimiento y longevidad. Disponibles en varios tama\u00f1os, ofrecen una flexibilidad excepcional para aplicaciones personalizadas en m\u00faltiples sectores.<\/p>\n<h3 class=\"\" data-start=\"503\" data-end=\"528\"><strong data-start=\"507\" data-end=\"528\">\u00c1mbitos de aplicaci\u00f3n<\/strong><\/h3>\n<ul data-start=\"530\" data-end=\"960\">\n<li class=\"\" data-start=\"530\" data-end=\"611\">\n<p class=\"\" data-start=\"532\" data-end=\"611\"><strong data-start=\"532\" data-end=\"557\">Industria de la construcci\u00f3n<\/strong>: Se utiliza en componentes estructurales, armazones y soportes.<\/p>\n<\/li>\n<li class=\"\" data-start=\"612\" data-end=\"691\">\n<p class=\"\" data-start=\"614\" data-end=\"691\"><strong data-start=\"614\" data-end=\"628\">Automoci\u00f3n<\/strong>: Perfecta para fabricar bastidores de veh\u00edculos y otras piezas de automoci\u00f3n.<\/p>\n<\/li>\n<li class=\"\" data-start=\"692\" data-end=\"780\">\n<p class=\"\" data-start=\"694\" data-end=\"780\"><strong data-start=\"694\" data-end=\"711\">Fabricaci\u00f3n<\/strong>: Ideal para componentes de maquinaria, bastidores de equipos y piezas personalizadas.<\/p>\n<\/li>\n<li class=\"\" data-start=\"781\" data-end=\"877\">\n<p class=\"\" data-start=\"783\" data-end=\"877\"><strong data-start=\"783\" data-end=\"802\">Industria naval<\/strong>: Excelente para entornos de alta corrosi\u00f3n como barcos y construcci\u00f3n naval.<\/p>\n<\/li>\n<li class=\"\" data-start=\"878\" data-end=\"960\">\n<p class=\"\" data-start=\"880\" data-end=\"960\"><strong data-start=\"880\" data-end=\"899\">Procesado de alimentos<\/strong>: Cumple las normas de higiene para superficies en contacto con alimentos.<\/p>\n<\/li>\n<\/ul>\n<h3 class=\"\" data-start=\"962\" data-end=\"986\"><strong data-start=\"966\" data-end=\"986\">Caracter\u00edsticas del producto<\/strong><\/h3>\n<ul data-start=\"988\" data-end=\"1508\">\n<li class=\"\" data-start=\"988\" data-end=\"1111\">\n<p class=\"\" data-start=\"990\" data-end=\"1111\"><strong data-start=\"990\" data-end=\"1007\">Alta resistencia<\/strong>: Las barras planas de acero inoxidable ofrecen una resistencia superior, por lo que son adecuadas para aplicaciones de gran resistencia.<\/p>\n<\/li>\n<li class=\"\" data-start=\"1112\" data-end=\"1207\">\n<p class=\"\" data-start=\"1114\" data-end=\"1207\"><strong data-start=\"1114\" data-end=\"1137\">Resistente a la corrosi\u00f3n<\/strong>: Excelente resistencia a la corrosi\u00f3n, incluso en entornos dif\u00edciles.<\/p>\n<\/li>\n<li class=\"\" data-start=\"1208\" data-end=\"1308\">\n<p class=\"\" data-start=\"1210\" data-end=\"1308\"><strong data-start=\"1210\" data-end=\"1236\">Aplicaciones vers\u00e1tiles<\/strong>: Se puede personalizar para satisfacer requisitos espec\u00edficos de diversas industrias.<\/p>\n<\/li>\n<li class=\"\" data-start=\"1309\" data-end=\"1412\">\n<p class=\"\" data-start=\"1311\" data-end=\"1412\"><strong data-start=\"1311\" data-end=\"1325\">Durabilidad<\/strong>: Dise\u00f1ado para un rendimiento duradero, reduciendo la necesidad de reemplazos frecuentes.<\/p>\n<\/li>\n<li class=\"\" data-start=\"1413\" data-end=\"1508\">\n<p class=\"\" data-start=\"1415\" data-end=\"1508\"><strong data-start=\"1415\" data-end=\"1432\">Corte de precisi\u00f3n<\/strong>: Disponible en medidas exactas, garantizando un ajuste perfecto para sus proyectos.<\/p>\n<\/li>\n<\/ul>\n<h3 class=\"\" data-start=\"1510\" data-end=\"1542\"><strong data-start=\"1514\" data-end=\"1542\">Especificaciones t\u00e9cnicas<\/strong><\/h3>\n<div class=\"_tableContainer_16hzy_1\">\n<div class=\"_tableWrapper_16hzy_14 group flex w-fit flex-col-reverse\" tabindex=\"-1\">\n<table class=\"w-fit min-w-(--thread-content-width)\" data-start=\"1544\" data-end=\"1978\">\n<thead data-start=\"1544\" data-end=\"1595\">\n<tr data-start=\"1544\" data-end=\"1595\">\n<th data-start=\"1544\" data-end=\"1561\" data-col-size=\"sm\"><strong data-start=\"1546\" data-end=\"1559\">Dimensi\u00f3n<\/strong><\/th>\n<th data-start=\"1561\" data-end=\"1595\" data-col-size=\"md\"><strong data-start=\"1563\" data-end=\"1572\">Gama<\/strong><\/th>\n<\/tr>\n<\/thead>\n<tbody data-start=\"1648\" data-end=\"1978\">\n<tr data-start=\"1648\" data-end=\"1699\">\n<td data-start=\"1648\" data-end=\"1665\" data-col-size=\"sm\">Anchura<\/td>\n<td data-col-size=\"md\" data-start=\"1665\" data-end=\"1699\">10 mm - 200 mm (1\/2\" - 8\")<\/td>\n<\/tr>\n<tr data-start=\"1700\" data-end=\"1751\">\n<td data-start=\"1700\" data-end=\"1717\" data-col-size=\"sm\">Espesor<\/td>\n<td data-start=\"1717\" data-end=\"1751\" data-col-size=\"md\">2 mm - 50 mm (1\/16\" - 2\")<\/td>\n<\/tr>\n<tr data-start=\"1752\" data-end=\"1814\">\n<td data-start=\"1752\" data-end=\"1769\" data-col-size=\"sm\">Longitud<\/td>\n<td data-start=\"1769\" data-end=\"1814\" data-col-size=\"md\">Hasta 6 metros (longitudes personalizadas disponibles)<\/td>\n<\/tr>\n<tr data-start=\"1815\" data-end=\"1873\">\n<td data-start=\"1815\" data-end=\"1832\" data-col-size=\"sm\">Calidad del material<\/td>\n<td data-start=\"1832\" data-end=\"1873\" data-col-size=\"md\">304, 316L, 310S, 2205, 2507, etc.<\/td>\n<\/tr>\n<tr data-start=\"1874\" data-end=\"1926\">\n<td data-start=\"1874\" data-end=\"1892\" data-col-size=\"sm\">Acabado<\/td>\n<td data-start=\"1892\" data-end=\"1926\" data-col-size=\"md\">Laminado en fr\u00edo, Laminado en caliente<\/td>\n<\/tr>\n<tr data-start=\"1927\" data-end=\"1978\">\n<td data-start=\"1927\" data-end=\"1944\" data-col-size=\"sm\">Superficie<\/td>\n<td data-col-size=\"md\" data-start=\"1944\" data-end=\"1978\">Brillante, Fresado, Satinado<\/td>\n<\/tr>\n<\/tbody>\n<\/table>\n<div class=\"sticky end-(--thread-content-margin) h-0 self-end select-none\">\n<div class=\"absolute end-0 flex items-end\"><\/div>\n<\/div>\n<\/div>\n<\/div>\n<h3 class=\"\" data-start=\"1980\" data-end=\"2009\"><strong data-start=\"1984\" data-end=\"2009\">Proceso de fabricaci\u00f3n<\/strong><\/h3>\n<p class=\"\" data-start=\"2011\" data-end=\"2289\">Nuestras pletinas de acero inoxidable se fabrican mediante un proceso de laminado de alta precisi\u00f3n para garantizar un acabado superficial y una precisi\u00f3n dimensional superiores. Se someten a rigurosos procedimientos de control de calidad para cumplir las normas internacionales de solidez, resistencia a la corrosi\u00f3n y durabilidad.<\/p>\n<h3 class=\"\" data-start=\"2291\" data-end=\"2302\"><strong data-start=\"2295\" data-end=\"2302\">PREGUNTAS FRECUENTES<\/strong><\/h3>\n<p class=\"\" data-start=\"2304\" data-end=\"2576\"><strong data-start=\"2304\" data-end=\"2379\">P: \u00bfCu\u00e1les son las aplicaciones m\u00e1s comunes de las pletinas de acero inoxidable?<\/strong><br data-start=\"2379\" data-end=\"2382\" \/>R: Las barras planas de acero inoxidable se utilizan habitualmente en los sectores de la construcci\u00f3n, la automoci\u00f3n, la fabricaci\u00f3n, la n\u00e1utica y la industria alimentaria debido a su resistencia, durabilidad y resistencia a la corrosi\u00f3n.<\/p>\n<p class=\"\" data-start=\"2578\" data-end=\"2772\"><strong data-start=\"2578\" data-end=\"2638\">P: \u00bfPuedo obtener tama\u00f1os personalizados para las pletinas de acero inoxidable?<\/strong><br data-start=\"2638\" data-end=\"2641\" \/>R: S\u00ed, ofrecemos tama\u00f1os personalizados para satisfacer las necesidades espec\u00edficas de su proyecto. P\u00f3ngase en contacto con nosotros con sus requisitos para obtener soluciones a medida.<\/p>\n<p class=\"\" data-start=\"2774\" data-end=\"2972\"><strong data-start=\"2774\" data-end=\"2825\">P: \u00bfQu\u00e9 calidades de acero inoxidable ofrecen?<\/strong><br data-start=\"2825\" data-end=\"2828\" \/>R: Disponemos de una amplia gama de calidades de acero inoxidable, como 304, 316L, 310S, d\u00faplex 2205 y 2507. Los grados personalizados est\u00e1n disponibles bajo petici\u00f3n.<\/p>\n<p class=\"\" data-start=\"2974\" data-end=\"3172\"><strong data-start=\"2974\" data-end=\"3033\">P: \u00bfEst\u00e1n disponibles estas pletinas en distintos acabados?<\/strong><br data-start=\"3033\" data-end=\"3036\" \/>R: S\u00ed, ofrecemos barras planas de acero inoxidable en diversos acabados, como brillante, fresado y satinado, en funci\u00f3n de sus necesidades espec\u00edficas.<\/p>\n<h3 class=\"\" data-start=\"3174\" data-end=\"3205\"><strong data-start=\"3178\" data-end=\"3203\">\u00bfA\u00fan tiene preguntas?<\/strong><\/h3>\n<p class=\"\" data-start=\"3206\" data-end=\"3408\">No dude en <a href=\"https:\/\/yunming-metal.com\/es\/pongase-en-contacto-con\/\">Contacto<\/a> para obtener m\u00e1s informaci\u00f3n o comentar sus necesidades de barras planas de acero inoxidable personalizadas. Nuestro equipo de asistencia t\u00e9cnica est\u00e1 a su disposici\u00f3n para ayudarle con las especificaciones, certificaciones y entregas.<\/p>","protected":false},"excerpt":{"rendered":"<p>Yunming Metal ofrece barras planas de acero inoxidable de primera calidad, disponibles en varios grados, incluidos 304, 316L y d\u00faplex 2205. Estas barras planas son muy duraderas, resistentes a la corrosi\u00f3n y vers\u00e1tiles, por lo que son ideales para su uso en la construcci\u00f3n, la automoci\u00f3n, la fabricaci\u00f3n y las industrias marinas. Disponemos de tama\u00f1os y acabados personalizados para satisfacer los requisitos espec\u00edficos de cada proyecto, garantizando un alto rendimiento y una larga vida \u00fatil en entornos exigentes.<\/p>","protected":false},"featured_media":4685,"comment_status":"open","ping_status":"closed","template":"","meta":{"site-sidebar-layout":"default","site-content-layout":"","ast-site-content-layout":"default","site-content-style":"default","site-sidebar-style":"default","ast-global-header-display":"","ast-banner-title-visibility":"","ast-main-header-display":"","ast-hfb-above-header-display":"","ast-hfb-below-header-display":"","ast-hfb-mobile-header-display":"","site-post-title":"","ast-breadcrumbs-content":"","ast-featured-img":"","footer-sml-layout":"","theme-transparent-header-meta":"default","adv-header-id-meta":"","stick-header-meta":"","header-above-stick-meta":"","header-main-stick-meta":"","header-below-stick-meta":"","astra-migrate-meta-layouts":"set","ast-page-background-enabled":"default","ast-page-background-meta":{"desktop":{"background-color":"","background-image":"","background-repeat":"repeat","background-position":"center center","background-size":"auto","background-attachment":"scroll","background-type":"","background-media":"","overlay-type":"","overlay-color":"","overlay-opacity":"","overlay-gradient":""},"tablet":{"background-color":"","background-image":"","background-repeat":"repeat","background-position":"center center","background-size":"auto","background-attachment":"scroll","background-type":"","background-media":"","overlay-type":"","overlay-color":"","overlay-opacity":"","overlay-gradient":""},"mobile":{"background-color":"","background-image":"","background-repeat":"repeat","background-position":"center center","background-size":"auto","background-attachment":"scroll","background-type":"","background-media":"","overlay-type":"","overlay-color":"","overlay-opacity":"","overlay-gradient":""}},"ast-content-background-meta":{"desktop":{"background-color":"var(--ast-global-color-5)","background-image":"","background-repeat":"repeat","background-position":"center center","background-size":"auto","background-attachment":"scroll","background-type":"","background-media":"","overlay-type":"","overlay-color":"","overlay-opacity":"","overlay-gradient":""},"tablet":{"background-color":"var(--ast-global-color-5)","background-image":"","background-repeat":"repeat","background-position":"center center","background-size":"auto","background-attachment":"scroll","background-type":"","background-media":"","overlay-type":"","overlay-color":"","overlay-opacity":"","overlay-gradient":""},"mobile":{"background-color":"var(--ast-global-color-5)","background-image":"","background-repeat":"repeat","background-position":"center center","background-size":"auto","background-attachment":"scroll","background-type":"","background-media":"","overlay-type":"","overlay-color":"","overlay-opacity":"","overlay-gradient":""}}},"product_brand":[],"product_cat":[22],"product_tag":[],"class_list":{"0":"post-2123","1":"product","2":"type-product","3":"status-publish","4":"has-post-thumbnail","6":"product_cat-stainless-steel-bar-profile","7":"desktop-align-left","8":"tablet-align-left","9":"mobile-align-left","11":"first","12":"instock","13":"shipping-taxable","14":"product-type-simple"},"yoast_head":"<!-- This site is optimized with the Yoast SEO Premium plugin v24.9 (Yoast SEO v26.8) - https:\/\/yoast.com\/product\/yoast-seo-premium-wordpress\/ -->\n<title>Stainless Steel Flat Bar \u2013 Durable &amp; Corrosion-Resistant | Yunming<\/title>\n<meta name=\"description\" content=\"Explore our durable stainless steel flat bars, available in various grades and sizes. Ideal for industrial use. Custom sizes and finishes available.\" \/>\n<meta name=\"robots\" content=\"index, follow, max-snippet:-1, max-image-preview:large, max-video-preview:-1\" \/>\n<link rel=\"canonical\" href=\"https:\/\/yunming-metal.com\/es\/producto\/barra-angular-de-acero-inoxidable\/\" \/>\n<meta property=\"og:locale\" content=\"es_ES\" \/>\n<meta property=\"og:type\" content=\"article\" \/>\n<meta property=\"og:title\" content=\"Stainless Steel Angle Bar\" \/>\n<meta property=\"og:description\" content=\"Explore our durable stainless steel flat bars, available in various grades and sizes. Ideal for industrial use. Custom sizes and finishes available.\" \/>\n<meta property=\"og:url\" content=\"https:\/\/yunming-metal.com\/es\/producto\/barra-angular-de-acero-inoxidable\/\" \/>\n<meta property=\"og:site_name\" content=\"Yunming Metal - Stainless Steel Manufacturer &amp; Supplier\" \/>\n<meta property=\"article:publisher\" content=\"https:\/\/www.facebook.com\/YunmingMetal\" \/>\n<meta property=\"article:modified_time\" content=\"2025-05-08T11:27:09+00:00\" \/>\n<meta property=\"og:image\" content=\"https:\/\/yunming-metal.com\/wp-content\/uploads\/2024\/10\/stainless-steel-angle-bars-stacked-neatly.jpg\" \/>\n\t<meta property=\"og:image:width\" content=\"800\" \/>\n\t<meta property=\"og:image:height\" content=\"800\" \/>\n\t<meta property=\"og:image:type\" content=\"image\/jpeg\" \/>\n<meta name=\"twitter:card\" content=\"summary_large_image\" \/>\n<meta name=\"twitter:site\" content=\"@fan_yunmimetal\" \/>\n<meta name=\"twitter:label1\" content=\"Tiempo de lectura\" \/>\n\t<meta name=\"twitter:data1\" content=\"3 minutos\" \/>\n<script type=\"application\/ld+json\" class=\"yoast-schema-graph\">{\"@context\":\"https:\/\/schema.org\",\"@graph\":[{\"@type\":\"WebPage\",\"@id\":\"https:\/\/yunming-metal.com\/product\/stainless-steel-angle-bar\/\",\"url\":\"https:\/\/yunming-metal.com\/product\/stainless-steel-angle-bar\/\",\"name\":\"Stainless Steel Flat Bar \u2013 Durable & Corrosion-Resistant | Yunming\",\"isPartOf\":{\"@id\":\"https:\/\/yunming-metal.com\/#website\"},\"primaryImageOfPage\":{\"@id\":\"https:\/\/yunming-metal.com\/product\/stainless-steel-angle-bar\/#primaryimage\"},\"image\":{\"@id\":\"https:\/\/yunming-metal.com\/product\/stainless-steel-angle-bar\/#primaryimage\"},\"thumbnailUrl\":\"https:\/\/yunming-metal.com\/wp-content\/uploads\/2024\/10\/stainless-steel-angle-bars-stacked-neatly.jpg\",\"datePublished\":\"2024-10-24T15:33:43+00:00\",\"dateModified\":\"2025-05-08T11:27:09+00:00\",\"description\":\"Explore our durable stainless steel flat bars, available in various grades and sizes. Ideal for industrial use. Custom sizes and finishes available.\",\"breadcrumb\":{\"@id\":\"https:\/\/yunming-metal.com\/product\/stainless-steel-angle-bar\/#breadcrumb\"},\"inLanguage\":\"es\",\"potentialAction\":[{\"@type\":\"ReadAction\",\"target\":[\"https:\/\/yunming-metal.com\/product\/stainless-steel-angle-bar\/\"]}]},{\"@type\":\"ImageObject\",\"inLanguage\":\"es\",\"@id\":\"https:\/\/yunming-metal.com\/product\/stainless-steel-angle-bar\/#primaryimage\",\"url\":\"https:\/\/yunming-metal.com\/wp-content\/uploads\/2024\/10\/stainless-steel-angle-bars-stacked-neatly.jpg\",\"contentUrl\":\"https:\/\/yunming-metal.com\/wp-content\/uploads\/2024\/10\/stainless-steel-angle-bars-stacked-neatly.jpg\",\"width\":800,\"height\":800,\"caption\":\"High-quality stainless steel angle bars, stacked for efficient storage and easy access.\"},{\"@type\":\"BreadcrumbList\",\"@id\":\"https:\/\/yunming-metal.com\/product\/stainless-steel-angle-bar\/#breadcrumb\",\"itemListElement\":[{\"@type\":\"ListItem\",\"position\":1,\"name\":\"\u9996\u9875\",\"item\":\"https:\/\/yunming-metal.com\/\"},{\"@type\":\"ListItem\",\"position\":2,\"name\":\"Products\",\"item\":\"https:\/\/yunming-metal.com\/shop\/\"},{\"@type\":\"ListItem\",\"position\":3,\"name\":\"Stainless Steel Angle Bar\"}]},{\"@type\":\"WebSite\",\"@id\":\"https:\/\/yunming-metal.com\/#website\",\"url\":\"https:\/\/yunming-metal.com\/\",\"name\":\"yunming-metal.com\",\"description\":\"High-Quality Stainless Steel Pipes, Plates &amp; Flanges\",\"publisher\":{\"@id\":\"https:\/\/yunming-metal.com\/#organization\"},\"potentialAction\":[{\"@type\":\"SearchAction\",\"target\":{\"@type\":\"EntryPoint\",\"urlTemplate\":\"https:\/\/yunming-metal.com\/?s={search_term_string}\"},\"query-input\":{\"@type\":\"PropertyValueSpecification\",\"valueRequired\":true,\"valueName\":\"search_term_string\"}}],\"inLanguage\":\"es\"},{\"@type\":\"Organization\",\"@id\":\"https:\/\/yunming-metal.com\/#organization\",\"name\":\"Yunming MetalY\",\"alternateName\":\"Yunming Stainless Steel\",\"url\":\"https:\/\/yunming-metal.com\/\",\"logo\":{\"@type\":\"ImageObject\",\"inLanguage\":\"es\",\"@id\":\"https:\/\/yunming-metal.com\/#\/schema\/logo\/image\/\",\"url\":\"https:\/\/yunming-metal.com\/wp-content\/uploads\/2025\/04\/yunming-metal-logo-featuring-a-minimalist-am-design-representing.png\",\"contentUrl\":\"https:\/\/yunming-metal.com\/wp-content\/uploads\/2025\/04\/yunming-metal-logo-featuring-a-minimalist-am-design-representing.png\",\"width\":300,\"height\":300,\"caption\":\"Yunming MetalY\"},\"image\":{\"@id\":\"https:\/\/yunming-metal.com\/#\/schema\/logo\/image\/\"},\"sameAs\":[\"https:\/\/www.facebook.com\/YunmingMetal\",\"https:\/\/x.com\/fan_yunmimetal\",\"https:\/\/www.linkedin.com\/company\/yunming-metal\/\",\"https:\/\/www.instagram.com\/nora_jiang8\/\",\"https:\/\/www.youtube.com\/@yunmingmetal1\",\"https:\/\/www.tiktok.com\/@yunming_metal\"]}]}<\/script>\n<!-- \/ Yoast SEO Premium plugin. -->","yoast_head_json":{"title":"Stainless Steel Flat Bar \u2013 Durable & Corrosion-Resistant | Yunming","description":"Explore our durable stainless steel flat bars, available in various grades and sizes. Ideal for industrial use. Custom sizes and finishes available.","robots":{"index":"index","follow":"follow","max-snippet":"max-snippet:-1","max-image-preview":"max-image-preview:large","max-video-preview":"max-video-preview:-1"},"canonical":"https:\/\/yunming-metal.com\/es\/producto\/barra-angular-de-acero-inoxidable\/","og_locale":"es_ES","og_type":"article","og_title":"Stainless Steel Angle Bar","og_description":"Explore our durable stainless steel flat bars, available in various grades and sizes. Ideal for industrial use. Custom sizes and finishes available.","og_url":"https:\/\/yunming-metal.com\/es\/producto\/barra-angular-de-acero-inoxidable\/","og_site_name":"Yunming Metal - Stainless Steel Manufacturer &amp; Supplier","article_publisher":"https:\/\/www.facebook.com\/YunmingMetal","article_modified_time":"2025-05-08T11:27:09+00:00","og_image":[{"width":800,"height":800,"url":"https:\/\/yunming-metal.com\/wp-content\/uploads\/2024\/10\/stainless-steel-angle-bars-stacked-neatly.jpg","type":"image\/jpeg"}],"twitter_card":"summary_large_image","twitter_site":"@fan_yunmimetal","twitter_misc":{"Tiempo de lectura":"3 minutos"},"schema":{"@context":"https:\/\/schema.org","@graph":[{"@type":"WebPage","@id":"https:\/\/yunming-metal.com\/product\/stainless-steel-angle-bar\/","url":"https:\/\/yunming-metal.com\/product\/stainless-steel-angle-bar\/","name":"Stainless Steel Flat Bar \u2013 Durable & Corrosion-Resistant | Yunming","isPartOf":{"@id":"https:\/\/yunming-metal.com\/#website"},"primaryImageOfPage":{"@id":"https:\/\/yunming-metal.com\/product\/stainless-steel-angle-bar\/#primaryimage"},"image":{"@id":"https:\/\/yunming-metal.com\/product\/stainless-steel-angle-bar\/#primaryimage"},"thumbnailUrl":"https:\/\/yunming-metal.com\/wp-content\/uploads\/2024\/10\/stainless-steel-angle-bars-stacked-neatly.jpg","datePublished":"2024-10-24T15:33:43+00:00","dateModified":"2025-05-08T11:27:09+00:00","description":"Explore our durable stainless steel flat bars, available in various grades and sizes. Ideal for industrial use. Custom sizes and finishes available.","breadcrumb":{"@id":"https:\/\/yunming-metal.com\/product\/stainless-steel-angle-bar\/#breadcrumb"},"inLanguage":"es","potentialAction":[{"@type":"ReadAction","target":["https:\/\/yunming-metal.com\/product\/stainless-steel-angle-bar\/"]}]},{"@type":"ImageObject","inLanguage":"es","@id":"https:\/\/yunming-metal.com\/product\/stainless-steel-angle-bar\/#primaryimage","url":"https:\/\/yunming-metal.com\/wp-content\/uploads\/2024\/10\/stainless-steel-angle-bars-stacked-neatly.jpg","contentUrl":"https:\/\/yunming-metal.com\/wp-content\/uploads\/2024\/10\/stainless-steel-angle-bars-stacked-neatly.jpg","width":800,"height":800,"caption":"High-quality stainless steel angle bars, stacked for efficient storage and easy access."},{"@type":"BreadcrumbList","@id":"https:\/\/yunming-metal.com\/product\/stainless-steel-angle-bar\/#breadcrumb","itemListElement":[{"@type":"ListItem","position":1,"name":"\u9996\u9875","item":"https:\/\/yunming-metal.com\/"},{"@type":"ListItem","position":2,"name":"Products","item":"https:\/\/yunming-metal.com\/shop\/"},{"@type":"ListItem","position":3,"name":"Stainless Steel Angle Bar"}]},{"@type":"WebSite","@id":"https:\/\/yunming-metal.com\/#website","url":"https:\/\/yunming-metal.com\/","name":"yunming-metal.com","description":"High-Quality Stainless Steel Pipes, Plates &amp; Flanges","publisher":{"@id":"https:\/\/yunming-metal.com\/#organization"},"potentialAction":[{"@type":"SearchAction","target":{"@type":"EntryPoint","urlTemplate":"https:\/\/yunming-metal.com\/?s={search_term_string}"},"query-input":{"@type":"PropertyValueSpecification","valueRequired":true,"valueName":"search_term_string"}}],"inLanguage":"es"},{"@type":"Organization","@id":"https:\/\/yunming-metal.com\/#organization","name":"Yunming MetalY","alternateName":"Yunming Stainless Steel","url":"https:\/\/yunming-metal.com\/","logo":{"@type":"ImageObject","inLanguage":"es","@id":"https:\/\/yunming-metal.com\/#\/schema\/logo\/image\/","url":"https:\/\/yunming-metal.com\/wp-content\/uploads\/2025\/04\/yunming-metal-logo-featuring-a-minimalist-am-design-representing.png","contentUrl":"https:\/\/yunming-metal.com\/wp-content\/uploads\/2025\/04\/yunming-metal-logo-featuring-a-minimalist-am-design-representing.png","width":300,"height":300,"caption":"Yunming MetalY"},"image":{"@id":"https:\/\/yunming-metal.com\/#\/schema\/logo\/image\/"},"sameAs":["https:\/\/www.facebook.com\/YunmingMetal","https:\/\/x.com\/fan_yunmimetal","https:\/\/www.linkedin.com\/company\/yunming-metal\/","https:\/\/www.instagram.com\/nora_jiang8\/","https:\/\/www.youtube.com\/@yunmingmetal1","https:\/\/www.tiktok.com\/@yunming_metal"]}]}},"_links":{"self":[{"href":"https:\/\/yunming-metal.com\/es\/wp-json\/wp\/v2\/product\/2123","targetHints":{"allow":["GET"]}}],"collection":[{"href":"https:\/\/yunming-metal.com\/es\/wp-json\/wp\/v2\/product"}],"about":[{"href":"https:\/\/yunming-metal.com\/es\/wp-json\/wp\/v2\/types\/product"}],"replies":[{"embeddable":true,"href":"https:\/\/yunming-metal.com\/es\/wp-json\/wp\/v2\/comments?post=2123"}],"wp:featuredmedia":[{"embeddable":true,"href":"https:\/\/yunming-metal.com\/es\/wp-json\/wp\/v2\/media\/4685"}],"wp:attachment":[{"href":"https:\/\/yunming-metal.com\/es\/wp-json\/wp\/v2\/media?parent=2123"}],"wp:term":[{"taxonomy":"product_brand","embeddable":true,"href":"https:\/\/yunming-metal.com\/es\/wp-json\/wp\/v2\/product_brand?post=2123"},{"taxonomy":"product_cat","embeddable":true,"href":"https:\/\/yunming-metal.com\/es\/wp-json\/wp\/v2\/product_cat?post=2123"},{"taxonomy":"product_tag","embeddable":true,"href":"https:\/\/yunming-metal.com\/es\/wp-json\/wp\/v2\/product_tag?post=2123"}],"curies":[{"name":"wp","href":"https:\/\/api.w.org\/{rel}","templated":true}]}}