{"id":2140,"date":"2024-10-24T15:41:08","date_gmt":"2024-10-24T15:41:08","guid":{"rendered":"https:\/\/yunming-metal.com\/?post_type=product&#038;p=2140"},"modified":"2025-04-24T20:51:41","modified_gmt":"2025-04-24T12:51:41","slug":"316-316l-stainless-steel-bar","status":"publish","type":"product","link":"https:\/\/yunming-metal.com\/es\/producto\/316-316l-barra-de-acero-inoxidable\/","title":{"rendered":"Barra de acero inoxidable 316\/316L"},"content":{"rendered":"<div class=\"proddetails-detial-title\" style=\"text-align: center;\">Descripci\u00f3n del producto<\/div>\n<div class=\"proddetails-detial-cont\">\n<div class=\"prodDetail-editor-container\">\n<section>\n<div class=\"cY6krXG row_line\">\n<div class=\"ctysRgrrow_col rowcol\">\n<div class=\"cpVb2kQA btn btnbox btnCont minWidth\">\n<div class=\"cpVb2kQTextBox textBox\"><\/div>\n<\/div>\n<div class=\"listTxt chUkivYA automatic enlarge_detailed_info\">\n<div class=\"textLineP\">\n<div>\n<div>\n<div class=\"sliderTable mt10 mb10 sliderTable-index0\">\n<div class=\"inner\">\n<table border=\"1\">\n<tbody class=\"\">\n<tr class=\"firstRow\" align=\"center\" valign=\"center\">\n<td>Descripci\u00f3n<\/td>\n<td colspan=\"2\">Barra redonda de acero inoxidable<\/td>\n<\/tr>\n<tr align=\"center\" valign=\"center\">\n<td>Material<\/td>\n<td colspan=\"2\">304, 304L, 309S, 310S, 316, 316L,<\/p>\n<p>316Ti, 317, 317L, 321, 347H, 201,<\/p>\n<p>202, 409, 410, 420, 430,<\/p>\n<p>904, 2205, 2507, etc.<\/td>\n<\/tr>\n<tr align=\"center\" valign=\"center\">\n<td>Tipo<\/td>\n<td colspan=\"2\">Redondo, cuadrado, hexagonal, plano, angular<\/td>\n<\/tr>\n<tr align=\"center\" valign=\"center\">\n<td>Superficie<\/td>\n<td colspan=\"2\">Decapado, negro, brillante, pulido, etc.<\/td>\n<\/tr>\n<tr align=\"center\" valign=\"center\">\n<td rowspan=\"6\">Especificaciones<\/td>\n<td>Barra redonda<\/td>\n<td>Di\u00e1metro: 3 mm~800 mm<\/td>\n<\/tr>\n<tr align=\"center\" valign=\"center\">\n<td>Barra angular<\/td>\n<td>Tama\u00f1o : 3mm*20mm*20mm~12mm*100mm*100mm<\/td>\n<\/tr>\n<tr align=\"center\" valign=\"center\">\n<td>Barra cuadrada<\/td>\n<td>Tama\u00f1o : 4mm*4mm~100mm*100mm<\/td>\n<\/tr>\n<tr align=\"center\" valign=\"center\">\n<td rowspan=\"2\">Barra plana<\/td>\n<td>Espesor : 2mm~100mm<\/td>\n<\/tr>\n<tr align=\"center\" valign=\"center\">\n<td>Anchura:10mm~500mm<\/td>\n<\/tr>\n<tr align=\"center\" valign=\"center\">\n<td>Hexagonal<\/td>\n<td>Tama\u00f1o : 2mm~10mm<\/td>\n<\/tr>\n<tr align=\"center\" valign=\"center\">\n<td>Longitud<\/td>\n<td colspan=\"2\">6 m, 5,8 m, 3 m o seg\u00fan las necesidades del cliente<\/td>\n<\/tr>\n<tr align=\"center\" valign=\"center\">\n<td>Duraci\u00f3n del precio<\/td>\n<td colspan=\"2\">EX-Work, FOB, CFR, CIF, CNF<\/td>\n<\/tr>\n<tr align=\"center\" valign=\"center\">\n<td>Plazo de pago<\/td>\n<td colspan=\"2\">T\/T, L\/C, Western union<\/td>\n<\/tr>\n<tr align=\"center\" valign=\"center\">\n<td>Paquete<\/td>\n<td colspan=\"2\">Empaquetado, caja de madera para el paquete est\u00e1ndar de la exportaci\u00f3n.<\/td>\n<\/tr>\n<tr align=\"center\" valign=\"center\">\n<td>Plazo de entrega<\/td>\n<td colspan=\"2\">Seg\u00fan la cantidad del pedido<\/td>\n<\/tr>\n<\/tbody>\n<\/table>\n<\/div>\n<\/div>\n<\/div>\n<\/div>\n<\/div>\n<\/div>\n<\/div>\n<div class=\"cvjK921row_col rowcol\">\n<div class=\"cQOQZ3eA btn btnbox btnCont minWidth\">\n<div class=\"cQOQZ3eTextBox textBox\">PREGUNTAS FRECUENTES<\/div>\n<\/div>\n<div class=\"listTxt cIPBC0xA automatic\">\n<div class=\"textLineP\">\n<p><strong>P: \u00bfSon ustedes comerciantes o fabricantes?<\/strong><br \/>\nR:Somos un proveedor de servicios de adquisici\u00f3n de acero con sede en China y al servicio de todo el mundo para proporcionar a los compradores nacionales y extranjeros de acero e informaci\u00f3n sobre producci\u00f3n, adquisici\u00f3n, ventas, procesamiento y log\u00edstica en un servicio integrado.<\/p>\n<p><strong>P: \u00bfPor qu\u00e9 deber\u00eda elegir los productos de su empresa?<\/strong><\/p>\n<p>R:Nuestras materias primas proceden de Baosteel, Tisco, Shagang, Wisco, Nippon Steel y muchas otras empresas de renombre tanto nacionales como extranjeras. Disponemos de los mejores materiales.<\/p>\n<p>En segundo lugar, nuestra empresa cuenta con un perfecto sistema de garant\u00eda de calidad para asegurarle los mejores productos desde la compra hasta la entrega.<\/p>\n<p>El precio de nuestros productos est\u00e1 en el nivel medio de la industria, y somos famosos por nuestro alto rendimiento de costes. Hay mucho margen para que suban los precios.<\/p>\n<p>Esperamos su solicitud. Le haremos la mejor oferta.<\/p>\n<p><strong>P:\u00bfEntregar\u00e1n la mercanc\u00eda a tiempo?<\/strong><br \/>\nR: S\u00ed, nos comprometemos a ofrecer los mejores productos de calidad y entrega a tiempo, la honestidad es el principio de nuestra empresa.<\/p>\n<p><strong>P:\u00bfPuedo obtener algunas muestras?<\/strong><br \/>\nR: S\u00ed, podemos suministrar muestras gratuitas, pero los gastos de env\u00edo corren a cargo del cliente.<\/p>\n<p><strong>P: \u00bfC\u00f3mo confirmar la calidad del producto antes de hacer el pedido?<\/strong><br \/>\nR: Puede obtener muestras gratuitas, la calidad puede ser inspeccionada por terceros.<\/p>\n<p><strong>P: \u00bfC\u00f3mo puedo recibir su presupuesto lo antes posible?<\/strong><br \/>\nA:El correo electr\u00f3nico y el fax se comprobar\u00e1 dentro de 24 horas, mientras tanto, el Skype, Wechat y WhatsApp estar\u00e1 en l\u00ednea en 24 horas.por favor env\u00edenos su requisito y la informaci\u00f3n de la orden, la especificaci\u00f3n (grado de acero, tama\u00f1o, cantidad, puerto de destino), vamos a elaborar un mejor precio pronto.<\/p>\n<\/div>\n<\/div>\n<\/div>\n<\/div>\n<\/section>\n<\/div>\n<\/div>","protected":false},"excerpt":{"rendered":"<p>Product Description Description Stainless Steel Round Bar Material 304, 304L, 309S, 310S, 316, 316L, 316Ti, 317, 317L, 321, 347H, 201, 202, 409, 410, 420, 430, 904, 2205, 2507, etc Type Round, Square, Hexagonal, Flat, Angle Surface Pickled, Black, Bright, Polishing, etc Specifications Round bar Diameter: 3mm~800mm Angle bar Size : 3mm*20mm*20mm~12mm*100mm*100mm Square bar Size : [&hellip;]<\/p>","protected":false},"featured_media":2141,"comment_status":"open","ping_status":"closed","template":"","meta":{"site-sidebar-layout":"default","site-content-layout":"","ast-site-content-layout":"default","site-content-style":"default","site-sidebar-style":"default","ast-global-header-display":"","ast-banner-title-visibility":"","ast-main-header-display":"","ast-hfb-above-header-display":"","ast-hfb-below-header-display":"","ast-hfb-mobile-header-display":"","site-post-title":"","ast-breadcrumbs-content":"","ast-featured-img":"","footer-sml-layout":"","theme-transparent-header-meta":"default","adv-header-id-meta":"","stick-header-meta":"","header-above-stick-meta":"","header-main-stick-meta":"","header-below-stick-meta":"","astra-migrate-meta-layouts":"set","ast-page-background-enabled":"default","ast-page-background-meta":{"desktop":{"background-color":"","background-image":"","background-repeat":"repeat","background-position":"center center","background-size":"auto","background-attachment":"scroll","background-type":"","background-media":"","overlay-type":"","overlay-color":"","overlay-opacity":"","overlay-gradient":""},"tablet":{"background-color":"","background-image":"","background-repeat":"repeat","background-position":"center center","background-size":"auto","background-attachment":"scroll","background-type":"","background-media":"","overlay-type":"","overlay-color":"","overlay-opacity":"","overlay-gradient":""},"mobile":{"background-color":"","background-image":"","background-repeat":"repeat","background-position":"center center","background-size":"auto","background-attachment":"scroll","background-type":"","background-media":"","overlay-type":"","overlay-color":"","overlay-opacity":"","overlay-gradient":""}},"ast-content-background-meta":{"desktop":{"background-color":"var(--ast-global-color-5)","background-image":"","background-repeat":"repeat","background-position":"center center","background-size":"auto","background-attachment":"scroll","background-type":"","background-media":"","overlay-type":"","overlay-color":"","overlay-opacity":"","overlay-gradient":""},"tablet":{"background-color":"var(--ast-global-color-5)","background-image":"","background-repeat":"repeat","background-position":"center center","background-size":"auto","background-attachment":"scroll","background-type":"","background-media":"","overlay-type":"","overlay-color":"","overlay-opacity":"","overlay-gradient":""},"mobile":{"background-color":"var(--ast-global-color-5)","background-image":"","background-repeat":"repeat","background-position":"center center","background-size":"auto","background-attachment":"scroll","background-type":"","background-media":"","overlay-type":"","overlay-color":"","overlay-opacity":"","overlay-gradient":""}}},"product_brand":[],"product_cat":[71],"product_tag":[],"class_list":{"0":"post-2140","1":"product","2":"type-product","3":"status-publish","4":"has-post-thumbnail","6":"product_cat-materials-center","7":"desktop-align-left","8":"tablet-align-left","9":"mobile-align-left","11":"first","12":"instock","13":"shipping-taxable","14":"product-type-simple"},"yoast_head":"<!-- This site is optimized with the Yoast SEO Premium plugin v24.9 (Yoast SEO v26.8) - https:\/\/yoast.com\/product\/yoast-seo-premium-wordpress\/ -->\n<title>316\/316L Stainless Steel Bar - Yunming Metal - Stainless Steel Manufacturer &amp; Supplier<\/title>\n<meta name=\"robots\" content=\"index, follow, max-snippet:-1, max-image-preview:large, max-video-preview:-1\" \/>\n<link rel=\"canonical\" href=\"https:\/\/yunming-metal.com\/es\/producto\/316-316l-barra-de-acero-inoxidable\/\" \/>\n<meta property=\"og:locale\" content=\"es_ES\" \/>\n<meta property=\"og:type\" content=\"article\" \/>\n<meta property=\"og:title\" content=\"316\/316L Stainless Steel Bar\" \/>\n<meta property=\"og:description\" content=\"Product Description Description Stainless Steel Round Bar Material 304, 304L, 309S, 310S, 316, 316L, 316Ti, 317, 317L, 321, 347H, 201, 202, 409, 410, 420, 430, 904, 2205, 2507, etc Type Round, Square, Hexagonal, Flat, Angle Surface Pickled, Black, Bright, Polishing, etc Specifications Round bar Diameter: 3mm~800mm Angle bar Size : 3mm*20mm*20mm~12mm*100mm*100mm Square bar Size : [&hellip;]\" \/>\n<meta property=\"og:url\" content=\"https:\/\/yunming-metal.com\/es\/producto\/316-316l-barra-de-acero-inoxidable\/\" \/>\n<meta property=\"og:site_name\" content=\"Yunming Metal - Stainless Steel Manufacturer &amp; Supplier\" \/>\n<meta property=\"article:publisher\" content=\"https:\/\/www.facebook.com\/YunmingMetal\" \/>\n<meta property=\"article:modified_time\" content=\"2025-04-24T12:51:41+00:00\" \/>\n<meta property=\"og:image\" content=\"https:\/\/yunming-metal.com\/wp-content\/uploads\/2024\/10\/10001-29.jpg\" \/>\n\t<meta property=\"og:image:width\" content=\"750\" \/>\n\t<meta property=\"og:image:height\" content=\"750\" \/>\n\t<meta property=\"og:image:type\" content=\"image\/jpeg\" \/>\n<meta name=\"twitter:card\" content=\"summary_large_image\" \/>\n<meta name=\"twitter:site\" content=\"@fan_yunmimetal\" \/>\n<meta name=\"twitter:label1\" content=\"Tiempo de lectura\" \/>\n\t<meta name=\"twitter:data1\" content=\"2 minutos\" \/>\n<script type=\"application\/ld+json\" class=\"yoast-schema-graph\">{\"@context\":\"https:\/\/schema.org\",\"@graph\":[{\"@type\":\"WebPage\",\"@id\":\"https:\/\/yunming-metal.com\/product\/316-316l-stainless-steel-bar\/\",\"url\":\"https:\/\/yunming-metal.com\/product\/316-316l-stainless-steel-bar\/\",\"name\":\"316\/316L Stainless Steel Bar - Yunming Metal - Stainless Steel Manufacturer &amp; Supplier\",\"isPartOf\":{\"@id\":\"https:\/\/yunming-metal.com\/#website\"},\"primaryImageOfPage\":{\"@id\":\"https:\/\/yunming-metal.com\/product\/316-316l-stainless-steel-bar\/#primaryimage\"},\"image\":{\"@id\":\"https:\/\/yunming-metal.com\/product\/316-316l-stainless-steel-bar\/#primaryimage\"},\"thumbnailUrl\":\"https:\/\/yunming-metal.com\/wp-content\/uploads\/2024\/10\/10001-29.jpg\",\"datePublished\":\"2024-10-24T15:41:08+00:00\",\"dateModified\":\"2025-04-24T12:51:41+00:00\",\"breadcrumb\":{\"@id\":\"https:\/\/yunming-metal.com\/product\/316-316l-stainless-steel-bar\/#breadcrumb\"},\"inLanguage\":\"es\",\"potentialAction\":[{\"@type\":\"ReadAction\",\"target\":[\"https:\/\/yunming-metal.com\/product\/316-316l-stainless-steel-bar\/\"]}]},{\"@type\":\"ImageObject\",\"inLanguage\":\"es\",\"@id\":\"https:\/\/yunming-metal.com\/product\/316-316l-stainless-steel-bar\/#primaryimage\",\"url\":\"https:\/\/yunming-metal.com\/wp-content\/uploads\/2024\/10\/10001-29.jpg\",\"contentUrl\":\"https:\/\/yunming-metal.com\/wp-content\/uploads\/2024\/10\/10001-29.jpg\",\"width\":750,\"height\":750},{\"@type\":\"BreadcrumbList\",\"@id\":\"https:\/\/yunming-metal.com\/product\/316-316l-stainless-steel-bar\/#breadcrumb\",\"itemListElement\":[{\"@type\":\"ListItem\",\"position\":1,\"name\":\"\u9996\u9875\",\"item\":\"https:\/\/yunming-metal.com\/\"},{\"@type\":\"ListItem\",\"position\":2,\"name\":\"Products\",\"item\":\"https:\/\/yunming-metal.com\/shop\/\"},{\"@type\":\"ListItem\",\"position\":3,\"name\":\"316\/316L Stainless Steel Bar\"}]},{\"@type\":\"WebSite\",\"@id\":\"https:\/\/yunming-metal.com\/#website\",\"url\":\"https:\/\/yunming-metal.com\/\",\"name\":\"yunming-metal.com\",\"description\":\"High-Quality Stainless Steel Pipes, Plates &amp; Flanges\",\"publisher\":{\"@id\":\"https:\/\/yunming-metal.com\/#organization\"},\"potentialAction\":[{\"@type\":\"SearchAction\",\"target\":{\"@type\":\"EntryPoint\",\"urlTemplate\":\"https:\/\/yunming-metal.com\/?s={search_term_string}\"},\"query-input\":{\"@type\":\"PropertyValueSpecification\",\"valueRequired\":true,\"valueName\":\"search_term_string\"}}],\"inLanguage\":\"es\"},{\"@type\":\"Organization\",\"@id\":\"https:\/\/yunming-metal.com\/#organization\",\"name\":\"Yunming MetalY\",\"alternateName\":\"Yunming Stainless Steel\",\"url\":\"https:\/\/yunming-metal.com\/\",\"logo\":{\"@type\":\"ImageObject\",\"inLanguage\":\"es\",\"@id\":\"https:\/\/yunming-metal.com\/#\/schema\/logo\/image\/\",\"url\":\"https:\/\/yunming-metal.com\/wp-content\/uploads\/2025\/04\/yunming-metal-logo-featuring-a-minimalist-am-design-representing.png\",\"contentUrl\":\"https:\/\/yunming-metal.com\/wp-content\/uploads\/2025\/04\/yunming-metal-logo-featuring-a-minimalist-am-design-representing.png\",\"width\":300,\"height\":300,\"caption\":\"Yunming MetalY\"},\"image\":{\"@id\":\"https:\/\/yunming-metal.com\/#\/schema\/logo\/image\/\"},\"sameAs\":[\"https:\/\/www.facebook.com\/YunmingMetal\",\"https:\/\/x.com\/fan_yunmimetal\",\"https:\/\/www.linkedin.com\/company\/yunming-metal\/\",\"https:\/\/www.instagram.com\/nora_jiang8\/\",\"https:\/\/www.youtube.com\/@yunmingmetal1\",\"https:\/\/www.tiktok.com\/@yunming_metal\"]}]}<\/script>\n<!-- \/ Yoast SEO Premium plugin. -->","yoast_head_json":{"title":"316\/316L Stainless Steel Bar - Yunming Metal - Stainless Steel Manufacturer &amp; Supplier","robots":{"index":"index","follow":"follow","max-snippet":"max-snippet:-1","max-image-preview":"max-image-preview:large","max-video-preview":"max-video-preview:-1"},"canonical":"https:\/\/yunming-metal.com\/es\/producto\/316-316l-barra-de-acero-inoxidable\/","og_locale":"es_ES","og_type":"article","og_title":"316\/316L Stainless Steel Bar","og_description":"Product Description Description Stainless Steel Round Bar Material 304, 304L, 309S, 310S, 316, 316L, 316Ti, 317, 317L, 321, 347H, 201, 202, 409, 410, 420, 430, 904, 2205, 2507, etc Type Round, Square, Hexagonal, Flat, Angle Surface Pickled, Black, Bright, Polishing, etc Specifications Round bar Diameter: 3mm~800mm Angle bar Size : 3mm*20mm*20mm~12mm*100mm*100mm Square bar Size : [&hellip;]","og_url":"https:\/\/yunming-metal.com\/es\/producto\/316-316l-barra-de-acero-inoxidable\/","og_site_name":"Yunming Metal - Stainless Steel Manufacturer &amp; Supplier","article_publisher":"https:\/\/www.facebook.com\/YunmingMetal","article_modified_time":"2025-04-24T12:51:41+00:00","og_image":[{"width":750,"height":750,"url":"https:\/\/yunming-metal.com\/wp-content\/uploads\/2024\/10\/10001-29.jpg","type":"image\/jpeg"}],"twitter_card":"summary_large_image","twitter_site":"@fan_yunmimetal","twitter_misc":{"Tiempo de lectura":"2 minutos"},"schema":{"@context":"https:\/\/schema.org","@graph":[{"@type":"WebPage","@id":"https:\/\/yunming-metal.com\/product\/316-316l-stainless-steel-bar\/","url":"https:\/\/yunming-metal.com\/product\/316-316l-stainless-steel-bar\/","name":"316\/316L Stainless Steel Bar - Yunming Metal - Stainless Steel Manufacturer &amp; Supplier","isPartOf":{"@id":"https:\/\/yunming-metal.com\/#website"},"primaryImageOfPage":{"@id":"https:\/\/yunming-metal.com\/product\/316-316l-stainless-steel-bar\/#primaryimage"},"image":{"@id":"https:\/\/yunming-metal.com\/product\/316-316l-stainless-steel-bar\/#primaryimage"},"thumbnailUrl":"https:\/\/yunming-metal.com\/wp-content\/uploads\/2024\/10\/10001-29.jpg","datePublished":"2024-10-24T15:41:08+00:00","dateModified":"2025-04-24T12:51:41+00:00","breadcrumb":{"@id":"https:\/\/yunming-metal.com\/product\/316-316l-stainless-steel-bar\/#breadcrumb"},"inLanguage":"es","potentialAction":[{"@type":"ReadAction","target":["https:\/\/yunming-metal.com\/product\/316-316l-stainless-steel-bar\/"]}]},{"@type":"ImageObject","inLanguage":"es","@id":"https:\/\/yunming-metal.com\/product\/316-316l-stainless-steel-bar\/#primaryimage","url":"https:\/\/yunming-metal.com\/wp-content\/uploads\/2024\/10\/10001-29.jpg","contentUrl":"https:\/\/yunming-metal.com\/wp-content\/uploads\/2024\/10\/10001-29.jpg","width":750,"height":750},{"@type":"BreadcrumbList","@id":"https:\/\/yunming-metal.com\/product\/316-316l-stainless-steel-bar\/#breadcrumb","itemListElement":[{"@type":"ListItem","position":1,"name":"\u9996\u9875","item":"https:\/\/yunming-metal.com\/"},{"@type":"ListItem","position":2,"name":"Products","item":"https:\/\/yunming-metal.com\/shop\/"},{"@type":"ListItem","position":3,"name":"316\/316L Stainless Steel Bar"}]},{"@type":"WebSite","@id":"https:\/\/yunming-metal.com\/#website","url":"https:\/\/yunming-metal.com\/","name":"yunming-metal.com","description":"High-Quality Stainless Steel Pipes, Plates &amp; Flanges","publisher":{"@id":"https:\/\/yunming-metal.com\/#organization"},"potentialAction":[{"@type":"SearchAction","target":{"@type":"EntryPoint","urlTemplate":"https:\/\/yunming-metal.com\/?s={search_term_string}"},"query-input":{"@type":"PropertyValueSpecification","valueRequired":true,"valueName":"search_term_string"}}],"inLanguage":"es"},{"@type":"Organization","@id":"https:\/\/yunming-metal.com\/#organization","name":"Yunming MetalY","alternateName":"Yunming Stainless Steel","url":"https:\/\/yunming-metal.com\/","logo":{"@type":"ImageObject","inLanguage":"es","@id":"https:\/\/yunming-metal.com\/#\/schema\/logo\/image\/","url":"https:\/\/yunming-metal.com\/wp-content\/uploads\/2025\/04\/yunming-metal-logo-featuring-a-minimalist-am-design-representing.png","contentUrl":"https:\/\/yunming-metal.com\/wp-content\/uploads\/2025\/04\/yunming-metal-logo-featuring-a-minimalist-am-design-representing.png","width":300,"height":300,"caption":"Yunming MetalY"},"image":{"@id":"https:\/\/yunming-metal.com\/#\/schema\/logo\/image\/"},"sameAs":["https:\/\/www.facebook.com\/YunmingMetal","https:\/\/x.com\/fan_yunmimetal","https:\/\/www.linkedin.com\/company\/yunming-metal\/","https:\/\/www.instagram.com\/nora_jiang8\/","https:\/\/www.youtube.com\/@yunmingmetal1","https:\/\/www.tiktok.com\/@yunming_metal"]}]}},"_links":{"self":[{"href":"https:\/\/yunming-metal.com\/es\/wp-json\/wp\/v2\/product\/2140","targetHints":{"allow":["GET"]}}],"collection":[{"href":"https:\/\/yunming-metal.com\/es\/wp-json\/wp\/v2\/product"}],"about":[{"href":"https:\/\/yunming-metal.com\/es\/wp-json\/wp\/v2\/types\/product"}],"replies":[{"embeddable":true,"href":"https:\/\/yunming-metal.com\/es\/wp-json\/wp\/v2\/comments?post=2140"}],"wp:featuredmedia":[{"embeddable":true,"href":"https:\/\/yunming-metal.com\/es\/wp-json\/wp\/v2\/media\/2141"}],"wp:attachment":[{"href":"https:\/\/yunming-metal.com\/es\/wp-json\/wp\/v2\/media?parent=2140"}],"wp:term":[{"taxonomy":"product_brand","embeddable":true,"href":"https:\/\/yunming-metal.com\/es\/wp-json\/wp\/v2\/product_brand?post=2140"},{"taxonomy":"product_cat","embeddable":true,"href":"https:\/\/yunming-metal.com\/es\/wp-json\/wp\/v2\/product_cat?post=2140"},{"taxonomy":"product_tag","embeddable":true,"href":"https:\/\/yunming-metal.com\/es\/wp-json\/wp\/v2\/product_tag?post=2140"}],"curies":[{"name":"wp","href":"https:\/\/api.w.org\/{rel}","templated":true}]}}