{"id":2157,"date":"2024-10-24T15:53:46","date_gmt":"2024-10-24T15:53:46","guid":{"rendered":"https:\/\/yunming-metal.com\/?post_type=product&#038;p=2157"},"modified":"2025-04-24T20:50:22","modified_gmt":"2025-04-24T12:50:22","slug":"nitronic-60-round-bar","status":"publish","type":"product","link":"https:\/\/yunming-metal.com\/es\/producto\/barra-redonda-nitronic-60\/","title":{"rendered":"Barra redonda Nitronic 60"},"content":{"rendered":"<div class=\"proddetails-detial-title\" style=\"text-align: center;\">Descripci\u00f3n del producto<\/div>\n<div class=\"proddetails-detial-cont\">\n<div class=\"prodDetail-editor-container\">\n<section>\n<div class=\"cY6krXG row_line\">\n<div class=\"ctysRgrrow_col rowcol\">\n<div class=\"cpVb2kQA btn btnbox btnCont minWidth\">\n<div class=\"cpVb2kQTextBox textBox\"><\/div>\n<\/div>\n<div class=\"listTxt chUkivYA automatic enlarge_detailed_info\">\n<div class=\"textLineP\">Proveedores profesionales de nitronic 60<\/p>\n<div class=\"entry-list\">\n<h2 class=\"fusion-responsive-typography-calculated\">Material<\/h2>\n<ul class=\"list-paddingleft-2\">\n<li>\u00a0Acero especial<\/li>\n<\/ul>\n<\/div>\n<div class=\"entry-list\">\n<h2 class=\"fusion-responsive-typography-calculated\">Especificaciones<\/h2>\n<ul class=\"list-paddingleft-2\">\n<li>\u00a0AMS 5845<\/li>\n<li>\u00a0AMS 5848<\/li>\n<li>\u00a0ASTM A276<\/li>\n<li>\u00a0ASTM A314<\/li>\n<li>\u00a0AWS ER218\n<p>UNS S21800<\/li>\n<\/ul>\n<\/div>\n<div class=\"entry-list\">\n<h2 class=\"fusion-responsive-typography-calculated\">Aplicaciones<\/h2>\n<ul class=\"list-paddingleft-2\">\n<li>\u00a0Pasadores y bujes<\/li>\n<li>\u00a0Componentes de la bomba<\/li>\n<li>\u00a0Rodamientos de rodillos<\/li>\n<\/ul>\n<\/div>\n<div class=\"entry-list\">\n<h2 class=\"fusion-responsive-typography-calculated\">Caracter\u00edsticas<\/h2>\n<ul class=\"list-paddingleft-2\">\n<li>\u00a0Resistente al desgaste<\/li>\n<li>Buena formabilidad<\/li>\n<li>Nitronic 60 es un acero inoxidable austen\u00edtico que presenta una mayor resistencia a la corrosi\u00f3n que el acero inoxidable 304. Nitro 60 tambi\u00e9n tiene una resistencia a las picaduras de cloruro superior a la del acero inoxidable 316. El l\u00edmite el\u00e1stico de Nitronic 60 es el doble que el de 304 y 316 a temperatura ambiente. Mediante el proceso de trabajo en fr\u00edo, esta aleaci\u00f3n puede alcanzar mayores resistencias. El trabajo en fr\u00edo severo har\u00e1 que el N60 sea totalmente austen\u00edtico.<\/li>\n<li>Nitronic 60 est\u00e1 disponible en barra redonda, chapa y placa y no es templable mediante el proceso de tratamiento t\u00e9rmico.<\/li>\n<li>Algunas aplicaciones son pasadores, fijaciones, ejes y accesorios marinos, piezas de puentes y v\u00e1lvulas de automoci\u00f3n.<\/li>\n<li>Esta aleaci\u00f3n es buena en aplicaciones de procesamiento de alimentos y sanitarias, adem\u00e1s de plantas petroqu\u00edmicas y aplicaciones de petr\u00f3leo y gas. \u00bfTiene problemas con sus necesidades de Nitronic 60? Llame a Michlin hoy mismo o haga clic para chatear desde aqu\u00ed mismo en el sitio web. Eche un vistazo a nuestro \u00faltimo v\u00eddeo sobre N60 aqu\u00ed mismo o v\u00e9alo a continuaci\u00f3n:<\/li>\n<\/ul>\n<\/div>\n<\/div>\n<\/div>\n<\/div>\n<div class=\"cvjK921row_col rowcol\">\n<div class=\"cQOQZ3eA btn btnbox btnCont minWidth\">\n<div class=\"cQOQZ3eTextBox textBox\">PREGUNTAS FRECUENTES<\/div>\n<\/div>\n<div class=\"listTxt cIPBC0xA automatic\">\n<div class=\"textLineP\">\n<p><strong>P: \u00bfSon ustedes comerciantes o fabricantes?<\/strong><\/p>\n<p>R:Somos un proveedor de servicios de adquisici\u00f3n de acero con sede en China y al servicio de todo el mundo para proporcionar a los compradores nacionales y extranjeros de acero e informaci\u00f3n sobre producci\u00f3n, adquisici\u00f3n, ventas, procesamiento y log\u00edstica en un servicio integrado.<\/p>\n<p><strong>P: \u00bfPor qu\u00e9 deber\u00eda elegir los productos de su empresa?<\/strong><\/p>\n<p>R:Nuestras materias primas proceden de Baosteel, Tisco, Shagang, Wisco, Nippon Steel y muchas otras empresas de renombre tanto nacionales como extranjeras. Disponemos de los mejores materiales.<\/p>\n<p>En segundo lugar, nuestra empresa cuenta con un perfecto sistema de garant\u00eda de calidad para asegurarle los mejores productos desde la compra hasta la entrega.<\/p>\n<p>El precio de nuestros productos est\u00e1 en el nivel medio de la industria, y somos famosos por nuestro alto rendimiento de costes. Hay mucho margen para que suban los precios.<\/p>\n<p>Esperamos su solicitud. Le haremos la mejor oferta.<\/p>\n<p><strong>P:\u00bfEntregar\u00e1n la mercanc\u00eda a tiempo?<\/strong><br \/>\nR: S\u00ed, nos comprometemos a ofrecer los mejores productos de calidad y entrega a tiempo, la honestidad es el principio de nuestra empresa.<\/p>\n<p><strong>P:\u00bfPuedo obtener algunas muestras?<\/strong><br \/>\nR: S\u00ed, podemos suministrar muestras gratuitas, pero los gastos de env\u00edo corren a cargo del cliente.<\/p>\n<p><strong>P: \u00bfC\u00f3mo confirmar la calidad del producto antes de hacer el pedido?<\/strong><br \/>\nR: Puede obtener muestras gratuitas, la calidad puede ser inspeccionada por terceros.<\/p>\n<p><strong>P: \u00bfC\u00f3mo puedo recibir su presupuesto lo antes posible?<\/strong><br \/>\nA:El correo electr\u00f3nico y el fax se comprobar\u00e1 dentro de 24 horas, mientras tanto, el Skype, Wechat y WhatsApp estar\u00e1 en l\u00ednea en 24 horas.por favor env\u00edenos su requisito y la informaci\u00f3n de la orden, la especificaci\u00f3n (grado de acero, tama\u00f1o, cantidad, puerto de destino), vamos a elaborar un mejor precio pronto.<\/p>\n<\/div>\n<\/div>\n<\/div>\n<\/div>\n<\/section>\n<\/div>\n<\/div>","protected":false},"excerpt":{"rendered":"<p>Product Description Professional\u00a0nitronic\u00a060 suppliers Material \u00a0Specialty Steel Specifications \u00a0AMS 5845 \u00a0AMS 5848 \u00a0ASTM A276 \u00a0ASTM A314 \u00a0AWS ER218 UNS S21800 Applications \u00a0Pins and Bushings \u00a0Pump Components \u00a0Roller Bearings Features \u00a0Galling and Wear Resistant Good Formability Nitronic 60 is an austenitic stainless steel that has a better resistance to corrosion than\u00a0304 stainless steel. Nitro 60 also [&hellip;]<\/p>","protected":false},"featured_media":2160,"comment_status":"open","ping_status":"closed","template":"","meta":{"site-sidebar-layout":"default","site-content-layout":"","ast-site-content-layout":"default","site-content-style":"default","site-sidebar-style":"default","ast-global-header-display":"","ast-banner-title-visibility":"","ast-main-header-display":"","ast-hfb-above-header-display":"","ast-hfb-below-header-display":"","ast-hfb-mobile-header-display":"","site-post-title":"","ast-breadcrumbs-content":"","ast-featured-img":"","footer-sml-layout":"","theme-transparent-header-meta":"default","adv-header-id-meta":"","stick-header-meta":"","header-above-stick-meta":"","header-main-stick-meta":"","header-below-stick-meta":"","astra-migrate-meta-layouts":"set","ast-page-background-enabled":"default","ast-page-background-meta":{"desktop":{"background-color":"","background-image":"","background-repeat":"repeat","background-position":"center center","background-size":"auto","background-attachment":"scroll","background-type":"","background-media":"","overlay-type":"","overlay-color":"","overlay-opacity":"","overlay-gradient":""},"tablet":{"background-color":"","background-image":"","background-repeat":"repeat","background-position":"center center","background-size":"auto","background-attachment":"scroll","background-type":"","background-media":"","overlay-type":"","overlay-color":"","overlay-opacity":"","overlay-gradient":""},"mobile":{"background-color":"","background-image":"","background-repeat":"repeat","background-position":"center center","background-size":"auto","background-attachment":"scroll","background-type":"","background-media":"","overlay-type":"","overlay-color":"","overlay-opacity":"","overlay-gradient":""}},"ast-content-background-meta":{"desktop":{"background-color":"var(--ast-global-color-5)","background-image":"","background-repeat":"repeat","background-position":"center center","background-size":"auto","background-attachment":"scroll","background-type":"","background-media":"","overlay-type":"","overlay-color":"","overlay-opacity":"","overlay-gradient":""},"tablet":{"background-color":"var(--ast-global-color-5)","background-image":"","background-repeat":"repeat","background-position":"center center","background-size":"auto","background-attachment":"scroll","background-type":"","background-media":"","overlay-type":"","overlay-color":"","overlay-opacity":"","overlay-gradient":""},"mobile":{"background-color":"var(--ast-global-color-5)","background-image":"","background-repeat":"repeat","background-position":"center center","background-size":"auto","background-attachment":"scroll","background-type":"","background-media":"","overlay-type":"","overlay-color":"","overlay-opacity":"","overlay-gradient":""}}},"product_brand":[],"product_cat":[71],"product_tag":[],"class_list":{"0":"post-2157","1":"product","2":"type-product","3":"status-publish","4":"has-post-thumbnail","6":"product_cat-materials-center","7":"desktop-align-left","8":"tablet-align-left","9":"mobile-align-left","11":"first","12":"instock","13":"shipping-taxable","14":"product-type-simple"},"yoast_head":"<!-- This site is optimized with the Yoast SEO Premium plugin v24.9 (Yoast SEO v26.8) - https:\/\/yoast.com\/product\/yoast-seo-premium-wordpress\/ -->\n<title>Nitronic 60 Round Bar - Yunming Metal - Stainless Steel Manufacturer &amp; Supplier<\/title>\n<meta name=\"robots\" content=\"index, follow, max-snippet:-1, max-image-preview:large, max-video-preview:-1\" \/>\n<link rel=\"canonical\" href=\"https:\/\/yunming-metal.com\/es\/producto\/barra-redonda-nitronic-60\/\" \/>\n<meta property=\"og:locale\" content=\"es_ES\" \/>\n<meta property=\"og:type\" content=\"article\" \/>\n<meta property=\"og:title\" content=\"Nitronic 60 Round Bar\" \/>\n<meta property=\"og:description\" content=\"Product Description Professional\u00a0nitronic\u00a060 suppliers Material \u00a0Specialty Steel Specifications \u00a0AMS 5845 \u00a0AMS 5848 \u00a0ASTM A276 \u00a0ASTM A314 \u00a0AWS ER218 UNS S21800 Applications \u00a0Pins and Bushings \u00a0Pump Components \u00a0Roller Bearings Features \u00a0Galling and Wear Resistant Good Formability Nitronic 60 is an austenitic stainless steel that has a better resistance to corrosion than\u00a0304 stainless steel. Nitro 60 also [&hellip;]\" \/>\n<meta property=\"og:url\" content=\"https:\/\/yunming-metal.com\/es\/producto\/barra-redonda-nitronic-60\/\" \/>\n<meta property=\"og:site_name\" content=\"Yunming Metal - Stainless Steel Manufacturer &amp; Supplier\" \/>\n<meta property=\"article:publisher\" content=\"https:\/\/www.facebook.com\/YunmingMetal\" \/>\n<meta property=\"article:modified_time\" content=\"2025-04-24T12:50:22+00:00\" \/>\n<meta property=\"og:image\" content=\"https:\/\/yunming-metal.com\/wp-content\/uploads\/2024\/10\/10003-11.jpg\" \/>\n\t<meta property=\"og:image:width\" content=\"660\" \/>\n\t<meta property=\"og:image:height\" content=\"660\" \/>\n\t<meta property=\"og:image:type\" content=\"image\/jpeg\" \/>\n<meta name=\"twitter:card\" content=\"summary_large_image\" \/>\n<meta name=\"twitter:site\" content=\"@fan_yunmimetal\" \/>\n<meta name=\"twitter:label1\" content=\"Tiempo de lectura\" \/>\n\t<meta name=\"twitter:data1\" content=\"2 minutos\" \/>\n<script type=\"application\/ld+json\" class=\"yoast-schema-graph\">{\"@context\":\"https:\/\/schema.org\",\"@graph\":[{\"@type\":\"WebPage\",\"@id\":\"https:\/\/yunming-metal.com\/product\/nitronic-60-round-bar\/\",\"url\":\"https:\/\/yunming-metal.com\/product\/nitronic-60-round-bar\/\",\"name\":\"Nitronic 60 Round Bar - Yunming Metal - Stainless Steel Manufacturer &amp; Supplier\",\"isPartOf\":{\"@id\":\"https:\/\/yunming-metal.com\/#website\"},\"primaryImageOfPage\":{\"@id\":\"https:\/\/yunming-metal.com\/product\/nitronic-60-round-bar\/#primaryimage\"},\"image\":{\"@id\":\"https:\/\/yunming-metal.com\/product\/nitronic-60-round-bar\/#primaryimage\"},\"thumbnailUrl\":\"https:\/\/yunming-metal.com\/wp-content\/uploads\/2024\/10\/10003-11.jpg\",\"datePublished\":\"2024-10-24T15:53:46+00:00\",\"dateModified\":\"2025-04-24T12:50:22+00:00\",\"breadcrumb\":{\"@id\":\"https:\/\/yunming-metal.com\/product\/nitronic-60-round-bar\/#breadcrumb\"},\"inLanguage\":\"es\",\"potentialAction\":[{\"@type\":\"ReadAction\",\"target\":[\"https:\/\/yunming-metal.com\/product\/nitronic-60-round-bar\/\"]}]},{\"@type\":\"ImageObject\",\"inLanguage\":\"es\",\"@id\":\"https:\/\/yunming-metal.com\/product\/nitronic-60-round-bar\/#primaryimage\",\"url\":\"https:\/\/yunming-metal.com\/wp-content\/uploads\/2024\/10\/10003-11.jpg\",\"contentUrl\":\"https:\/\/yunming-metal.com\/wp-content\/uploads\/2024\/10\/10003-11.jpg\",\"width\":660,\"height\":660},{\"@type\":\"BreadcrumbList\",\"@id\":\"https:\/\/yunming-metal.com\/product\/nitronic-60-round-bar\/#breadcrumb\",\"itemListElement\":[{\"@type\":\"ListItem\",\"position\":1,\"name\":\"\u9996\u9875\",\"item\":\"https:\/\/yunming-metal.com\/\"},{\"@type\":\"ListItem\",\"position\":2,\"name\":\"Products\",\"item\":\"https:\/\/yunming-metal.com\/shop\/\"},{\"@type\":\"ListItem\",\"position\":3,\"name\":\"Nitronic 60 Round Bar\"}]},{\"@type\":\"WebSite\",\"@id\":\"https:\/\/yunming-metal.com\/#website\",\"url\":\"https:\/\/yunming-metal.com\/\",\"name\":\"yunming-metal.com\",\"description\":\"High-Quality Stainless Steel Pipes, Plates &amp; Flanges\",\"publisher\":{\"@id\":\"https:\/\/yunming-metal.com\/#organization\"},\"potentialAction\":[{\"@type\":\"SearchAction\",\"target\":{\"@type\":\"EntryPoint\",\"urlTemplate\":\"https:\/\/yunming-metal.com\/?s={search_term_string}\"},\"query-input\":{\"@type\":\"PropertyValueSpecification\",\"valueRequired\":true,\"valueName\":\"search_term_string\"}}],\"inLanguage\":\"es\"},{\"@type\":\"Organization\",\"@id\":\"https:\/\/yunming-metal.com\/#organization\",\"name\":\"Yunming MetalY\",\"alternateName\":\"Yunming Stainless Steel\",\"url\":\"https:\/\/yunming-metal.com\/\",\"logo\":{\"@type\":\"ImageObject\",\"inLanguage\":\"es\",\"@id\":\"https:\/\/yunming-metal.com\/#\/schema\/logo\/image\/\",\"url\":\"https:\/\/yunming-metal.com\/wp-content\/uploads\/2025\/04\/yunming-metal-logo-featuring-a-minimalist-am-design-representing.png\",\"contentUrl\":\"https:\/\/yunming-metal.com\/wp-content\/uploads\/2025\/04\/yunming-metal-logo-featuring-a-minimalist-am-design-representing.png\",\"width\":300,\"height\":300,\"caption\":\"Yunming MetalY\"},\"image\":{\"@id\":\"https:\/\/yunming-metal.com\/#\/schema\/logo\/image\/\"},\"sameAs\":[\"https:\/\/www.facebook.com\/YunmingMetal\",\"https:\/\/x.com\/fan_yunmimetal\",\"https:\/\/www.linkedin.com\/company\/yunming-metal\/\",\"https:\/\/www.instagram.com\/nora_jiang8\/\",\"https:\/\/www.youtube.com\/@yunmingmetal1\",\"https:\/\/www.tiktok.com\/@yunming_metal\"]}]}<\/script>\n<!-- \/ Yoast SEO Premium plugin. -->","yoast_head_json":{"title":"Nitronic 60 Round Bar - Yunming Metal - Stainless Steel Manufacturer &amp; Supplier","robots":{"index":"index","follow":"follow","max-snippet":"max-snippet:-1","max-image-preview":"max-image-preview:large","max-video-preview":"max-video-preview:-1"},"canonical":"https:\/\/yunming-metal.com\/es\/producto\/barra-redonda-nitronic-60\/","og_locale":"es_ES","og_type":"article","og_title":"Nitronic 60 Round Bar","og_description":"Product Description Professional\u00a0nitronic\u00a060 suppliers Material \u00a0Specialty Steel Specifications \u00a0AMS 5845 \u00a0AMS 5848 \u00a0ASTM A276 \u00a0ASTM A314 \u00a0AWS ER218 UNS S21800 Applications \u00a0Pins and Bushings \u00a0Pump Components \u00a0Roller Bearings Features \u00a0Galling and Wear Resistant Good Formability Nitronic 60 is an austenitic stainless steel that has a better resistance to corrosion than\u00a0304 stainless steel. Nitro 60 also [&hellip;]","og_url":"https:\/\/yunming-metal.com\/es\/producto\/barra-redonda-nitronic-60\/","og_site_name":"Yunming Metal - Stainless Steel Manufacturer &amp; Supplier","article_publisher":"https:\/\/www.facebook.com\/YunmingMetal","article_modified_time":"2025-04-24T12:50:22+00:00","og_image":[{"width":660,"height":660,"url":"https:\/\/yunming-metal.com\/wp-content\/uploads\/2024\/10\/10003-11.jpg","type":"image\/jpeg"}],"twitter_card":"summary_large_image","twitter_site":"@fan_yunmimetal","twitter_misc":{"Tiempo de lectura":"2 minutos"},"schema":{"@context":"https:\/\/schema.org","@graph":[{"@type":"WebPage","@id":"https:\/\/yunming-metal.com\/product\/nitronic-60-round-bar\/","url":"https:\/\/yunming-metal.com\/product\/nitronic-60-round-bar\/","name":"Nitronic 60 Round Bar - Yunming Metal - Stainless Steel Manufacturer &amp; Supplier","isPartOf":{"@id":"https:\/\/yunming-metal.com\/#website"},"primaryImageOfPage":{"@id":"https:\/\/yunming-metal.com\/product\/nitronic-60-round-bar\/#primaryimage"},"image":{"@id":"https:\/\/yunming-metal.com\/product\/nitronic-60-round-bar\/#primaryimage"},"thumbnailUrl":"https:\/\/yunming-metal.com\/wp-content\/uploads\/2024\/10\/10003-11.jpg","datePublished":"2024-10-24T15:53:46+00:00","dateModified":"2025-04-24T12:50:22+00:00","breadcrumb":{"@id":"https:\/\/yunming-metal.com\/product\/nitronic-60-round-bar\/#breadcrumb"},"inLanguage":"es","potentialAction":[{"@type":"ReadAction","target":["https:\/\/yunming-metal.com\/product\/nitronic-60-round-bar\/"]}]},{"@type":"ImageObject","inLanguage":"es","@id":"https:\/\/yunming-metal.com\/product\/nitronic-60-round-bar\/#primaryimage","url":"https:\/\/yunming-metal.com\/wp-content\/uploads\/2024\/10\/10003-11.jpg","contentUrl":"https:\/\/yunming-metal.com\/wp-content\/uploads\/2024\/10\/10003-11.jpg","width":660,"height":660},{"@type":"BreadcrumbList","@id":"https:\/\/yunming-metal.com\/product\/nitronic-60-round-bar\/#breadcrumb","itemListElement":[{"@type":"ListItem","position":1,"name":"\u9996\u9875","item":"https:\/\/yunming-metal.com\/"},{"@type":"ListItem","position":2,"name":"Products","item":"https:\/\/yunming-metal.com\/shop\/"},{"@type":"ListItem","position":3,"name":"Nitronic 60 Round Bar"}]},{"@type":"WebSite","@id":"https:\/\/yunming-metal.com\/#website","url":"https:\/\/yunming-metal.com\/","name":"yunming-metal.com","description":"High-Quality Stainless Steel Pipes, Plates &amp; Flanges","publisher":{"@id":"https:\/\/yunming-metal.com\/#organization"},"potentialAction":[{"@type":"SearchAction","target":{"@type":"EntryPoint","urlTemplate":"https:\/\/yunming-metal.com\/?s={search_term_string}"},"query-input":{"@type":"PropertyValueSpecification","valueRequired":true,"valueName":"search_term_string"}}],"inLanguage":"es"},{"@type":"Organization","@id":"https:\/\/yunming-metal.com\/#organization","name":"Yunming MetalY","alternateName":"Yunming Stainless Steel","url":"https:\/\/yunming-metal.com\/","logo":{"@type":"ImageObject","inLanguage":"es","@id":"https:\/\/yunming-metal.com\/#\/schema\/logo\/image\/","url":"https:\/\/yunming-metal.com\/wp-content\/uploads\/2025\/04\/yunming-metal-logo-featuring-a-minimalist-am-design-representing.png","contentUrl":"https:\/\/yunming-metal.com\/wp-content\/uploads\/2025\/04\/yunming-metal-logo-featuring-a-minimalist-am-design-representing.png","width":300,"height":300,"caption":"Yunming MetalY"},"image":{"@id":"https:\/\/yunming-metal.com\/#\/schema\/logo\/image\/"},"sameAs":["https:\/\/www.facebook.com\/YunmingMetal","https:\/\/x.com\/fan_yunmimetal","https:\/\/www.linkedin.com\/company\/yunming-metal\/","https:\/\/www.instagram.com\/nora_jiang8\/","https:\/\/www.youtube.com\/@yunmingmetal1","https:\/\/www.tiktok.com\/@yunming_metal"]}]}},"_links":{"self":[{"href":"https:\/\/yunming-metal.com\/es\/wp-json\/wp\/v2\/product\/2157","targetHints":{"allow":["GET"]}}],"collection":[{"href":"https:\/\/yunming-metal.com\/es\/wp-json\/wp\/v2\/product"}],"about":[{"href":"https:\/\/yunming-metal.com\/es\/wp-json\/wp\/v2\/types\/product"}],"replies":[{"embeddable":true,"href":"https:\/\/yunming-metal.com\/es\/wp-json\/wp\/v2\/comments?post=2157"}],"wp:featuredmedia":[{"embeddable":true,"href":"https:\/\/yunming-metal.com\/es\/wp-json\/wp\/v2\/media\/2160"}],"wp:attachment":[{"href":"https:\/\/yunming-metal.com\/es\/wp-json\/wp\/v2\/media?parent=2157"}],"wp:term":[{"taxonomy":"product_brand","embeddable":true,"href":"https:\/\/yunming-metal.com\/es\/wp-json\/wp\/v2\/product_brand?post=2157"},{"taxonomy":"product_cat","embeddable":true,"href":"https:\/\/yunming-metal.com\/es\/wp-json\/wp\/v2\/product_cat?post=2157"},{"taxonomy":"product_tag","embeddable":true,"href":"https:\/\/yunming-metal.com\/es\/wp-json\/wp\/v2\/product_tag?post=2157"}],"curies":[{"name":"wp","href":"https:\/\/api.w.org\/{rel}","templated":true}]}}