{"id":2181,"date":"2024-10-24T16:22:26","date_gmt":"2024-10-24T16:22:26","guid":{"rendered":"https:\/\/yunming-metal.com\/?post_type=product&#038;p=2181"},"modified":"2025-05-10T19:45:38","modified_gmt":"2025-05-10T11:45:38","slug":"stainless-steel-checkered-diamond-plate-sheet","status":"publish","type":"product","link":"https:\/\/yunming-metal.com\/es\/producto\/chapa-diamantada-a-cuadros-de-acero-inoxidable\/","title":{"rendered":"Chapas y placas de acero inoxidable estriadas\/diamantadas"},"content":{"rendered":"<h3 class=\"\" data-start=\"98\" data-end=\"124\"><strong data-start=\"102\" data-end=\"122\">Productos<\/strong><\/h3>\n<p class=\"\" data-start=\"125\" data-end=\"531\">La chapa ajedrezada de acero inoxidable, tambi\u00e9n conocida como chapa de diamante o chapa de banda de rodadura, presenta un dibujo en relieve en una de sus caras para mejorar la resistencia al deslizamiento. Se utiliza habitualmente en suelos, escaleras, rampas, pasarelas industriales y plataformas de veh\u00edculos. La chapa se fabrica con acero inoxidable de alta resistencia para garantizar una excelente durabilidad, resistencia a la corrosi\u00f3n y rendimiento a largo plazo en condiciones de cargas pesadas.<\/p>\n<h3 class=\"\" data-start=\"533\" data-end=\"558\"><strong data-start=\"537\" data-end=\"558\">\u00c1mbitos de aplicaci\u00f3n<\/strong><\/h3>\n<ul data-start=\"559\" data-end=\"772\">\n<li class=\"\" data-start=\"559\" data-end=\"593\">\n<p class=\"\" data-start=\"561\" data-end=\"593\">Suelos y pasarelas industriales<\/p>\n<\/li>\n<li class=\"\" data-start=\"594\" data-end=\"620\">\n<p class=\"\" data-start=\"596\" data-end=\"620\">Pelda\u00f1os y rampas<\/p>\n<\/li>\n<li class=\"\" data-start=\"621\" data-end=\"659\">\n<p class=\"\" data-start=\"623\" data-end=\"659\">Plataformas de transporte y camiones<\/p>\n<\/li>\n<li class=\"\" data-start=\"660\" data-end=\"694\">\n<p class=\"\" data-start=\"662\" data-end=\"694\">Estructuras marinas y offshore<\/p>\n<\/li>\n<li class=\"\" data-start=\"695\" data-end=\"734\">\n<p class=\"\" data-start=\"697\" data-end=\"734\">Paneles arquitect\u00f3nicos y decorativos<\/p>\n<\/li>\n<li class=\"\" data-start=\"735\" data-end=\"772\">\n<p class=\"\" data-start=\"737\" data-end=\"772\">Cuartos de herramientas y equipos mec\u00e1nicos<\/p>\n<\/li>\n<\/ul>\n<h3 class=\"\" data-start=\"774\" data-end=\"798\"><strong data-start=\"778\" data-end=\"798\">Caracter\u00edsticas del producto<\/strong><\/h3>\n<ul data-start=\"799\" data-end=\"1191\">\n<li class=\"\" data-start=\"799\" data-end=\"866\">\n<p class=\"\" data-start=\"801\" data-end=\"866\">La superficie diamantada\/checada en relieve mejora las prestaciones antideslizantes<\/p>\n<\/li>\n<li class=\"\" data-start=\"867\" data-end=\"941\">\n<p class=\"\" data-start=\"869\" data-end=\"941\">Disponible en una amplia gama de calidades, incluidas 304, 316L, 310S y 321<\/p>\n<\/li>\n<li class=\"\" data-start=\"942\" data-end=\"1005\">\n<p class=\"\" data-start=\"944\" data-end=\"1005\">Excelente resistencia a la corrosi\u00f3n en entornos duros o h\u00famedos<\/p>\n<\/li>\n<li class=\"\" data-start=\"1006\" data-end=\"1080\">\n<p class=\"\" data-start=\"1008\" data-end=\"1080\">Gran capacidad de carga adecuada para usos estructurales e industriales<\/p>\n<\/li>\n<li class=\"\" data-start=\"1081\" data-end=\"1141\">\n<p class=\"\" data-start=\"1083\" data-end=\"1141\">F\u00e1cil de fabricar, cortar y soldar para aplicaciones personalizadas<\/p>\n<\/li>\n<li class=\"\" data-start=\"1142\" data-end=\"1191\">\n<p class=\"\" data-start=\"1144\" data-end=\"1191\">Acabado met\u00e1lico est\u00e9tico para uso arquitect\u00f3nico<\/p>\n<\/li>\n<\/ul>\n<h3 class=\"\" data-start=\"1193\" data-end=\"1225\"><strong data-start=\"1197\" data-end=\"1225\">Especificaciones t\u00e9cnicas<\/strong><\/h3>\n<div class=\"_tableContainer_16hzy_1\">\n<div class=\"_tableWrapper_16hzy_14 group flex w-fit flex-col-reverse\" tabindex=\"-1\">\n<table class=\"w-fit min-w-(--thread-content-width)\" data-start=\"1227\" data-end=\"1860\">\n<thead data-start=\"1227\" data-end=\"1295\">\n<tr data-start=\"1227\" data-end=\"1295\">\n<th data-start=\"1227\" data-end=\"1249\" data-col-size=\"sm\">Par\u00e1metro<\/th>\n<th data-start=\"1249\" data-end=\"1295\" data-col-size=\"md\">Gama<\/th>\n<\/tr>\n<\/thead>\n<tbody data-start=\"1366\" data-end=\"1860\">\n<tr data-start=\"1366\" data-end=\"1436\">\n<td data-start=\"1366\" data-end=\"1388\" data-col-size=\"sm\">Espesor<\/td>\n<td data-col-size=\"md\" data-start=\"1388\" data-end=\"1436\">3 mm - 12 mm (aprox. 1\u20448\u2033 - 1\u20442\u2033)<\/td>\n<\/tr>\n<tr data-start=\"1437\" data-end=\"1507\">\n<td data-start=\"1437\" data-end=\"1459\" data-col-size=\"sm\">Anchura<\/td>\n<td data-start=\"1459\" data-end=\"1507\" data-col-size=\"md\">1000 mm - 1500 mm<\/td>\n<\/tr>\n<tr data-start=\"1508\" data-end=\"1580\">\n<td data-start=\"1508\" data-end=\"1530\" data-col-size=\"sm\">Longitud<\/td>\n<td data-start=\"1530\" data-end=\"1580\" data-col-size=\"md\">2000 mm - 6000 mm<\/td>\n<\/tr>\n<tr data-start=\"1581\" data-end=\"1650\">\n<td data-start=\"1581\" data-end=\"1603\" data-col-size=\"sm\">Tipos de patr\u00f3n<\/td>\n<td data-col-size=\"md\" data-start=\"1603\" data-end=\"1650\">5 barras, diamante, lenteja, l\u00e1grima, etc.<\/td>\n<\/tr>\n<tr data-start=\"1651\" data-end=\"1720\">\n<td data-start=\"1651\" data-end=\"1673\" data-col-size=\"sm\">Acabado superficial<\/td>\n<td data-col-size=\"md\" data-start=\"1673\" data-end=\"1720\">N\u00ba 1, 2B, BA, HL, espejo, etc.<\/td>\n<\/tr>\n<tr data-start=\"1721\" data-end=\"1790\">\n<td data-start=\"1721\" data-end=\"1743\" data-col-size=\"sm\">Grados disponibles<\/td>\n<td data-start=\"1743\" data-end=\"1790\" data-col-size=\"md\">304, 304L, 316L, 310S, 321, 430, etc.<\/td>\n<\/tr>\n<tr data-start=\"1791\" data-end=\"1860\">\n<td data-start=\"1791\" data-end=\"1813\" data-col-size=\"sm\">Tolerancia<\/td>\n<td data-start=\"1813\" data-end=\"1860\" data-col-size=\"md\">Norma ASTM A480 \/ EN ISO 9445<\/td>\n<\/tr>\n<\/tbody>\n<\/table>\n<div class=\"sticky end-(--thread-content-margin) h-0 self-end select-none\">\n<div class=\"absolute end-0 flex items-end\"><\/div>\n<\/div>\n<\/div>\n<\/div>\n<h3 class=\"\" data-start=\"1862\" data-end=\"1893\"><strong data-start=\"1866\" data-end=\"1891\">Proceso de fabricaci\u00f3n<\/strong><\/h3>\n<p class=\"\" data-start=\"1894\" data-end=\"2219\">La chapa se fabrica mediante laminado en caliente seguido de laminado con patr\u00f3n. Los desbastes de acero inoxidable de alta calidad se calientan y se laminan a trav\u00e9s de rodillos estampados para formar la superficie en relieve. La precisi\u00f3n dimensional y la calidad se controlan estrictamente, con tratamientos superficiales opcionales, como el decapado o el pulido, disponibles bajo pedido.<\/p>\n<h3 class=\"\" data-start=\"2221\" data-end=\"2232\"><strong data-start=\"2225\" data-end=\"2232\">PREGUNTAS FRECUENTES<\/strong><\/h3>\n<p class=\"\" data-start=\"2234\" data-end=\"2413\"><strong data-start=\"2234\" data-end=\"2306\">P: \u00bfQu\u00e9 patrones hay disponibles para las placas de acero inoxidable a cuadros?<\/strong><br data-start=\"2306\" data-end=\"2309\" \/>R: Los patrones m\u00e1s habituales son el diamante, la barra de 5, la lenteja y la l\u00e1grima, en funci\u00f3n de los requisitos de la aplicaci\u00f3n.<\/p>\n<p class=\"\" data-start=\"2415\" data-end=\"2521\"><strong data-start=\"2415\" data-end=\"2448\">P: \u00bfQu\u00e9 calidades suministran?<\/strong><br data-start=\"2448\" data-end=\"2451\" \/>R: Ofrecemos 304, 304L, 316L, 310S, 321 y otros grados a petici\u00f3n.<\/p>\n<p class=\"\" data-start=\"2523\" data-end=\"2644\"><strong data-start=\"2523\" data-end=\"2560\">P: \u00bfSe pueden cortar las placas a medida?<\/strong><br data-start=\"2560\" data-end=\"2563\" \/>R: S\u00ed, ofrecemos servicios personalizados de corte, perforaci\u00f3n y tratamiento de superficies.<\/p>\n<p class=\"\" data-start=\"2646\" data-end=\"2799\"><strong data-start=\"2646\" data-end=\"2695\">P: \u00bfEs apto para uso exterior y marino?<\/strong><br data-start=\"2695\" data-end=\"2698\" \/>R: S\u00ed, las chapas estriadas 316L y 310S ofrecen un excelente rendimiento en entornos duros o marinos.<\/p>\n<p class=\"\" data-start=\"2801\" data-end=\"2955\"><strong data-start=\"2801\" data-end=\"2850\">P: \u00bfOfrecen formatos tanto de hoja como de placa?<\/strong><br data-start=\"2850\" data-end=\"2853\" \/>R: S\u00ed, dependiendo del grosor y las dimensiones, ofrecemos opciones tanto de chapa (fina) como de placa (m\u00e1s gruesa).<\/p>\n<h3 class=\"\" data-start=\"2957\" data-end=\"2988\"><strong data-start=\"2961\" data-end=\"2986\">\u00bfA\u00fan tiene preguntas?<\/strong><\/h3>\n<p class=\"\" data-start=\"2989\" data-end=\"3198\">No dude en <a href=\"https:\/\/yunming-metal.com\/es\/pongase-en-contacto-con\/\">Contacto<\/a> para obtener m\u00e1s informaci\u00f3n o comentar sus necesidades de chapas a cuadros de acero inoxidable personalizadas. Nuestro equipo de soporte t\u00e9cnico est\u00e1 listo para ayudarle con las especificaciones, certificaciones y entrega.<\/p>","protected":false},"excerpt":{"rendered":"<p class=\"\" data-start=\"3571\" data-end=\"3856\">Yunming Metal suministra chapas estriadas y diamantadas de acero inoxidable de alta resistencia para suelos, escaleras y plataformas. Disponibles en 304, 316L, 310S y m\u00e1s. Las opciones de superficie incluyen patrones de diamante y de 5 barras con una excelente resistencia al deslizamiento.<\/p>","protected":false},"featured_media":4714,"comment_status":"open","ping_status":"closed","template":"","meta":{"site-sidebar-layout":"default","site-content-layout":"","ast-site-content-layout":"default","site-content-style":"default","site-sidebar-style":"default","ast-global-header-display":"","ast-banner-title-visibility":"","ast-main-header-display":"","ast-hfb-above-header-display":"","ast-hfb-below-header-display":"","ast-hfb-mobile-header-display":"","site-post-title":"","ast-breadcrumbs-content":"","ast-featured-img":"","footer-sml-layout":"","theme-transparent-header-meta":"default","adv-header-id-meta":"","stick-header-meta":"","header-above-stick-meta":"","header-main-stick-meta":"","header-below-stick-meta":"","astra-migrate-meta-layouts":"set","ast-page-background-enabled":"default","ast-page-background-meta":{"desktop":{"background-color":"","background-image":"","background-repeat":"repeat","background-position":"center center","background-size":"auto","background-attachment":"scroll","background-type":"","background-media":"","overlay-type":"","overlay-color":"","overlay-opacity":"","overlay-gradient":""},"tablet":{"background-color":"","background-image":"","background-repeat":"repeat","background-position":"center center","background-size":"auto","background-attachment":"scroll","background-type":"","background-media":"","overlay-type":"","overlay-color":"","overlay-opacity":"","overlay-gradient":""},"mobile":{"background-color":"","background-image":"","background-repeat":"repeat","background-position":"center center","background-size":"auto","background-attachment":"scroll","background-type":"","background-media":"","overlay-type":"","overlay-color":"","overlay-opacity":"","overlay-gradient":""}},"ast-content-background-meta":{"desktop":{"background-color":"var(--ast-global-color-5)","background-image":"","background-repeat":"repeat","background-position":"center center","background-size":"auto","background-attachment":"scroll","background-type":"","background-media":"","overlay-type":"","overlay-color":"","overlay-opacity":"","overlay-gradient":""},"tablet":{"background-color":"var(--ast-global-color-5)","background-image":"","background-repeat":"repeat","background-position":"center center","background-size":"auto","background-attachment":"scroll","background-type":"","background-media":"","overlay-type":"","overlay-color":"","overlay-opacity":"","overlay-gradient":""},"mobile":{"background-color":"var(--ast-global-color-5)","background-image":"","background-repeat":"repeat","background-position":"center center","background-size":"auto","background-attachment":"scroll","background-type":"","background-media":"","overlay-type":"","overlay-color":"","overlay-opacity":"","overlay-gradient":""}}},"product_brand":[],"product_cat":[23],"product_tag":[],"class_list":{"0":"post-2181","1":"product","2":"type-product","3":"status-publish","4":"has-post-thumbnail","6":"product_cat-stainless-steel-sheet-plate-coil","7":"desktop-align-left","8":"tablet-align-left","9":"mobile-align-left","11":"first","12":"instock","13":"shipping-taxable","14":"product-type-simple"},"yoast_head":"<!-- This site is optimized with the Yoast SEO Premium plugin v24.9 (Yoast SEO v26.8) - https:\/\/yoast.com\/product\/yoast-seo-premium-wordpress\/ -->\n<title>Stainless Steel Checkered\/Diamond Plate &amp; Sheet Manufacturer<\/title>\n<meta name=\"description\" content=\"Durable stainless steel checkered plate for flooring and industrial use. Available in diamond and 5-bar patterns. Grades 304, 316L, and more.\" \/>\n<meta name=\"robots\" content=\"index, follow, max-snippet:-1, max-image-preview:large, max-video-preview:-1\" \/>\n<link rel=\"canonical\" href=\"https:\/\/yunming-metal.com\/es\/producto\/chapa-diamantada-a-cuadros-de-acero-inoxidable\/\" \/>\n<meta property=\"og:locale\" content=\"es_ES\" \/>\n<meta property=\"og:type\" content=\"article\" \/>\n<meta property=\"og:title\" content=\"Stainless Steel Checkered\/Diamond Plate &amp; Sheet\" \/>\n<meta property=\"og:description\" content=\"Durable stainless steel checkered plate for flooring and industrial use. Available in diamond and 5-bar patterns. Grades 304, 316L, and more.\" \/>\n<meta property=\"og:url\" content=\"https:\/\/yunming-metal.com\/es\/producto\/chapa-diamantada-a-cuadros-de-acero-inoxidable\/\" \/>\n<meta property=\"og:site_name\" content=\"Yunming Metal - Stainless Steel Manufacturer &amp; Supplier\" \/>\n<meta property=\"article:publisher\" content=\"https:\/\/www.facebook.com\/YunmingMetal\" \/>\n<meta property=\"article:modified_time\" content=\"2025-05-10T11:45:38+00:00\" \/>\n<meta property=\"og:image\" content=\"https:\/\/yunming-metal.com\/wp-content\/uploads\/2024\/10\/stainless-steel-checkered-plate-stack.jpg\" \/>\n\t<meta property=\"og:image:width\" content=\"800\" \/>\n\t<meta property=\"og:image:height\" content=\"800\" \/>\n\t<meta property=\"og:image:type\" content=\"image\/jpeg\" \/>\n<meta name=\"twitter:card\" content=\"summary_large_image\" \/>\n<meta name=\"twitter:site\" content=\"@fan_yunmimetal\" \/>\n<meta name=\"twitter:label1\" content=\"Tiempo de lectura\" \/>\n\t<meta name=\"twitter:data1\" content=\"3 minutos\" \/>\n<script type=\"application\/ld+json\" class=\"yoast-schema-graph\">{\"@context\":\"https:\/\/schema.org\",\"@graph\":[{\"@type\":\"WebPage\",\"@id\":\"https:\/\/yunming-metal.com\/product\/stainless-steel-checkered-diamond-plate-sheet\/\",\"url\":\"https:\/\/yunming-metal.com\/product\/stainless-steel-checkered-diamond-plate-sheet\/\",\"name\":\"Stainless Steel Checkered\/Diamond Plate & Sheet Manufacturer\",\"isPartOf\":{\"@id\":\"https:\/\/yunming-metal.com\/#website\"},\"primaryImageOfPage\":{\"@id\":\"https:\/\/yunming-metal.com\/product\/stainless-steel-checkered-diamond-plate-sheet\/#primaryimage\"},\"image\":{\"@id\":\"https:\/\/yunming-metal.com\/product\/stainless-steel-checkered-diamond-plate-sheet\/#primaryimage\"},\"thumbnailUrl\":\"https:\/\/yunming-metal.com\/wp-content\/uploads\/2024\/10\/stainless-steel-checkered-plate-stack.jpg\",\"datePublished\":\"2024-10-24T16:22:26+00:00\",\"dateModified\":\"2025-05-10T11:45:38+00:00\",\"description\":\"Durable stainless steel checkered plate for flooring and industrial use. Available in diamond and 5-bar patterns. Grades 304, 316L, and more.\",\"breadcrumb\":{\"@id\":\"https:\/\/yunming-metal.com\/product\/stainless-steel-checkered-diamond-plate-sheet\/#breadcrumb\"},\"inLanguage\":\"es\",\"potentialAction\":[{\"@type\":\"ReadAction\",\"target\":[\"https:\/\/yunming-metal.com\/product\/stainless-steel-checkered-diamond-plate-sheet\/\"]}]},{\"@type\":\"ImageObject\",\"inLanguage\":\"es\",\"@id\":\"https:\/\/yunming-metal.com\/product\/stainless-steel-checkered-diamond-plate-sheet\/#primaryimage\",\"url\":\"https:\/\/yunming-metal.com\/wp-content\/uploads\/2024\/10\/stainless-steel-checkered-plate-stack.jpg\",\"contentUrl\":\"https:\/\/yunming-metal.com\/wp-content\/uploads\/2024\/10\/stainless-steel-checkered-plate-stack.jpg\",\"width\":800,\"height\":800,\"caption\":\"Embossed stainless steel checkered plate stacked for bulk shipment\"},{\"@type\":\"BreadcrumbList\",\"@id\":\"https:\/\/yunming-metal.com\/product\/stainless-steel-checkered-diamond-plate-sheet\/#breadcrumb\",\"itemListElement\":[{\"@type\":\"ListItem\",\"position\":1,\"name\":\"\u9996\u9875\",\"item\":\"https:\/\/yunming-metal.com\/\"},{\"@type\":\"ListItem\",\"position\":2,\"name\":\"Products\",\"item\":\"https:\/\/yunming-metal.com\/shop\/\"},{\"@type\":\"ListItem\",\"position\":3,\"name\":\"Stainless Steel Checkered\/Diamond Plate &#038; Sheet\"}]},{\"@type\":\"WebSite\",\"@id\":\"https:\/\/yunming-metal.com\/#website\",\"url\":\"https:\/\/yunming-metal.com\/\",\"name\":\"yunming-metal.com\",\"description\":\"High-Quality Stainless Steel Pipes, Plates &amp; Flanges\",\"publisher\":{\"@id\":\"https:\/\/yunming-metal.com\/#organization\"},\"potentialAction\":[{\"@type\":\"SearchAction\",\"target\":{\"@type\":\"EntryPoint\",\"urlTemplate\":\"https:\/\/yunming-metal.com\/?s={search_term_string}\"},\"query-input\":{\"@type\":\"PropertyValueSpecification\",\"valueRequired\":true,\"valueName\":\"search_term_string\"}}],\"inLanguage\":\"es\"},{\"@type\":\"Organization\",\"@id\":\"https:\/\/yunming-metal.com\/#organization\",\"name\":\"Yunming MetalY\",\"alternateName\":\"Yunming Stainless Steel\",\"url\":\"https:\/\/yunming-metal.com\/\",\"logo\":{\"@type\":\"ImageObject\",\"inLanguage\":\"es\",\"@id\":\"https:\/\/yunming-metal.com\/#\/schema\/logo\/image\/\",\"url\":\"https:\/\/yunming-metal.com\/wp-content\/uploads\/2025\/04\/yunming-metal-logo-featuring-a-minimalist-am-design-representing.png\",\"contentUrl\":\"https:\/\/yunming-metal.com\/wp-content\/uploads\/2025\/04\/yunming-metal-logo-featuring-a-minimalist-am-design-representing.png\",\"width\":300,\"height\":300,\"caption\":\"Yunming MetalY\"},\"image\":{\"@id\":\"https:\/\/yunming-metal.com\/#\/schema\/logo\/image\/\"},\"sameAs\":[\"https:\/\/www.facebook.com\/YunmingMetal\",\"https:\/\/x.com\/fan_yunmimetal\",\"https:\/\/www.linkedin.com\/company\/yunming-metal\/\",\"https:\/\/www.instagram.com\/nora_jiang8\/\",\"https:\/\/www.youtube.com\/@yunmingmetal1\",\"https:\/\/www.tiktok.com\/@yunming_metal\"]}]}<\/script>\n<!-- \/ Yoast SEO Premium plugin. -->","yoast_head_json":{"title":"Stainless Steel Checkered\/Diamond Plate & Sheet Manufacturer","description":"Durable stainless steel checkered plate for flooring and industrial use. Available in diamond and 5-bar patterns. Grades 304, 316L, and more.","robots":{"index":"index","follow":"follow","max-snippet":"max-snippet:-1","max-image-preview":"max-image-preview:large","max-video-preview":"max-video-preview:-1"},"canonical":"https:\/\/yunming-metal.com\/es\/producto\/chapa-diamantada-a-cuadros-de-acero-inoxidable\/","og_locale":"es_ES","og_type":"article","og_title":"Stainless Steel Checkered\/Diamond Plate & Sheet","og_description":"Durable stainless steel checkered plate for flooring and industrial use. Available in diamond and 5-bar patterns. Grades 304, 316L, and more.","og_url":"https:\/\/yunming-metal.com\/es\/producto\/chapa-diamantada-a-cuadros-de-acero-inoxidable\/","og_site_name":"Yunming Metal - Stainless Steel Manufacturer &amp; Supplier","article_publisher":"https:\/\/www.facebook.com\/YunmingMetal","article_modified_time":"2025-05-10T11:45:38+00:00","og_image":[{"width":800,"height":800,"url":"https:\/\/yunming-metal.com\/wp-content\/uploads\/2024\/10\/stainless-steel-checkered-plate-stack.jpg","type":"image\/jpeg"}],"twitter_card":"summary_large_image","twitter_site":"@fan_yunmimetal","twitter_misc":{"Tiempo de lectura":"3 minutos"},"schema":{"@context":"https:\/\/schema.org","@graph":[{"@type":"WebPage","@id":"https:\/\/yunming-metal.com\/product\/stainless-steel-checkered-diamond-plate-sheet\/","url":"https:\/\/yunming-metal.com\/product\/stainless-steel-checkered-diamond-plate-sheet\/","name":"Stainless Steel Checkered\/Diamond Plate & Sheet Manufacturer","isPartOf":{"@id":"https:\/\/yunming-metal.com\/#website"},"primaryImageOfPage":{"@id":"https:\/\/yunming-metal.com\/product\/stainless-steel-checkered-diamond-plate-sheet\/#primaryimage"},"image":{"@id":"https:\/\/yunming-metal.com\/product\/stainless-steel-checkered-diamond-plate-sheet\/#primaryimage"},"thumbnailUrl":"https:\/\/yunming-metal.com\/wp-content\/uploads\/2024\/10\/stainless-steel-checkered-plate-stack.jpg","datePublished":"2024-10-24T16:22:26+00:00","dateModified":"2025-05-10T11:45:38+00:00","description":"Durable stainless steel checkered plate for flooring and industrial use. Available in diamond and 5-bar patterns. Grades 304, 316L, and more.","breadcrumb":{"@id":"https:\/\/yunming-metal.com\/product\/stainless-steel-checkered-diamond-plate-sheet\/#breadcrumb"},"inLanguage":"es","potentialAction":[{"@type":"ReadAction","target":["https:\/\/yunming-metal.com\/product\/stainless-steel-checkered-diamond-plate-sheet\/"]}]},{"@type":"ImageObject","inLanguage":"es","@id":"https:\/\/yunming-metal.com\/product\/stainless-steel-checkered-diamond-plate-sheet\/#primaryimage","url":"https:\/\/yunming-metal.com\/wp-content\/uploads\/2024\/10\/stainless-steel-checkered-plate-stack.jpg","contentUrl":"https:\/\/yunming-metal.com\/wp-content\/uploads\/2024\/10\/stainless-steel-checkered-plate-stack.jpg","width":800,"height":800,"caption":"Embossed stainless steel checkered plate stacked for bulk shipment"},{"@type":"BreadcrumbList","@id":"https:\/\/yunming-metal.com\/product\/stainless-steel-checkered-diamond-plate-sheet\/#breadcrumb","itemListElement":[{"@type":"ListItem","position":1,"name":"\u9996\u9875","item":"https:\/\/yunming-metal.com\/"},{"@type":"ListItem","position":2,"name":"Products","item":"https:\/\/yunming-metal.com\/shop\/"},{"@type":"ListItem","position":3,"name":"Stainless Steel Checkered\/Diamond Plate &#038; Sheet"}]},{"@type":"WebSite","@id":"https:\/\/yunming-metal.com\/#website","url":"https:\/\/yunming-metal.com\/","name":"yunming-metal.com","description":"High-Quality Stainless Steel Pipes, Plates &amp; Flanges","publisher":{"@id":"https:\/\/yunming-metal.com\/#organization"},"potentialAction":[{"@type":"SearchAction","target":{"@type":"EntryPoint","urlTemplate":"https:\/\/yunming-metal.com\/?s={search_term_string}"},"query-input":{"@type":"PropertyValueSpecification","valueRequired":true,"valueName":"search_term_string"}}],"inLanguage":"es"},{"@type":"Organization","@id":"https:\/\/yunming-metal.com\/#organization","name":"Yunming MetalY","alternateName":"Yunming Stainless Steel","url":"https:\/\/yunming-metal.com\/","logo":{"@type":"ImageObject","inLanguage":"es","@id":"https:\/\/yunming-metal.com\/#\/schema\/logo\/image\/","url":"https:\/\/yunming-metal.com\/wp-content\/uploads\/2025\/04\/yunming-metal-logo-featuring-a-minimalist-am-design-representing.png","contentUrl":"https:\/\/yunming-metal.com\/wp-content\/uploads\/2025\/04\/yunming-metal-logo-featuring-a-minimalist-am-design-representing.png","width":300,"height":300,"caption":"Yunming MetalY"},"image":{"@id":"https:\/\/yunming-metal.com\/#\/schema\/logo\/image\/"},"sameAs":["https:\/\/www.facebook.com\/YunmingMetal","https:\/\/x.com\/fan_yunmimetal","https:\/\/www.linkedin.com\/company\/yunming-metal\/","https:\/\/www.instagram.com\/nora_jiang8\/","https:\/\/www.youtube.com\/@yunmingmetal1","https:\/\/www.tiktok.com\/@yunming_metal"]}]}},"_links":{"self":[{"href":"https:\/\/yunming-metal.com\/es\/wp-json\/wp\/v2\/product\/2181","targetHints":{"allow":["GET"]}}],"collection":[{"href":"https:\/\/yunming-metal.com\/es\/wp-json\/wp\/v2\/product"}],"about":[{"href":"https:\/\/yunming-metal.com\/es\/wp-json\/wp\/v2\/types\/product"}],"replies":[{"embeddable":true,"href":"https:\/\/yunming-metal.com\/es\/wp-json\/wp\/v2\/comments?post=2181"}],"wp:featuredmedia":[{"embeddable":true,"href":"https:\/\/yunming-metal.com\/es\/wp-json\/wp\/v2\/media\/4714"}],"wp:attachment":[{"href":"https:\/\/yunming-metal.com\/es\/wp-json\/wp\/v2\/media?parent=2181"}],"wp:term":[{"taxonomy":"product_brand","embeddable":true,"href":"https:\/\/yunming-metal.com\/es\/wp-json\/wp\/v2\/product_brand?post=2181"},{"taxonomy":"product_cat","embeddable":true,"href":"https:\/\/yunming-metal.com\/es\/wp-json\/wp\/v2\/product_cat?post=2181"},{"taxonomy":"product_tag","embeddable":true,"href":"https:\/\/yunming-metal.com\/es\/wp-json\/wp\/v2\/product_tag?post=2181"}],"curies":[{"name":"wp","href":"https:\/\/api.w.org\/{rel}","templated":true}]}}