{"id":2193,"date":"2024-10-24T16:27:31","date_gmt":"2024-10-24T16:27:31","guid":{"rendered":"https:\/\/yunming-metal.com\/?post_type=product&#038;p=2193"},"modified":"2025-05-10T21:36:57","modified_gmt":"2025-05-10T13:36:57","slug":"water-ripple-sheet","status":"publish","type":"product","link":"https:\/\/yunming-metal.com\/es\/producto\/hoja-de-ondulacion-del-agua\/","title":{"rendered":"Hoja de ondulaci\u00f3n del agua"},"content":{"rendered":"<h3 class=\"\" data-start=\"143\" data-end=\"165\">Productos<\/h3>\n<p class=\"\" data-start=\"166\" data-end=\"486\">La chapa ondulada Water es un panel decorativo de acero inoxidable con una superficie ondulada en 3D que refleja la luz de forma din\u00e1mica y fluida. Su textura de espejo y su efecto ondulado le confieren un aspecto moderno y lujoso, por lo que es un material muy utilizado en interiores comerciales, revestimientos arquitect\u00f3nicos e instalaciones art\u00edsticas.<\/p>\n<h3 class=\"\" data-start=\"488\" data-end=\"511\">\u00c1mbitos de aplicaci\u00f3n<\/h3>\n<ul data-start=\"512\" data-end=\"781\">\n<li class=\"\" data-start=\"512\" data-end=\"560\">\n<p class=\"\" data-start=\"514\" data-end=\"560\">Revestimientos interiores y fondos de vest\u00edbulo<\/p>\n<\/li>\n<li class=\"\" data-start=\"561\" data-end=\"599\">\n<p class=\"\" data-start=\"563\" data-end=\"599\">Cabinas de ascensor y paneles de techo<\/p>\n<\/li>\n<li class=\"\" data-start=\"600\" data-end=\"644\">\n<p class=\"\" data-start=\"602\" data-end=\"644\">Decoraci\u00f3n de hoteles y edificios comerciales<\/p>\n<\/li>\n<li class=\"\" data-start=\"645\" data-end=\"688\">\n<p class=\"\" data-start=\"647\" data-end=\"688\">Instalaciones art\u00edsticas y espacios de exposici\u00f3n<\/p>\n<\/li>\n<li class=\"\" data-start=\"689\" data-end=\"725\">\n<p class=\"\" data-start=\"691\" data-end=\"725\">Muebles y armarios de alta gama<\/p>\n<\/li>\n<li class=\"\" data-start=\"726\" data-end=\"781\">\n<p class=\"\" data-start=\"728\" data-end=\"781\">Elementos decorativos en restaurantes, bares y centros comerciales<\/p>\n<\/li>\n<\/ul>\n<h3 class=\"\" data-start=\"783\" data-end=\"805\">Caracter\u00edsticas del producto<\/h3>\n<ul data-start=\"806\" data-end=\"1107\">\n<li class=\"\" data-start=\"806\" data-end=\"858\">\n<p class=\"\" data-start=\"808\" data-end=\"858\">Elegante superficie ondulada 3D de gran reflectividad<\/p>\n<\/li>\n<li class=\"\" data-start=\"859\" data-end=\"933\">\n<p class=\"\" data-start=\"861\" data-end=\"933\">Disponible en acabado espejo, oro, oro rosa, titanio negro y PVD<\/p>\n<\/li>\n<li class=\"\" data-start=\"934\" data-end=\"991\">\n<p class=\"\" data-start=\"936\" data-end=\"991\">Fabricado en acero inoxidable resistente a la corrosi\u00f3n<\/p>\n<\/li>\n<li class=\"\" data-start=\"992\" data-end=\"1044\">\n<p class=\"\" data-start=\"994\" data-end=\"1044\">Apto para conformado, plegado y corte por l\u00e1ser<\/p>\n<\/li>\n<li class=\"\" data-start=\"1045\" data-end=\"1107\">\n<p class=\"\" data-start=\"1047\" data-end=\"1107\">Acabado duradero, de bajo mantenimiento y resistente a las huellas dactilares<\/p>\n<\/li>\n<\/ul>\n<h3 class=\"\" data-start=\"1109\" data-end=\"1139\">Especificaciones t\u00e9cnicas<\/h3>\n<div class=\"_tableContainer_16hzy_1\">\n<div class=\"_tableWrapper_16hzy_14 group flex w-fit flex-col-reverse\" tabindex=\"-1\">\n<table class=\"w-fit min-w-(--thread-content-width)\" data-start=\"1141\" data-end=\"1772\">\n<thead data-start=\"1141\" data-end=\"1209\">\n<tr data-start=\"1141\" data-end=\"1209\">\n<th data-start=\"1141\" data-end=\"1163\" data-col-size=\"sm\">Especificaci\u00f3n<\/th>\n<th data-start=\"1163\" data-end=\"1209\" data-col-size=\"md\">Gama<\/th>\n<\/tr>\n<\/thead>\n<tbody data-start=\"1280\" data-end=\"1772\">\n<tr data-start=\"1280\" data-end=\"1349\">\n<td data-start=\"1280\" data-end=\"1302\" data-col-size=\"sm\"><strong data-start=\"1282\" data-end=\"1301\">Grados de material<\/strong><\/td>\n<td data-col-size=\"md\" data-start=\"1302\" data-end=\"1349\">304, 316L, 430, 201 (s\u00f3lo para uso interior)<\/td>\n<\/tr>\n<tr data-start=\"1350\" data-end=\"1424\">\n<td data-start=\"1350\" data-end=\"1372\" data-col-size=\"sm\"><strong data-start=\"1352\" data-end=\"1365\">Espesor<\/strong><\/td>\n<td data-col-size=\"md\" data-start=\"1372\" data-end=\"1424\">0,5 mm - 1,5 mm (aprox. \u00b9\u2044\u2086\u2084\u2033 - \u00b9\u2044\u2081\u2086\u2033)<\/td>\n<\/tr>\n<tr data-start=\"1425\" data-end=\"1497\">\n<td data-start=\"1425\" data-end=\"1447\" data-col-size=\"sm\"><strong data-start=\"1427\" data-end=\"1436\">Anchura<\/strong><\/td>\n<td data-col-size=\"md\" data-start=\"1447\" data-end=\"1497\">1000 mm - 1500 mm (aprox. 39\u2033 - 59\u2033)<\/td>\n<\/tr>\n<tr data-start=\"1498\" data-end=\"1570\">\n<td data-start=\"1498\" data-end=\"1520\" data-col-size=\"sm\"><strong data-start=\"1500\" data-end=\"1510\">Longitud<\/strong><\/td>\n<td data-start=\"1520\" data-end=\"1570\" data-col-size=\"md\">2000 mm - 6000 mm (aprox. 78\u00be\u2033 - 236\u2033)<\/td>\n<\/tr>\n<tr data-start=\"1571\" data-end=\"1653\">\n<td data-start=\"1571\" data-end=\"1593\" data-col-size=\"sm\"><strong data-start=\"1573\" data-end=\"1591\">Acabado superficial<\/strong><\/td>\n<td data-col-size=\"md\" data-start=\"1593\" data-end=\"1653\">Ondulaci\u00f3n del agua, espejo, PVD oro, oro rosa, negro, bronce<\/td>\n<\/tr>\n<tr data-start=\"1654\" data-end=\"1703\">\n<td data-start=\"1654\" data-end=\"1676\" data-col-size=\"sm\"><strong data-start=\"1656\" data-end=\"1668\">Est\u00e1ndar<\/strong><\/td>\n<td data-start=\"1676\" data-end=\"1703\" data-col-size=\"md\">ASTM, AISI, JIS, GB, EN<\/td>\n<\/tr>\n<tr data-start=\"1704\" data-end=\"1772\">\n<td data-start=\"1704\" data-end=\"1726\" data-col-size=\"sm\"><strong data-start=\"1706\" data-end=\"1720\">Tratamiento<\/strong><\/td>\n<td data-start=\"1726\" data-end=\"1772\" data-col-size=\"md\">Corte, plegado, grabado por l\u00e1ser, soldadura<\/td>\n<\/tr>\n<\/tbody>\n<\/table>\n<div class=\"sticky end-(--thread-content-margin) h-0 self-end select-none\">\n<div class=\"absolute end-0 flex items-end\"><\/div>\n<\/div>\n<\/div>\n<\/div>\n<h3 class=\"\" data-start=\"1774\" data-end=\"1801\">Proceso de fabricaci\u00f3n<\/h3>\n<p class=\"\" data-start=\"1802\" data-end=\"2152\">Las chapas onduladas se fabrican prensando una textura ondulada sobre chapas de acero inoxidable mediante tecnolog\u00eda de rodillos de precisi\u00f3n o estampaci\u00f3n hidr\u00e1ulica. Una vez moldeadas, las planchas se someten a un proceso de pulido y revestimiento de PVD para conseguir un acabado decorativo reflectante y duradero. Cada l\u00e1mina se inspecciona para garantizar la uniformidad del patr\u00f3n, el brillo y la resistencia a los ara\u00f1azos.<\/p>\n<h3 class=\"\" data-start=\"2154\" data-end=\"2163\">PREGUNTAS FRECUENTES<\/h3>\n<p class=\"\" data-start=\"2165\" data-end=\"2360\"><strong data-start=\"2165\" data-end=\"2210\">P: \u00bfPara qu\u00e9 sirve una l\u00e1mina ondulada de agua?<\/strong><br data-start=\"2210\" data-end=\"2213\" \/>R: Se utiliza mucho en interiores de lujo, como vest\u00edbulos de hoteles, ascensores, techos y paredes, para crear una est\u00e9tica lujosa y moderna.<\/p>\n<p class=\"\" data-start=\"2362\" data-end=\"2545\"><strong data-start=\"2362\" data-end=\"2411\">P: \u00bfPuedo elegir el dise\u00f1o y el color de las ondas?<\/strong><br data-start=\"2411\" data-end=\"2414\" \/>R: S\u00ed. Los dise\u00f1os vienen en ondas peque\u00f1as, medianas y grandes, con acabados opcionales como espejo, oro, oro rosa y titanio negro.<\/p>\n<p class=\"\" data-start=\"2547\" data-end=\"2707\"><strong data-start=\"2547\" data-end=\"2616\">P: \u00bfQu\u00e9 grados se recomiendan para entornos h\u00famedos o costeros?<\/strong><br data-start=\"2616\" data-end=\"2619\" \/>R: Para estos entornos, recomendamos el grado 316L por su mayor resistencia a la corrosi\u00f3n.<\/p>\n<p class=\"\" data-start=\"2709\" data-end=\"2882\"><strong data-start=\"2709\" data-end=\"2760\">P: \u00bfSon f\u00e1ciles de limpiar y mantener?<\/strong><br data-start=\"2760\" data-end=\"2763\" \/>R: S\u00ed, la superficie pulida es resistente a las huellas dactilares y las manchas, y s\u00f3lo requiere un pa\u00f1o suave para la limpieza rutinaria.<\/p>\n<h3 class=\"\" data-start=\"2884\" data-end=\"2911\">\u00bfA\u00fan tiene preguntas?<\/h3>\n<p class=\"\" data-start=\"2912\" data-end=\"3108\">No dude en<a href=\"https:\/\/yunming-metal.com\/es\/pongase-en-contacto-con\/\"> Contacto<\/a> para m\u00e1s detalles o para hablar de sus necesidades de l\u00e1minas onduladas de agua personalizadas. Nuestro equipo de asistencia t\u00e9cnica est\u00e1 preparado para ayudarle con las especificaciones, las certificaciones y la entrega.<\/p>","protected":false},"excerpt":{"rendered":"<p class=\"\" data-start=\"3398\" data-end=\"3636\">Yunming Metal ofrece chapas onduladas de acero inoxidable de alta calidad, con acabados de espejo y de color, ideales para paredes, techos, ascensores y elementos interiores de hoteles, centros comerciales y edificios comerciales.<\/p>","protected":false},"featured_media":4725,"comment_status":"open","ping_status":"closed","template":"","meta":{"site-sidebar-layout":"default","site-content-layout":"","ast-site-content-layout":"default","site-content-style":"default","site-sidebar-style":"default","ast-global-header-display":"","ast-banner-title-visibility":"","ast-main-header-display":"","ast-hfb-above-header-display":"","ast-hfb-below-header-display":"","ast-hfb-mobile-header-display":"","site-post-title":"","ast-breadcrumbs-content":"","ast-featured-img":"","footer-sml-layout":"","theme-transparent-header-meta":"default","adv-header-id-meta":"","stick-header-meta":"","header-above-stick-meta":"","header-main-stick-meta":"","header-below-stick-meta":"","astra-migrate-meta-layouts":"set","ast-page-background-enabled":"default","ast-page-background-meta":{"desktop":{"background-color":"","background-image":"","background-repeat":"repeat","background-position":"center center","background-size":"auto","background-attachment":"scroll","background-type":"","background-media":"","overlay-type":"","overlay-color":"","overlay-opacity":"","overlay-gradient":""},"tablet":{"background-color":"","background-image":"","background-repeat":"repeat","background-position":"center center","background-size":"auto","background-attachment":"scroll","background-type":"","background-media":"","overlay-type":"","overlay-color":"","overlay-opacity":"","overlay-gradient":""},"mobile":{"background-color":"","background-image":"","background-repeat":"repeat","background-position":"center center","background-size":"auto","background-attachment":"scroll","background-type":"","background-media":"","overlay-type":"","overlay-color":"","overlay-opacity":"","overlay-gradient":""}},"ast-content-background-meta":{"desktop":{"background-color":"var(--ast-global-color-5)","background-image":"","background-repeat":"repeat","background-position":"center center","background-size":"auto","background-attachment":"scroll","background-type":"","background-media":"","overlay-type":"","overlay-color":"","overlay-opacity":"","overlay-gradient":""},"tablet":{"background-color":"var(--ast-global-color-5)","background-image":"","background-repeat":"repeat","background-position":"center center","background-size":"auto","background-attachment":"scroll","background-type":"","background-media":"","overlay-type":"","overlay-color":"","overlay-opacity":"","overlay-gradient":""},"mobile":{"background-color":"var(--ast-global-color-5)","background-image":"","background-repeat":"repeat","background-position":"center center","background-size":"auto","background-attachment":"scroll","background-type":"","background-media":"","overlay-type":"","overlay-color":"","overlay-opacity":"","overlay-gradient":""}}},"product_brand":[],"product_cat":[23],"product_tag":[],"class_list":{"0":"post-2193","1":"product","2":"type-product","3":"status-publish","4":"has-post-thumbnail","6":"product_cat-stainless-steel-sheet-plate-coil","7":"desktop-align-left","8":"tablet-align-left","9":"mobile-align-left","11":"first","12":"instock","13":"shipping-taxable","14":"product-type-simple"},"yoast_head":"<!-- This site is optimized with the Yoast SEO Premium plugin v24.9 (Yoast SEO v26.8) - https:\/\/yoast.com\/product\/yoast-seo-premium-wordpress\/ -->\n<title>Water Ripple Sheet for Wall and Ceiling Decoration-Yunmimg<\/title>\n<meta name=\"description\" content=\"Decorative water ripple sheet with mirror and PVD finishes for walls, ceilings, elevators, and interiors. Available in stainless steel 304\/316L.\" \/>\n<meta name=\"robots\" content=\"index, follow, max-snippet:-1, max-image-preview:large, max-video-preview:-1\" \/>\n<link rel=\"canonical\" href=\"https:\/\/yunming-metal.com\/es\/producto\/hoja-de-ondulacion-del-agua\/\" \/>\n<meta property=\"og:locale\" content=\"es_ES\" \/>\n<meta property=\"og:type\" content=\"article\" \/>\n<meta property=\"og:title\" content=\"Water Ripple Sheet\" \/>\n<meta property=\"og:description\" content=\"Decorative water ripple sheet with mirror and PVD finishes for walls, ceilings, elevators, and interiors. Available in stainless steel 304\/316L.\" \/>\n<meta property=\"og:url\" content=\"https:\/\/yunming-metal.com\/es\/producto\/hoja-de-ondulacion-del-agua\/\" \/>\n<meta property=\"og:site_name\" content=\"Yunming Metal - Stainless Steel Manufacturer &amp; Supplier\" \/>\n<meta property=\"article:publisher\" content=\"https:\/\/www.facebook.com\/YunmingMetal\" \/>\n<meta property=\"article:modified_time\" content=\"2025-05-10T13:36:57+00:00\" \/>\n<meta property=\"og:image\" content=\"https:\/\/yunming-metal.com\/wp-content\/uploads\/2025\/05\/mirror-finish-stainless-steel-water-ripple-sheet.jpg\" \/>\n\t<meta property=\"og:image:width\" content=\"800\" \/>\n\t<meta property=\"og:image:height\" content=\"800\" \/>\n\t<meta property=\"og:image:type\" content=\"image\/jpeg\" \/>\n<meta name=\"twitter:card\" content=\"summary_large_image\" \/>\n<meta name=\"twitter:site\" content=\"@fan_yunmimetal\" \/>\n<meta name=\"twitter:label1\" content=\"Tiempo de lectura\" \/>\n\t<meta name=\"twitter:data1\" content=\"3 minutos\" \/>\n<script type=\"application\/ld+json\" class=\"yoast-schema-graph\">{\"@context\":\"https:\/\/schema.org\",\"@graph\":[{\"@type\":\"WebPage\",\"@id\":\"https:\/\/yunming-metal.com\/product\/water-ripple-sheet\/\",\"url\":\"https:\/\/yunming-metal.com\/product\/water-ripple-sheet\/\",\"name\":\"Water Ripple Sheet for Wall and Ceiling Decoration-Yunmimg\",\"isPartOf\":{\"@id\":\"https:\/\/yunming-metal.com\/#website\"},\"primaryImageOfPage\":{\"@id\":\"https:\/\/yunming-metal.com\/product\/water-ripple-sheet\/#primaryimage\"},\"image\":{\"@id\":\"https:\/\/yunming-metal.com\/product\/water-ripple-sheet\/#primaryimage\"},\"thumbnailUrl\":\"https:\/\/yunming-metal.com\/wp-content\/uploads\/2025\/05\/mirror-finish-stainless-steel-water-ripple-sheet.jpg\",\"datePublished\":\"2024-10-24T16:27:31+00:00\",\"dateModified\":\"2025-05-10T13:36:57+00:00\",\"description\":\"Decorative water ripple sheet with mirror and PVD finishes for walls, ceilings, elevators, and interiors. Available in stainless steel 304\/316L.\",\"breadcrumb\":{\"@id\":\"https:\/\/yunming-metal.com\/product\/water-ripple-sheet\/#breadcrumb\"},\"inLanguage\":\"es\",\"potentialAction\":[{\"@type\":\"ReadAction\",\"target\":[\"https:\/\/yunming-metal.com\/product\/water-ripple-sheet\/\"]}]},{\"@type\":\"ImageObject\",\"inLanguage\":\"es\",\"@id\":\"https:\/\/yunming-metal.com\/product\/water-ripple-sheet\/#primaryimage\",\"url\":\"https:\/\/yunming-metal.com\/wp-content\/uploads\/2025\/05\/mirror-finish-stainless-steel-water-ripple-sheet.jpg\",\"contentUrl\":\"https:\/\/yunming-metal.com\/wp-content\/uploads\/2025\/05\/mirror-finish-stainless-steel-water-ripple-sheet.jpg\",\"width\":800,\"height\":800,\"caption\":\"Polished stainless steel sheet with wave-like mirror surface\"},{\"@type\":\"BreadcrumbList\",\"@id\":\"https:\/\/yunming-metal.com\/product\/water-ripple-sheet\/#breadcrumb\",\"itemListElement\":[{\"@type\":\"ListItem\",\"position\":1,\"name\":\"\u9996\u9875\",\"item\":\"https:\/\/yunming-metal.com\/\"},{\"@type\":\"ListItem\",\"position\":2,\"name\":\"Products\",\"item\":\"https:\/\/yunming-metal.com\/shop\/\"},{\"@type\":\"ListItem\",\"position\":3,\"name\":\"Water Ripple Sheet\"}]},{\"@type\":\"WebSite\",\"@id\":\"https:\/\/yunming-metal.com\/#website\",\"url\":\"https:\/\/yunming-metal.com\/\",\"name\":\"yunming-metal.com\",\"description\":\"High-Quality Stainless Steel Pipes, Plates &amp; Flanges\",\"publisher\":{\"@id\":\"https:\/\/yunming-metal.com\/#organization\"},\"potentialAction\":[{\"@type\":\"SearchAction\",\"target\":{\"@type\":\"EntryPoint\",\"urlTemplate\":\"https:\/\/yunming-metal.com\/?s={search_term_string}\"},\"query-input\":{\"@type\":\"PropertyValueSpecification\",\"valueRequired\":true,\"valueName\":\"search_term_string\"}}],\"inLanguage\":\"es\"},{\"@type\":\"Organization\",\"@id\":\"https:\/\/yunming-metal.com\/#organization\",\"name\":\"Yunming MetalY\",\"alternateName\":\"Yunming Stainless Steel\",\"url\":\"https:\/\/yunming-metal.com\/\",\"logo\":{\"@type\":\"ImageObject\",\"inLanguage\":\"es\",\"@id\":\"https:\/\/yunming-metal.com\/#\/schema\/logo\/image\/\",\"url\":\"https:\/\/yunming-metal.com\/wp-content\/uploads\/2025\/04\/yunming-metal-logo-featuring-a-minimalist-am-design-representing.png\",\"contentUrl\":\"https:\/\/yunming-metal.com\/wp-content\/uploads\/2025\/04\/yunming-metal-logo-featuring-a-minimalist-am-design-representing.png\",\"width\":300,\"height\":300,\"caption\":\"Yunming MetalY\"},\"image\":{\"@id\":\"https:\/\/yunming-metal.com\/#\/schema\/logo\/image\/\"},\"sameAs\":[\"https:\/\/www.facebook.com\/YunmingMetal\",\"https:\/\/x.com\/fan_yunmimetal\",\"https:\/\/www.linkedin.com\/company\/yunming-metal\/\",\"https:\/\/www.instagram.com\/nora_jiang8\/\",\"https:\/\/www.youtube.com\/@yunmingmetal1\",\"https:\/\/www.tiktok.com\/@yunming_metal\"]}]}<\/script>\n<!-- \/ Yoast SEO Premium plugin. -->","yoast_head_json":{"title":"Water Ripple Sheet for Wall and Ceiling Decoration-Yunmimg","description":"Decorative water ripple sheet with mirror and PVD finishes for walls, ceilings, elevators, and interiors. Available in stainless steel 304\/316L.","robots":{"index":"index","follow":"follow","max-snippet":"max-snippet:-1","max-image-preview":"max-image-preview:large","max-video-preview":"max-video-preview:-1"},"canonical":"https:\/\/yunming-metal.com\/es\/producto\/hoja-de-ondulacion-del-agua\/","og_locale":"es_ES","og_type":"article","og_title":"Water Ripple Sheet","og_description":"Decorative water ripple sheet with mirror and PVD finishes for walls, ceilings, elevators, and interiors. Available in stainless steel 304\/316L.","og_url":"https:\/\/yunming-metal.com\/es\/producto\/hoja-de-ondulacion-del-agua\/","og_site_name":"Yunming Metal - Stainless Steel Manufacturer &amp; Supplier","article_publisher":"https:\/\/www.facebook.com\/YunmingMetal","article_modified_time":"2025-05-10T13:36:57+00:00","og_image":[{"width":800,"height":800,"url":"https:\/\/yunming-metal.com\/wp-content\/uploads\/2025\/05\/mirror-finish-stainless-steel-water-ripple-sheet.jpg","type":"image\/jpeg"}],"twitter_card":"summary_large_image","twitter_site":"@fan_yunmimetal","twitter_misc":{"Tiempo de lectura":"3 minutos"},"schema":{"@context":"https:\/\/schema.org","@graph":[{"@type":"WebPage","@id":"https:\/\/yunming-metal.com\/product\/water-ripple-sheet\/","url":"https:\/\/yunming-metal.com\/product\/water-ripple-sheet\/","name":"Water Ripple Sheet for Wall and Ceiling Decoration-Yunmimg","isPartOf":{"@id":"https:\/\/yunming-metal.com\/#website"},"primaryImageOfPage":{"@id":"https:\/\/yunming-metal.com\/product\/water-ripple-sheet\/#primaryimage"},"image":{"@id":"https:\/\/yunming-metal.com\/product\/water-ripple-sheet\/#primaryimage"},"thumbnailUrl":"https:\/\/yunming-metal.com\/wp-content\/uploads\/2025\/05\/mirror-finish-stainless-steel-water-ripple-sheet.jpg","datePublished":"2024-10-24T16:27:31+00:00","dateModified":"2025-05-10T13:36:57+00:00","description":"Decorative water ripple sheet with mirror and PVD finishes for walls, ceilings, elevators, and interiors. Available in stainless steel 304\/316L.","breadcrumb":{"@id":"https:\/\/yunming-metal.com\/product\/water-ripple-sheet\/#breadcrumb"},"inLanguage":"es","potentialAction":[{"@type":"ReadAction","target":["https:\/\/yunming-metal.com\/product\/water-ripple-sheet\/"]}]},{"@type":"ImageObject","inLanguage":"es","@id":"https:\/\/yunming-metal.com\/product\/water-ripple-sheet\/#primaryimage","url":"https:\/\/yunming-metal.com\/wp-content\/uploads\/2025\/05\/mirror-finish-stainless-steel-water-ripple-sheet.jpg","contentUrl":"https:\/\/yunming-metal.com\/wp-content\/uploads\/2025\/05\/mirror-finish-stainless-steel-water-ripple-sheet.jpg","width":800,"height":800,"caption":"Polished stainless steel sheet with wave-like mirror surface"},{"@type":"BreadcrumbList","@id":"https:\/\/yunming-metal.com\/product\/water-ripple-sheet\/#breadcrumb","itemListElement":[{"@type":"ListItem","position":1,"name":"\u9996\u9875","item":"https:\/\/yunming-metal.com\/"},{"@type":"ListItem","position":2,"name":"Products","item":"https:\/\/yunming-metal.com\/shop\/"},{"@type":"ListItem","position":3,"name":"Water Ripple Sheet"}]},{"@type":"WebSite","@id":"https:\/\/yunming-metal.com\/#website","url":"https:\/\/yunming-metal.com\/","name":"yunming-metal.com","description":"High-Quality Stainless Steel Pipes, Plates &amp; Flanges","publisher":{"@id":"https:\/\/yunming-metal.com\/#organization"},"potentialAction":[{"@type":"SearchAction","target":{"@type":"EntryPoint","urlTemplate":"https:\/\/yunming-metal.com\/?s={search_term_string}"},"query-input":{"@type":"PropertyValueSpecification","valueRequired":true,"valueName":"search_term_string"}}],"inLanguage":"es"},{"@type":"Organization","@id":"https:\/\/yunming-metal.com\/#organization","name":"Yunming MetalY","alternateName":"Yunming Stainless Steel","url":"https:\/\/yunming-metal.com\/","logo":{"@type":"ImageObject","inLanguage":"es","@id":"https:\/\/yunming-metal.com\/#\/schema\/logo\/image\/","url":"https:\/\/yunming-metal.com\/wp-content\/uploads\/2025\/04\/yunming-metal-logo-featuring-a-minimalist-am-design-representing.png","contentUrl":"https:\/\/yunming-metal.com\/wp-content\/uploads\/2025\/04\/yunming-metal-logo-featuring-a-minimalist-am-design-representing.png","width":300,"height":300,"caption":"Yunming MetalY"},"image":{"@id":"https:\/\/yunming-metal.com\/#\/schema\/logo\/image\/"},"sameAs":["https:\/\/www.facebook.com\/YunmingMetal","https:\/\/x.com\/fan_yunmimetal","https:\/\/www.linkedin.com\/company\/yunming-metal\/","https:\/\/www.instagram.com\/nora_jiang8\/","https:\/\/www.youtube.com\/@yunmingmetal1","https:\/\/www.tiktok.com\/@yunming_metal"]}]}},"_links":{"self":[{"href":"https:\/\/yunming-metal.com\/es\/wp-json\/wp\/v2\/product\/2193","targetHints":{"allow":["GET"]}}],"collection":[{"href":"https:\/\/yunming-metal.com\/es\/wp-json\/wp\/v2\/product"}],"about":[{"href":"https:\/\/yunming-metal.com\/es\/wp-json\/wp\/v2\/types\/product"}],"replies":[{"embeddable":true,"href":"https:\/\/yunming-metal.com\/es\/wp-json\/wp\/v2\/comments?post=2193"}],"wp:featuredmedia":[{"embeddable":true,"href":"https:\/\/yunming-metal.com\/es\/wp-json\/wp\/v2\/media\/4725"}],"wp:attachment":[{"href":"https:\/\/yunming-metal.com\/es\/wp-json\/wp\/v2\/media?parent=2193"}],"wp:term":[{"taxonomy":"product_brand","embeddable":true,"href":"https:\/\/yunming-metal.com\/es\/wp-json\/wp\/v2\/product_brand?post=2193"},{"taxonomy":"product_cat","embeddable":true,"href":"https:\/\/yunming-metal.com\/es\/wp-json\/wp\/v2\/product_cat?post=2193"},{"taxonomy":"product_tag","embeddable":true,"href":"https:\/\/yunming-metal.com\/es\/wp-json\/wp\/v2\/product_tag?post=2193"}],"curies":[{"name":"wp","href":"https:\/\/api.w.org\/{rel}","templated":true}]}}