{"id":2213,"date":"2024-10-24T16:39:55","date_gmt":"2024-10-24T16:39:55","guid":{"rendered":"https:\/\/yunming-metal.com\/?post_type=product&#038;p=2213"},"modified":"2025-04-24T20:57:50","modified_gmt":"2025-04-24T12:57:50","slug":"254smo-super-duplex-stainless-steel-plate","status":"publish","type":"product","link":"https:\/\/yunming-metal.com\/es\/producto\/254smo-placa-de-acero-inoxidable-super-duplex\/","title":{"rendered":"Acero inoxidable superd\u00faplex 254SMO\/Placa"},"content":{"rendered":"<div class=\"proddetails-detial-title\" style=\"text-align: center;\">Descripci\u00f3n del producto<\/div>\n<div class=\"proddetails-detial-cont\">\n<div class=\"prodDetail-editor-container\">\n<section>\n<div class=\"cY6krXG row_line\">\n<div class=\"ctysRgrrow_col rowcol\">\n<div class=\"listTxt chUkivYA automatic enlarge_detailed_info\">\n<div class=\"textLineP\">\n<div>\n<div>\n<div class=\"sliderTable mt10 mb10 sliderTable-index0\">\n<div class=\"inner\">\n<table border=\"1\">\n<colgroup class=\"\">\n<col width=\"130\" \/>\n<col width=\"329\" \/><\/colgroup>\n<tbody class=\"\">\n<tr class=\"firstRow\" align=\"center\" valign=\"center\">\n<td align=\"center\" valign=\"middle\">Nombre del producto<\/td>\n<td align=\"left\" valign=\"middle\">Placa\/hoja de acero inoxidable superd\u00faplex<\/td>\n<\/tr>\n<tr align=\"center\" valign=\"center\">\n<td align=\"center\" valign=\"middle\">Est\u00e1ndar<\/td>\n<td align=\"left\" valign=\"middle\">ASTM, AISI, GB, JIS, EN, DIN<\/td>\n<\/tr>\n<tr align=\"center\" valign=\"center\">\n<td colspan=\"1\" rowspan=\"2\" align=\"center\" valign=\"middle\" width=\"NaN\">Especificaci\u00f3n<\/td>\n<td align=\"left\" valign=\"middle\">Di\u00e1metro: 10.0~350.0mm<\/td>\n<\/tr>\n<tr align=\"center\" valign=\"center\">\n<td align=\"left\" valign=\"middle\">Longitud: 1000~6000mm<\/td>\n<\/tr>\n<tr align=\"center\" valign=\"center\">\n<td colspan=\"1\" rowspan=\"8\" align=\"center\" valign=\"middle\" width=\"NaN\">Material<\/td>\n<td align=\"left\" valign=\"middle\">Serie 200: 201, 202<\/td>\n<\/tr>\n<tr align=\"center\" valign=\"center\">\n<td align=\"left\" valign=\"middle\">Serie 300: 301, 302, 303, 304,304L, 309, 310, 310S, 316, 316L, 321, 347<\/td>\n<\/tr>\n<tr align=\"center\" valign=\"center\">\n<td align=\"left\" valign=\"middle\">D\u00faplex: 254SMO, 2205, 2507, ASTM A694, S32760<\/td>\n<\/tr>\n<tr align=\"center\" valign=\"center\">\n<td align=\"left\" valign=\"middle\">Hastelloy: B\/B-2\/B-3\/C-4\/C-22\/C-276\/C-2000\/G-30\/G-35\/X\/N;<\/td>\n<\/tr>\n<tr align=\"center\" valign=\"center\">\n<td align=\"left\" valign=\"middle\">Haynes: 230\/556\/188<\/td>\n<\/tr>\n<tr align=\"center\" valign=\"center\">\n<td align=\"left\" valign=\"middle\">Inconel: 600\/601\/617\/625\/686\/690\/718\/725\/783\/X-750<\/td>\n<\/tr>\n<tr align=\"center\" valign=\"center\">\n<td align=\"left\" valign=\"middle\">Incoloy: 800\/800H\/800HT\/825\/925\/926\/A-286<\/td>\n<\/tr>\n<tr align=\"center\" valign=\"center\">\n<td align=\"left\" valign=\"middle\">Monel: 400\/K500<\/td>\n<\/tr>\n<tr align=\"center\" valign=\"center\">\n<td align=\"center\" valign=\"middle\">Paquete<\/td>\n<td align=\"left\" valign=\"middle\">Paquete mar\u00edtimo est\u00e1ndar o personalizado.<\/td>\n<\/tr>\n<\/tbody>\n<\/table>\n<\/div>\n<\/div>\n<\/div>\n<\/div>\n<\/div>\n<\/div>\n<\/div>\n<div class=\"proddetails-detial-wrap\">\n<div class=\"detial-wrap-cont\">\n<div class=\"detial-cont-index\">\n<div class=\"detial-cont-divsions detial-cont-prodescription detial-cont-style10 p10 detial-cont-style10-noborder\">\n<div class=\"proddetails-detial-cont\">\n<div class=\"prodDetail-editor-container\">\n<section>\n<div class=\"cY6krXG row_line\">\n<div class=\"ctysRgrrow_col rowcol\">\n<div class=\"listTxt chUkivYA automatic enlarge_detailed_info\">\n<div class=\"textLineP\">\n<div class=\"cQOQZ3eA btn btnbox btnCont minWidth\">\n<p>PREGUNTAS FRECUENTES<\/p>\n<\/div>\n<div class=\"listTxt cIPBC0xA automatic\">\n<div class=\"textLineP\">\n<p><strong>P: \u00bfSon ustedes comerciantes o fabricantes?<\/strong><br \/>\nR:Somos un proveedor de servicios de adquisici\u00f3n de acero con sede en China y al servicio de todo el mundo para proporcionar a los compradores nacionales y extranjeros de acero e informaci\u00f3n sobre producci\u00f3n, adquisici\u00f3n, ventas, procesamiento y log\u00edstica en un servicio integrado.<\/p>\n<p><strong>P: \u00bfPor qu\u00e9 deber\u00eda elegir los productos de su empresa?<\/strong><\/p>\n<p>R:Nuestras materias primas proceden de Baosteel, Tisco, Shagang, Wisco, Nippon Steel y muchas otras empresas de renombre tanto nacionales como extranjeras. Disponemos de los mejores materiales.<\/p>\n<p>En segundo lugar, nuestra empresa cuenta con un perfecto sistema de garant\u00eda de calidad para asegurarle los mejores productos desde la compra hasta la entrega.<\/p>\n<p>El precio de nuestros productos est\u00e1 en el nivel medio de la industria, y somos famosos por nuestro alto rendimiento de costes. Hay mucho margen para que suban los precios.<\/p>\n<p>Esperamos su solicitud. Le haremos la mejor oferta.<\/p>\n<p><strong>P:\u00bfEntregar\u00e1n la mercanc\u00eda a tiempo?<\/strong><br \/>\nR: S\u00ed, nos comprometemos a ofrecer los mejores productos de calidad y entrega a tiempo, la honestidad es el principio de nuestra empresa.<\/p>\n<p><strong>P:\u00bfPuedo obtener algunas muestras?<\/strong><br \/>\nR: S\u00ed, podemos suministrar muestras gratuitas, pero los gastos de env\u00edo corren a cargo del cliente.<\/p>\n<p>P: \u00bfC\u00f3mo confirmar la calidad del producto antes de hacer el pedido?<br \/>\nR: Puede obtener muestras gratuitas, la calidad puede ser inspeccionada por terceros.<\/p>\n<p><strong>P: \u00bfC\u00f3mo puedo recibir su presupuesto lo antes posible?<\/strong><br \/>\nA:El correo electr\u00f3nico y fax se comprobar\u00e1 dentro de 24 horas, mientras tanto, el Skype, Wechat y WhatsApp estar\u00e1 en l\u00ednea en 24 horas.por favor env\u00edenos su requisito y la informaci\u00f3n de la orden, la especificaci\u00f3n (grado de acero, tama\u00f1o, cantidad, puerto de destino), vamos a elaborar un mejor pri<\/p>\n<\/div>\n<\/div>\n<\/div>\n<\/div>\n<\/div>\n<div class=\"cvjK921row_col rowcol\">\n<div class=\"cQOQZ3eA btn btnbox btnCont minWidth\">\n<p>ce pronto.<\/p>\n<\/div>\n<\/div>\n<\/div>\n<\/section>\n<\/div>\n<\/div>\n<\/div>\n<\/div>\n<\/div>\n<\/div>\n<\/div>\n<\/section>\n<\/div>\n<\/div>","protected":false},"excerpt":{"rendered":"<p>Product Description Product Name Super Duplex Stainless Steel Plate\/Sheet Standard ASTM, AISI, GB, JIS, EN, DIN Specification Diamater: 10.0~350.0mm Length: 1000~6000mm Material 200 series: 201, 202 300 series: 301, 302, 303, 304,304L, 309, 310, 310S, 316,\u00a0316L, 321, 347 Duplex: 254SMO, 2205,\u00a02507, ASTM A694, S32760 Hastelloy: B\/B-2\/B-3\/C-4\/C-22\/C-276\/C-2000\/G-30\/G-35\/X\/N; Haynes: 230\/556\/188 Inconel: 600\/601\/617\/625\/686\/690\/718\/725\/783\/X-750 Incoloy: 800\/800H\/800HT\/825\/925\/926\/A-286 Monel: 400\/K500 Package [&hellip;]<\/p>","protected":false},"featured_media":2214,"comment_status":"open","ping_status":"closed","template":"","meta":{"site-sidebar-layout":"default","site-content-layout":"","ast-site-content-layout":"default","site-content-style":"default","site-sidebar-style":"default","ast-global-header-display":"","ast-banner-title-visibility":"","ast-main-header-display":"","ast-hfb-above-header-display":"","ast-hfb-below-header-display":"","ast-hfb-mobile-header-display":"","site-post-title":"","ast-breadcrumbs-content":"","ast-featured-img":"","footer-sml-layout":"","theme-transparent-header-meta":"default","adv-header-id-meta":"","stick-header-meta":"","header-above-stick-meta":"","header-main-stick-meta":"","header-below-stick-meta":"","astra-migrate-meta-layouts":"set","ast-page-background-enabled":"default","ast-page-background-meta":{"desktop":{"background-color":"","background-image":"","background-repeat":"repeat","background-position":"center center","background-size":"auto","background-attachment":"scroll","background-type":"","background-media":"","overlay-type":"","overlay-color":"","overlay-opacity":"","overlay-gradient":""},"tablet":{"background-color":"","background-image":"","background-repeat":"repeat","background-position":"center center","background-size":"auto","background-attachment":"scroll","background-type":"","background-media":"","overlay-type":"","overlay-color":"","overlay-opacity":"","overlay-gradient":""},"mobile":{"background-color":"","background-image":"","background-repeat":"repeat","background-position":"center center","background-size":"auto","background-attachment":"scroll","background-type":"","background-media":"","overlay-type":"","overlay-color":"","overlay-opacity":"","overlay-gradient":""}},"ast-content-background-meta":{"desktop":{"background-color":"var(--ast-global-color-5)","background-image":"","background-repeat":"repeat","background-position":"center center","background-size":"auto","background-attachment":"scroll","background-type":"","background-media":"","overlay-type":"","overlay-color":"","overlay-opacity":"","overlay-gradient":""},"tablet":{"background-color":"var(--ast-global-color-5)","background-image":"","background-repeat":"repeat","background-position":"center center","background-size":"auto","background-attachment":"scroll","background-type":"","background-media":"","overlay-type":"","overlay-color":"","overlay-opacity":"","overlay-gradient":""},"mobile":{"background-color":"var(--ast-global-color-5)","background-image":"","background-repeat":"repeat","background-position":"center center","background-size":"auto","background-attachment":"scroll","background-type":"","background-media":"","overlay-type":"","overlay-color":"","overlay-opacity":"","overlay-gradient":""}}},"product_brand":[],"product_cat":[71],"product_tag":[],"class_list":{"0":"post-2213","1":"product","2":"type-product","3":"status-publish","4":"has-post-thumbnail","6":"product_cat-materials-center","7":"desktop-align-left","8":"tablet-align-left","9":"mobile-align-left","11":"first","12":"instock","13":"shipping-taxable","14":"product-type-simple"},"yoast_head":"<!-- This site is optimized with the Yoast SEO Premium plugin v24.9 (Yoast SEO v26.8) - https:\/\/yoast.com\/product\/yoast-seo-premium-wordpress\/ -->\n<title>254SMO Super Duplex Stainless Steel\/Plate - Yunming Metal - Stainless Steel Manufacturer &amp; Supplier<\/title>\n<meta name=\"robots\" content=\"index, follow, max-snippet:-1, max-image-preview:large, max-video-preview:-1\" \/>\n<link rel=\"canonical\" href=\"https:\/\/yunming-metal.com\/es\/producto\/254smo-placa-de-acero-inoxidable-super-duplex\/\" \/>\n<meta property=\"og:locale\" content=\"es_ES\" \/>\n<meta property=\"og:type\" content=\"article\" \/>\n<meta property=\"og:title\" content=\"254SMO Super Duplex Stainless Steel\/Plate\" \/>\n<meta property=\"og:description\" content=\"Product Description Product Name Super Duplex Stainless Steel Plate\/Sheet Standard ASTM, AISI, GB, JIS, EN, DIN Specification Diamater: 10.0~350.0mm Length: 1000~6000mm Material 200 series: 201, 202 300 series: 301, 302, 303, 304,304L, 309, 310, 310S, 316,\u00a0316L, 321, 347 Duplex: 254SMO, 2205,\u00a02507, ASTM A694, S32760 Hastelloy: B\/B-2\/B-3\/C-4\/C-22\/C-276\/C-2000\/G-30\/G-35\/X\/N; Haynes: 230\/556\/188 Inconel: 600\/601\/617\/625\/686\/690\/718\/725\/783\/X-750 Incoloy: 800\/800H\/800HT\/825\/925\/926\/A-286 Monel: 400\/K500 Package [&hellip;]\" \/>\n<meta property=\"og:url\" content=\"https:\/\/yunming-metal.com\/es\/producto\/254smo-placa-de-acero-inoxidable-super-duplex\/\" \/>\n<meta property=\"og:site_name\" content=\"Yunming Metal - Stainless Steel Manufacturer &amp; Supplier\" \/>\n<meta property=\"article:publisher\" content=\"https:\/\/www.facebook.com\/YunmingMetal\" \/>\n<meta property=\"article:modified_time\" content=\"2025-04-24T12:57:50+00:00\" \/>\n<meta property=\"og:image\" content=\"https:\/\/yunming-metal.com\/wp-content\/uploads\/2024\/10\/10001-47.jpg\" \/>\n\t<meta property=\"og:image:width\" content=\"800\" \/>\n\t<meta property=\"og:image:height\" content=\"800\" \/>\n\t<meta property=\"og:image:type\" content=\"image\/jpeg\" \/>\n<meta name=\"twitter:card\" content=\"summary_large_image\" \/>\n<meta name=\"twitter:site\" content=\"@fan_yunmimetal\" \/>\n<meta name=\"twitter:label1\" content=\"Tiempo de lectura\" \/>\n\t<meta name=\"twitter:data1\" content=\"2 minutos\" \/>\n<script type=\"application\/ld+json\" class=\"yoast-schema-graph\">{\"@context\":\"https:\/\/schema.org\",\"@graph\":[{\"@type\":\"WebPage\",\"@id\":\"https:\/\/yunming-metal.com\/product\/254smo-super-duplex-stainless-steel-plate\/\",\"url\":\"https:\/\/yunming-metal.com\/product\/254smo-super-duplex-stainless-steel-plate\/\",\"name\":\"254SMO Super Duplex Stainless Steel\/Plate - Yunming Metal - Stainless Steel Manufacturer &amp; Supplier\",\"isPartOf\":{\"@id\":\"https:\/\/yunming-metal.com\/#website\"},\"primaryImageOfPage\":{\"@id\":\"https:\/\/yunming-metal.com\/product\/254smo-super-duplex-stainless-steel-plate\/#primaryimage\"},\"image\":{\"@id\":\"https:\/\/yunming-metal.com\/product\/254smo-super-duplex-stainless-steel-plate\/#primaryimage\"},\"thumbnailUrl\":\"https:\/\/yunming-metal.com\/wp-content\/uploads\/2024\/10\/10001-47.jpg\",\"datePublished\":\"2024-10-24T16:39:55+00:00\",\"dateModified\":\"2025-04-24T12:57:50+00:00\",\"breadcrumb\":{\"@id\":\"https:\/\/yunming-metal.com\/product\/254smo-super-duplex-stainless-steel-plate\/#breadcrumb\"},\"inLanguage\":\"es\",\"potentialAction\":[{\"@type\":\"ReadAction\",\"target\":[\"https:\/\/yunming-metal.com\/product\/254smo-super-duplex-stainless-steel-plate\/\"]}]},{\"@type\":\"ImageObject\",\"inLanguage\":\"es\",\"@id\":\"https:\/\/yunming-metal.com\/product\/254smo-super-duplex-stainless-steel-plate\/#primaryimage\",\"url\":\"https:\/\/yunming-metal.com\/wp-content\/uploads\/2024\/10\/10001-47.jpg\",\"contentUrl\":\"https:\/\/yunming-metal.com\/wp-content\/uploads\/2024\/10\/10001-47.jpg\",\"width\":800,\"height\":800},{\"@type\":\"BreadcrumbList\",\"@id\":\"https:\/\/yunming-metal.com\/product\/254smo-super-duplex-stainless-steel-plate\/#breadcrumb\",\"itemListElement\":[{\"@type\":\"ListItem\",\"position\":1,\"name\":\"\u9996\u9875\",\"item\":\"https:\/\/yunming-metal.com\/\"},{\"@type\":\"ListItem\",\"position\":2,\"name\":\"Products\",\"item\":\"https:\/\/yunming-metal.com\/shop\/\"},{\"@type\":\"ListItem\",\"position\":3,\"name\":\"254SMO Super Duplex Stainless Steel\/Plate\"}]},{\"@type\":\"WebSite\",\"@id\":\"https:\/\/yunming-metal.com\/#website\",\"url\":\"https:\/\/yunming-metal.com\/\",\"name\":\"yunming-metal.com\",\"description\":\"High-Quality Stainless Steel Pipes, Plates &amp; Flanges\",\"publisher\":{\"@id\":\"https:\/\/yunming-metal.com\/#organization\"},\"potentialAction\":[{\"@type\":\"SearchAction\",\"target\":{\"@type\":\"EntryPoint\",\"urlTemplate\":\"https:\/\/yunming-metal.com\/?s={search_term_string}\"},\"query-input\":{\"@type\":\"PropertyValueSpecification\",\"valueRequired\":true,\"valueName\":\"search_term_string\"}}],\"inLanguage\":\"es\"},{\"@type\":\"Organization\",\"@id\":\"https:\/\/yunming-metal.com\/#organization\",\"name\":\"Yunming MetalY\",\"alternateName\":\"Yunming Stainless Steel\",\"url\":\"https:\/\/yunming-metal.com\/\",\"logo\":{\"@type\":\"ImageObject\",\"inLanguage\":\"es\",\"@id\":\"https:\/\/yunming-metal.com\/#\/schema\/logo\/image\/\",\"url\":\"https:\/\/yunming-metal.com\/wp-content\/uploads\/2025\/04\/yunming-metal-logo-featuring-a-minimalist-am-design-representing.png\",\"contentUrl\":\"https:\/\/yunming-metal.com\/wp-content\/uploads\/2025\/04\/yunming-metal-logo-featuring-a-minimalist-am-design-representing.png\",\"width\":300,\"height\":300,\"caption\":\"Yunming MetalY\"},\"image\":{\"@id\":\"https:\/\/yunming-metal.com\/#\/schema\/logo\/image\/\"},\"sameAs\":[\"https:\/\/www.facebook.com\/YunmingMetal\",\"https:\/\/x.com\/fan_yunmimetal\",\"https:\/\/www.linkedin.com\/company\/yunming-metal\/\",\"https:\/\/www.instagram.com\/nora_jiang8\/\",\"https:\/\/www.youtube.com\/@yunmingmetal1\",\"https:\/\/www.tiktok.com\/@yunming_metal\"]}]}<\/script>\n<!-- \/ Yoast SEO Premium plugin. -->","yoast_head_json":{"title":"254SMO Super Duplex Stainless Steel\/Plate - Yunming Metal - Stainless Steel Manufacturer &amp; Supplier","robots":{"index":"index","follow":"follow","max-snippet":"max-snippet:-1","max-image-preview":"max-image-preview:large","max-video-preview":"max-video-preview:-1"},"canonical":"https:\/\/yunming-metal.com\/es\/producto\/254smo-placa-de-acero-inoxidable-super-duplex\/","og_locale":"es_ES","og_type":"article","og_title":"254SMO Super Duplex Stainless Steel\/Plate","og_description":"Product Description Product Name Super Duplex Stainless Steel Plate\/Sheet Standard ASTM, AISI, GB, JIS, EN, DIN Specification Diamater: 10.0~350.0mm Length: 1000~6000mm Material 200 series: 201, 202 300 series: 301, 302, 303, 304,304L, 309, 310, 310S, 316,\u00a0316L, 321, 347 Duplex: 254SMO, 2205,\u00a02507, ASTM A694, S32760 Hastelloy: B\/B-2\/B-3\/C-4\/C-22\/C-276\/C-2000\/G-30\/G-35\/X\/N; Haynes: 230\/556\/188 Inconel: 600\/601\/617\/625\/686\/690\/718\/725\/783\/X-750 Incoloy: 800\/800H\/800HT\/825\/925\/926\/A-286 Monel: 400\/K500 Package [&hellip;]","og_url":"https:\/\/yunming-metal.com\/es\/producto\/254smo-placa-de-acero-inoxidable-super-duplex\/","og_site_name":"Yunming Metal - Stainless Steel Manufacturer &amp; Supplier","article_publisher":"https:\/\/www.facebook.com\/YunmingMetal","article_modified_time":"2025-04-24T12:57:50+00:00","og_image":[{"width":800,"height":800,"url":"https:\/\/yunming-metal.com\/wp-content\/uploads\/2024\/10\/10001-47.jpg","type":"image\/jpeg"}],"twitter_card":"summary_large_image","twitter_site":"@fan_yunmimetal","twitter_misc":{"Tiempo de lectura":"2 minutos"},"schema":{"@context":"https:\/\/schema.org","@graph":[{"@type":"WebPage","@id":"https:\/\/yunming-metal.com\/product\/254smo-super-duplex-stainless-steel-plate\/","url":"https:\/\/yunming-metal.com\/product\/254smo-super-duplex-stainless-steel-plate\/","name":"254SMO Super Duplex Stainless Steel\/Plate - Yunming Metal - Stainless Steel Manufacturer &amp; Supplier","isPartOf":{"@id":"https:\/\/yunming-metal.com\/#website"},"primaryImageOfPage":{"@id":"https:\/\/yunming-metal.com\/product\/254smo-super-duplex-stainless-steel-plate\/#primaryimage"},"image":{"@id":"https:\/\/yunming-metal.com\/product\/254smo-super-duplex-stainless-steel-plate\/#primaryimage"},"thumbnailUrl":"https:\/\/yunming-metal.com\/wp-content\/uploads\/2024\/10\/10001-47.jpg","datePublished":"2024-10-24T16:39:55+00:00","dateModified":"2025-04-24T12:57:50+00:00","breadcrumb":{"@id":"https:\/\/yunming-metal.com\/product\/254smo-super-duplex-stainless-steel-plate\/#breadcrumb"},"inLanguage":"es","potentialAction":[{"@type":"ReadAction","target":["https:\/\/yunming-metal.com\/product\/254smo-super-duplex-stainless-steel-plate\/"]}]},{"@type":"ImageObject","inLanguage":"es","@id":"https:\/\/yunming-metal.com\/product\/254smo-super-duplex-stainless-steel-plate\/#primaryimage","url":"https:\/\/yunming-metal.com\/wp-content\/uploads\/2024\/10\/10001-47.jpg","contentUrl":"https:\/\/yunming-metal.com\/wp-content\/uploads\/2024\/10\/10001-47.jpg","width":800,"height":800},{"@type":"BreadcrumbList","@id":"https:\/\/yunming-metal.com\/product\/254smo-super-duplex-stainless-steel-plate\/#breadcrumb","itemListElement":[{"@type":"ListItem","position":1,"name":"\u9996\u9875","item":"https:\/\/yunming-metal.com\/"},{"@type":"ListItem","position":2,"name":"Products","item":"https:\/\/yunming-metal.com\/shop\/"},{"@type":"ListItem","position":3,"name":"254SMO Super Duplex Stainless Steel\/Plate"}]},{"@type":"WebSite","@id":"https:\/\/yunming-metal.com\/#website","url":"https:\/\/yunming-metal.com\/","name":"yunming-metal.com","description":"High-Quality Stainless Steel Pipes, Plates &amp; Flanges","publisher":{"@id":"https:\/\/yunming-metal.com\/#organization"},"potentialAction":[{"@type":"SearchAction","target":{"@type":"EntryPoint","urlTemplate":"https:\/\/yunming-metal.com\/?s={search_term_string}"},"query-input":{"@type":"PropertyValueSpecification","valueRequired":true,"valueName":"search_term_string"}}],"inLanguage":"es"},{"@type":"Organization","@id":"https:\/\/yunming-metal.com\/#organization","name":"Yunming MetalY","alternateName":"Yunming Stainless Steel","url":"https:\/\/yunming-metal.com\/","logo":{"@type":"ImageObject","inLanguage":"es","@id":"https:\/\/yunming-metal.com\/#\/schema\/logo\/image\/","url":"https:\/\/yunming-metal.com\/wp-content\/uploads\/2025\/04\/yunming-metal-logo-featuring-a-minimalist-am-design-representing.png","contentUrl":"https:\/\/yunming-metal.com\/wp-content\/uploads\/2025\/04\/yunming-metal-logo-featuring-a-minimalist-am-design-representing.png","width":300,"height":300,"caption":"Yunming MetalY"},"image":{"@id":"https:\/\/yunming-metal.com\/#\/schema\/logo\/image\/"},"sameAs":["https:\/\/www.facebook.com\/YunmingMetal","https:\/\/x.com\/fan_yunmimetal","https:\/\/www.linkedin.com\/company\/yunming-metal\/","https:\/\/www.instagram.com\/nora_jiang8\/","https:\/\/www.youtube.com\/@yunmingmetal1","https:\/\/www.tiktok.com\/@yunming_metal"]}]}},"_links":{"self":[{"href":"https:\/\/yunming-metal.com\/es\/wp-json\/wp\/v2\/product\/2213","targetHints":{"allow":["GET"]}}],"collection":[{"href":"https:\/\/yunming-metal.com\/es\/wp-json\/wp\/v2\/product"}],"about":[{"href":"https:\/\/yunming-metal.com\/es\/wp-json\/wp\/v2\/types\/product"}],"replies":[{"embeddable":true,"href":"https:\/\/yunming-metal.com\/es\/wp-json\/wp\/v2\/comments?post=2213"}],"wp:featuredmedia":[{"embeddable":true,"href":"https:\/\/yunming-metal.com\/es\/wp-json\/wp\/v2\/media\/2214"}],"wp:attachment":[{"href":"https:\/\/yunming-metal.com\/es\/wp-json\/wp\/v2\/media?parent=2213"}],"wp:term":[{"taxonomy":"product_brand","embeddable":true,"href":"https:\/\/yunming-metal.com\/es\/wp-json\/wp\/v2\/product_brand?post=2213"},{"taxonomy":"product_cat","embeddable":true,"href":"https:\/\/yunming-metal.com\/es\/wp-json\/wp\/v2\/product_cat?post=2213"},{"taxonomy":"product_tag","embeddable":true,"href":"https:\/\/yunming-metal.com\/es\/wp-json\/wp\/v2\/product_tag?post=2213"}],"curies":[{"name":"wp","href":"https:\/\/api.w.org\/{rel}","templated":true}]}}