{"id":2215,"date":"2024-10-26T06:37:34","date_gmt":"2024-10-26T06:37:34","guid":{"rendered":"https:\/\/yunming-metal.com\/?post_type=product&#038;p=2215"},"modified":"2025-05-11T16:08:28","modified_gmt":"2025-05-11T08:08:28","slug":"stainless-steel-coil","status":"publish","type":"product","link":"https:\/\/yunming-metal.com\/es\/producto\/bobina-de-acero-inoxidable\/","title":{"rendered":"Bobina de acero inoxidable de color"},"content":{"rendered":"<h3 class=\"\" data-start=\"121\" data-end=\"147\"><strong data-start=\"125\" data-end=\"145\">Productos<\/strong><\/h3>\n<p class=\"\" data-start=\"148\" data-end=\"563\">Las bobinas de acero inoxidable de color son bobinas de acero inoxidable de alta calidad tratadas con revestimiento de PVD, galvanoplastia o coloraci\u00f3n qu\u00edmica para crear superficies vibrantes y duraderas en varios colores como oro, negro, bronce, oro rosa, azul y m\u00e1s. Estas bobinas combinan el atractivo est\u00e9tico con la resistencia mec\u00e1nica y a la corrosi\u00f3n del acero inoxidable, lo que las hace ideales para aplicaciones decorativas y arquitect\u00f3nicas.<\/p>\n<h3 class=\"\" data-start=\"565\" data-end=\"592\"><strong data-start=\"569\" data-end=\"590\">\u00c1mbitos de aplicaci\u00f3n<\/strong><\/h3>\n<ul data-start=\"593\" data-end=\"789\">\n<li class=\"\" data-start=\"593\" data-end=\"632\">\n<p class=\"\" data-start=\"595\" data-end=\"632\">Revestimiento de paredes interiores y exteriores<\/p>\n<\/li>\n<li class=\"\" data-start=\"633\" data-end=\"674\">\n<p class=\"\" data-start=\"635\" data-end=\"674\">Paneles de ascensores y decoraci\u00f3n de cabinas<\/p>\n<\/li>\n<li class=\"\" data-start=\"675\" data-end=\"712\">\n<p class=\"\" data-start=\"677\" data-end=\"712\">Fachadas arquitect\u00f3nicas y se\u00f1alizaci\u00f3n<\/p>\n<\/li>\n<li class=\"\" data-start=\"713\" data-end=\"749\">\n<p class=\"\" data-start=\"715\" data-end=\"749\">Electrodom\u00e9sticos y armarios de cocina<\/p>\n<\/li>\n<li class=\"\" data-start=\"750\" data-end=\"789\">\n<p class=\"\" data-start=\"752\" data-end=\"789\">Paneles decorativos y obras de arte met\u00e1licas<\/p>\n<\/li>\n<\/ul>\n<h3 class=\"\" data-start=\"791\" data-end=\"817\"><strong data-start=\"795\" data-end=\"815\">Caracter\u00edsticas del producto<\/strong><\/h3>\n<ul data-start=\"818\" data-end=\"1145\">\n<li class=\"\" data-start=\"818\" data-end=\"870\">\n<p class=\"\" data-start=\"820\" data-end=\"870\">Disponible en una amplia gama de colores y acabados<\/p>\n<\/li>\n<li class=\"\" data-start=\"871\" data-end=\"929\">\n<p class=\"\" data-start=\"873\" data-end=\"929\">Gran resistencia a la corrosi\u00f3n, los ara\u00f1azos y la decoloraci\u00f3n<\/p>\n<\/li>\n<li class=\"\" data-start=\"930\" data-end=\"996\">\n<p class=\"\" data-start=\"932\" data-end=\"996\">Superficie lisa y uniforme apta para corte y plegado por l\u00e1ser<\/p>\n<\/li>\n<li class=\"\" data-start=\"997\" data-end=\"1066\">\n<p class=\"\" data-start=\"999\" data-end=\"1066\">PVD duradero o revestimiento qu\u00edmico con retenci\u00f3n del color duradera<\/p>\n<\/li>\n<li class=\"\" data-start=\"1067\" data-end=\"1145\">\n<p class=\"\" data-start=\"1069\" data-end=\"1145\">Compatible con patrones personalizados, grabado en relieve y tratamiento antihuellas.<\/p>\n<\/li>\n<\/ul>\n<h3 class=\"\" data-start=\"1147\" data-end=\"1179\"><strong data-start=\"1151\" data-end=\"1179\">Especificaciones t\u00e9cnicas<\/strong><\/h3>\n<div class=\"_tableContainer_16hzy_1\">\n<div class=\"_tableWrapper_16hzy_14 group flex w-fit flex-col-reverse\" tabindex=\"-1\">\n<table class=\"w-fit min-w-(--thread-content-width)\" data-start=\"1181\" data-end=\"2205\">\n<thead data-start=\"1181\" data-end=\"1282\">\n<tr data-start=\"1181\" data-end=\"1282\">\n<th data-start=\"1181\" data-end=\"1205\" data-col-size=\"sm\"><strong data-start=\"1183\" data-end=\"1196\">Par\u00e1metro<\/strong><\/th>\n<th data-start=\"1205\" data-end=\"1282\" data-col-size=\"md\"><strong data-start=\"1207\" data-end=\"1216\">Gama<\/strong><\/th>\n<\/tr>\n<\/thead>\n<tbody data-start=\"1386\" data-end=\"2205\">\n<tr data-start=\"1386\" data-end=\"1486\">\n<td data-start=\"1386\" data-end=\"1410\" data-col-size=\"sm\"><strong data-start=\"1388\" data-end=\"1401\">Espesor<\/strong><\/td>\n<td data-col-size=\"md\" data-start=\"1410\" data-end=\"1486\">0,3 mm - 3,0 mm (aprox. \u00b9\u2044\u2081\u2082\u2088\u2033 - \u00b9\u2044\u2088\u2033)<\/td>\n<\/tr>\n<tr data-start=\"1487\" data-end=\"1589\">\n<td data-start=\"1487\" data-end=\"1511\" data-col-size=\"sm\"><strong data-start=\"1489\" data-end=\"1498\">Anchura<\/strong><\/td>\n<td data-start=\"1511\" data-end=\"1589\" data-col-size=\"md\">1000 mm \/ 1219 mm \/ 1250 mm \/ 1500 mm \/ 2000 mm (aprox. 39-\u00b3\u2044\u2088\u2033 - 78-\u00b3\u2044\u2084\u2033)<\/td>\n<\/tr>\n<tr data-start=\"1590\" data-end=\"1691\">\n<td data-start=\"1590\" data-end=\"1614\" data-col-size=\"sm\"><strong data-start=\"1592\" data-end=\"1602\">Longitud<\/strong><\/td>\n<td data-start=\"1614\" data-end=\"1691\" data-col-size=\"md\">Forma de bobina o corte a medida (hasta 6000 mm \/ 236-\u00b9\u00b3\u2044\u2081\u2086\u2033)<\/td>\n<\/tr>\n<tr data-start=\"1692\" data-end=\"1794\">\n<td data-start=\"1692\" data-end=\"1716\" data-col-size=\"sm\"><strong data-start=\"1694\" data-end=\"1714\">Colores disponibles<\/strong><\/td>\n<td data-col-size=\"md\" data-start=\"1716\" data-end=\"1794\">Oro, negro, bronce, oro rosa, champ\u00e1n, azul, verde, personalizado<\/td>\n<\/tr>\n<tr data-start=\"1795\" data-end=\"1897\">\n<td data-start=\"1795\" data-end=\"1819\" data-col-size=\"sm\"><strong data-start=\"1797\" data-end=\"1812\">Grados b\u00e1sicos<\/strong><\/td>\n<td data-col-size=\"md\" data-start=\"1819\" data-end=\"1897\">304, 304L, 316, 316L, 430, 201 (bajo pedido), 441<\/td>\n<\/tr>\n<tr data-start=\"1898\" data-end=\"1999\">\n<td data-start=\"1898\" data-end=\"1922\" data-col-size=\"sm\"><strong data-start=\"1900\" data-end=\"1920\">Acabados superficiales<\/strong><\/td>\n<td data-col-size=\"md\" data-start=\"1922\" data-end=\"1999\">Espejo, rayado, satinado, granallado, gofrado<\/td>\n<\/tr>\n<tr data-start=\"2000\" data-end=\"2102\">\n<td data-start=\"2000\" data-end=\"2024\" data-col-size=\"sm\"><strong data-start=\"2002\" data-end=\"2015\">Normas<\/strong><\/td>\n<td data-start=\"2024\" data-end=\"2102\" data-col-size=\"md\">ASTM, AISI, JIS, EN, DIN, GB<\/td>\n<\/tr>\n<tr data-start=\"2103\" data-end=\"2205\">\n<td data-start=\"2103\" data-end=\"2128\" data-col-size=\"sm\"><strong data-start=\"2105\" data-end=\"2128\">Servicios adicionales<\/strong><\/td>\n<td data-col-size=\"md\" data-start=\"2128\" data-end=\"2205\">Corte, hendido, l\u00e1mina de PE, revestimiento antihuellas, grabado de patrones<\/td>\n<\/tr>\n<\/tbody>\n<\/table>\n<div class=\"sticky end-(--thread-content-margin) h-0 self-end select-none\">\n<div class=\"absolute end-0 flex items-end\"><\/div>\n<\/div>\n<\/div>\n<\/div>\n<h3 class=\"\" data-start=\"2207\" data-end=\"2238\"><strong data-start=\"2211\" data-end=\"2236\">Proceso de fabricaci\u00f3n<\/strong><\/h3>\n<p class=\"\" data-start=\"2239\" data-end=\"2662\">Las bobinas de acero inoxidable de color se laminan primero en fr\u00edo y se pulen para conseguir el acabado de base deseado, y despu\u00e9s se tratan mediante recubrimiento PVD al vac\u00edo, coloraci\u00f3n electroqu\u00edmica o inmersi\u00f3n qu\u00edmica. Este proceso garantiza una fuerte adherencia de la capa de color al tiempo que mantiene las propiedades mec\u00e1nicas y la resistencia a la corrosi\u00f3n del acero inoxidable. Los productos finales se someten a inspecciones de superficie y a la aplicaci\u00f3n de una pel\u00edcula protectora antes de su envasado.<\/p>\n<h3 class=\"\" data-start=\"2669\" data-end=\"2680\"><strong data-start=\"2673\" data-end=\"2680\">PREGUNTAS FRECUENTES<\/strong><\/h3>\n<p class=\"\" data-start=\"2682\" data-end=\"2870\"><strong data-start=\"2682\" data-end=\"2747\">P: \u00bfQu\u00e9 colores hay disponibles para las bobinas de acero inoxidable de color?<\/strong><br data-start=\"2747\" data-end=\"2750\" \/>R: Las opciones m\u00e1s habituales son oro, negro, bronce, oro rosa, azul y champ\u00e1n. Se pueden solicitar colores personalizados.<\/p>\n<p class=\"\" data-start=\"2872\" data-end=\"3048\"><strong data-start=\"2872\" data-end=\"2919\">P: \u00bfSe desprende la capa de color con el tiempo?<\/strong><br data-start=\"2919\" data-end=\"2922\" \/>R: No, el revestimiento de PVD o coloreado qu\u00edmicamente es muy duradero, resistente a la descamaci\u00f3n y mantiene la estabilidad del color con el paso del tiempo.<\/p>\n<p class=\"\" data-start=\"3050\" data-end=\"3222\"><strong data-start=\"3050\" data-end=\"3109\">P: \u00bfPuede grabarse o gofrarse la superficie con motivos?<\/strong><br data-start=\"3109\" data-end=\"3112\" \/>R: S\u00ed, ofrecemos acabados en relieve, grabados y antihuellas para mejorar el atractivo visual y la funcionalidad.<\/p>\n<p class=\"\" data-start=\"3224\" data-end=\"3413\"><strong data-start=\"3224\" data-end=\"3288\">P: \u00bfSon adecuadas las bobinas de acero inoxidable de color para su uso en exteriores?<\/strong><br data-start=\"3288\" data-end=\"3291\" \/>R: S\u00ed, sobre todo si se utilizan calidades como 316 o 304 con revestimientos protectores, ya que dan buenos resultados en aplicaciones exteriores.<\/p>\n<p class=\"\" data-start=\"3415\" data-end=\"3583\"><strong data-start=\"3415\" data-end=\"3472\">P: \u00bfPueden proporcionar muestras o servicio de corte a medida?<\/strong><br data-start=\"3472\" data-end=\"3475\" \/>R: S\u00ed, ofrecemos muestras gratuitas y podemos cortar la bobina a dimensiones espec\u00edficas seg\u00fan las necesidades de su proyecto.<\/p>\n<h3 class=\"\" data-start=\"3590\" data-end=\"3621\"><strong data-start=\"3594\" data-end=\"3619\">\u00bfA\u00fan tiene preguntas?<\/strong><\/h3>\n<p class=\"\" data-start=\"3622\" data-end=\"3826\">No dude en <a href=\"https:\/\/yunming-metal.com\/es\/pongase-en-contacto-con\/\">Contacto<\/a> para obtener m\u00e1s informaci\u00f3n o comentar sus necesidades de bobinas de acero inoxidable de color personalizadas. Nuestro equipo de soporte t\u00e9cnico est\u00e1 listo para ayudarle con las especificaciones, certificaciones y entrega.<\/p>","protected":false},"excerpt":{"rendered":"<p>Yunming Metal suministra bobinas de acero inoxidable de color en una amplia variedad de acabados, como espejo, rayado y gofrado, disponibles en oro, negro, bronce y m\u00e1s. Ideal para usos arquitect\u00f3nicos y decorativos, con opciones de corte a medida y antihuellas.<\/p>","protected":false},"featured_media":4751,"comment_status":"open","ping_status":"closed","template":"","meta":{"site-sidebar-layout":"default","site-content-layout":"","ast-site-content-layout":"default","site-content-style":"default","site-sidebar-style":"default","ast-global-header-display":"","ast-banner-title-visibility":"","ast-main-header-display":"","ast-hfb-above-header-display":"","ast-hfb-below-header-display":"","ast-hfb-mobile-header-display":"","site-post-title":"","ast-breadcrumbs-content":"","ast-featured-img":"","footer-sml-layout":"","theme-transparent-header-meta":"default","adv-header-id-meta":"","stick-header-meta":"","header-above-stick-meta":"","header-main-stick-meta":"","header-below-stick-meta":"","astra-migrate-meta-layouts":"set","ast-page-background-enabled":"default","ast-page-background-meta":{"desktop":{"background-color":"","background-image":"","background-repeat":"repeat","background-position":"center center","background-size":"auto","background-attachment":"scroll","background-type":"","background-media":"","overlay-type":"","overlay-color":"","overlay-opacity":"","overlay-gradient":""},"tablet":{"background-color":"","background-image":"","background-repeat":"repeat","background-position":"center center","background-size":"auto","background-attachment":"scroll","background-type":"","background-media":"","overlay-type":"","overlay-color":"","overlay-opacity":"","overlay-gradient":""},"mobile":{"background-color":"","background-image":"","background-repeat":"repeat","background-position":"center center","background-size":"auto","background-attachment":"scroll","background-type":"","background-media":"","overlay-type":"","overlay-color":"","overlay-opacity":"","overlay-gradient":""}},"ast-content-background-meta":{"desktop":{"background-color":"var(--ast-global-color-5)","background-image":"","background-repeat":"repeat","background-position":"center center","background-size":"auto","background-attachment":"scroll","background-type":"","background-media":"","overlay-type":"","overlay-color":"","overlay-opacity":"","overlay-gradient":""},"tablet":{"background-color":"var(--ast-global-color-5)","background-image":"","background-repeat":"repeat","background-position":"center center","background-size":"auto","background-attachment":"scroll","background-type":"","background-media":"","overlay-type":"","overlay-color":"","overlay-opacity":"","overlay-gradient":""},"mobile":{"background-color":"var(--ast-global-color-5)","background-image":"","background-repeat":"repeat","background-position":"center center","background-size":"auto","background-attachment":"scroll","background-type":"","background-media":"","overlay-type":"","overlay-color":"","overlay-opacity":"","overlay-gradient":""}}},"product_brand":[],"product_cat":[23],"product_tag":[],"class_list":{"0":"post-2215","1":"product","2":"type-product","3":"status-publish","4":"has-post-thumbnail","6":"product_cat-stainless-steel-sheet-plate-coil","7":"desktop-align-left","8":"tablet-align-left","9":"mobile-align-left","11":"first","12":"instock","13":"shipping-taxable","14":"product-type-simple"},"yoast_head":"<!-- This site is optimized with the Yoast SEO Premium plugin v24.9 (Yoast SEO v26.8) - https:\/\/yoast.com\/product\/yoast-seo-premium-wordpress\/ -->\n<title>Color Stainless Steel Coil | Decorative Colored Steel Coil Supplier<\/title>\n<meta name=\"description\" content=\"Supplier of color stainless steel coils in gold, black, rose gold, and more. Durable finishes ideal for architectural and decorative use.\" \/>\n<meta name=\"robots\" content=\"index, follow, max-snippet:-1, max-image-preview:large, max-video-preview:-1\" \/>\n<link rel=\"canonical\" href=\"https:\/\/yunming-metal.com\/es\/producto\/bobina-de-acero-inoxidable\/\" \/>\n<meta property=\"og:locale\" content=\"es_ES\" \/>\n<meta property=\"og:type\" content=\"article\" \/>\n<meta property=\"og:title\" content=\"Color Stainless Steel Coil\" \/>\n<meta property=\"og:description\" content=\"Supplier of color stainless steel coils in gold, black, rose gold, and more. Durable finishes ideal for architectural and decorative use.\" \/>\n<meta property=\"og:url\" content=\"https:\/\/yunming-metal.com\/es\/producto\/bobina-de-acero-inoxidable\/\" \/>\n<meta property=\"og:site_name\" content=\"Yunming Metal - Stainless Steel Manufacturer &amp; Supplier\" \/>\n<meta property=\"article:publisher\" content=\"https:\/\/www.facebook.com\/YunmingMetal\" \/>\n<meta property=\"article:modified_time\" content=\"2025-05-11T08:08:28+00:00\" \/>\n<meta property=\"og:image\" content=\"https:\/\/yunming-metal.com\/wp-content\/uploads\/2025\/05\/gold-color-mirror-finish-stainless-steel-coil.webp\" \/>\n\t<meta property=\"og:image:width\" content=\"589\" \/>\n\t<meta property=\"og:image:height\" content=\"532\" \/>\n\t<meta property=\"og:image:type\" content=\"image\/webp\" \/>\n<meta name=\"twitter:card\" content=\"summary_large_image\" \/>\n<meta name=\"twitter:site\" content=\"@fan_yunmimetal\" \/>\n<meta name=\"twitter:label1\" content=\"Tiempo de lectura\" \/>\n\t<meta name=\"twitter:data1\" content=\"3 minutos\" \/>\n<script type=\"application\/ld+json\" class=\"yoast-schema-graph\">{\"@context\":\"https:\/\/schema.org\",\"@graph\":[{\"@type\":\"WebPage\",\"@id\":\"https:\/\/yunming-metal.com\/product\/stainless-steel-coil\/\",\"url\":\"https:\/\/yunming-metal.com\/product\/stainless-steel-coil\/\",\"name\":\"Color Stainless Steel Coil | Decorative Colored Steel Coil Supplier\",\"isPartOf\":{\"@id\":\"https:\/\/yunming-metal.com\/#website\"},\"primaryImageOfPage\":{\"@id\":\"https:\/\/yunming-metal.com\/product\/stainless-steel-coil\/#primaryimage\"},\"image\":{\"@id\":\"https:\/\/yunming-metal.com\/product\/stainless-steel-coil\/#primaryimage\"},\"thumbnailUrl\":\"https:\/\/yunming-metal.com\/wp-content\/uploads\/2025\/05\/gold-color-mirror-finish-stainless-steel-coil.webp\",\"datePublished\":\"2024-10-26T06:37:34+00:00\",\"dateModified\":\"2025-05-11T08:08:28+00:00\",\"description\":\"Supplier of color stainless steel coils in gold, black, rose gold, and more. Durable finishes ideal for architectural and decorative use.\",\"breadcrumb\":{\"@id\":\"https:\/\/yunming-metal.com\/product\/stainless-steel-coil\/#breadcrumb\"},\"inLanguage\":\"es\",\"potentialAction\":[{\"@type\":\"ReadAction\",\"target\":[\"https:\/\/yunming-metal.com\/product\/stainless-steel-coil\/\"]}]},{\"@type\":\"ImageObject\",\"inLanguage\":\"es\",\"@id\":\"https:\/\/yunming-metal.com\/product\/stainless-steel-coil\/#primaryimage\",\"url\":\"https:\/\/yunming-metal.com\/wp-content\/uploads\/2025\/05\/gold-color-mirror-finish-stainless-steel-coil.webp\",\"contentUrl\":\"https:\/\/yunming-metal.com\/wp-content\/uploads\/2025\/05\/gold-color-mirror-finish-stainless-steel-coil.webp\",\"width\":589,\"height\":532,\"caption\":\"High-gloss gold stainless steel coil roll with protective edge packaging, suitable for interior panels and decorative cladding\"},{\"@type\":\"BreadcrumbList\",\"@id\":\"https:\/\/yunming-metal.com\/product\/stainless-steel-coil\/#breadcrumb\",\"itemListElement\":[{\"@type\":\"ListItem\",\"position\":1,\"name\":\"\u9996\u9875\",\"item\":\"https:\/\/yunming-metal.com\/\"},{\"@type\":\"ListItem\",\"position\":2,\"name\":\"Products\",\"item\":\"https:\/\/yunming-metal.com\/shop\/\"},{\"@type\":\"ListItem\",\"position\":3,\"name\":\"Color Stainless Steel Coil\"}]},{\"@type\":\"WebSite\",\"@id\":\"https:\/\/yunming-metal.com\/#website\",\"url\":\"https:\/\/yunming-metal.com\/\",\"name\":\"yunming-metal.com\",\"description\":\"High-Quality Stainless Steel Pipes, Plates &amp; Flanges\",\"publisher\":{\"@id\":\"https:\/\/yunming-metal.com\/#organization\"},\"potentialAction\":[{\"@type\":\"SearchAction\",\"target\":{\"@type\":\"EntryPoint\",\"urlTemplate\":\"https:\/\/yunming-metal.com\/?s={search_term_string}\"},\"query-input\":{\"@type\":\"PropertyValueSpecification\",\"valueRequired\":true,\"valueName\":\"search_term_string\"}}],\"inLanguage\":\"es\"},{\"@type\":\"Organization\",\"@id\":\"https:\/\/yunming-metal.com\/#organization\",\"name\":\"Yunming MetalY\",\"alternateName\":\"Yunming Stainless Steel\",\"url\":\"https:\/\/yunming-metal.com\/\",\"logo\":{\"@type\":\"ImageObject\",\"inLanguage\":\"es\",\"@id\":\"https:\/\/yunming-metal.com\/#\/schema\/logo\/image\/\",\"url\":\"https:\/\/yunming-metal.com\/wp-content\/uploads\/2025\/04\/yunming-metal-logo-featuring-a-minimalist-am-design-representing.png\",\"contentUrl\":\"https:\/\/yunming-metal.com\/wp-content\/uploads\/2025\/04\/yunming-metal-logo-featuring-a-minimalist-am-design-representing.png\",\"width\":300,\"height\":300,\"caption\":\"Yunming MetalY\"},\"image\":{\"@id\":\"https:\/\/yunming-metal.com\/#\/schema\/logo\/image\/\"},\"sameAs\":[\"https:\/\/www.facebook.com\/YunmingMetal\",\"https:\/\/x.com\/fan_yunmimetal\",\"https:\/\/www.linkedin.com\/company\/yunming-metal\/\",\"https:\/\/www.instagram.com\/nora_jiang8\/\",\"https:\/\/www.youtube.com\/@yunmingmetal1\",\"https:\/\/www.tiktok.com\/@yunming_metal\"]}]}<\/script>\n<!-- \/ Yoast SEO Premium plugin. -->","yoast_head_json":{"title":"Color Stainless Steel Coil | Decorative Colored Steel Coil Supplier","description":"Supplier of color stainless steel coils in gold, black, rose gold, and more. Durable finishes ideal for architectural and decorative use.","robots":{"index":"index","follow":"follow","max-snippet":"max-snippet:-1","max-image-preview":"max-image-preview:large","max-video-preview":"max-video-preview:-1"},"canonical":"https:\/\/yunming-metal.com\/es\/producto\/bobina-de-acero-inoxidable\/","og_locale":"es_ES","og_type":"article","og_title":"Color Stainless Steel Coil","og_description":"Supplier of color stainless steel coils in gold, black, rose gold, and more. Durable finishes ideal for architectural and decorative use.","og_url":"https:\/\/yunming-metal.com\/es\/producto\/bobina-de-acero-inoxidable\/","og_site_name":"Yunming Metal - Stainless Steel Manufacturer &amp; Supplier","article_publisher":"https:\/\/www.facebook.com\/YunmingMetal","article_modified_time":"2025-05-11T08:08:28+00:00","og_image":[{"width":589,"height":532,"url":"https:\/\/yunming-metal.com\/wp-content\/uploads\/2025\/05\/gold-color-mirror-finish-stainless-steel-coil.webp","type":"image\/webp"}],"twitter_card":"summary_large_image","twitter_site":"@fan_yunmimetal","twitter_misc":{"Tiempo de lectura":"3 minutos"},"schema":{"@context":"https:\/\/schema.org","@graph":[{"@type":"WebPage","@id":"https:\/\/yunming-metal.com\/product\/stainless-steel-coil\/","url":"https:\/\/yunming-metal.com\/product\/stainless-steel-coil\/","name":"Color Stainless Steel Coil | Decorative Colored Steel Coil Supplier","isPartOf":{"@id":"https:\/\/yunming-metal.com\/#website"},"primaryImageOfPage":{"@id":"https:\/\/yunming-metal.com\/product\/stainless-steel-coil\/#primaryimage"},"image":{"@id":"https:\/\/yunming-metal.com\/product\/stainless-steel-coil\/#primaryimage"},"thumbnailUrl":"https:\/\/yunming-metal.com\/wp-content\/uploads\/2025\/05\/gold-color-mirror-finish-stainless-steel-coil.webp","datePublished":"2024-10-26T06:37:34+00:00","dateModified":"2025-05-11T08:08:28+00:00","description":"Supplier of color stainless steel coils in gold, black, rose gold, and more. Durable finishes ideal for architectural and decorative use.","breadcrumb":{"@id":"https:\/\/yunming-metal.com\/product\/stainless-steel-coil\/#breadcrumb"},"inLanguage":"es","potentialAction":[{"@type":"ReadAction","target":["https:\/\/yunming-metal.com\/product\/stainless-steel-coil\/"]}]},{"@type":"ImageObject","inLanguage":"es","@id":"https:\/\/yunming-metal.com\/product\/stainless-steel-coil\/#primaryimage","url":"https:\/\/yunming-metal.com\/wp-content\/uploads\/2025\/05\/gold-color-mirror-finish-stainless-steel-coil.webp","contentUrl":"https:\/\/yunming-metal.com\/wp-content\/uploads\/2025\/05\/gold-color-mirror-finish-stainless-steel-coil.webp","width":589,"height":532,"caption":"High-gloss gold stainless steel coil roll with protective edge packaging, suitable for interior panels and decorative cladding"},{"@type":"BreadcrumbList","@id":"https:\/\/yunming-metal.com\/product\/stainless-steel-coil\/#breadcrumb","itemListElement":[{"@type":"ListItem","position":1,"name":"\u9996\u9875","item":"https:\/\/yunming-metal.com\/"},{"@type":"ListItem","position":2,"name":"Products","item":"https:\/\/yunming-metal.com\/shop\/"},{"@type":"ListItem","position":3,"name":"Color Stainless Steel Coil"}]},{"@type":"WebSite","@id":"https:\/\/yunming-metal.com\/#website","url":"https:\/\/yunming-metal.com\/","name":"yunming-metal.com","description":"High-Quality Stainless Steel Pipes, Plates &amp; Flanges","publisher":{"@id":"https:\/\/yunming-metal.com\/#organization"},"potentialAction":[{"@type":"SearchAction","target":{"@type":"EntryPoint","urlTemplate":"https:\/\/yunming-metal.com\/?s={search_term_string}"},"query-input":{"@type":"PropertyValueSpecification","valueRequired":true,"valueName":"search_term_string"}}],"inLanguage":"es"},{"@type":"Organization","@id":"https:\/\/yunming-metal.com\/#organization","name":"Yunming MetalY","alternateName":"Yunming Stainless Steel","url":"https:\/\/yunming-metal.com\/","logo":{"@type":"ImageObject","inLanguage":"es","@id":"https:\/\/yunming-metal.com\/#\/schema\/logo\/image\/","url":"https:\/\/yunming-metal.com\/wp-content\/uploads\/2025\/04\/yunming-metal-logo-featuring-a-minimalist-am-design-representing.png","contentUrl":"https:\/\/yunming-metal.com\/wp-content\/uploads\/2025\/04\/yunming-metal-logo-featuring-a-minimalist-am-design-representing.png","width":300,"height":300,"caption":"Yunming MetalY"},"image":{"@id":"https:\/\/yunming-metal.com\/#\/schema\/logo\/image\/"},"sameAs":["https:\/\/www.facebook.com\/YunmingMetal","https:\/\/x.com\/fan_yunmimetal","https:\/\/www.linkedin.com\/company\/yunming-metal\/","https:\/\/www.instagram.com\/nora_jiang8\/","https:\/\/www.youtube.com\/@yunmingmetal1","https:\/\/www.tiktok.com\/@yunming_metal"]}]}},"_links":{"self":[{"href":"https:\/\/yunming-metal.com\/es\/wp-json\/wp\/v2\/product\/2215","targetHints":{"allow":["GET"]}}],"collection":[{"href":"https:\/\/yunming-metal.com\/es\/wp-json\/wp\/v2\/product"}],"about":[{"href":"https:\/\/yunming-metal.com\/es\/wp-json\/wp\/v2\/types\/product"}],"replies":[{"embeddable":true,"href":"https:\/\/yunming-metal.com\/es\/wp-json\/wp\/v2\/comments?post=2215"}],"wp:featuredmedia":[{"embeddable":true,"href":"https:\/\/yunming-metal.com\/es\/wp-json\/wp\/v2\/media\/4751"}],"wp:attachment":[{"href":"https:\/\/yunming-metal.com\/es\/wp-json\/wp\/v2\/media?parent=2215"}],"wp:term":[{"taxonomy":"product_brand","embeddable":true,"href":"https:\/\/yunming-metal.com\/es\/wp-json\/wp\/v2\/product_brand?post=2215"},{"taxonomy":"product_cat","embeddable":true,"href":"https:\/\/yunming-metal.com\/es\/wp-json\/wp\/v2\/product_cat?post=2215"},{"taxonomy":"product_tag","embeddable":true,"href":"https:\/\/yunming-metal.com\/es\/wp-json\/wp\/v2\/product_tag?post=2215"}],"curies":[{"name":"wp","href":"https:\/\/api.w.org\/{rel}","templated":true}]}}