{"id":2246,"date":"2024-10-26T06:59:47","date_gmt":"2024-10-26T06:59:47","guid":{"rendered":"https:\/\/yunming-metal.com\/?post_type=product&#038;p=2246"},"modified":"2025-05-09T19:25:19","modified_gmt":"2025-05-09T11:25:19","slug":"stainless-steel-h-beam","status":"publish","type":"product","link":"https:\/\/yunming-metal.com\/es\/producto\/viga-en-h-de-acero-inoxidable\/","title":{"rendered":"Viga en H de acero inoxidable"},"content":{"rendered":"<div class=\"proddetails-detial-title\" style=\"text-align: left;\">\n<h3 class=\"\" data-start=\"127\" data-end=\"151\"><strong data-start=\"131\" data-end=\"151\">Productos<\/strong><\/h3>\n<p class=\"\" data-start=\"153\" data-end=\"520\">Las vigas H de acero inoxidable son perfiles estructurales de ala ancha y gran capacidad de carga, dise\u00f1ados para aplicaciones que requieren solidez, resistencia a la corrosi\u00f3n y larga vida \u00fatil. Con excelentes propiedades mec\u00e1nicas y una precisa secci\u00f3n transversal en forma de H, se utilizan ampliamente en la construcci\u00f3n industrial, entramado estructural, puentes y entornos marinos.<\/p>\n<h3 class=\"\" data-start=\"522\" data-end=\"547\"><strong data-start=\"526\" data-end=\"547\">\u00c1mbitos de aplicaci\u00f3n<\/strong><\/h3>\n<ul data-start=\"549\" data-end=\"945\">\n<li class=\"\" data-start=\"549\" data-end=\"639\">\n<p class=\"\" data-start=\"551\" data-end=\"639\"><strong data-start=\"551\" data-end=\"575\">Edificios industriales<\/strong> - Columnas portantes, armazones de soporte de tejados, estructuras de acero<\/p>\n<\/li>\n<li class=\"\" data-start=\"640\" data-end=\"712\">\n<p class=\"\" data-start=\"642\" data-end=\"712\"><strong data-start=\"642\" data-end=\"680\">Construcci\u00f3n naval y proyectos offshore<\/strong> - Plataformas, cubiertas, mamparos<\/p>\n<\/li>\n<li class=\"\" data-start=\"713\" data-end=\"787\">\n<p class=\"\" data-start=\"715\" data-end=\"787\"><strong data-start=\"715\" data-end=\"745\">Puentes e infraestructuras<\/strong> - Vigas, cerchas, vigas de refuerzo<\/p>\n<\/li>\n<li class=\"\" data-start=\"788\" data-end=\"862\">\n<p class=\"\" data-start=\"790\" data-end=\"862\"><strong data-start=\"790\" data-end=\"810\">Marcos para equipos<\/strong> - Cimientos para maquinaria, bases de apoyo para cargas pesadas<\/p>\n<\/li>\n<li class=\"\" data-start=\"863\" data-end=\"945\">\n<p class=\"\" data-start=\"865\" data-end=\"945\"><strong data-start=\"865\" data-end=\"900\">Plantas qu\u00edmicas y petroqu\u00edmicas<\/strong> - Soporte estructural en entornos corrosivos<\/p>\n<\/li>\n<\/ul>\n<h3 class=\"\" data-start=\"947\" data-end=\"971\"><strong data-start=\"951\" data-end=\"971\">Caracter\u00edsticas del producto<\/strong><\/h3>\n<ul data-start=\"973\" data-end=\"1295\">\n<li class=\"\" data-start=\"973\" data-end=\"1035\">\n<p class=\"\" data-start=\"975\" data-end=\"1035\">Alta resistencia estructural con una \u00f3ptima relaci\u00f3n peso-carga<\/p>\n<\/li>\n<li class=\"\" data-start=\"1036\" data-end=\"1100\">\n<p class=\"\" data-start=\"1038\" data-end=\"1100\">Excelente resistencia a la corrosi\u00f3n en condiciones duras o marinas<\/p>\n<\/li>\n<li class=\"\" data-start=\"1101\" data-end=\"1157\">\n<p class=\"\" data-start=\"1103\" data-end=\"1157\">Secci\u00f3n en H uniforme para facilitar la fabricaci\u00f3n y la alineaci\u00f3n<\/p>\n<\/li>\n<li class=\"\" data-start=\"1158\" data-end=\"1223\">\n<p class=\"\" data-start=\"1160\" data-end=\"1223\">Disponibles en una amplia gama de tama\u00f1os y calidades de acero inoxidable<\/p>\n<\/li>\n<li class=\"\" data-start=\"1224\" data-end=\"1295\">\n<p class=\"\" data-start=\"1226\" data-end=\"1295\">Soldable, cortable y apto para acabado superficial o mecanizado<\/p>\n<\/li>\n<\/ul>\n<h3 class=\"\" data-start=\"1297\" data-end=\"1329\"><strong data-start=\"1301\" data-end=\"1329\">Especificaciones t\u00e9cnicas<\/strong><\/h3>\n<div class=\"_tableContainer_16hzy_1\">\n<div class=\"_tableWrapper_16hzy_14 group flex w-fit flex-col-reverse\" tabindex=\"-1\">\n<table class=\"w-fit min-w-(--thread-content-width)\" data-start=\"1331\" data-end=\"2166\">\n<thead data-start=\"1331\" data-end=\"1413\">\n<tr data-start=\"1331\" data-end=\"1413\">\n<th data-start=\"1331\" data-end=\"1355\" data-col-size=\"sm\">Especificaci\u00f3n<\/th>\n<th data-start=\"1355\" data-end=\"1413\" data-col-size=\"md\">Gama<\/th>\n<\/tr>\n<\/thead>\n<tbody data-start=\"1498\" data-end=\"2166\">\n<tr data-start=\"1498\" data-end=\"1581\">\n<td data-start=\"1498\" data-end=\"1522\" data-col-size=\"sm\">Altura (H)<\/td>\n<td data-start=\"1522\" data-end=\"1581\" data-col-size=\"md\">100 mm - 900 mm (4\u2033 - 35 7\/16\u2033)<\/td>\n<\/tr>\n<tr data-start=\"1582\" data-end=\"1665\">\n<td data-start=\"1582\" data-end=\"1606\" data-col-size=\"sm\">Anchura de la brida (B)<\/td>\n<td data-col-size=\"md\" data-start=\"1606\" data-end=\"1665\">50 mm - 300 mm (2\u2033 - 11 13\/16\u2033)<\/td>\n<\/tr>\n<tr data-start=\"1666\" data-end=\"1749\">\n<td data-start=\"1666\" data-end=\"1690\" data-col-size=\"sm\">Espesor de banda (t1)<\/td>\n<td data-start=\"1690\" data-end=\"1749\" data-col-size=\"md\">5 mm - 30 mm (3\/16\u2033 - 1 3\/16\u2033)<\/td>\n<\/tr>\n<tr data-start=\"1750\" data-end=\"1833\">\n<td data-start=\"1750\" data-end=\"1774\" data-col-size=\"sm\">Espesor de la brida (t2)<\/td>\n<td data-col-size=\"md\" data-start=\"1774\" data-end=\"1833\">5 mm - 40 mm (3\/16\u2033 - 1 9\/16\u2033)<\/td>\n<\/tr>\n<tr data-start=\"1834\" data-end=\"1916\">\n<td data-start=\"1834\" data-end=\"1858\" data-col-size=\"sm\">Longitud<\/td>\n<td data-start=\"1858\" data-end=\"1916\" data-col-size=\"md\">Hasta 12.000 mm (472\u2033) o personalizado<\/td>\n<\/tr>\n<tr data-start=\"1917\" data-end=\"2000\">\n<td data-start=\"1917\" data-end=\"1941\" data-col-size=\"sm\">Calidades de acero<\/td>\n<td data-start=\"1941\" data-end=\"2000\" data-col-size=\"md\">304, 304L, 316, 316L, 321, 310S, 2205, 2507, 904L<\/td>\n<\/tr>\n<tr data-start=\"2001\" data-end=\"2083\">\n<td data-start=\"2001\" data-end=\"2025\" data-col-size=\"sm\">Normas<\/td>\n<td data-start=\"2025\" data-end=\"2083\" data-col-size=\"md\">ASTM A276, ASTM A484, JIS G3101, EN 10025, GB\/T11263<\/td>\n<\/tr>\n<tr data-start=\"2084\" data-end=\"2166\">\n<td data-start=\"2084\" data-end=\"2108\" data-col-size=\"sm\">Opciones de acabado<\/td>\n<td data-start=\"2108\" data-end=\"2166\" data-col-size=\"md\">Acabado decapado, pulido, arenado o fresado<\/td>\n<\/tr>\n<\/tbody>\n<\/table>\n<div class=\"sticky end-(--thread-content-margin) h-0 self-end select-none\">\n<div class=\"absolute end-0 flex items-end\"><\/div>\n<\/div>\n<\/div>\n<\/div>\n<h3 class=\"\" data-start=\"2168\" data-end=\"2197\"><strong data-start=\"2172\" data-end=\"2197\">Proceso de fabricaci\u00f3n<\/strong><\/h3>\n<p class=\"\" data-start=\"2199\" data-end=\"2622\">Las vigas H de acero inoxidable se fabrican mediante procesos de laminado en caliente o soldadura. Las vigas H laminadas en caliente se moldean directamente a partir de palanquilla mediante trenes de laminaci\u00f3n, mientras que las vigas soldadas se fabrican uniendo chapas de acero cortadas. Todas las vigas se someten a enderezamiento, pruebas ultras\u00f3nicas y tratamiento superficial. La precisi\u00f3n dimensional y la resistencia mec\u00e1nica se garantizan mediante una rigurosa inspecci\u00f3n de calidad conforme a las normas internacionales.<\/p>\n<h3 class=\"\" data-start=\"2624\" data-end=\"2635\"><strong data-start=\"2628\" data-end=\"2635\">PREGUNTAS FRECUENTES<\/strong><\/h3>\n<p class=\"\" data-start=\"2637\" data-end=\"2817\"><strong data-start=\"2637\" data-end=\"2693\">P: \u00bfCu\u00e1l es la diferencia entre haz H y haz I?<\/strong><br data-start=\"2693\" data-end=\"2696\" \/>R: Las vigas en H tienen alas m\u00e1s anchas y secciones de alma m\u00e1s gruesas, lo que las hace m\u00e1s resistentes y estables para estructuras portantes.<\/p>\n<p class=\"\" data-start=\"2819\" data-end=\"2973\"><strong data-start=\"2819\" data-end=\"2854\">P: \u00bfPueden suministrar tama\u00f1os personalizados?<\/strong><br data-start=\"2854\" data-end=\"2857\" \/>R: S\u00ed, ofrecemos vigas H en dimensiones, longitudes y acabados superficiales personalizados en funci\u00f3n de los requisitos de su proyecto.<\/p>\n<p class=\"\" data-start=\"2975\" data-end=\"3133\"><strong data-start=\"2975\" data-end=\"3035\">P: \u00bfSon adecuadas las vigas en H de acero inoxidable para su uso en exteriores?<\/strong><br data-start=\"3035\" data-end=\"3038\" \/>R: Por supuesto. Su resistencia a la corrosi\u00f3n los hace ideales para entornos exteriores y marinos.<\/p>\n<p class=\"\" data-start=\"3135\" data-end=\"3284\"><strong data-start=\"3135\" data-end=\"3178\">P: \u00bfQu\u00e9 acabados superficiales hay disponibles?<\/strong><br data-start=\"3178\" data-end=\"3181\" \/>R: Dependiendo de la aplicaci\u00f3n, existen acabados en fresado, decapado, pulido y arenado.<\/p>\n<p class=\"\" data-start=\"3286\" data-end=\"3432\"><strong data-start=\"3286\" data-end=\"3330\">P: \u00bfOfrecen servicio de corte a medida?<\/strong><br data-start=\"3330\" data-end=\"3333\" \/>R: S\u00ed, ofrecemos servicios de corte a medida, taladrado y preparaci\u00f3n para soldadura seg\u00fan las necesidades del cliente.<\/p>\n<h3 class=\"\" data-start=\"3434\" data-end=\"3465\"><strong data-start=\"3438\" data-end=\"3463\">\u00bfA\u00fan tiene preguntas?<\/strong><\/h3>\n<p class=\"\" data-start=\"3466\" data-end=\"3666\">No dude en <a href=\"https:\/\/yunming-metal.com\/es\/pongase-en-contacto-con\/\">Contacto<\/a> para obtener m\u00e1s informaci\u00f3n o comentar sus necesidades de vigas H de acero inoxidable personalizadas. Nuestro equipo de soporte t\u00e9cnico est\u00e1 listo para ayudarle con las especificaciones, certificaciones y entrega.<\/p>\n<\/div>","protected":false},"excerpt":{"rendered":"<p>Yunming Metal suministra vigas H de acero inoxidable con gran capacidad de carga y resistencia a la corrosi\u00f3n. Disponibles en una amplia gama de tama\u00f1os, espesores y grados, incluidos 304, 316L y acero inoxidable d\u00faplex. Ideales para estructuras industriales, puentes y aplicaciones en alta mar.<\/p>","protected":false},"featured_media":4704,"comment_status":"open","ping_status":"closed","template":"","meta":{"site-sidebar-layout":"default","site-content-layout":"","ast-site-content-layout":"default","site-content-style":"default","site-sidebar-style":"default","ast-global-header-display":"","ast-banner-title-visibility":"","ast-main-header-display":"","ast-hfb-above-header-display":"","ast-hfb-below-header-display":"","ast-hfb-mobile-header-display":"","site-post-title":"","ast-breadcrumbs-content":"","ast-featured-img":"","footer-sml-layout":"","theme-transparent-header-meta":"default","adv-header-id-meta":"","stick-header-meta":"","header-above-stick-meta":"","header-main-stick-meta":"","header-below-stick-meta":"","astra-migrate-meta-layouts":"set","ast-page-background-enabled":"default","ast-page-background-meta":{"desktop":{"background-color":"","background-image":"","background-repeat":"repeat","background-position":"center center","background-size":"auto","background-attachment":"scroll","background-type":"","background-media":"","overlay-type":"","overlay-color":"","overlay-opacity":"","overlay-gradient":""},"tablet":{"background-color":"","background-image":"","background-repeat":"repeat","background-position":"center center","background-size":"auto","background-attachment":"scroll","background-type":"","background-media":"","overlay-type":"","overlay-color":"","overlay-opacity":"","overlay-gradient":""},"mobile":{"background-color":"","background-image":"","background-repeat":"repeat","background-position":"center center","background-size":"auto","background-attachment":"scroll","background-type":"","background-media":"","overlay-type":"","overlay-color":"","overlay-opacity":"","overlay-gradient":""}},"ast-content-background-meta":{"desktop":{"background-color":"var(--ast-global-color-5)","background-image":"","background-repeat":"repeat","background-position":"center center","background-size":"auto","background-attachment":"scroll","background-type":"","background-media":"","overlay-type":"","overlay-color":"","overlay-opacity":"","overlay-gradient":""},"tablet":{"background-color":"var(--ast-global-color-5)","background-image":"","background-repeat":"repeat","background-position":"center center","background-size":"auto","background-attachment":"scroll","background-type":"","background-media":"","overlay-type":"","overlay-color":"","overlay-opacity":"","overlay-gradient":""},"mobile":{"background-color":"var(--ast-global-color-5)","background-image":"","background-repeat":"repeat","background-position":"center center","background-size":"auto","background-attachment":"scroll","background-type":"","background-media":"","overlay-type":"","overlay-color":"","overlay-opacity":"","overlay-gradient":""}}},"product_brand":[],"product_cat":[22],"product_tag":[],"class_list":{"0":"post-2246","1":"product","2":"type-product","3":"status-publish","4":"has-post-thumbnail","6":"product_cat-stainless-steel-bar-profile","7":"desktop-align-left","8":"tablet-align-left","9":"mobile-align-left","11":"first","12":"instock","13":"shipping-taxable","14":"product-type-simple"},"yoast_head":"<!-- This site is optimized with the Yoast SEO Premium plugin v24.9 (Yoast SEO v26.8) - https:\/\/yoast.com\/product\/yoast-seo-premium-wordpress\/ -->\n<title>Stainless Steel H Beam \u2013 Structural Profiles for Industrial Use<\/title>\n<meta name=\"description\" content=\"High-strength stainless steel H beams for construction, bridges, and offshore use. Corrosion resistant and available in custom sizes.\" \/>\n<meta name=\"robots\" content=\"index, follow, max-snippet:-1, max-image-preview:large, max-video-preview:-1\" \/>\n<link rel=\"canonical\" href=\"https:\/\/yunming-metal.com\/es\/producto\/viga-en-h-de-acero-inoxidable\/\" \/>\n<meta property=\"og:locale\" content=\"es_ES\" \/>\n<meta property=\"og:type\" content=\"article\" \/>\n<meta property=\"og:title\" content=\"Stainless Steel H Beam\" \/>\n<meta property=\"og:description\" content=\"High-strength stainless steel H beams for construction, bridges, and offshore use. Corrosion resistant and available in custom sizes.\" \/>\n<meta property=\"og:url\" content=\"https:\/\/yunming-metal.com\/es\/producto\/viga-en-h-de-acero-inoxidable\/\" \/>\n<meta property=\"og:site_name\" content=\"Yunming Metal - Stainless Steel Manufacturer &amp; Supplier\" \/>\n<meta property=\"article:publisher\" content=\"https:\/\/www.facebook.com\/YunmingMetal\" \/>\n<meta property=\"article:modified_time\" content=\"2025-05-09T11:25:19+00:00\" \/>\n<meta property=\"og:image\" content=\"https:\/\/yunming-metal.com\/wp-content\/uploads\/2025\/05\/stainless-steel-h-beams-bundled-for-export.jpg\" \/>\n\t<meta property=\"og:image:width\" content=\"800\" \/>\n\t<meta property=\"og:image:height\" content=\"800\" \/>\n\t<meta property=\"og:image:type\" content=\"image\/jpeg\" \/>\n<meta name=\"twitter:card\" content=\"summary_large_image\" \/>\n<meta name=\"twitter:site\" content=\"@fan_yunmimetal\" \/>\n<meta name=\"twitter:label1\" content=\"Tiempo de lectura\" \/>\n\t<meta name=\"twitter:data1\" content=\"3 minutos\" \/>\n<script type=\"application\/ld+json\" class=\"yoast-schema-graph\">{\"@context\":\"https:\/\/schema.org\",\"@graph\":[{\"@type\":\"WebPage\",\"@id\":\"https:\/\/yunming-metal.com\/product\/stainless-steel-h-beam\/\",\"url\":\"https:\/\/yunming-metal.com\/product\/stainless-steel-h-beam\/\",\"name\":\"Stainless Steel H Beam \u2013 Structural Profiles for Industrial Use\",\"isPartOf\":{\"@id\":\"https:\/\/yunming-metal.com\/#website\"},\"primaryImageOfPage\":{\"@id\":\"https:\/\/yunming-metal.com\/product\/stainless-steel-h-beam\/#primaryimage\"},\"image\":{\"@id\":\"https:\/\/yunming-metal.com\/product\/stainless-steel-h-beam\/#primaryimage\"},\"thumbnailUrl\":\"https:\/\/yunming-metal.com\/wp-content\/uploads\/2025\/05\/stainless-steel-h-beams-bundled-for-export.jpg\",\"datePublished\":\"2024-10-26T06:59:47+00:00\",\"dateModified\":\"2025-05-09T11:25:19+00:00\",\"description\":\"High-strength stainless steel H beams for construction, bridges, and offshore use. Corrosion resistant and available in custom sizes.\",\"breadcrumb\":{\"@id\":\"https:\/\/yunming-metal.com\/product\/stainless-steel-h-beam\/#breadcrumb\"},\"inLanguage\":\"es\",\"potentialAction\":[{\"@type\":\"ReadAction\",\"target\":[\"https:\/\/yunming-metal.com\/product\/stainless-steel-h-beam\/\"]}]},{\"@type\":\"ImageObject\",\"inLanguage\":\"es\",\"@id\":\"https:\/\/yunming-metal.com\/product\/stainless-steel-h-beam\/#primaryimage\",\"url\":\"https:\/\/yunming-metal.com\/wp-content\/uploads\/2025\/05\/stainless-steel-h-beams-bundled-for-export.jpg\",\"contentUrl\":\"https:\/\/yunming-metal.com\/wp-content\/uploads\/2025\/05\/stainless-steel-h-beams-bundled-for-export.jpg\",\"width\":800,\"height\":800,\"caption\":\"Various sizes of stainless steel H beams ready for international shipment\"},{\"@type\":\"BreadcrumbList\",\"@id\":\"https:\/\/yunming-metal.com\/product\/stainless-steel-h-beam\/#breadcrumb\",\"itemListElement\":[{\"@type\":\"ListItem\",\"position\":1,\"name\":\"\u9996\u9875\",\"item\":\"https:\/\/yunming-metal.com\/\"},{\"@type\":\"ListItem\",\"position\":2,\"name\":\"Products\",\"item\":\"https:\/\/yunming-metal.com\/shop\/\"},{\"@type\":\"ListItem\",\"position\":3,\"name\":\"Stainless Steel H Beam\"}]},{\"@type\":\"WebSite\",\"@id\":\"https:\/\/yunming-metal.com\/#website\",\"url\":\"https:\/\/yunming-metal.com\/\",\"name\":\"yunming-metal.com\",\"description\":\"High-Quality Stainless Steel Pipes, Plates &amp; Flanges\",\"publisher\":{\"@id\":\"https:\/\/yunming-metal.com\/#organization\"},\"potentialAction\":[{\"@type\":\"SearchAction\",\"target\":{\"@type\":\"EntryPoint\",\"urlTemplate\":\"https:\/\/yunming-metal.com\/?s={search_term_string}\"},\"query-input\":{\"@type\":\"PropertyValueSpecification\",\"valueRequired\":true,\"valueName\":\"search_term_string\"}}],\"inLanguage\":\"es\"},{\"@type\":\"Organization\",\"@id\":\"https:\/\/yunming-metal.com\/#organization\",\"name\":\"Yunming MetalY\",\"alternateName\":\"Yunming Stainless Steel\",\"url\":\"https:\/\/yunming-metal.com\/\",\"logo\":{\"@type\":\"ImageObject\",\"inLanguage\":\"es\",\"@id\":\"https:\/\/yunming-metal.com\/#\/schema\/logo\/image\/\",\"url\":\"https:\/\/yunming-metal.com\/wp-content\/uploads\/2025\/04\/yunming-metal-logo-featuring-a-minimalist-am-design-representing.png\",\"contentUrl\":\"https:\/\/yunming-metal.com\/wp-content\/uploads\/2025\/04\/yunming-metal-logo-featuring-a-minimalist-am-design-representing.png\",\"width\":300,\"height\":300,\"caption\":\"Yunming MetalY\"},\"image\":{\"@id\":\"https:\/\/yunming-metal.com\/#\/schema\/logo\/image\/\"},\"sameAs\":[\"https:\/\/www.facebook.com\/YunmingMetal\",\"https:\/\/x.com\/fan_yunmimetal\",\"https:\/\/www.linkedin.com\/company\/yunming-metal\/\",\"https:\/\/www.instagram.com\/nora_jiang8\/\",\"https:\/\/www.youtube.com\/@yunmingmetal1\",\"https:\/\/www.tiktok.com\/@yunming_metal\"]}]}<\/script>\n<!-- \/ Yoast SEO Premium plugin. -->","yoast_head_json":{"title":"Stainless Steel H Beam \u2013 Structural Profiles for Industrial Use","description":"High-strength stainless steel H beams for construction, bridges, and offshore use. Corrosion resistant and available in custom sizes.","robots":{"index":"index","follow":"follow","max-snippet":"max-snippet:-1","max-image-preview":"max-image-preview:large","max-video-preview":"max-video-preview:-1"},"canonical":"https:\/\/yunming-metal.com\/es\/producto\/viga-en-h-de-acero-inoxidable\/","og_locale":"es_ES","og_type":"article","og_title":"Stainless Steel H Beam","og_description":"High-strength stainless steel H beams for construction, bridges, and offshore use. Corrosion resistant and available in custom sizes.","og_url":"https:\/\/yunming-metal.com\/es\/producto\/viga-en-h-de-acero-inoxidable\/","og_site_name":"Yunming Metal - Stainless Steel Manufacturer &amp; Supplier","article_publisher":"https:\/\/www.facebook.com\/YunmingMetal","article_modified_time":"2025-05-09T11:25:19+00:00","og_image":[{"width":800,"height":800,"url":"https:\/\/yunming-metal.com\/wp-content\/uploads\/2025\/05\/stainless-steel-h-beams-bundled-for-export.jpg","type":"image\/jpeg"}],"twitter_card":"summary_large_image","twitter_site":"@fan_yunmimetal","twitter_misc":{"Tiempo de lectura":"3 minutos"},"schema":{"@context":"https:\/\/schema.org","@graph":[{"@type":"WebPage","@id":"https:\/\/yunming-metal.com\/product\/stainless-steel-h-beam\/","url":"https:\/\/yunming-metal.com\/product\/stainless-steel-h-beam\/","name":"Stainless Steel H Beam \u2013 Structural Profiles for Industrial Use","isPartOf":{"@id":"https:\/\/yunming-metal.com\/#website"},"primaryImageOfPage":{"@id":"https:\/\/yunming-metal.com\/product\/stainless-steel-h-beam\/#primaryimage"},"image":{"@id":"https:\/\/yunming-metal.com\/product\/stainless-steel-h-beam\/#primaryimage"},"thumbnailUrl":"https:\/\/yunming-metal.com\/wp-content\/uploads\/2025\/05\/stainless-steel-h-beams-bundled-for-export.jpg","datePublished":"2024-10-26T06:59:47+00:00","dateModified":"2025-05-09T11:25:19+00:00","description":"High-strength stainless steel H beams for construction, bridges, and offshore use. Corrosion resistant and available in custom sizes.","breadcrumb":{"@id":"https:\/\/yunming-metal.com\/product\/stainless-steel-h-beam\/#breadcrumb"},"inLanguage":"es","potentialAction":[{"@type":"ReadAction","target":["https:\/\/yunming-metal.com\/product\/stainless-steel-h-beam\/"]}]},{"@type":"ImageObject","inLanguage":"es","@id":"https:\/\/yunming-metal.com\/product\/stainless-steel-h-beam\/#primaryimage","url":"https:\/\/yunming-metal.com\/wp-content\/uploads\/2025\/05\/stainless-steel-h-beams-bundled-for-export.jpg","contentUrl":"https:\/\/yunming-metal.com\/wp-content\/uploads\/2025\/05\/stainless-steel-h-beams-bundled-for-export.jpg","width":800,"height":800,"caption":"Various sizes of stainless steel H beams ready for international shipment"},{"@type":"BreadcrumbList","@id":"https:\/\/yunming-metal.com\/product\/stainless-steel-h-beam\/#breadcrumb","itemListElement":[{"@type":"ListItem","position":1,"name":"\u9996\u9875","item":"https:\/\/yunming-metal.com\/"},{"@type":"ListItem","position":2,"name":"Products","item":"https:\/\/yunming-metal.com\/shop\/"},{"@type":"ListItem","position":3,"name":"Stainless Steel H Beam"}]},{"@type":"WebSite","@id":"https:\/\/yunming-metal.com\/#website","url":"https:\/\/yunming-metal.com\/","name":"yunming-metal.com","description":"High-Quality Stainless Steel Pipes, Plates &amp; Flanges","publisher":{"@id":"https:\/\/yunming-metal.com\/#organization"},"potentialAction":[{"@type":"SearchAction","target":{"@type":"EntryPoint","urlTemplate":"https:\/\/yunming-metal.com\/?s={search_term_string}"},"query-input":{"@type":"PropertyValueSpecification","valueRequired":true,"valueName":"search_term_string"}}],"inLanguage":"es"},{"@type":"Organization","@id":"https:\/\/yunming-metal.com\/#organization","name":"Yunming MetalY","alternateName":"Yunming Stainless Steel","url":"https:\/\/yunming-metal.com\/","logo":{"@type":"ImageObject","inLanguage":"es","@id":"https:\/\/yunming-metal.com\/#\/schema\/logo\/image\/","url":"https:\/\/yunming-metal.com\/wp-content\/uploads\/2025\/04\/yunming-metal-logo-featuring-a-minimalist-am-design-representing.png","contentUrl":"https:\/\/yunming-metal.com\/wp-content\/uploads\/2025\/04\/yunming-metal-logo-featuring-a-minimalist-am-design-representing.png","width":300,"height":300,"caption":"Yunming MetalY"},"image":{"@id":"https:\/\/yunming-metal.com\/#\/schema\/logo\/image\/"},"sameAs":["https:\/\/www.facebook.com\/YunmingMetal","https:\/\/x.com\/fan_yunmimetal","https:\/\/www.linkedin.com\/company\/yunming-metal\/","https:\/\/www.instagram.com\/nora_jiang8\/","https:\/\/www.youtube.com\/@yunmingmetal1","https:\/\/www.tiktok.com\/@yunming_metal"]}]}},"_links":{"self":[{"href":"https:\/\/yunming-metal.com\/es\/wp-json\/wp\/v2\/product\/2246","targetHints":{"allow":["GET"]}}],"collection":[{"href":"https:\/\/yunming-metal.com\/es\/wp-json\/wp\/v2\/product"}],"about":[{"href":"https:\/\/yunming-metal.com\/es\/wp-json\/wp\/v2\/types\/product"}],"replies":[{"embeddable":true,"href":"https:\/\/yunming-metal.com\/es\/wp-json\/wp\/v2\/comments?post=2246"}],"wp:featuredmedia":[{"embeddable":true,"href":"https:\/\/yunming-metal.com\/es\/wp-json\/wp\/v2\/media\/4704"}],"wp:attachment":[{"href":"https:\/\/yunming-metal.com\/es\/wp-json\/wp\/v2\/media?parent=2246"}],"wp:term":[{"taxonomy":"product_brand","embeddable":true,"href":"https:\/\/yunming-metal.com\/es\/wp-json\/wp\/v2\/product_brand?post=2246"},{"taxonomy":"product_cat","embeddable":true,"href":"https:\/\/yunming-metal.com\/es\/wp-json\/wp\/v2\/product_cat?post=2246"},{"taxonomy":"product_tag","embeddable":true,"href":"https:\/\/yunming-metal.com\/es\/wp-json\/wp\/v2\/product_tag?post=2246"}],"curies":[{"name":"wp","href":"https:\/\/api.w.org\/{rel}","templated":true}]}}