{"id":2419,"date":"2024-10-26T16:12:27","date_gmt":"2024-10-26T16:12:27","guid":{"rendered":"https:\/\/yunming-metal.com\/?post_type=product&#038;p=2419"},"modified":"2024-10-26T16:12:27","modified_gmt":"2024-10-26T16:12:27","slug":"stainless-steel-wire","status":"publish","type":"product","link":"https:\/\/yunming-metal.com\/es\/producto\/alambre-de-acero-inoxidable\/","title":{"rendered":"Alambre de acero inoxidable"},"content":{"rendered":"<div class=\"proddetails-detial-title\" style=\"text-align: center;\">Descripci\u00f3n del producto<\/div>\n<div class=\"proddetails-detial-cont\">\n<div class=\"prodDetail-editor-container\">\n<div class=\"sliderTable mt10 mb10 sliderTable-index0\">\n<div class=\"inner\">\n<table>\n<tbody>\n<tr class=\"firstRow\">\n<td colspan=\"1\" rowspan=\"1\">\n<div>\n<div>Grado de acero<\/div>\n<\/div>\n<\/td>\n<td colspan=\"2\" rowspan=\"1\">\n<div>\n<div>201\u3001202\u3001 301 \u3001 302 \u3001 304 \u3001 304L \u3001 316 \u3001 316L \u3001 310 \u3001 310S \u3001 321<\/div>\n<div>410, 410L, 420, 430, 436, 436L<\/div>\n<\/div>\n<\/td>\n<\/tr>\n<tr>\n<td colspan=\"1\" rowspan=\"1\">\n<div>\n<div>\n<div>Tolerancia<\/div>\n<\/div>\n<\/div>\n<\/td>\n<td colspan=\"2\" rowspan=\"1\">\n<div>\n<div>+\/- 1%<\/div>\n<\/div>\n<\/td>\n<\/tr>\n<tr>\n<td colspan=\"1\" rowspan=\"1\">\n<div>\n<div>Est\u00e1ndar<\/div>\n<\/div>\n<\/td>\n<td colspan=\"2\" rowspan=\"1\">\n<div>\n<div>AiSi, ASTM, BS, DIN, GB, JIS<\/div>\n<\/div>\n<\/td>\n<\/tr>\n<tr>\n<td colspan=\"1\" rowspan=\"1\">\n<div>\n<div>Secci\u00f3n Forma<\/div>\n<\/div>\n<\/td>\n<td colspan=\"2\" rowspan=\"1\">\n<div>\n<div>Alambre<\/div>\n<\/div>\n<\/td>\n<\/tr>\n<tr>\n<td colspan=\"1\" rowspan=\"1\">\n<div>\n<div>\n<div>Material<\/div>\n<\/div>\n<\/div>\n<\/td>\n<td colspan=\"2\" rowspan=\"1\">\n<div>\n<div>Acero inoxidable<\/div>\n<\/div>\n<\/td>\n<\/tr>\n<tr>\n<td colspan=\"1\" rowspan=\"1\">\n<div>\n<div>Servicio de tramitaci\u00f3n<\/div>\n<\/div>\n<\/td>\n<td colspan=\"2\" rowspan=\"1\">\n<div>\n<div>Soldadura Corte Plegado<\/div>\n<\/div>\n<\/td>\n<\/tr>\n<tr>\n<td colspan=\"1\" rowspan=\"1\">\n<div>\n<div>Longitud<\/div>\n<\/div>\n<\/td>\n<td colspan=\"2\" rowspan=\"1\">\n<div>\n<div>seg\u00fan los requisitos del cliente<\/div>\n<\/div>\n<\/td>\n<\/tr>\n<tr>\n<td colspan=\"1\" rowspan=\"1\">\n<div>\n<div>Di\u00e1metro exterior<\/div>\n<\/div>\n<\/td>\n<td colspan=\"2\" rowspan=\"1\">\n<div>\n<div>0,01-5,5 mm<\/div>\n<\/div>\n<\/td>\n<\/tr>\n<tr>\n<td colspan=\"1\" rowspan=\"1\">\n<div>\n<div>Tipo<\/div>\n<\/div>\n<\/td>\n<td colspan=\"2\" rowspan=\"1\">\n<div>\n<div>Alambre trefilado<\/div>\n<\/div>\n<\/td>\n<\/tr>\n<tr>\n<td colspan=\"1\" rowspan=\"1\">\n<div>\n<div>Tratamiento de superficies<\/div>\n<\/div>\n<\/td>\n<td colspan=\"2\" rowspan=\"1\">\n<div>\n<div>BA\/NO.1\/NO.3\/NO.4\/4K\/8K\/HL\/2D\/1D<\/div>\n<\/div>\n<\/td>\n<\/tr>\n<tr>\n<td colspan=\"1\" rowspan=\"1\">\n<div>\n<div>Aplicaci\u00f3n<\/div>\n<\/div>\n<\/td>\n<td colspan=\"2\" rowspan=\"1\">\n<div>\n<div>Ampliamente utilizado en productos de miner\u00eda, petr\u00f3leo, qu\u00edmica,<\/div>\n<div>alimentaci\u00f3n, medicina, fabricaci\u00f3n de maquinaria y otras industrias<\/div>\n<\/div>\n<\/td>\n<\/tr>\n<tr>\n<td colspan=\"1\" rowspan=\"1\">\n<div>\n<div>Embalaje<\/div>\n<\/div>\n<\/td>\n<td colspan=\"2\" rowspan=\"1\">\n<div>\n<div>Embalaje mar\u00edtimo est\u00e1ndar<\/div>\n<\/div>\n<\/td>\n<\/tr>\n<\/tbody>\n<\/table>\n<\/div>\n<\/div>\n<\/div>\n<\/div>","protected":false},"excerpt":{"rendered":"<p>Product Description Steel Grade 201\u3001202\u3001 301 \u3001 302 \u3001 304 \u3001 304L \u3001 316 \u3001 316L \u3001 310 \u3001 310S \u3001 321 410, 410L, 420, 430, 436, 436L Tolerance +\/- 1% Standard AiSi, ASTM, BS, DIN, GB, JIS Section Shape Wire Material Stainless Steel Processing Service Welding Cutting Bending Length according to customer&#8217;s requirements Outside [&hellip;]<\/p>","protected":false},"featured_media":2420,"comment_status":"open","ping_status":"closed","template":"","meta":{"site-sidebar-layout":"default","site-content-layout":"","ast-site-content-layout":"default","site-content-style":"default","site-sidebar-style":"default","ast-global-header-display":"","ast-banner-title-visibility":"","ast-main-header-display":"","ast-hfb-above-header-display":"","ast-hfb-below-header-display":"","ast-hfb-mobile-header-display":"","site-post-title":"","ast-breadcrumbs-content":"","ast-featured-img":"","footer-sml-layout":"","theme-transparent-header-meta":"default","adv-header-id-meta":"","stick-header-meta":"","header-above-stick-meta":"","header-main-stick-meta":"","header-below-stick-meta":"","astra-migrate-meta-layouts":"set","ast-page-background-enabled":"default","ast-page-background-meta":{"desktop":{"background-color":"","background-image":"","background-repeat":"repeat","background-position":"center center","background-size":"auto","background-attachment":"scroll","background-type":"","background-media":"","overlay-type":"","overlay-color":"","overlay-opacity":"","overlay-gradient":""},"tablet":{"background-color":"","background-image":"","background-repeat":"repeat","background-position":"center center","background-size":"auto","background-attachment":"scroll","background-type":"","background-media":"","overlay-type":"","overlay-color":"","overlay-opacity":"","overlay-gradient":""},"mobile":{"background-color":"","background-image":"","background-repeat":"repeat","background-position":"center center","background-size":"auto","background-attachment":"scroll","background-type":"","background-media":"","overlay-type":"","overlay-color":"","overlay-opacity":"","overlay-gradient":""}},"ast-content-background-meta":{"desktop":{"background-color":"var(--ast-global-color-5)","background-image":"","background-repeat":"repeat","background-position":"center center","background-size":"auto","background-attachment":"scroll","background-type":"","background-media":"","overlay-type":"","overlay-color":"","overlay-opacity":"","overlay-gradient":""},"tablet":{"background-color":"var(--ast-global-color-5)","background-image":"","background-repeat":"repeat","background-position":"center center","background-size":"auto","background-attachment":"scroll","background-type":"","background-media":"","overlay-type":"","overlay-color":"","overlay-opacity":"","overlay-gradient":""},"mobile":{"background-color":"var(--ast-global-color-5)","background-image":"","background-repeat":"repeat","background-position":"center center","background-size":"auto","background-attachment":"scroll","background-type":"","background-media":"","overlay-type":"","overlay-color":"","overlay-opacity":"","overlay-gradient":""}}},"product_brand":[],"product_cat":[27],"product_tag":[],"class_list":{"0":"post-2419","1":"product","2":"type-product","3":"status-publish","4":"has-post-thumbnail","6":"product_cat-stainless-steel-wire-mesh","7":"desktop-align-left","8":"tablet-align-left","9":"mobile-align-left","11":"first","12":"instock","13":"shipping-taxable","14":"product-type-simple"},"yoast_head":"<!-- This site is optimized with the Yoast SEO Premium plugin v24.9 (Yoast SEO v26.8) - https:\/\/yoast.com\/product\/yoast-seo-premium-wordpress\/ -->\n<title>Stainless Steel Wire - Yunming Metal - Stainless Steel Manufacturer &amp; Supplier<\/title>\n<meta name=\"robots\" content=\"index, follow, max-snippet:-1, max-image-preview:large, max-video-preview:-1\" \/>\n<link rel=\"canonical\" href=\"https:\/\/yunming-metal.com\/es\/producto\/alambre-de-acero-inoxidable\/\" \/>\n<meta property=\"og:locale\" content=\"es_ES\" \/>\n<meta property=\"og:type\" content=\"article\" \/>\n<meta property=\"og:title\" content=\"Stainless Steel Wire\" \/>\n<meta property=\"og:description\" content=\"Product Description Steel Grade 201\u3001202\u3001 301 \u3001 302 \u3001 304 \u3001 304L \u3001 316 \u3001 316L \u3001 310 \u3001 310S \u3001 321 410, 410L, 420, 430, 436, 436L Tolerance +\/- 1% Standard AiSi, ASTM, BS, DIN, GB, JIS Section Shape Wire Material Stainless Steel Processing Service Welding Cutting Bending Length according to customer&#8217;s requirements Outside [&hellip;]\" \/>\n<meta property=\"og:url\" content=\"https:\/\/yunming-metal.com\/es\/producto\/alambre-de-acero-inoxidable\/\" \/>\n<meta property=\"og:site_name\" content=\"Yunming Metal - Stainless Steel Manufacturer &amp; Supplier\" \/>\n<meta property=\"article:publisher\" content=\"https:\/\/www.facebook.com\/YunmingMetal\" \/>\n<meta property=\"og:image\" content=\"https:\/\/yunming-metal.com\/wp-content\/uploads\/2024\/10\/10001-72.jpg\" \/>\n\t<meta property=\"og:image:width\" content=\"800\" \/>\n\t<meta property=\"og:image:height\" content=\"800\" \/>\n\t<meta property=\"og:image:type\" content=\"image\/jpeg\" \/>\n<meta name=\"twitter:card\" content=\"summary_large_image\" \/>\n<meta name=\"twitter:site\" content=\"@fan_yunmimetal\" \/>\n<script type=\"application\/ld+json\" class=\"yoast-schema-graph\">{\"@context\":\"https:\/\/schema.org\",\"@graph\":[{\"@type\":\"WebPage\",\"@id\":\"https:\/\/yunming-metal.com\/product\/stainless-steel-wire\/\",\"url\":\"https:\/\/yunming-metal.com\/product\/stainless-steel-wire\/\",\"name\":\"Stainless Steel Wire - Yunming Metal - Stainless Steel Manufacturer &amp; Supplier\",\"isPartOf\":{\"@id\":\"https:\/\/yunming-metal.com\/#website\"},\"primaryImageOfPage\":{\"@id\":\"https:\/\/yunming-metal.com\/product\/stainless-steel-wire\/#primaryimage\"},\"image\":{\"@id\":\"https:\/\/yunming-metal.com\/product\/stainless-steel-wire\/#primaryimage\"},\"thumbnailUrl\":\"https:\/\/yunming-metal.com\/wp-content\/uploads\/2024\/10\/10001-72.jpg\",\"datePublished\":\"2024-10-26T16:12:27+00:00\",\"breadcrumb\":{\"@id\":\"https:\/\/yunming-metal.com\/product\/stainless-steel-wire\/#breadcrumb\"},\"inLanguage\":\"es\",\"potentialAction\":[{\"@type\":\"ReadAction\",\"target\":[\"https:\/\/yunming-metal.com\/product\/stainless-steel-wire\/\"]}]},{\"@type\":\"ImageObject\",\"inLanguage\":\"es\",\"@id\":\"https:\/\/yunming-metal.com\/product\/stainless-steel-wire\/#primaryimage\",\"url\":\"https:\/\/yunming-metal.com\/wp-content\/uploads\/2024\/10\/10001-72.jpg\",\"contentUrl\":\"https:\/\/yunming-metal.com\/wp-content\/uploads\/2024\/10\/10001-72.jpg\",\"width\":800,\"height\":800},{\"@type\":\"BreadcrumbList\",\"@id\":\"https:\/\/yunming-metal.com\/product\/stainless-steel-wire\/#breadcrumb\",\"itemListElement\":[{\"@type\":\"ListItem\",\"position\":1,\"name\":\"\u9996\u9875\",\"item\":\"https:\/\/yunming-metal.com\/\"},{\"@type\":\"ListItem\",\"position\":2,\"name\":\"Products\",\"item\":\"https:\/\/yunming-metal.com\/shop\/\"},{\"@type\":\"ListItem\",\"position\":3,\"name\":\"Stainless Steel Wire\"}]},{\"@type\":\"WebSite\",\"@id\":\"https:\/\/yunming-metal.com\/#website\",\"url\":\"https:\/\/yunming-metal.com\/\",\"name\":\"yunming-metal.com\",\"description\":\"High-Quality Stainless Steel Pipes, Plates &amp; Flanges\",\"publisher\":{\"@id\":\"https:\/\/yunming-metal.com\/#organization\"},\"potentialAction\":[{\"@type\":\"SearchAction\",\"target\":{\"@type\":\"EntryPoint\",\"urlTemplate\":\"https:\/\/yunming-metal.com\/?s={search_term_string}\"},\"query-input\":{\"@type\":\"PropertyValueSpecification\",\"valueRequired\":true,\"valueName\":\"search_term_string\"}}],\"inLanguage\":\"es\"},{\"@type\":\"Organization\",\"@id\":\"https:\/\/yunming-metal.com\/#organization\",\"name\":\"Yunming MetalY\",\"alternateName\":\"Yunming Stainless Steel\",\"url\":\"https:\/\/yunming-metal.com\/\",\"logo\":{\"@type\":\"ImageObject\",\"inLanguage\":\"es\",\"@id\":\"https:\/\/yunming-metal.com\/#\/schema\/logo\/image\/\",\"url\":\"https:\/\/yunming-metal.com\/wp-content\/uploads\/2025\/04\/yunming-metal-logo-featuring-a-minimalist-am-design-representing.png\",\"contentUrl\":\"https:\/\/yunming-metal.com\/wp-content\/uploads\/2025\/04\/yunming-metal-logo-featuring-a-minimalist-am-design-representing.png\",\"width\":300,\"height\":300,\"caption\":\"Yunming MetalY\"},\"image\":{\"@id\":\"https:\/\/yunming-metal.com\/#\/schema\/logo\/image\/\"},\"sameAs\":[\"https:\/\/www.facebook.com\/YunmingMetal\",\"https:\/\/x.com\/fan_yunmimetal\",\"https:\/\/www.linkedin.com\/company\/yunming-metal\/\",\"https:\/\/www.instagram.com\/nora_jiang8\/\",\"https:\/\/www.youtube.com\/@yunmingmetal1\",\"https:\/\/www.tiktok.com\/@yunming_metal\"]}]}<\/script>\n<!-- \/ Yoast SEO Premium plugin. -->","yoast_head_json":{"title":"Stainless Steel Wire - Yunming Metal - Stainless Steel Manufacturer &amp; Supplier","robots":{"index":"index","follow":"follow","max-snippet":"max-snippet:-1","max-image-preview":"max-image-preview:large","max-video-preview":"max-video-preview:-1"},"canonical":"https:\/\/yunming-metal.com\/es\/producto\/alambre-de-acero-inoxidable\/","og_locale":"es_ES","og_type":"article","og_title":"Stainless Steel Wire","og_description":"Product Description Steel Grade 201\u3001202\u3001 301 \u3001 302 \u3001 304 \u3001 304L \u3001 316 \u3001 316L \u3001 310 \u3001 310S \u3001 321 410, 410L, 420, 430, 436, 436L Tolerance +\/- 1% Standard AiSi, ASTM, BS, DIN, GB, JIS Section Shape Wire Material Stainless Steel Processing Service Welding Cutting Bending Length according to customer&#8217;s requirements Outside [&hellip;]","og_url":"https:\/\/yunming-metal.com\/es\/producto\/alambre-de-acero-inoxidable\/","og_site_name":"Yunming Metal - Stainless Steel Manufacturer &amp; Supplier","article_publisher":"https:\/\/www.facebook.com\/YunmingMetal","og_image":[{"width":800,"height":800,"url":"https:\/\/yunming-metal.com\/wp-content\/uploads\/2024\/10\/10001-72.jpg","type":"image\/jpeg"}],"twitter_card":"summary_large_image","twitter_site":"@fan_yunmimetal","schema":{"@context":"https:\/\/schema.org","@graph":[{"@type":"WebPage","@id":"https:\/\/yunming-metal.com\/product\/stainless-steel-wire\/","url":"https:\/\/yunming-metal.com\/product\/stainless-steel-wire\/","name":"Stainless Steel Wire - Yunming Metal - Stainless Steel Manufacturer &amp; Supplier","isPartOf":{"@id":"https:\/\/yunming-metal.com\/#website"},"primaryImageOfPage":{"@id":"https:\/\/yunming-metal.com\/product\/stainless-steel-wire\/#primaryimage"},"image":{"@id":"https:\/\/yunming-metal.com\/product\/stainless-steel-wire\/#primaryimage"},"thumbnailUrl":"https:\/\/yunming-metal.com\/wp-content\/uploads\/2024\/10\/10001-72.jpg","datePublished":"2024-10-26T16:12:27+00:00","breadcrumb":{"@id":"https:\/\/yunming-metal.com\/product\/stainless-steel-wire\/#breadcrumb"},"inLanguage":"es","potentialAction":[{"@type":"ReadAction","target":["https:\/\/yunming-metal.com\/product\/stainless-steel-wire\/"]}]},{"@type":"ImageObject","inLanguage":"es","@id":"https:\/\/yunming-metal.com\/product\/stainless-steel-wire\/#primaryimage","url":"https:\/\/yunming-metal.com\/wp-content\/uploads\/2024\/10\/10001-72.jpg","contentUrl":"https:\/\/yunming-metal.com\/wp-content\/uploads\/2024\/10\/10001-72.jpg","width":800,"height":800},{"@type":"BreadcrumbList","@id":"https:\/\/yunming-metal.com\/product\/stainless-steel-wire\/#breadcrumb","itemListElement":[{"@type":"ListItem","position":1,"name":"\u9996\u9875","item":"https:\/\/yunming-metal.com\/"},{"@type":"ListItem","position":2,"name":"Products","item":"https:\/\/yunming-metal.com\/shop\/"},{"@type":"ListItem","position":3,"name":"Stainless Steel Wire"}]},{"@type":"WebSite","@id":"https:\/\/yunming-metal.com\/#website","url":"https:\/\/yunming-metal.com\/","name":"yunming-metal.com","description":"High-Quality Stainless Steel Pipes, Plates &amp; Flanges","publisher":{"@id":"https:\/\/yunming-metal.com\/#organization"},"potentialAction":[{"@type":"SearchAction","target":{"@type":"EntryPoint","urlTemplate":"https:\/\/yunming-metal.com\/?s={search_term_string}"},"query-input":{"@type":"PropertyValueSpecification","valueRequired":true,"valueName":"search_term_string"}}],"inLanguage":"es"},{"@type":"Organization","@id":"https:\/\/yunming-metal.com\/#organization","name":"Yunming MetalY","alternateName":"Yunming Stainless Steel","url":"https:\/\/yunming-metal.com\/","logo":{"@type":"ImageObject","inLanguage":"es","@id":"https:\/\/yunming-metal.com\/#\/schema\/logo\/image\/","url":"https:\/\/yunming-metal.com\/wp-content\/uploads\/2025\/04\/yunming-metal-logo-featuring-a-minimalist-am-design-representing.png","contentUrl":"https:\/\/yunming-metal.com\/wp-content\/uploads\/2025\/04\/yunming-metal-logo-featuring-a-minimalist-am-design-representing.png","width":300,"height":300,"caption":"Yunming MetalY"},"image":{"@id":"https:\/\/yunming-metal.com\/#\/schema\/logo\/image\/"},"sameAs":["https:\/\/www.facebook.com\/YunmingMetal","https:\/\/x.com\/fan_yunmimetal","https:\/\/www.linkedin.com\/company\/yunming-metal\/","https:\/\/www.instagram.com\/nora_jiang8\/","https:\/\/www.youtube.com\/@yunmingmetal1","https:\/\/www.tiktok.com\/@yunming_metal"]}]}},"_links":{"self":[{"href":"https:\/\/yunming-metal.com\/es\/wp-json\/wp\/v2\/product\/2419","targetHints":{"allow":["GET"]}}],"collection":[{"href":"https:\/\/yunming-metal.com\/es\/wp-json\/wp\/v2\/product"}],"about":[{"href":"https:\/\/yunming-metal.com\/es\/wp-json\/wp\/v2\/types\/product"}],"replies":[{"embeddable":true,"href":"https:\/\/yunming-metal.com\/es\/wp-json\/wp\/v2\/comments?post=2419"}],"wp:featuredmedia":[{"embeddable":true,"href":"https:\/\/yunming-metal.com\/es\/wp-json\/wp\/v2\/media\/2420"}],"wp:attachment":[{"href":"https:\/\/yunming-metal.com\/es\/wp-json\/wp\/v2\/media?parent=2419"}],"wp:term":[{"taxonomy":"product_brand","embeddable":true,"href":"https:\/\/yunming-metal.com\/es\/wp-json\/wp\/v2\/product_brand?post=2419"},{"taxonomy":"product_cat","embeddable":true,"href":"https:\/\/yunming-metal.com\/es\/wp-json\/wp\/v2\/product_cat?post=2419"},{"taxonomy":"product_tag","embeddable":true,"href":"https:\/\/yunming-metal.com\/es\/wp-json\/wp\/v2\/product_tag?post=2419"}],"curies":[{"name":"wp","href":"https:\/\/api.w.org\/{rel}","templated":true}]}}