{"id":2442,"date":"2024-10-26T16:20:57","date_gmt":"2024-10-26T16:20:57","guid":{"rendered":"https:\/\/yunming-metal.com\/?post_type=product&#038;p=2442"},"modified":"2025-05-31T02:26:48","modified_gmt":"2025-05-30T18:26:48","slug":"plate-flange-pl","status":"publish","type":"product","link":"https:\/\/yunming-metal.com\/es\/producto\/placa-brida-pl\/","title":{"rendered":"Brida de chapa (PL)"},"content":{"rendered":"<h3 data-start=\"207\" data-end=\"233\"><strong data-start=\"211\" data-end=\"231\">Productos<\/strong><\/h3>\n<p data-start=\"234\" data-end=\"672\">Las bridas de placa (bridas PL) son bridas planas y circulares que se sueldan directamente a las tuber\u00edas para asegurar el sellado y la conexi\u00f3n. Con una estructura sencilla sin cubo ni cuello, se utilizan ampliamente en aplicaciones de presi\u00f3n baja a media. Las bridas de chapa de acero inoxidable son resistentes a la corrosi\u00f3n y rentables, ideales para sistemas de agua, gas, productos qu\u00edmicos y climatizaci\u00f3n. Disponibles desde DN15 hasta DN3000, cumplen las normas ANSI, EN y JIS.<\/p>\n<h3 data-start=\"674\" data-end=\"701\"><strong data-start=\"678\" data-end=\"699\">\u00c1mbitos de aplicaci\u00f3n<\/strong><\/h3>\n<ul data-start=\"702\" data-end=\"946\">\n<li data-start=\"702\" data-end=\"739\">\n<p data-start=\"704\" data-end=\"739\">Abastecimiento de agua y alcantarillado<\/p>\n<\/li>\n<li data-start=\"740\" data-end=\"774\">\n<p data-start=\"742\" data-end=\"774\">L\u00edneas de transmisi\u00f3n de petr\u00f3leo y gas<\/p>\n<\/li>\n<li data-start=\"775\" data-end=\"813\">\n<p data-start=\"777\" data-end=\"813\">Tuber\u00edas de climatizaci\u00f3n y protecci\u00f3n contra incendios<\/p>\n<\/li>\n<li data-start=\"814\" data-end=\"853\">\n<p data-start=\"816\" data-end=\"853\">Plantas qu\u00edmicas y alimentarias<\/p>\n<\/li>\n<li data-start=\"854\" data-end=\"906\">\n<p data-start=\"856\" data-end=\"906\">Redes de distribuci\u00f3n de vapor y aire a baja presi\u00f3n<\/p>\n<\/li>\n<li data-start=\"907\" data-end=\"946\">\n<p data-start=\"909\" data-end=\"946\">Construcci\u00f3n naval e instalaciones marinas<\/p>\n<\/li>\n<\/ul>\n<h3 data-start=\"948\" data-end=\"974\"><strong data-start=\"952\" data-end=\"972\">Caracter\u00edsticas del producto<\/strong><\/h3>\n<ul data-start=\"975\" data-end=\"1482\">\n<li data-start=\"975\" data-end=\"1030\">\n<p data-start=\"977\" data-end=\"1030\">El dise\u00f1o de disco plano facilita la soldadura y la alineaci\u00f3n<\/p>\n<\/li>\n<li data-start=\"1031\" data-end=\"1082\">\n<p data-start=\"1033\" data-end=\"1082\">Adecuado para tuber\u00edas de baja y media presi\u00f3n<\/p>\n<\/li>\n<li data-start=\"1083\" data-end=\"1150\">\n<p data-start=\"1085\" data-end=\"1150\">Disponible en configuraciones de cara elevada (RF) y cara plana (FF)<\/p>\n<\/li>\n<li data-start=\"1151\" data-end=\"1224\">\n<p data-start=\"1153\" data-end=\"1224\">Fabricados en acero inoxidable 304, 316L, 321, 904L, etc.<\/p>\n<\/li>\n<li data-start=\"1225\" data-end=\"1290\">\n<p data-start=\"1227\" data-end=\"1290\">Amplia compatibilidad con las normas ANSI, EN, JIS, DIN e ISO<\/p>\n<\/li>\n<li data-start=\"1291\" data-end=\"1351\">\n<p data-start=\"1293\" data-end=\"1351\">Cara de sellado y orificios para pernos mecanizados mediante CNC para un ajuste preciso<\/p>\n<\/li>\n<li data-start=\"1352\" data-end=\"1424\">\n<p data-start=\"1354\" data-end=\"1424\">F\u00e1cil de instalar y rentable para conexiones de tuber\u00edas est\u00e1ndar<\/p>\n<\/li>\n<li data-start=\"1425\" data-end=\"1482\">\n<p data-start=\"1427\" data-end=\"1482\">Taladrado y acabado superficial personalizados disponibles bajo pedido<\/p>\n<\/li>\n<\/ul>\n<h3 data-start=\"1484\" data-end=\"1516\"><strong data-start=\"1488\" data-end=\"1516\">Especificaciones t\u00e9cnicas<\/strong><\/h3>\n<div class=\"_tableContainer_16hzy_1\">\n<div class=\"_tableWrapper_16hzy_14 group flex w-fit flex-col-reverse\" tabindex=\"-1\">\n<table class=\"w-fit min-w-(--thread-content-width)\" data-start=\"1518\" data-end=\"2748\">\n<thead data-start=\"1518\" data-end=\"1619\">\n<tr data-start=\"1518\" data-end=\"1619\">\n<th data-start=\"1518\" data-end=\"1542\" data-col-size=\"sm\"><strong data-start=\"1520\" data-end=\"1533\">Par\u00e1metro<\/strong><\/th>\n<th data-start=\"1542\" data-end=\"1619\" data-col-size=\"md\"><strong data-start=\"1544\" data-end=\"1553\">Gama<\/strong><\/th>\n<\/tr>\n<\/thead>\n<tbody data-start=\"1722\" data-end=\"2748\">\n<tr data-start=\"1722\" data-end=\"1823\">\n<td data-start=\"1722\" data-end=\"1747\" data-col-size=\"sm\"><strong data-start=\"1724\" data-end=\"1745\">Tama\u00f1o nominal (DN)<\/strong><\/td>\n<td data-col-size=\"md\" data-start=\"1747\" data-end=\"1823\">DN15 - DN3000<\/td>\n<\/tr>\n<tr data-start=\"1824\" data-end=\"1927\">\n<td data-start=\"1824\" data-end=\"1852\" data-col-size=\"sm\"><strong data-start=\"1826\" data-end=\"1851\">Di\u00e1metro exterior (OD)<\/strong><\/td>\n<td data-start=\"1852\" data-end=\"1927\" data-col-size=\"md\">34 mm - 3200 mm (aprox. 1\u2075\u2044\u2081\u2086\u2033 - 126\u2033)<\/td>\n<\/tr>\n<tr data-start=\"1928\" data-end=\"2030\">\n<td data-start=\"1928\" data-end=\"1953\" data-col-size=\"sm\"><strong data-start=\"1930\" data-end=\"1947\">Espesor (T)<\/strong><\/td>\n<td data-start=\"1953\" data-end=\"2030\" data-col-size=\"md\">6 mm - 120 mm (aprox. \u00bc\u2033 - 4\u00be\u2033)<\/td>\n<\/tr>\n<tr data-start=\"2031\" data-end=\"2133\">\n<td data-start=\"2031\" data-end=\"2056\" data-col-size=\"sm\"><strong data-start=\"2033\" data-end=\"2053\">Presiones nominales<\/strong><\/td>\n<td data-start=\"2056\" data-end=\"2133\" data-col-size=\"md\">Clase 150 - Clase 2500 \/ PN6 - PN100<\/td>\n<\/tr>\n<tr data-start=\"2134\" data-end=\"2236\">\n<td data-start=\"2134\" data-end=\"2159\" data-col-size=\"sm\"><strong data-start=\"2136\" data-end=\"2155\">Grados de material<\/strong><\/td>\n<td data-start=\"2159\" data-end=\"2236\" data-col-size=\"md\">ASTM A182 F304 \/ F316 \/ F316L \/ F321 \/ 904L \/ 2205 etc.<\/td>\n<\/tr>\n<tr data-start=\"2237\" data-end=\"2339\">\n<td data-start=\"2237\" data-end=\"2262\" data-col-size=\"sm\"><strong data-start=\"2239\" data-end=\"2252\">Normas<\/strong><\/td>\n<td data-start=\"2262\" data-end=\"2339\" data-col-size=\"md\">ANSI B16.5, EN 1092-1, JIS B2220, DIN, BS, GB, ISO<\/td>\n<\/tr>\n<tr data-start=\"2340\" data-end=\"2441\">\n<td data-start=\"2340\" data-end=\"2365\" data-col-size=\"sm\"><strong data-start=\"2342\" data-end=\"2350\">Tipo<\/strong><\/td>\n<td data-col-size=\"md\" data-start=\"2365\" data-end=\"2441\">Brida de chapa (PL) - con cara plana o elevada<\/td>\n<\/tr>\n<tr data-start=\"2442\" data-end=\"2543\">\n<td data-start=\"2442\" data-end=\"2467\" data-col-size=\"sm\"><strong data-start=\"2444\" data-end=\"2463\">Tipo de conexi\u00f3n<\/strong><\/td>\n<td data-start=\"2467\" data-end=\"2543\" data-col-size=\"md\">Conexi\u00f3n de soldadura a tope al extremo del tubo<\/td>\n<\/tr>\n<tr data-start=\"2544\" data-end=\"2645\">\n<td data-start=\"2544\" data-end=\"2569\" data-col-size=\"sm\"><strong data-start=\"2546\" data-end=\"2564\">Acabado superficial<\/strong><\/td>\n<td data-start=\"2569\" data-end=\"2645\" data-col-size=\"md\">Cara mecanizada CNC, revestimiento de aceite antioxidante<\/td>\n<\/tr>\n<tr data-start=\"2646\" data-end=\"2748\">\n<td data-start=\"2646\" data-end=\"2671\" data-col-size=\"sm\"><strong data-start=\"2648\" data-end=\"2663\">Aplicaci\u00f3n<\/strong><\/td>\n<td data-col-size=\"md\" data-start=\"2671\" data-end=\"2748\">Tuber\u00edas de agua, gas, calefacci\u00f3n, ventilaci\u00f3n y aire acondicionado, productos qu\u00edmicos, protecci\u00f3n contra incendios, industria en general<\/td>\n<\/tr>\n<\/tbody>\n<\/table>\n<div class=\"sticky end-(--thread-content-margin) h-0 self-end select-none\">\n<div class=\"absolute end-0 flex items-end\"><\/div>\n<\/div>\n<\/div>\n<\/div>\n<h3 data-start=\"2750\" data-end=\"2781\"><strong data-start=\"2754\" data-end=\"2779\">Proceso de fabricaci\u00f3n<\/strong><\/h3>\n<ol data-start=\"2782\" data-end=\"3294\">\n<li data-start=\"2782\" data-end=\"2865\">\n<p data-start=\"2785\" data-end=\"2865\"><strong data-start=\"2785\" data-end=\"2809\">Preparaci\u00f3n del material<\/strong> - Chapas o palanquillas de acero inoxidable seleccionadas por grado<\/p>\n<\/li>\n<li data-start=\"2866\" data-end=\"2946\">\n<p data-start=\"2869\" data-end=\"2946\"><strong data-start=\"2869\" data-end=\"2890\">Corte y forja<\/strong> - Las piezas en bruto se cortan o se forjan con un tama\u00f1o y una forma espec\u00edficos<\/p>\n<\/li>\n<li data-start=\"2947\" data-end=\"3038\">\n<p data-start=\"2950\" data-end=\"3038\"><strong data-start=\"2950\" data-end=\"2967\">Mecanizado CNC<\/strong> - Orificios para pernos, superficie de sellado y di\u00e1metro exterior mecanizados con precisi\u00f3n<\/p>\n<\/li>\n<li data-start=\"3039\" data-end=\"3114\">\n<p data-start=\"3042\" data-end=\"3114\"><strong data-start=\"3042\" data-end=\"3063\">Tratamiento de superficies<\/strong> - Revestimiento antioxidante aplicado, pulido si es necesario<\/p>\n<\/li>\n<li data-start=\"3115\" data-end=\"3200\">\n<p data-start=\"3118\" data-end=\"3200\"><strong data-start=\"3118\" data-end=\"3132\">Inspecci\u00f3n<\/strong> - Comprobaciones dimensionales, suavidad de la superficie y cumplimiento de las normas<\/p>\n<\/li>\n<li data-start=\"3201\" data-end=\"3294\">\n<p data-start=\"3204\" data-end=\"3294\"><strong data-start=\"3204\" data-end=\"3227\">Marcado y envasado<\/strong> - Las bridas se marcan seg\u00fan la norma y se embalan de forma segura para la exportaci\u00f3n<\/p>\n<\/li>\n<\/ol>\n<h3 data-start=\"3296\" data-end=\"3307\"><strong data-start=\"3300\" data-end=\"3307\">PREGUNTAS FRECUENTES<\/strong><\/h3>\n<p data-start=\"3309\" data-end=\"3461\"><strong data-start=\"3309\" data-end=\"3366\">P1: \u00bfQu\u00e9 gama de tama\u00f1os pueden suministrar para bridas de chapa?<\/strong><br data-start=\"3366\" data-end=\"3369\" \/>R: Ofrecemos bridas de chapa de DN15 a DN3000 (aproximadamente \u00bd\u2033 a 120\u2033) con perforaci\u00f3n personalizada.<\/p>\n<p data-start=\"3463\" data-end=\"3671\"><strong data-start=\"3463\" data-end=\"3532\">P2: \u00bfSon adecuadas las bridas de chapa de acero inoxidable para alta presi\u00f3n?<\/strong><br data-start=\"3532\" data-end=\"3535\" \/>R: Las bridas de placa se utilizan principalmente para sistemas de presi\u00f3n baja a media. Para presiones m\u00e1s altas, considere los tipos de cuello de soldadura o soldadura por encastre.<\/p>\n<p data-start=\"3673\" data-end=\"3835\"><strong data-start=\"3673\" data-end=\"3744\">P3: \u00bfPueden suministrar bridas de chapa con plantillas de taladrado espec\u00edficas?<\/strong><br data-start=\"3744\" data-end=\"3747\" \/>R: S\u00ed. Ofrecemos patrones de perforaci\u00f3n y dimensiones de c\u00edrculo de pernos personalizados a petici\u00f3n del cliente.<\/p>\n<p data-start=\"3837\" data-end=\"3969\"><strong data-start=\"3837\" data-end=\"3874\">P4: \u00bfQu\u00e9 tipos de rostro ofrecen?<\/strong><br data-start=\"3874\" data-end=\"3877\" \/>R: Las opciones de cara elevada (RF) y plana (FF) est\u00e1n disponibles en funci\u00f3n de las necesidades de la aplicaci\u00f3n.<\/p>\n<p data-start=\"3971\" data-end=\"4108\"><strong data-start=\"3971\" data-end=\"4035\">P5: \u00bfSus bridas cumplen las normas internacionales?<\/strong><br data-start=\"4035\" data-end=\"4038\" \/>R: Por supuesto. Seguimos las normas de bridas ANSI, EN, JIS, DIN e ISO.<\/p>\n<p data-start=\"4110\" data-end=\"4344\"><strong data-start=\"4110\" data-end=\"4135\">\u00bfA\u00fan tiene preguntas?<\/strong><br data-start=\"4135\" data-end=\"4138\" \/>No dude en <a href=\"https:\/\/yunming-metal.com\/es\/pongase-en-contacto-con\/\">Contacto<\/a> para obtener m\u00e1s informaci\u00f3n o comentar sus necesidades de bridas de chapa de acero inoxidable personalizadas. Nuestro equipo de asistencia t\u00e9cnica est\u00e1 preparado para ayudarle con las especificaciones, las certificaciones y la entrega.<\/p>","protected":false},"excerpt":{"rendered":"<p>Yunming Metal ofrece bridas de chapa de acero inoxidable (PL) en tama\u00f1os DN15-DN3000. Rentables y f\u00e1ciles de instalar, estas bridas est\u00e1n dise\u00f1adas para tuber\u00edas de presi\u00f3n baja a media en sistemas de agua, gas, HVAC e industriales. Cumplen las normas ANSI, EN y JIS.<\/p>","protected":false},"featured_media":4762,"comment_status":"open","ping_status":"closed","template":"","meta":{"site-sidebar-layout":"default","site-content-layout":"","ast-site-content-layout":"default","site-content-style":"default","site-sidebar-style":"default","ast-global-header-display":"","ast-banner-title-visibility":"","ast-main-header-display":"","ast-hfb-above-header-display":"","ast-hfb-below-header-display":"","ast-hfb-mobile-header-display":"","site-post-title":"","ast-breadcrumbs-content":"","ast-featured-img":"","footer-sml-layout":"","theme-transparent-header-meta":"default","adv-header-id-meta":"","stick-header-meta":"","header-above-stick-meta":"","header-main-stick-meta":"","header-below-stick-meta":"","astra-migrate-meta-layouts":"set","ast-page-background-enabled":"default","ast-page-background-meta":{"desktop":{"background-color":"","background-image":"","background-repeat":"repeat","background-position":"center center","background-size":"auto","background-attachment":"scroll","background-type":"","background-media":"","overlay-type":"","overlay-color":"","overlay-opacity":"","overlay-gradient":""},"tablet":{"background-color":"","background-image":"","background-repeat":"repeat","background-position":"center center","background-size":"auto","background-attachment":"scroll","background-type":"","background-media":"","overlay-type":"","overlay-color":"","overlay-opacity":"","overlay-gradient":""},"mobile":{"background-color":"","background-image":"","background-repeat":"repeat","background-position":"center center","background-size":"auto","background-attachment":"scroll","background-type":"","background-media":"","overlay-type":"","overlay-color":"","overlay-opacity":"","overlay-gradient":""}},"ast-content-background-meta":{"desktop":{"background-color":"var(--ast-global-color-5)","background-image":"","background-repeat":"repeat","background-position":"center center","background-size":"auto","background-attachment":"scroll","background-type":"","background-media":"","overlay-type":"","overlay-color":"","overlay-opacity":"","overlay-gradient":""},"tablet":{"background-color":"var(--ast-global-color-5)","background-image":"","background-repeat":"repeat","background-position":"center center","background-size":"auto","background-attachment":"scroll","background-type":"","background-media":"","overlay-type":"","overlay-color":"","overlay-opacity":"","overlay-gradient":""},"mobile":{"background-color":"var(--ast-global-color-5)","background-image":"","background-repeat":"repeat","background-position":"center center","background-size":"auto","background-attachment":"scroll","background-type":"","background-media":"","overlay-type":"","overlay-color":"","overlay-opacity":"","overlay-gradient":""}}},"product_brand":[],"product_cat":[28],"product_tag":[],"class_list":{"0":"post-2442","1":"product","2":"type-product","3":"status-publish","4":"has-post-thumbnail","6":"product_cat-stainless-steel-flange","7":"desktop-align-left","8":"tablet-align-left","9":"mobile-align-left","11":"first","12":"instock","13":"shipping-taxable","14":"product-type-simple"},"yoast_head":"<!-- This site is optimized with the Yoast SEO Premium plugin v24.9 (Yoast SEO v26.8) - https:\/\/yoast.com\/product\/yoast-seo-premium-wordpress\/ -->\n<title>Plate Flange (PL) | Stainless Steel ANSI\/EN Standard<\/title>\n<meta name=\"description\" content=\"Stainless steel plate flanges (DN15\u2013DN3000), Class 150\u20132500. ANSI, EN, JIS compliant. Ideal for water, gas, HVAC, and industrial pipe systems.\" \/>\n<meta name=\"robots\" content=\"index, follow, max-snippet:-1, max-image-preview:large, max-video-preview:-1\" \/>\n<link rel=\"canonical\" href=\"https:\/\/yunming-metal.com\/es\/producto\/placa-brida-pl\/\" \/>\n<meta property=\"og:locale\" content=\"es_ES\" \/>\n<meta property=\"og:type\" content=\"article\" \/>\n<meta property=\"og:title\" content=\"Plate Flange (PL)\" \/>\n<meta property=\"og:description\" content=\"Stainless steel plate flanges (DN15\u2013DN3000), Class 150\u20132500. ANSI, EN, JIS compliant. Ideal for water, gas, HVAC, and industrial pipe systems.\" \/>\n<meta property=\"og:url\" content=\"https:\/\/yunming-metal.com\/es\/producto\/placa-brida-pl\/\" \/>\n<meta property=\"og:site_name\" content=\"Yunming Metal - Stainless Steel Manufacturer &amp; Supplier\" \/>\n<meta property=\"article:publisher\" content=\"https:\/\/www.facebook.com\/YunmingMetal\" \/>\n<meta property=\"article:modified_time\" content=\"2025-05-30T18:26:48+00:00\" \/>\n<meta property=\"og:image\" content=\"https:\/\/yunming-metal.com\/wp-content\/uploads\/2024\/10\/stainless-steel-plate-flange-flat-type-pl-flange.jpg\" \/>\n\t<meta property=\"og:image:width\" content=\"300\" \/>\n\t<meta property=\"og:image:height\" content=\"300\" \/>\n\t<meta property=\"og:image:type\" content=\"image\/jpeg\" \/>\n<meta name=\"twitter:card\" content=\"summary_large_image\" \/>\n<meta name=\"twitter:site\" content=\"@fan_yunmimetal\" \/>\n<meta name=\"twitter:label1\" content=\"Tiempo de lectura\" \/>\n\t<meta name=\"twitter:data1\" content=\"3 minutos\" \/>\n<script type=\"application\/ld+json\" class=\"yoast-schema-graph\">{\"@context\":\"https:\/\/schema.org\",\"@graph\":[{\"@type\":\"WebPage\",\"@id\":\"https:\/\/yunming-metal.com\/product\/plate-flange-pl\/\",\"url\":\"https:\/\/yunming-metal.com\/product\/plate-flange-pl\/\",\"name\":\"Plate Flange (PL) | Stainless Steel ANSI\/EN Standard\",\"isPartOf\":{\"@id\":\"https:\/\/yunming-metal.com\/#website\"},\"primaryImageOfPage\":{\"@id\":\"https:\/\/yunming-metal.com\/product\/plate-flange-pl\/#primaryimage\"},\"image\":{\"@id\":\"https:\/\/yunming-metal.com\/product\/plate-flange-pl\/#primaryimage\"},\"thumbnailUrl\":\"https:\/\/yunming-metal.com\/wp-content\/uploads\/2024\/10\/stainless-steel-plate-flange-flat-type-pl-flange.jpg\",\"datePublished\":\"2024-10-26T16:20:57+00:00\",\"dateModified\":\"2025-05-30T18:26:48+00:00\",\"description\":\"Stainless steel plate flanges (DN15\u2013DN3000), Class 150\u20132500. ANSI, EN, JIS compliant. Ideal for water, gas, HVAC, and industrial pipe systems.\",\"breadcrumb\":{\"@id\":\"https:\/\/yunming-metal.com\/product\/plate-flange-pl\/#breadcrumb\"},\"inLanguage\":\"es\",\"potentialAction\":[{\"@type\":\"ReadAction\",\"target\":[\"https:\/\/yunming-metal.com\/product\/plate-flange-pl\/\"]}]},{\"@type\":\"ImageObject\",\"inLanguage\":\"es\",\"@id\":\"https:\/\/yunming-metal.com\/product\/plate-flange-pl\/#primaryimage\",\"url\":\"https:\/\/yunming-metal.com\/wp-content\/uploads\/2024\/10\/stainless-steel-plate-flange-flat-type-pl-flange.jpg\",\"contentUrl\":\"https:\/\/yunming-metal.com\/wp-content\/uploads\/2024\/10\/stainless-steel-plate-flange-flat-type-pl-flange.jpg\",\"width\":300,\"height\":300,\"caption\":\"Yunming stainless steel flat plate flange with smooth face and CNC-drilled bolt holes for industrial pipeline systems\"},{\"@type\":\"BreadcrumbList\",\"@id\":\"https:\/\/yunming-metal.com\/product\/plate-flange-pl\/#breadcrumb\",\"itemListElement\":[{\"@type\":\"ListItem\",\"position\":1,\"name\":\"\u9996\u9875\",\"item\":\"https:\/\/yunming-metal.com\/\"},{\"@type\":\"ListItem\",\"position\":2,\"name\":\"Products\",\"item\":\"https:\/\/yunming-metal.com\/shop\/\"},{\"@type\":\"ListItem\",\"position\":3,\"name\":\"Plate Flange (PL)\"}]},{\"@type\":\"WebSite\",\"@id\":\"https:\/\/yunming-metal.com\/#website\",\"url\":\"https:\/\/yunming-metal.com\/\",\"name\":\"yunming-metal.com\",\"description\":\"High-Quality Stainless Steel Pipes, Plates &amp; Flanges\",\"publisher\":{\"@id\":\"https:\/\/yunming-metal.com\/#organization\"},\"potentialAction\":[{\"@type\":\"SearchAction\",\"target\":{\"@type\":\"EntryPoint\",\"urlTemplate\":\"https:\/\/yunming-metal.com\/?s={search_term_string}\"},\"query-input\":{\"@type\":\"PropertyValueSpecification\",\"valueRequired\":true,\"valueName\":\"search_term_string\"}}],\"inLanguage\":\"es\"},{\"@type\":\"Organization\",\"@id\":\"https:\/\/yunming-metal.com\/#organization\",\"name\":\"Yunming MetalY\",\"alternateName\":\"Yunming Stainless Steel\",\"url\":\"https:\/\/yunming-metal.com\/\",\"logo\":{\"@type\":\"ImageObject\",\"inLanguage\":\"es\",\"@id\":\"https:\/\/yunming-metal.com\/#\/schema\/logo\/image\/\",\"url\":\"https:\/\/yunming-metal.com\/wp-content\/uploads\/2025\/04\/yunming-metal-logo-featuring-a-minimalist-am-design-representing.png\",\"contentUrl\":\"https:\/\/yunming-metal.com\/wp-content\/uploads\/2025\/04\/yunming-metal-logo-featuring-a-minimalist-am-design-representing.png\",\"width\":300,\"height\":300,\"caption\":\"Yunming MetalY\"},\"image\":{\"@id\":\"https:\/\/yunming-metal.com\/#\/schema\/logo\/image\/\"},\"sameAs\":[\"https:\/\/www.facebook.com\/YunmingMetal\",\"https:\/\/x.com\/fan_yunmimetal\",\"https:\/\/www.linkedin.com\/company\/yunming-metal\/\",\"https:\/\/www.instagram.com\/nora_jiang8\/\",\"https:\/\/www.youtube.com\/@yunmingmetal1\",\"https:\/\/www.tiktok.com\/@yunming_metal\"]}]}<\/script>\n<!-- \/ Yoast SEO Premium plugin. -->","yoast_head_json":{"title":"Plate Flange (PL) | Stainless Steel ANSI\/EN Standard","description":"Stainless steel plate flanges (DN15\u2013DN3000), Class 150\u20132500. ANSI, EN, JIS compliant. Ideal for water, gas, HVAC, and industrial pipe systems.","robots":{"index":"index","follow":"follow","max-snippet":"max-snippet:-1","max-image-preview":"max-image-preview:large","max-video-preview":"max-video-preview:-1"},"canonical":"https:\/\/yunming-metal.com\/es\/producto\/placa-brida-pl\/","og_locale":"es_ES","og_type":"article","og_title":"Plate Flange (PL)","og_description":"Stainless steel plate flanges (DN15\u2013DN3000), Class 150\u20132500. ANSI, EN, JIS compliant. Ideal for water, gas, HVAC, and industrial pipe systems.","og_url":"https:\/\/yunming-metal.com\/es\/producto\/placa-brida-pl\/","og_site_name":"Yunming Metal - Stainless Steel Manufacturer &amp; Supplier","article_publisher":"https:\/\/www.facebook.com\/YunmingMetal","article_modified_time":"2025-05-30T18:26:48+00:00","og_image":[{"width":300,"height":300,"url":"https:\/\/yunming-metal.com\/wp-content\/uploads\/2024\/10\/stainless-steel-plate-flange-flat-type-pl-flange.jpg","type":"image\/jpeg"}],"twitter_card":"summary_large_image","twitter_site":"@fan_yunmimetal","twitter_misc":{"Tiempo de lectura":"3 minutos"},"schema":{"@context":"https:\/\/schema.org","@graph":[{"@type":"WebPage","@id":"https:\/\/yunming-metal.com\/product\/plate-flange-pl\/","url":"https:\/\/yunming-metal.com\/product\/plate-flange-pl\/","name":"Plate Flange (PL) | Stainless Steel ANSI\/EN Standard","isPartOf":{"@id":"https:\/\/yunming-metal.com\/#website"},"primaryImageOfPage":{"@id":"https:\/\/yunming-metal.com\/product\/plate-flange-pl\/#primaryimage"},"image":{"@id":"https:\/\/yunming-metal.com\/product\/plate-flange-pl\/#primaryimage"},"thumbnailUrl":"https:\/\/yunming-metal.com\/wp-content\/uploads\/2024\/10\/stainless-steel-plate-flange-flat-type-pl-flange.jpg","datePublished":"2024-10-26T16:20:57+00:00","dateModified":"2025-05-30T18:26:48+00:00","description":"Stainless steel plate flanges (DN15\u2013DN3000), Class 150\u20132500. ANSI, EN, JIS compliant. Ideal for water, gas, HVAC, and industrial pipe systems.","breadcrumb":{"@id":"https:\/\/yunming-metal.com\/product\/plate-flange-pl\/#breadcrumb"},"inLanguage":"es","potentialAction":[{"@type":"ReadAction","target":["https:\/\/yunming-metal.com\/product\/plate-flange-pl\/"]}]},{"@type":"ImageObject","inLanguage":"es","@id":"https:\/\/yunming-metal.com\/product\/plate-flange-pl\/#primaryimage","url":"https:\/\/yunming-metal.com\/wp-content\/uploads\/2024\/10\/stainless-steel-plate-flange-flat-type-pl-flange.jpg","contentUrl":"https:\/\/yunming-metal.com\/wp-content\/uploads\/2024\/10\/stainless-steel-plate-flange-flat-type-pl-flange.jpg","width":300,"height":300,"caption":"Yunming stainless steel flat plate flange with smooth face and CNC-drilled bolt holes for industrial pipeline systems"},{"@type":"BreadcrumbList","@id":"https:\/\/yunming-metal.com\/product\/plate-flange-pl\/#breadcrumb","itemListElement":[{"@type":"ListItem","position":1,"name":"\u9996\u9875","item":"https:\/\/yunming-metal.com\/"},{"@type":"ListItem","position":2,"name":"Products","item":"https:\/\/yunming-metal.com\/shop\/"},{"@type":"ListItem","position":3,"name":"Plate Flange (PL)"}]},{"@type":"WebSite","@id":"https:\/\/yunming-metal.com\/#website","url":"https:\/\/yunming-metal.com\/","name":"yunming-metal.com","description":"High-Quality Stainless Steel Pipes, Plates &amp; Flanges","publisher":{"@id":"https:\/\/yunming-metal.com\/#organization"},"potentialAction":[{"@type":"SearchAction","target":{"@type":"EntryPoint","urlTemplate":"https:\/\/yunming-metal.com\/?s={search_term_string}"},"query-input":{"@type":"PropertyValueSpecification","valueRequired":true,"valueName":"search_term_string"}}],"inLanguage":"es"},{"@type":"Organization","@id":"https:\/\/yunming-metal.com\/#organization","name":"Yunming MetalY","alternateName":"Yunming Stainless Steel","url":"https:\/\/yunming-metal.com\/","logo":{"@type":"ImageObject","inLanguage":"es","@id":"https:\/\/yunming-metal.com\/#\/schema\/logo\/image\/","url":"https:\/\/yunming-metal.com\/wp-content\/uploads\/2025\/04\/yunming-metal-logo-featuring-a-minimalist-am-design-representing.png","contentUrl":"https:\/\/yunming-metal.com\/wp-content\/uploads\/2025\/04\/yunming-metal-logo-featuring-a-minimalist-am-design-representing.png","width":300,"height":300,"caption":"Yunming MetalY"},"image":{"@id":"https:\/\/yunming-metal.com\/#\/schema\/logo\/image\/"},"sameAs":["https:\/\/www.facebook.com\/YunmingMetal","https:\/\/x.com\/fan_yunmimetal","https:\/\/www.linkedin.com\/company\/yunming-metal\/","https:\/\/www.instagram.com\/nora_jiang8\/","https:\/\/www.youtube.com\/@yunmingmetal1","https:\/\/www.tiktok.com\/@yunming_metal"]}]}},"_links":{"self":[{"href":"https:\/\/yunming-metal.com\/es\/wp-json\/wp\/v2\/product\/2442","targetHints":{"allow":["GET"]}}],"collection":[{"href":"https:\/\/yunming-metal.com\/es\/wp-json\/wp\/v2\/product"}],"about":[{"href":"https:\/\/yunming-metal.com\/es\/wp-json\/wp\/v2\/types\/product"}],"replies":[{"embeddable":true,"href":"https:\/\/yunming-metal.com\/es\/wp-json\/wp\/v2\/comments?post=2442"}],"wp:featuredmedia":[{"embeddable":true,"href":"https:\/\/yunming-metal.com\/es\/wp-json\/wp\/v2\/media\/4762"}],"wp:attachment":[{"href":"https:\/\/yunming-metal.com\/es\/wp-json\/wp\/v2\/media?parent=2442"}],"wp:term":[{"taxonomy":"product_brand","embeddable":true,"href":"https:\/\/yunming-metal.com\/es\/wp-json\/wp\/v2\/product_brand?post=2442"},{"taxonomy":"product_cat","embeddable":true,"href":"https:\/\/yunming-metal.com\/es\/wp-json\/wp\/v2\/product_cat?post=2442"},{"taxonomy":"product_tag","embeddable":true,"href":"https:\/\/yunming-metal.com\/es\/wp-json\/wp\/v2\/product_tag?post=2442"}],"curies":[{"name":"wp","href":"https:\/\/api.w.org\/{rel}","templated":true}]}}