{"id":2445,"date":"2024-10-26T16:22:37","date_gmt":"2024-10-26T16:22:37","guid":{"rendered":"https:\/\/yunming-metal.com\/?post_type=product&#038;p=2445"},"modified":"2025-05-24T00:35:31","modified_gmt":"2025-05-23T16:35:31","slug":"slip-on-flange-so","status":"publish","type":"product","link":"https:\/\/yunming-metal.com\/es\/producto\/brida-deslizante-so\/","title":{"rendered":"Brida deslizante (SO)"},"content":{"rendered":"<h3 data-start=\"109\" data-end=\"135\"><strong data-start=\"113\" data-end=\"133\">Productos<\/strong><\/h3>\n<p data-start=\"136\" data-end=\"563\">Las bridas deslizantes (bridas SO) son bridas de tuber\u00eda ampliamente utilizadas que se deslizan sobre la tuber\u00eda y se sueldan en \u00e1ngulo en su lugar. Son ideales para aplicaciones no cr\u00edticas de baja presi\u00f3n que requieren una instalaci\u00f3n y alineaci\u00f3n sencillas. Fabricadas en acero inoxidable resistente a la corrosi\u00f3n, estas bridas admiten una amplia gama de normas y tama\u00f1os, desde DN15 hasta DN3000, lo que las hace adecuadas para sistemas de tuber\u00edas est\u00e1ndar y de gran di\u00e1metro.<\/p>\n<h3 data-start=\"565\" data-end=\"592\"><strong data-start=\"569\" data-end=\"590\">\u00c1mbitos de aplicaci\u00f3n<\/strong><\/h3>\n<ul data-start=\"593\" data-end=\"810\">\n<li data-start=\"593\" data-end=\"618\">\n<p data-start=\"595\" data-end=\"618\">Oleoductos y gasoductos<\/p>\n<\/li>\n<li data-start=\"619\" data-end=\"656\">\n<p data-start=\"621\" data-end=\"656\">Plantas petroqu\u00edmicas y qu\u00edmicas<\/p>\n<\/li>\n<li data-start=\"657\" data-end=\"699\">\n<p data-start=\"659\" data-end=\"699\">Sistemas de tratamiento de agua y aguas residuales<\/p>\n<\/li>\n<li data-start=\"700\" data-end=\"735\">\n<p data-start=\"702\" data-end=\"735\">Protecci\u00f3n contra incendios y tuber\u00edas HVAC<\/p>\n<\/li>\n<li data-start=\"736\" data-end=\"773\">\n<p data-start=\"738\" data-end=\"773\">Generaci\u00f3n de energ\u00eda y construcci\u00f3n naval<\/p>\n<\/li>\n<li data-start=\"774\" data-end=\"810\">\n<p data-start=\"776\" data-end=\"810\">Proyectos de infraestructuras industriales<\/p>\n<\/li>\n<\/ul>\n<h3 data-start=\"812\" data-end=\"838\"><strong data-start=\"816\" data-end=\"836\">Caracter\u00edsticas del producto<\/strong><\/h3>\n<ul data-start=\"839\" data-end=\"1186\">\n<li data-start=\"839\" data-end=\"880\">\n<p data-start=\"841\" data-end=\"880\">Admite di\u00e1metros grandes de hasta DN3000<\/p>\n<\/li>\n<li data-start=\"881\" data-end=\"936\">\n<p data-start=\"883\" data-end=\"936\">F\u00e1cil instalaci\u00f3n con soldaduras de filete exteriores e interiores<\/p>\n<\/li>\n<li data-start=\"937\" data-end=\"994\">\n<p data-start=\"939\" data-end=\"994\">El di\u00e1metro interior liso minimiza la restricci\u00f3n del flujo y las turbulencias<\/p>\n<\/li>\n<li data-start=\"995\" data-end=\"1058\">\n<p data-start=\"997\" data-end=\"1058\">Superficie de sellado mecanizada con precisi\u00f3n para una conexi\u00f3n sin fugas<\/p>\n<\/li>\n<li data-start=\"1059\" data-end=\"1124\">\n<p data-start=\"1061\" data-end=\"1124\">Disponible en ANSI, EN, JIS y otras normas internacionales<\/p>\n<\/li>\n<li data-start=\"1125\" data-end=\"1186\">\n<p data-start=\"1127\" data-end=\"1186\">Comportamiento anticorrosi\u00f3n con los grados 304, 316L, 321, etc.<\/p>\n<\/li>\n<\/ul>\n<h3 data-start=\"1188\" data-end=\"1220\"><strong data-start=\"1192\" data-end=\"1220\">Especificaciones t\u00e9cnicas<\/strong><\/h3>\n<div class=\"_tableContainer_16hzy_1\">\n<div class=\"_tableWrapper_16hzy_14 group flex w-fit flex-col-reverse\" tabindex=\"-1\">\n<table>\n<thead>\n<tr>\n<th>Par\u00e1metro<\/th>\n<th>Especificaci\u00f3n<\/th>\n<\/tr>\n<\/thead>\n<tbody>\n<tr>\n<td><strong>Est\u00e1ndar<\/strong><\/td>\n<td>ANSI, ASME, DIN, BS, JIS, GB, ISO, etc.<\/td>\n<\/tr>\n<tr>\n<td><strong>Grados de material<\/strong><\/td>\n<td>304, 304L, 316, 316L, 321, 321H, 317, 317L, 310S, 309S, 347, 347H, 316Ti, 904L, 2205, 2507, 201, 202, 301, 302, 303, 410, 420, 430, etc.<\/td>\n<\/tr>\n<tr>\n<td><strong>Tipo<\/strong><\/td>\n<td>Brida deslizante, brida con cuello para soldar, brida ciega, brida para soldar con manguito, brida roscada, brida de uni\u00f3n solapada, brida de placa, brida plana, brida larga con cuello para soldar, etc.<\/td>\n<\/tr>\n<tr>\n<td><strong>Tipo de conexi\u00f3n<\/strong><\/td>\n<td>Cara elevada (RF), Cara plana (FF), Junta tipo anillo (RTJ), Cara de junta solapada, Macho-Hembra grande\/peque\u00f1a, Machihembrado grande\/peque\u00f1a, etc.<\/td>\n<\/tr>\n<tr>\n<td><strong>Tama\u00f1os<\/strong><\/td>\n<td>DN40 - DN3000 (aprox. 1\u00bd\u2033 - 120\u2033)<\/td>\n<\/tr>\n<tr>\n<td><strong>Presiones nominales<\/strong><\/td>\n<td>Clase 150 - 2500 \/ PN6 - PN100<\/td>\n<\/tr>\n<tr>\n<td><strong>Acabado superficial<\/strong><\/td>\n<td>Mecanizado CNC, revestimiento de aceite antioxidante, superficie de sellado lisa<\/td>\n<\/tr>\n<tr>\n<td><strong>Aplicaci\u00f3n<\/strong><\/td>\n<td>Construcci\u00f3n, petr\u00f3leo, industria qu\u00edmica, centrales el\u00e9ctricas, construcci\u00f3n naval, metalurgia, fabricaci\u00f3n de papel, suministro de agua y alcantarillado, calefacci\u00f3n, ventilaci\u00f3n y aire acondicionado, sistemas el\u00e9ctricos, industria ligera y pesada, fontaner\u00eda, etc.<\/td>\n<\/tr>\n<\/tbody>\n<\/table>\n<\/div>\n<\/div>\n<h3 data-start=\"1897\" data-end=\"1928\"><strong data-start=\"1901\" data-end=\"1926\">Proceso de fabricaci\u00f3n<\/strong><\/h3>\n<ol data-start=\"1929\" data-end=\"2468\">\n<li data-start=\"1929\" data-end=\"2028\">\n<p data-start=\"1932\" data-end=\"2028\"><strong data-start=\"1932\" data-end=\"1960\">Preparaci\u00f3n de la materia prima<\/strong> - Se seleccionan tochos o chapas de acero inoxidable y se cortan a medida.<\/p>\n<\/li>\n<li data-start=\"2029\" data-end=\"2121\">\n<p data-start=\"2032\" data-end=\"2121\"><strong data-start=\"2032\" data-end=\"2054\">Forja o laminado<\/strong> - Las bridas en bruto se conforman mediante procesos de forja o laminado.<\/p>\n<\/li>\n<li data-start=\"2122\" data-end=\"2209\">\n<p data-start=\"2125\" data-end=\"2209\"><strong data-start=\"2125\" data-end=\"2143\">Tratamiento t\u00e9rmico<\/strong> - Se aplica para aliviar tensiones y mejorar las propiedades mec\u00e1nicas.<\/p>\n<\/li>\n<li data-start=\"2210\" data-end=\"2298\">\n<p data-start=\"2213\" data-end=\"2298\"><strong data-start=\"2213\" data-end=\"2230\">Mecanizado CNC<\/strong> - Las caras, los orificios de los tornillos y las superficies de sellado est\u00e1n mecanizados con precisi\u00f3n.<\/p>\n<\/li>\n<li data-start=\"2299\" data-end=\"2382\">\n<p data-start=\"2302\" data-end=\"2382\"><strong data-start=\"2302\" data-end=\"2316\">Inspecci\u00f3n<\/strong> - Comprobaciones dimensionales, pruebas de presi\u00f3n y evaluaci\u00f3n de superficies.<\/p>\n<\/li>\n<li data-start=\"2383\" data-end=\"2468\">\n<p data-start=\"2386\" data-end=\"2468\"><strong data-start=\"2386\" data-end=\"2409\">Marcado y envasado<\/strong> - Cada brida se estampa seg\u00fan norma y se embala de forma segura.<\/p>\n<\/li>\n<\/ol>\n<h3 data-start=\"2470\" data-end=\"2481\"><strong data-start=\"2474\" data-end=\"2481\">PREGUNTAS FRECUENTES<\/strong><\/h3>\n<p data-start=\"2483\" data-end=\"2604\"><strong data-start=\"2483\" data-end=\"2532\">P1: \u00bfCu\u00e1l es el tama\u00f1o m\u00e1ximo que pueden producir?<\/strong><br data-start=\"2532\" data-end=\"2535\" \/>R: Podemos fabricar bridas deslizantes hasta DN3000 (aproximadamente 126\u2033 de di\u00e1metro exterior).<\/p>\n<p data-start=\"2606\" data-end=\"2784\"><strong data-start=\"2606\" data-end=\"2690\">P2: \u00bfPueden suministrar bridas con normas de perforaci\u00f3n espec\u00edficas como ANSI o EN1092?<\/strong><br data-start=\"2690\" data-end=\"2693\" \/>R: S\u00ed, ofrecemos varias normas internacionales, como ANSI B16.5, EN 1092-1 y JIS.<\/p>\n<p data-start=\"2786\" data-end=\"2943\"><strong data-start=\"2786\" data-end=\"2850\">P3: \u00bfQu\u00e9 materiales hay disponibles para entornos corrosivos?<\/strong><br data-start=\"2850\" data-end=\"2853\" \/>R: Ofrecemos aceros inoxidables 304, 316L, 321 y d\u00faplex para mejorar la resistencia a la corrosi\u00f3n.<\/p>\n<p data-start=\"2945\" data-end=\"3109\"><strong data-start=\"2945\" data-end=\"3023\">P4: \u00bfProporcionan informes de inspecci\u00f3n de f\u00e1brica o certificados de terceros?<\/strong><br data-start=\"3023\" data-end=\"3026\" \/>R: S\u00ed, los MTC EN 10204 3.1\/3.2 y las inspecciones de terceros est\u00e1n disponibles previa solicitud.<\/p>\n<p data-start=\"3111\" data-end=\"3247\"><strong data-start=\"3111\" data-end=\"3168\">P5: \u00bfCu\u00e1l es el plazo de entrega de las bridas de gran di\u00e1metro?<\/strong><br data-start=\"3168\" data-end=\"3171\" \/>R: El plazo de entrega est\u00e1ndar es de 20-35 d\u00edas. Los pedidos urgentes o al por mayor pueden agilizarse.<\/p>\n<p data-start=\"3270\" data-end=\"3502\">\u00bfA\u00fan tiene preguntas?<br data-start=\"3291\" data-end=\"3294\" \/>No dude en <a href=\"https:\/\/yunming-metal.com\/es\/pongase-en-contacto-con\/\">Contacto<\/a> para obtener m\u00e1s informaci\u00f3n o comentar sus necesidades de bridas deslizantes de acero inoxidable personalizadas. Nuestro equipo de asistencia t\u00e9cnica est\u00e1 listo para ayudarle con las especificaciones, certificaciones y entrega.<\/p>","protected":false},"excerpt":{"rendered":"<p>Yunming Metal ofrece bridas deslizantes de acero inoxidable (bridas SO) para sistemas de tuber\u00edas que requieren una alineaci\u00f3n f\u00e1cil y una instalaci\u00f3n rentable. Fabricado en 304\/316L\/321, el apoyo a las normas ANSI, EN y JIS, ideal para petr\u00f3leo y gas, agua y tuber\u00edas industriales.<\/p>","protected":false},"featured_media":4752,"comment_status":"open","ping_status":"closed","template":"","meta":{"site-sidebar-layout":"default","site-content-layout":"","ast-site-content-layout":"default","site-content-style":"default","site-sidebar-style":"default","ast-global-header-display":"","ast-banner-title-visibility":"","ast-main-header-display":"","ast-hfb-above-header-display":"","ast-hfb-below-header-display":"","ast-hfb-mobile-header-display":"","site-post-title":"","ast-breadcrumbs-content":"","ast-featured-img":"","footer-sml-layout":"","theme-transparent-header-meta":"default","adv-header-id-meta":"","stick-header-meta":"","header-above-stick-meta":"","header-main-stick-meta":"","header-below-stick-meta":"","astra-migrate-meta-layouts":"set","ast-page-background-enabled":"default","ast-page-background-meta":{"desktop":{"background-color":"","background-image":"","background-repeat":"repeat","background-position":"center center","background-size":"auto","background-attachment":"scroll","background-type":"","background-media":"","overlay-type":"","overlay-color":"","overlay-opacity":"","overlay-gradient":""},"tablet":{"background-color":"","background-image":"","background-repeat":"repeat","background-position":"center center","background-size":"auto","background-attachment":"scroll","background-type":"","background-media":"","overlay-type":"","overlay-color":"","overlay-opacity":"","overlay-gradient":""},"mobile":{"background-color":"","background-image":"","background-repeat":"repeat","background-position":"center center","background-size":"auto","background-attachment":"scroll","background-type":"","background-media":"","overlay-type":"","overlay-color":"","overlay-opacity":"","overlay-gradient":""}},"ast-content-background-meta":{"desktop":{"background-color":"var(--ast-global-color-5)","background-image":"","background-repeat":"repeat","background-position":"center center","background-size":"auto","background-attachment":"scroll","background-type":"","background-media":"","overlay-type":"","overlay-color":"","overlay-opacity":"","overlay-gradient":""},"tablet":{"background-color":"var(--ast-global-color-5)","background-image":"","background-repeat":"repeat","background-position":"center center","background-size":"auto","background-attachment":"scroll","background-type":"","background-media":"","overlay-type":"","overlay-color":"","overlay-opacity":"","overlay-gradient":""},"mobile":{"background-color":"var(--ast-global-color-5)","background-image":"","background-repeat":"repeat","background-position":"center center","background-size":"auto","background-attachment":"scroll","background-type":"","background-media":"","overlay-type":"","overlay-color":"","overlay-opacity":"","overlay-gradient":""}}},"product_brand":[],"product_cat":[28],"product_tag":[],"class_list":{"0":"post-2445","1":"product","2":"type-product","3":"status-publish","4":"has-post-thumbnail","6":"product_cat-stainless-steel-flange","7":"desktop-align-left","8":"tablet-align-left","9":"mobile-align-left","11":"first","12":"instock","13":"shipping-taxable","14":"product-type-simple"},"yoast_head":"<!-- This site is optimized with the Yoast SEO Premium plugin v24.9 (Yoast SEO v26.8) - https:\/\/yoast.com\/product\/yoast-seo-premium-wordpress\/ -->\n<title>Stainless Steel Slip On Flange (SO) | DN15\u2013DN3000 ANSI\/EN<\/title>\n<meta name=\"description\" content=\"Browse stainless steel slip on flanges (DN15\u2013DN3000) in ANSI, EN, and JIS standards. Available in 304\/316L\/321 with Class 150\u20132500 pressure ratings.\" \/>\n<meta name=\"robots\" content=\"index, follow, max-snippet:-1, max-image-preview:large, max-video-preview:-1\" \/>\n<link rel=\"canonical\" href=\"https:\/\/yunming-metal.com\/es\/producto\/brida-deslizante-so\/\" \/>\n<meta property=\"og:locale\" content=\"es_ES\" \/>\n<meta property=\"og:type\" content=\"article\" \/>\n<meta property=\"og:title\" content=\"Slip On Flange (SO)\" \/>\n<meta property=\"og:description\" content=\"Browse stainless steel slip on flanges (DN15\u2013DN3000) in ANSI, EN, and JIS standards. Available in 304\/316L\/321 with Class 150\u20132500 pressure ratings.\" \/>\n<meta property=\"og:url\" content=\"https:\/\/yunming-metal.com\/es\/producto\/brida-deslizante-so\/\" \/>\n<meta property=\"og:site_name\" content=\"Yunming Metal - Stainless Steel Manufacturer &amp; Supplier\" \/>\n<meta property=\"article:publisher\" content=\"https:\/\/www.facebook.com\/YunmingMetal\" \/>\n<meta property=\"article:modified_time\" content=\"2025-05-23T16:35:31+00:00\" \/>\n<meta property=\"og:image\" content=\"https:\/\/yunming-metal.com\/wp-content\/uploads\/2024\/10\/stainless-steel-slip-on-flange-so-high-precision-cnc-machined.jpg\" \/>\n\t<meta property=\"og:image:width\" content=\"631\" \/>\n\t<meta property=\"og:image:height\" content=\"655\" \/>\n\t<meta property=\"og:image:type\" content=\"image\/jpeg\" \/>\n<meta name=\"twitter:card\" content=\"summary_large_image\" \/>\n<meta name=\"twitter:site\" content=\"@fan_yunmimetal\" \/>\n<meta name=\"twitter:label1\" content=\"Tiempo de lectura\" \/>\n\t<meta name=\"twitter:data1\" content=\"3 minutos\" \/>\n<script type=\"application\/ld+json\" class=\"yoast-schema-graph\">{\"@context\":\"https:\/\/schema.org\",\"@graph\":[{\"@type\":\"WebPage\",\"@id\":\"https:\/\/yunming-metal.com\/product\/slip-on-flange-so\/\",\"url\":\"https:\/\/yunming-metal.com\/product\/slip-on-flange-so\/\",\"name\":\"Stainless Steel Slip On Flange (SO) | DN15\u2013DN3000 ANSI\/EN\",\"isPartOf\":{\"@id\":\"https:\/\/yunming-metal.com\/#website\"},\"primaryImageOfPage\":{\"@id\":\"https:\/\/yunming-metal.com\/product\/slip-on-flange-so\/#primaryimage\"},\"image\":{\"@id\":\"https:\/\/yunming-metal.com\/product\/slip-on-flange-so\/#primaryimage\"},\"thumbnailUrl\":\"https:\/\/yunming-metal.com\/wp-content\/uploads\/2024\/10\/stainless-steel-slip-on-flange-so-high-precision-cnc-machined.jpg\",\"datePublished\":\"2024-10-26T16:22:37+00:00\",\"dateModified\":\"2025-05-23T16:35:31+00:00\",\"description\":\"Browse stainless steel slip on flanges (DN15\u2013DN3000) in ANSI, EN, and JIS standards. Available in 304\/316L\/321 with Class 150\u20132500 pressure ratings.\",\"breadcrumb\":{\"@id\":\"https:\/\/yunming-metal.com\/product\/slip-on-flange-so\/#breadcrumb\"},\"inLanguage\":\"es\",\"potentialAction\":[{\"@type\":\"ReadAction\",\"target\":[\"https:\/\/yunming-metal.com\/product\/slip-on-flange-so\/\"]}]},{\"@type\":\"ImageObject\",\"inLanguage\":\"es\",\"@id\":\"https:\/\/yunming-metal.com\/product\/slip-on-flange-so\/#primaryimage\",\"url\":\"https:\/\/yunming-metal.com\/wp-content\/uploads\/2024\/10\/stainless-steel-slip-on-flange-so-high-precision-cnc-machined.jpg\",\"contentUrl\":\"https:\/\/yunming-metal.com\/wp-content\/uploads\/2024\/10\/stainless-steel-slip-on-flange-so-high-precision-cnc-machined.jpg\",\"width\":631,\"height\":655,\"caption\":\"Yunming stainless steel slip on flange with raised face, suitable for ANSI\/EN pipelines\"},{\"@type\":\"BreadcrumbList\",\"@id\":\"https:\/\/yunming-metal.com\/product\/slip-on-flange-so\/#breadcrumb\",\"itemListElement\":[{\"@type\":\"ListItem\",\"position\":1,\"name\":\"\u9996\u9875\",\"item\":\"https:\/\/yunming-metal.com\/\"},{\"@type\":\"ListItem\",\"position\":2,\"name\":\"Products\",\"item\":\"https:\/\/yunming-metal.com\/shop\/\"},{\"@type\":\"ListItem\",\"position\":3,\"name\":\"Slip On Flange (SO)\"}]},{\"@type\":\"WebSite\",\"@id\":\"https:\/\/yunming-metal.com\/#website\",\"url\":\"https:\/\/yunming-metal.com\/\",\"name\":\"yunming-metal.com\",\"description\":\"High-Quality Stainless Steel Pipes, Plates &amp; Flanges\",\"publisher\":{\"@id\":\"https:\/\/yunming-metal.com\/#organization\"},\"potentialAction\":[{\"@type\":\"SearchAction\",\"target\":{\"@type\":\"EntryPoint\",\"urlTemplate\":\"https:\/\/yunming-metal.com\/?s={search_term_string}\"},\"query-input\":{\"@type\":\"PropertyValueSpecification\",\"valueRequired\":true,\"valueName\":\"search_term_string\"}}],\"inLanguage\":\"es\"},{\"@type\":\"Organization\",\"@id\":\"https:\/\/yunming-metal.com\/#organization\",\"name\":\"Yunming MetalY\",\"alternateName\":\"Yunming Stainless Steel\",\"url\":\"https:\/\/yunming-metal.com\/\",\"logo\":{\"@type\":\"ImageObject\",\"inLanguage\":\"es\",\"@id\":\"https:\/\/yunming-metal.com\/#\/schema\/logo\/image\/\",\"url\":\"https:\/\/yunming-metal.com\/wp-content\/uploads\/2025\/04\/yunming-metal-logo-featuring-a-minimalist-am-design-representing.png\",\"contentUrl\":\"https:\/\/yunming-metal.com\/wp-content\/uploads\/2025\/04\/yunming-metal-logo-featuring-a-minimalist-am-design-representing.png\",\"width\":300,\"height\":300,\"caption\":\"Yunming MetalY\"},\"image\":{\"@id\":\"https:\/\/yunming-metal.com\/#\/schema\/logo\/image\/\"},\"sameAs\":[\"https:\/\/www.facebook.com\/YunmingMetal\",\"https:\/\/x.com\/fan_yunmimetal\",\"https:\/\/www.linkedin.com\/company\/yunming-metal\/\",\"https:\/\/www.instagram.com\/nora_jiang8\/\",\"https:\/\/www.youtube.com\/@yunmingmetal1\",\"https:\/\/www.tiktok.com\/@yunming_metal\"]}]}<\/script>\n<!-- \/ Yoast SEO Premium plugin. -->","yoast_head_json":{"title":"Stainless Steel Slip On Flange (SO) | DN15\u2013DN3000 ANSI\/EN","description":"Browse stainless steel slip on flanges (DN15\u2013DN3000) in ANSI, EN, and JIS standards. Available in 304\/316L\/321 with Class 150\u20132500 pressure ratings.","robots":{"index":"index","follow":"follow","max-snippet":"max-snippet:-1","max-image-preview":"max-image-preview:large","max-video-preview":"max-video-preview:-1"},"canonical":"https:\/\/yunming-metal.com\/es\/producto\/brida-deslizante-so\/","og_locale":"es_ES","og_type":"article","og_title":"Slip On Flange (SO)","og_description":"Browse stainless steel slip on flanges (DN15\u2013DN3000) in ANSI, EN, and JIS standards. Available in 304\/316L\/321 with Class 150\u20132500 pressure ratings.","og_url":"https:\/\/yunming-metal.com\/es\/producto\/brida-deslizante-so\/","og_site_name":"Yunming Metal - Stainless Steel Manufacturer &amp; Supplier","article_publisher":"https:\/\/www.facebook.com\/YunmingMetal","article_modified_time":"2025-05-23T16:35:31+00:00","og_image":[{"width":631,"height":655,"url":"https:\/\/yunming-metal.com\/wp-content\/uploads\/2024\/10\/stainless-steel-slip-on-flange-so-high-precision-cnc-machined.jpg","type":"image\/jpeg"}],"twitter_card":"summary_large_image","twitter_site":"@fan_yunmimetal","twitter_misc":{"Tiempo de lectura":"3 minutos"},"schema":{"@context":"https:\/\/schema.org","@graph":[{"@type":"WebPage","@id":"https:\/\/yunming-metal.com\/product\/slip-on-flange-so\/","url":"https:\/\/yunming-metal.com\/product\/slip-on-flange-so\/","name":"Stainless Steel Slip On Flange (SO) | DN15\u2013DN3000 ANSI\/EN","isPartOf":{"@id":"https:\/\/yunming-metal.com\/#website"},"primaryImageOfPage":{"@id":"https:\/\/yunming-metal.com\/product\/slip-on-flange-so\/#primaryimage"},"image":{"@id":"https:\/\/yunming-metal.com\/product\/slip-on-flange-so\/#primaryimage"},"thumbnailUrl":"https:\/\/yunming-metal.com\/wp-content\/uploads\/2024\/10\/stainless-steel-slip-on-flange-so-high-precision-cnc-machined.jpg","datePublished":"2024-10-26T16:22:37+00:00","dateModified":"2025-05-23T16:35:31+00:00","description":"Browse stainless steel slip on flanges (DN15\u2013DN3000) in ANSI, EN, and JIS standards. Available in 304\/316L\/321 with Class 150\u20132500 pressure ratings.","breadcrumb":{"@id":"https:\/\/yunming-metal.com\/product\/slip-on-flange-so\/#breadcrumb"},"inLanguage":"es","potentialAction":[{"@type":"ReadAction","target":["https:\/\/yunming-metal.com\/product\/slip-on-flange-so\/"]}]},{"@type":"ImageObject","inLanguage":"es","@id":"https:\/\/yunming-metal.com\/product\/slip-on-flange-so\/#primaryimage","url":"https:\/\/yunming-metal.com\/wp-content\/uploads\/2024\/10\/stainless-steel-slip-on-flange-so-high-precision-cnc-machined.jpg","contentUrl":"https:\/\/yunming-metal.com\/wp-content\/uploads\/2024\/10\/stainless-steel-slip-on-flange-so-high-precision-cnc-machined.jpg","width":631,"height":655,"caption":"Yunming stainless steel slip on flange with raised face, suitable for ANSI\/EN pipelines"},{"@type":"BreadcrumbList","@id":"https:\/\/yunming-metal.com\/product\/slip-on-flange-so\/#breadcrumb","itemListElement":[{"@type":"ListItem","position":1,"name":"\u9996\u9875","item":"https:\/\/yunming-metal.com\/"},{"@type":"ListItem","position":2,"name":"Products","item":"https:\/\/yunming-metal.com\/shop\/"},{"@type":"ListItem","position":3,"name":"Slip On Flange (SO)"}]},{"@type":"WebSite","@id":"https:\/\/yunming-metal.com\/#website","url":"https:\/\/yunming-metal.com\/","name":"yunming-metal.com","description":"High-Quality Stainless Steel Pipes, Plates &amp; Flanges","publisher":{"@id":"https:\/\/yunming-metal.com\/#organization"},"potentialAction":[{"@type":"SearchAction","target":{"@type":"EntryPoint","urlTemplate":"https:\/\/yunming-metal.com\/?s={search_term_string}"},"query-input":{"@type":"PropertyValueSpecification","valueRequired":true,"valueName":"search_term_string"}}],"inLanguage":"es"},{"@type":"Organization","@id":"https:\/\/yunming-metal.com\/#organization","name":"Yunming MetalY","alternateName":"Yunming Stainless Steel","url":"https:\/\/yunming-metal.com\/","logo":{"@type":"ImageObject","inLanguage":"es","@id":"https:\/\/yunming-metal.com\/#\/schema\/logo\/image\/","url":"https:\/\/yunming-metal.com\/wp-content\/uploads\/2025\/04\/yunming-metal-logo-featuring-a-minimalist-am-design-representing.png","contentUrl":"https:\/\/yunming-metal.com\/wp-content\/uploads\/2025\/04\/yunming-metal-logo-featuring-a-minimalist-am-design-representing.png","width":300,"height":300,"caption":"Yunming MetalY"},"image":{"@id":"https:\/\/yunming-metal.com\/#\/schema\/logo\/image\/"},"sameAs":["https:\/\/www.facebook.com\/YunmingMetal","https:\/\/x.com\/fan_yunmimetal","https:\/\/www.linkedin.com\/company\/yunming-metal\/","https:\/\/www.instagram.com\/nora_jiang8\/","https:\/\/www.youtube.com\/@yunmingmetal1","https:\/\/www.tiktok.com\/@yunming_metal"]}]}},"_links":{"self":[{"href":"https:\/\/yunming-metal.com\/es\/wp-json\/wp\/v2\/product\/2445","targetHints":{"allow":["GET"]}}],"collection":[{"href":"https:\/\/yunming-metal.com\/es\/wp-json\/wp\/v2\/product"}],"about":[{"href":"https:\/\/yunming-metal.com\/es\/wp-json\/wp\/v2\/types\/product"}],"replies":[{"embeddable":true,"href":"https:\/\/yunming-metal.com\/es\/wp-json\/wp\/v2\/comments?post=2445"}],"wp:featuredmedia":[{"embeddable":true,"href":"https:\/\/yunming-metal.com\/es\/wp-json\/wp\/v2\/media\/4752"}],"wp:attachment":[{"href":"https:\/\/yunming-metal.com\/es\/wp-json\/wp\/v2\/media?parent=2445"}],"wp:term":[{"taxonomy":"product_brand","embeddable":true,"href":"https:\/\/yunming-metal.com\/es\/wp-json\/wp\/v2\/product_brand?post=2445"},{"taxonomy":"product_cat","embeddable":true,"href":"https:\/\/yunming-metal.com\/es\/wp-json\/wp\/v2\/product_cat?post=2445"},{"taxonomy":"product_tag","embeddable":true,"href":"https:\/\/yunming-metal.com\/es\/wp-json\/wp\/v2\/product_tag?post=2445"}],"curies":[{"name":"wp","href":"https:\/\/api.w.org\/{rel}","templated":true}]}}