{"id":2449,"date":"2024-10-26T16:26:30","date_gmt":"2024-10-26T16:26:30","guid":{"rendered":"https:\/\/yunming-metal.com\/?post_type=product&#038;p=2449"},"modified":"2025-05-26T00:35:45","modified_gmt":"2025-05-25T16:35:45","slug":"threaded-flange-tf","status":"publish","type":"product","link":"https:\/\/yunming-metal.com\/es\/producto\/brida-roscada-tf\/","title":{"rendered":"Brida roscada (TF)"},"content":{"rendered":"<h3 data-start=\"211\" data-end=\"237\"><strong data-start=\"215\" data-end=\"235\">Productos<\/strong><\/h3>\n<p data-start=\"238\" data-end=\"759\">Las bridas roscadas (bridas TF), tambi\u00e9n conocidas como bridas atornilladas, est\u00e1n dise\u00f1adas para conectar tuber\u00edas sin necesidad de soldadura. La brida se enrosca en la tuber\u00eda de rosca macho, por lo que resulta ideal para sistemas de baja presi\u00f3n o zonas en las que la soldadura no resulta pr\u00e1ctica. Las bridas roscadas de acero inoxidable ofrecen una excelente resistencia a la corrosi\u00f3n y facilidad de instalaci\u00f3n. Disponibles en tama\u00f1os de DN15 a DN3000, cumplen las normas ANSI, EN y JIS y se utilizan ampliamente en tuber\u00edas industriales que transportan agua, gas, vapor o productos qu\u00edmicos.<\/p>\n<h3 data-start=\"761\" data-end=\"788\"><strong data-start=\"765\" data-end=\"786\">\u00c1mbitos de aplicaci\u00f3n<\/strong><\/h3>\n<ul data-start=\"789\" data-end=\"1022\">\n<li data-start=\"789\" data-end=\"827\">\n<p data-start=\"791\" data-end=\"827\">Oleoductos y gasoductos de baja presi\u00f3n<\/p>\n<\/li>\n<li data-start=\"828\" data-end=\"855\">\n<p data-start=\"830\" data-end=\"855\">Sistemas de protecci\u00f3n contra incendios<\/p>\n<\/li>\n<li data-start=\"856\" data-end=\"894\">\n<p data-start=\"858\" data-end=\"894\">Agua de refrigeraci\u00f3n y sistemas de drenaje<\/p>\n<\/li>\n<li data-start=\"895\" data-end=\"937\">\n<p data-start=\"897\" data-end=\"937\">Tratamiento de aguas y conducciones de productos qu\u00edmicos<\/p>\n<\/li>\n<li data-start=\"938\" data-end=\"982\">\n<p data-start=\"940\" data-end=\"982\">Sistemas de vapor y l\u00edneas de distribuci\u00f3n de aire<\/p>\n<\/li>\n<li data-start=\"983\" data-end=\"1022\">\n<p data-start=\"985\" data-end=\"1022\">Redes de tuber\u00edas industriales y de fontaner\u00eda<\/p>\n<\/li>\n<\/ul>\n<h3 data-start=\"1024\" data-end=\"1050\"><strong data-start=\"1028\" data-end=\"1048\">Caracter\u00edsticas del producto<\/strong><\/h3>\n<ul data-start=\"1051\" data-end=\"1560\">\n<li data-start=\"1051\" data-end=\"1125\">\n<p data-start=\"1053\" data-end=\"1125\">No requiere soldadura: apto para entornos inflamables o explosivos<\/p>\n<\/li>\n<li data-start=\"1126\" data-end=\"1180\">\n<p data-start=\"1128\" data-end=\"1180\">Roscas internas para una conexi\u00f3n f\u00e1cil y r\u00e1pida de las tuber\u00edas<\/p>\n<\/li>\n<li data-start=\"1181\" data-end=\"1233\">\n<p data-start=\"1183\" data-end=\"1233\">Disponible en BSP, NPT o tipos de rosca personalizados<\/p>\n<\/li>\n<li data-start=\"1234\" data-end=\"1301\">\n<p data-start=\"1236\" data-end=\"1301\">Ideal para aplicaciones de di\u00e1metro peque\u00f1o y presi\u00f3n baja a moderada<\/p>\n<\/li>\n<li data-start=\"1302\" data-end=\"1372\">\n<p data-start=\"1304\" data-end=\"1372\">Las roscas y los orificios de los pernos mecanizados mediante CNC garantizan un ajuste y una estanqueidad precisos<\/p>\n<\/li>\n<li data-start=\"1373\" data-end=\"1438\">\n<p data-start=\"1375\" data-end=\"1438\">Fabricado en 304, 316L, 321, 310S, 904L y grados d\u00faplex<\/p>\n<\/li>\n<li data-start=\"1439\" data-end=\"1490\">\n<p data-start=\"1441\" data-end=\"1490\">Cara elevada o plana disponible por norma<\/p>\n<\/li>\n<li data-start=\"1491\" data-end=\"1560\">\n<p data-start=\"1493\" data-end=\"1560\">Compatible con las normas ANSI B16.5, EN 1092-1, JIS B2220 e ISO<\/p>\n<\/li>\n<\/ul>\n<h3 data-start=\"1562\" data-end=\"1594\"><strong data-start=\"1566\" data-end=\"1594\">Especificaciones t\u00e9cnicas<\/strong><\/h3>\n<div class=\"_tableContainer_16hzy_1\">\n<div class=\"_tableWrapper_16hzy_14 group flex w-fit flex-col-reverse\" tabindex=\"-1\">\n<table class=\"w-fit min-w-(--thread-content-width)\" data-start=\"1596\" data-end=\"2931\">\n<thead data-start=\"1596\" data-end=\"1697\">\n<tr data-start=\"1596\" data-end=\"1697\">\n<th data-start=\"1596\" data-end=\"1620\" data-col-size=\"sm\"><strong data-start=\"1598\" data-end=\"1611\">Par\u00e1metro<\/strong><\/th>\n<th data-start=\"1620\" data-end=\"1697\" data-col-size=\"md\"><strong data-start=\"1622\" data-end=\"1631\">Gama<\/strong><\/th>\n<\/tr>\n<\/thead>\n<tbody data-start=\"1800\" data-end=\"2931\">\n<tr data-start=\"1800\" data-end=\"1901\">\n<td data-start=\"1800\" data-end=\"1825\" data-col-size=\"sm\"><strong data-start=\"1802\" data-end=\"1823\">Tama\u00f1o nominal (DN)<\/strong><\/td>\n<td data-col-size=\"md\" data-start=\"1825\" data-end=\"1901\">DN15 - DN3000<\/td>\n<\/tr>\n<tr data-start=\"1902\" data-end=\"2005\">\n<td data-start=\"1902\" data-end=\"1930\" data-col-size=\"sm\"><strong data-start=\"1904\" data-end=\"1929\">Di\u00e1metro exterior (OD)<\/strong><\/td>\n<td data-col-size=\"md\" data-start=\"1930\" data-end=\"2005\">34 mm - 3200 mm (aprox. 1\u2075\u2044\u2081\u2086\u2033 - 126\u2033)<\/td>\n<\/tr>\n<tr data-start=\"2006\" data-end=\"2108\">\n<td data-start=\"2006\" data-end=\"2031\" data-col-size=\"sm\"><strong data-start=\"2008\" data-end=\"2025\">Espesor (T)<\/strong><\/td>\n<td data-col-size=\"md\" data-start=\"2031\" data-end=\"2108\">9 mm - 120 mm (aprox. \u00b3\u2044\u2088\u2033 - 4\u00be\u2033)<\/td>\n<\/tr>\n<tr data-start=\"2109\" data-end=\"2211\">\n<td data-start=\"2109\" data-end=\"2134\" data-col-size=\"sm\"><strong data-start=\"2111\" data-end=\"2126\">Tipo de hilo<\/strong><\/td>\n<td data-col-size=\"md\" data-start=\"2134\" data-end=\"2211\">Roscas BSP, NPT, m\u00e9tricas o personalizadas<\/td>\n<\/tr>\n<tr data-start=\"2212\" data-end=\"2314\">\n<td data-start=\"2212\" data-end=\"2237\" data-col-size=\"sm\"><strong data-start=\"2214\" data-end=\"2234\">Presiones nominales<\/strong><\/td>\n<td data-col-size=\"md\" data-start=\"2237\" data-end=\"2314\">Clase 150 - Clase 2500 \/ PN6 - PN100<\/td>\n<\/tr>\n<tr data-start=\"2315\" data-end=\"2417\">\n<td data-start=\"2315\" data-end=\"2340\" data-col-size=\"sm\"><strong data-start=\"2317\" data-end=\"2336\">Grados de material<\/strong><\/td>\n<td data-start=\"2340\" data-end=\"2417\" data-col-size=\"md\">ASTM A182 F304 \/ F316 \/ F316L \/ F321 \/ 310S \/ 904L \/ 2205 etc.<\/td>\n<\/tr>\n<tr data-start=\"2418\" data-end=\"2520\">\n<td data-start=\"2418\" data-end=\"2443\" data-col-size=\"sm\"><strong data-start=\"2420\" data-end=\"2433\">Normas<\/strong><\/td>\n<td data-col-size=\"md\" data-start=\"2443\" data-end=\"2520\">ANSI B16.5, EN 1092-1, JIS B2220, DIN, BS, ISO, etc.<\/td>\n<\/tr>\n<tr data-start=\"2521\" data-end=\"2623\">\n<td data-start=\"2521\" data-end=\"2546\" data-col-size=\"sm\"><strong data-start=\"2523\" data-end=\"2531\">Tipo<\/strong><\/td>\n<td data-col-size=\"md\" data-start=\"2546\" data-end=\"2623\">Brida roscada (TF), con cara elevada (RF) o plana (FF)<\/td>\n<\/tr>\n<tr data-start=\"2624\" data-end=\"2725\">\n<td data-start=\"2624\" data-end=\"2649\" data-col-size=\"sm\"><strong data-start=\"2626\" data-end=\"2645\">Tipo de conexi\u00f3n<\/strong><\/td>\n<td data-col-size=\"md\" data-start=\"2649\" data-end=\"2725\">Taladro roscado hembra para conexi\u00f3n roscada<\/td>\n<\/tr>\n<tr data-start=\"2726\" data-end=\"2828\">\n<td data-start=\"2726\" data-end=\"2751\" data-col-size=\"sm\"><strong data-start=\"2728\" data-end=\"2746\">Acabado superficial<\/strong><\/td>\n<td data-col-size=\"md\" data-start=\"2751\" data-end=\"2828\">Mecanizado CNC, revestimiento de aceite antioxidante<\/td>\n<\/tr>\n<tr data-start=\"2829\" data-end=\"2931\">\n<td data-start=\"2829\" data-end=\"2854\" data-col-size=\"sm\"><strong data-start=\"2831\" data-end=\"2846\">Aplicaci\u00f3n<\/strong><\/td>\n<td data-start=\"2854\" data-end=\"2931\" data-col-size=\"md\">Conexiones de tuber\u00edas no soldadas en sistemas de gas, agua, productos qu\u00edmicos y vapor<\/td>\n<\/tr>\n<\/tbody>\n<\/table>\n<div class=\"sticky end-(--thread-content-margin) h-0 self-end select-none\">\n<div class=\"absolute end-0 flex items-end\"><\/div>\n<\/div>\n<\/div>\n<\/div>\n<h3 data-start=\"2933\" data-end=\"2964\"><strong data-start=\"2937\" data-end=\"2962\">Proceso de fabricaci\u00f3n<\/strong><\/h3>\n<ol data-start=\"2965\" data-end=\"3460\">\n<li data-start=\"2965\" data-end=\"3042\">\n<p data-start=\"2968\" data-end=\"3042\"><strong data-start=\"2968\" data-end=\"2988\">Corte de material<\/strong> - Los tochos o las chapas de acero inoxidable se cortan a medida<\/p>\n<\/li>\n<li data-start=\"3043\" data-end=\"3124\">\n<p data-start=\"3046\" data-end=\"3124\"><strong data-start=\"3046\" data-end=\"3067\">Forja y moldeo<\/strong> - Las piezas en bruto se forjan o mecanizan seg\u00fan las dimensiones requeridas<\/p>\n<\/li>\n<li data-start=\"3125\" data-end=\"3205\">\n<p data-start=\"3128\" data-end=\"3205\"><strong data-start=\"3128\" data-end=\"3148\">Mecanizado de roscas<\/strong> - Las roscas internas se mecanizan mediante CNC con tolerancias estrictas<\/p>\n<\/li>\n<li data-start=\"3206\" data-end=\"3289\">\n<p data-start=\"3209\" data-end=\"3289\"><strong data-start=\"3209\" data-end=\"3239\">Acabado de agujeros y caras<\/strong> - Todas las superficies est\u00e1n mecanizadas para un sellado preciso<\/p>\n<\/li>\n<li data-start=\"3290\" data-end=\"3379\">\n<p data-start=\"3293\" data-end=\"3379\"><strong data-start=\"3293\" data-end=\"3317\">Inspecci\u00f3n y marcado<\/strong> - Se inspeccionan la profundidad de la rosca, la alineaci\u00f3n y el acabado superficial.<\/p>\n<\/li>\n<li data-start=\"3380\" data-end=\"3460\">\n<p data-start=\"3383\" data-end=\"3460\"><strong data-start=\"3383\" data-end=\"3409\">Protecci\u00f3n y embalaje<\/strong> - Tratado con aceite antioxidante y embalado para la exportaci\u00f3n<\/p>\n<\/li>\n<\/ol>\n<h3 data-start=\"3462\" data-end=\"3473\"><strong data-start=\"3466\" data-end=\"3473\">PREGUNTAS FRECUENTES<\/strong><\/h3>\n<p data-start=\"3475\" data-end=\"3636\"><strong data-start=\"3475\" data-end=\"3525\">P1: \u00bfQu\u00e9 tama\u00f1os cubren sus bridas roscadas?<\/strong><br data-start=\"3525\" data-end=\"3528\" \/>R: Producimos bridas roscadas de DN15 a DN3000 (aproximadamente \u00bd\u2033 - 120\u2033), con roscado personalizado disponible.<\/p>\n<p data-start=\"3638\" data-end=\"3802\"><strong data-start=\"3638\" data-end=\"3693\">P2: \u00bfSon adecuados para tuber\u00edas de alta presi\u00f3n?<\/strong><br data-start=\"3693\" data-end=\"3696\" \/>R: Las bridas roscadas son las mejores para sistemas de presi\u00f3n baja a moderada, especialmente cuando la soldadura est\u00e1 restringida.<\/p>\n<p data-start=\"3804\" data-end=\"3947\"><strong data-start=\"3804\" data-end=\"3849\">P3: \u00bfQu\u00e9 normas de roscado admite?<\/strong><br data-start=\"3849\" data-end=\"3852\" \/>R: Ofrecemos tipos de rosca BSP, NPT, ISO y personalizados para ajustarnos a las especificaciones regionales o del proyecto.<\/p>\n<p data-start=\"3949\" data-end=\"4102\"><strong data-start=\"3949\" data-end=\"4006\">P4: \u00bfCumplen las bridas roscadas las normas internacionales?<\/strong><br data-start=\"4006\" data-end=\"4009\" \/>R: S\u00ed. Nuestras bridas cumplen las normas ANSI B16.5, EN 1092-1, JIS B2220 y otras normas aplicables.<\/p>\n<p data-start=\"4104\" data-end=\"4255\"><strong data-start=\"4104\" data-end=\"4157\">P5: \u00bfExisten MTC e inspecciones de terceros?<\/strong><br data-start=\"4157\" data-end=\"4160\" \/>R: S\u00ed. Todos los env\u00edos pueden incluir EN 10204 3.1\/3.2 MTC e inspecci\u00f3n por terceros seg\u00fan sea necesario.<\/p>\n<p data-start=\"4257\" data-end=\"4494\"><strong data-start=\"4257\" data-end=\"4282\">\u00bfA\u00fan tiene preguntas?<\/strong><br data-start=\"4282\" data-end=\"4285\" \/>No dude en <a href=\"https:\/\/yunming-metal.com\/es\/pongase-en-contacto-con\/\">Contacto<\/a> para obtener m\u00e1s informaci\u00f3n o comentar sus necesidades de bridas roscadas de acero inoxidable personalizadas. Nuestro equipo de asistencia t\u00e9cnica est\u00e1 preparado para ayudarle con las especificaciones, las certificaciones y la entrega.<\/p>","protected":false},"excerpt":{"rendered":"<p>Yunming Metal ofrece bridas roscadas de acero inoxidable (tipo TF) en tama\u00f1os DN15-DN3000. Dise\u00f1adas para conexiones de tuber\u00edas no soldadas con roscas BSP o NPT. Adecuadas para tuber\u00edas de baja presi\u00f3n en aplicaciones de gas, vapor y productos qu\u00edmicos. Conforme a ANSI, EN y JIS. Clase 150-2500.<\/p>","protected":false},"featured_media":4760,"comment_status":"open","ping_status":"closed","template":"","meta":{"site-sidebar-layout":"default","site-content-layout":"","ast-site-content-layout":"default","site-content-style":"default","site-sidebar-style":"default","ast-global-header-display":"","ast-banner-title-visibility":"","ast-main-header-display":"","ast-hfb-above-header-display":"","ast-hfb-below-header-display":"","ast-hfb-mobile-header-display":"","site-post-title":"","ast-breadcrumbs-content":"","ast-featured-img":"","footer-sml-layout":"","theme-transparent-header-meta":"default","adv-header-id-meta":"","stick-header-meta":"","header-above-stick-meta":"","header-main-stick-meta":"","header-below-stick-meta":"","astra-migrate-meta-layouts":"set","ast-page-background-enabled":"default","ast-page-background-meta":{"desktop":{"background-color":"","background-image":"","background-repeat":"repeat","background-position":"center center","background-size":"auto","background-attachment":"scroll","background-type":"","background-media":"","overlay-type":"","overlay-color":"","overlay-opacity":"","overlay-gradient":""},"tablet":{"background-color":"","background-image":"","background-repeat":"repeat","background-position":"center center","background-size":"auto","background-attachment":"scroll","background-type":"","background-media":"","overlay-type":"","overlay-color":"","overlay-opacity":"","overlay-gradient":""},"mobile":{"background-color":"","background-image":"","background-repeat":"repeat","background-position":"center center","background-size":"auto","background-attachment":"scroll","background-type":"","background-media":"","overlay-type":"","overlay-color":"","overlay-opacity":"","overlay-gradient":""}},"ast-content-background-meta":{"desktop":{"background-color":"var(--ast-global-color-5)","background-image":"","background-repeat":"repeat","background-position":"center center","background-size":"auto","background-attachment":"scroll","background-type":"","background-media":"","overlay-type":"","overlay-color":"","overlay-opacity":"","overlay-gradient":""},"tablet":{"background-color":"var(--ast-global-color-5)","background-image":"","background-repeat":"repeat","background-position":"center center","background-size":"auto","background-attachment":"scroll","background-type":"","background-media":"","overlay-type":"","overlay-color":"","overlay-opacity":"","overlay-gradient":""},"mobile":{"background-color":"var(--ast-global-color-5)","background-image":"","background-repeat":"repeat","background-position":"center center","background-size":"auto","background-attachment":"scroll","background-type":"","background-media":"","overlay-type":"","overlay-color":"","overlay-opacity":"","overlay-gradient":""}}},"product_brand":[],"product_cat":[28],"product_tag":[],"class_list":{"0":"post-2449","1":"product","2":"type-product","3":"status-publish","4":"has-post-thumbnail","6":"product_cat-stainless-steel-flange","7":"desktop-align-left","8":"tablet-align-left","9":"mobile-align-left","11":"first","12":"instock","13":"shipping-taxable","14":"product-type-simple"},"yoast_head":"<!-- This site is optimized with the Yoast SEO Premium plugin v24.9 (Yoast SEO v26.8) - https:\/\/yoast.com\/product\/yoast-seo-premium-wordpress\/ -->\n<title>Threaded Flange (TF) | Stainless Steel ANSI\/EN Standard<\/title>\n<meta name=\"description\" content=\"Stainless steel threaded flanges (DN15\u2013DN3000) with BSP\/NPT threads. ANSI\/EN standards. Ideal for non-welded gas, steam, and water pipelines.\" \/>\n<meta name=\"robots\" content=\"index, follow, max-snippet:-1, max-image-preview:large, max-video-preview:-1\" \/>\n<link rel=\"canonical\" href=\"https:\/\/yunming-metal.com\/es\/producto\/brida-roscada-tf\/\" \/>\n<meta property=\"og:locale\" content=\"es_ES\" \/>\n<meta property=\"og:type\" content=\"article\" \/>\n<meta property=\"og:title\" content=\"Threaded Flange (TF)\" \/>\n<meta property=\"og:description\" content=\"Stainless steel threaded flanges (DN15\u2013DN3000) with BSP\/NPT threads. ANSI\/EN standards. Ideal for non-welded gas, steam, and water pipelines.\" \/>\n<meta property=\"og:url\" content=\"https:\/\/yunming-metal.com\/es\/producto\/brida-roscada-tf\/\" \/>\n<meta property=\"og:site_name\" content=\"Yunming Metal - Stainless Steel Manufacturer &amp; Supplier\" \/>\n<meta property=\"article:publisher\" content=\"https:\/\/www.facebook.com\/YunmingMetal\" \/>\n<meta property=\"article:modified_time\" content=\"2025-05-25T16:35:45+00:00\" \/>\n<meta property=\"og:image\" content=\"https:\/\/yunming-metal.com\/wp-content\/uploads\/2024\/10\/stainless-steel-threaded-flange-tf-ansi-b165-en-1092-1.jpg\" \/>\n\t<meta property=\"og:image:width\" content=\"640\" \/>\n\t<meta property=\"og:image:height\" content=\"640\" \/>\n\t<meta property=\"og:image:type\" content=\"image\/jpeg\" \/>\n<meta name=\"twitter:card\" content=\"summary_large_image\" \/>\n<meta name=\"twitter:site\" content=\"@fan_yunmimetal\" \/>\n<meta name=\"twitter:label1\" content=\"Tiempo de lectura\" \/>\n\t<meta name=\"twitter:data1\" content=\"3 minutos\" \/>\n<script type=\"application\/ld+json\" class=\"yoast-schema-graph\">{\"@context\":\"https:\/\/schema.org\",\"@graph\":[{\"@type\":\"WebPage\",\"@id\":\"https:\/\/yunming-metal.com\/product\/threaded-flange-tf\/\",\"url\":\"https:\/\/yunming-metal.com\/product\/threaded-flange-tf\/\",\"name\":\"Threaded Flange (TF) | Stainless Steel ANSI\/EN Standard\",\"isPartOf\":{\"@id\":\"https:\/\/yunming-metal.com\/#website\"},\"primaryImageOfPage\":{\"@id\":\"https:\/\/yunming-metal.com\/product\/threaded-flange-tf\/#primaryimage\"},\"image\":{\"@id\":\"https:\/\/yunming-metal.com\/product\/threaded-flange-tf\/#primaryimage\"},\"thumbnailUrl\":\"https:\/\/yunming-metal.com\/wp-content\/uploads\/2024\/10\/stainless-steel-threaded-flange-tf-ansi-b165-en-1092-1.jpg\",\"datePublished\":\"2024-10-26T16:26:30+00:00\",\"dateModified\":\"2025-05-25T16:35:45+00:00\",\"description\":\"Stainless steel threaded flanges (DN15\u2013DN3000) with BSP\/NPT threads. ANSI\/EN standards. Ideal for non-welded gas, steam, and water pipelines.\",\"breadcrumb\":{\"@id\":\"https:\/\/yunming-metal.com\/product\/threaded-flange-tf\/#breadcrumb\"},\"inLanguage\":\"es\",\"potentialAction\":[{\"@type\":\"ReadAction\",\"target\":[\"https:\/\/yunming-metal.com\/product\/threaded-flange-tf\/\"]}]},{\"@type\":\"ImageObject\",\"inLanguage\":\"es\",\"@id\":\"https:\/\/yunming-metal.com\/product\/threaded-flange-tf\/#primaryimage\",\"url\":\"https:\/\/yunming-metal.com\/wp-content\/uploads\/2024\/10\/stainless-steel-threaded-flange-tf-ansi-b165-en-1092-1.jpg\",\"contentUrl\":\"https:\/\/yunming-metal.com\/wp-content\/uploads\/2024\/10\/stainless-steel-threaded-flange-tf-ansi-b165-en-1092-1.jpg\",\"width\":640,\"height\":640,\"caption\":\"Yunming stainless steel threaded flange with female NPT thread, ideal for non-welded low-pressure pipeline connections\"},{\"@type\":\"BreadcrumbList\",\"@id\":\"https:\/\/yunming-metal.com\/product\/threaded-flange-tf\/#breadcrumb\",\"itemListElement\":[{\"@type\":\"ListItem\",\"position\":1,\"name\":\"\u9996\u9875\",\"item\":\"https:\/\/yunming-metal.com\/\"},{\"@type\":\"ListItem\",\"position\":2,\"name\":\"Products\",\"item\":\"https:\/\/yunming-metal.com\/shop\/\"},{\"@type\":\"ListItem\",\"position\":3,\"name\":\"Threaded Flange (TF)\"}]},{\"@type\":\"WebSite\",\"@id\":\"https:\/\/yunming-metal.com\/#website\",\"url\":\"https:\/\/yunming-metal.com\/\",\"name\":\"yunming-metal.com\",\"description\":\"High-Quality Stainless Steel Pipes, Plates &amp; Flanges\",\"publisher\":{\"@id\":\"https:\/\/yunming-metal.com\/#organization\"},\"potentialAction\":[{\"@type\":\"SearchAction\",\"target\":{\"@type\":\"EntryPoint\",\"urlTemplate\":\"https:\/\/yunming-metal.com\/?s={search_term_string}\"},\"query-input\":{\"@type\":\"PropertyValueSpecification\",\"valueRequired\":true,\"valueName\":\"search_term_string\"}}],\"inLanguage\":\"es\"},{\"@type\":\"Organization\",\"@id\":\"https:\/\/yunming-metal.com\/#organization\",\"name\":\"Yunming MetalY\",\"alternateName\":\"Yunming Stainless Steel\",\"url\":\"https:\/\/yunming-metal.com\/\",\"logo\":{\"@type\":\"ImageObject\",\"inLanguage\":\"es\",\"@id\":\"https:\/\/yunming-metal.com\/#\/schema\/logo\/image\/\",\"url\":\"https:\/\/yunming-metal.com\/wp-content\/uploads\/2025\/04\/yunming-metal-logo-featuring-a-minimalist-am-design-representing.png\",\"contentUrl\":\"https:\/\/yunming-metal.com\/wp-content\/uploads\/2025\/04\/yunming-metal-logo-featuring-a-minimalist-am-design-representing.png\",\"width\":300,\"height\":300,\"caption\":\"Yunming MetalY\"},\"image\":{\"@id\":\"https:\/\/yunming-metal.com\/#\/schema\/logo\/image\/\"},\"sameAs\":[\"https:\/\/www.facebook.com\/YunmingMetal\",\"https:\/\/x.com\/fan_yunmimetal\",\"https:\/\/www.linkedin.com\/company\/yunming-metal\/\",\"https:\/\/www.instagram.com\/nora_jiang8\/\",\"https:\/\/www.youtube.com\/@yunmingmetal1\",\"https:\/\/www.tiktok.com\/@yunming_metal\"]}]}<\/script>\n<!-- \/ Yoast SEO Premium plugin. -->","yoast_head_json":{"title":"Threaded Flange (TF) | Stainless Steel ANSI\/EN Standard","description":"Stainless steel threaded flanges (DN15\u2013DN3000) with BSP\/NPT threads. ANSI\/EN standards. Ideal for non-welded gas, steam, and water pipelines.","robots":{"index":"index","follow":"follow","max-snippet":"max-snippet:-1","max-image-preview":"max-image-preview:large","max-video-preview":"max-video-preview:-1"},"canonical":"https:\/\/yunming-metal.com\/es\/producto\/brida-roscada-tf\/","og_locale":"es_ES","og_type":"article","og_title":"Threaded Flange (TF)","og_description":"Stainless steel threaded flanges (DN15\u2013DN3000) with BSP\/NPT threads. ANSI\/EN standards. Ideal for non-welded gas, steam, and water pipelines.","og_url":"https:\/\/yunming-metal.com\/es\/producto\/brida-roscada-tf\/","og_site_name":"Yunming Metal - Stainless Steel Manufacturer &amp; Supplier","article_publisher":"https:\/\/www.facebook.com\/YunmingMetal","article_modified_time":"2025-05-25T16:35:45+00:00","og_image":[{"width":640,"height":640,"url":"https:\/\/yunming-metal.com\/wp-content\/uploads\/2024\/10\/stainless-steel-threaded-flange-tf-ansi-b165-en-1092-1.jpg","type":"image\/jpeg"}],"twitter_card":"summary_large_image","twitter_site":"@fan_yunmimetal","twitter_misc":{"Tiempo de lectura":"3 minutos"},"schema":{"@context":"https:\/\/schema.org","@graph":[{"@type":"WebPage","@id":"https:\/\/yunming-metal.com\/product\/threaded-flange-tf\/","url":"https:\/\/yunming-metal.com\/product\/threaded-flange-tf\/","name":"Threaded Flange (TF) | Stainless Steel ANSI\/EN Standard","isPartOf":{"@id":"https:\/\/yunming-metal.com\/#website"},"primaryImageOfPage":{"@id":"https:\/\/yunming-metal.com\/product\/threaded-flange-tf\/#primaryimage"},"image":{"@id":"https:\/\/yunming-metal.com\/product\/threaded-flange-tf\/#primaryimage"},"thumbnailUrl":"https:\/\/yunming-metal.com\/wp-content\/uploads\/2024\/10\/stainless-steel-threaded-flange-tf-ansi-b165-en-1092-1.jpg","datePublished":"2024-10-26T16:26:30+00:00","dateModified":"2025-05-25T16:35:45+00:00","description":"Stainless steel threaded flanges (DN15\u2013DN3000) with BSP\/NPT threads. ANSI\/EN standards. Ideal for non-welded gas, steam, and water pipelines.","breadcrumb":{"@id":"https:\/\/yunming-metal.com\/product\/threaded-flange-tf\/#breadcrumb"},"inLanguage":"es","potentialAction":[{"@type":"ReadAction","target":["https:\/\/yunming-metal.com\/product\/threaded-flange-tf\/"]}]},{"@type":"ImageObject","inLanguage":"es","@id":"https:\/\/yunming-metal.com\/product\/threaded-flange-tf\/#primaryimage","url":"https:\/\/yunming-metal.com\/wp-content\/uploads\/2024\/10\/stainless-steel-threaded-flange-tf-ansi-b165-en-1092-1.jpg","contentUrl":"https:\/\/yunming-metal.com\/wp-content\/uploads\/2024\/10\/stainless-steel-threaded-flange-tf-ansi-b165-en-1092-1.jpg","width":640,"height":640,"caption":"Yunming stainless steel threaded flange with female NPT thread, ideal for non-welded low-pressure pipeline connections"},{"@type":"BreadcrumbList","@id":"https:\/\/yunming-metal.com\/product\/threaded-flange-tf\/#breadcrumb","itemListElement":[{"@type":"ListItem","position":1,"name":"\u9996\u9875","item":"https:\/\/yunming-metal.com\/"},{"@type":"ListItem","position":2,"name":"Products","item":"https:\/\/yunming-metal.com\/shop\/"},{"@type":"ListItem","position":3,"name":"Threaded Flange (TF)"}]},{"@type":"WebSite","@id":"https:\/\/yunming-metal.com\/#website","url":"https:\/\/yunming-metal.com\/","name":"yunming-metal.com","description":"High-Quality Stainless Steel Pipes, Plates &amp; Flanges","publisher":{"@id":"https:\/\/yunming-metal.com\/#organization"},"potentialAction":[{"@type":"SearchAction","target":{"@type":"EntryPoint","urlTemplate":"https:\/\/yunming-metal.com\/?s={search_term_string}"},"query-input":{"@type":"PropertyValueSpecification","valueRequired":true,"valueName":"search_term_string"}}],"inLanguage":"es"},{"@type":"Organization","@id":"https:\/\/yunming-metal.com\/#organization","name":"Yunming MetalY","alternateName":"Yunming Stainless Steel","url":"https:\/\/yunming-metal.com\/","logo":{"@type":"ImageObject","inLanguage":"es","@id":"https:\/\/yunming-metal.com\/#\/schema\/logo\/image\/","url":"https:\/\/yunming-metal.com\/wp-content\/uploads\/2025\/04\/yunming-metal-logo-featuring-a-minimalist-am-design-representing.png","contentUrl":"https:\/\/yunming-metal.com\/wp-content\/uploads\/2025\/04\/yunming-metal-logo-featuring-a-minimalist-am-design-representing.png","width":300,"height":300,"caption":"Yunming MetalY"},"image":{"@id":"https:\/\/yunming-metal.com\/#\/schema\/logo\/image\/"},"sameAs":["https:\/\/www.facebook.com\/YunmingMetal","https:\/\/x.com\/fan_yunmimetal","https:\/\/www.linkedin.com\/company\/yunming-metal\/","https:\/\/www.instagram.com\/nora_jiang8\/","https:\/\/www.youtube.com\/@yunmingmetal1","https:\/\/www.tiktok.com\/@yunming_metal"]}]}},"_links":{"self":[{"href":"https:\/\/yunming-metal.com\/es\/wp-json\/wp\/v2\/product\/2449","targetHints":{"allow":["GET"]}}],"collection":[{"href":"https:\/\/yunming-metal.com\/es\/wp-json\/wp\/v2\/product"}],"about":[{"href":"https:\/\/yunming-metal.com\/es\/wp-json\/wp\/v2\/types\/product"}],"replies":[{"embeddable":true,"href":"https:\/\/yunming-metal.com\/es\/wp-json\/wp\/v2\/comments?post=2449"}],"wp:featuredmedia":[{"embeddable":true,"href":"https:\/\/yunming-metal.com\/es\/wp-json\/wp\/v2\/media\/4760"}],"wp:attachment":[{"href":"https:\/\/yunming-metal.com\/es\/wp-json\/wp\/v2\/media?parent=2449"}],"wp:term":[{"taxonomy":"product_brand","embeddable":true,"href":"https:\/\/yunming-metal.com\/es\/wp-json\/wp\/v2\/product_brand?post=2449"},{"taxonomy":"product_cat","embeddable":true,"href":"https:\/\/yunming-metal.com\/es\/wp-json\/wp\/v2\/product_cat?post=2449"},{"taxonomy":"product_tag","embeddable":true,"href":"https:\/\/yunming-metal.com\/es\/wp-json\/wp\/v2\/product_tag?post=2449"}],"curies":[{"name":"wp","href":"https:\/\/api.w.org\/{rel}","templated":true}]}}