{"id":2455,"date":"2024-10-26T16:30:57","date_gmt":"2024-10-26T16:30:57","guid":{"rendered":"https:\/\/yunming-metal.com\/?post_type=product&#038;p=2455"},"modified":"2025-05-31T20:09:42","modified_gmt":"2025-05-31T12:09:42","slug":"lap-joint-flange","status":"publish","type":"product","link":"https:\/\/yunming-metal.com\/es\/producto\/brida-de-union-solapada\/","title":{"rendered":"Brida de uni\u00f3n solapada (brida suelta)"},"content":{"rendered":"<h3 data-start=\"104\" data-end=\"130\"><strong data-start=\"108\" data-end=\"128\">Productos<\/strong><\/h3>\n<p data-start=\"131\" data-end=\"661\">Las bridas de uni\u00f3n solapada, tambi\u00e9n conocidas como bridas sueltas, est\u00e1n dise\u00f1adas para utilizarse con extremos de manguito y permiten una f\u00e1cil alineaci\u00f3n y rotaci\u00f3n despu\u00e9s de la soldadura. Dado que la brida no est\u00e1 soldada directamente a la tuber\u00eda, es especialmente adecuada para aplicaciones que requieren desmontaje, inspecci\u00f3n o alineaci\u00f3n frecuentes. Las bridas de uni\u00f3n solapada de acero inoxidable son resistentes a la corrosi\u00f3n y f\u00e1ciles de instalar, por lo que son ideales para sistemas de tuber\u00edas no cr\u00edticos y de presi\u00f3n baja a media. Disponibles en tama\u00f1os de DN15 a DN3000 y compatibles con las normas ANSI, EN y JIS.<\/p>\n<h3 data-start=\"663\" data-end=\"690\"><strong data-start=\"667\" data-end=\"688\">\u00c1mbitos de aplicaci\u00f3n<\/strong><\/h3>\n<ul data-start=\"691\" data-end=\"974\">\n<li data-start=\"691\" data-end=\"733\">\n<p data-start=\"693\" data-end=\"733\">Transformaci\u00f3n qu\u00edmica y farmac\u00e9utica<\/p>\n<\/li>\n<li data-start=\"734\" data-end=\"769\">\n<p data-start=\"736\" data-end=\"769\">Fabricaci\u00f3n de alimentos y bebidas<\/p>\n<\/li>\n<li data-start=\"770\" data-end=\"815\">\n<p data-start=\"772\" data-end=\"815\">Tratamiento de aguas y sistemas medioambientales<\/p>\n<\/li>\n<li data-start=\"816\" data-end=\"853\">\n<p data-start=\"818\" data-end=\"853\">Tuber\u00edas marinas y de construcci\u00f3n naval<\/p>\n<\/li>\n<li data-start=\"854\" data-end=\"901\">\n<p data-start=\"856\" data-end=\"901\">Boquillas del dep\u00f3sito y conexiones del intercambiador de calor<\/p>\n<\/li>\n<li data-start=\"902\" data-end=\"974\">\n<p data-start=\"904\" data-end=\"974\">Sistemas higi\u00e9nicos o de limpieza in situ (CIP) que requieren inspecciones frecuentes<\/p>\n<\/li>\n<\/ul>\n<h3 data-start=\"976\" data-end=\"1002\"><strong data-start=\"980\" data-end=\"1000\">Caracter\u00edsticas del producto<\/strong><\/h3>\n<ul data-start=\"1003\" data-end=\"1510\">\n<li data-start=\"1003\" data-end=\"1072\">\n<p data-start=\"1005\" data-end=\"1072\">Se utiliza con extremos cortos o largos para conexiones de tuber\u00edas desmontables<\/p>\n<\/li>\n<li data-start=\"1073\" data-end=\"1121\">\n<p data-start=\"1075\" data-end=\"1121\">Permite la rotaci\u00f3n libre para facilitar la alineaci\u00f3n de los pernos<\/p>\n<\/li>\n<li data-start=\"1122\" data-end=\"1192\">\n<p data-start=\"1124\" data-end=\"1192\">Ideal para uniones no soldadas en entornos corrosivos o con vibraciones<\/p>\n<\/li>\n<li data-start=\"1193\" data-end=\"1261\">\n<p data-start=\"1195\" data-end=\"1261\">Adecuado para presiones nominales de clase 150 a 2500 y PN6 a PN100<\/p>\n<\/li>\n<li data-start=\"1262\" data-end=\"1334\">\n<p data-start=\"1264\" data-end=\"1334\">Fabricado en 304, 316L, 321, 310S, 904L, d\u00faplex y otros grados<\/p>\n<\/li>\n<li data-start=\"1335\" data-end=\"1386\">\n<p data-start=\"1337\" data-end=\"1386\">Disponible en cara elevada (RF) o plana (FF)<\/p>\n<\/li>\n<li data-start=\"1387\" data-end=\"1461\">\n<p data-start=\"1389\" data-end=\"1461\">Cumple las normas ANSI B16.5, EN 1092-1, JIS B2220, DIN e ISO<\/p>\n<\/li>\n<li data-start=\"1462\" data-end=\"1510\">\n<p data-start=\"1464\" data-end=\"1510\">Superficie lisa mecanizada mediante CNC para el sellado de la junta<\/p>\n<\/li>\n<\/ul>\n<h3 data-start=\"1512\" data-end=\"1544\"><strong data-start=\"1516\" data-end=\"1544\">Especificaciones t\u00e9cnicas<\/strong><\/h3>\n<div class=\"_tableContainer_16hzy_1\">\n<div class=\"_tableWrapper_16hzy_14 group flex w-fit flex-col-reverse\" tabindex=\"-1\">\n<table class=\"w-fit min-w-(--thread-content-width)\" data-start=\"1546\" data-end=\"2881\">\n<thead data-start=\"1546\" data-end=\"1647\">\n<tr data-start=\"1546\" data-end=\"1647\">\n<th data-start=\"1546\" data-end=\"1570\" data-col-size=\"sm\"><strong data-start=\"1548\" data-end=\"1561\">Par\u00e1metro<\/strong><\/th>\n<th data-start=\"1570\" data-end=\"1647\" data-col-size=\"md\"><strong data-start=\"1572\" data-end=\"1581\">Gama<\/strong><\/th>\n<\/tr>\n<\/thead>\n<tbody data-start=\"1750\" data-end=\"2881\">\n<tr data-start=\"1750\" data-end=\"1851\">\n<td data-start=\"1750\" data-end=\"1775\" data-col-size=\"sm\"><strong data-start=\"1752\" data-end=\"1773\">Tama\u00f1o nominal (DN)<\/strong><\/td>\n<td data-start=\"1775\" data-end=\"1851\" data-col-size=\"md\">DN15 - DN3000<\/td>\n<\/tr>\n<tr data-start=\"1852\" data-end=\"1955\">\n<td data-start=\"1852\" data-end=\"1880\" data-col-size=\"sm\"><strong data-start=\"1854\" data-end=\"1879\">Di\u00e1metro exterior (OD)<\/strong><\/td>\n<td data-start=\"1880\" data-end=\"1955\" data-col-size=\"md\">34 mm - 3200 mm (aprox. 1\u2075\u2044\u2081\u2086\u2033 - 126\u2033)<\/td>\n<\/tr>\n<tr data-start=\"1956\" data-end=\"2058\">\n<td data-start=\"1956\" data-end=\"1981\" data-col-size=\"sm\"><strong data-start=\"1958\" data-end=\"1975\">Espesor (T)<\/strong><\/td>\n<td data-start=\"1981\" data-end=\"2058\" data-col-size=\"md\">9 mm - 120 mm (aprox. \u00b3\u2044\u2088\u2033 - 4\u00be\u2033)<\/td>\n<\/tr>\n<tr data-start=\"2059\" data-end=\"2161\">\n<td data-start=\"2059\" data-end=\"2084\" data-col-size=\"sm\"><strong data-start=\"2061\" data-end=\"2078\">Tipo Stub End<\/strong><\/td>\n<td data-start=\"2084\" data-end=\"2161\" data-col-size=\"md\">Manguito corto \/ Manguito largo \/ Medidas especiales<\/td>\n<\/tr>\n<tr data-start=\"2162\" data-end=\"2264\">\n<td data-start=\"2162\" data-end=\"2187\" data-col-size=\"sm\"><strong data-start=\"2164\" data-end=\"2184\">Presiones nominales<\/strong><\/td>\n<td data-start=\"2187\" data-end=\"2264\" data-col-size=\"md\">Clase 150 - Clase 2500 \/ PN6 - PN100<\/td>\n<\/tr>\n<tr data-start=\"2265\" data-end=\"2367\">\n<td data-start=\"2265\" data-end=\"2290\" data-col-size=\"sm\"><strong data-start=\"2267\" data-end=\"2286\">Grados de material<\/strong><\/td>\n<td data-start=\"2290\" data-end=\"2367\" data-col-size=\"md\">ASTM A182 F304 \/ F316 \/ F316L \/ F321 \/ 904L \/ 2205 etc.<\/td>\n<\/tr>\n<tr data-start=\"2368\" data-end=\"2470\">\n<td data-start=\"2368\" data-end=\"2393\" data-col-size=\"sm\"><strong data-start=\"2370\" data-end=\"2383\">Normas<\/strong><\/td>\n<td data-col-size=\"md\" data-start=\"2393\" data-end=\"2470\">ANSI B16.5, EN 1092-1, JIS B2220, DIN, BS, ISO<\/td>\n<\/tr>\n<tr data-start=\"2471\" data-end=\"2572\">\n<td data-start=\"2471\" data-end=\"2496\" data-col-size=\"sm\"><strong data-start=\"2473\" data-end=\"2481\">Tipo<\/strong><\/td>\n<td data-start=\"2496\" data-end=\"2572\" data-col-size=\"md\">Brida de junta solapada (brida suelta), cara RF o FF<\/td>\n<\/tr>\n<tr data-start=\"2573\" data-end=\"2675\">\n<td data-start=\"2573\" data-end=\"2598\" data-col-size=\"sm\"><strong data-start=\"2575\" data-end=\"2594\">Tipo de conexi\u00f3n<\/strong><\/td>\n<td data-start=\"2598\" data-end=\"2675\" data-col-size=\"md\">Deslizar y girar sobre el mu\u00f1\u00f3n<\/td>\n<\/tr>\n<tr data-start=\"2676\" data-end=\"2778\">\n<td data-start=\"2676\" data-end=\"2701\" data-col-size=\"sm\"><strong data-start=\"2678\" data-end=\"2696\">Acabado superficial<\/strong><\/td>\n<td data-col-size=\"md\" data-start=\"2701\" data-end=\"2778\">Mecanizado CNC, revestimiento de aceite antioxidante<\/td>\n<\/tr>\n<tr data-start=\"2779\" data-end=\"2881\">\n<td data-start=\"2779\" data-end=\"2804\" data-col-size=\"sm\"><strong data-start=\"2781\" data-end=\"2796\">Aplicaci\u00f3n<\/strong><\/td>\n<td data-start=\"2804\" data-end=\"2881\" data-col-size=\"md\">Sistemas de tuber\u00edas que requieren conexiones desmontables y ajustables<\/td>\n<\/tr>\n<\/tbody>\n<\/table>\n<div class=\"sticky end-(--thread-content-margin) h-0 self-end select-none\">\n<div class=\"absolute end-0 flex items-end\"><\/div>\n<\/div>\n<\/div>\n<\/div>\n<h3 data-start=\"2883\" data-end=\"2914\"><strong data-start=\"2887\" data-end=\"2912\">Proceso de fabricaci\u00f3n<\/strong><\/h3>\n<ol data-start=\"2915\" data-end=\"3393\">\n<li data-start=\"2915\" data-end=\"2996\">\n<p data-start=\"2918\" data-end=\"2996\"><strong data-start=\"2918\" data-end=\"2946\">Preparaci\u00f3n de la materia prima<\/strong> - Corte a medida de chapas o palanquillas de acero inoxidable<\/p>\n<\/li>\n<li data-start=\"2997\" data-end=\"3077\">\n<p data-start=\"3000\" data-end=\"3077\"><strong data-start=\"3000\" data-end=\"3024\">Forja o mecanizado<\/strong> - Formar anillos de brida mediante forja en caliente o torneado<\/p>\n<\/li>\n<li data-start=\"3078\" data-end=\"3152\">\n<p data-start=\"3081\" data-end=\"3152\"><strong data-start=\"3081\" data-end=\"3098\">Mecanizado CNC<\/strong> - Taladrar los agujeros de los tornillos, las superficies de las juntas y el agujero interior.<\/p>\n<\/li>\n<li data-start=\"3153\" data-end=\"3230\">\n<p data-start=\"3156\" data-end=\"3230\"><strong data-start=\"3156\" data-end=\"3177\">Acabado de superficies<\/strong> - Aplicar tratamiento antioxidante y pulido opcional<\/p>\n<\/li>\n<li data-start=\"3231\" data-end=\"3312\">\n<p data-start=\"3234\" data-end=\"3312\"><strong data-start=\"3234\" data-end=\"3258\">Inspecci\u00f3n y marcado<\/strong> - Comprobaci\u00f3n de dimensiones, planitud y marcado seg\u00fan norma<\/p>\n<\/li>\n<li data-start=\"3313\" data-end=\"3393\">\n<p data-start=\"3316\" data-end=\"3393\"><strong data-start=\"3316\" data-end=\"3329\">Embalaje<\/strong> - Envase con protecci\u00f3n contra la humedad para un env\u00edo internacional seguro<\/p>\n<\/li>\n<\/ol>\n<h3 data-start=\"3395\" data-end=\"3406\"><strong data-start=\"3399\" data-end=\"3406\">PREGUNTAS FRECUENTES<\/strong><\/h3>\n<p data-start=\"3408\" data-end=\"3583\"><strong data-start=\"3408\" data-end=\"3479\">P1: \u00bfCu\u00e1l es la ventaja de las bridas de uni\u00f3n solapada frente a las bridas de cuello de soldadura?<\/strong><br data-start=\"3479\" data-end=\"3482\" \/>R: No est\u00e1n soldadas al tubo, lo que permite la rotaci\u00f3n para facilitar la alineaci\u00f3n de los orificios de los pernos y el desmontaje.<\/p>\n<p data-start=\"3585\" data-end=\"3738\"><strong data-start=\"3585\" data-end=\"3636\">P2: \u00bfPueden las bridas de uni\u00f3n solapada soportar altas presiones?<\/strong><br data-start=\"3636\" data-end=\"3639\" \/>R: Se utilizan principalmente para sistemas de baja a media presi\u00f3n. Para alta presi\u00f3n, utilice los tipos de cuello de soldadura.<\/p>\n<p data-start=\"3740\" data-end=\"3857\"><strong data-start=\"3740\" data-end=\"3782\">P3: \u00bfProporcionan manguitos a juego?<\/strong><br data-start=\"3782\" data-end=\"3785\" \/>R: S\u00ed. Suministramos extremos cortos y largos adaptados a bridas de junta solapada.<\/p>\n<p data-start=\"3859\" data-end=\"4005\"><strong data-start=\"3859\" data-end=\"3906\">P4: \u00bfQu\u00e9 tama\u00f1os y normas hay disponibles?<\/strong><br data-start=\"3906\" data-end=\"3909\" \/>R: Los tama\u00f1os van de DN15 a DN3000. Las normas incluyen ANSI B16.5, EN 1092-1, JIS B2220 e ISO.<\/p>\n<p data-start=\"4007\" data-end=\"4153\"><strong data-start=\"4007\" data-end=\"4070\">P5: \u00bfQu\u00e9 materiales son adecuados para entornos corrosivos?<\/strong><br data-start=\"4070\" data-end=\"4073\" \/>R: Las calidades como 316L, 904L y d\u00faplex 2205 son ideales para aplicaciones corrosivas.<\/p>\n<p data-start=\"4267\" data-end=\"4501\"><strong data-start=\"4267\" data-end=\"4292\">\u00bfA\u00fan tiene preguntas?<\/strong><br data-start=\"4292\" data-end=\"4295\" \/>No dude en <a href=\"https:\/\/yunming-metal.com\/es\/pongase-en-contacto-con\/\">Contacto<\/a> para obtener m\u00e1s informaci\u00f3n o comentar sus necesidades de bridas sueltas de acero inoxidable personalizadas. Nuestro equipo de asistencia t\u00e9cnica est\u00e1 preparado para ayudarle con las especificaciones, certificaciones y entrega.<\/p>","protected":false},"excerpt":{"rendered":"<p>Yunming Metal suministra bridas de uni\u00f3n solapada (bridas sueltas) de acero inoxidable en tama\u00f1os DN15-DN3000. Dise\u00f1adas para sistemas de tuber\u00edas desmontables que utilizan extremos de manguito, cumplen las normas ANSI, EN y JIS y est\u00e1n disponibles en acero 304, 316L, 321 y d\u00faplex.<\/p>","protected":false},"featured_media":4767,"comment_status":"open","ping_status":"closed","template":"","meta":{"site-sidebar-layout":"default","site-content-layout":"","ast-site-content-layout":"default","site-content-style":"default","site-sidebar-style":"default","ast-global-header-display":"","ast-banner-title-visibility":"","ast-main-header-display":"","ast-hfb-above-header-display":"","ast-hfb-below-header-display":"","ast-hfb-mobile-header-display":"","site-post-title":"","ast-breadcrumbs-content":"","ast-featured-img":"","footer-sml-layout":"","theme-transparent-header-meta":"default","adv-header-id-meta":"","stick-header-meta":"","header-above-stick-meta":"","header-main-stick-meta":"","header-below-stick-meta":"","astra-migrate-meta-layouts":"set","ast-page-background-enabled":"default","ast-page-background-meta":{"desktop":{"background-color":"","background-image":"","background-repeat":"repeat","background-position":"center center","background-size":"auto","background-attachment":"scroll","background-type":"","background-media":"","overlay-type":"","overlay-color":"","overlay-opacity":"","overlay-gradient":""},"tablet":{"background-color":"","background-image":"","background-repeat":"repeat","background-position":"center center","background-size":"auto","background-attachment":"scroll","background-type":"","background-media":"","overlay-type":"","overlay-color":"","overlay-opacity":"","overlay-gradient":""},"mobile":{"background-color":"","background-image":"","background-repeat":"repeat","background-position":"center center","background-size":"auto","background-attachment":"scroll","background-type":"","background-media":"","overlay-type":"","overlay-color":"","overlay-opacity":"","overlay-gradient":""}},"ast-content-background-meta":{"desktop":{"background-color":"var(--ast-global-color-5)","background-image":"","background-repeat":"repeat","background-position":"center center","background-size":"auto","background-attachment":"scroll","background-type":"","background-media":"","overlay-type":"","overlay-color":"","overlay-opacity":"","overlay-gradient":""},"tablet":{"background-color":"var(--ast-global-color-5)","background-image":"","background-repeat":"repeat","background-position":"center center","background-size":"auto","background-attachment":"scroll","background-type":"","background-media":"","overlay-type":"","overlay-color":"","overlay-opacity":"","overlay-gradient":""},"mobile":{"background-color":"var(--ast-global-color-5)","background-image":"","background-repeat":"repeat","background-position":"center center","background-size":"auto","background-attachment":"scroll","background-type":"","background-media":"","overlay-type":"","overlay-color":"","overlay-opacity":"","overlay-gradient":""}}},"product_brand":[],"product_cat":[28],"product_tag":[],"class_list":{"0":"post-2455","1":"product","2":"type-product","3":"status-publish","4":"has-post-thumbnail","6":"product_cat-stainless-steel-flange","7":"desktop-align-left","8":"tablet-align-left","9":"mobile-align-left","11":"first","12":"instock","13":"shipping-taxable","14":"product-type-simple"},"yoast_head":"<!-- This site is optimized with the Yoast SEO Premium plugin v24.9 (Yoast SEO v26.8) - https:\/\/yoast.com\/product\/yoast-seo-premium-wordpress\/ -->\n<title>Lap Joint Flange (Loose Flange) | Stainless Steel ANSI\/EN<\/title>\n<meta name=\"description\" content=\"Stainless steel lap joint flanges (DN15\u2013DN3000) used with stub ends. ANSI, EN, JIS compliant. Detachable for easy pipe alignment and maintenance.\" \/>\n<meta name=\"robots\" content=\"index, follow, max-snippet:-1, max-image-preview:large, max-video-preview:-1\" \/>\n<link rel=\"canonical\" href=\"https:\/\/yunming-metal.com\/es\/producto\/brida-de-union-solapada\/\" \/>\n<meta property=\"og:locale\" content=\"es_ES\" \/>\n<meta property=\"og:type\" content=\"article\" \/>\n<meta property=\"og:title\" content=\"Lap Joint Flange (Loose Flange)\" \/>\n<meta property=\"og:description\" content=\"Stainless steel lap joint flanges (DN15\u2013DN3000) used with stub ends. ANSI, EN, JIS compliant. Detachable for easy pipe alignment and maintenance.\" \/>\n<meta property=\"og:url\" content=\"https:\/\/yunming-metal.com\/es\/producto\/brida-de-union-solapada\/\" \/>\n<meta property=\"og:site_name\" content=\"Yunming Metal - Stainless Steel Manufacturer &amp; Supplier\" \/>\n<meta property=\"article:publisher\" content=\"https:\/\/www.facebook.com\/YunmingMetal\" \/>\n<meta property=\"article:modified_time\" content=\"2025-05-31T12:09:42+00:00\" \/>\n<meta property=\"og:image\" content=\"https:\/\/yunming-metal.com\/wp-content\/uploads\/2024\/10\/stainless-steel-lap-joint-flange-separated-stub-end-flange-ring.png\" \/>\n\t<meta property=\"og:image:width\" content=\"1024\" \/>\n\t<meta property=\"og:image:height\" content=\"1024\" \/>\n\t<meta property=\"og:image:type\" content=\"image\/png\" \/>\n<meta name=\"twitter:card\" content=\"summary_large_image\" \/>\n<meta name=\"twitter:site\" content=\"@fan_yunmimetal\" \/>\n<meta name=\"twitter:label1\" content=\"Tiempo de lectura\" \/>\n\t<meta name=\"twitter:data1\" content=\"4 minutos\" \/>\n<script type=\"application\/ld+json\" class=\"yoast-schema-graph\">{\"@context\":\"https:\/\/schema.org\",\"@graph\":[{\"@type\":\"WebPage\",\"@id\":\"https:\/\/yunming-metal.com\/product\/lap-joint-flange\/\",\"url\":\"https:\/\/yunming-metal.com\/product\/lap-joint-flange\/\",\"name\":\"Lap Joint Flange (Loose Flange) | Stainless Steel ANSI\/EN\",\"isPartOf\":{\"@id\":\"https:\/\/yunming-metal.com\/#website\"},\"primaryImageOfPage\":{\"@id\":\"https:\/\/yunming-metal.com\/product\/lap-joint-flange\/#primaryimage\"},\"image\":{\"@id\":\"https:\/\/yunming-metal.com\/product\/lap-joint-flange\/#primaryimage\"},\"thumbnailUrl\":\"https:\/\/yunming-metal.com\/wp-content\/uploads\/2024\/10\/stainless-steel-lap-joint-flange-separated-stub-end-flange-ring.png\",\"datePublished\":\"2024-10-26T16:30:57+00:00\",\"dateModified\":\"2025-05-31T12:09:42+00:00\",\"description\":\"Stainless steel lap joint flanges (DN15\u2013DN3000) used with stub ends. ANSI, EN, JIS compliant. Detachable for easy pipe alignment and maintenance.\",\"breadcrumb\":{\"@id\":\"https:\/\/yunming-metal.com\/product\/lap-joint-flange\/#breadcrumb\"},\"inLanguage\":\"es\",\"potentialAction\":[{\"@type\":\"ReadAction\",\"target\":[\"https:\/\/yunming-metal.com\/product\/lap-joint-flange\/\"]}]},{\"@type\":\"ImageObject\",\"inLanguage\":\"es\",\"@id\":\"https:\/\/yunming-metal.com\/product\/lap-joint-flange\/#primaryimage\",\"url\":\"https:\/\/yunming-metal.com\/wp-content\/uploads\/2024\/10\/stainless-steel-lap-joint-flange-separated-stub-end-flange-ring.png\",\"contentUrl\":\"https:\/\/yunming-metal.com\/wp-content\/uploads\/2024\/10\/stainless-steel-lap-joint-flange-separated-stub-end-flange-ring.png\",\"width\":1024,\"height\":1024,\"caption\":\"Separated view of Yunming stainless steel loose flange and stub end, ideal for detachable pipeline joints\"},{\"@type\":\"BreadcrumbList\",\"@id\":\"https:\/\/yunming-metal.com\/product\/lap-joint-flange\/#breadcrumb\",\"itemListElement\":[{\"@type\":\"ListItem\",\"position\":1,\"name\":\"\u9996\u9875\",\"item\":\"https:\/\/yunming-metal.com\/\"},{\"@type\":\"ListItem\",\"position\":2,\"name\":\"Products\",\"item\":\"https:\/\/yunming-metal.com\/shop\/\"},{\"@type\":\"ListItem\",\"position\":3,\"name\":\"Lap Joint Flange (Loose Flange)\"}]},{\"@type\":\"WebSite\",\"@id\":\"https:\/\/yunming-metal.com\/#website\",\"url\":\"https:\/\/yunming-metal.com\/\",\"name\":\"yunming-metal.com\",\"description\":\"High-Quality Stainless Steel Pipes, Plates &amp; Flanges\",\"publisher\":{\"@id\":\"https:\/\/yunming-metal.com\/#organization\"},\"potentialAction\":[{\"@type\":\"SearchAction\",\"target\":{\"@type\":\"EntryPoint\",\"urlTemplate\":\"https:\/\/yunming-metal.com\/?s={search_term_string}\"},\"query-input\":{\"@type\":\"PropertyValueSpecification\",\"valueRequired\":true,\"valueName\":\"search_term_string\"}}],\"inLanguage\":\"es\"},{\"@type\":\"Organization\",\"@id\":\"https:\/\/yunming-metal.com\/#organization\",\"name\":\"Yunming MetalY\",\"alternateName\":\"Yunming Stainless Steel\",\"url\":\"https:\/\/yunming-metal.com\/\",\"logo\":{\"@type\":\"ImageObject\",\"inLanguage\":\"es\",\"@id\":\"https:\/\/yunming-metal.com\/#\/schema\/logo\/image\/\",\"url\":\"https:\/\/yunming-metal.com\/wp-content\/uploads\/2025\/04\/yunming-metal-logo-featuring-a-minimalist-am-design-representing.png\",\"contentUrl\":\"https:\/\/yunming-metal.com\/wp-content\/uploads\/2025\/04\/yunming-metal-logo-featuring-a-minimalist-am-design-representing.png\",\"width\":300,\"height\":300,\"caption\":\"Yunming MetalY\"},\"image\":{\"@id\":\"https:\/\/yunming-metal.com\/#\/schema\/logo\/image\/\"},\"sameAs\":[\"https:\/\/www.facebook.com\/YunmingMetal\",\"https:\/\/x.com\/fan_yunmimetal\",\"https:\/\/www.linkedin.com\/company\/yunming-metal\/\",\"https:\/\/www.instagram.com\/nora_jiang8\/\",\"https:\/\/www.youtube.com\/@yunmingmetal1\",\"https:\/\/www.tiktok.com\/@yunming_metal\"]}]}<\/script>\n<!-- \/ Yoast SEO Premium plugin. -->","yoast_head_json":{"title":"Lap Joint Flange (Loose Flange) | Stainless Steel ANSI\/EN","description":"Stainless steel lap joint flanges (DN15\u2013DN3000) used with stub ends. ANSI, EN, JIS compliant. Detachable for easy pipe alignment and maintenance.","robots":{"index":"index","follow":"follow","max-snippet":"max-snippet:-1","max-image-preview":"max-image-preview:large","max-video-preview":"max-video-preview:-1"},"canonical":"https:\/\/yunming-metal.com\/es\/producto\/brida-de-union-solapada\/","og_locale":"es_ES","og_type":"article","og_title":"Lap Joint Flange (Loose Flange)","og_description":"Stainless steel lap joint flanges (DN15\u2013DN3000) used with stub ends. ANSI, EN, JIS compliant. Detachable for easy pipe alignment and maintenance.","og_url":"https:\/\/yunming-metal.com\/es\/producto\/brida-de-union-solapada\/","og_site_name":"Yunming Metal - Stainless Steel Manufacturer &amp; Supplier","article_publisher":"https:\/\/www.facebook.com\/YunmingMetal","article_modified_time":"2025-05-31T12:09:42+00:00","og_image":[{"width":1024,"height":1024,"url":"https:\/\/yunming-metal.com\/wp-content\/uploads\/2024\/10\/stainless-steel-lap-joint-flange-separated-stub-end-flange-ring.png","type":"image\/png"}],"twitter_card":"summary_large_image","twitter_site":"@fan_yunmimetal","twitter_misc":{"Tiempo de lectura":"4 minutos"},"schema":{"@context":"https:\/\/schema.org","@graph":[{"@type":"WebPage","@id":"https:\/\/yunming-metal.com\/product\/lap-joint-flange\/","url":"https:\/\/yunming-metal.com\/product\/lap-joint-flange\/","name":"Lap Joint Flange (Loose Flange) | Stainless Steel ANSI\/EN","isPartOf":{"@id":"https:\/\/yunming-metal.com\/#website"},"primaryImageOfPage":{"@id":"https:\/\/yunming-metal.com\/product\/lap-joint-flange\/#primaryimage"},"image":{"@id":"https:\/\/yunming-metal.com\/product\/lap-joint-flange\/#primaryimage"},"thumbnailUrl":"https:\/\/yunming-metal.com\/wp-content\/uploads\/2024\/10\/stainless-steel-lap-joint-flange-separated-stub-end-flange-ring.png","datePublished":"2024-10-26T16:30:57+00:00","dateModified":"2025-05-31T12:09:42+00:00","description":"Stainless steel lap joint flanges (DN15\u2013DN3000) used with stub ends. ANSI, EN, JIS compliant. Detachable for easy pipe alignment and maintenance.","breadcrumb":{"@id":"https:\/\/yunming-metal.com\/product\/lap-joint-flange\/#breadcrumb"},"inLanguage":"es","potentialAction":[{"@type":"ReadAction","target":["https:\/\/yunming-metal.com\/product\/lap-joint-flange\/"]}]},{"@type":"ImageObject","inLanguage":"es","@id":"https:\/\/yunming-metal.com\/product\/lap-joint-flange\/#primaryimage","url":"https:\/\/yunming-metal.com\/wp-content\/uploads\/2024\/10\/stainless-steel-lap-joint-flange-separated-stub-end-flange-ring.png","contentUrl":"https:\/\/yunming-metal.com\/wp-content\/uploads\/2024\/10\/stainless-steel-lap-joint-flange-separated-stub-end-flange-ring.png","width":1024,"height":1024,"caption":"Separated view of Yunming stainless steel loose flange and stub end, ideal for detachable pipeline joints"},{"@type":"BreadcrumbList","@id":"https:\/\/yunming-metal.com\/product\/lap-joint-flange\/#breadcrumb","itemListElement":[{"@type":"ListItem","position":1,"name":"\u9996\u9875","item":"https:\/\/yunming-metal.com\/"},{"@type":"ListItem","position":2,"name":"Products","item":"https:\/\/yunming-metal.com\/shop\/"},{"@type":"ListItem","position":3,"name":"Lap Joint Flange (Loose Flange)"}]},{"@type":"WebSite","@id":"https:\/\/yunming-metal.com\/#website","url":"https:\/\/yunming-metal.com\/","name":"yunming-metal.com","description":"High-Quality Stainless Steel Pipes, Plates &amp; Flanges","publisher":{"@id":"https:\/\/yunming-metal.com\/#organization"},"potentialAction":[{"@type":"SearchAction","target":{"@type":"EntryPoint","urlTemplate":"https:\/\/yunming-metal.com\/?s={search_term_string}"},"query-input":{"@type":"PropertyValueSpecification","valueRequired":true,"valueName":"search_term_string"}}],"inLanguage":"es"},{"@type":"Organization","@id":"https:\/\/yunming-metal.com\/#organization","name":"Yunming MetalY","alternateName":"Yunming Stainless Steel","url":"https:\/\/yunming-metal.com\/","logo":{"@type":"ImageObject","inLanguage":"es","@id":"https:\/\/yunming-metal.com\/#\/schema\/logo\/image\/","url":"https:\/\/yunming-metal.com\/wp-content\/uploads\/2025\/04\/yunming-metal-logo-featuring-a-minimalist-am-design-representing.png","contentUrl":"https:\/\/yunming-metal.com\/wp-content\/uploads\/2025\/04\/yunming-metal-logo-featuring-a-minimalist-am-design-representing.png","width":300,"height":300,"caption":"Yunming MetalY"},"image":{"@id":"https:\/\/yunming-metal.com\/#\/schema\/logo\/image\/"},"sameAs":["https:\/\/www.facebook.com\/YunmingMetal","https:\/\/x.com\/fan_yunmimetal","https:\/\/www.linkedin.com\/company\/yunming-metal\/","https:\/\/www.instagram.com\/nora_jiang8\/","https:\/\/www.youtube.com\/@yunmingmetal1","https:\/\/www.tiktok.com\/@yunming_metal"]}]}},"_links":{"self":[{"href":"https:\/\/yunming-metal.com\/es\/wp-json\/wp\/v2\/product\/2455","targetHints":{"allow":["GET"]}}],"collection":[{"href":"https:\/\/yunming-metal.com\/es\/wp-json\/wp\/v2\/product"}],"about":[{"href":"https:\/\/yunming-metal.com\/es\/wp-json\/wp\/v2\/types\/product"}],"replies":[{"embeddable":true,"href":"https:\/\/yunming-metal.com\/es\/wp-json\/wp\/v2\/comments?post=2455"}],"wp:featuredmedia":[{"embeddable":true,"href":"https:\/\/yunming-metal.com\/es\/wp-json\/wp\/v2\/media\/4767"}],"wp:attachment":[{"href":"https:\/\/yunming-metal.com\/es\/wp-json\/wp\/v2\/media?parent=2455"}],"wp:term":[{"taxonomy":"product_brand","embeddable":true,"href":"https:\/\/yunming-metal.com\/es\/wp-json\/wp\/v2\/product_brand?post=2455"},{"taxonomy":"product_cat","embeddable":true,"href":"https:\/\/yunming-metal.com\/es\/wp-json\/wp\/v2\/product_cat?post=2455"},{"taxonomy":"product_tag","embeddable":true,"href":"https:\/\/yunming-metal.com\/es\/wp-json\/wp\/v2\/product_tag?post=2455"}],"curies":[{"name":"wp","href":"https:\/\/api.w.org\/{rel}","templated":true}]}}