{"id":2465,"date":"2024-10-26T16:42:04","date_gmt":"2024-10-26T16:42:04","guid":{"rendered":"https:\/\/yunming-metal.com\/?post_type=product&#038;p=2465"},"modified":"2025-06-01T02:07:07","modified_gmt":"2025-05-31T18:07:07","slug":"stainless-steel-equal-tee","status":"publish","type":"product","link":"https:\/\/yunming-metal.com\/es\/producto\/t-igual-de-acero-inoxidable\/","title":{"rendered":"Equal Tee"},"content":{"rendered":"<h2 data-start=\"138\" data-end=\"163\"><strong data-start=\"141\" data-end=\"161\">Productos<\/strong><\/h2>\n<p data-start=\"164\" data-end=\"517\">Las tes iguales de acero inoxidable son accesorios para soldar a tope dise\u00f1ados para distribuir o combinar el flujo de fluidos en sistemas de tuber\u00edas. Con tres salidas de igual tama\u00f1o dispuestas en \u00e1ngulos de 90 grados, estos accesorios son ideales para dividir o unir flujos en tuber\u00edas industriales. Cumplen la norma ASME B16.9 y se utilizan ampliamente en entornos de alta presi\u00f3n y alta temperatura.<\/p>\n<h2 data-start=\"519\" data-end=\"545\"><strong data-start=\"522\" data-end=\"543\">\u00c1mbitos de aplicaci\u00f3n<\/strong><\/h2>\n<ul data-start=\"546\" data-end=\"774\">\n<li data-start=\"546\" data-end=\"582\">\n<p data-start=\"548\" data-end=\"582\">Oleoductos y gasoductos<\/p>\n<\/li>\n<li data-start=\"583\" data-end=\"617\">\n<p data-start=\"585\" data-end=\"617\">Unidades de procesamiento petroqu\u00edmico<\/p>\n<\/li>\n<li data-start=\"618\" data-end=\"651\">\n<p data-start=\"620\" data-end=\"651\">Construcci\u00f3n de plantas industriales<\/p>\n<\/li>\n<li data-start=\"652\" data-end=\"693\">\n<p data-start=\"654\" data-end=\"693\">Construcci\u00f3n naval e ingenier\u00eda offshore<\/p>\n<\/li>\n<li data-start=\"694\" data-end=\"736\">\n<p data-start=\"696\" data-end=\"736\">Tuber\u00edas de procesamiento de alimentos y bebidas<\/p>\n<\/li>\n<li data-start=\"737\" data-end=\"774\">\n<p data-start=\"739\" data-end=\"774\">Tratamiento de aguas y plantas qu\u00edmicas<\/p>\n<\/li>\n<\/ul>\n<h2 data-start=\"776\" data-end=\"801\"><strong data-start=\"779\" data-end=\"799\">Caracter\u00edsticas del producto<\/strong><\/h2>\n<ul data-start=\"802\" data-end=\"1122\">\n<li data-start=\"802\" data-end=\"896\">\n<p data-start=\"804\" data-end=\"896\">Fabricados en acero inoxidable de alta calidad: 304, 304L, 316L, 321, 310S, 2205, 2507, etc.<\/p>\n<\/li>\n<li data-start=\"897\" data-end=\"938\">\n<p data-start=\"899\" data-end=\"938\">Disponible sin soldadura o soldada<\/p>\n<\/li>\n<li data-start=\"939\" data-end=\"992\">\n<p data-start=\"941\" data-end=\"992\">Uni\u00f3n soldada a tope para uniones fuertes y permanentes<\/p>\n<\/li>\n<li data-start=\"993\" data-end=\"1053\">\n<p data-start=\"995\" data-end=\"1053\">Conforme a ASME B16.9 y otras normas internacionales<\/p>\n<\/li>\n<li data-start=\"1054\" data-end=\"1122\">\n<p data-start=\"1056\" data-end=\"1122\">Resistente a la corrosi\u00f3n y a la presi\u00f3n para condiciones exigentes<\/p>\n<\/li>\n<\/ul>\n<h2 data-start=\"1124\" data-end=\"1155\"><strong data-start=\"1127\" data-end=\"1155\">Especificaciones t\u00e9cnicas<\/strong><\/h2>\n<div class=\"_tableContainer_16hzy_1\">\n<div class=\"_tableWrapper_16hzy_14 group flex w-fit flex-col-reverse\" tabindex=\"-1\">\n<table class=\"w-fit min-w-(--thread-content-width)\" data-start=\"1157\" data-end=\"2065\">\n<thead data-start=\"1157\" data-end=\"1247\">\n<tr data-start=\"1157\" data-end=\"1247\">\n<th data-start=\"1157\" data-end=\"1182\" data-col-size=\"sm\">Par\u00e1metro<\/th>\n<th data-start=\"1182\" data-end=\"1247\" data-col-size=\"md\">Gama de especificaciones<\/th>\n<\/tr>\n<\/thead>\n<tbody data-start=\"1339\" data-end=\"2065\">\n<tr data-start=\"1339\" data-end=\"1429\">\n<td data-start=\"1339\" data-end=\"1364\" data-col-size=\"sm\">NPS (tama\u00f1o nominal de la tuber\u00eda)<\/td>\n<td data-col-size=\"md\" data-start=\"1364\" data-end=\"1429\">1\/2\u2033 - 48\u2033<\/td>\n<\/tr>\n<tr data-start=\"1430\" data-end=\"1520\">\n<td data-start=\"1430\" data-end=\"1455\" data-col-size=\"sm\">Di\u00e1metro exterior<\/td>\n<td data-col-size=\"md\" data-start=\"1455\" data-end=\"1520\">21,3 mm - 1219 mm (aprox. \u00b9\u00b3\u2044\u2081\u2086\u2033 - 48\u2033)<\/td>\n<\/tr>\n<tr data-start=\"1521\" data-end=\"1610\">\n<td data-start=\"1521\" data-end=\"1546\" data-col-size=\"sm\">Espesor de pared<\/td>\n<td data-col-size=\"md\" data-start=\"1546\" data-end=\"1610\">2 mm - 20 mm (aprox. \u00b9\u2044\u2081\u2086\u2033 - \u00b9\u00b3\u2044\u2081\u2086\u2033)<\/td>\n<\/tr>\n<tr data-start=\"1611\" data-end=\"1701\">\n<td data-start=\"1611\" data-end=\"1636\" data-col-size=\"sm\">Grados de material<\/td>\n<td data-col-size=\"md\" data-start=\"1636\" data-end=\"1701\">304 \/ 304L \/ 316L \/ 321 \/ 310S \/ 2205 \/ 2507 etc.<\/td>\n<\/tr>\n<tr data-start=\"1702\" data-end=\"1792\">\n<td data-start=\"1702\" data-end=\"1727\" data-col-size=\"sm\">Tipo de conexi\u00f3n<\/td>\n<td data-col-size=\"md\" data-start=\"1727\" data-end=\"1792\">Soldado a tope<\/td>\n<\/tr>\n<tr data-start=\"1793\" data-end=\"1882\">\n<td data-start=\"1793\" data-end=\"1818\" data-col-size=\"sm\">Acabado superficial<\/td>\n<td data-col-size=\"md\" data-start=\"1818\" data-end=\"1882\">Granallado \/ Decapado \/ Laminado<\/td>\n<\/tr>\n<tr data-start=\"1883\" data-end=\"1974\">\n<td data-start=\"1883\" data-end=\"1908\" data-col-size=\"sm\">Cumplimiento de las normas<\/td>\n<td data-col-size=\"md\" data-start=\"1908\" data-end=\"1974\">ASME B16.9, EN, DIN, JIS<\/td>\n<\/tr>\n<tr data-start=\"1975\" data-end=\"2065\">\n<td data-start=\"1975\" data-end=\"2000\" data-col-size=\"sm\">Embalaje<\/td>\n<td data-col-size=\"md\" data-start=\"2000\" data-end=\"2065\">Bolsas tejidas, cajas de madera o embalajes est\u00e1ndar para exportaci\u00f3n<\/td>\n<\/tr>\n<\/tbody>\n<\/table>\n<div class=\"sticky end-(--thread-content-margin) h-0 self-end select-none\">\n<div class=\"absolute end-0 flex items-end\"><\/div>\n<\/div>\n<\/div>\n<\/div>\n<h2 data-start=\"2067\" data-end=\"2097\"><strong data-start=\"2070\" data-end=\"2095\">Proceso de fabricaci\u00f3n<\/strong><\/h2>\n<ol data-start=\"2098\" data-end=\"2328\">\n<li data-start=\"2098\" data-end=\"2126\">\n<p data-start=\"2101\" data-end=\"2126\">Inspecci\u00f3n de materias primas<\/p>\n<\/li>\n<li data-start=\"2127\" data-end=\"2164\">\n<p data-start=\"2130\" data-end=\"2164\">Conformado en caliente o en fr\u00edo en forma de T<\/p>\n<\/li>\n<li data-start=\"2165\" data-end=\"2207\">\n<p data-start=\"2168\" data-end=\"2207\">Recorte de precisi\u00f3n y tratamiento t\u00e9rmico<\/p>\n<\/li>\n<li data-start=\"2208\" data-end=\"2256\">\n<p data-start=\"2211\" data-end=\"2256\">Limpieza de superficies (decapado o chorro de arena)<\/p>\n<\/li>\n<li data-start=\"2257\" data-end=\"2294\">\n<p data-start=\"2260\" data-end=\"2294\">Pruebas dimensionales y de presi\u00f3n<\/p>\n<\/li>\n<li data-start=\"2295\" data-end=\"2328\">\n<p data-start=\"2298\" data-end=\"2328\">Inspecci\u00f3n final y envasado<\/p>\n<\/li>\n<\/ol>\n<h2 data-start=\"2330\" data-end=\"2363\"><strong data-start=\"2333\" data-end=\"2363\">Preguntas frecuentes<\/strong><\/h2>\n<p data-start=\"2365\" data-end=\"2567\"><strong data-start=\"2365\" data-end=\"2436\">P1: \u00bfCu\u00e1l es la diferencia entre una T igual y una T reductora?<\/strong><br data-start=\"2436\" data-end=\"2439\" \/>A1: Una T igual tiene las tres salidas del mismo di\u00e1metro, mientras que una T reductora tiene una salida de derivaci\u00f3n m\u00e1s peque\u00f1a que la tuber\u00eda de recorrido.<\/p>\n<p data-start=\"2569\" data-end=\"2714\"><strong data-start=\"2569\" data-end=\"2626\">P2: \u00bfOfrecen tes iguales sin soldadura y soldadas?<\/strong><br data-start=\"2626\" data-end=\"2629\" \/>A2: S\u00ed, suministramos ambos tipos en funci\u00f3n del tama\u00f1o del tubo y de los requisitos de la aplicaci\u00f3n.<\/p>\n<p data-start=\"2716\" data-end=\"2860\"><strong data-start=\"2716\" data-end=\"2770\">P3: \u00bfCu\u00e1les son las calidades de material m\u00e1s comunes?<\/strong><br data-start=\"2770\" data-end=\"2773\" \/>A3: Ofrecemos calidades de acero inoxidable como 304, 304L, 316L, 321, 310S, 2205 y 2507.<\/p>\n<p data-start=\"2862\" data-end=\"2996\"><strong data-start=\"2862\" data-end=\"2907\">P4: \u00bfSe puede personalizar el acabado de la superficie?<\/strong><br data-start=\"2907\" data-end=\"2910\" \/>A4: S\u00ed, ofrecemos acabados arenados, decapados o laminados en arena seg\u00fan las necesidades del cliente.<\/p>\n<p data-start=\"2998\" data-end=\"3147\"><strong data-start=\"2998\" data-end=\"3063\">P5: \u00bfSus productos cumplen las normas internacionales?<\/strong><br data-start=\"3063\" data-end=\"3066\" \/>A5: Absolutamente. Nuestras tes iguales cumplen las normas ASME B16.9, EN, DIN y JIS.<\/p>\n<h2 data-start=\"3149\" data-end=\"3179\"><strong data-start=\"3152\" data-end=\"3177\">\u00bfA\u00fan tiene preguntas?<\/strong><\/h2>\n<p data-start=\"3180\" data-end=\"3369\">No dude en<a href=\"https:\/\/yunming-metal.com\/es\/pongase-en-contacto-con\/\"> Contacto<\/a> para obtener m\u00e1s informaci\u00f3n o comentar sus necesidades de racores en T personalizados. Nuestro equipo de asistencia t\u00e9cnica est\u00e1 a su disposici\u00f3n para ayudarle con las especificaciones, las certificaciones y la entrega.<\/p>","protected":false},"excerpt":{"rendered":"<p>Yunming Metal ofrece tes iguales de acero inoxidable en 304, 316L, 321, 2205, y m\u00e1s. Estos accesorios de soldadura a tope son ideales para dividir o fusionar el flujo en las tuber\u00edas. Cumplen la norma ASME B16.9 y son adecuados para aplicaciones de alta presi\u00f3n. Disponibles sin soldadura o soldados.<\/p>","protected":false},"featured_media":4774,"comment_status":"open","ping_status":"closed","template":"","meta":{"site-sidebar-layout":"default","site-content-layout":"","ast-site-content-layout":"default","site-content-style":"default","site-sidebar-style":"default","ast-global-header-display":"","ast-banner-title-visibility":"","ast-main-header-display":"","ast-hfb-above-header-display":"","ast-hfb-below-header-display":"","ast-hfb-mobile-header-display":"","site-post-title":"","ast-breadcrumbs-content":"","ast-featured-img":"","footer-sml-layout":"","theme-transparent-header-meta":"default","adv-header-id-meta":"","stick-header-meta":"","header-above-stick-meta":"","header-main-stick-meta":"","header-below-stick-meta":"","astra-migrate-meta-layouts":"set","ast-page-background-enabled":"default","ast-page-background-meta":{"desktop":{"background-color":"","background-image":"","background-repeat":"repeat","background-position":"center center","background-size":"auto","background-attachment":"scroll","background-type":"","background-media":"","overlay-type":"","overlay-color":"","overlay-opacity":"","overlay-gradient":""},"tablet":{"background-color":"","background-image":"","background-repeat":"repeat","background-position":"center center","background-size":"auto","background-attachment":"scroll","background-type":"","background-media":"","overlay-type":"","overlay-color":"","overlay-opacity":"","overlay-gradient":""},"mobile":{"background-color":"","background-image":"","background-repeat":"repeat","background-position":"center center","background-size":"auto","background-attachment":"scroll","background-type":"","background-media":"","overlay-type":"","overlay-color":"","overlay-opacity":"","overlay-gradient":""}},"ast-content-background-meta":{"desktop":{"background-color":"var(--ast-global-color-5)","background-image":"","background-repeat":"repeat","background-position":"center center","background-size":"auto","background-attachment":"scroll","background-type":"","background-media":"","overlay-type":"","overlay-color":"","overlay-opacity":"","overlay-gradient":""},"tablet":{"background-color":"var(--ast-global-color-5)","background-image":"","background-repeat":"repeat","background-position":"center center","background-size":"auto","background-attachment":"scroll","background-type":"","background-media":"","overlay-type":"","overlay-color":"","overlay-opacity":"","overlay-gradient":""},"mobile":{"background-color":"var(--ast-global-color-5)","background-image":"","background-repeat":"repeat","background-position":"center center","background-size":"auto","background-attachment":"scroll","background-type":"","background-media":"","overlay-type":"","overlay-color":"","overlay-opacity":"","overlay-gradient":""}}},"product_brand":[],"product_cat":[29],"product_tag":[],"class_list":{"0":"post-2465","1":"product","2":"type-product","3":"status-publish","4":"has-post-thumbnail","6":"product_cat-stainless-steel-pipe-fittings","7":"desktop-align-left","8":"tablet-align-left","9":"mobile-align-left","11":"first","12":"instock","13":"shipping-taxable","14":"product-type-simple"},"yoast_head":"<!-- This site is optimized with the Yoast SEO Premium plugin v24.9 (Yoast SEO v26.8) - https:\/\/yoast.com\/product\/yoast-seo-premium-wordpress\/ -->\n<title>Stainless Steel Equal Tee | Butt Weld Pipe Tee Fitting<\/title>\n<meta name=\"description\" content=\"High-quality stainless steel equal tees for piping systems. ASME B16.9 compliant, available in 304, 316L, and duplex grades. Seamless and welded.\" \/>\n<meta name=\"robots\" content=\"index, follow, max-snippet:-1, max-image-preview:large, max-video-preview:-1\" \/>\n<link rel=\"canonical\" href=\"https:\/\/yunming-metal.com\/es\/producto\/t-igual-de-acero-inoxidable\/\" \/>\n<meta property=\"og:locale\" content=\"es_ES\" \/>\n<meta property=\"og:type\" content=\"article\" \/>\n<meta property=\"og:title\" content=\"Equal Tee\" \/>\n<meta property=\"og:description\" content=\"High-quality stainless steel equal tees for piping systems. ASME B16.9 compliant, available in 304, 316L, and duplex grades. Seamless and welded.\" \/>\n<meta property=\"og:url\" content=\"https:\/\/yunming-metal.com\/es\/producto\/t-igual-de-acero-inoxidable\/\" \/>\n<meta property=\"og:site_name\" content=\"Yunming Metal - Stainless Steel Manufacturer &amp; Supplier\" \/>\n<meta property=\"article:publisher\" content=\"https:\/\/www.facebook.com\/YunmingMetal\" \/>\n<meta property=\"article:modified_time\" content=\"2025-05-31T18:07:07+00:00\" \/>\n<meta property=\"og:image\" content=\"https:\/\/yunming-metal.com\/wp-content\/uploads\/2024\/10\/stainless-steel-equal-tee-side-view.jpg\" \/>\n\t<meta property=\"og:image:width\" content=\"640\" \/>\n\t<meta property=\"og:image:height\" content=\"640\" \/>\n\t<meta property=\"og:image:type\" content=\"image\/jpeg\" \/>\n<meta name=\"twitter:card\" content=\"summary_large_image\" \/>\n<meta name=\"twitter:site\" content=\"@fan_yunmimetal\" \/>\n<meta name=\"twitter:label1\" content=\"Tiempo de lectura\" \/>\n\t<meta name=\"twitter:data1\" content=\"3 minutos\" \/>\n<script type=\"application\/ld+json\" class=\"yoast-schema-graph\">{\"@context\":\"https:\/\/schema.org\",\"@graph\":[{\"@type\":\"WebPage\",\"@id\":\"https:\/\/yunming-metal.com\/product\/stainless-steel-equal-tee\/\",\"url\":\"https:\/\/yunming-metal.com\/product\/stainless-steel-equal-tee\/\",\"name\":\"Stainless Steel Equal Tee | Butt Weld Pipe Tee Fitting\",\"isPartOf\":{\"@id\":\"https:\/\/yunming-metal.com\/#website\"},\"primaryImageOfPage\":{\"@id\":\"https:\/\/yunming-metal.com\/product\/stainless-steel-equal-tee\/#primaryimage\"},\"image\":{\"@id\":\"https:\/\/yunming-metal.com\/product\/stainless-steel-equal-tee\/#primaryimage\"},\"thumbnailUrl\":\"https:\/\/yunming-metal.com\/wp-content\/uploads\/2024\/10\/stainless-steel-equal-tee-side-view.jpg\",\"datePublished\":\"2024-10-26T16:42:04+00:00\",\"dateModified\":\"2025-05-31T18:07:07+00:00\",\"description\":\"High-quality stainless steel equal tees for piping systems. ASME B16.9 compliant, available in 304, 316L, and duplex grades. Seamless and welded.\",\"breadcrumb\":{\"@id\":\"https:\/\/yunming-metal.com\/product\/stainless-steel-equal-tee\/#breadcrumb\"},\"inLanguage\":\"es\",\"potentialAction\":[{\"@type\":\"ReadAction\",\"target\":[\"https:\/\/yunming-metal.com\/product\/stainless-steel-equal-tee\/\"]}]},{\"@type\":\"ImageObject\",\"inLanguage\":\"es\",\"@id\":\"https:\/\/yunming-metal.com\/product\/stainless-steel-equal-tee\/#primaryimage\",\"url\":\"https:\/\/yunming-metal.com\/wp-content\/uploads\/2024\/10\/stainless-steel-equal-tee-side-view.jpg\",\"contentUrl\":\"https:\/\/yunming-metal.com\/wp-content\/uploads\/2024\/10\/stainless-steel-equal-tee-side-view.jpg\",\"width\":640,\"height\":640,\"caption\":\"Equal Tee Butt Weld Pipe Fitting (Side Profile)\"},{\"@type\":\"BreadcrumbList\",\"@id\":\"https:\/\/yunming-metal.com\/product\/stainless-steel-equal-tee\/#breadcrumb\",\"itemListElement\":[{\"@type\":\"ListItem\",\"position\":1,\"name\":\"\u9996\u9875\",\"item\":\"https:\/\/yunming-metal.com\/\"},{\"@type\":\"ListItem\",\"position\":2,\"name\":\"Products\",\"item\":\"https:\/\/yunming-metal.com\/shop\/\"},{\"@type\":\"ListItem\",\"position\":3,\"name\":\"Equal Tee\"}]},{\"@type\":\"WebSite\",\"@id\":\"https:\/\/yunming-metal.com\/#website\",\"url\":\"https:\/\/yunming-metal.com\/\",\"name\":\"yunming-metal.com\",\"description\":\"High-Quality Stainless Steel Pipes, Plates &amp; Flanges\",\"publisher\":{\"@id\":\"https:\/\/yunming-metal.com\/#organization\"},\"potentialAction\":[{\"@type\":\"SearchAction\",\"target\":{\"@type\":\"EntryPoint\",\"urlTemplate\":\"https:\/\/yunming-metal.com\/?s={search_term_string}\"},\"query-input\":{\"@type\":\"PropertyValueSpecification\",\"valueRequired\":true,\"valueName\":\"search_term_string\"}}],\"inLanguage\":\"es\"},{\"@type\":\"Organization\",\"@id\":\"https:\/\/yunming-metal.com\/#organization\",\"name\":\"Yunming MetalY\",\"alternateName\":\"Yunming Stainless Steel\",\"url\":\"https:\/\/yunming-metal.com\/\",\"logo\":{\"@type\":\"ImageObject\",\"inLanguage\":\"es\",\"@id\":\"https:\/\/yunming-metal.com\/#\/schema\/logo\/image\/\",\"url\":\"https:\/\/yunming-metal.com\/wp-content\/uploads\/2025\/04\/yunming-metal-logo-featuring-a-minimalist-am-design-representing.png\",\"contentUrl\":\"https:\/\/yunming-metal.com\/wp-content\/uploads\/2025\/04\/yunming-metal-logo-featuring-a-minimalist-am-design-representing.png\",\"width\":300,\"height\":300,\"caption\":\"Yunming MetalY\"},\"image\":{\"@id\":\"https:\/\/yunming-metal.com\/#\/schema\/logo\/image\/\"},\"sameAs\":[\"https:\/\/www.facebook.com\/YunmingMetal\",\"https:\/\/x.com\/fan_yunmimetal\",\"https:\/\/www.linkedin.com\/company\/yunming-metal\/\",\"https:\/\/www.instagram.com\/nora_jiang8\/\",\"https:\/\/www.youtube.com\/@yunmingmetal1\",\"https:\/\/www.tiktok.com\/@yunming_metal\"]}]}<\/script>\n<!-- \/ Yoast SEO Premium plugin. -->","yoast_head_json":{"title":"Stainless Steel Equal Tee | Butt Weld Pipe Tee Fitting","description":"High-quality stainless steel equal tees for piping systems. ASME B16.9 compliant, available in 304, 316L, and duplex grades. Seamless and welded.","robots":{"index":"index","follow":"follow","max-snippet":"max-snippet:-1","max-image-preview":"max-image-preview:large","max-video-preview":"max-video-preview:-1"},"canonical":"https:\/\/yunming-metal.com\/es\/producto\/t-igual-de-acero-inoxidable\/","og_locale":"es_ES","og_type":"article","og_title":"Equal Tee","og_description":"High-quality stainless steel equal tees for piping systems. ASME B16.9 compliant, available in 304, 316L, and duplex grades. Seamless and welded.","og_url":"https:\/\/yunming-metal.com\/es\/producto\/t-igual-de-acero-inoxidable\/","og_site_name":"Yunming Metal - Stainless Steel Manufacturer &amp; Supplier","article_publisher":"https:\/\/www.facebook.com\/YunmingMetal","article_modified_time":"2025-05-31T18:07:07+00:00","og_image":[{"width":640,"height":640,"url":"https:\/\/yunming-metal.com\/wp-content\/uploads\/2024\/10\/stainless-steel-equal-tee-side-view.jpg","type":"image\/jpeg"}],"twitter_card":"summary_large_image","twitter_site":"@fan_yunmimetal","twitter_misc":{"Tiempo de lectura":"3 minutos"},"schema":{"@context":"https:\/\/schema.org","@graph":[{"@type":"WebPage","@id":"https:\/\/yunming-metal.com\/product\/stainless-steel-equal-tee\/","url":"https:\/\/yunming-metal.com\/product\/stainless-steel-equal-tee\/","name":"Stainless Steel Equal Tee | Butt Weld Pipe Tee Fitting","isPartOf":{"@id":"https:\/\/yunming-metal.com\/#website"},"primaryImageOfPage":{"@id":"https:\/\/yunming-metal.com\/product\/stainless-steel-equal-tee\/#primaryimage"},"image":{"@id":"https:\/\/yunming-metal.com\/product\/stainless-steel-equal-tee\/#primaryimage"},"thumbnailUrl":"https:\/\/yunming-metal.com\/wp-content\/uploads\/2024\/10\/stainless-steel-equal-tee-side-view.jpg","datePublished":"2024-10-26T16:42:04+00:00","dateModified":"2025-05-31T18:07:07+00:00","description":"High-quality stainless steel equal tees for piping systems. ASME B16.9 compliant, available in 304, 316L, and duplex grades. Seamless and welded.","breadcrumb":{"@id":"https:\/\/yunming-metal.com\/product\/stainless-steel-equal-tee\/#breadcrumb"},"inLanguage":"es","potentialAction":[{"@type":"ReadAction","target":["https:\/\/yunming-metal.com\/product\/stainless-steel-equal-tee\/"]}]},{"@type":"ImageObject","inLanguage":"es","@id":"https:\/\/yunming-metal.com\/product\/stainless-steel-equal-tee\/#primaryimage","url":"https:\/\/yunming-metal.com\/wp-content\/uploads\/2024\/10\/stainless-steel-equal-tee-side-view.jpg","contentUrl":"https:\/\/yunming-metal.com\/wp-content\/uploads\/2024\/10\/stainless-steel-equal-tee-side-view.jpg","width":640,"height":640,"caption":"Equal Tee Butt Weld Pipe Fitting (Side Profile)"},{"@type":"BreadcrumbList","@id":"https:\/\/yunming-metal.com\/product\/stainless-steel-equal-tee\/#breadcrumb","itemListElement":[{"@type":"ListItem","position":1,"name":"\u9996\u9875","item":"https:\/\/yunming-metal.com\/"},{"@type":"ListItem","position":2,"name":"Products","item":"https:\/\/yunming-metal.com\/shop\/"},{"@type":"ListItem","position":3,"name":"Equal Tee"}]},{"@type":"WebSite","@id":"https:\/\/yunming-metal.com\/#website","url":"https:\/\/yunming-metal.com\/","name":"yunming-metal.com","description":"High-Quality Stainless Steel Pipes, Plates &amp; Flanges","publisher":{"@id":"https:\/\/yunming-metal.com\/#organization"},"potentialAction":[{"@type":"SearchAction","target":{"@type":"EntryPoint","urlTemplate":"https:\/\/yunming-metal.com\/?s={search_term_string}"},"query-input":{"@type":"PropertyValueSpecification","valueRequired":true,"valueName":"search_term_string"}}],"inLanguage":"es"},{"@type":"Organization","@id":"https:\/\/yunming-metal.com\/#organization","name":"Yunming MetalY","alternateName":"Yunming Stainless Steel","url":"https:\/\/yunming-metal.com\/","logo":{"@type":"ImageObject","inLanguage":"es","@id":"https:\/\/yunming-metal.com\/#\/schema\/logo\/image\/","url":"https:\/\/yunming-metal.com\/wp-content\/uploads\/2025\/04\/yunming-metal-logo-featuring-a-minimalist-am-design-representing.png","contentUrl":"https:\/\/yunming-metal.com\/wp-content\/uploads\/2025\/04\/yunming-metal-logo-featuring-a-minimalist-am-design-representing.png","width":300,"height":300,"caption":"Yunming MetalY"},"image":{"@id":"https:\/\/yunming-metal.com\/#\/schema\/logo\/image\/"},"sameAs":["https:\/\/www.facebook.com\/YunmingMetal","https:\/\/x.com\/fan_yunmimetal","https:\/\/www.linkedin.com\/company\/yunming-metal\/","https:\/\/www.instagram.com\/nora_jiang8\/","https:\/\/www.youtube.com\/@yunmingmetal1","https:\/\/www.tiktok.com\/@yunming_metal"]}]}},"_links":{"self":[{"href":"https:\/\/yunming-metal.com\/es\/wp-json\/wp\/v2\/product\/2465","targetHints":{"allow":["GET"]}}],"collection":[{"href":"https:\/\/yunming-metal.com\/es\/wp-json\/wp\/v2\/product"}],"about":[{"href":"https:\/\/yunming-metal.com\/es\/wp-json\/wp\/v2\/types\/product"}],"replies":[{"embeddable":true,"href":"https:\/\/yunming-metal.com\/es\/wp-json\/wp\/v2\/comments?post=2465"}],"wp:featuredmedia":[{"embeddable":true,"href":"https:\/\/yunming-metal.com\/es\/wp-json\/wp\/v2\/media\/4774"}],"wp:attachment":[{"href":"https:\/\/yunming-metal.com\/es\/wp-json\/wp\/v2\/media?parent=2465"}],"wp:term":[{"taxonomy":"product_brand","embeddable":true,"href":"https:\/\/yunming-metal.com\/es\/wp-json\/wp\/v2\/product_brand?post=2465"},{"taxonomy":"product_cat","embeddable":true,"href":"https:\/\/yunming-metal.com\/es\/wp-json\/wp\/v2\/product_cat?post=2465"},{"taxonomy":"product_tag","embeddable":true,"href":"https:\/\/yunming-metal.com\/es\/wp-json\/wp\/v2\/product_tag?post=2465"}],"curies":[{"name":"wp","href":"https:\/\/api.w.org\/{rel}","templated":true}]}}