{"id":2468,"date":"2024-10-26T16:44:54","date_gmt":"2024-10-26T16:44:54","guid":{"rendered":"https:\/\/yunming-metal.com\/?post_type=product&#038;p=2468"},"modified":"2025-06-01T19:35:12","modified_gmt":"2025-06-01T11:35:12","slug":"stainless-steel-pipe-cross","status":"publish","type":"product","link":"https:\/\/yunming-metal.com\/es\/producto\/cruz-de-tubo-de-acero-inoxidable\/","title":{"rendered":"Cruz de tubo"},"content":{"rendered":"<h2 data-start=\"267\" data-end=\"292\"><strong data-start=\"270\" data-end=\"290\">Productos<\/strong><\/h2>\n<p data-start=\"293\" data-end=\"627\">Una uni\u00f3n en T transversal, tambi\u00e9n conocida como uni\u00f3n en T igual o uni\u00f3n en T para tuber\u00edas, es un accesorio para tuber\u00edas soldado a tope que se utiliza para conectar cuatro tuber\u00edas en \u00e1ngulos de 90 grados. Permite distribuir o combinar fluidos o gases a trav\u00e9s de tuber\u00edas que se cruzan. Utilizadas normalmente en sistemas de alta presi\u00f3n, las tes cruzadas de acero inoxidable ofrecen una fuerza y una resistencia a la corrosi\u00f3n superiores.<\/p>\n<h2 data-start=\"629\" data-end=\"655\"><strong data-start=\"632\" data-end=\"653\">\u00c1mbitos de aplicaci\u00f3n<\/strong><\/h2>\n<ul data-start=\"656\" data-end=\"887\">\n<li data-start=\"656\" data-end=\"696\">\n<p data-start=\"658\" data-end=\"696\">Oleoductos petroqu\u00edmicos y de refiner\u00eda<\/p>\n<\/li>\n<li data-start=\"697\" data-end=\"747\">\n<p data-start=\"699\" data-end=\"747\">Redes de distribuci\u00f3n de fluidos y gases industriales<\/p>\n<\/li>\n<li data-start=\"748\" data-end=\"775\">\n<p data-start=\"750\" data-end=\"775\">Sistemas de tratamiento del agua<\/p>\n<\/li>\n<li data-start=\"776\" data-end=\"813\">\n<p data-start=\"778\" data-end=\"813\">Instalaciones marinas y en alta mar<\/p>\n<\/li>\n<li data-start=\"814\" data-end=\"847\">\n<p data-start=\"816\" data-end=\"847\">Tuber\u00edas de calderas y centrales el\u00e9ctricas<\/p>\n<\/li>\n<li data-start=\"848\" data-end=\"887\">\n<p data-start=\"850\" data-end=\"887\">L\u00edneas de proceso alimentarias y farmac\u00e9uticas<\/p>\n<\/li>\n<\/ul>\n<h2 data-start=\"889\" data-end=\"914\"><strong data-start=\"892\" data-end=\"912\">Caracter\u00edsticas del producto<\/strong><\/h2>\n<ul data-start=\"915\" data-end=\"1184\">\n<li data-start=\"915\" data-end=\"970\">\n<p data-start=\"917\" data-end=\"970\">Intersecci\u00f3n de cuatro v\u00edas para la distribuci\u00f3n de fluidos o gases<\/p>\n<\/li>\n<li data-start=\"971\" data-end=\"1021\">\n<p data-start=\"973\" data-end=\"1021\">Extremos soldados a tope para juntas estancas permanentes<\/p>\n<\/li>\n<li data-start=\"1022\" data-end=\"1065\">\n<p data-start=\"1024\" data-end=\"1065\">Fabricados en tipos iguales o reductores<\/p>\n<\/li>\n<li data-start=\"1066\" data-end=\"1124\">\n<p data-start=\"1068\" data-end=\"1124\">Resistente a la corrosi\u00f3n, la alta presi\u00f3n y la temperatura<\/p>\n<\/li>\n<li data-start=\"1125\" data-end=\"1184\">\n<p data-start=\"1127\" data-end=\"1184\">Conforme a ASME B16.9 y a las normas internacionales sobre tuber\u00edas<\/p>\n<\/li>\n<\/ul>\n<h2 data-start=\"1186\" data-end=\"1217\"><strong data-start=\"1189\" data-end=\"1217\">Especificaciones t\u00e9cnicas<\/strong><\/h2>\n<div class=\"_tableContainer_16hzy_1\">\n<div class=\"_tableWrapper_16hzy_14 group flex w-fit flex-col-reverse\" tabindex=\"-1\">\n<table class=\"w-fit min-w-(--thread-content-width)\" data-start=\"1219\" data-end=\"2127\">\n<thead data-start=\"1219\" data-end=\"1309\">\n<tr data-start=\"1219\" data-end=\"1309\">\n<th data-start=\"1219\" data-end=\"1244\" data-col-size=\"sm\">Par\u00e1metro<\/th>\n<th data-start=\"1244\" data-end=\"1309\" data-col-size=\"md\">Gama de especificaciones<\/th>\n<\/tr>\n<\/thead>\n<tbody data-start=\"1401\" data-end=\"2127\">\n<tr data-start=\"1401\" data-end=\"1491\">\n<td data-start=\"1401\" data-end=\"1426\" data-col-size=\"sm\">NPS (tama\u00f1o nominal de la tuber\u00eda)<\/td>\n<td data-start=\"1426\" data-end=\"1491\" data-col-size=\"md\">1\/2\u2033 - 48\u2033<\/td>\n<\/tr>\n<tr data-start=\"1492\" data-end=\"1582\">\n<td data-start=\"1492\" data-end=\"1517\" data-col-size=\"sm\">Di\u00e1metro exterior<\/td>\n<td data-start=\"1517\" data-end=\"1582\" data-col-size=\"md\">21,3 mm - 1219 mm (aprox. \u00b9\u00b3\u2044\u2081\u2086\u2033 - 48\u2033)<\/td>\n<\/tr>\n<tr data-start=\"1583\" data-end=\"1672\">\n<td data-start=\"1583\" data-end=\"1608\" data-col-size=\"sm\">Espesor de pared<\/td>\n<td data-start=\"1608\" data-end=\"1672\" data-col-size=\"md\">2 mm - 20 mm (aprox. \u00b9\u2044\u2081\u2086\u2033 - \u00b9\u00b3\u2044\u2081\u2086\u2033)<\/td>\n<\/tr>\n<tr data-start=\"1673\" data-end=\"1763\">\n<td data-start=\"1673\" data-end=\"1698\" data-col-size=\"sm\">Grados de material<\/td>\n<td data-start=\"1698\" data-end=\"1763\" data-col-size=\"md\">304 \/ 304L \/ 316L \/ 321 \/ 310S \/ 2205 \/ 2507 etc.<\/td>\n<\/tr>\n<tr data-start=\"1764\" data-end=\"1854\">\n<td data-start=\"1764\" data-end=\"1789\" data-col-size=\"sm\">Tipo de conexi\u00f3n<\/td>\n<td data-start=\"1789\" data-end=\"1854\" data-col-size=\"md\">Soldado a tope<\/td>\n<\/tr>\n<tr data-start=\"1855\" data-end=\"1944\">\n<td data-start=\"1855\" data-end=\"1880\" data-col-size=\"sm\">Acabado superficial<\/td>\n<td data-start=\"1880\" data-end=\"1944\" data-col-size=\"md\">Decapado \/ Granallado \/ Pulido<\/td>\n<\/tr>\n<tr data-start=\"1945\" data-end=\"2036\">\n<td data-start=\"1945\" data-end=\"1970\" data-col-size=\"sm\">Cumplimiento de las normas<\/td>\n<td data-start=\"1970\" data-end=\"2036\" data-col-size=\"md\">ASME B16.9, EN, DIN, JIS<\/td>\n<\/tr>\n<tr data-start=\"2037\" data-end=\"2127\">\n<td data-start=\"2037\" data-end=\"2062\" data-col-size=\"sm\">Embalaje<\/td>\n<td data-start=\"2062\" data-end=\"2127\" data-col-size=\"md\">Bolsas tejidas, cajas de madera o embalajes de exportaci\u00f3n<\/td>\n<\/tr>\n<\/tbody>\n<\/table>\n<div class=\"sticky end-(--thread-content-margin) h-0 self-end select-none\">\n<div class=\"absolute end-0 flex items-end\"><\/div>\n<\/div>\n<\/div>\n<\/div>\n<h2 data-start=\"2129\" data-end=\"2159\"><strong data-start=\"2132\" data-end=\"2157\">Proceso de fabricaci\u00f3n<\/strong><\/h2>\n<ol data-start=\"2160\" data-end=\"2372\">\n<li data-start=\"2160\" data-end=\"2201\">\n<p data-start=\"2163\" data-end=\"2201\">Corte y perfilado de tubos<\/p>\n<\/li>\n<li data-start=\"2202\" data-end=\"2232\">\n<p data-start=\"2205\" data-end=\"2232\">Conformado por prensado en fr\u00edo o en caliente<\/p>\n<\/li>\n<li data-start=\"2233\" data-end=\"2265\">\n<p data-start=\"2236\" data-end=\"2265\">Biselado y tratamiento t\u00e9rmico<\/p>\n<\/li>\n<li data-start=\"2266\" data-end=\"2300\">\n<p data-start=\"2269\" data-end=\"2300\">Limpieza de superficies y decapado<\/p>\n<\/li>\n<li data-start=\"2301\" data-end=\"2341\">\n<p data-start=\"2304\" data-end=\"2341\">Inspecci\u00f3n dimensional y de presi\u00f3n<\/p>\n<\/li>\n<li data-start=\"2342\" data-end=\"2372\">\n<p data-start=\"2345\" data-end=\"2372\">Marcado final y envasado<\/p>\n<\/li>\n<\/ol>\n<h2 data-start=\"2374\" data-end=\"2407\"><strong data-start=\"2377\" data-end=\"2407\">Preguntas frecuentes<\/strong><\/h2>\n<p data-start=\"2409\" data-end=\"2537\"><strong data-start=\"2409\" data-end=\"2446\">P1: \u00bfPara qu\u00e9 sirve una camiseta cruzada?<\/strong><br data-start=\"2446\" data-end=\"2449\" \/>A1: Conecta cuatro tuber\u00edas en \u00e1ngulos de 90\u00b0 para dividir o fusionar el flujo en un sistema de proceso.<\/p>\n<p data-start=\"2539\" data-end=\"2684\"><strong data-start=\"2539\" data-end=\"2582\">P2: \u00bfCu\u00e1les son los tipos de cruces de tuber\u00edas?<\/strong><br data-start=\"2582\" data-end=\"2585\" \/>A2: Ofrecemos cruz igual (todas las salidas del mismo tama\u00f1o) y cruz reductora (una o m\u00e1s ramas m\u00e1s peque\u00f1as).<\/p>\n<p data-start=\"2686\" data-end=\"2828\"><strong data-start=\"2686\" data-end=\"2733\">P3: \u00bfSus accesorios transversales cumplen la norma ASME B16.9?<\/strong><br data-start=\"2733\" data-end=\"2736\" \/>A3: S\u00ed, todas las tes transversales se fabrican de acuerdo con la norma ASME B16.9 y otras normas aplicables.<\/p>\n<p data-start=\"2830\" data-end=\"2941\"><strong data-start=\"2830\" data-end=\"2865\">P4: \u00bfExisten tallas especiales?<\/strong><br data-start=\"2865\" data-end=\"2868\" \/>A4: S\u00ed, podemos fabricar seg\u00fan las dimensiones y grosores de pared que necesite.<\/p>\n<p data-start=\"2943\" data-end=\"3072\"><strong data-start=\"2943\" data-end=\"2980\">P5: \u00bfQu\u00e9 materiales hay disponibles?<\/strong><br data-start=\"2980\" data-end=\"2983\" \/>A5: Disponible en 304, 304L, 316L, 321, 310S, 2205, 2507 y otros grados de acero inoxidable.<\/p>\n<h2 data-start=\"3074\" data-end=\"3104\"><strong data-start=\"3077\" data-end=\"3102\">\u00bfA\u00fan tiene preguntas?<\/strong><\/h2>\n<p data-start=\"3105\" data-end=\"3296\">No dude en <a href=\"https:\/\/yunming-metal.com\/es\/pongase-en-contacto-con\/\">Contacto<\/a> para obtener m\u00e1s informaci\u00f3n o comentar sus requisitos de ajuste transversal personalizado. Nuestro equipo de asistencia t\u00e9cnica est\u00e1 a su disposici\u00f3n para ayudarle con las especificaciones, las certificaciones y la entrega.<\/p>","protected":false},"excerpt":{"rendered":"<p>Yunming Metal ofrece accesorios transversales de tuber\u00eda de acero inoxidable para intersecciones de tuber\u00edas de 4 v\u00edas. Disponibles en tipos iguales o reductores, y grados 304, 316L, 321 y d\u00faplex. Cumplen la norma ASME B16.9 y son ideales para tuber\u00edas a presi\u00f3n y sistemas de proceso.<\/p>","protected":false},"featured_media":4788,"comment_status":"open","ping_status":"closed","template":"","meta":{"site-sidebar-layout":"default","site-content-layout":"","ast-site-content-layout":"default","site-content-style":"default","site-sidebar-style":"default","ast-global-header-display":"","ast-banner-title-visibility":"","ast-main-header-display":"","ast-hfb-above-header-display":"","ast-hfb-below-header-display":"","ast-hfb-mobile-header-display":"","site-post-title":"","ast-breadcrumbs-content":"","ast-featured-img":"","footer-sml-layout":"","theme-transparent-header-meta":"default","adv-header-id-meta":"","stick-header-meta":"","header-above-stick-meta":"","header-main-stick-meta":"","header-below-stick-meta":"","astra-migrate-meta-layouts":"set","ast-page-background-enabled":"default","ast-page-background-meta":{"desktop":{"background-color":"","background-image":"","background-repeat":"repeat","background-position":"center center","background-size":"auto","background-attachment":"scroll","background-type":"","background-media":"","overlay-type":"","overlay-color":"","overlay-opacity":"","overlay-gradient":""},"tablet":{"background-color":"","background-image":"","background-repeat":"repeat","background-position":"center center","background-size":"auto","background-attachment":"scroll","background-type":"","background-media":"","overlay-type":"","overlay-color":"","overlay-opacity":"","overlay-gradient":""},"mobile":{"background-color":"","background-image":"","background-repeat":"repeat","background-position":"center center","background-size":"auto","background-attachment":"scroll","background-type":"","background-media":"","overlay-type":"","overlay-color":"","overlay-opacity":"","overlay-gradient":""}},"ast-content-background-meta":{"desktop":{"background-color":"var(--ast-global-color-5)","background-image":"","background-repeat":"repeat","background-position":"center center","background-size":"auto","background-attachment":"scroll","background-type":"","background-media":"","overlay-type":"","overlay-color":"","overlay-opacity":"","overlay-gradient":""},"tablet":{"background-color":"var(--ast-global-color-5)","background-image":"","background-repeat":"repeat","background-position":"center center","background-size":"auto","background-attachment":"scroll","background-type":"","background-media":"","overlay-type":"","overlay-color":"","overlay-opacity":"","overlay-gradient":""},"mobile":{"background-color":"var(--ast-global-color-5)","background-image":"","background-repeat":"repeat","background-position":"center center","background-size":"auto","background-attachment":"scroll","background-type":"","background-media":"","overlay-type":"","overlay-color":"","overlay-opacity":"","overlay-gradient":""}}},"product_brand":[],"product_cat":[29],"product_tag":[],"class_list":{"0":"post-2468","1":"product","2":"type-product","3":"status-publish","4":"has-post-thumbnail","6":"product_cat-stainless-steel-pipe-fittings","7":"desktop-align-left","8":"tablet-align-left","9":"mobile-align-left","11":"first","12":"instock","13":"shipping-taxable","14":"product-type-simple"},"yoast_head":"<!-- This site is optimized with the Yoast SEO Premium plugin v24.9 (Yoast SEO v26.8) - https:\/\/yoast.com\/product\/yoast-seo-premium-wordpress\/ -->\n<title>Stainless Steel Pipe Cross | Butt Weld Cross Tee<\/title>\n<meta name=\"description\" content=\"Stainless steel pipe cross for 4-way piping. Butt weld fitting in 304, 316L, 2205. Equal and reducing types. ASME B16.9 compliant.\" \/>\n<meta name=\"robots\" content=\"index, follow, max-snippet:-1, max-image-preview:large, max-video-preview:-1\" \/>\n<link rel=\"canonical\" href=\"https:\/\/yunming-metal.com\/es\/producto\/cruz-de-tubo-de-acero-inoxidable\/\" \/>\n<meta property=\"og:locale\" content=\"es_ES\" \/>\n<meta property=\"og:type\" content=\"article\" \/>\n<meta property=\"og:title\" content=\"Pipe Cross\" \/>\n<meta property=\"og:description\" content=\"Stainless steel pipe cross for 4-way piping. Butt weld fitting in 304, 316L, 2205. Equal and reducing types. ASME B16.9 compliant.\" \/>\n<meta property=\"og:url\" content=\"https:\/\/yunming-metal.com\/es\/producto\/cruz-de-tubo-de-acero-inoxidable\/\" \/>\n<meta property=\"og:site_name\" content=\"Yunming Metal - Stainless Steel Manufacturer &amp; Supplier\" \/>\n<meta property=\"article:publisher\" content=\"https:\/\/www.facebook.com\/YunmingMetal\" \/>\n<meta property=\"article:modified_time\" content=\"2025-06-01T11:35:12+00:00\" \/>\n<meta property=\"og:image\" content=\"https:\/\/yunming-metal.com\/wp-content\/uploads\/2024\/10\/butt-weld-pipe-cross-fitting-stainless-steel.jpg\" \/>\n\t<meta property=\"og:image:width\" content=\"640\" \/>\n\t<meta property=\"og:image:height\" content=\"640\" \/>\n\t<meta property=\"og:image:type\" content=\"image\/jpeg\" \/>\n<meta name=\"twitter:card\" content=\"summary_large_image\" \/>\n<meta name=\"twitter:site\" content=\"@fan_yunmimetal\" \/>\n<meta name=\"twitter:label1\" content=\"Tiempo de lectura\" \/>\n\t<meta name=\"twitter:data1\" content=\"3 minutos\" \/>\n<script type=\"application\/ld+json\" class=\"yoast-schema-graph\">{\"@context\":\"https:\/\/schema.org\",\"@graph\":[{\"@type\":\"WebPage\",\"@id\":\"https:\/\/yunming-metal.com\/product\/stainless-steel-pipe-cross\/\",\"url\":\"https:\/\/yunming-metal.com\/product\/stainless-steel-pipe-cross\/\",\"name\":\"Stainless Steel Pipe Cross | Butt Weld Cross Tee\",\"isPartOf\":{\"@id\":\"https:\/\/yunming-metal.com\/#website\"},\"primaryImageOfPage\":{\"@id\":\"https:\/\/yunming-metal.com\/product\/stainless-steel-pipe-cross\/#primaryimage\"},\"image\":{\"@id\":\"https:\/\/yunming-metal.com\/product\/stainless-steel-pipe-cross\/#primaryimage\"},\"thumbnailUrl\":\"https:\/\/yunming-metal.com\/wp-content\/uploads\/2024\/10\/butt-weld-pipe-cross-fitting-stainless-steel.jpg\",\"datePublished\":\"2024-10-26T16:44:54+00:00\",\"dateModified\":\"2025-06-01T11:35:12+00:00\",\"description\":\"Stainless steel pipe cross for 4-way piping. Butt weld fitting in 304, 316L, 2205. Equal and reducing types. ASME B16.9 compliant.\",\"breadcrumb\":{\"@id\":\"https:\/\/yunming-metal.com\/product\/stainless-steel-pipe-cross\/#breadcrumb\"},\"inLanguage\":\"es\",\"potentialAction\":[{\"@type\":\"ReadAction\",\"target\":[\"https:\/\/yunming-metal.com\/product\/stainless-steel-pipe-cross\/\"]}]},{\"@type\":\"ImageObject\",\"inLanguage\":\"es\",\"@id\":\"https:\/\/yunming-metal.com\/product\/stainless-steel-pipe-cross\/#primaryimage\",\"url\":\"https:\/\/yunming-metal.com\/wp-content\/uploads\/2024\/10\/butt-weld-pipe-cross-fitting-stainless-steel.jpg\",\"contentUrl\":\"https:\/\/yunming-metal.com\/wp-content\/uploads\/2024\/10\/butt-weld-pipe-cross-fitting-stainless-steel.jpg\",\"width\":640,\"height\":640,\"caption\":\"Equal Pipe Cross for 4-Way Industrial Piping\"},{\"@type\":\"BreadcrumbList\",\"@id\":\"https:\/\/yunming-metal.com\/product\/stainless-steel-pipe-cross\/#breadcrumb\",\"itemListElement\":[{\"@type\":\"ListItem\",\"position\":1,\"name\":\"\u9996\u9875\",\"item\":\"https:\/\/yunming-metal.com\/\"},{\"@type\":\"ListItem\",\"position\":2,\"name\":\"Products\",\"item\":\"https:\/\/yunming-metal.com\/shop\/\"},{\"@type\":\"ListItem\",\"position\":3,\"name\":\"Pipe Cross\"}]},{\"@type\":\"WebSite\",\"@id\":\"https:\/\/yunming-metal.com\/#website\",\"url\":\"https:\/\/yunming-metal.com\/\",\"name\":\"yunming-metal.com\",\"description\":\"High-Quality Stainless Steel Pipes, Plates &amp; Flanges\",\"publisher\":{\"@id\":\"https:\/\/yunming-metal.com\/#organization\"},\"potentialAction\":[{\"@type\":\"SearchAction\",\"target\":{\"@type\":\"EntryPoint\",\"urlTemplate\":\"https:\/\/yunming-metal.com\/?s={search_term_string}\"},\"query-input\":{\"@type\":\"PropertyValueSpecification\",\"valueRequired\":true,\"valueName\":\"search_term_string\"}}],\"inLanguage\":\"es\"},{\"@type\":\"Organization\",\"@id\":\"https:\/\/yunming-metal.com\/#organization\",\"name\":\"Yunming MetalY\",\"alternateName\":\"Yunming Stainless Steel\",\"url\":\"https:\/\/yunming-metal.com\/\",\"logo\":{\"@type\":\"ImageObject\",\"inLanguage\":\"es\",\"@id\":\"https:\/\/yunming-metal.com\/#\/schema\/logo\/image\/\",\"url\":\"https:\/\/yunming-metal.com\/wp-content\/uploads\/2025\/04\/yunming-metal-logo-featuring-a-minimalist-am-design-representing.png\",\"contentUrl\":\"https:\/\/yunming-metal.com\/wp-content\/uploads\/2025\/04\/yunming-metal-logo-featuring-a-minimalist-am-design-representing.png\",\"width\":300,\"height\":300,\"caption\":\"Yunming MetalY\"},\"image\":{\"@id\":\"https:\/\/yunming-metal.com\/#\/schema\/logo\/image\/\"},\"sameAs\":[\"https:\/\/www.facebook.com\/YunmingMetal\",\"https:\/\/x.com\/fan_yunmimetal\",\"https:\/\/www.linkedin.com\/company\/yunming-metal\/\",\"https:\/\/www.instagram.com\/nora_jiang8\/\",\"https:\/\/www.youtube.com\/@yunmingmetal1\",\"https:\/\/www.tiktok.com\/@yunming_metal\"]}]}<\/script>\n<!-- \/ Yoast SEO Premium plugin. -->","yoast_head_json":{"title":"Stainless Steel Pipe Cross | Butt Weld Cross Tee","description":"Stainless steel pipe cross for 4-way piping. Butt weld fitting in 304, 316L, 2205. Equal and reducing types. ASME B16.9 compliant.","robots":{"index":"index","follow":"follow","max-snippet":"max-snippet:-1","max-image-preview":"max-image-preview:large","max-video-preview":"max-video-preview:-1"},"canonical":"https:\/\/yunming-metal.com\/es\/producto\/cruz-de-tubo-de-acero-inoxidable\/","og_locale":"es_ES","og_type":"article","og_title":"Pipe Cross","og_description":"Stainless steel pipe cross for 4-way piping. Butt weld fitting in 304, 316L, 2205. Equal and reducing types. ASME B16.9 compliant.","og_url":"https:\/\/yunming-metal.com\/es\/producto\/cruz-de-tubo-de-acero-inoxidable\/","og_site_name":"Yunming Metal - Stainless Steel Manufacturer &amp; Supplier","article_publisher":"https:\/\/www.facebook.com\/YunmingMetal","article_modified_time":"2025-06-01T11:35:12+00:00","og_image":[{"width":640,"height":640,"url":"https:\/\/yunming-metal.com\/wp-content\/uploads\/2024\/10\/butt-weld-pipe-cross-fitting-stainless-steel.jpg","type":"image\/jpeg"}],"twitter_card":"summary_large_image","twitter_site":"@fan_yunmimetal","twitter_misc":{"Tiempo de lectura":"3 minutos"},"schema":{"@context":"https:\/\/schema.org","@graph":[{"@type":"WebPage","@id":"https:\/\/yunming-metal.com\/product\/stainless-steel-pipe-cross\/","url":"https:\/\/yunming-metal.com\/product\/stainless-steel-pipe-cross\/","name":"Stainless Steel Pipe Cross | Butt Weld Cross Tee","isPartOf":{"@id":"https:\/\/yunming-metal.com\/#website"},"primaryImageOfPage":{"@id":"https:\/\/yunming-metal.com\/product\/stainless-steel-pipe-cross\/#primaryimage"},"image":{"@id":"https:\/\/yunming-metal.com\/product\/stainless-steel-pipe-cross\/#primaryimage"},"thumbnailUrl":"https:\/\/yunming-metal.com\/wp-content\/uploads\/2024\/10\/butt-weld-pipe-cross-fitting-stainless-steel.jpg","datePublished":"2024-10-26T16:44:54+00:00","dateModified":"2025-06-01T11:35:12+00:00","description":"Stainless steel pipe cross for 4-way piping. Butt weld fitting in 304, 316L, 2205. Equal and reducing types. ASME B16.9 compliant.","breadcrumb":{"@id":"https:\/\/yunming-metal.com\/product\/stainless-steel-pipe-cross\/#breadcrumb"},"inLanguage":"es","potentialAction":[{"@type":"ReadAction","target":["https:\/\/yunming-metal.com\/product\/stainless-steel-pipe-cross\/"]}]},{"@type":"ImageObject","inLanguage":"es","@id":"https:\/\/yunming-metal.com\/product\/stainless-steel-pipe-cross\/#primaryimage","url":"https:\/\/yunming-metal.com\/wp-content\/uploads\/2024\/10\/butt-weld-pipe-cross-fitting-stainless-steel.jpg","contentUrl":"https:\/\/yunming-metal.com\/wp-content\/uploads\/2024\/10\/butt-weld-pipe-cross-fitting-stainless-steel.jpg","width":640,"height":640,"caption":"Equal Pipe Cross for 4-Way Industrial Piping"},{"@type":"BreadcrumbList","@id":"https:\/\/yunming-metal.com\/product\/stainless-steel-pipe-cross\/#breadcrumb","itemListElement":[{"@type":"ListItem","position":1,"name":"\u9996\u9875","item":"https:\/\/yunming-metal.com\/"},{"@type":"ListItem","position":2,"name":"Products","item":"https:\/\/yunming-metal.com\/shop\/"},{"@type":"ListItem","position":3,"name":"Pipe Cross"}]},{"@type":"WebSite","@id":"https:\/\/yunming-metal.com\/#website","url":"https:\/\/yunming-metal.com\/","name":"yunming-metal.com","description":"High-Quality Stainless Steel Pipes, Plates &amp; Flanges","publisher":{"@id":"https:\/\/yunming-metal.com\/#organization"},"potentialAction":[{"@type":"SearchAction","target":{"@type":"EntryPoint","urlTemplate":"https:\/\/yunming-metal.com\/?s={search_term_string}"},"query-input":{"@type":"PropertyValueSpecification","valueRequired":true,"valueName":"search_term_string"}}],"inLanguage":"es"},{"@type":"Organization","@id":"https:\/\/yunming-metal.com\/#organization","name":"Yunming MetalY","alternateName":"Yunming Stainless Steel","url":"https:\/\/yunming-metal.com\/","logo":{"@type":"ImageObject","inLanguage":"es","@id":"https:\/\/yunming-metal.com\/#\/schema\/logo\/image\/","url":"https:\/\/yunming-metal.com\/wp-content\/uploads\/2025\/04\/yunming-metal-logo-featuring-a-minimalist-am-design-representing.png","contentUrl":"https:\/\/yunming-metal.com\/wp-content\/uploads\/2025\/04\/yunming-metal-logo-featuring-a-minimalist-am-design-representing.png","width":300,"height":300,"caption":"Yunming MetalY"},"image":{"@id":"https:\/\/yunming-metal.com\/#\/schema\/logo\/image\/"},"sameAs":["https:\/\/www.facebook.com\/YunmingMetal","https:\/\/x.com\/fan_yunmimetal","https:\/\/www.linkedin.com\/company\/yunming-metal\/","https:\/\/www.instagram.com\/nora_jiang8\/","https:\/\/www.youtube.com\/@yunmingmetal1","https:\/\/www.tiktok.com\/@yunming_metal"]}]}},"_links":{"self":[{"href":"https:\/\/yunming-metal.com\/es\/wp-json\/wp\/v2\/product\/2468","targetHints":{"allow":["GET"]}}],"collection":[{"href":"https:\/\/yunming-metal.com\/es\/wp-json\/wp\/v2\/product"}],"about":[{"href":"https:\/\/yunming-metal.com\/es\/wp-json\/wp\/v2\/types\/product"}],"replies":[{"embeddable":true,"href":"https:\/\/yunming-metal.com\/es\/wp-json\/wp\/v2\/comments?post=2468"}],"wp:featuredmedia":[{"embeddable":true,"href":"https:\/\/yunming-metal.com\/es\/wp-json\/wp\/v2\/media\/4788"}],"wp:attachment":[{"href":"https:\/\/yunming-metal.com\/es\/wp-json\/wp\/v2\/media?parent=2468"}],"wp:term":[{"taxonomy":"product_brand","embeddable":true,"href":"https:\/\/yunming-metal.com\/es\/wp-json\/wp\/v2\/product_brand?post=2468"},{"taxonomy":"product_cat","embeddable":true,"href":"https:\/\/yunming-metal.com\/es\/wp-json\/wp\/v2\/product_cat?post=2468"},{"taxonomy":"product_tag","embeddable":true,"href":"https:\/\/yunming-metal.com\/es\/wp-json\/wp\/v2\/product_tag?post=2468"}],"curies":[{"name":"wp","href":"https:\/\/api.w.org\/{rel}","templated":true}]}}