{"id":2470,"date":"2024-10-26T16:46:31","date_gmt":"2024-10-26T16:46:31","guid":{"rendered":"https:\/\/yunming-metal.com\/?post_type=product&#038;p=2470"},"modified":"2025-06-01T17:21:16","modified_gmt":"2025-06-01T09:21:16","slug":"stainless-steel-concentric-reducer","status":"publish","type":"product","link":"https:\/\/yunming-metal.com\/es\/producto\/reductor-concentrico-de-acero-inoxidable\/","title":{"rendered":"Reductor conc\u00e9ntrico"},"content":{"rendered":"<h2 data-start=\"158\" data-end=\"183\"><strong data-start=\"161\" data-end=\"181\">Productos<\/strong><\/h2>\n<p data-start=\"184\" data-end=\"530\">Un reductor conc\u00e9ntrico es un accesorio para soldar a tope que se utiliza para conectar tuber\u00edas de distintos di\u00e1metros manteniendo alineada la l\u00ednea central. Su forma c\u00f3nica sim\u00e9trica permite una transici\u00f3n suave del flujo y minimiza las turbulencias o p\u00e9rdidas de presi\u00f3n. Los reductores conc\u00e9ntricos se aplican ampliamente en tuber\u00edas horizontales o verticales donde se requiere una alineaci\u00f3n axial.<\/p>\n<h2 data-start=\"532\" data-end=\"558\"><strong data-start=\"535\" data-end=\"556\">\u00c1mbitos de aplicaci\u00f3n<\/strong><\/h2>\n<ul data-start=\"559\" data-end=\"809\">\n<li data-start=\"559\" data-end=\"597\">\n<p data-start=\"561\" data-end=\"597\">Oleoductos y gasoductos<\/p>\n<\/li>\n<li data-start=\"598\" data-end=\"645\">\n<p data-start=\"600\" data-end=\"645\">Unidades petroqu\u00edmicas y de transformaci\u00f3n qu\u00edmica<\/p>\n<\/li>\n<li data-start=\"646\" data-end=\"691\">\n<p data-start=\"648\" data-end=\"691\">Instalaciones de tratamiento de agua y aguas residuales<\/p>\n<\/li>\n<li data-start=\"692\" data-end=\"732\">\n<p data-start=\"694\" data-end=\"732\">Sistemas de tuber\u00edas marinas y en alta mar<\/p>\n<\/li>\n<li data-start=\"733\" data-end=\"771\">\n<p data-start=\"735\" data-end=\"771\">HVAC y conducci\u00f3n de fluidos industriales<\/p>\n<\/li>\n<li data-start=\"772\" data-end=\"809\">\n<p data-start=\"774\" data-end=\"809\">Sistemas de generaci\u00f3n de energ\u00eda y calderas<\/p>\n<\/li>\n<\/ul>\n<h2 data-start=\"811\" data-end=\"836\"><strong data-start=\"814\" data-end=\"834\">Caracter\u00edsticas del producto<\/strong><\/h2>\n<ul data-start=\"837\" data-end=\"1122\">\n<li data-start=\"837\" data-end=\"891\">\n<p data-start=\"839\" data-end=\"891\">El dise\u00f1o alineado en el centro garantiza una transici\u00f3n uniforme del flujo<\/p>\n<\/li>\n<li data-start=\"892\" data-end=\"948\">\n<p data-start=\"894\" data-end=\"948\">Conexi\u00f3n soldada a tope para uniones de tuber\u00edas de alta resistencia<\/p>\n<\/li>\n<li data-start=\"949\" data-end=\"996\">\n<p data-start=\"951\" data-end=\"996\">Disponibles en versi\u00f3n soldada y sin soldadura<\/p>\n<\/li>\n<li data-start=\"997\" data-end=\"1056\">\n<p data-start=\"999\" data-end=\"1056\">Resistente a la corrosi\u00f3n, las altas temperaturas y la presi\u00f3n<\/p>\n<\/li>\n<li data-start=\"1057\" data-end=\"1122\">\n<p data-start=\"1059\" data-end=\"1122\">Fabricado seg\u00fan ASME B16.9 y otras normas mundiales<\/p>\n<\/li>\n<\/ul>\n<h2 data-start=\"1124\" data-end=\"1155\"><strong data-start=\"1127\" data-end=\"1155\">Especificaciones t\u00e9cnicas<\/strong><\/h2>\n<div class=\"_tableContainer_16hzy_1\">\n<div class=\"_tableWrapper_16hzy_14 group flex w-fit flex-col-reverse\" tabindex=\"-1\">\n<table class=\"w-fit min-w-(--thread-content-width)\" data-start=\"1157\" data-end=\"2065\">\n<thead data-start=\"1157\" data-end=\"1247\">\n<tr data-start=\"1157\" data-end=\"1247\">\n<th data-start=\"1157\" data-end=\"1182\" data-col-size=\"sm\">Par\u00e1metro<\/th>\n<th data-start=\"1182\" data-end=\"1247\" data-col-size=\"md\">Gama de especificaciones<\/th>\n<\/tr>\n<\/thead>\n<tbody data-start=\"1339\" data-end=\"2065\">\n<tr data-start=\"1339\" data-end=\"1429\">\n<td data-start=\"1339\" data-end=\"1364\" data-col-size=\"sm\">NPS (tama\u00f1o nominal de la tuber\u00eda)<\/td>\n<td data-start=\"1364\" data-end=\"1429\" data-col-size=\"md\">1\/2\u2033 - 48\u2033<\/td>\n<\/tr>\n<tr data-start=\"1430\" data-end=\"1520\">\n<td data-start=\"1430\" data-end=\"1455\" data-col-size=\"sm\">Di\u00e1metro exterior<\/td>\n<td data-start=\"1455\" data-end=\"1520\" data-col-size=\"md\">21,3 mm - 1219 mm (aprox. \u00b9\u00b3\u2044\u2081\u2086\u2033 - 48\u2033)<\/td>\n<\/tr>\n<tr data-start=\"1521\" data-end=\"1610\">\n<td data-start=\"1521\" data-end=\"1546\" data-col-size=\"sm\">Espesor de pared<\/td>\n<td data-col-size=\"md\" data-start=\"1546\" data-end=\"1610\">2 mm - 20 mm (aprox. \u00b9\u2044\u2081\u2086\u2033 - \u00b9\u00b3\u2044\u2081\u2086\u2033)<\/td>\n<\/tr>\n<tr data-start=\"1611\" data-end=\"1701\">\n<td data-start=\"1611\" data-end=\"1636\" data-col-size=\"sm\">Grados de material<\/td>\n<td data-col-size=\"md\" data-start=\"1636\" data-end=\"1701\">304 \/ 304L \/ 316L \/ 321 \/ 310S \/ 2205 \/ 2507 etc.<\/td>\n<\/tr>\n<tr data-start=\"1702\" data-end=\"1792\">\n<td data-start=\"1702\" data-end=\"1727\" data-col-size=\"sm\">Tipo de conexi\u00f3n<\/td>\n<td data-start=\"1727\" data-end=\"1792\" data-col-size=\"md\">Soldado a tope<\/td>\n<\/tr>\n<tr data-start=\"1793\" data-end=\"1882\">\n<td data-start=\"1793\" data-end=\"1818\" data-col-size=\"sm\">Acabado superficial<\/td>\n<td data-start=\"1818\" data-end=\"1882\" data-col-size=\"md\">Granallado \/ Decapado \/ Laminado<\/td>\n<\/tr>\n<tr data-start=\"1883\" data-end=\"1974\">\n<td data-start=\"1883\" data-end=\"1908\" data-col-size=\"sm\">Cumplimiento de las normas<\/td>\n<td data-start=\"1908\" data-end=\"1974\" data-col-size=\"md\">ASME B16.9, EN, DIN, JIS<\/td>\n<\/tr>\n<tr data-start=\"1975\" data-end=\"2065\">\n<td data-start=\"1975\" data-end=\"2000\" data-col-size=\"sm\">Embalaje<\/td>\n<td data-start=\"2000\" data-end=\"2065\" data-col-size=\"md\">Bolsas tejidas, cajas de madera o embalajes est\u00e1ndar para exportaci\u00f3n<\/td>\n<\/tr>\n<\/tbody>\n<\/table>\n<div class=\"sticky end-(--thread-content-margin) h-0 self-end select-none\">\n<div class=\"absolute end-0 flex items-end\"><\/div>\n<\/div>\n<\/div>\n<\/div>\n<h2 data-start=\"2067\" data-end=\"2097\"><strong data-start=\"2070\" data-end=\"2095\">Proceso de fabricaci\u00f3n<\/strong><\/h2>\n<ol data-start=\"2098\" data-end=\"2334\">\n<li data-start=\"2098\" data-end=\"2148\">\n<p data-start=\"2101\" data-end=\"2148\">Selecci\u00f3n de materias primas e inspecci\u00f3n de calidad<\/p>\n<\/li>\n<li data-start=\"2149\" data-end=\"2190\">\n<p data-start=\"2152\" data-end=\"2190\">Conformado en caliente o en fr\u00edo en forma de reductor<\/p>\n<\/li>\n<li data-start=\"2191\" data-end=\"2227\">\n<p data-start=\"2194\" data-end=\"2227\">Recorte y biselado de precisi\u00f3n<\/p>\n<\/li>\n<li data-start=\"2228\" data-end=\"2270\">\n<p data-start=\"2231\" data-end=\"2270\">Tratamiento t\u00e9rmico y tratamiento de superficies<\/p>\n<\/li>\n<li data-start=\"2271\" data-end=\"2308\">\n<p data-start=\"2274\" data-end=\"2308\">Pruebas dimensionales y de presi\u00f3n<\/p>\n<\/li>\n<li data-start=\"2309\" data-end=\"2334\">\n<p data-start=\"2312\" data-end=\"2334\">Envasado y etiquetado<\/p>\n<\/li>\n<\/ol>\n<h2 data-start=\"2336\" data-end=\"2369\"><strong data-start=\"2339\" data-end=\"2369\">Preguntas frecuentes<\/strong><\/h2>\n<p data-start=\"2371\" data-end=\"2554\"><strong data-start=\"2371\" data-end=\"2429\">P1: \u00bfCu\u00e1l es la funci\u00f3n principal de un reductor conc\u00e9ntrico?<\/strong><br data-start=\"2429\" data-end=\"2432\" \/>A1: Reduce el tama\u00f1o de la tuber\u00eda a la vez que mantiene la alineaci\u00f3n de la l\u00ednea central, garantizando un flujo estable en tuber\u00edas horizontales o verticales.<\/p>\n<p data-start=\"2556\" data-end=\"2691\"><strong data-start=\"2556\" data-end=\"2599\">P2: \u00bfQu\u00e9 calidades de material hay disponibles?<\/strong><br data-start=\"2599\" data-end=\"2602\" \/>A2: Ofrecemos calidades de acero inoxidable como 304, 304L, 316L, 321, 310S, 2205 y 2507.<\/p>\n<p data-start=\"2693\" data-end=\"2874\"><strong data-start=\"2693\" data-end=\"2765\">P3: \u00bfHay alguna diferencia entre los reductores conc\u00e9ntricos y exc\u00e9ntricos?<\/strong><br data-start=\"2765\" data-end=\"2768\" \/>A3: S\u00ed, los reductores conc\u00e9ntricos alinean la l\u00ednea central de ambos tubos, mientras que los reductores exc\u00e9ntricos desplazan un lado.<\/p>\n<p data-start=\"2876\" data-end=\"3005\"><strong data-start=\"2876\" data-end=\"2909\">P4: \u00bfQu\u00e9 tallas suministran?<\/strong><br data-start=\"2909\" data-end=\"2912\" \/>A4: Los tama\u00f1os van de 1\/2\u2033 a 48\u2033 en varios grosores de pared para satisfacer las diferentes necesidades de los proyectos.<\/p>\n<p data-start=\"3007\" data-end=\"3156\"><strong data-start=\"3007\" data-end=\"3042\">P5: \u00bfSe pueden personalizar los reductores?<\/strong><br data-start=\"3042\" data-end=\"3045\" \/>A5: S\u00ed, las dimensiones, el grosor de las paredes y los tratamientos superficiales pueden adaptarse a las necesidades del cliente.<\/p>\n<h2 data-start=\"3158\" data-end=\"3188\"><strong data-start=\"3161\" data-end=\"3186\">\u00bfA\u00fan tiene preguntas?<\/strong><\/h2>\n<p data-start=\"3189\" data-end=\"3374\">No dude en ponerse en contacto con nosotros para obtener m\u00e1s informaci\u00f3n o comentar sus necesidades de reductores personalizados. Nuestro equipo de asistencia t\u00e9cnica est\u00e1 preparado para ayudarle con las especificaciones, las certificaciones y la entrega.<\/p>","protected":false},"excerpt":{"rendered":"<p>Yunming Metal proporciona reductores conc\u00e9ntricos de acero inoxidable para las transiciones de tama\u00f1o de tuber\u00eda sin problemas, manteniendo la alineaci\u00f3n de la l\u00ednea central. Disponible en 304, 316L, y 2205 grados, estos accesorios de soldadura a tope son ideales para tuber\u00edas de fluidos que requieren estabilidad de flujo.<\/p>","protected":false},"featured_media":4782,"comment_status":"open","ping_status":"closed","template":"","meta":{"site-sidebar-layout":"default","site-content-layout":"","ast-site-content-layout":"default","site-content-style":"default","site-sidebar-style":"default","ast-global-header-display":"","ast-banner-title-visibility":"","ast-main-header-display":"","ast-hfb-above-header-display":"","ast-hfb-below-header-display":"","ast-hfb-mobile-header-display":"","site-post-title":"","ast-breadcrumbs-content":"","ast-featured-img":"","footer-sml-layout":"","theme-transparent-header-meta":"default","adv-header-id-meta":"","stick-header-meta":"","header-above-stick-meta":"","header-main-stick-meta":"","header-below-stick-meta":"","astra-migrate-meta-layouts":"set","ast-page-background-enabled":"default","ast-page-background-meta":{"desktop":{"background-color":"","background-image":"","background-repeat":"repeat","background-position":"center center","background-size":"auto","background-attachment":"scroll","background-type":"","background-media":"","overlay-type":"","overlay-color":"","overlay-opacity":"","overlay-gradient":""},"tablet":{"background-color":"","background-image":"","background-repeat":"repeat","background-position":"center center","background-size":"auto","background-attachment":"scroll","background-type":"","background-media":"","overlay-type":"","overlay-color":"","overlay-opacity":"","overlay-gradient":""},"mobile":{"background-color":"","background-image":"","background-repeat":"repeat","background-position":"center center","background-size":"auto","background-attachment":"scroll","background-type":"","background-media":"","overlay-type":"","overlay-color":"","overlay-opacity":"","overlay-gradient":""}},"ast-content-background-meta":{"desktop":{"background-color":"var(--ast-global-color-5)","background-image":"","background-repeat":"repeat","background-position":"center center","background-size":"auto","background-attachment":"scroll","background-type":"","background-media":"","overlay-type":"","overlay-color":"","overlay-opacity":"","overlay-gradient":""},"tablet":{"background-color":"var(--ast-global-color-5)","background-image":"","background-repeat":"repeat","background-position":"center center","background-size":"auto","background-attachment":"scroll","background-type":"","background-media":"","overlay-type":"","overlay-color":"","overlay-opacity":"","overlay-gradient":""},"mobile":{"background-color":"var(--ast-global-color-5)","background-image":"","background-repeat":"repeat","background-position":"center center","background-size":"auto","background-attachment":"scroll","background-type":"","background-media":"","overlay-type":"","overlay-color":"","overlay-opacity":"","overlay-gradient":""}}},"product_brand":[],"product_cat":[29],"product_tag":[],"class_list":{"0":"post-2470","1":"product","2":"type-product","3":"status-publish","4":"has-post-thumbnail","6":"product_cat-stainless-steel-pipe-fittings","7":"desktop-align-left","8":"tablet-align-left","9":"mobile-align-left","11":"first","12":"instock","13":"shipping-taxable","14":"product-type-simple"},"yoast_head":"<!-- This site is optimized with the Yoast SEO Premium plugin v24.9 (Yoast SEO v26.8) - https:\/\/yoast.com\/product\/yoast-seo-premium-wordpress\/ -->\n<title>Stainless Steel Concentric Reducer | Butt Weld Pipe Fitting<\/title>\n<meta name=\"description\" content=\"Stainless steel concentric reducers with butt weld ends. Available in 304, 316L, 321, and duplex grades. ASME B16.9 compliant.\" \/>\n<meta name=\"robots\" content=\"index, follow, max-snippet:-1, max-image-preview:large, max-video-preview:-1\" \/>\n<link rel=\"canonical\" href=\"https:\/\/yunming-metal.com\/es\/producto\/reductor-concentrico-de-acero-inoxidable\/\" \/>\n<meta property=\"og:locale\" content=\"es_ES\" \/>\n<meta property=\"og:type\" content=\"article\" \/>\n<meta property=\"og:title\" content=\"Concentric\u2002Reducer\" \/>\n<meta property=\"og:description\" content=\"Stainless steel concentric reducers with butt weld ends. Available in 304, 316L, 321, and duplex grades. ASME B16.9 compliant.\" \/>\n<meta property=\"og:url\" content=\"https:\/\/yunming-metal.com\/es\/producto\/reductor-concentrico-de-acero-inoxidable\/\" \/>\n<meta property=\"og:site_name\" content=\"Yunming Metal - Stainless Steel Manufacturer &amp; Supplier\" \/>\n<meta property=\"article:publisher\" content=\"https:\/\/www.facebook.com\/YunmingMetal\" \/>\n<meta property=\"article:modified_time\" content=\"2025-06-01T09:21:16+00:00\" \/>\n<meta property=\"og:image\" content=\"https:\/\/yunming-metal.com\/wp-content\/uploads\/2024\/10\/stainless-steel-concentric-reducer-butt-weld-pipe-fitting.jpg\" \/>\n\t<meta property=\"og:image:width\" content=\"300\" \/>\n\t<meta property=\"og:image:height\" content=\"300\" \/>\n\t<meta property=\"og:image:type\" content=\"image\/jpeg\" \/>\n<meta name=\"twitter:card\" content=\"summary_large_image\" \/>\n<meta name=\"twitter:site\" content=\"@fan_yunmimetal\" \/>\n<meta name=\"twitter:label1\" content=\"Tiempo de lectura\" \/>\n\t<meta name=\"twitter:data1\" content=\"3 minutos\" \/>\n<script type=\"application\/ld+json\" class=\"yoast-schema-graph\">{\"@context\":\"https:\/\/schema.org\",\"@graph\":[{\"@type\":\"WebPage\",\"@id\":\"https:\/\/yunming-metal.com\/product\/stainless-steel-concentric-reducer\/\",\"url\":\"https:\/\/yunming-metal.com\/product\/stainless-steel-concentric-reducer\/\",\"name\":\"Stainless Steel Concentric Reducer | Butt Weld Pipe Fitting\",\"isPartOf\":{\"@id\":\"https:\/\/yunming-metal.com\/#website\"},\"primaryImageOfPage\":{\"@id\":\"https:\/\/yunming-metal.com\/product\/stainless-steel-concentric-reducer\/#primaryimage\"},\"image\":{\"@id\":\"https:\/\/yunming-metal.com\/product\/stainless-steel-concentric-reducer\/#primaryimage\"},\"thumbnailUrl\":\"https:\/\/yunming-metal.com\/wp-content\/uploads\/2024\/10\/stainless-steel-concentric-reducer-butt-weld-pipe-fitting.jpg\",\"datePublished\":\"2024-10-26T16:46:31+00:00\",\"dateModified\":\"2025-06-01T09:21:16+00:00\",\"description\":\"Stainless steel concentric reducers with butt weld ends. Available in 304, 316L, 321, and duplex grades. ASME B16.9 compliant.\",\"breadcrumb\":{\"@id\":\"https:\/\/yunming-metal.com\/product\/stainless-steel-concentric-reducer\/#breadcrumb\"},\"inLanguage\":\"es\",\"potentialAction\":[{\"@type\":\"ReadAction\",\"target\":[\"https:\/\/yunming-metal.com\/product\/stainless-steel-concentric-reducer\/\"]}]},{\"@type\":\"ImageObject\",\"inLanguage\":\"es\",\"@id\":\"https:\/\/yunming-metal.com\/product\/stainless-steel-concentric-reducer\/#primaryimage\",\"url\":\"https:\/\/yunming-metal.com\/wp-content\/uploads\/2024\/10\/stainless-steel-concentric-reducer-butt-weld-pipe-fitting.jpg\",\"contentUrl\":\"https:\/\/yunming-metal.com\/wp-content\/uploads\/2024\/10\/stainless-steel-concentric-reducer-butt-weld-pipe-fitting.jpg\",\"width\":300,\"height\":300,\"caption\":\"Stainless Steel Butt Weld Concentric Reducer for Pipe Size Transition\"},{\"@type\":\"BreadcrumbList\",\"@id\":\"https:\/\/yunming-metal.com\/product\/stainless-steel-concentric-reducer\/#breadcrumb\",\"itemListElement\":[{\"@type\":\"ListItem\",\"position\":1,\"name\":\"\u9996\u9875\",\"item\":\"https:\/\/yunming-metal.com\/\"},{\"@type\":\"ListItem\",\"position\":2,\"name\":\"Products\",\"item\":\"https:\/\/yunming-metal.com\/shop\/\"},{\"@type\":\"ListItem\",\"position\":3,\"name\":\"Concentric\u2002Reducer\"}]},{\"@type\":\"WebSite\",\"@id\":\"https:\/\/yunming-metal.com\/#website\",\"url\":\"https:\/\/yunming-metal.com\/\",\"name\":\"yunming-metal.com\",\"description\":\"High-Quality Stainless Steel Pipes, Plates &amp; Flanges\",\"publisher\":{\"@id\":\"https:\/\/yunming-metal.com\/#organization\"},\"potentialAction\":[{\"@type\":\"SearchAction\",\"target\":{\"@type\":\"EntryPoint\",\"urlTemplate\":\"https:\/\/yunming-metal.com\/?s={search_term_string}\"},\"query-input\":{\"@type\":\"PropertyValueSpecification\",\"valueRequired\":true,\"valueName\":\"search_term_string\"}}],\"inLanguage\":\"es\"},{\"@type\":\"Organization\",\"@id\":\"https:\/\/yunming-metal.com\/#organization\",\"name\":\"Yunming MetalY\",\"alternateName\":\"Yunming Stainless Steel\",\"url\":\"https:\/\/yunming-metal.com\/\",\"logo\":{\"@type\":\"ImageObject\",\"inLanguage\":\"es\",\"@id\":\"https:\/\/yunming-metal.com\/#\/schema\/logo\/image\/\",\"url\":\"https:\/\/yunming-metal.com\/wp-content\/uploads\/2025\/04\/yunming-metal-logo-featuring-a-minimalist-am-design-representing.png\",\"contentUrl\":\"https:\/\/yunming-metal.com\/wp-content\/uploads\/2025\/04\/yunming-metal-logo-featuring-a-minimalist-am-design-representing.png\",\"width\":300,\"height\":300,\"caption\":\"Yunming MetalY\"},\"image\":{\"@id\":\"https:\/\/yunming-metal.com\/#\/schema\/logo\/image\/\"},\"sameAs\":[\"https:\/\/www.facebook.com\/YunmingMetal\",\"https:\/\/x.com\/fan_yunmimetal\",\"https:\/\/www.linkedin.com\/company\/yunming-metal\/\",\"https:\/\/www.instagram.com\/nora_jiang8\/\",\"https:\/\/www.youtube.com\/@yunmingmetal1\",\"https:\/\/www.tiktok.com\/@yunming_metal\"]}]}<\/script>\n<!-- \/ Yoast SEO Premium plugin. -->","yoast_head_json":{"title":"Stainless Steel Concentric Reducer | Butt Weld Pipe Fitting","description":"Stainless steel concentric reducers with butt weld ends. Available in 304, 316L, 321, and duplex grades. ASME B16.9 compliant.","robots":{"index":"index","follow":"follow","max-snippet":"max-snippet:-1","max-image-preview":"max-image-preview:large","max-video-preview":"max-video-preview:-1"},"canonical":"https:\/\/yunming-metal.com\/es\/producto\/reductor-concentrico-de-acero-inoxidable\/","og_locale":"es_ES","og_type":"article","og_title":"Concentric\u2002Reducer","og_description":"Stainless steel concentric reducers with butt weld ends. Available in 304, 316L, 321, and duplex grades. ASME B16.9 compliant.","og_url":"https:\/\/yunming-metal.com\/es\/producto\/reductor-concentrico-de-acero-inoxidable\/","og_site_name":"Yunming Metal - Stainless Steel Manufacturer &amp; Supplier","article_publisher":"https:\/\/www.facebook.com\/YunmingMetal","article_modified_time":"2025-06-01T09:21:16+00:00","og_image":[{"width":300,"height":300,"url":"https:\/\/yunming-metal.com\/wp-content\/uploads\/2024\/10\/stainless-steel-concentric-reducer-butt-weld-pipe-fitting.jpg","type":"image\/jpeg"}],"twitter_card":"summary_large_image","twitter_site":"@fan_yunmimetal","twitter_misc":{"Tiempo de lectura":"3 minutos"},"schema":{"@context":"https:\/\/schema.org","@graph":[{"@type":"WebPage","@id":"https:\/\/yunming-metal.com\/product\/stainless-steel-concentric-reducer\/","url":"https:\/\/yunming-metal.com\/product\/stainless-steel-concentric-reducer\/","name":"Stainless Steel Concentric Reducer | Butt Weld Pipe Fitting","isPartOf":{"@id":"https:\/\/yunming-metal.com\/#website"},"primaryImageOfPage":{"@id":"https:\/\/yunming-metal.com\/product\/stainless-steel-concentric-reducer\/#primaryimage"},"image":{"@id":"https:\/\/yunming-metal.com\/product\/stainless-steel-concentric-reducer\/#primaryimage"},"thumbnailUrl":"https:\/\/yunming-metal.com\/wp-content\/uploads\/2024\/10\/stainless-steel-concentric-reducer-butt-weld-pipe-fitting.jpg","datePublished":"2024-10-26T16:46:31+00:00","dateModified":"2025-06-01T09:21:16+00:00","description":"Stainless steel concentric reducers with butt weld ends. Available in 304, 316L, 321, and duplex grades. ASME B16.9 compliant.","breadcrumb":{"@id":"https:\/\/yunming-metal.com\/product\/stainless-steel-concentric-reducer\/#breadcrumb"},"inLanguage":"es","potentialAction":[{"@type":"ReadAction","target":["https:\/\/yunming-metal.com\/product\/stainless-steel-concentric-reducer\/"]}]},{"@type":"ImageObject","inLanguage":"es","@id":"https:\/\/yunming-metal.com\/product\/stainless-steel-concentric-reducer\/#primaryimage","url":"https:\/\/yunming-metal.com\/wp-content\/uploads\/2024\/10\/stainless-steel-concentric-reducer-butt-weld-pipe-fitting.jpg","contentUrl":"https:\/\/yunming-metal.com\/wp-content\/uploads\/2024\/10\/stainless-steel-concentric-reducer-butt-weld-pipe-fitting.jpg","width":300,"height":300,"caption":"Stainless Steel Butt Weld Concentric Reducer for Pipe Size Transition"},{"@type":"BreadcrumbList","@id":"https:\/\/yunming-metal.com\/product\/stainless-steel-concentric-reducer\/#breadcrumb","itemListElement":[{"@type":"ListItem","position":1,"name":"\u9996\u9875","item":"https:\/\/yunming-metal.com\/"},{"@type":"ListItem","position":2,"name":"Products","item":"https:\/\/yunming-metal.com\/shop\/"},{"@type":"ListItem","position":3,"name":"Concentric\u2002Reducer"}]},{"@type":"WebSite","@id":"https:\/\/yunming-metal.com\/#website","url":"https:\/\/yunming-metal.com\/","name":"yunming-metal.com","description":"High-Quality Stainless Steel Pipes, Plates &amp; Flanges","publisher":{"@id":"https:\/\/yunming-metal.com\/#organization"},"potentialAction":[{"@type":"SearchAction","target":{"@type":"EntryPoint","urlTemplate":"https:\/\/yunming-metal.com\/?s={search_term_string}"},"query-input":{"@type":"PropertyValueSpecification","valueRequired":true,"valueName":"search_term_string"}}],"inLanguage":"es"},{"@type":"Organization","@id":"https:\/\/yunming-metal.com\/#organization","name":"Yunming MetalY","alternateName":"Yunming Stainless Steel","url":"https:\/\/yunming-metal.com\/","logo":{"@type":"ImageObject","inLanguage":"es","@id":"https:\/\/yunming-metal.com\/#\/schema\/logo\/image\/","url":"https:\/\/yunming-metal.com\/wp-content\/uploads\/2025\/04\/yunming-metal-logo-featuring-a-minimalist-am-design-representing.png","contentUrl":"https:\/\/yunming-metal.com\/wp-content\/uploads\/2025\/04\/yunming-metal-logo-featuring-a-minimalist-am-design-representing.png","width":300,"height":300,"caption":"Yunming MetalY"},"image":{"@id":"https:\/\/yunming-metal.com\/#\/schema\/logo\/image\/"},"sameAs":["https:\/\/www.facebook.com\/YunmingMetal","https:\/\/x.com\/fan_yunmimetal","https:\/\/www.linkedin.com\/company\/yunming-metal\/","https:\/\/www.instagram.com\/nora_jiang8\/","https:\/\/www.youtube.com\/@yunmingmetal1","https:\/\/www.tiktok.com\/@yunming_metal"]}]}},"_links":{"self":[{"href":"https:\/\/yunming-metal.com\/es\/wp-json\/wp\/v2\/product\/2470","targetHints":{"allow":["GET"]}}],"collection":[{"href":"https:\/\/yunming-metal.com\/es\/wp-json\/wp\/v2\/product"}],"about":[{"href":"https:\/\/yunming-metal.com\/es\/wp-json\/wp\/v2\/types\/product"}],"replies":[{"embeddable":true,"href":"https:\/\/yunming-metal.com\/es\/wp-json\/wp\/v2\/comments?post=2470"}],"wp:featuredmedia":[{"embeddable":true,"href":"https:\/\/yunming-metal.com\/es\/wp-json\/wp\/v2\/media\/4782"}],"wp:attachment":[{"href":"https:\/\/yunming-metal.com\/es\/wp-json\/wp\/v2\/media?parent=2470"}],"wp:term":[{"taxonomy":"product_brand","embeddable":true,"href":"https:\/\/yunming-metal.com\/es\/wp-json\/wp\/v2\/product_brand?post=2470"},{"taxonomy":"product_cat","embeddable":true,"href":"https:\/\/yunming-metal.com\/es\/wp-json\/wp\/v2\/product_cat?post=2470"},{"taxonomy":"product_tag","embeddable":true,"href":"https:\/\/yunming-metal.com\/es\/wp-json\/wp\/v2\/product_tag?post=2470"}],"curies":[{"name":"wp","href":"https:\/\/api.w.org\/{rel}","templated":true}]}}