{"id":2474,"date":"2024-10-26T16:49:38","date_gmt":"2024-10-26T16:49:38","guid":{"rendered":"https:\/\/yunming-metal.com\/?post_type=product&#038;p=2474"},"modified":"2025-06-01T17:52:23","modified_gmt":"2025-06-01T09:52:23","slug":"stainless-steel-stub-end","status":"publish","type":"product","link":"https:\/\/yunming-metal.com\/es\/producto\/manguito-de-acero-inoxidable\/","title":{"rendered":"Stub End"},"content":{"rendered":"<h2 data-start=\"193\" data-end=\"218\"><strong data-start=\"196\" data-end=\"216\">Productos<\/strong><\/h2>\n<p data-start=\"219\" data-end=\"574\">Un manguito es un accesorio para tuber\u00edas que se utiliza junto con bridas de junta solapada. Permite que la brida gire libremente alrededor de la tuber\u00eda, lo que facilita la alineaci\u00f3n de los pernos y el desmontaje en aplicaciones de alta corrosi\u00f3n o alto n\u00famero de ciclos. Los manguitos se utilizan mucho cuando es necesario desmontar tuber\u00edas con frecuencia, sobre todo en sistemas de tuber\u00edas de acero inoxidable y revestidas.<\/p>\n<h2 data-start=\"576\" data-end=\"602\"><strong data-start=\"579\" data-end=\"600\">\u00c1mbitos de aplicaci\u00f3n<\/strong><\/h2>\n<ul data-start=\"603\" data-end=\"847\">\n<li data-start=\"603\" data-end=\"640\">\n<p data-start=\"605\" data-end=\"640\">Plantas petroqu\u00edmicas y qu\u00edmicas<\/p>\n<\/li>\n<li data-start=\"641\" data-end=\"679\">\n<p data-start=\"643\" data-end=\"679\">Tuber\u00edas farmac\u00e9uticas e higi\u00e9nicas<\/p>\n<\/li>\n<li data-start=\"680\" data-end=\"724\">\n<p data-start=\"682\" data-end=\"724\">Sistemas de desalinizaci\u00f3n y tratamiento del agua<\/p>\n<\/li>\n<li data-start=\"725\" data-end=\"763\">\n<p data-start=\"727\" data-end=\"763\">L\u00edneas de procesado de alimentos y bebidas<\/p>\n<\/li>\n<li data-start=\"764\" data-end=\"799\">\n<p data-start=\"766\" data-end=\"799\">Ingenier\u00eda mar\u00edtima y de alta mar<\/p>\n<\/li>\n<li data-start=\"800\" data-end=\"847\">\n<p data-start=\"802\" data-end=\"847\">Sistemas de tuber\u00edas que requieren un mantenimiento frecuente<\/p>\n<\/li>\n<\/ul>\n<h2 data-start=\"849\" data-end=\"874\"><strong data-start=\"852\" data-end=\"872\">Caracter\u00edsticas del producto<\/strong><\/h2>\n<ul data-start=\"875\" data-end=\"1186\">\n<li data-start=\"875\" data-end=\"942\">\n<p data-start=\"877\" data-end=\"942\">Se utiliza con bridas de junta solapada para facilitar la instalaci\u00f3n y la alineaci\u00f3n<\/p>\n<\/li>\n<li data-start=\"943\" data-end=\"1004\">\n<p data-start=\"945\" data-end=\"1004\">Ideal para el movimiento de bridas no soldadas y el desmontaje de tuber\u00edas<\/p>\n<\/li>\n<li data-start=\"1005\" data-end=\"1063\">\n<p data-start=\"1007\" data-end=\"1063\">Disponible en patr\u00f3n largo y corto (Tipo A, B y C)<\/p>\n<\/li>\n<li data-start=\"1064\" data-end=\"1117\">\n<p data-start=\"1066\" data-end=\"1117\">Alta resistencia a la corrosi\u00f3n y resistencia mec\u00e1nica<\/p>\n<\/li>\n<li data-start=\"1118\" data-end=\"1186\">\n<p data-start=\"1120\" data-end=\"1186\">Fabricado seg\u00fan las normas ASME B16.9, MSS-SP-43 y DIN<\/p>\n<\/li>\n<\/ul>\n<h2 data-start=\"1188\" data-end=\"1219\"><strong data-start=\"1191\" data-end=\"1219\">Especificaciones t\u00e9cnicas<\/strong><\/h2>\n<div class=\"_tableContainer_16hzy_1\">\n<div class=\"_tableWrapper_16hzy_14 group flex w-fit flex-col-reverse\" tabindex=\"-1\">\n<table class=\"w-fit min-w-(--thread-content-width)\" data-start=\"1221\" data-end=\"2219\">\n<thead data-start=\"1221\" data-end=\"1311\">\n<tr data-start=\"1221\" data-end=\"1311\">\n<th data-start=\"1221\" data-end=\"1246\" data-col-size=\"sm\">Par\u00e1metro<\/th>\n<th data-start=\"1246\" data-end=\"1311\" data-col-size=\"md\">Gama de especificaciones<\/th>\n<\/tr>\n<\/thead>\n<tbody data-start=\"1403\" data-end=\"2219\">\n<tr data-start=\"1403\" data-end=\"1493\">\n<td data-start=\"1403\" data-end=\"1428\" data-col-size=\"sm\">NPS (tama\u00f1o nominal de la tuber\u00eda)<\/td>\n<td data-start=\"1428\" data-end=\"1493\" data-col-size=\"md\">1\/2\u2033 - 48\u2033<\/td>\n<\/tr>\n<tr data-start=\"1494\" data-end=\"1584\">\n<td data-start=\"1494\" data-end=\"1519\" data-col-size=\"sm\">Di\u00e1metro exterior<\/td>\n<td data-start=\"1519\" data-end=\"1584\" data-col-size=\"md\">21,3 mm - 1219 mm (aprox. \u00b9\u00b3\u2044\u2081\u2086\u2033 - 48\u2033)<\/td>\n<\/tr>\n<tr data-start=\"1585\" data-end=\"1674\">\n<td data-start=\"1585\" data-end=\"1610\" data-col-size=\"sm\">Espesor de pared<\/td>\n<td data-start=\"1610\" data-end=\"1674\" data-col-size=\"md\">2 mm - 20 mm (aprox. \u00b9\u2044\u2081\u2086\u2033 - \u00b9\u00b3\u2044\u2081\u2086\u2033)<\/td>\n<\/tr>\n<tr data-start=\"1675\" data-end=\"1765\">\n<td data-start=\"1675\" data-end=\"1700\" data-col-size=\"sm\">Tipos<\/td>\n<td data-start=\"1700\" data-end=\"1765\" data-col-size=\"md\">Tipo A \/ Tipo B \/ Tipo C<\/td>\n<\/tr>\n<tr data-start=\"1766\" data-end=\"1856\">\n<td data-start=\"1766\" data-end=\"1791\" data-col-size=\"sm\">Grados de material<\/td>\n<td data-start=\"1791\" data-end=\"1856\" data-col-size=\"md\">304 \/ 304L \/ 316L \/ 321 \/ 310S \/ 2205 \/ 2507 etc.<\/td>\n<\/tr>\n<tr data-start=\"1857\" data-end=\"1946\">\n<td data-start=\"1857\" data-end=\"1882\" data-col-size=\"sm\">Acabado superficial<\/td>\n<td data-start=\"1882\" data-end=\"1946\" data-col-size=\"md\">Decapado \/ Granallado \/ Pulido<\/td>\n<\/tr>\n<tr data-start=\"1947\" data-end=\"2037\">\n<td data-start=\"1947\" data-end=\"1972\" data-col-size=\"sm\">Cumplimiento de las normas<\/td>\n<td data-start=\"1972\" data-end=\"2037\" data-col-size=\"md\">ASME B16.9, MSS-SP-43, EN, DIN<\/td>\n<\/tr>\n<tr data-start=\"2038\" data-end=\"2128\">\n<td data-start=\"2038\" data-end=\"2063\" data-col-size=\"sm\">Tipo de conexi\u00f3n<\/td>\n<td data-start=\"2063\" data-end=\"2128\" data-col-size=\"md\">Soldado a tope<\/td>\n<\/tr>\n<tr data-start=\"2129\" data-end=\"2219\">\n<td data-start=\"2129\" data-end=\"2154\" data-col-size=\"sm\">Embalaje<\/td>\n<td data-start=\"2154\" data-end=\"2219\" data-col-size=\"md\">Bolsas tejidas, cajas de madera o embalajes est\u00e1ndar para exportaci\u00f3n<\/td>\n<\/tr>\n<\/tbody>\n<\/table>\n<div class=\"sticky end-(--thread-content-margin) h-0 self-end select-none\">\n<div class=\"absolute end-0 flex items-end\"><\/div>\n<\/div>\n<\/div>\n<\/div>\n<h2 data-start=\"2221\" data-end=\"2251\"><strong data-start=\"2224\" data-end=\"2249\">Proceso de fabricaci\u00f3n<\/strong><\/h2>\n<ol data-start=\"2252\" data-end=\"2487\">\n<li data-start=\"2252\" data-end=\"2301\">\n<p data-start=\"2255\" data-end=\"2301\">Corte y conformado de tubos de acero inoxidable<\/p>\n<\/li>\n<li data-start=\"2302\" data-end=\"2328\">\n<p data-start=\"2305\" data-end=\"2328\">Conformado del collar\u00edn de brida<\/p>\n<\/li>\n<li data-start=\"2329\" data-end=\"2366\">\n<p data-start=\"2332\" data-end=\"2366\">Mecanizado de precisi\u00f3n (stub + lap)<\/p>\n<\/li>\n<li data-start=\"2367\" data-end=\"2413\">\n<p data-start=\"2370\" data-end=\"2413\">Tratamiento de superficies (decapado o pulido)<\/p>\n<\/li>\n<li data-start=\"2414\" data-end=\"2462\">\n<p data-start=\"2417\" data-end=\"2462\">Pruebas dimensionales y de conformidad con las normas<\/p>\n<\/li>\n<li data-start=\"2463\" data-end=\"2487\">\n<p data-start=\"2466\" data-end=\"2487\">Marcado y envasado<\/p>\n<\/li>\n<\/ol>\n<h2 data-start=\"2489\" data-end=\"2522\"><strong data-start=\"2492\" data-end=\"2522\">Preguntas frecuentes<\/strong><\/h2>\n<p data-start=\"2524\" data-end=\"2670\"><strong data-start=\"2524\" data-end=\"2567\">P1: \u00bfCu\u00e1l es la funci\u00f3n de un stub end?<\/strong><br data-start=\"2567\" data-end=\"2570\" \/>A1: Se utiliza con bridas de junta solapada para permitir la rotaci\u00f3n y facilitar el desmontaje en sistemas de tuber\u00edas.<\/p>\n<p data-start=\"2672\" data-end=\"2825\"><strong data-start=\"2672\" data-end=\"2731\">P2: \u00bfOfrecen manguitos cortos y largos?<\/strong><br data-start=\"2731\" data-end=\"2734\" \/>A2: S\u00ed, ofrecemos Tipo A (largo), Tipo B y Tipo C (corto) en funci\u00f3n de los requisitos del cliente.<\/p>\n<p data-start=\"2827\" data-end=\"2944\"><strong data-start=\"2827\" data-end=\"2864\">P3: \u00bfQu\u00e9 materiales hay disponibles?<\/strong><br data-start=\"2864\" data-end=\"2867\" \/>A3: Disponible en 304, 316L, 321, 310S, 2205, 2507 y otros grados de acero inoxidable.<\/p>\n<p data-start=\"2946\" data-end=\"3069\"><strong data-start=\"2946\" data-end=\"2992\">P4: \u00bfQu\u00e9 normas cumplen los extremos de sus talones?<\/strong><br data-start=\"2992\" data-end=\"2995\" \/>A4: Nuestros productos cumplen las normas ASME B16.9, MSS-SP-43, EN y DIN.<\/p>\n<p data-start=\"3071\" data-end=\"3212\"><strong data-start=\"3071\" data-end=\"3129\">P5: \u00bfSon adecuados los manguitos para tuber\u00edas revestidas?<\/strong><br data-start=\"3129\" data-end=\"3132\" \/>A5: S\u00ed, se utilizan ampliamente en sistemas de tuber\u00edas revestidas de PTFE o resistentes a la corrosi\u00f3n.<\/p>\n<h2 data-start=\"3214\" data-end=\"3244\"><strong data-start=\"3217\" data-end=\"3242\">\u00bfA\u00fan tiene preguntas?<\/strong><\/h2>\n<p data-start=\"3245\" data-end=\"3431\">No dude en<a href=\"https:\/\/yunming-metal.com\/es\/pongase-en-contacto-con\/\"> Contacto<\/a> para obtener m\u00e1s informaci\u00f3n o estudiar sus necesidades espec\u00edficas. Nuestro equipo de asistencia t\u00e9cnica est\u00e1 a su disposici\u00f3n para ayudarle con las especificaciones, las certificaciones y la entrega.<\/p>","protected":false},"excerpt":{"rendered":"<p>Yunming Metal suministra extremos de manguito de acero inoxidable utilizados con bridas de junta solapada para facilitar la alineaci\u00f3n y el desmontaje de los pernos. Disponibles en dise\u00f1os de tipo A, B y C, y en grados de acero inoxidable 304, 316L y 2205. Ideales para tuber\u00edas que requieren un mantenimiento frecuente.<\/p>","protected":false},"featured_media":4784,"comment_status":"open","ping_status":"closed","template":"","meta":{"site-sidebar-layout":"default","site-content-layout":"","ast-site-content-layout":"default","site-content-style":"default","site-sidebar-style":"default","ast-global-header-display":"","ast-banner-title-visibility":"","ast-main-header-display":"","ast-hfb-above-header-display":"","ast-hfb-below-header-display":"","ast-hfb-mobile-header-display":"","site-post-title":"","ast-breadcrumbs-content":"","ast-featured-img":"","footer-sml-layout":"","theme-transparent-header-meta":"default","adv-header-id-meta":"","stick-header-meta":"","header-above-stick-meta":"","header-main-stick-meta":"","header-below-stick-meta":"","astra-migrate-meta-layouts":"set","ast-page-background-enabled":"default","ast-page-background-meta":{"desktop":{"background-color":"","background-image":"","background-repeat":"repeat","background-position":"center center","background-size":"auto","background-attachment":"scroll","background-type":"","background-media":"","overlay-type":"","overlay-color":"","overlay-opacity":"","overlay-gradient":""},"tablet":{"background-color":"","background-image":"","background-repeat":"repeat","background-position":"center center","background-size":"auto","background-attachment":"scroll","background-type":"","background-media":"","overlay-type":"","overlay-color":"","overlay-opacity":"","overlay-gradient":""},"mobile":{"background-color":"","background-image":"","background-repeat":"repeat","background-position":"center center","background-size":"auto","background-attachment":"scroll","background-type":"","background-media":"","overlay-type":"","overlay-color":"","overlay-opacity":"","overlay-gradient":""}},"ast-content-background-meta":{"desktop":{"background-color":"var(--ast-global-color-5)","background-image":"","background-repeat":"repeat","background-position":"center center","background-size":"auto","background-attachment":"scroll","background-type":"","background-media":"","overlay-type":"","overlay-color":"","overlay-opacity":"","overlay-gradient":""},"tablet":{"background-color":"var(--ast-global-color-5)","background-image":"","background-repeat":"repeat","background-position":"center center","background-size":"auto","background-attachment":"scroll","background-type":"","background-media":"","overlay-type":"","overlay-color":"","overlay-opacity":"","overlay-gradient":""},"mobile":{"background-color":"var(--ast-global-color-5)","background-image":"","background-repeat":"repeat","background-position":"center center","background-size":"auto","background-attachment":"scroll","background-type":"","background-media":"","overlay-type":"","overlay-color":"","overlay-opacity":"","overlay-gradient":""}}},"product_brand":[],"product_cat":[29],"product_tag":[],"class_list":{"0":"post-2474","1":"product","2":"type-product","3":"status-publish","4":"has-post-thumbnail","6":"product_cat-stainless-steel-pipe-fittings","7":"desktop-align-left","8":"tablet-align-left","9":"mobile-align-left","11":"first","12":"instock","13":"shipping-taxable","14":"product-type-simple"},"yoast_head":"<!-- This site is optimized with the Yoast SEO Premium plugin v24.9 (Yoast SEO v26.8) - https:\/\/yoast.com\/product\/yoast-seo-premium-wordpress\/ -->\n<title>Stainless Steel Stub End | Lap Joint Pipe Fitting<\/title>\n<meta name=\"description\" content=\"Stainless steel stub ends for lap joint flanges. ASME B16.9 compliant. Available in Type A\/B\/C and grades 304, 316L, 2205.\" \/>\n<meta name=\"robots\" content=\"index, follow, max-snippet:-1, max-image-preview:large, max-video-preview:-1\" \/>\n<link rel=\"canonical\" href=\"https:\/\/yunming-metal.com\/es\/producto\/manguito-de-acero-inoxidable\/\" \/>\n<meta property=\"og:locale\" content=\"es_ES\" \/>\n<meta property=\"og:type\" content=\"article\" \/>\n<meta property=\"og:title\" content=\"Stub\u2002End\" \/>\n<meta property=\"og:description\" content=\"Stainless steel stub ends for lap joint flanges. ASME B16.9 compliant. Available in Type A\/B\/C and grades 304, 316L, 2205.\" \/>\n<meta property=\"og:url\" content=\"https:\/\/yunming-metal.com\/es\/producto\/manguito-de-acero-inoxidable\/\" \/>\n<meta property=\"og:site_name\" content=\"Yunming Metal - Stainless Steel Manufacturer &amp; Supplier\" \/>\n<meta property=\"article:publisher\" content=\"https:\/\/www.facebook.com\/YunmingMetal\" \/>\n<meta property=\"article:modified_time\" content=\"2025-06-01T09:52:23+00:00\" \/>\n<meta property=\"og:image\" content=\"https:\/\/yunming-metal.com\/wp-content\/uploads\/2024\/10\/stainless-steel-stub-end-for-lap-joint-flange.jpg\" \/>\n\t<meta property=\"og:image:width\" content=\"640\" \/>\n\t<meta property=\"og:image:height\" content=\"640\" \/>\n\t<meta property=\"og:image:type\" content=\"image\/jpeg\" \/>\n<meta name=\"twitter:card\" content=\"summary_large_image\" \/>\n<meta name=\"twitter:site\" content=\"@fan_yunmimetal\" \/>\n<meta name=\"twitter:label1\" content=\"Tiempo de lectura\" \/>\n\t<meta name=\"twitter:data1\" content=\"3 minutos\" \/>\n<script type=\"application\/ld+json\" class=\"yoast-schema-graph\">{\"@context\":\"https:\/\/schema.org\",\"@graph\":[{\"@type\":\"WebPage\",\"@id\":\"https:\/\/yunming-metal.com\/product\/stainless-steel-stub-end\/\",\"url\":\"https:\/\/yunming-metal.com\/product\/stainless-steel-stub-end\/\",\"name\":\"Stainless Steel Stub End | Lap Joint Pipe Fitting\",\"isPartOf\":{\"@id\":\"https:\/\/yunming-metal.com\/#website\"},\"primaryImageOfPage\":{\"@id\":\"https:\/\/yunming-metal.com\/product\/stainless-steel-stub-end\/#primaryimage\"},\"image\":{\"@id\":\"https:\/\/yunming-metal.com\/product\/stainless-steel-stub-end\/#primaryimage\"},\"thumbnailUrl\":\"https:\/\/yunming-metal.com\/wp-content\/uploads\/2024\/10\/stainless-steel-stub-end-for-lap-joint-flange.jpg\",\"datePublished\":\"2024-10-26T16:49:38+00:00\",\"dateModified\":\"2025-06-01T09:52:23+00:00\",\"description\":\"Stainless steel stub ends for lap joint flanges. ASME B16.9 compliant. Available in Type A\/B\/C and grades 304, 316L, 2205.\",\"breadcrumb\":{\"@id\":\"https:\/\/yunming-metal.com\/product\/stainless-steel-stub-end\/#breadcrumb\"},\"inLanguage\":\"es\",\"potentialAction\":[{\"@type\":\"ReadAction\",\"target\":[\"https:\/\/yunming-metal.com\/product\/stainless-steel-stub-end\/\"]}]},{\"@type\":\"ImageObject\",\"inLanguage\":\"es\",\"@id\":\"https:\/\/yunming-metal.com\/product\/stainless-steel-stub-end\/#primaryimage\",\"url\":\"https:\/\/yunming-metal.com\/wp-content\/uploads\/2024\/10\/stainless-steel-stub-end-for-lap-joint-flange.jpg\",\"contentUrl\":\"https:\/\/yunming-metal.com\/wp-content\/uploads\/2024\/10\/stainless-steel-stub-end-for-lap-joint-flange.jpg\",\"width\":640,\"height\":640,\"caption\":\"Butt Weld Stub End used with Lap Joint Flanges\"},{\"@type\":\"BreadcrumbList\",\"@id\":\"https:\/\/yunming-metal.com\/product\/stainless-steel-stub-end\/#breadcrumb\",\"itemListElement\":[{\"@type\":\"ListItem\",\"position\":1,\"name\":\"\u9996\u9875\",\"item\":\"https:\/\/yunming-metal.com\/\"},{\"@type\":\"ListItem\",\"position\":2,\"name\":\"Products\",\"item\":\"https:\/\/yunming-metal.com\/shop\/\"},{\"@type\":\"ListItem\",\"position\":3,\"name\":\"Stub\u2002End\"}]},{\"@type\":\"WebSite\",\"@id\":\"https:\/\/yunming-metal.com\/#website\",\"url\":\"https:\/\/yunming-metal.com\/\",\"name\":\"yunming-metal.com\",\"description\":\"High-Quality Stainless Steel Pipes, Plates &amp; Flanges\",\"publisher\":{\"@id\":\"https:\/\/yunming-metal.com\/#organization\"},\"potentialAction\":[{\"@type\":\"SearchAction\",\"target\":{\"@type\":\"EntryPoint\",\"urlTemplate\":\"https:\/\/yunming-metal.com\/?s={search_term_string}\"},\"query-input\":{\"@type\":\"PropertyValueSpecification\",\"valueRequired\":true,\"valueName\":\"search_term_string\"}}],\"inLanguage\":\"es\"},{\"@type\":\"Organization\",\"@id\":\"https:\/\/yunming-metal.com\/#organization\",\"name\":\"Yunming MetalY\",\"alternateName\":\"Yunming Stainless Steel\",\"url\":\"https:\/\/yunming-metal.com\/\",\"logo\":{\"@type\":\"ImageObject\",\"inLanguage\":\"es\",\"@id\":\"https:\/\/yunming-metal.com\/#\/schema\/logo\/image\/\",\"url\":\"https:\/\/yunming-metal.com\/wp-content\/uploads\/2025\/04\/yunming-metal-logo-featuring-a-minimalist-am-design-representing.png\",\"contentUrl\":\"https:\/\/yunming-metal.com\/wp-content\/uploads\/2025\/04\/yunming-metal-logo-featuring-a-minimalist-am-design-representing.png\",\"width\":300,\"height\":300,\"caption\":\"Yunming MetalY\"},\"image\":{\"@id\":\"https:\/\/yunming-metal.com\/#\/schema\/logo\/image\/\"},\"sameAs\":[\"https:\/\/www.facebook.com\/YunmingMetal\",\"https:\/\/x.com\/fan_yunmimetal\",\"https:\/\/www.linkedin.com\/company\/yunming-metal\/\",\"https:\/\/www.instagram.com\/nora_jiang8\/\",\"https:\/\/www.youtube.com\/@yunmingmetal1\",\"https:\/\/www.tiktok.com\/@yunming_metal\"]}]}<\/script>\n<!-- \/ Yoast SEO Premium plugin. -->","yoast_head_json":{"title":"Stainless Steel Stub End | Lap Joint Pipe Fitting","description":"Stainless steel stub ends for lap joint flanges. ASME B16.9 compliant. Available in Type A\/B\/C and grades 304, 316L, 2205.","robots":{"index":"index","follow":"follow","max-snippet":"max-snippet:-1","max-image-preview":"max-image-preview:large","max-video-preview":"max-video-preview:-1"},"canonical":"https:\/\/yunming-metal.com\/es\/producto\/manguito-de-acero-inoxidable\/","og_locale":"es_ES","og_type":"article","og_title":"Stub\u2002End","og_description":"Stainless steel stub ends for lap joint flanges. ASME B16.9 compliant. Available in Type A\/B\/C and grades 304, 316L, 2205.","og_url":"https:\/\/yunming-metal.com\/es\/producto\/manguito-de-acero-inoxidable\/","og_site_name":"Yunming Metal - Stainless Steel Manufacturer &amp; Supplier","article_publisher":"https:\/\/www.facebook.com\/YunmingMetal","article_modified_time":"2025-06-01T09:52:23+00:00","og_image":[{"width":640,"height":640,"url":"https:\/\/yunming-metal.com\/wp-content\/uploads\/2024\/10\/stainless-steel-stub-end-for-lap-joint-flange.jpg","type":"image\/jpeg"}],"twitter_card":"summary_large_image","twitter_site":"@fan_yunmimetal","twitter_misc":{"Tiempo de lectura":"3 minutos"},"schema":{"@context":"https:\/\/schema.org","@graph":[{"@type":"WebPage","@id":"https:\/\/yunming-metal.com\/product\/stainless-steel-stub-end\/","url":"https:\/\/yunming-metal.com\/product\/stainless-steel-stub-end\/","name":"Stainless Steel Stub End | Lap Joint Pipe Fitting","isPartOf":{"@id":"https:\/\/yunming-metal.com\/#website"},"primaryImageOfPage":{"@id":"https:\/\/yunming-metal.com\/product\/stainless-steel-stub-end\/#primaryimage"},"image":{"@id":"https:\/\/yunming-metal.com\/product\/stainless-steel-stub-end\/#primaryimage"},"thumbnailUrl":"https:\/\/yunming-metal.com\/wp-content\/uploads\/2024\/10\/stainless-steel-stub-end-for-lap-joint-flange.jpg","datePublished":"2024-10-26T16:49:38+00:00","dateModified":"2025-06-01T09:52:23+00:00","description":"Stainless steel stub ends for lap joint flanges. ASME B16.9 compliant. Available in Type A\/B\/C and grades 304, 316L, 2205.","breadcrumb":{"@id":"https:\/\/yunming-metal.com\/product\/stainless-steel-stub-end\/#breadcrumb"},"inLanguage":"es","potentialAction":[{"@type":"ReadAction","target":["https:\/\/yunming-metal.com\/product\/stainless-steel-stub-end\/"]}]},{"@type":"ImageObject","inLanguage":"es","@id":"https:\/\/yunming-metal.com\/product\/stainless-steel-stub-end\/#primaryimage","url":"https:\/\/yunming-metal.com\/wp-content\/uploads\/2024\/10\/stainless-steel-stub-end-for-lap-joint-flange.jpg","contentUrl":"https:\/\/yunming-metal.com\/wp-content\/uploads\/2024\/10\/stainless-steel-stub-end-for-lap-joint-flange.jpg","width":640,"height":640,"caption":"Butt Weld Stub End used with Lap Joint Flanges"},{"@type":"BreadcrumbList","@id":"https:\/\/yunming-metal.com\/product\/stainless-steel-stub-end\/#breadcrumb","itemListElement":[{"@type":"ListItem","position":1,"name":"\u9996\u9875","item":"https:\/\/yunming-metal.com\/"},{"@type":"ListItem","position":2,"name":"Products","item":"https:\/\/yunming-metal.com\/shop\/"},{"@type":"ListItem","position":3,"name":"Stub\u2002End"}]},{"@type":"WebSite","@id":"https:\/\/yunming-metal.com\/#website","url":"https:\/\/yunming-metal.com\/","name":"yunming-metal.com","description":"High-Quality Stainless Steel Pipes, Plates &amp; Flanges","publisher":{"@id":"https:\/\/yunming-metal.com\/#organization"},"potentialAction":[{"@type":"SearchAction","target":{"@type":"EntryPoint","urlTemplate":"https:\/\/yunming-metal.com\/?s={search_term_string}"},"query-input":{"@type":"PropertyValueSpecification","valueRequired":true,"valueName":"search_term_string"}}],"inLanguage":"es"},{"@type":"Organization","@id":"https:\/\/yunming-metal.com\/#organization","name":"Yunming MetalY","alternateName":"Yunming Stainless Steel","url":"https:\/\/yunming-metal.com\/","logo":{"@type":"ImageObject","inLanguage":"es","@id":"https:\/\/yunming-metal.com\/#\/schema\/logo\/image\/","url":"https:\/\/yunming-metal.com\/wp-content\/uploads\/2025\/04\/yunming-metal-logo-featuring-a-minimalist-am-design-representing.png","contentUrl":"https:\/\/yunming-metal.com\/wp-content\/uploads\/2025\/04\/yunming-metal-logo-featuring-a-minimalist-am-design-representing.png","width":300,"height":300,"caption":"Yunming MetalY"},"image":{"@id":"https:\/\/yunming-metal.com\/#\/schema\/logo\/image\/"},"sameAs":["https:\/\/www.facebook.com\/YunmingMetal","https:\/\/x.com\/fan_yunmimetal","https:\/\/www.linkedin.com\/company\/yunming-metal\/","https:\/\/www.instagram.com\/nora_jiang8\/","https:\/\/www.youtube.com\/@yunmingmetal1","https:\/\/www.tiktok.com\/@yunming_metal"]}]}},"_links":{"self":[{"href":"https:\/\/yunming-metal.com\/es\/wp-json\/wp\/v2\/product\/2474","targetHints":{"allow":["GET"]}}],"collection":[{"href":"https:\/\/yunming-metal.com\/es\/wp-json\/wp\/v2\/product"}],"about":[{"href":"https:\/\/yunming-metal.com\/es\/wp-json\/wp\/v2\/types\/product"}],"replies":[{"embeddable":true,"href":"https:\/\/yunming-metal.com\/es\/wp-json\/wp\/v2\/comments?post=2474"}],"wp:featuredmedia":[{"embeddable":true,"href":"https:\/\/yunming-metal.com\/es\/wp-json\/wp\/v2\/media\/4784"}],"wp:attachment":[{"href":"https:\/\/yunming-metal.com\/es\/wp-json\/wp\/v2\/media?parent=2474"}],"wp:term":[{"taxonomy":"product_brand","embeddable":true,"href":"https:\/\/yunming-metal.com\/es\/wp-json\/wp\/v2\/product_brand?post=2474"},{"taxonomy":"product_cat","embeddable":true,"href":"https:\/\/yunming-metal.com\/es\/wp-json\/wp\/v2\/product_cat?post=2474"},{"taxonomy":"product_tag","embeddable":true,"href":"https:\/\/yunming-metal.com\/es\/wp-json\/wp\/v2\/product_tag?post=2474"}],"curies":[{"name":"wp","href":"https:\/\/api.w.org\/{rel}","templated":true}]}}