{"id":2490,"date":"2024-10-27T07:27:10","date_gmt":"2024-10-27T07:27:10","guid":{"rendered":"https:\/\/yunming-metal.com\/?post_type=product&#038;p=2490"},"modified":"2025-06-02T19:58:29","modified_gmt":"2025-06-02T11:58:29","slug":"super-duplex-stainless-steel-pipe","status":"publish","type":"product","link":"https:\/\/yunming-metal.com\/es\/producto\/tubo-de-acero-inoxidable-super-duplex\/","title":{"rendered":"Tubo de acero inoxidable superd\u00faplex"},"content":{"rendered":"<h3 data-start=\"180\" data-end=\"205\">Productos<\/h3>\n<p data-start=\"206\" data-end=\"619\">Los tubos de acero inoxidable superd\u00faplex est\u00e1n dise\u00f1ados para entornos altamente corrosivos y de alta presi\u00f3n. Con una microestructura bif\u00e1sica de austenita y ferrita, ofrecen una fuerza superior y una excelente resistencia a las picaduras, la corrosi\u00f3n por intersticios y el agrietamiento por corrosi\u00f3n bajo tensi\u00f3n. Estos tubos son ideales para aplicaciones exigentes como plataformas petrol\u00edferas en alta mar, sistemas de desalinizaci\u00f3n y l\u00edneas de procesamiento qu\u00edmico.<\/p>\n<h3 data-start=\"621\" data-end=\"647\">\u00c1mbitos de aplicaci\u00f3n<\/h3>\n<ul data-start=\"648\" data-end=\"882\">\n<li data-start=\"648\" data-end=\"680\">\n<p data-start=\"650\" data-end=\"680\">Plataformas mar\u00edtimas de petr\u00f3leo y gas<\/p>\n<\/li>\n<li data-start=\"681\" data-end=\"718\">\n<p data-start=\"683\" data-end=\"718\">Plantas qu\u00edmicas y petroqu\u00edmicas<\/p>\n<\/li>\n<li data-start=\"719\" data-end=\"756\">\n<p data-start=\"721\" data-end=\"756\">Sistemas de desalinizaci\u00f3n y agua de mar<\/p>\n<\/li>\n<li data-start=\"757\" data-end=\"792\">\n<p data-start=\"759\" data-end=\"792\">L\u00edneas de transformaci\u00f3n de pasta y papel<\/p>\n<\/li>\n<li data-start=\"793\" data-end=\"833\">\n<p data-start=\"795\" data-end=\"833\">Generaci\u00f3n de energ\u00eda e intercambiadores de calor<\/p>\n<\/li>\n<li data-start=\"834\" data-end=\"882\">\n<p data-start=\"836\" data-end=\"882\">Componentes estructurales en entornos marinos<\/p>\n<\/li>\n<\/ul>\n<h3 data-start=\"884\" data-end=\"909\">Caracter\u00edsticas del producto<\/h3>\n<ul data-start=\"910\" data-end=\"1209\">\n<li data-start=\"910\" data-end=\"964\">\n<p data-start=\"912\" data-end=\"964\">Excelente resistencia a la corrosi\u00f3n inducida por cloruros<\/p>\n<\/li>\n<li data-start=\"965\" data-end=\"1000\">\n<p data-start=\"967\" data-end=\"1000\">Alto l\u00edmite el\u00e1stico y resistencia a la tracci\u00f3n<\/p>\n<\/li>\n<li data-start=\"1001\" data-end=\"1046\">\n<p data-start=\"1003\" data-end=\"1046\">Estructura bif\u00e1sica: ferr\u00edtica-austen\u00edtica<\/p>\n<\/li>\n<li data-start=\"1047\" data-end=\"1095\">\n<p data-start=\"1049\" data-end=\"1095\">Apto para soldadura, plegado y mecanizado<\/p>\n<\/li>\n<li data-start=\"1096\" data-end=\"1147\">\n<p data-start=\"1098\" data-end=\"1147\">Baja dilataci\u00f3n t\u00e9rmica y alta resistencia a la fatiga<\/p>\n<\/li>\n<li data-start=\"1148\" data-end=\"1209\">\n<p data-start=\"1150\" data-end=\"1209\">Total conformidad con las normas ASTM, ASME, EN y NORSOK<\/p>\n<\/li>\n<\/ul>\n<h3 data-start=\"1211\" data-end=\"1242\">Especificaciones t\u00e9cnicas<\/h3>\n<div class=\"_tableContainer_16hzy_1\">\n<div class=\"_tableWrapper_16hzy_14 group flex w-fit flex-col-reverse\" tabindex=\"-1\">\n<table class=\"w-fit min-w-(--thread-content-width)\" data-start=\"1244\" data-end=\"1988\">\n<thead data-start=\"1244\" data-end=\"1317\">\n<tr data-start=\"1244\" data-end=\"1317\">\n<th data-start=\"1244\" data-end=\"1268\" data-col-size=\"sm\">Par\u00e1metro<\/th>\n<th data-start=\"1268\" data-end=\"1317\" data-col-size=\"sm\">Gama<\/th>\n<\/tr>\n<\/thead>\n<tbody data-start=\"1392\" data-end=\"1988\">\n<tr data-start=\"1392\" data-end=\"1466\">\n<td data-start=\"1392\" data-end=\"1416\" data-col-size=\"sm\">Di\u00e1metro exterior<\/td>\n<td data-start=\"1416\" data-end=\"1466\" data-col-size=\"sm\">12,7 mm - 610 mm (aprox. \u00bd\u2033 - 24\u2033)<\/td>\n<\/tr>\n<tr data-start=\"1467\" data-end=\"1541\">\n<td data-start=\"1467\" data-end=\"1491\" data-col-size=\"sm\">Espesor de pared<\/td>\n<td data-start=\"1491\" data-end=\"1541\" data-col-size=\"sm\">SCH10S - SCH160 \/ XXS<\/td>\n<\/tr>\n<tr data-start=\"1542\" data-end=\"1615\">\n<td data-start=\"1542\" data-end=\"1566\" data-col-size=\"sm\">Longitud<\/td>\n<td data-start=\"1566\" data-end=\"1615\" data-col-size=\"sm\">Hasta 12.000 mm (disponible a medida)<\/td>\n<\/tr>\n<tr data-start=\"1616\" data-end=\"1690\">\n<td data-start=\"1616\" data-end=\"1640\" data-col-size=\"sm\">Grados de material<\/td>\n<td data-start=\"1640\" data-end=\"1690\" data-col-size=\"sm\">UNS S32750 \/ S32760 \/ S39274<\/td>\n<\/tr>\n<tr data-start=\"1691\" data-end=\"1764\">\n<td data-start=\"1691\" data-end=\"1715\" data-col-size=\"sm\">M\u00e9todo de fabricaci\u00f3n<\/td>\n<td data-start=\"1715\" data-end=\"1764\" data-col-size=\"sm\">Sin soldadura o soldado<\/td>\n<\/tr>\n<tr data-start=\"1765\" data-end=\"1839\">\n<td data-start=\"1765\" data-end=\"1789\" data-col-size=\"sm\">Acabado superficial<\/td>\n<td data-start=\"1789\" data-end=\"1839\" data-col-size=\"sm\">Decapado, pulido, arenado<\/td>\n<\/tr>\n<tr data-start=\"1840\" data-end=\"1914\">\n<td data-start=\"1840\" data-end=\"1864\" data-col-size=\"sm\">Tipos finales<\/td>\n<td data-start=\"1864\" data-end=\"1914\" data-col-size=\"sm\">Extremo liso, extremo biselado, extremo roscado<\/td>\n<\/tr>\n<tr data-start=\"1915\" data-end=\"1988\">\n<td data-start=\"1915\" data-end=\"1939\" data-col-size=\"sm\">Normas<\/td>\n<td data-start=\"1939\" data-end=\"1988\" data-col-size=\"sm\">ASTM A790 \/ ASME SA790 \/ EN 10216-5<\/td>\n<\/tr>\n<\/tbody>\n<\/table>\n<div class=\"sticky end-(--thread-content-margin) h-0 self-end select-none\">\n<div class=\"absolute end-0 flex items-end\"><\/div>\n<\/div>\n<\/div>\n<\/div>\n<h3 data-start=\"1990\" data-end=\"2020\">Proceso de fabricaci\u00f3n<\/h3>\n<ol data-start=\"2021\" data-end=\"2255\">\n<li data-start=\"2021\" data-end=\"2058\">\n<p data-start=\"2024\" data-end=\"2058\">Corte y preparaci\u00f3n del material<\/p>\n<\/li>\n<li data-start=\"2059\" data-end=\"2091\">\n<p data-start=\"2062\" data-end=\"2091\">Conformado en caliente o estirado en fr\u00edo<\/p>\n<\/li>\n<li data-start=\"2092\" data-end=\"2132\">\n<p data-start=\"2095\" data-end=\"2132\">Tratamiento t\u00e9rmico (recocido en disoluci\u00f3n)<\/p>\n<\/li>\n<li data-start=\"2133\" data-end=\"2170\">\n<p data-start=\"2136\" data-end=\"2170\">Decapado o acabado mec\u00e1nico<\/p>\n<\/li>\n<li data-start=\"2171\" data-end=\"2208\">\n<p data-start=\"2174\" data-end=\"2208\">Pruebas ultras\u00f3nicas e hidrost\u00e1ticas<\/p>\n<\/li>\n<li data-start=\"2209\" data-end=\"2255\">\n<p data-start=\"2212\" data-end=\"2255\">Marcado, envasado e inspecci\u00f3n de exportaciones<\/p>\n<\/li>\n<\/ol>\n<h3 data-start=\"2257\" data-end=\"2267\">PREGUNTAS FRECUENTES<\/h3>\n<p data-start=\"2269\" data-end=\"2489\"><strong data-start=\"2269\" data-end=\"2352\">P1: \u00bfCu\u00e1l es la principal ventaja de los tubos superd\u00faplex sobre el acero inoxidable 316L?<\/strong><br data-start=\"2352\" data-end=\"2355\" \/>A1: Los tubos superd\u00faplex ofrecen casi el doble de resistencia y una resistencia significativamente mayor a la corrosi\u00f3n por picaduras y grietas que el 316L.<\/p>\n<p data-start=\"2491\" data-end=\"2647\"><strong data-start=\"2491\" data-end=\"2550\">P2: \u00bfSon adecuadas estas tuber\u00edas para la desalinizaci\u00f3n de agua de mar?<\/strong><br data-start=\"2550\" data-end=\"2553\" \/>A2: S\u00ed. Su resistencia superior a la corrosi\u00f3n los hace ideales para su uso en sistemas de desalinizaci\u00f3n.<\/p>\n<p data-start=\"2649\" data-end=\"2838\"><strong data-start=\"2649\" data-end=\"2705\">P3: \u00bfOfrecen MTC e inspecciones por terceros?<\/strong><br data-start=\"2705\" data-end=\"2708\" \/>A3: S\u00ed. Todos los env\u00edos se entregan con certificados EN 10204 3.1, y se pueden solicitar inspecciones de terceros (BV, SGS, TUV).<\/p>\n<p data-start=\"2840\" data-end=\"3017\"><strong data-start=\"2840\" data-end=\"2905\">P4: \u00bfPueden personalizarse estos tubos en dimensiones no est\u00e1ndar?<\/strong><br data-start=\"2905\" data-end=\"2908\" \/>A4: S\u00ed. Ofrecemos servicios de fabricaci\u00f3n a medida basados en planos o especificaciones t\u00e9cnicas espec\u00edficas del proyecto.<\/p>\n<p data-start=\"3019\" data-end=\"3212\"><strong data-start=\"3019\" data-end=\"3084\">P5: \u00bfQu\u00e9 m\u00e9todos de soldadura son adecuados para los tubos superd\u00faplex?<\/strong><br data-start=\"3084\" data-end=\"3087\" \/>A5: Para mantener la resistencia a la corrosi\u00f3n se recomienda la soldadura TIG y MIG con un control adecuado del metal de aportaci\u00f3n y del aporte de calor.<\/p>\n<h3 data-start=\"3214\" data-end=\"3233\">\u00bfA\u00fan tiene preguntas?<\/h3>\n<p data-start=\"3234\" data-end=\"3448\">No dude en<a href=\"https:\/\/yunming-metal.com\/es\/pongase-en-contacto-con\/\"> Contacto<\/a> para m\u00e1s detalles o para hablar de sus necesidades de tuber\u00edas superd\u00faplex. Nuestro equipo de asistencia t\u00e9cnica est\u00e1 preparado para ayudarle con las especificaciones, las certificaciones y la entrega.<\/p>","protected":false},"excerpt":{"rendered":"<p>Los tubos de acero inoxidable superd\u00faplex ofrecen una excelente resistencia a la corrosi\u00f3n por cloruros. Ideal para sistemas marinos, petroqu\u00edmicos y de desalinizaci\u00f3n. Disponibles sin soldadura y soldados, en una amplia gama de di\u00e1metros y espesores de pared.<\/p>","protected":false},"featured_media":4830,"comment_status":"open","ping_status":"closed","template":"","meta":{"site-sidebar-layout":"default","site-content-layout":"","ast-site-content-layout":"default","site-content-style":"default","site-sidebar-style":"default","ast-global-header-display":"","ast-banner-title-visibility":"","ast-main-header-display":"","ast-hfb-above-header-display":"","ast-hfb-below-header-display":"","ast-hfb-mobile-header-display":"","site-post-title":"","ast-breadcrumbs-content":"","ast-featured-img":"","footer-sml-layout":"","theme-transparent-header-meta":"default","adv-header-id-meta":"","stick-header-meta":"","header-above-stick-meta":"","header-main-stick-meta":"","header-below-stick-meta":"","astra-migrate-meta-layouts":"set","ast-page-background-enabled":"default","ast-page-background-meta":{"desktop":{"background-color":"","background-image":"","background-repeat":"repeat","background-position":"center center","background-size":"auto","background-attachment":"scroll","background-type":"","background-media":"","overlay-type":"","overlay-color":"","overlay-opacity":"","overlay-gradient":""},"tablet":{"background-color":"","background-image":"","background-repeat":"repeat","background-position":"center center","background-size":"auto","background-attachment":"scroll","background-type":"","background-media":"","overlay-type":"","overlay-color":"","overlay-opacity":"","overlay-gradient":""},"mobile":{"background-color":"","background-image":"","background-repeat":"repeat","background-position":"center center","background-size":"auto","background-attachment":"scroll","background-type":"","background-media":"","overlay-type":"","overlay-color":"","overlay-opacity":"","overlay-gradient":""}},"ast-content-background-meta":{"desktop":{"background-color":"var(--ast-global-color-5)","background-image":"","background-repeat":"repeat","background-position":"center center","background-size":"auto","background-attachment":"scroll","background-type":"","background-media":"","overlay-type":"","overlay-color":"","overlay-opacity":"","overlay-gradient":""},"tablet":{"background-color":"var(--ast-global-color-5)","background-image":"","background-repeat":"repeat","background-position":"center center","background-size":"auto","background-attachment":"scroll","background-type":"","background-media":"","overlay-type":"","overlay-color":"","overlay-opacity":"","overlay-gradient":""},"mobile":{"background-color":"var(--ast-global-color-5)","background-image":"","background-repeat":"repeat","background-position":"center center","background-size":"auto","background-attachment":"scroll","background-type":"","background-media":"","overlay-type":"","overlay-color":"","overlay-opacity":"","overlay-gradient":""}}},"product_brand":[],"product_cat":[30,31],"product_tag":[],"class_list":{"0":"post-2490","1":"product","2":"type-product","3":"status-publish","4":"has-post-thumbnail","6":"product_cat-special-alloys","7":"product_cat-super-duplex-stainless-steel","8":"desktop-align-left","9":"tablet-align-left","10":"mobile-align-left","12":"first","13":"instock","14":"shipping-taxable","15":"product-type-simple"},"yoast_head":"<!-- This site is optimized with the Yoast SEO Premium plugin v24.9 (Yoast SEO v26.8) - https:\/\/yoast.com\/product\/yoast-seo-premium-wordpress\/ -->\n<title>Super Duplex Stainless Steel Pipe for Corrosive Applications<\/title>\n<meta name=\"description\" content=\"Discover super duplex stainless steel pipes with high strength and superior corrosion resistance. Ideal for offshore and chemical use.\" \/>\n<meta name=\"robots\" content=\"index, follow, max-snippet:-1, max-image-preview:large, max-video-preview:-1\" \/>\n<link rel=\"canonical\" href=\"https:\/\/yunming-metal.com\/es\/producto\/tubo-de-acero-inoxidable-super-duplex\/\" \/>\n<meta property=\"og:locale\" content=\"es_ES\" \/>\n<meta property=\"og:type\" content=\"article\" \/>\n<meta property=\"og:title\" content=\"Super Duplex Stainless Steel Pipe\" \/>\n<meta property=\"og:description\" content=\"Discover super duplex stainless steel pipes with high strength and superior corrosion resistance. Ideal for offshore and chemical use.\" \/>\n<meta property=\"og:url\" content=\"https:\/\/yunming-metal.com\/es\/producto\/tubo-de-acero-inoxidable-super-duplex\/\" \/>\n<meta property=\"og:site_name\" content=\"Yunming Metal - Stainless Steel Manufacturer &amp; Supplier\" \/>\n<meta property=\"article:publisher\" content=\"https:\/\/www.facebook.com\/YunmingMetal\" \/>\n<meta property=\"article:modified_time\" content=\"2025-06-02T11:58:29+00:00\" \/>\n<meta property=\"og:image\" content=\"https:\/\/yunming-metal.com\/wp-content\/uploads\/2024\/10\/super-duplex-stainless-steel-pipe-corrosion-resistant-pipes.png\" \/>\n\t<meta property=\"og:image:width\" content=\"1024\" \/>\n\t<meta property=\"og:image:height\" content=\"1024\" \/>\n\t<meta property=\"og:image:type\" content=\"image\/png\" \/>\n<meta name=\"twitter:card\" content=\"summary_large_image\" \/>\n<meta name=\"twitter:site\" content=\"@fan_yunmimetal\" \/>\n<meta name=\"twitter:label1\" content=\"Tiempo de lectura\" \/>\n\t<meta name=\"twitter:data1\" content=\"3 minutos\" \/>\n<script type=\"application\/ld+json\" class=\"yoast-schema-graph\">{\"@context\":\"https:\/\/schema.org\",\"@graph\":[{\"@type\":\"WebPage\",\"@id\":\"https:\/\/yunming-metal.com\/product\/super-duplex-stainless-steel-pipe\/\",\"url\":\"https:\/\/yunming-metal.com\/product\/super-duplex-stainless-steel-pipe\/\",\"name\":\"Super Duplex Stainless Steel Pipe for Corrosive Applications\",\"isPartOf\":{\"@id\":\"https:\/\/yunming-metal.com\/#website\"},\"primaryImageOfPage\":{\"@id\":\"https:\/\/yunming-metal.com\/product\/super-duplex-stainless-steel-pipe\/#primaryimage\"},\"image\":{\"@id\":\"https:\/\/yunming-metal.com\/product\/super-duplex-stainless-steel-pipe\/#primaryimage\"},\"thumbnailUrl\":\"https:\/\/yunming-metal.com\/wp-content\/uploads\/2024\/10\/super-duplex-stainless-steel-pipe-corrosion-resistant-pipes.png\",\"datePublished\":\"2024-10-27T07:27:10+00:00\",\"dateModified\":\"2025-06-02T11:58:29+00:00\",\"description\":\"Discover super duplex stainless steel pipes with high strength and superior corrosion resistance. Ideal for offshore and chemical use.\",\"breadcrumb\":{\"@id\":\"https:\/\/yunming-metal.com\/product\/super-duplex-stainless-steel-pipe\/#breadcrumb\"},\"inLanguage\":\"es\",\"potentialAction\":[{\"@type\":\"ReadAction\",\"target\":[\"https:\/\/yunming-metal.com\/product\/super-duplex-stainless-steel-pipe\/\"]}]},{\"@type\":\"ImageObject\",\"inLanguage\":\"es\",\"@id\":\"https:\/\/yunming-metal.com\/product\/super-duplex-stainless-steel-pipe\/#primaryimage\",\"url\":\"https:\/\/yunming-metal.com\/wp-content\/uploads\/2024\/10\/super-duplex-stainless-steel-pipe-corrosion-resistant-pipes.png\",\"contentUrl\":\"https:\/\/yunming-metal.com\/wp-content\/uploads\/2024\/10\/super-duplex-stainless-steel-pipe-corrosion-resistant-pipes.png\",\"width\":1024,\"height\":1024,\"caption\":\"Precision-engineered super duplex stainless steel pipes with smooth polished finish\"},{\"@type\":\"BreadcrumbList\",\"@id\":\"https:\/\/yunming-metal.com\/product\/super-duplex-stainless-steel-pipe\/#breadcrumb\",\"itemListElement\":[{\"@type\":\"ListItem\",\"position\":1,\"name\":\"\u9996\u9875\",\"item\":\"https:\/\/yunming-metal.com\/\"},{\"@type\":\"ListItem\",\"position\":2,\"name\":\"Products\",\"item\":\"https:\/\/yunming-metal.com\/shop\/\"},{\"@type\":\"ListItem\",\"position\":3,\"name\":\"Super Duplex Stainless Steel Pipe\"}]},{\"@type\":\"WebSite\",\"@id\":\"https:\/\/yunming-metal.com\/#website\",\"url\":\"https:\/\/yunming-metal.com\/\",\"name\":\"yunming-metal.com\",\"description\":\"High-Quality Stainless Steel Pipes, Plates &amp; Flanges\",\"publisher\":{\"@id\":\"https:\/\/yunming-metal.com\/#organization\"},\"potentialAction\":[{\"@type\":\"SearchAction\",\"target\":{\"@type\":\"EntryPoint\",\"urlTemplate\":\"https:\/\/yunming-metal.com\/?s={search_term_string}\"},\"query-input\":{\"@type\":\"PropertyValueSpecification\",\"valueRequired\":true,\"valueName\":\"search_term_string\"}}],\"inLanguage\":\"es\"},{\"@type\":\"Organization\",\"@id\":\"https:\/\/yunming-metal.com\/#organization\",\"name\":\"Yunming MetalY\",\"alternateName\":\"Yunming Stainless Steel\",\"url\":\"https:\/\/yunming-metal.com\/\",\"logo\":{\"@type\":\"ImageObject\",\"inLanguage\":\"es\",\"@id\":\"https:\/\/yunming-metal.com\/#\/schema\/logo\/image\/\",\"url\":\"https:\/\/yunming-metal.com\/wp-content\/uploads\/2025\/04\/yunming-metal-logo-featuring-a-minimalist-am-design-representing.png\",\"contentUrl\":\"https:\/\/yunming-metal.com\/wp-content\/uploads\/2025\/04\/yunming-metal-logo-featuring-a-minimalist-am-design-representing.png\",\"width\":300,\"height\":300,\"caption\":\"Yunming MetalY\"},\"image\":{\"@id\":\"https:\/\/yunming-metal.com\/#\/schema\/logo\/image\/\"},\"sameAs\":[\"https:\/\/www.facebook.com\/YunmingMetal\",\"https:\/\/x.com\/fan_yunmimetal\",\"https:\/\/www.linkedin.com\/company\/yunming-metal\/\",\"https:\/\/www.instagram.com\/nora_jiang8\/\",\"https:\/\/www.youtube.com\/@yunmingmetal1\",\"https:\/\/www.tiktok.com\/@yunming_metal\"]}]}<\/script>\n<!-- \/ Yoast SEO Premium plugin. -->","yoast_head_json":{"title":"Super Duplex Stainless Steel Pipe for Corrosive Applications","description":"Discover super duplex stainless steel pipes with high strength and superior corrosion resistance. Ideal for offshore and chemical use.","robots":{"index":"index","follow":"follow","max-snippet":"max-snippet:-1","max-image-preview":"max-image-preview:large","max-video-preview":"max-video-preview:-1"},"canonical":"https:\/\/yunming-metal.com\/es\/producto\/tubo-de-acero-inoxidable-super-duplex\/","og_locale":"es_ES","og_type":"article","og_title":"Super Duplex Stainless Steel Pipe","og_description":"Discover super duplex stainless steel pipes with high strength and superior corrosion resistance. Ideal for offshore and chemical use.","og_url":"https:\/\/yunming-metal.com\/es\/producto\/tubo-de-acero-inoxidable-super-duplex\/","og_site_name":"Yunming Metal - Stainless Steel Manufacturer &amp; Supplier","article_publisher":"https:\/\/www.facebook.com\/YunmingMetal","article_modified_time":"2025-06-02T11:58:29+00:00","og_image":[{"width":1024,"height":1024,"url":"https:\/\/yunming-metal.com\/wp-content\/uploads\/2024\/10\/super-duplex-stainless-steel-pipe-corrosion-resistant-pipes.png","type":"image\/png"}],"twitter_card":"summary_large_image","twitter_site":"@fan_yunmimetal","twitter_misc":{"Tiempo de lectura":"3 minutos"},"schema":{"@context":"https:\/\/schema.org","@graph":[{"@type":"WebPage","@id":"https:\/\/yunming-metal.com\/product\/super-duplex-stainless-steel-pipe\/","url":"https:\/\/yunming-metal.com\/product\/super-duplex-stainless-steel-pipe\/","name":"Super Duplex Stainless Steel Pipe for Corrosive Applications","isPartOf":{"@id":"https:\/\/yunming-metal.com\/#website"},"primaryImageOfPage":{"@id":"https:\/\/yunming-metal.com\/product\/super-duplex-stainless-steel-pipe\/#primaryimage"},"image":{"@id":"https:\/\/yunming-metal.com\/product\/super-duplex-stainless-steel-pipe\/#primaryimage"},"thumbnailUrl":"https:\/\/yunming-metal.com\/wp-content\/uploads\/2024\/10\/super-duplex-stainless-steel-pipe-corrosion-resistant-pipes.png","datePublished":"2024-10-27T07:27:10+00:00","dateModified":"2025-06-02T11:58:29+00:00","description":"Discover super duplex stainless steel pipes with high strength and superior corrosion resistance. Ideal for offshore and chemical use.","breadcrumb":{"@id":"https:\/\/yunming-metal.com\/product\/super-duplex-stainless-steel-pipe\/#breadcrumb"},"inLanguage":"es","potentialAction":[{"@type":"ReadAction","target":["https:\/\/yunming-metal.com\/product\/super-duplex-stainless-steel-pipe\/"]}]},{"@type":"ImageObject","inLanguage":"es","@id":"https:\/\/yunming-metal.com\/product\/super-duplex-stainless-steel-pipe\/#primaryimage","url":"https:\/\/yunming-metal.com\/wp-content\/uploads\/2024\/10\/super-duplex-stainless-steel-pipe-corrosion-resistant-pipes.png","contentUrl":"https:\/\/yunming-metal.com\/wp-content\/uploads\/2024\/10\/super-duplex-stainless-steel-pipe-corrosion-resistant-pipes.png","width":1024,"height":1024,"caption":"Precision-engineered super duplex stainless steel pipes with smooth polished finish"},{"@type":"BreadcrumbList","@id":"https:\/\/yunming-metal.com\/product\/super-duplex-stainless-steel-pipe\/#breadcrumb","itemListElement":[{"@type":"ListItem","position":1,"name":"\u9996\u9875","item":"https:\/\/yunming-metal.com\/"},{"@type":"ListItem","position":2,"name":"Products","item":"https:\/\/yunming-metal.com\/shop\/"},{"@type":"ListItem","position":3,"name":"Super Duplex Stainless Steel Pipe"}]},{"@type":"WebSite","@id":"https:\/\/yunming-metal.com\/#website","url":"https:\/\/yunming-metal.com\/","name":"yunming-metal.com","description":"High-Quality Stainless Steel Pipes, Plates &amp; Flanges","publisher":{"@id":"https:\/\/yunming-metal.com\/#organization"},"potentialAction":[{"@type":"SearchAction","target":{"@type":"EntryPoint","urlTemplate":"https:\/\/yunming-metal.com\/?s={search_term_string}"},"query-input":{"@type":"PropertyValueSpecification","valueRequired":true,"valueName":"search_term_string"}}],"inLanguage":"es"},{"@type":"Organization","@id":"https:\/\/yunming-metal.com\/#organization","name":"Yunming MetalY","alternateName":"Yunming Stainless Steel","url":"https:\/\/yunming-metal.com\/","logo":{"@type":"ImageObject","inLanguage":"es","@id":"https:\/\/yunming-metal.com\/#\/schema\/logo\/image\/","url":"https:\/\/yunming-metal.com\/wp-content\/uploads\/2025\/04\/yunming-metal-logo-featuring-a-minimalist-am-design-representing.png","contentUrl":"https:\/\/yunming-metal.com\/wp-content\/uploads\/2025\/04\/yunming-metal-logo-featuring-a-minimalist-am-design-representing.png","width":300,"height":300,"caption":"Yunming MetalY"},"image":{"@id":"https:\/\/yunming-metal.com\/#\/schema\/logo\/image\/"},"sameAs":["https:\/\/www.facebook.com\/YunmingMetal","https:\/\/x.com\/fan_yunmimetal","https:\/\/www.linkedin.com\/company\/yunming-metal\/","https:\/\/www.instagram.com\/nora_jiang8\/","https:\/\/www.youtube.com\/@yunmingmetal1","https:\/\/www.tiktok.com\/@yunming_metal"]}]}},"_links":{"self":[{"href":"https:\/\/yunming-metal.com\/es\/wp-json\/wp\/v2\/product\/2490","targetHints":{"allow":["GET"]}}],"collection":[{"href":"https:\/\/yunming-metal.com\/es\/wp-json\/wp\/v2\/product"}],"about":[{"href":"https:\/\/yunming-metal.com\/es\/wp-json\/wp\/v2\/types\/product"}],"replies":[{"embeddable":true,"href":"https:\/\/yunming-metal.com\/es\/wp-json\/wp\/v2\/comments?post=2490"}],"wp:featuredmedia":[{"embeddable":true,"href":"https:\/\/yunming-metal.com\/es\/wp-json\/wp\/v2\/media\/4830"}],"wp:attachment":[{"href":"https:\/\/yunming-metal.com\/es\/wp-json\/wp\/v2\/media?parent=2490"}],"wp:term":[{"taxonomy":"product_brand","embeddable":true,"href":"https:\/\/yunming-metal.com\/es\/wp-json\/wp\/v2\/product_brand?post=2490"},{"taxonomy":"product_cat","embeddable":true,"href":"https:\/\/yunming-metal.com\/es\/wp-json\/wp\/v2\/product_cat?post=2490"},{"taxonomy":"product_tag","embeddable":true,"href":"https:\/\/yunming-metal.com\/es\/wp-json\/wp\/v2\/product_tag?post=2490"}],"curies":[{"name":"wp","href":"https:\/\/api.w.org\/{rel}","templated":true}]}}