{"id":2498,"date":"2024-10-27T08:01:20","date_gmt":"2024-10-27T08:01:20","guid":{"rendered":"https:\/\/yunming-metal.com\/?post_type=product&#038;p=2498"},"modified":"2025-06-02T20:37:03","modified_gmt":"2025-06-02T12:37:03","slug":"super-duplex-stainless-steel","status":"publish","type":"product","link":"https:\/\/yunming-metal.com\/es\/producto\/acero-inoxidable-super-duplex\/","title":{"rendered":"Acero inoxidable superd\u00faplex"},"content":{"rendered":"<h3 data-start=\"118\" data-end=\"142\"><strong data-start=\"122\" data-end=\"142\">Productos<\/strong><\/h3>\n<p data-start=\"144\" data-end=\"545\">El acero inoxidable superd\u00faplex es una aleaci\u00f3n de alto rendimiento conocida por su excelente combinaci\u00f3n de resistencia mec\u00e1nica y resistencia a la corrosi\u00f3n. Presenta una microestructura mixta de austenita y ferrita, que ofrece una resistencia superior a las fisuras por corrosi\u00f3n bajo tensi\u00f3n y a las picaduras. Los grados m\u00e1s comunes son UNS S32750 y S32760, muy utilizados en entornos dif\u00edciles como plataformas marinas y procesos qu\u00edmicos.<\/p>\n<h3 data-start=\"552\" data-end=\"577\"><strong data-start=\"556\" data-end=\"577\">\u00c1mbitos de aplicaci\u00f3n<\/strong><\/h3>\n<ul data-start=\"579\" data-end=\"864\">\n<li data-start=\"579\" data-end=\"613\">\n<p data-start=\"581\" data-end=\"613\">Plataformas mar\u00edtimas de petr\u00f3leo y gas<\/p>\n<\/li>\n<li data-start=\"614\" data-end=\"658\">\n<p data-start=\"616\" data-end=\"658\">Plantas desalinizadoras y sistemas de agua de mar<\/p>\n<\/li>\n<li data-start=\"659\" data-end=\"700\">\n<p data-start=\"661\" data-end=\"700\">Transformaci\u00f3n qu\u00edmica y petroqu\u00edmica<\/p>\n<\/li>\n<li data-start=\"701\" data-end=\"741\">\n<p data-start=\"703\" data-end=\"741\">Intercambiadores de calor y recipientes a presi\u00f3n<\/p>\n<\/li>\n<li data-start=\"742\" data-end=\"780\">\n<p data-start=\"744\" data-end=\"780\">Componentes marinos y navales<\/p>\n<\/li>\n<li data-start=\"781\" data-end=\"813\">\n<p data-start=\"783\" data-end=\"813\">Fabricaci\u00f3n de pasta y papel<\/p>\n<\/li>\n<li data-start=\"814\" data-end=\"864\">\n<p data-start=\"816\" data-end=\"864\">Depuradores de gases de combusti\u00f3n y sistemas de control de la contaminaci\u00f3n<\/p>\n<\/li>\n<\/ul>\n<p data-start=\"322\" data-end=\"356\"><strong data-start=\"322\" data-end=\"356\">\ud83d\udcce Ver p\u00e1ginas detalladas del producto<\/strong><\/p>\n<p data-start=\"358\" data-end=\"714\">\ud83d\udd39 <a class=\"\" href=\"https:\/\/yunming-metal.com\/es\/producto\/tubo-de-acero-inoxidable-super-duplex\/\" target=\"_new\" rel=\"noopener\" data-start=\"361\" data-end=\"474\">Ver tubos de acero inoxidable superd\u00faplex<\/a><br data-start=\"474\" data-end=\"477\" \/>\ud83d\udd39 <a class=\"\" href=\"https:\/\/yunming-metal.com\/es\/producto\/bobina-de-acero-inoxidable-super-duplex\/\" target=\"_new\" rel=\"noopener\" data-start=\"480\" data-end=\"593\">Ver bobina de acero inoxidable superd\u00faplex<\/a><br data-start=\"593\" data-end=\"596\" \/>\ud83d\udd39 <a class=\"\" href=\"https:\/\/yunming-metal.com\/es\/producto\/placa-de-acero-inoxidable-super-duplex\/\" target=\"_new\" rel=\"noopener\" data-start=\"599\" data-end=\"714\">Placa de acero inoxidable superd\u00faplex<\/a><\/p>\n<h3 data-start=\"871\" data-end=\"895\"><strong data-start=\"875\" data-end=\"895\">Caracter\u00edsticas del producto<\/strong><\/h3>\n<ul data-start=\"897\" data-end=\"1296\">\n<li data-start=\"897\" data-end=\"967\">\n<p data-start=\"899\" data-end=\"967\">Excelente resistencia a la corrosi\u00f3n bajo tensi\u00f3n inducida por cloruros<\/p>\n<\/li>\n<li data-start=\"968\" data-end=\"1003\">\n<p data-start=\"970\" data-end=\"1003\">Alto l\u00edmite el\u00e1stico y de tracci\u00f3n<\/p>\n<\/li>\n<li data-start=\"1004\" data-end=\"1057\">\n<p data-start=\"1006\" data-end=\"1057\">Mayor resistencia que los aceros inoxidables de la serie 300<\/p>\n<\/li>\n<li data-start=\"1058\" data-end=\"1114\">\n<p data-start=\"1060\" data-end=\"1114\">Resistencia superior a la corrosi\u00f3n por picaduras y grietas<\/p>\n<\/li>\n<li data-start=\"1115\" data-end=\"1179\">\n<p data-start=\"1117\" data-end=\"1179\">Adecuado para aplicaciones de alta presi\u00f3n y alta temperatura<\/p>\n<\/li>\n<li data-start=\"1180\" data-end=\"1245\">\n<p data-start=\"1182\" data-end=\"1245\">Disponible en varias formas: tubo, tuber\u00eda, bobina, placa, accesorios<\/p>\n<\/li>\n<li data-start=\"1246\" data-end=\"1296\">\n<p data-start=\"1248\" data-end=\"1296\">Conforme a las normas ASTM, ASME, EN e ISO<\/p>\n<\/li>\n<\/ul>\n<h3 data-start=\"1303\" data-end=\"1335\"><strong data-start=\"1307\" data-end=\"1335\">Especificaciones t\u00e9cnicas<\/strong><\/h3>\n<div class=\"_tableContainer_16hzy_1\">\n<div class=\"_tableWrapper_16hzy_14 group flex w-fit flex-col-reverse\" tabindex=\"-1\">\n<table class=\"w-fit min-w-(--thread-content-width)\" data-start=\"1337\" data-end=\"2105\">\n<thead data-start=\"1337\" data-end=\"1431\">\n<tr data-start=\"1337\" data-end=\"1431\">\n<th data-start=\"1337\" data-end=\"1358\" data-col-size=\"sm\">Par\u00e1metro<\/th>\n<th data-start=\"1358\" data-end=\"1431\" data-col-size=\"md\">Gama<\/th>\n<\/tr>\n<\/thead>\n<tbody data-start=\"1528\" data-end=\"2105\">\n<tr data-start=\"1528\" data-end=\"1624\">\n<td data-start=\"1528\" data-end=\"1549\" data-col-size=\"sm\">Grados<\/td>\n<td data-start=\"1549\" data-end=\"1624\" data-col-size=\"md\">UNS S32750, UNS S32760, 2507<\/td>\n<\/tr>\n<tr data-start=\"1625\" data-end=\"1720\">\n<td data-start=\"1625\" data-end=\"1646\" data-col-size=\"sm\">Formularios<\/td>\n<td data-start=\"1646\" data-end=\"1720\" data-col-size=\"md\">Tubo sin soldadura, chapa, bobina, tubo, bridas, accesorios<\/td>\n<\/tr>\n<tr data-start=\"1721\" data-end=\"1817\">\n<td data-start=\"1721\" data-end=\"1742\" data-col-size=\"sm\">Di\u00e1metro exterior<\/td>\n<td data-start=\"1742\" data-end=\"1817\" data-col-size=\"md\">\u00bd\u2033 - 24\u2033 (aprox. 12,7 mm - 610 mm)<\/td>\n<\/tr>\n<tr data-start=\"1818\" data-end=\"1913\">\n<td data-start=\"1818\" data-end=\"1839\" data-col-size=\"sm\">Espesor de pared<\/td>\n<td data-start=\"1839\" data-end=\"1913\" data-col-size=\"md\">SCH10S - SCH160 \/ XXS<\/td>\n<\/tr>\n<tr data-start=\"1914\" data-end=\"2009\">\n<td data-start=\"1914\" data-end=\"1935\" data-col-size=\"sm\">Normas<\/td>\n<td data-start=\"1935\" data-end=\"2009\" data-col-size=\"md\">ASTM A790 \/ A789, ASME SA, EN 10216-5, NACE MR0175<\/td>\n<\/tr>\n<tr data-start=\"2010\" data-end=\"2105\">\n<td data-start=\"2010\" data-end=\"2031\" data-col-size=\"sm\">Acabado superficial<\/td>\n<td data-start=\"2031\" data-end=\"2105\" data-col-size=\"md\">Decapado, recocido, pulido, cepillado<\/td>\n<\/tr>\n<\/tbody>\n<\/table>\n<div class=\"sticky end-(--thread-content-margin) h-0 self-end select-none\">\n<div class=\"absolute end-0 flex items-end\"><\/div>\n<\/div>\n<\/div>\n<\/div>\n<h3 data-start=\"2112\" data-end=\"2141\"><strong data-start=\"2116\" data-end=\"2141\">Proceso de fabricaci\u00f3n<\/strong><\/h3>\n<ol data-start=\"2143\" data-end=\"2432\">\n<li data-start=\"2143\" data-end=\"2194\">\n<p data-start=\"2146\" data-end=\"2194\">Inspecci\u00f3n de materias primas y verificaci\u00f3n de aleaciones<\/p>\n<\/li>\n<li data-start=\"2195\" data-end=\"2243\">\n<p data-start=\"2198\" data-end=\"2243\">Fusi\u00f3n y refinado en hornos EAF o AOD<\/p>\n<\/li>\n<li data-start=\"2244\" data-end=\"2276\">\n<p data-start=\"2247\" data-end=\"2276\">Laminado en caliente o estirado en fr\u00edo<\/p>\n<\/li>\n<li data-start=\"2277\" data-end=\"2314\">\n<p data-start=\"2280\" data-end=\"2314\">Recocido y enfriamiento por disoluci\u00f3n<\/p>\n<\/li>\n<li data-start=\"2315\" data-end=\"2360\">\n<p data-start=\"2318\" data-end=\"2360\">Decapado superficial o acabado mec\u00e1nico<\/p>\n<\/li>\n<li data-start=\"2361\" data-end=\"2396\">\n<p data-start=\"2364\" data-end=\"2396\">Inspecci\u00f3n dimensional y END<\/p>\n<\/li>\n<li data-start=\"2397\" data-end=\"2432\">\n<p data-start=\"2400\" data-end=\"2432\">Marcado, embalaje y entrega<\/p>\n<\/li>\n<\/ol>\n<h3 data-start=\"2439\" data-end=\"2479\"><strong data-start=\"2443\" data-end=\"2479\">Preguntas m\u00e1s frecuentes (FAQ)<\/strong><\/h3>\n<p data-start=\"2481\" data-end=\"2666\"><strong data-start=\"2481\" data-end=\"2544\">P1: \u00bfCu\u00e1l es la diferencia entre d\u00faplex y superd\u00faplex?<\/strong><br data-start=\"2544\" data-end=\"2547\" \/>A1: El superd\u00faplex contiene niveles m\u00e1s altos de cromo y molibdeno, lo que proporciona una mayor resistencia a la corrosi\u00f3n y una mayor solidez.<\/p>\n<p data-start=\"2668\" data-end=\"2820\"><strong data-start=\"2668\" data-end=\"2721\">P2: \u00bfPuede el Super Duplex resistir la exposici\u00f3n al agua de mar?<\/strong><br data-start=\"2721\" data-end=\"2724\" \/>A2: S\u00ed, es muy resistente a la corrosi\u00f3n del agua de mar, especialmente en entornos ricos en cloruros.<\/p>\n<p data-start=\"2822\" data-end=\"2951\"><strong data-start=\"2822\" data-end=\"2864\">P3: \u00bfQu\u00e9 certificaciones hay disponibles?<\/strong><br data-start=\"2864\" data-end=\"2867\" \/>A3: Proporcionamos certificados EN10204 3.1 \/ 3.2, conformidad NACE MR0175 e ISO 9001.<\/p>\n<p data-start=\"2953\" data-end=\"3107\"><strong data-start=\"2953\" data-end=\"3018\">P4: \u00bfExiste mecanizado a medida para los materiales Super Duplex?<\/strong><br data-start=\"3018\" data-end=\"3021\" \/>A4: S\u00ed, ofrecemos corte, biselado, pulido y fabricaci\u00f3n personalizada a petici\u00f3n.<\/p>\n<p data-start=\"3109\" data-end=\"3245\"><strong data-start=\"3109\" data-end=\"3158\">P5: \u00bfCu\u00e1l es la cantidad m\u00ednima de pedido?<\/strong><br data-start=\"3158\" data-end=\"3161\" \/>A5: MOQ flexible para primeros pedidos. P\u00f3ngase en contacto con nosotros para hablar de sus requisitos espec\u00edficos.<\/p>\n<h3 data-start=\"3252\" data-end=\"3281\"><strong data-start=\"3256\" data-end=\"3281\">\u00bfA\u00fan tiene preguntas?<\/strong><\/h3>\n<p data-start=\"3283\" data-end=\"3489\">No dude en <a href=\"https:\/\/yunming-metal.com\/es\/pongase-en-contacto-con\/\">Contacto<\/a> para m\u00e1s detalles o para hablar de sus necesidades de acero inoxidable S\u00faper D\u00faplex a medida. Nuestro equipo de asistencia t\u00e9cnica est\u00e1 preparado para ayudarle con las especificaciones, certificaciones y entrega.<\/p>","protected":false},"excerpt":{"rendered":"<p>Yunming Metal ofrece una visi\u00f3n general del acero inoxidable superd\u00faplex, incluidos los grados S32760 y 2507. Inf\u00f3rmese sobre su resistencia a la corrosi\u00f3n, su resistencia mec\u00e1nica y sus aplicaciones en los sectores del petr\u00f3leo y el gas, la marina y la qu\u00edmica. P\u00f3ngase en contacto con nosotros para obtener m\u00e1s informaci\u00f3n.<\/p>","protected":false},"featured_media":4831,"comment_status":"open","ping_status":"closed","template":"","meta":{"site-sidebar-layout":"default","site-content-layout":"","ast-site-content-layout":"default","site-content-style":"default","site-sidebar-style":"default","ast-global-header-display":"","ast-banner-title-visibility":"","ast-main-header-display":"","ast-hfb-above-header-display":"","ast-hfb-below-header-display":"","ast-hfb-mobile-header-display":"","site-post-title":"","ast-breadcrumbs-content":"","ast-featured-img":"","footer-sml-layout":"","theme-transparent-header-meta":"default","adv-header-id-meta":"","stick-header-meta":"","header-above-stick-meta":"","header-main-stick-meta":"","header-below-stick-meta":"","astra-migrate-meta-layouts":"set","ast-page-background-enabled":"default","ast-page-background-meta":{"desktop":{"background-color":"","background-image":"","background-repeat":"repeat","background-position":"center center","background-size":"auto","background-attachment":"scroll","background-type":"","background-media":"","overlay-type":"","overlay-color":"","overlay-opacity":"","overlay-gradient":""},"tablet":{"background-color":"","background-image":"","background-repeat":"repeat","background-position":"center center","background-size":"auto","background-attachment":"scroll","background-type":"","background-media":"","overlay-type":"","overlay-color":"","overlay-opacity":"","overlay-gradient":""},"mobile":{"background-color":"","background-image":"","background-repeat":"repeat","background-position":"center center","background-size":"auto","background-attachment":"scroll","background-type":"","background-media":"","overlay-type":"","overlay-color":"","overlay-opacity":"","overlay-gradient":""}},"ast-content-background-meta":{"desktop":{"background-color":"var(--ast-global-color-5)","background-image":"","background-repeat":"repeat","background-position":"center center","background-size":"auto","background-attachment":"scroll","background-type":"","background-media":"","overlay-type":"","overlay-color":"","overlay-opacity":"","overlay-gradient":""},"tablet":{"background-color":"var(--ast-global-color-5)","background-image":"","background-repeat":"repeat","background-position":"center center","background-size":"auto","background-attachment":"scroll","background-type":"","background-media":"","overlay-type":"","overlay-color":"","overlay-opacity":"","overlay-gradient":""},"mobile":{"background-color":"var(--ast-global-color-5)","background-image":"","background-repeat":"repeat","background-position":"center center","background-size":"auto","background-attachment":"scroll","background-type":"","background-media":"","overlay-type":"","overlay-color":"","overlay-opacity":"","overlay-gradient":""}}},"product_brand":[],"product_cat":[30,31],"product_tag":[],"class_list":{"0":"post-2498","1":"product","2":"type-product","3":"status-publish","4":"has-post-thumbnail","6":"product_cat-special-alloys","7":"product_cat-super-duplex-stainless-steel","8":"desktop-align-left","9":"tablet-align-left","10":"mobile-align-left","12":"first","13":"instock","14":"shipping-taxable","15":"product-type-simple"},"yoast_head":"<!-- This site is optimized with the Yoast SEO Premium plugin v24.9 (Yoast SEO v26.8) - https:\/\/yoast.com\/product\/yoast-seo-premium-wordpress\/ -->\n<title>Super Duplex Stainless Steel Overview - Grades &amp; Applications<\/title>\n<meta name=\"description\" content=\"Discover Super Duplex Stainless Steel grades like S32760. Learn about its high strength, corrosion resistance, and applications in offshore &amp; chemical industries.\" \/>\n<meta name=\"robots\" content=\"index, follow, max-snippet:-1, max-image-preview:large, max-video-preview:-1\" \/>\n<link rel=\"canonical\" href=\"https:\/\/yunming-metal.com\/es\/producto\/acero-inoxidable-super-duplex\/\" \/>\n<meta property=\"og:locale\" content=\"es_ES\" \/>\n<meta property=\"og:type\" content=\"article\" \/>\n<meta property=\"og:title\" content=\"Super Duplex Stainless Steel\" \/>\n<meta property=\"og:description\" content=\"Discover Super Duplex Stainless Steel grades like S32760. Learn about its high strength, corrosion resistance, and applications in offshore &amp; chemical industries.\" \/>\n<meta property=\"og:url\" content=\"https:\/\/yunming-metal.com\/es\/producto\/acero-inoxidable-super-duplex\/\" \/>\n<meta property=\"og:site_name\" content=\"Yunming Metal - Stainless Steel Manufacturer &amp; Supplier\" \/>\n<meta property=\"article:publisher\" content=\"https:\/\/www.facebook.com\/YunmingMetal\" \/>\n<meta property=\"article:modified_time\" content=\"2025-06-02T12:37:03+00:00\" \/>\n<meta property=\"og:image\" content=\"https:\/\/yunming-metal.com\/wp-content\/uploads\/2024\/10\/super-duplex-stainless-steel-pipe-coil-and-plate.png\" \/>\n\t<meta property=\"og:image:width\" content=\"1024\" \/>\n\t<meta property=\"og:image:height\" content=\"1024\" \/>\n\t<meta property=\"og:image:type\" content=\"image\/png\" \/>\n<meta name=\"twitter:card\" content=\"summary_large_image\" \/>\n<meta name=\"twitter:site\" content=\"@fan_yunmimetal\" \/>\n<meta name=\"twitter:label1\" content=\"Tiempo de lectura\" \/>\n\t<meta name=\"twitter:data1\" content=\"3 minutos\" \/>\n<script type=\"application\/ld+json\" class=\"yoast-schema-graph\">{\"@context\":\"https:\/\/schema.org\",\"@graph\":[{\"@type\":\"WebPage\",\"@id\":\"https:\/\/yunming-metal.com\/product\/super-duplex-stainless-steel\/\",\"url\":\"https:\/\/yunming-metal.com\/product\/super-duplex-stainless-steel\/\",\"name\":\"Super Duplex Stainless Steel Overview - Grades & Applications\",\"isPartOf\":{\"@id\":\"https:\/\/yunming-metal.com\/#website\"},\"primaryImageOfPage\":{\"@id\":\"https:\/\/yunming-metal.com\/product\/super-duplex-stainless-steel\/#primaryimage\"},\"image\":{\"@id\":\"https:\/\/yunming-metal.com\/product\/super-duplex-stainless-steel\/#primaryimage\"},\"thumbnailUrl\":\"https:\/\/yunming-metal.com\/wp-content\/uploads\/2024\/10\/super-duplex-stainless-steel-pipe-coil-and-plate.png\",\"datePublished\":\"2024-10-27T08:01:20+00:00\",\"dateModified\":\"2025-06-02T12:37:03+00:00\",\"description\":\"Discover Super Duplex Stainless Steel grades like S32760. Learn about its high strength, corrosion resistance, and applications in offshore & chemical industries.\",\"breadcrumb\":{\"@id\":\"https:\/\/yunming-metal.com\/product\/super-duplex-stainless-steel\/#breadcrumb\"},\"inLanguage\":\"es\",\"potentialAction\":[{\"@type\":\"ReadAction\",\"target\":[\"https:\/\/yunming-metal.com\/product\/super-duplex-stainless-steel\/\"]}]},{\"@type\":\"ImageObject\",\"inLanguage\":\"es\",\"@id\":\"https:\/\/yunming-metal.com\/product\/super-duplex-stainless-steel\/#primaryimage\",\"url\":\"https:\/\/yunming-metal.com\/wp-content\/uploads\/2024\/10\/super-duplex-stainless-steel-pipe-coil-and-plate.png\",\"contentUrl\":\"https:\/\/yunming-metal.com\/wp-content\/uploads\/2024\/10\/super-duplex-stainless-steel-pipe-coil-and-plate.png\",\"width\":1024,\"height\":1024,\"caption\":\"Corrosion-resistant super duplex stainless steel in pipe, coil, and plate form\"},{\"@type\":\"BreadcrumbList\",\"@id\":\"https:\/\/yunming-metal.com\/product\/super-duplex-stainless-steel\/#breadcrumb\",\"itemListElement\":[{\"@type\":\"ListItem\",\"position\":1,\"name\":\"\u9996\u9875\",\"item\":\"https:\/\/yunming-metal.com\/\"},{\"@type\":\"ListItem\",\"position\":2,\"name\":\"Products\",\"item\":\"https:\/\/yunming-metal.com\/shop\/\"},{\"@type\":\"ListItem\",\"position\":3,\"name\":\"Super Duplex Stainless Steel\"}]},{\"@type\":\"WebSite\",\"@id\":\"https:\/\/yunming-metal.com\/#website\",\"url\":\"https:\/\/yunming-metal.com\/\",\"name\":\"yunming-metal.com\",\"description\":\"High-Quality Stainless Steel Pipes, Plates &amp; Flanges\",\"publisher\":{\"@id\":\"https:\/\/yunming-metal.com\/#organization\"},\"potentialAction\":[{\"@type\":\"SearchAction\",\"target\":{\"@type\":\"EntryPoint\",\"urlTemplate\":\"https:\/\/yunming-metal.com\/?s={search_term_string}\"},\"query-input\":{\"@type\":\"PropertyValueSpecification\",\"valueRequired\":true,\"valueName\":\"search_term_string\"}}],\"inLanguage\":\"es\"},{\"@type\":\"Organization\",\"@id\":\"https:\/\/yunming-metal.com\/#organization\",\"name\":\"Yunming MetalY\",\"alternateName\":\"Yunming Stainless Steel\",\"url\":\"https:\/\/yunming-metal.com\/\",\"logo\":{\"@type\":\"ImageObject\",\"inLanguage\":\"es\",\"@id\":\"https:\/\/yunming-metal.com\/#\/schema\/logo\/image\/\",\"url\":\"https:\/\/yunming-metal.com\/wp-content\/uploads\/2025\/04\/yunming-metal-logo-featuring-a-minimalist-am-design-representing.png\",\"contentUrl\":\"https:\/\/yunming-metal.com\/wp-content\/uploads\/2025\/04\/yunming-metal-logo-featuring-a-minimalist-am-design-representing.png\",\"width\":300,\"height\":300,\"caption\":\"Yunming MetalY\"},\"image\":{\"@id\":\"https:\/\/yunming-metal.com\/#\/schema\/logo\/image\/\"},\"sameAs\":[\"https:\/\/www.facebook.com\/YunmingMetal\",\"https:\/\/x.com\/fan_yunmimetal\",\"https:\/\/www.linkedin.com\/company\/yunming-metal\/\",\"https:\/\/www.instagram.com\/nora_jiang8\/\",\"https:\/\/www.youtube.com\/@yunmingmetal1\",\"https:\/\/www.tiktok.com\/@yunming_metal\"]}]}<\/script>\n<!-- \/ Yoast SEO Premium plugin. -->","yoast_head_json":{"title":"Super Duplex Stainless Steel Overview - Grades & Applications","description":"Discover Super Duplex Stainless Steel grades like S32760. Learn about its high strength, corrosion resistance, and applications in offshore & chemical industries.","robots":{"index":"index","follow":"follow","max-snippet":"max-snippet:-1","max-image-preview":"max-image-preview:large","max-video-preview":"max-video-preview:-1"},"canonical":"https:\/\/yunming-metal.com\/es\/producto\/acero-inoxidable-super-duplex\/","og_locale":"es_ES","og_type":"article","og_title":"Super Duplex Stainless Steel","og_description":"Discover Super Duplex Stainless Steel grades like S32760. Learn about its high strength, corrosion resistance, and applications in offshore & chemical industries.","og_url":"https:\/\/yunming-metal.com\/es\/producto\/acero-inoxidable-super-duplex\/","og_site_name":"Yunming Metal - Stainless Steel Manufacturer &amp; Supplier","article_publisher":"https:\/\/www.facebook.com\/YunmingMetal","article_modified_time":"2025-06-02T12:37:03+00:00","og_image":[{"width":1024,"height":1024,"url":"https:\/\/yunming-metal.com\/wp-content\/uploads\/2024\/10\/super-duplex-stainless-steel-pipe-coil-and-plate.png","type":"image\/png"}],"twitter_card":"summary_large_image","twitter_site":"@fan_yunmimetal","twitter_misc":{"Tiempo de lectura":"3 minutos"},"schema":{"@context":"https:\/\/schema.org","@graph":[{"@type":"WebPage","@id":"https:\/\/yunming-metal.com\/product\/super-duplex-stainless-steel\/","url":"https:\/\/yunming-metal.com\/product\/super-duplex-stainless-steel\/","name":"Super Duplex Stainless Steel Overview - Grades & Applications","isPartOf":{"@id":"https:\/\/yunming-metal.com\/#website"},"primaryImageOfPage":{"@id":"https:\/\/yunming-metal.com\/product\/super-duplex-stainless-steel\/#primaryimage"},"image":{"@id":"https:\/\/yunming-metal.com\/product\/super-duplex-stainless-steel\/#primaryimage"},"thumbnailUrl":"https:\/\/yunming-metal.com\/wp-content\/uploads\/2024\/10\/super-duplex-stainless-steel-pipe-coil-and-plate.png","datePublished":"2024-10-27T08:01:20+00:00","dateModified":"2025-06-02T12:37:03+00:00","description":"Discover Super Duplex Stainless Steel grades like S32760. Learn about its high strength, corrosion resistance, and applications in offshore & chemical industries.","breadcrumb":{"@id":"https:\/\/yunming-metal.com\/product\/super-duplex-stainless-steel\/#breadcrumb"},"inLanguage":"es","potentialAction":[{"@type":"ReadAction","target":["https:\/\/yunming-metal.com\/product\/super-duplex-stainless-steel\/"]}]},{"@type":"ImageObject","inLanguage":"es","@id":"https:\/\/yunming-metal.com\/product\/super-duplex-stainless-steel\/#primaryimage","url":"https:\/\/yunming-metal.com\/wp-content\/uploads\/2024\/10\/super-duplex-stainless-steel-pipe-coil-and-plate.png","contentUrl":"https:\/\/yunming-metal.com\/wp-content\/uploads\/2024\/10\/super-duplex-stainless-steel-pipe-coil-and-plate.png","width":1024,"height":1024,"caption":"Corrosion-resistant super duplex stainless steel in pipe, coil, and plate form"},{"@type":"BreadcrumbList","@id":"https:\/\/yunming-metal.com\/product\/super-duplex-stainless-steel\/#breadcrumb","itemListElement":[{"@type":"ListItem","position":1,"name":"\u9996\u9875","item":"https:\/\/yunming-metal.com\/"},{"@type":"ListItem","position":2,"name":"Products","item":"https:\/\/yunming-metal.com\/shop\/"},{"@type":"ListItem","position":3,"name":"Super Duplex Stainless Steel"}]},{"@type":"WebSite","@id":"https:\/\/yunming-metal.com\/#website","url":"https:\/\/yunming-metal.com\/","name":"yunming-metal.com","description":"High-Quality Stainless Steel Pipes, Plates &amp; Flanges","publisher":{"@id":"https:\/\/yunming-metal.com\/#organization"},"potentialAction":[{"@type":"SearchAction","target":{"@type":"EntryPoint","urlTemplate":"https:\/\/yunming-metal.com\/?s={search_term_string}"},"query-input":{"@type":"PropertyValueSpecification","valueRequired":true,"valueName":"search_term_string"}}],"inLanguage":"es"},{"@type":"Organization","@id":"https:\/\/yunming-metal.com\/#organization","name":"Yunming MetalY","alternateName":"Yunming Stainless Steel","url":"https:\/\/yunming-metal.com\/","logo":{"@type":"ImageObject","inLanguage":"es","@id":"https:\/\/yunming-metal.com\/#\/schema\/logo\/image\/","url":"https:\/\/yunming-metal.com\/wp-content\/uploads\/2025\/04\/yunming-metal-logo-featuring-a-minimalist-am-design-representing.png","contentUrl":"https:\/\/yunming-metal.com\/wp-content\/uploads\/2025\/04\/yunming-metal-logo-featuring-a-minimalist-am-design-representing.png","width":300,"height":300,"caption":"Yunming MetalY"},"image":{"@id":"https:\/\/yunming-metal.com\/#\/schema\/logo\/image\/"},"sameAs":["https:\/\/www.facebook.com\/YunmingMetal","https:\/\/x.com\/fan_yunmimetal","https:\/\/www.linkedin.com\/company\/yunming-metal\/","https:\/\/www.instagram.com\/nora_jiang8\/","https:\/\/www.youtube.com\/@yunmingmetal1","https:\/\/www.tiktok.com\/@yunming_metal"]}]}},"_links":{"self":[{"href":"https:\/\/yunming-metal.com\/es\/wp-json\/wp\/v2\/product\/2498","targetHints":{"allow":["GET"]}}],"collection":[{"href":"https:\/\/yunming-metal.com\/es\/wp-json\/wp\/v2\/product"}],"about":[{"href":"https:\/\/yunming-metal.com\/es\/wp-json\/wp\/v2\/types\/product"}],"replies":[{"embeddable":true,"href":"https:\/\/yunming-metal.com\/es\/wp-json\/wp\/v2\/comments?post=2498"}],"wp:featuredmedia":[{"embeddable":true,"href":"https:\/\/yunming-metal.com\/es\/wp-json\/wp\/v2\/media\/4831"}],"wp:attachment":[{"href":"https:\/\/yunming-metal.com\/es\/wp-json\/wp\/v2\/media?parent=2498"}],"wp:term":[{"taxonomy":"product_brand","embeddable":true,"href":"https:\/\/yunming-metal.com\/es\/wp-json\/wp\/v2\/product_brand?post=2498"},{"taxonomy":"product_cat","embeddable":true,"href":"https:\/\/yunming-metal.com\/es\/wp-json\/wp\/v2\/product_cat?post=2498"},{"taxonomy":"product_tag","embeddable":true,"href":"https:\/\/yunming-metal.com\/es\/wp-json\/wp\/v2\/product_tag?post=2498"}],"curies":[{"name":"wp","href":"https:\/\/api.w.org\/{rel}","templated":true}]}}