{"id":2525,"date":"2024-10-27T08:51:08","date_gmt":"2024-10-27T08:51:08","guid":{"rendered":"https:\/\/yunming-metal.com\/?post_type=product&#038;p=2525"},"modified":"2026-03-24T23:08:08","modified_gmt":"2026-03-24T15:08:08","slug":"high-temperature-stainless-steel-alloys","status":"publish","type":"product","link":"https:\/\/yunming-metal.com\/es\/producto\/aleaciones-de-acero-inoxidable-para-altas-temperaturas\/","title":{"rendered":"Acero inoxidable para altas temperaturas"},"content":{"rendered":"<h2 data-start=\"0\" data-end=\"21\" data-section-id=\"53drpp\">Productos<\/h2>\n<p data-start=\"22\" data-end=\"367\">El acero inoxidable para altas temperaturas est\u00e1 dise\u00f1ado para ofrecer un rendimiento fiable en condiciones de calor extremo y entornos corrosivos. Dise\u00f1ado para mantener la solidez, la resistencia a la oxidaci\u00f3n y la estabilidad estructural a temperaturas elevadas, se utiliza ampliamente en sectores exigentes como el del petr\u00f3leo y el gas, el procesamiento qu\u00edmico, la generaci\u00f3n de energ\u00eda y la ingenier\u00eda naval.<\/p>\n<p data-start=\"369\" data-end=\"741\">Esta categor\u00eda de acero inoxidable suele incluir grados resistentes al calor con alto contenido en cromo y n\u00edquel, lo que permite una excelente resistencia a la descamaci\u00f3n, la fatiga t\u00e9rmica y la deformaci\u00f3n por fluencia. Es especialmente adecuado para aplicaciones como intercambiadores de calor, componentes de hornos, calderas y sistemas de escape en las que la exposici\u00f3n continua a altas temperaturas es cr\u00edtica.<\/p>\n<p data-start=\"743\" data-end=\"1041\">Con propiedades metal\u00fargicas constantes y un estricto control de calidad, los productos de acero inoxidable para altas temperaturas garantizan una larga vida \u00fatil, menores costes de mantenimiento y una mayor seguridad de funcionamiento en entornos agresivos como sistemas de agua de mar, tuber\u00edas de gases de combusti\u00f3n y unidades de procesamiento t\u00e9rmico.<\/p>\n<hr data-start=\"1043\" data-end=\"1046\" \/>\n<h2 data-start=\"1048\" data-end=\"1070\" data-section-id=\"uujcgr\">\u00c1mbitos de aplicaci\u00f3n<\/h2>\n<p data-start=\"1072\" data-end=\"1237\"><strong data-start=\"1072\" data-end=\"1097\">1. Industria del petr\u00f3leo y el gas<\/strong><br data-start=\"1097\" data-end=\"1100\" \/>Se utiliza en tuber\u00edas de alta temperatura, calentadores de refiner\u00edas y sistemas de antorcha donde la resistencia a los ciclos t\u00e9rmicos y a la oxidaci\u00f3n es esencial.<\/p>\n<p data-start=\"1239\" data-end=\"1396\"><strong data-start=\"1239\" data-end=\"1262\">2. Generaci\u00f3n de energ\u00eda<\/strong><br data-start=\"1262\" data-end=\"1265\" \/>Se aplica en calderas, sobrecalentadores y generadores de vapor con recuperaci\u00f3n de calor (HRSG) que funcionan en condiciones extremas de calor y presi\u00f3n.<\/p>\n<p data-start=\"1398\" data-end=\"1538\"><strong data-start=\"1398\" data-end=\"1424\">3. Procesamiento qu\u00edmico<\/strong><br data-start=\"1424\" data-end=\"1427\" \/>Ideal para reactores, intercambiadores de calor y sistemas de tuber\u00edas expuestos a productos qu\u00edmicos corrosivos y altas temperaturas.<\/p>\n<p data-start=\"1540\" data-end=\"1706\"><strong data-start=\"1540\" data-end=\"1572\">4. Sistemas marinos y de agua de mar<\/strong><br data-start=\"1572\" data-end=\"1575\" \/>Se utiliza en plantas desalinizadoras, plataformas marinas e intercambiadores de calor de agua de mar debido a su resistencia a la corrosi\u00f3n y durabilidad.<\/p>\n<p data-start=\"1708\" data-end=\"1849\"><strong data-start=\"1708\" data-end=\"1734\">5. Hornos industriales<\/strong><br data-start=\"1734\" data-end=\"1737\" \/>Ampliamente utilizado en rodillos de hornos, tubos radiantes y equipos de tratamiento t\u00e9rmico que requieren resistencia al calor a largo plazo.<\/p>\n<p data-start=\"1851\" data-end=\"2008\"><strong data-start=\"1851\" data-end=\"1886\">6. Automoci\u00f3n y sistemas de escape<\/strong><br data-start=\"1886\" data-end=\"1889\" \/>Se aplica en colectores de escape, componentes de convertidores catal\u00edticos y sistemas de turbocompresores expuestos a altas cargas t\u00e9rmicas.<\/p>\n<hr data-start=\"2010\" data-end=\"2013\" \/>\n<h2 data-start=\"2015\" data-end=\"2036\" data-section-id=\"1buqma1\">Caracter\u00edsticas del producto<\/h2>\n<ul data-start=\"2038\" data-end=\"2361\">\n<li data-start=\"2038\" data-end=\"2090\" data-section-id=\"njn37a\">\n<p data-start=\"2040\" data-end=\"2090\">Resistencia a la oxidaci\u00f3n hasta 1100\u00b0C<\/p>\n<\/li>\n<li data-start=\"2091\" data-end=\"2121\" data-section-id=\"i9bq2d\">\n<p data-start=\"2093\" data-end=\"2121\">Resistencia a la fluencia<\/p>\n<\/li>\n<li data-start=\"2122\" data-end=\"2174\" data-section-id=\"w3fwsm\">\n<p data-start=\"2124\" data-end=\"2174\">Alta resistencia a temperaturas elevadas<\/p>\n<\/li>\n<li data-start=\"2175\" data-end=\"2236\" data-section-id=\"1gs5prn\">\n<p data-start=\"2177\" data-end=\"2236\">Resistencia a la corrosi\u00f3n en entornos agresivos<\/p>\n<\/li>\n<li data-start=\"2237\" data-end=\"2277\" data-section-id=\"af5tsc\">\n<p data-start=\"2239\" data-end=\"2277\">Resistencia a la fatiga t\u00e9rmica<\/p>\n<\/li>\n<li data-start=\"2278\" data-end=\"2321\" data-section-id=\"rj6c3k\">\n<p data-start=\"2280\" data-end=\"2321\">Soldabilidad y fabricabilidad<\/p>\n<\/li>\n<li data-start=\"2322\" data-end=\"2361\" data-section-id=\"cnie9o\">\n<p data-start=\"2324\" data-end=\"2361\">Vida \u00fatil prolongada<\/p>\n<\/li>\n<\/ul>\n<hr data-start=\"2363\" data-end=\"2366\" \/>\n<h2 data-start=\"2368\" data-end=\"2397\" data-section-id=\"58xi60\">Especificaciones t\u00e9cnicas<\/h2>\n<p data-start=\"2399\" data-end=\"2454\"><strong data-start=\"2399\" data-end=\"2423\">Di\u00e1metro exterior (OD):<\/strong><br data-start=\"2423\" data-end=\"2426\" \/>6 mm - 630 mm (1\/4\u2033 - 24\u2033)<\/p>\n<p data-start=\"2456\" data-end=\"2512\"><strong data-start=\"2456\" data-end=\"2480\">Espesor de pared (WT):<\/strong><br data-start=\"2480\" data-end=\"2483\" \/>0,5 mm - 50 mm (1\/32\u2033 - 2\u2033)<\/p>\n<p data-start=\"2514\" data-end=\"2556\"><strong data-start=\"2514\" data-end=\"2525\">Longitud:<\/strong><br data-start=\"2525\" data-end=\"2528\" \/>6 m \/ 12 m \/ Longitud personalizada<\/p>\n<p data-start=\"2558\" data-end=\"2630\"><strong data-start=\"2558\" data-end=\"2572\">Normas:<\/strong><br data-start=\"2572\" data-end=\"2575\" \/>ASTM A213 \/ ASTM A312 \/ ASME SA213 \/ ASME SA312 \/ UNS<\/p>\n<p data-start=\"2632\" data-end=\"2696\"><strong data-start=\"2632\" data-end=\"2643\">Grados:<\/strong><br data-start=\"2643\" data-end=\"2646\" \/>304H, 309S, 310S, 321H, 347H, Incoloy 800H \/ 825<\/p>\n<hr data-start=\"2698\" data-end=\"2701\" \/>\n<h2 data-start=\"2703\" data-end=\"2729\" data-section-id=\"16kaosu\">Proceso de fabricaci\u00f3n<\/h2>\n<p data-start=\"2731\" data-end=\"2857\">La producci\u00f3n de acero inoxidable para altas temperaturas sigue estrictos procedimientos metal\u00fargicos para garantizar un rendimiento constante:<\/p>\n<p data-start=\"2859\" data-end=\"3108\">Fundici\u00f3n (horno de arco el\u00e9ctrico y refinado AOD) \u2192 Conformado (laminado en caliente \/ estirado en fr\u00edo) \u2192 Tratamiento t\u00e9rmico (recocido por disoluci\u00f3n) \u2192 Acabado superficial (decapado \/ pulido) \u2192 Ensayos no destructivos (UT, corrientes de Foucault) \u2192 Inspecci\u00f3n dimensional \u2192 Embalaje.<\/p>\n<p data-start=\"3110\" data-end=\"3232\">Cada paso se controla cuidadosamente para cumplir las normas internacionales y garantizar la fiabilidad del producto en condiciones extremas.<\/p>\n<hr data-start=\"3234\" data-end=\"3237\" \/>\n<h2 data-start=\"3239\" data-end=\"3247\" data-section-id=\"x9bttf\">PREGUNTAS FRECUENTES<\/h2>\n<p data-start=\"3249\" data-end=\"3409\"><strong data-start=\"3249\" data-end=\"3297\">1. \u00bfCu\u00e1l es la cantidad m\u00ednima de pedido (MOQ)?<\/strong><br data-start=\"3297\" data-end=\"3300\" \/>La cantidad m\u00ednima de piezas suele depender del tama\u00f1o y la calidad, pero hay cantidades flexibles disponibles para las especificaciones est\u00e1ndar.<\/p>\n<p data-start=\"3411\" data-end=\"3531\"><strong data-start=\"3411\" data-end=\"3444\">2. \u00bfCu\u00e1l es el plazo de entrega?<\/strong><br data-start=\"3444\" data-end=\"3447\" \/>El plazo de entrega est\u00e1ndar es de 15-35 d\u00edas, dependiendo del volumen del pedido y del calendario de producci\u00f3n.<\/p>\n<p data-start=\"3533\" data-end=\"3675\"><strong data-start=\"3533\" data-end=\"3585\">3. \u00bfPueden facilitar certificados de pruebas de laminaci\u00f3n?<\/strong><br data-start=\"3585\" data-end=\"3588\" \/>S\u00ed, todos los productos se suministran con certificaci\u00f3n EN 10204 3.1 para una trazabilidad completa.<\/p>\n<p data-start=\"3677\" data-end=\"3831\"><strong data-start=\"3677\" data-end=\"3722\">4. \u00bfExisten tama\u00f1os y calidades especiales?<\/strong><br data-start=\"3722\" data-end=\"3725\" \/>S\u00ed, se admiten dimensiones, aleaciones y servicios de procesamiento personalizados en funci\u00f3n de los requisitos del proyecto.<\/p>\n<p data-start=\"3833\" data-end=\"4022\"><strong data-start=\"3833\" data-end=\"3902\">5. \u00bfQu\u00e9 industrias utilizan habitualmente el acero inoxidable para altas temperaturas?<\/strong><br data-start=\"3902\" data-end=\"3905\" \/>Las principales industrias son las del petr\u00f3leo y el gas, la marina, la generaci\u00f3n de energ\u00eda, el procesamiento qu\u00edmico y la fabricaci\u00f3n de intercambiadores de calor.<\/p>\n<hr data-start=\"4024\" data-end=\"4027\" \/>\n<h2 data-start=\"4029\" data-end=\"4044\" data-section-id=\"14ivhnq\">Conclusi\u00f3n<\/h2>\n<p data-start=\"4046\" data-end=\"4326\">El acero inoxidable para altas temperaturas es una soluci\u00f3n fiable para los sectores que requieren una resistencia excepcional al calor, durabilidad y protecci\u00f3n contra la corrosi\u00f3n. Con una amplia gama de calidades, tama\u00f1os y opciones de personalizaci\u00f3n, admite aplicaciones cr\u00edticas en todos los sectores industriales del mundo.<\/p>\n<p data-start=\"4328\" data-end=\"4429\"><a href=\"https:\/\/yunming-metal.com\/es\/pongase-en-contacto-con\/\">P\u00f3ngase en contacto con nosotros<\/a> hoy mismo para obtener un presupuesto r\u00e1pido y asistencia t\u00e9cnica adaptada a los requisitos de su proyecto.<\/p>","protected":false},"excerpt":{"rendered":"<p>Yunming Metal suministra acero inoxidable de alta temperatura dise\u00f1ado para entornos de calor, corrosi\u00f3n y presi\u00f3n extremos, ampliamente utilizado en intercambiadores de calor, sistemas marinos e industrias de procesamiento qu\u00edmico en todo el mundo.<\/p>","protected":false},"featured_media":4888,"comment_status":"open","ping_status":"closed","template":"","meta":{"site-sidebar-layout":"default","site-content-layout":"","ast-site-content-layout":"default","site-content-style":"default","site-sidebar-style":"default","ast-global-header-display":"","ast-banner-title-visibility":"","ast-main-header-display":"","ast-hfb-above-header-display":"","ast-hfb-below-header-display":"","ast-hfb-mobile-header-display":"","site-post-title":"","ast-breadcrumbs-content":"","ast-featured-img":"","footer-sml-layout":"","theme-transparent-header-meta":"default","adv-header-id-meta":"","stick-header-meta":"","header-above-stick-meta":"","header-main-stick-meta":"","header-below-stick-meta":"","astra-migrate-meta-layouts":"set","ast-page-background-enabled":"default","ast-page-background-meta":{"desktop":{"background-color":"","background-image":"","background-repeat":"repeat","background-position":"center center","background-size":"auto","background-attachment":"scroll","background-type":"","background-media":"","overlay-type":"","overlay-color":"","overlay-opacity":"","overlay-gradient":""},"tablet":{"background-color":"","background-image":"","background-repeat":"repeat","background-position":"center center","background-size":"auto","background-attachment":"scroll","background-type":"","background-media":"","overlay-type":"","overlay-color":"","overlay-opacity":"","overlay-gradient":""},"mobile":{"background-color":"","background-image":"","background-repeat":"repeat","background-position":"center center","background-size":"auto","background-attachment":"scroll","background-type":"","background-media":"","overlay-type":"","overlay-color":"","overlay-opacity":"","overlay-gradient":""}},"ast-content-background-meta":{"desktop":{"background-color":"var(--ast-global-color-5)","background-image":"","background-repeat":"repeat","background-position":"center center","background-size":"auto","background-attachment":"scroll","background-type":"","background-media":"","overlay-type":"","overlay-color":"","overlay-opacity":"","overlay-gradient":""},"tablet":{"background-color":"var(--ast-global-color-5)","background-image":"","background-repeat":"repeat","background-position":"center center","background-size":"auto","background-attachment":"scroll","background-type":"","background-media":"","overlay-type":"","overlay-color":"","overlay-opacity":"","overlay-gradient":""},"mobile":{"background-color":"var(--ast-global-color-5)","background-image":"","background-repeat":"repeat","background-position":"center center","background-size":"auto","background-attachment":"scroll","background-type":"","background-media":"","overlay-type":"","overlay-color":"","overlay-opacity":"","overlay-gradient":""}}},"product_brand":[],"product_cat":[30,33],"product_tag":[],"class_list":{"0":"post-2525","1":"product","2":"type-product","3":"status-publish","4":"has-post-thumbnail","6":"product_cat-special-alloys","7":"product_cat-high-temperature-stainless-steel","8":"desktop-align-left","9":"tablet-align-left","10":"mobile-align-left","12":"first","13":"instock","14":"shipping-taxable","15":"product-type-simple"},"yoast_head":"<!-- This site is optimized with the Yoast SEO Premium plugin v24.9 (Yoast SEO v26.8) - https:\/\/yoast.com\/product\/yoast-seo-premium-wordpress\/ -->\n<title>High Temperature Stainless Steel Supplier | Heat Resistant Alloys<\/title>\n<meta name=\"description\" content=\"High temperature stainless steel for extreme environments. Ideal for heat exchangers, marine, and chemical industries. Custom sizes available.\" \/>\n<meta name=\"robots\" content=\"index, follow, max-snippet:-1, max-image-preview:large, max-video-preview:-1\" \/>\n<link rel=\"canonical\" href=\"https:\/\/yunming-metal.com\/es\/producto\/aleaciones-de-acero-inoxidable-para-altas-temperaturas\/\" \/>\n<meta property=\"og:locale\" content=\"es_ES\" \/>\n<meta property=\"og:type\" content=\"article\" \/>\n<meta property=\"og:title\" content=\"High Temperature Stainless Steel\" \/>\n<meta property=\"og:description\" content=\"High temperature stainless steel for extreme environments. Ideal for heat exchangers, marine, and chemical industries. Custom sizes available.\" \/>\n<meta property=\"og:url\" content=\"https:\/\/yunming-metal.com\/es\/producto\/aleaciones-de-acero-inoxidable-para-altas-temperaturas\/\" \/>\n<meta property=\"og:site_name\" content=\"Yunming Metal - Stainless Steel Manufacturer &amp; Supplier\" \/>\n<meta property=\"article:publisher\" content=\"https:\/\/www.facebook.com\/YunmingMetal\" \/>\n<meta property=\"article:modified_time\" content=\"2026-03-24T15:08:08+00:00\" \/>\n<meta property=\"og:image\" content=\"https:\/\/yunming-metal.com\/wp-content\/uploads\/2024\/10\/high-temperature-stainless-steel-pipes-tubes-astm-a213-a312.png\" \/>\n\t<meta property=\"og:image:width\" content=\"1024\" \/>\n\t<meta property=\"og:image:height\" content=\"1024\" \/>\n\t<meta property=\"og:image:type\" content=\"image\/png\" \/>\n<meta name=\"twitter:card\" content=\"summary_large_image\" \/>\n<meta name=\"twitter:site\" content=\"@fan_yunmimetal\" \/>\n<meta name=\"twitter:label1\" content=\"Tiempo de lectura\" \/>\n\t<meta name=\"twitter:data1\" content=\"4 minutos\" \/>\n<script type=\"application\/ld+json\" class=\"yoast-schema-graph\">{\"@context\":\"https:\/\/schema.org\",\"@graph\":[{\"@type\":\"WebPage\",\"@id\":\"https:\/\/yunming-metal.com\/product\/high-temperature-stainless-steel-alloys\/\",\"url\":\"https:\/\/yunming-metal.com\/product\/high-temperature-stainless-steel-alloys\/\",\"name\":\"High Temperature Stainless Steel Supplier | Heat Resistant Alloys\",\"isPartOf\":{\"@id\":\"https:\/\/yunming-metal.com\/#website\"},\"primaryImageOfPage\":{\"@id\":\"https:\/\/yunming-metal.com\/product\/high-temperature-stainless-steel-alloys\/#primaryimage\"},\"image\":{\"@id\":\"https:\/\/yunming-metal.com\/product\/high-temperature-stainless-steel-alloys\/#primaryimage\"},\"thumbnailUrl\":\"https:\/\/yunming-metal.com\/wp-content\/uploads\/2024\/10\/high-temperature-stainless-steel-pipes-tubes-astm-a213-a312.png\",\"datePublished\":\"2024-10-27T08:51:08+00:00\",\"dateModified\":\"2026-03-24T15:08:08+00:00\",\"description\":\"High temperature stainless steel for extreme environments. Ideal for heat exchangers, marine, and chemical industries. Custom sizes available.\",\"breadcrumb\":{\"@id\":\"https:\/\/yunming-metal.com\/product\/high-temperature-stainless-steel-alloys\/#breadcrumb\"},\"inLanguage\":\"es\",\"potentialAction\":[{\"@type\":\"ReadAction\",\"target\":[\"https:\/\/yunming-metal.com\/product\/high-temperature-stainless-steel-alloys\/\"]}]},{\"@type\":\"ImageObject\",\"inLanguage\":\"es\",\"@id\":\"https:\/\/yunming-metal.com\/product\/high-temperature-stainless-steel-alloys\/#primaryimage\",\"url\":\"https:\/\/yunming-metal.com\/wp-content\/uploads\/2024\/10\/high-temperature-stainless-steel-pipes-tubes-astm-a213-a312.png\",\"contentUrl\":\"https:\/\/yunming-metal.com\/wp-content\/uploads\/2024\/10\/high-temperature-stainless-steel-pipes-tubes-astm-a213-a312.png\",\"width\":1024,\"height\":1024,\"caption\":\"High temperature stainless steel pipes for heat exchanger and high heat applications\"},{\"@type\":\"BreadcrumbList\",\"@id\":\"https:\/\/yunming-metal.com\/product\/high-temperature-stainless-steel-alloys\/#breadcrumb\",\"itemListElement\":[{\"@type\":\"ListItem\",\"position\":1,\"name\":\"\u9996\u9875\",\"item\":\"https:\/\/yunming-metal.com\/\"},{\"@type\":\"ListItem\",\"position\":2,\"name\":\"Products\",\"item\":\"https:\/\/yunming-metal.com\/shop\/\"},{\"@type\":\"ListItem\",\"position\":3,\"name\":\"High Temperature Stainless Steel\"}]},{\"@type\":\"WebSite\",\"@id\":\"https:\/\/yunming-metal.com\/#website\",\"url\":\"https:\/\/yunming-metal.com\/\",\"name\":\"yunming-metal.com\",\"description\":\"High-Quality Stainless Steel Pipes, Plates &amp; Flanges\",\"publisher\":{\"@id\":\"https:\/\/yunming-metal.com\/#organization\"},\"potentialAction\":[{\"@type\":\"SearchAction\",\"target\":{\"@type\":\"EntryPoint\",\"urlTemplate\":\"https:\/\/yunming-metal.com\/?s={search_term_string}\"},\"query-input\":{\"@type\":\"PropertyValueSpecification\",\"valueRequired\":true,\"valueName\":\"search_term_string\"}}],\"inLanguage\":\"es\"},{\"@type\":\"Organization\",\"@id\":\"https:\/\/yunming-metal.com\/#organization\",\"name\":\"Yunming MetalY\",\"alternateName\":\"Yunming Stainless Steel\",\"url\":\"https:\/\/yunming-metal.com\/\",\"logo\":{\"@type\":\"ImageObject\",\"inLanguage\":\"es\",\"@id\":\"https:\/\/yunming-metal.com\/#\/schema\/logo\/image\/\",\"url\":\"https:\/\/yunming-metal.com\/wp-content\/uploads\/2025\/04\/yunming-metal-logo-featuring-a-minimalist-am-design-representing.png\",\"contentUrl\":\"https:\/\/yunming-metal.com\/wp-content\/uploads\/2025\/04\/yunming-metal-logo-featuring-a-minimalist-am-design-representing.png\",\"width\":300,\"height\":300,\"caption\":\"Yunming MetalY\"},\"image\":{\"@id\":\"https:\/\/yunming-metal.com\/#\/schema\/logo\/image\/\"},\"sameAs\":[\"https:\/\/www.facebook.com\/YunmingMetal\",\"https:\/\/x.com\/fan_yunmimetal\",\"https:\/\/www.linkedin.com\/company\/yunming-metal\/\",\"https:\/\/www.instagram.com\/nora_jiang8\/\",\"https:\/\/www.youtube.com\/@yunmingmetal1\",\"https:\/\/www.tiktok.com\/@yunming_metal\"]}]}<\/script>\n<!-- \/ Yoast SEO Premium plugin. -->","yoast_head_json":{"title":"High Temperature Stainless Steel Supplier | Heat Resistant Alloys","description":"High temperature stainless steel for extreme environments. Ideal for heat exchangers, marine, and chemical industries. Custom sizes available.","robots":{"index":"index","follow":"follow","max-snippet":"max-snippet:-1","max-image-preview":"max-image-preview:large","max-video-preview":"max-video-preview:-1"},"canonical":"https:\/\/yunming-metal.com\/es\/producto\/aleaciones-de-acero-inoxidable-para-altas-temperaturas\/","og_locale":"es_ES","og_type":"article","og_title":"High Temperature Stainless Steel","og_description":"High temperature stainless steel for extreme environments. Ideal for heat exchangers, marine, and chemical industries. Custom sizes available.","og_url":"https:\/\/yunming-metal.com\/es\/producto\/aleaciones-de-acero-inoxidable-para-altas-temperaturas\/","og_site_name":"Yunming Metal - Stainless Steel Manufacturer &amp; Supplier","article_publisher":"https:\/\/www.facebook.com\/YunmingMetal","article_modified_time":"2026-03-24T15:08:08+00:00","og_image":[{"width":1024,"height":1024,"url":"https:\/\/yunming-metal.com\/wp-content\/uploads\/2024\/10\/high-temperature-stainless-steel-pipes-tubes-astm-a213-a312.png","type":"image\/png"}],"twitter_card":"summary_large_image","twitter_site":"@fan_yunmimetal","twitter_misc":{"Tiempo de lectura":"4 minutos"},"schema":{"@context":"https:\/\/schema.org","@graph":[{"@type":"WebPage","@id":"https:\/\/yunming-metal.com\/product\/high-temperature-stainless-steel-alloys\/","url":"https:\/\/yunming-metal.com\/product\/high-temperature-stainless-steel-alloys\/","name":"High Temperature Stainless Steel Supplier | Heat Resistant Alloys","isPartOf":{"@id":"https:\/\/yunming-metal.com\/#website"},"primaryImageOfPage":{"@id":"https:\/\/yunming-metal.com\/product\/high-temperature-stainless-steel-alloys\/#primaryimage"},"image":{"@id":"https:\/\/yunming-metal.com\/product\/high-temperature-stainless-steel-alloys\/#primaryimage"},"thumbnailUrl":"https:\/\/yunming-metal.com\/wp-content\/uploads\/2024\/10\/high-temperature-stainless-steel-pipes-tubes-astm-a213-a312.png","datePublished":"2024-10-27T08:51:08+00:00","dateModified":"2026-03-24T15:08:08+00:00","description":"High temperature stainless steel for extreme environments. Ideal for heat exchangers, marine, and chemical industries. Custom sizes available.","breadcrumb":{"@id":"https:\/\/yunming-metal.com\/product\/high-temperature-stainless-steel-alloys\/#breadcrumb"},"inLanguage":"es","potentialAction":[{"@type":"ReadAction","target":["https:\/\/yunming-metal.com\/product\/high-temperature-stainless-steel-alloys\/"]}]},{"@type":"ImageObject","inLanguage":"es","@id":"https:\/\/yunming-metal.com\/product\/high-temperature-stainless-steel-alloys\/#primaryimage","url":"https:\/\/yunming-metal.com\/wp-content\/uploads\/2024\/10\/high-temperature-stainless-steel-pipes-tubes-astm-a213-a312.png","contentUrl":"https:\/\/yunming-metal.com\/wp-content\/uploads\/2024\/10\/high-temperature-stainless-steel-pipes-tubes-astm-a213-a312.png","width":1024,"height":1024,"caption":"High temperature stainless steel pipes for heat exchanger and high heat applications"},{"@type":"BreadcrumbList","@id":"https:\/\/yunming-metal.com\/product\/high-temperature-stainless-steel-alloys\/#breadcrumb","itemListElement":[{"@type":"ListItem","position":1,"name":"\u9996\u9875","item":"https:\/\/yunming-metal.com\/"},{"@type":"ListItem","position":2,"name":"Products","item":"https:\/\/yunming-metal.com\/shop\/"},{"@type":"ListItem","position":3,"name":"High Temperature Stainless Steel"}]},{"@type":"WebSite","@id":"https:\/\/yunming-metal.com\/#website","url":"https:\/\/yunming-metal.com\/","name":"yunming-metal.com","description":"High-Quality Stainless Steel Pipes, Plates &amp; Flanges","publisher":{"@id":"https:\/\/yunming-metal.com\/#organization"},"potentialAction":[{"@type":"SearchAction","target":{"@type":"EntryPoint","urlTemplate":"https:\/\/yunming-metal.com\/?s={search_term_string}"},"query-input":{"@type":"PropertyValueSpecification","valueRequired":true,"valueName":"search_term_string"}}],"inLanguage":"es"},{"@type":"Organization","@id":"https:\/\/yunming-metal.com\/#organization","name":"Yunming MetalY","alternateName":"Yunming Stainless Steel","url":"https:\/\/yunming-metal.com\/","logo":{"@type":"ImageObject","inLanguage":"es","@id":"https:\/\/yunming-metal.com\/#\/schema\/logo\/image\/","url":"https:\/\/yunming-metal.com\/wp-content\/uploads\/2025\/04\/yunming-metal-logo-featuring-a-minimalist-am-design-representing.png","contentUrl":"https:\/\/yunming-metal.com\/wp-content\/uploads\/2025\/04\/yunming-metal-logo-featuring-a-minimalist-am-design-representing.png","width":300,"height":300,"caption":"Yunming MetalY"},"image":{"@id":"https:\/\/yunming-metal.com\/#\/schema\/logo\/image\/"},"sameAs":["https:\/\/www.facebook.com\/YunmingMetal","https:\/\/x.com\/fan_yunmimetal","https:\/\/www.linkedin.com\/company\/yunming-metal\/","https:\/\/www.instagram.com\/nora_jiang8\/","https:\/\/www.youtube.com\/@yunmingmetal1","https:\/\/www.tiktok.com\/@yunming_metal"]}]}},"_links":{"self":[{"href":"https:\/\/yunming-metal.com\/es\/wp-json\/wp\/v2\/product\/2525","targetHints":{"allow":["GET"]}}],"collection":[{"href":"https:\/\/yunming-metal.com\/es\/wp-json\/wp\/v2\/product"}],"about":[{"href":"https:\/\/yunming-metal.com\/es\/wp-json\/wp\/v2\/types\/product"}],"replies":[{"embeddable":true,"href":"https:\/\/yunming-metal.com\/es\/wp-json\/wp\/v2\/comments?post=2525"}],"wp:featuredmedia":[{"embeddable":true,"href":"https:\/\/yunming-metal.com\/es\/wp-json\/wp\/v2\/media\/4888"}],"wp:attachment":[{"href":"https:\/\/yunming-metal.com\/es\/wp-json\/wp\/v2\/media?parent=2525"}],"wp:term":[{"taxonomy":"product_brand","embeddable":true,"href":"https:\/\/yunming-metal.com\/es\/wp-json\/wp\/v2\/product_brand?post=2525"},{"taxonomy":"product_cat","embeddable":true,"href":"https:\/\/yunming-metal.com\/es\/wp-json\/wp\/v2\/product_cat?post=2525"},{"taxonomy":"product_tag","embeddable":true,"href":"https:\/\/yunming-metal.com\/es\/wp-json\/wp\/v2\/product_tag?post=2525"}],"curies":[{"name":"wp","href":"https:\/\/api.w.org\/{rel}","templated":true}]}}