{"id":2538,"date":"2024-10-27T08:58:43","date_gmt":"2024-10-27T08:58:43","guid":{"rendered":"https:\/\/yunming-metal.com\/?post_type=product&#038;p=2538"},"modified":"2026-03-24T22:27:56","modified_gmt":"2026-03-24T14:27:56","slug":"stainless-steel-monel-alloys","status":"publish","type":"product","link":"https:\/\/yunming-metal.com\/es\/producto\/acero-inoxidable-aleaciones-monel\/","title":{"rendered":"Aleaciones Monel"},"content":{"rendered":"<h2 data-start=\"0\" data-end=\"21\" data-section-id=\"53drpp\">Productos<\/h2>\n<p data-start=\"22\" data-end=\"512\">Las aleaciones Monel son aleaciones de n\u00edquel-cobre de alto rendimiento ampliamente utilizadas en entornos industriales exigentes en los que se requiere una resistencia a la corrosi\u00f3n y una resistencia mec\u00e1nica excepcionales. Conocidas por su excelente rendimiento en aplicaciones marinas y de procesamiento qu\u00edmico, Monel 400 y Monel K500 ofrecen una excelente resistencia al agua de mar, los \u00e1cidos y las soluciones alcalinas. Estas aleaciones mantienen la integridad estructural en condiciones extremas, incluidas las altas temperaturas y los sistemas de alta presi\u00f3n.<\/p>\n<p data-start=\"514\" data-end=\"953\">Las aleaciones de monel se utilizan ampliamente en tubos de intercambiadores de calor, sistemas de tuber\u00edas de agua de mar, equipos de petr\u00f3leo y gas en alta mar y plantas de procesamiento qu\u00edmico. Su resistencia al agrietamiento por corrosi\u00f3n bajo tensi\u00f3n y a la bioincrustaci\u00f3n las hace especialmente adecuadas para el servicio a largo plazo en entornos dif\u00edciles. Para las industrias que requieren materiales fiables y duraderos, las aleaciones Monel ofrecen una soluci\u00f3n probada con un rendimiento constante y una vida \u00fatil prolongada.<\/p>\n<h2 data-start=\"955\" data-end=\"977\" data-section-id=\"uujcgr\">\u00c1mbitos de aplicaci\u00f3n<\/h2>\n<ul data-start=\"978\" data-end=\"1410\">\n<li data-start=\"978\" data-end=\"1056\" data-section-id=\"125a9i7\">\n<p data-start=\"980\" data-end=\"1056\">Marina y construcci\u00f3n naval: Tuber\u00edas de agua de mar, condensadores y ejes de h\u00e9lice<\/p>\n<\/li>\n<li data-start=\"1057\" data-end=\"1141\" data-section-id=\"zskjko\">\n<p data-start=\"1059\" data-end=\"1141\">Industria del petr\u00f3leo y el gas: Plataformas marinas, v\u00e1lvulas y sistemas de tuber\u00edas de alta presi\u00f3n<\/p>\n<\/li>\n<li data-start=\"1142\" data-end=\"1203\" data-section-id=\"mx7hqr\">\n<p data-start=\"1144\" data-end=\"1203\">Procesamiento qu\u00edmico: Equipos de manipulaci\u00f3n de \u00e1cidos y reactores<\/p>\n<\/li>\n<li data-start=\"1204\" data-end=\"1280\" data-section-id=\"1fqzvnb\">\n<p data-start=\"1206\" data-end=\"1280\">Sistemas intercambiadores de calor: Tubos y componentes expuestos a fluidos corrosivos.<\/p>\n<\/li>\n<li data-start=\"1281\" data-end=\"1341\" data-section-id=\"1eyofqh\">\n<p data-start=\"1283\" data-end=\"1341\">Generaci\u00f3n de energ\u00eda: Componentes de calderas y tubos de condensadores<\/p>\n<\/li>\n<li data-start=\"1342\" data-end=\"1410\" data-section-id=\"1203h3x\">\n<p data-start=\"1344\" data-end=\"1410\">Plantas desalinizadoras: Calentadores de salmuera y sistemas de manipulaci\u00f3n de agua de mar<\/p>\n<\/li>\n<\/ul>\n<h2 data-start=\"1412\" data-end=\"1433\" data-section-id=\"1buqma1\">Caracter\u00edsticas del producto<\/h2>\n<ul data-start=\"1434\" data-end=\"1834\">\n<li data-start=\"1434\" data-end=\"1506\" data-section-id=\"10jbwkb\">\n<p data-start=\"1436\" data-end=\"1506\">Excelente resistencia a la corrosi\u00f3n en agua de mar y entornos qu\u00edmicos<\/p>\n<\/li>\n<li data-start=\"1507\" data-end=\"1570\" data-section-id=\"1ut59g0\">\n<p data-start=\"1509\" data-end=\"1570\">Alta resistencia y tenacidad en una amplia gama de temperaturas<\/p>\n<\/li>\n<li data-start=\"1571\" data-end=\"1621\" data-section-id=\"ad8gc0\">\n<p data-start=\"1573\" data-end=\"1621\">\u0645\u0642\u0627\u0648\u0645\u062a \u0639\u0627\u0644\u06cc \u062f\u0631 \u0628\u0631\u0627\u0628\u0631 agrietamiento por corrosi\u00f3n bajo tensi\u00f3n.<\/p>\n<\/li>\n<li data-start=\"1622\" data-end=\"1677\" data-section-id=\"1cct53r\">\n<p data-start=\"1624\" data-end=\"1677\">Resistencia superior a las bioincrustaciones y al crecimiento marino<\/p>\n<\/li>\n<li data-start=\"1678\" data-end=\"1726\" data-section-id=\"1c8mwyo\">\n<p data-start=\"1680\" data-end=\"1726\">Buena soldabilidad y rendimiento de fabricaci\u00f3n<\/p>\n<\/li>\n<li data-start=\"1727\" data-end=\"1781\" data-section-id=\"1dz5kfy\">\n<p data-start=\"1729\" data-end=\"1781\">Propiedades mec\u00e1nicas estables en condiciones extremas<\/p>\n<\/li>\n<li data-start=\"1782\" data-end=\"1834\" data-section-id=\"dfse2\">\n<p data-start=\"1784\" data-end=\"1834\">Larga vida \u00fatil con costes de mantenimiento reducidos<\/p>\n<\/li>\n<\/ul>\n<h2 data-start=\"1836\" data-end=\"1865\" data-section-id=\"58xi60\">Especificaciones t\u00e9cnicas<\/h2>\n<p data-start=\"1867\" data-end=\"1893\"><strong data-start=\"1867\" data-end=\"1891\">Di\u00e1metro exterior (OD):<\/strong><\/p>\n<ul data-start=\"1894\" data-end=\"1926\">\n<li data-start=\"1894\" data-end=\"1911\" data-section-id=\"1xtvsns\">\n<p data-start=\"1896\" data-end=\"1911\">6 mm - 630 mm<\/p>\n<\/li>\n<li data-start=\"1912\" data-end=\"1926\" data-section-id=\"1dfs913\">\n<p data-start=\"1914\" data-end=\"1926\">1\/4\u2033 - 24\u2033<\/p>\n<\/li>\n<\/ul>\n<p data-start=\"1928\" data-end=\"1954\"><strong data-start=\"1928\" data-end=\"1952\">Espesor de pared (WT):<\/strong><\/p>\n<ul data-start=\"1955\" data-end=\"1988\">\n<li data-start=\"1955\" data-end=\"1973\" data-section-id=\"4bm6np\">\n<p data-start=\"1957\" data-end=\"1973\">0,5 mm - 50 mm<\/p>\n<\/li>\n<li data-start=\"1974\" data-end=\"1988\" data-section-id=\"1ww7fw6\">\n<p data-start=\"1976\" data-end=\"1988\">1\/32\u2033 - 2\u2033<\/p>\n<\/li>\n<\/ul>\n<p data-start=\"1990\" data-end=\"2003\"><strong data-start=\"1990\" data-end=\"2001\">Longitud:<\/strong><\/p>\n<ul data-start=\"2004\" data-end=\"2047\">\n<li data-start=\"2004\" data-end=\"2026\" data-section-id=\"kpp3l5\">\n<p data-start=\"2006\" data-end=\"2026\">1000 mm - 12000 mm<\/p>\n<\/li>\n<li data-start=\"2027\" data-end=\"2047\" data-section-id=\"1ta7e6k\">\n<p data-start=\"2029\" data-end=\"2047\">3 1\/4\u2032 - 39 3\/8\u2032<\/p>\n<\/li>\n<\/ul>\n<p data-start=\"2049\" data-end=\"2065\"><strong data-start=\"2049\" data-end=\"2063\">Normas:<\/strong><\/p>\n<ul data-start=\"2066\" data-end=\"2178\">\n<li data-start=\"2066\" data-end=\"2103\" data-section-id=\"1w7vmt3\">\n<p data-start=\"2068\" data-end=\"2103\">ASTM B165 \/ ASTM B725 \/ ASTM B163<\/p>\n<\/li>\n<li data-start=\"2104\" data-end=\"2126\" data-section-id=\"auvgjj\">\n<p data-start=\"2106\" data-end=\"2126\">ASME SB165 \/ SB725<\/p>\n<\/li>\n<li data-start=\"2127\" data-end=\"2178\" data-section-id=\"1u6wzv2\">\n<p data-start=\"2129\" data-end=\"2178\">UNS N04400 (Monel 400), UNS N05500 (Monel K500)<\/p>\n<\/li>\n<\/ul>\n<p data-start=\"2180\" data-end=\"2193\"><strong data-start=\"2180\" data-end=\"2191\">Grados:<\/strong><\/p>\n<ul data-start=\"2194\" data-end=\"2222\">\n<li data-start=\"2194\" data-end=\"2207\" data-section-id=\"1gxm7nd\">\n<p data-start=\"2196\" data-end=\"2207\">Monel 400<\/p>\n<\/li>\n<li data-start=\"2208\" data-end=\"2222\" data-section-id=\"1f1d1rn\">\n<p data-start=\"2210\" data-end=\"2222\">Monel K500<\/p>\n<\/li>\n<\/ul>\n<h2 data-start=\"2224\" data-end=\"2250\" data-section-id=\"16kaosu\">Proceso de fabricaci\u00f3n<\/h2>\n<p data-start=\"2251\" data-end=\"2607\">Las aleaciones de monel se producen mediante un proceso de fabricaci\u00f3n estricto y controlado para garantizar una calidad y unas prestaciones constantes. Las materias primas se funden primero en hornos de vac\u00edo o el\u00e9ctricos para conseguir una composici\u00f3n qu\u00edmica precisa. A continuaci\u00f3n, la aleaci\u00f3n fundida se funde y se moldea mediante procesos de laminado en caliente o estirado en fr\u00edo, en funci\u00f3n de las dimensiones requeridas.<\/p>\n<p data-start=\"2609\" data-end=\"2924\">Posteriormente, se aplica un tratamiento t\u00e9rmico para mejorar las propiedades mec\u00e1nicas y la resistencia a la corrosi\u00f3n. Los productos finales se someten a rigurosas inspecciones, que incluyen controles dimensionales, an\u00e1lisis qu\u00edmicos, pruebas mec\u00e1nicas y ensayos no destructivos, para garantizar el cumplimiento de las normas internacionales y los requisitos del proyecto.<\/p>\n<h2 data-start=\"2926\" data-end=\"2934\" data-section-id=\"x9bttf\">PREGUNTAS FRECUENTES<\/h2>\n<p data-start=\"2936\" data-end=\"3177\"><strong data-start=\"2936\" data-end=\"2999\">1. \u00bfCu\u00e1l es la diferencia entre Monel 400 y Monel K500?<\/strong><br data-start=\"2999\" data-end=\"3002\" \/>El Monel 400 ofrece una excelente resistencia a la corrosi\u00f3n, mientras que el Monel K500 proporciona una mayor resistencia gracias a sus propiedades de endurecimiento por envejecimiento, lo que lo hace adecuado para aplicaciones m\u00e1s exigentes.<\/p>\n<p data-start=\"3179\" data-end=\"3358\"><strong data-start=\"3179\" data-end=\"3238\">2. \u00bfSon adecuadas las aleaciones Monel para aplicaciones en agua de mar?<\/strong><br data-start=\"3238\" data-end=\"3241\" \/>S\u00ed, las aleaciones de Monel son muy resistentes a la corrosi\u00f3n del agua de mar y se utilizan ampliamente en entornos marinos y de alta mar.<\/p>\n<p data-start=\"3360\" data-end=\"3535\"><strong data-start=\"3360\" data-end=\"3403\">3. \u00bfQu\u00e9 certificaciones se pueden facilitar?<\/strong><br data-start=\"3403\" data-end=\"3406\" \/>Los certificados de pruebas de laminaci\u00f3n (MTC), los informes de inspecci\u00f3n de terceros y el cumplimiento de las normas ASTM\/ASME est\u00e1n disponibles previa solicitud.<\/p>\n<p data-start=\"3537\" data-end=\"3673\"><strong data-start=\"3537\" data-end=\"3578\">4. \u00bfCu\u00e1l es el plazo de entrega habitual?<\/strong><br data-start=\"3578\" data-end=\"3581\" \/>El plazo de entrega est\u00e1ndar suele ser de 15 a 30 d\u00edas, en funci\u00f3n de las especificaciones y la cantidad del pedido.<\/p>\n<p data-start=\"3675\" data-end=\"3832\"><strong data-start=\"3675\" data-end=\"3724\">5. \u00bfCu\u00e1l es su MOQ para los productos de aleaci\u00f3n de Monel?<\/strong><br data-start=\"3724\" data-end=\"3727\" \/>La cantidad m\u00ednima depende del tipo y el tama\u00f1o del producto, pero se pueden ofrecer soluciones flexibles para las distintas necesidades de los proyectos.<\/p>\n<h2 data-start=\"3834\" data-end=\"3849\" data-section-id=\"14ivhnq\">Conclusi\u00f3n<\/h2>\n<p data-start=\"3850\" data-end=\"4213\">Las aleaciones Monel son una elecci\u00f3n fiable para las industrias que requieren una resistencia a la corrosi\u00f3n y un rendimiento mec\u00e1nico superiores en entornos dif\u00edciles. Con aplicaciones probadas en los sectores naval, del petr\u00f3leo y el gas, y qu\u00edmico, estas aleaciones garantizan durabilidad, seguridad y eficacia a largo plazo. P\u00f3ngase en contacto con nosotros hoy mismo para hablar de los requisitos de su proyecto y recibir una soluci\u00f3n personalizada.<\/p>","protected":false},"excerpt":{"rendered":"<p>Las aleaciones de Monel ofrecen una excelente resistencia a la corrosi\u00f3n y alta resistencia para aplicaciones marinas, de petr\u00f3leo y gas, y qu\u00edmicas. Yunming Metal suministra Monel 400 y K500 con calidad fiable, amplia gama de tama\u00f1os y entrega r\u00e1pida para satisfacer las diversas necesidades de proyectos industriales en todo el mundo.<\/p>","protected":false},"featured_media":4886,"comment_status":"open","ping_status":"closed","template":"","meta":{"site-sidebar-layout":"default","site-content-layout":"","ast-site-content-layout":"default","site-content-style":"default","site-sidebar-style":"default","ast-global-header-display":"","ast-banner-title-visibility":"","ast-main-header-display":"","ast-hfb-above-header-display":"","ast-hfb-below-header-display":"","ast-hfb-mobile-header-display":"","site-post-title":"","ast-breadcrumbs-content":"","ast-featured-img":"","footer-sml-layout":"","theme-transparent-header-meta":"default","adv-header-id-meta":"","stick-header-meta":"","header-above-stick-meta":"","header-main-stick-meta":"","header-below-stick-meta":"","astra-migrate-meta-layouts":"set","ast-page-background-enabled":"default","ast-page-background-meta":{"desktop":{"background-color":"","background-image":"","background-repeat":"repeat","background-position":"center center","background-size":"auto","background-attachment":"scroll","background-type":"","background-media":"","overlay-type":"","overlay-color":"","overlay-opacity":"","overlay-gradient":""},"tablet":{"background-color":"","background-image":"","background-repeat":"repeat","background-position":"center center","background-size":"auto","background-attachment":"scroll","background-type":"","background-media":"","overlay-type":"","overlay-color":"","overlay-opacity":"","overlay-gradient":""},"mobile":{"background-color":"","background-image":"","background-repeat":"repeat","background-position":"center center","background-size":"auto","background-attachment":"scroll","background-type":"","background-media":"","overlay-type":"","overlay-color":"","overlay-opacity":"","overlay-gradient":""}},"ast-content-background-meta":{"desktop":{"background-color":"var(--ast-global-color-5)","background-image":"","background-repeat":"repeat","background-position":"center center","background-size":"auto","background-attachment":"scroll","background-type":"","background-media":"","overlay-type":"","overlay-color":"","overlay-opacity":"","overlay-gradient":""},"tablet":{"background-color":"var(--ast-global-color-5)","background-image":"","background-repeat":"repeat","background-position":"center center","background-size":"auto","background-attachment":"scroll","background-type":"","background-media":"","overlay-type":"","overlay-color":"","overlay-opacity":"","overlay-gradient":""},"mobile":{"background-color":"var(--ast-global-color-5)","background-image":"","background-repeat":"repeat","background-position":"center center","background-size":"auto","background-attachment":"scroll","background-type":"","background-media":"","overlay-type":"","overlay-color":"","overlay-opacity":"","overlay-gradient":""}}},"product_brand":[],"product_cat":[30,35],"product_tag":[],"class_list":{"0":"post-2538","1":"product","2":"type-product","3":"status-publish","4":"has-post-thumbnail","6":"product_cat-special-alloys","7":"product_cat-monel-alloys","8":"desktop-align-left","9":"tablet-align-left","10":"mobile-align-left","12":"first","13":"instock","14":"shipping-taxable","15":"product-type-simple"},"yoast_head":"<!-- This site is optimized with the Yoast SEO Premium plugin v24.9 (Yoast SEO v26.8) - https:\/\/yoast.com\/product\/yoast-seo-premium-wordpress\/ -->\n<title>Monel Alloys Pipe Tube Plate Bar Supplier<\/title>\n<meta name=\"description\" content=\"High-quality Monel alloys for marine, oil &amp; gas, and chemical applications. \u0645\u0642\u0627\u0648\u0645\u0629 \u0645\u0645\u062a\u0627\u0632\u0629 \u0644\u0644\u062a\u0622\u0643\u0644 \u0648\u0639\u0645\u0631 \u062e\u062f\u0645\u0629 \u0637\u0648\u064a\u0644.\" \/>\n<meta name=\"robots\" content=\"index, follow, max-snippet:-1, max-image-preview:large, max-video-preview:-1\" \/>\n<link rel=\"canonical\" href=\"https:\/\/yunming-metal.com\/es\/producto\/acero-inoxidable-aleaciones-monel\/\" \/>\n<meta property=\"og:locale\" content=\"es_ES\" \/>\n<meta property=\"og:type\" content=\"article\" \/>\n<meta property=\"og:title\" content=\"Monel Alloys\" \/>\n<meta property=\"og:description\" content=\"High-quality Monel alloys for marine, oil &amp; gas, and chemical applications. \u0645\u0642\u0627\u0648\u0645\u0629 \u0645\u0645\u062a\u0627\u0632\u0629 \u0644\u0644\u062a\u0622\u0643\u0644 \u0648\u0639\u0645\u0631 \u062e\u062f\u0645\u0629 \u0637\u0648\u064a\u0644.\" \/>\n<meta property=\"og:url\" content=\"https:\/\/yunming-metal.com\/es\/producto\/acero-inoxidable-aleaciones-monel\/\" \/>\n<meta property=\"og:site_name\" content=\"Yunming Metal - Stainless Steel Manufacturer &amp; Supplier\" \/>\n<meta property=\"article:publisher\" content=\"https:\/\/www.facebook.com\/YunmingMetal\" \/>\n<meta property=\"article:modified_time\" content=\"2026-03-24T14:27:56+00:00\" \/>\n<meta property=\"og:image\" content=\"https:\/\/yunming-metal.com\/wp-content\/uploads\/2024\/10\/monel-alloys-pipe-elbow-flange-bar-supplier.jpg\" \/>\n\t<meta property=\"og:image:width\" content=\"1024\" \/>\n\t<meta property=\"og:image:height\" content=\"1024\" \/>\n\t<meta property=\"og:image:type\" content=\"image\/jpeg\" \/>\n<meta name=\"twitter:card\" content=\"summary_large_image\" \/>\n<meta name=\"twitter:site\" content=\"@fan_yunmimetal\" \/>\n<meta name=\"twitter:label1\" content=\"Tiempo de lectura\" \/>\n\t<meta name=\"twitter:data1\" content=\"4 minutos\" \/>\n<script type=\"application\/ld+json\" class=\"yoast-schema-graph\">{\"@context\":\"https:\/\/schema.org\",\"@graph\":[{\"@type\":\"WebPage\",\"@id\":\"https:\/\/yunming-metal.com\/product\/stainless-steel-monel-alloys\/\",\"url\":\"https:\/\/yunming-metal.com\/product\/stainless-steel-monel-alloys\/\",\"name\":\"Monel Alloys Pipe Tube Plate Bar Supplier\",\"isPartOf\":{\"@id\":\"https:\/\/yunming-metal.com\/#website\"},\"primaryImageOfPage\":{\"@id\":\"https:\/\/yunming-metal.com\/product\/stainless-steel-monel-alloys\/#primaryimage\"},\"image\":{\"@id\":\"https:\/\/yunming-metal.com\/product\/stainless-steel-monel-alloys\/#primaryimage\"},\"thumbnailUrl\":\"https:\/\/yunming-metal.com\/wp-content\/uploads\/2024\/10\/monel-alloys-pipe-elbow-flange-bar-supplier.jpg\",\"datePublished\":\"2024-10-27T08:58:43+00:00\",\"dateModified\":\"2026-03-24T14:27:56+00:00\",\"description\":\"High-quality Monel alloys for marine, oil & gas, and chemical applications. \u0645\u0642\u0627\u0648\u0645\u0629 \u0645\u0645\u062a\u0627\u0632\u0629 \u0644\u0644\u062a\u0622\u0643\u0644 \u0648\u0639\u0645\u0631 \u062e\u062f\u0645\u0629 \u0637\u0648\u064a\u0644.\",\"breadcrumb\":{\"@id\":\"https:\/\/yunming-metal.com\/product\/stainless-steel-monel-alloys\/#breadcrumb\"},\"inLanguage\":\"es\",\"potentialAction\":[{\"@type\":\"ReadAction\",\"target\":[\"https:\/\/yunming-metal.com\/product\/stainless-steel-monel-alloys\/\"]}]},{\"@type\":\"ImageObject\",\"inLanguage\":\"es\",\"@id\":\"https:\/\/yunming-metal.com\/product\/stainless-steel-monel-alloys\/#primaryimage\",\"url\":\"https:\/\/yunming-metal.com\/wp-content\/uploads\/2024\/10\/monel-alloys-pipe-elbow-flange-bar-supplier.jpg\",\"contentUrl\":\"https:\/\/yunming-metal.com\/wp-content\/uploads\/2024\/10\/monel-alloys-pipe-elbow-flange-bar-supplier.jpg\",\"width\":1024,\"height\":1024,\"caption\":\"High-performance Monel alloy products including pipes, elbows, plates, bars and flanges designed for marine, chemical and corrosion-resistant industrial applications.\"},{\"@type\":\"BreadcrumbList\",\"@id\":\"https:\/\/yunming-metal.com\/product\/stainless-steel-monel-alloys\/#breadcrumb\",\"itemListElement\":[{\"@type\":\"ListItem\",\"position\":1,\"name\":\"\u9996\u9875\",\"item\":\"https:\/\/yunming-metal.com\/\"},{\"@type\":\"ListItem\",\"position\":2,\"name\":\"Products\",\"item\":\"https:\/\/yunming-metal.com\/shop\/\"},{\"@type\":\"ListItem\",\"position\":3,\"name\":\"Monel Alloys\"}]},{\"@type\":\"WebSite\",\"@id\":\"https:\/\/yunming-metal.com\/#website\",\"url\":\"https:\/\/yunming-metal.com\/\",\"name\":\"yunming-metal.com\",\"description\":\"High-Quality Stainless Steel Pipes, Plates &amp; Flanges\",\"publisher\":{\"@id\":\"https:\/\/yunming-metal.com\/#organization\"},\"potentialAction\":[{\"@type\":\"SearchAction\",\"target\":{\"@type\":\"EntryPoint\",\"urlTemplate\":\"https:\/\/yunming-metal.com\/?s={search_term_string}\"},\"query-input\":{\"@type\":\"PropertyValueSpecification\",\"valueRequired\":true,\"valueName\":\"search_term_string\"}}],\"inLanguage\":\"es\"},{\"@type\":\"Organization\",\"@id\":\"https:\/\/yunming-metal.com\/#organization\",\"name\":\"Yunming MetalY\",\"alternateName\":\"Yunming Stainless Steel\",\"url\":\"https:\/\/yunming-metal.com\/\",\"logo\":{\"@type\":\"ImageObject\",\"inLanguage\":\"es\",\"@id\":\"https:\/\/yunming-metal.com\/#\/schema\/logo\/image\/\",\"url\":\"https:\/\/yunming-metal.com\/wp-content\/uploads\/2025\/04\/yunming-metal-logo-featuring-a-minimalist-am-design-representing.png\",\"contentUrl\":\"https:\/\/yunming-metal.com\/wp-content\/uploads\/2025\/04\/yunming-metal-logo-featuring-a-minimalist-am-design-representing.png\",\"width\":300,\"height\":300,\"caption\":\"Yunming MetalY\"},\"image\":{\"@id\":\"https:\/\/yunming-metal.com\/#\/schema\/logo\/image\/\"},\"sameAs\":[\"https:\/\/www.facebook.com\/YunmingMetal\",\"https:\/\/x.com\/fan_yunmimetal\",\"https:\/\/www.linkedin.com\/company\/yunming-metal\/\",\"https:\/\/www.instagram.com\/nora_jiang8\/\",\"https:\/\/www.youtube.com\/@yunmingmetal1\",\"https:\/\/www.tiktok.com\/@yunming_metal\"]}]}<\/script>\n<!-- \/ Yoast SEO Premium plugin. -->","yoast_head_json":{"title":"Monel Alloys Pipe Tube Plate Bar Supplier","description":"High-quality Monel alloys for marine, oil & gas, and chemical applications. \u0645\u0642\u0627\u0648\u0645\u0629 \u0645\u0645\u062a\u0627\u0632\u0629 \u0644\u0644\u062a\u0622\u0643\u0644 \u0648\u0639\u0645\u0631 \u062e\u062f\u0645\u0629 \u0637\u0648\u064a\u0644.","robots":{"index":"index","follow":"follow","max-snippet":"max-snippet:-1","max-image-preview":"max-image-preview:large","max-video-preview":"max-video-preview:-1"},"canonical":"https:\/\/yunming-metal.com\/es\/producto\/acero-inoxidable-aleaciones-monel\/","og_locale":"es_ES","og_type":"article","og_title":"Monel Alloys","og_description":"High-quality Monel alloys for marine, oil & gas, and chemical applications. \u0645\u0642\u0627\u0648\u0645\u0629 \u0645\u0645\u062a\u0627\u0632\u0629 \u0644\u0644\u062a\u0622\u0643\u0644 \u0648\u0639\u0645\u0631 \u062e\u062f\u0645\u0629 \u0637\u0648\u064a\u0644.","og_url":"https:\/\/yunming-metal.com\/es\/producto\/acero-inoxidable-aleaciones-monel\/","og_site_name":"Yunming Metal - Stainless Steel Manufacturer &amp; Supplier","article_publisher":"https:\/\/www.facebook.com\/YunmingMetal","article_modified_time":"2026-03-24T14:27:56+00:00","og_image":[{"width":1024,"height":1024,"url":"https:\/\/yunming-metal.com\/wp-content\/uploads\/2024\/10\/monel-alloys-pipe-elbow-flange-bar-supplier.jpg","type":"image\/jpeg"}],"twitter_card":"summary_large_image","twitter_site":"@fan_yunmimetal","twitter_misc":{"Tiempo de lectura":"4 minutos"},"schema":{"@context":"https:\/\/schema.org","@graph":[{"@type":"WebPage","@id":"https:\/\/yunming-metal.com\/product\/stainless-steel-monel-alloys\/","url":"https:\/\/yunming-metal.com\/product\/stainless-steel-monel-alloys\/","name":"Monel Alloys Pipe Tube Plate Bar Supplier","isPartOf":{"@id":"https:\/\/yunming-metal.com\/#website"},"primaryImageOfPage":{"@id":"https:\/\/yunming-metal.com\/product\/stainless-steel-monel-alloys\/#primaryimage"},"image":{"@id":"https:\/\/yunming-metal.com\/product\/stainless-steel-monel-alloys\/#primaryimage"},"thumbnailUrl":"https:\/\/yunming-metal.com\/wp-content\/uploads\/2024\/10\/monel-alloys-pipe-elbow-flange-bar-supplier.jpg","datePublished":"2024-10-27T08:58:43+00:00","dateModified":"2026-03-24T14:27:56+00:00","description":"High-quality Monel alloys for marine, oil & gas, and chemical applications. \u0645\u0642\u0627\u0648\u0645\u0629 \u0645\u0645\u062a\u0627\u0632\u0629 \u0644\u0644\u062a\u0622\u0643\u0644 \u0648\u0639\u0645\u0631 \u062e\u062f\u0645\u0629 \u0637\u0648\u064a\u0644.","breadcrumb":{"@id":"https:\/\/yunming-metal.com\/product\/stainless-steel-monel-alloys\/#breadcrumb"},"inLanguage":"es","potentialAction":[{"@type":"ReadAction","target":["https:\/\/yunming-metal.com\/product\/stainless-steel-monel-alloys\/"]}]},{"@type":"ImageObject","inLanguage":"es","@id":"https:\/\/yunming-metal.com\/product\/stainless-steel-monel-alloys\/#primaryimage","url":"https:\/\/yunming-metal.com\/wp-content\/uploads\/2024\/10\/monel-alloys-pipe-elbow-flange-bar-supplier.jpg","contentUrl":"https:\/\/yunming-metal.com\/wp-content\/uploads\/2024\/10\/monel-alloys-pipe-elbow-flange-bar-supplier.jpg","width":1024,"height":1024,"caption":"High-performance Monel alloy products including pipes, elbows, plates, bars and flanges designed for marine, chemical and corrosion-resistant industrial applications."},{"@type":"BreadcrumbList","@id":"https:\/\/yunming-metal.com\/product\/stainless-steel-monel-alloys\/#breadcrumb","itemListElement":[{"@type":"ListItem","position":1,"name":"\u9996\u9875","item":"https:\/\/yunming-metal.com\/"},{"@type":"ListItem","position":2,"name":"Products","item":"https:\/\/yunming-metal.com\/shop\/"},{"@type":"ListItem","position":3,"name":"Monel Alloys"}]},{"@type":"WebSite","@id":"https:\/\/yunming-metal.com\/#website","url":"https:\/\/yunming-metal.com\/","name":"yunming-metal.com","description":"High-Quality Stainless Steel Pipes, Plates &amp; Flanges","publisher":{"@id":"https:\/\/yunming-metal.com\/#organization"},"potentialAction":[{"@type":"SearchAction","target":{"@type":"EntryPoint","urlTemplate":"https:\/\/yunming-metal.com\/?s={search_term_string}"},"query-input":{"@type":"PropertyValueSpecification","valueRequired":true,"valueName":"search_term_string"}}],"inLanguage":"es"},{"@type":"Organization","@id":"https:\/\/yunming-metal.com\/#organization","name":"Yunming MetalY","alternateName":"Yunming Stainless Steel","url":"https:\/\/yunming-metal.com\/","logo":{"@type":"ImageObject","inLanguage":"es","@id":"https:\/\/yunming-metal.com\/#\/schema\/logo\/image\/","url":"https:\/\/yunming-metal.com\/wp-content\/uploads\/2025\/04\/yunming-metal-logo-featuring-a-minimalist-am-design-representing.png","contentUrl":"https:\/\/yunming-metal.com\/wp-content\/uploads\/2025\/04\/yunming-metal-logo-featuring-a-minimalist-am-design-representing.png","width":300,"height":300,"caption":"Yunming MetalY"},"image":{"@id":"https:\/\/yunming-metal.com\/#\/schema\/logo\/image\/"},"sameAs":["https:\/\/www.facebook.com\/YunmingMetal","https:\/\/x.com\/fan_yunmimetal","https:\/\/www.linkedin.com\/company\/yunming-metal\/","https:\/\/www.instagram.com\/nora_jiang8\/","https:\/\/www.youtube.com\/@yunmingmetal1","https:\/\/www.tiktok.com\/@yunming_metal"]}]}},"_links":{"self":[{"href":"https:\/\/yunming-metal.com\/es\/wp-json\/wp\/v2\/product\/2538","targetHints":{"allow":["GET"]}}],"collection":[{"href":"https:\/\/yunming-metal.com\/es\/wp-json\/wp\/v2\/product"}],"about":[{"href":"https:\/\/yunming-metal.com\/es\/wp-json\/wp\/v2\/types\/product"}],"replies":[{"embeddable":true,"href":"https:\/\/yunming-metal.com\/es\/wp-json\/wp\/v2\/comments?post=2538"}],"wp:featuredmedia":[{"embeddable":true,"href":"https:\/\/yunming-metal.com\/es\/wp-json\/wp\/v2\/media\/4886"}],"wp:attachment":[{"href":"https:\/\/yunming-metal.com\/es\/wp-json\/wp\/v2\/media?parent=2538"}],"wp:term":[{"taxonomy":"product_brand","embeddable":true,"href":"https:\/\/yunming-metal.com\/es\/wp-json\/wp\/v2\/product_brand?post=2538"},{"taxonomy":"product_cat","embeddable":true,"href":"https:\/\/yunming-metal.com\/es\/wp-json\/wp\/v2\/product_cat?post=2538"},{"taxonomy":"product_tag","embeddable":true,"href":"https:\/\/yunming-metal.com\/es\/wp-json\/wp\/v2\/product_tag?post=2538"}],"curies":[{"name":"wp","href":"https:\/\/api.w.org\/{rel}","templated":true}]}}