{"id":2544,"date":"2024-10-27T09:01:46","date_gmt":"2024-10-27T09:01:46","guid":{"rendered":"https:\/\/yunming-metal.com\/?post_type=product&#038;p=2544"},"modified":"2026-03-24T23:27:19","modified_gmt":"2026-03-24T15:27:19","slug":"non-magnetic-stainless-steel-alloys","status":"publish","type":"product","link":"https:\/\/yunming-metal.com\/es\/producto\/aleaciones-no-magneticas-de-acero-inoxidable\/","title":{"rendered":"Acero inoxidable no magn\u00e9tico"},"content":{"rendered":"<div class=\"proddetails-detial-cont\">\n<div class=\"prodDetail-editor-container\">\n<h2 data-section-id=\"53drpp\" data-start=\"0\" data-end=\"21\">Productos<\/h2>\n<p data-start=\"22\" data-end=\"367\">El acero inoxidable no magn\u00e9tico est\u00e1 especialmente dise\u00f1ado para mantener una baja permeabilidad magn\u00e9tica, al tiempo que ofrece una excelente resistencia a la corrosi\u00f3n y solidez mec\u00e1nica. Este tipo de acero inoxidable se utiliza ampliamente en industrias en las que deben minimizarse las interferencias magn\u00e9ticas, como la marina, los equipos m\u00e9dicos, la electr\u00f3nica y los instrumentos de precisi\u00f3n.<\/p>\n<p data-start=\"369\" data-end=\"780\">Basado normalmente en composiciones austen\u00edticas o de alta aleaci\u00f3n, el acero inoxidable no magn\u00e9tico se comporta de forma fiable en entornos dif\u00edciles, como sistemas de agua de mar, plantas de procesamiento qu\u00edmico y aplicaciones de intercambiadores de calor. Incluso despu\u00e9s de trabajarlos en fr\u00edo, estos materiales conservan una respuesta magn\u00e9tica m\u00ednima, lo que los hace ideales para aplicaciones sensibles como equipos de resonancia magn\u00e9tica, sistemas de navegaci\u00f3n y carcasas electr\u00f3nicas.<\/p>\n<p data-start=\"782\" data-end=\"1001\">Con un rendimiento estable, gran durabilidad y excelentes propiedades de fabricaci\u00f3n, el acero inoxidable no magn\u00e9tico ofrece una soluci\u00f3n fiable para las industrias que requieren tanto resistencia a la corrosi\u00f3n como un estricto control magn\u00e9tico.<\/p>\n<hr data-start=\"1003\" data-end=\"1006\" \/>\n<h2 data-section-id=\"uujcgr\" data-start=\"1008\" data-end=\"1030\">\u00c1mbitos de aplicaci\u00f3n<\/h2>\n<p data-start=\"1032\" data-end=\"1178\"><strong data-start=\"1032\" data-end=\"1070\">1. Equipos m\u00e9dicos (sistemas de IRM)<\/strong><br data-start=\"1070\" data-end=\"1073\" \/>Se utiliza en m\u00e1quinas de resonancia magn\u00e9tica e instrumentos quir\u00fargicos en los que es fundamental una interferencia magn\u00e9tica nula o muy baja.<\/p>\n<p data-start=\"1180\" data-end=\"1352\"><strong data-start=\"1180\" data-end=\"1212\">2. Sistemas marinos y de agua de mar<\/strong><br data-start=\"1212\" data-end=\"1215\" \/>Se aplica en componentes de buques, plataformas marinas y sistemas de tuber\u00edas de agua de mar que requieren resistencia a la corrosi\u00f3n y propiedades no magn\u00e9ticas.<\/p>\n<p data-start=\"1354\" data-end=\"1513\"><strong data-start=\"1354\" data-end=\"1397\">3. Industria electr\u00f3nica y de semiconductores<\/strong><br data-start=\"1397\" data-end=\"1400\" \/>Se utiliza en armarios electr\u00f3nicos de precisi\u00f3n y equipos semiconductores en los que deben evitarse las perturbaciones magn\u00e9ticas.<\/p>\n<p data-start=\"1515\" data-end=\"1665\"><strong data-start=\"1515\" data-end=\"1543\">4. Exploraci\u00f3n de petr\u00f3leo y gas<\/strong><br data-start=\"1543\" data-end=\"1546\" \/>Ideal para herramientas de fondo de pozo, componentes de perforaci\u00f3n e instrumentos de medici\u00f3n en los que la neutralidad magn\u00e9tica mejora la precisi\u00f3n.<\/p>\n<p data-start=\"1667\" data-end=\"1796\"><strong data-start=\"1667\" data-end=\"1693\">5. Aeroespacial y defensa<\/strong><br data-start=\"1693\" data-end=\"1696\" \/>Se utiliza en sistemas de navegaci\u00f3n, sensores y componentes estructurales que requieren un rendimiento no magn\u00e9tico.<\/p>\n<p data-start=\"1798\" data-end=\"1937\"><strong data-start=\"1798\" data-end=\"1827\">6. Sistemas de intercambiadores de calor<\/strong><br data-start=\"1827\" data-end=\"1830\" \/>Se aplica en tubos de intercambiadores de calor donde la resistencia a la corrosi\u00f3n y las propiedades estables del material son esenciales.<\/p>\n<hr data-start=\"1939\" data-end=\"1942\" \/>\n<h2 data-section-id=\"1buqma1\" data-start=\"1944\" data-end=\"1965\">Caracter\u00edsticas del producto<\/h2>\n<ul data-start=\"1967\" data-end=\"2297\">\n<li data-section-id=\"1ppwdy3\" data-start=\"1967\" data-end=\"2003\">\n<p data-start=\"1969\" data-end=\"2003\">Baja permeabilidad magn\u00e9tica<\/p>\n<\/li>\n<li data-section-id=\"34wu36\" data-start=\"2004\" data-end=\"2048\">\n<p data-start=\"2006\" data-end=\"2048\">Excelente resistencia a la corrosi\u00f3n<\/p>\n<\/li>\n<li data-section-id=\"w4el4m\" data-start=\"2049\" data-end=\"2088\">\n<p data-start=\"2051\" data-end=\"2088\">Alta resistencia y tenacidad<\/p>\n<\/li>\n<li data-section-id=\"13nqlw9\" data-start=\"2089\" data-end=\"2142\">\n<p data-start=\"2091\" data-end=\"2142\">Excelente soldabilidad y mecanizabilidad<\/p>\n<\/li>\n<li data-section-id=\"tztyil\" data-start=\"2143\" data-end=\"2184\">\n<p data-start=\"2145\" data-end=\"2184\">Estructura austen\u00edtica estable<\/p>\n<\/li>\n<li data-section-id=\"786ql3\" data-start=\"2185\" data-end=\"2240\">\n<p data-start=\"2187\" data-end=\"2240\">Resistencia al agrietamiento por corrosi\u00f3n bajo tensi\u00f3n<\/p>\n<\/li>\n<li data-section-id=\"uziue5\" data-start=\"2241\" data-end=\"2297\">\n<p data-start=\"2243\" data-end=\"2297\">Apto para entornos marinos y qu\u00edmicos<\/p>\n<\/li>\n<\/ul>\n<hr data-start=\"2299\" data-end=\"2302\" \/>\n<h2 data-section-id=\"58xi60\" data-start=\"2304\" data-end=\"2333\">Especificaciones t\u00e9cnicas<\/h2>\n<p data-start=\"2335\" data-end=\"2390\"><strong data-start=\"2335\" data-end=\"2359\">Di\u00e1metro exterior (OD):<\/strong><br data-start=\"2359\" data-end=\"2362\" \/>6 mm - 630 mm (1\/4\u2033 - 24\u2033)<\/p>\n<p data-start=\"2392\" data-end=\"2448\"><strong data-start=\"2392\" data-end=\"2416\">Espesor de pared (WT):<\/strong><br data-start=\"2416\" data-end=\"2419\" \/>0,5 mm - 50 mm (1\/32\u2033 - 2\u2033)<\/p>\n<p data-start=\"2450\" data-end=\"2492\"><strong data-start=\"2450\" data-end=\"2461\">Longitud:<\/strong><br data-start=\"2461\" data-end=\"2464\" \/>6 m \/ 12 m \/ Longitud personalizada<\/p>\n<p data-start=\"2494\" data-end=\"2565\"><strong data-start=\"2494\" data-end=\"2508\">Normas:<\/strong><br data-start=\"2508\" data-end=\"2511\" \/>ASTM A312 \/ ASTM A213 \/ ASTM A269 \/ ASME SA312 \/ UNS<\/p>\n<p data-start=\"2567\" data-end=\"2643\"><strong data-start=\"2567\" data-end=\"2578\">Grados:<\/strong><br data-start=\"2578\" data-end=\"2581\" \/>304 \/ 304L \/ 316L \/ 317L \/ Nitronic 50 (XM-19) \/ Nitronic 60<\/p>\n<hr data-start=\"2645\" data-end=\"2648\" \/>\n<h2 data-section-id=\"16kaosu\" data-start=\"2650\" data-end=\"2676\">Proceso de fabricaci\u00f3n<\/h2>\n<p data-start=\"2678\" data-end=\"2806\">El acero inoxidable no magn\u00e9tico se fabrica bajo un estricto control metal\u00fargico para garantizar una baja permeabilidad y una calidad constante:<\/p>\n<p data-start=\"2808\" data-end=\"3053\">Fundici\u00f3n (horno de arco el\u00e9ctrico + refinado AOD) \u2192 Conformado en caliente\/fr\u00edo (laminado, embutici\u00f3n) \u2192 Recocido por disoluci\u00f3n \u2192 Decapado y acabado superficial \u2192 Pruebas no destructivas (UT, corrientes de Foucault) \u2192 Pruebas de permeabilidad magn\u00e9tica \u2192 Inspecci\u00f3n final y embalaje.<\/p>\n<p data-start=\"3055\" data-end=\"3147\">Cada etapa se optimiza para garantizar una estructura austen\u00edtica estable y una respuesta magn\u00e9tica m\u00ednima.<\/p>\n<hr data-start=\"3149\" data-end=\"3152\" \/>\n<h2 data-section-id=\"x9bttf\" data-start=\"3154\" data-end=\"3162\">PREGUNTAS FRECUENTES<\/h2>\n<p data-start=\"3164\" data-end=\"3351\"><strong data-start=\"3164\" data-end=\"3230\">1. \u00bfCu\u00e1l es la permeabilidad magn\u00e9tica t\u00edpica de sus productos?<\/strong><br data-start=\"3230\" data-end=\"3233\" \/>Nuestro acero inoxidable no magn\u00e9tico suele tener una permeabilidad \u22641,005-1,02 en funci\u00f3n del grado y las condiciones de procesamiento.<\/p>\n<p data-start=\"3353\" data-end=\"3504\"><strong data-start=\"3353\" data-end=\"3401\">2. \u00bfCu\u00e1l es la cantidad m\u00ednima de pedido?<\/strong><br data-start=\"3401\" data-end=\"3404\" \/>La cantidad m\u00ednima de piezas es flexible en funci\u00f3n del tama\u00f1o y la calidad; los tama\u00f1os est\u00e1ndar pueden suministrarse en peque\u00f1as cantidades de prueba.<\/p>\n<p data-start=\"3506\" data-end=\"3627\"><strong data-start=\"3506\" data-end=\"3539\">3. \u00bfCu\u00e1l es el plazo de entrega?<\/strong><br data-start=\"3539\" data-end=\"3542\" \/>El plazo de entrega suele ser de 15-35 d\u00edas, dependiendo de las especificaciones y el volumen del pedido.<\/p>\n<p data-start=\"3629\" data-end=\"3755\"><strong data-start=\"3629\" data-end=\"3665\">4. \u00bfProporcionan certificaci\u00f3n?<\/strong><br data-start=\"3665\" data-end=\"3668\" \/>S\u00ed, todos los productos se entregan con un certificado de ensayo de molienda EN 10204 3.1 y trazabilidad completa.<\/p>\n<p data-start=\"3757\" data-end=\"3940\"><strong data-start=\"3757\" data-end=\"3825\">5. \u00bfPueden suministrar materiales para aplicaciones marinas o con agua de mar?<\/strong><br data-start=\"3825\" data-end=\"3828\" \/>S\u00ed, ofrecemos calidades como 316L y aleaciones Nitronic dise\u00f1adas espec\u00edficamente para entornos marinos y de agua de mar.<\/p>\n<hr data-start=\"3942\" data-end=\"3945\" \/>\n<h2 data-section-id=\"14ivhnq\" data-start=\"3947\" data-end=\"3962\">Conclusi\u00f3n<\/h2>\n<p data-start=\"3964\" data-end=\"4244\">El acero inoxidable no magn\u00e9tico es la elecci\u00f3n ideal para aplicaciones que requieren resistencia a la corrosi\u00f3n y una interferencia magn\u00e9tica m\u00ednima. Con una amplia gama de calidades, tama\u00f1os y posibilidades de personalizaci\u00f3n, es compatible con sectores cr\u00edticos como el m\u00e9dico, el naval y el electr\u00f3nico.<\/p>\n<p data-start=\"4246\" data-end=\"4337\"><a href=\"https:\/\/yunming-metal.com\/es\/pongase-en-contacto-con\/\">P\u00f3ngase en contacto con nosotros<\/a> hoy mismo para recibir un presupuesto r\u00e1pido y asistencia t\u00e9cnica experta para su proyecto.<\/p>\n<p>&nbsp;<\/p>\n<\/div>\n<\/div>","protected":false},"excerpt":{"rendered":"<p>Yunming Metal suministra acero inoxidable no magn\u00e9tico con baja permeabilidad y excelente resistencia a la corrosi\u00f3n, ampliamente utilizado en aplicaciones marinas, m\u00e9dicas, intercambiadores de calor y electr\u00f3nica de precisi\u00f3n que requieren un rendimiento estable y una interferencia magn\u00e9tica m\u00ednima.<\/p>","protected":false},"featured_media":4891,"comment_status":"open","ping_status":"closed","template":"","meta":{"site-sidebar-layout":"default","site-content-layout":"","ast-site-content-layout":"default","site-content-style":"default","site-sidebar-style":"default","ast-global-header-display":"","ast-banner-title-visibility":"","ast-main-header-display":"","ast-hfb-above-header-display":"","ast-hfb-below-header-display":"","ast-hfb-mobile-header-display":"","site-post-title":"","ast-breadcrumbs-content":"","ast-featured-img":"","footer-sml-layout":"","theme-transparent-header-meta":"default","adv-header-id-meta":"","stick-header-meta":"","header-above-stick-meta":"","header-main-stick-meta":"","header-below-stick-meta":"","astra-migrate-meta-layouts":"set","ast-page-background-enabled":"default","ast-page-background-meta":{"desktop":{"background-color":"","background-image":"","background-repeat":"repeat","background-position":"center center","background-size":"auto","background-attachment":"scroll","background-type":"","background-media":"","overlay-type":"","overlay-color":"","overlay-opacity":"","overlay-gradient":""},"tablet":{"background-color":"","background-image":"","background-repeat":"repeat","background-position":"center center","background-size":"auto","background-attachment":"scroll","background-type":"","background-media":"","overlay-type":"","overlay-color":"","overlay-opacity":"","overlay-gradient":""},"mobile":{"background-color":"","background-image":"","background-repeat":"repeat","background-position":"center center","background-size":"auto","background-attachment":"scroll","background-type":"","background-media":"","overlay-type":"","overlay-color":"","overlay-opacity":"","overlay-gradient":""}},"ast-content-background-meta":{"desktop":{"background-color":"var(--ast-global-color-5)","background-image":"","background-repeat":"repeat","background-position":"center center","background-size":"auto","background-attachment":"scroll","background-type":"","background-media":"","overlay-type":"","overlay-color":"","overlay-opacity":"","overlay-gradient":""},"tablet":{"background-color":"var(--ast-global-color-5)","background-image":"","background-repeat":"repeat","background-position":"center center","background-size":"auto","background-attachment":"scroll","background-type":"","background-media":"","overlay-type":"","overlay-color":"","overlay-opacity":"","overlay-gradient":""},"mobile":{"background-color":"var(--ast-global-color-5)","background-image":"","background-repeat":"repeat","background-position":"center center","background-size":"auto","background-attachment":"scroll","background-type":"","background-media":"","overlay-type":"","overlay-color":"","overlay-opacity":"","overlay-gradient":""}}},"product_brand":[],"product_cat":[30,36],"product_tag":[],"class_list":{"0":"post-2544","1":"product","2":"type-product","3":"status-publish","4":"has-post-thumbnail","6":"product_cat-special-alloys","7":"product_cat-non-magnetic-stainless-steel","8":"desktop-align-left","9":"tablet-align-left","10":"mobile-align-left","12":"first","13":"instock","14":"shipping-taxable","15":"product-type-simple"},"yoast_head":"<!-- This site is optimized with the Yoast SEO Premium plugin v24.9 (Yoast SEO v26.8) - https:\/\/yoast.com\/product\/yoast-seo-premium-wordpress\/ -->\n<title>Non-Magnetic Stainless Steel Supplier | Low Permeability Alloys<\/title>\n<meta name=\"description\" content=\"Non-magnetic stainless steel with low permeability, ideal for marine, medical, and electronics applications. Custom sizes and fast delivery available.\" \/>\n<meta name=\"robots\" content=\"index, follow, max-snippet:-1, max-image-preview:large, max-video-preview:-1\" \/>\n<link rel=\"canonical\" href=\"https:\/\/yunming-metal.com\/es\/producto\/aleaciones-no-magneticas-de-acero-inoxidable\/\" \/>\n<meta property=\"og:locale\" content=\"es_ES\" \/>\n<meta property=\"og:type\" content=\"article\" \/>\n<meta property=\"og:title\" content=\"Non-Magnetic Stainless Steel\" \/>\n<meta property=\"og:description\" content=\"Non-magnetic stainless steel with low permeability, ideal for marine, medical, and electronics applications. Custom sizes and fast delivery available.\" \/>\n<meta property=\"og:url\" content=\"https:\/\/yunming-metal.com\/es\/producto\/aleaciones-no-magneticas-de-acero-inoxidable\/\" \/>\n<meta property=\"og:site_name\" content=\"Yunming Metal - Stainless Steel Manufacturer &amp; Supplier\" \/>\n<meta property=\"article:publisher\" content=\"https:\/\/www.facebook.com\/YunmingMetal\" \/>\n<meta property=\"article:modified_time\" content=\"2026-03-24T15:27:19+00:00\" \/>\n<meta property=\"og:image\" content=\"https:\/\/yunming-metal.com\/wp-content\/uploads\/2024\/10\/non-magnetic-stainless-steel-bars-plates-components.jpg\" \/>\n\t<meta property=\"og:image:width\" content=\"1024\" \/>\n\t<meta property=\"og:image:height\" content=\"1024\" \/>\n\t<meta property=\"og:image:type\" content=\"image\/jpeg\" \/>\n<meta name=\"twitter:card\" content=\"summary_large_image\" \/>\n<meta name=\"twitter:site\" content=\"@fan_yunmimetal\" \/>\n<meta name=\"twitter:label1\" content=\"Tiempo de lectura\" \/>\n\t<meta name=\"twitter:data1\" content=\"4 minutos\" \/>\n<script type=\"application\/ld+json\" class=\"yoast-schema-graph\">{\"@context\":\"https:\/\/schema.org\",\"@graph\":[{\"@type\":\"WebPage\",\"@id\":\"https:\/\/yunming-metal.com\/product\/non-magnetic-stainless-steel-alloys\/\",\"url\":\"https:\/\/yunming-metal.com\/product\/non-magnetic-stainless-steel-alloys\/\",\"name\":\"Non-Magnetic Stainless Steel Supplier | Low Permeability Alloys\",\"isPartOf\":{\"@id\":\"https:\/\/yunming-metal.com\/#website\"},\"primaryImageOfPage\":{\"@id\":\"https:\/\/yunming-metal.com\/product\/non-magnetic-stainless-steel-alloys\/#primaryimage\"},\"image\":{\"@id\":\"https:\/\/yunming-metal.com\/product\/non-magnetic-stainless-steel-alloys\/#primaryimage\"},\"thumbnailUrl\":\"https:\/\/yunming-metal.com\/wp-content\/uploads\/2024\/10\/non-magnetic-stainless-steel-bars-plates-components.jpg\",\"datePublished\":\"2024-10-27T09:01:46+00:00\",\"dateModified\":\"2026-03-24T15:27:19+00:00\",\"description\":\"Non-magnetic stainless steel with low permeability, ideal for marine, medical, and electronics applications. Custom sizes and fast delivery available.\",\"breadcrumb\":{\"@id\":\"https:\/\/yunming-metal.com\/product\/non-magnetic-stainless-steel-alloys\/#breadcrumb\"},\"inLanguage\":\"es\",\"potentialAction\":[{\"@type\":\"ReadAction\",\"target\":[\"https:\/\/yunming-metal.com\/product\/non-magnetic-stainless-steel-alloys\/\"]}]},{\"@type\":\"ImageObject\",\"inLanguage\":\"es\",\"@id\":\"https:\/\/yunming-metal.com\/product\/non-magnetic-stainless-steel-alloys\/#primaryimage\",\"url\":\"https:\/\/yunming-metal.com\/wp-content\/uploads\/2024\/10\/non-magnetic-stainless-steel-bars-plates-components.jpg\",\"contentUrl\":\"https:\/\/yunming-metal.com\/wp-content\/uploads\/2024\/10\/non-magnetic-stainless-steel-bars-plates-components.jpg\",\"width\":1024,\"height\":1024,\"caption\":\"Non-magnetic stainless steel bars, plates and components for low permeability applications\"},{\"@type\":\"BreadcrumbList\",\"@id\":\"https:\/\/yunming-metal.com\/product\/non-magnetic-stainless-steel-alloys\/#breadcrumb\",\"itemListElement\":[{\"@type\":\"ListItem\",\"position\":1,\"name\":\"\u9996\u9875\",\"item\":\"https:\/\/yunming-metal.com\/\"},{\"@type\":\"ListItem\",\"position\":2,\"name\":\"Products\",\"item\":\"https:\/\/yunming-metal.com\/shop\/\"},{\"@type\":\"ListItem\",\"position\":3,\"name\":\"Non-Magnetic Stainless Steel\"}]},{\"@type\":\"WebSite\",\"@id\":\"https:\/\/yunming-metal.com\/#website\",\"url\":\"https:\/\/yunming-metal.com\/\",\"name\":\"yunming-metal.com\",\"description\":\"High-Quality Stainless Steel Pipes, Plates &amp; Flanges\",\"publisher\":{\"@id\":\"https:\/\/yunming-metal.com\/#organization\"},\"potentialAction\":[{\"@type\":\"SearchAction\",\"target\":{\"@type\":\"EntryPoint\",\"urlTemplate\":\"https:\/\/yunming-metal.com\/?s={search_term_string}\"},\"query-input\":{\"@type\":\"PropertyValueSpecification\",\"valueRequired\":true,\"valueName\":\"search_term_string\"}}],\"inLanguage\":\"es\"},{\"@type\":\"Organization\",\"@id\":\"https:\/\/yunming-metal.com\/#organization\",\"name\":\"Yunming MetalY\",\"alternateName\":\"Yunming Stainless Steel\",\"url\":\"https:\/\/yunming-metal.com\/\",\"logo\":{\"@type\":\"ImageObject\",\"inLanguage\":\"es\",\"@id\":\"https:\/\/yunming-metal.com\/#\/schema\/logo\/image\/\",\"url\":\"https:\/\/yunming-metal.com\/wp-content\/uploads\/2025\/04\/yunming-metal-logo-featuring-a-minimalist-am-design-representing.png\",\"contentUrl\":\"https:\/\/yunming-metal.com\/wp-content\/uploads\/2025\/04\/yunming-metal-logo-featuring-a-minimalist-am-design-representing.png\",\"width\":300,\"height\":300,\"caption\":\"Yunming MetalY\"},\"image\":{\"@id\":\"https:\/\/yunming-metal.com\/#\/schema\/logo\/image\/\"},\"sameAs\":[\"https:\/\/www.facebook.com\/YunmingMetal\",\"https:\/\/x.com\/fan_yunmimetal\",\"https:\/\/www.linkedin.com\/company\/yunming-metal\/\",\"https:\/\/www.instagram.com\/nora_jiang8\/\",\"https:\/\/www.youtube.com\/@yunmingmetal1\",\"https:\/\/www.tiktok.com\/@yunming_metal\"]}]}<\/script>\n<!-- \/ Yoast SEO Premium plugin. -->","yoast_head_json":{"title":"Non-Magnetic Stainless Steel Supplier | Low Permeability Alloys","description":"Non-magnetic stainless steel with low permeability, ideal for marine, medical, and electronics applications. Custom sizes and fast delivery available.","robots":{"index":"index","follow":"follow","max-snippet":"max-snippet:-1","max-image-preview":"max-image-preview:large","max-video-preview":"max-video-preview:-1"},"canonical":"https:\/\/yunming-metal.com\/es\/producto\/aleaciones-no-magneticas-de-acero-inoxidable\/","og_locale":"es_ES","og_type":"article","og_title":"Non-Magnetic Stainless Steel","og_description":"Non-magnetic stainless steel with low permeability, ideal for marine, medical, and electronics applications. Custom sizes and fast delivery available.","og_url":"https:\/\/yunming-metal.com\/es\/producto\/aleaciones-no-magneticas-de-acero-inoxidable\/","og_site_name":"Yunming Metal - Stainless Steel Manufacturer &amp; Supplier","article_publisher":"https:\/\/www.facebook.com\/YunmingMetal","article_modified_time":"2026-03-24T15:27:19+00:00","og_image":[{"width":1024,"height":1024,"url":"https:\/\/yunming-metal.com\/wp-content\/uploads\/2024\/10\/non-magnetic-stainless-steel-bars-plates-components.jpg","type":"image\/jpeg"}],"twitter_card":"summary_large_image","twitter_site":"@fan_yunmimetal","twitter_misc":{"Tiempo de lectura":"4 minutos"},"schema":{"@context":"https:\/\/schema.org","@graph":[{"@type":"WebPage","@id":"https:\/\/yunming-metal.com\/product\/non-magnetic-stainless-steel-alloys\/","url":"https:\/\/yunming-metal.com\/product\/non-magnetic-stainless-steel-alloys\/","name":"Non-Magnetic Stainless Steel Supplier | Low Permeability Alloys","isPartOf":{"@id":"https:\/\/yunming-metal.com\/#website"},"primaryImageOfPage":{"@id":"https:\/\/yunming-metal.com\/product\/non-magnetic-stainless-steel-alloys\/#primaryimage"},"image":{"@id":"https:\/\/yunming-metal.com\/product\/non-magnetic-stainless-steel-alloys\/#primaryimage"},"thumbnailUrl":"https:\/\/yunming-metal.com\/wp-content\/uploads\/2024\/10\/non-magnetic-stainless-steel-bars-plates-components.jpg","datePublished":"2024-10-27T09:01:46+00:00","dateModified":"2026-03-24T15:27:19+00:00","description":"Non-magnetic stainless steel with low permeability, ideal for marine, medical, and electronics applications. Custom sizes and fast delivery available.","breadcrumb":{"@id":"https:\/\/yunming-metal.com\/product\/non-magnetic-stainless-steel-alloys\/#breadcrumb"},"inLanguage":"es","potentialAction":[{"@type":"ReadAction","target":["https:\/\/yunming-metal.com\/product\/non-magnetic-stainless-steel-alloys\/"]}]},{"@type":"ImageObject","inLanguage":"es","@id":"https:\/\/yunming-metal.com\/product\/non-magnetic-stainless-steel-alloys\/#primaryimage","url":"https:\/\/yunming-metal.com\/wp-content\/uploads\/2024\/10\/non-magnetic-stainless-steel-bars-plates-components.jpg","contentUrl":"https:\/\/yunming-metal.com\/wp-content\/uploads\/2024\/10\/non-magnetic-stainless-steel-bars-plates-components.jpg","width":1024,"height":1024,"caption":"Non-magnetic stainless steel bars, plates and components for low permeability applications"},{"@type":"BreadcrumbList","@id":"https:\/\/yunming-metal.com\/product\/non-magnetic-stainless-steel-alloys\/#breadcrumb","itemListElement":[{"@type":"ListItem","position":1,"name":"\u9996\u9875","item":"https:\/\/yunming-metal.com\/"},{"@type":"ListItem","position":2,"name":"Products","item":"https:\/\/yunming-metal.com\/shop\/"},{"@type":"ListItem","position":3,"name":"Non-Magnetic Stainless Steel"}]},{"@type":"WebSite","@id":"https:\/\/yunming-metal.com\/#website","url":"https:\/\/yunming-metal.com\/","name":"yunming-metal.com","description":"High-Quality Stainless Steel Pipes, Plates &amp; Flanges","publisher":{"@id":"https:\/\/yunming-metal.com\/#organization"},"potentialAction":[{"@type":"SearchAction","target":{"@type":"EntryPoint","urlTemplate":"https:\/\/yunming-metal.com\/?s={search_term_string}"},"query-input":{"@type":"PropertyValueSpecification","valueRequired":true,"valueName":"search_term_string"}}],"inLanguage":"es"},{"@type":"Organization","@id":"https:\/\/yunming-metal.com\/#organization","name":"Yunming MetalY","alternateName":"Yunming Stainless Steel","url":"https:\/\/yunming-metal.com\/","logo":{"@type":"ImageObject","inLanguage":"es","@id":"https:\/\/yunming-metal.com\/#\/schema\/logo\/image\/","url":"https:\/\/yunming-metal.com\/wp-content\/uploads\/2025\/04\/yunming-metal-logo-featuring-a-minimalist-am-design-representing.png","contentUrl":"https:\/\/yunming-metal.com\/wp-content\/uploads\/2025\/04\/yunming-metal-logo-featuring-a-minimalist-am-design-representing.png","width":300,"height":300,"caption":"Yunming MetalY"},"image":{"@id":"https:\/\/yunming-metal.com\/#\/schema\/logo\/image\/"},"sameAs":["https:\/\/www.facebook.com\/YunmingMetal","https:\/\/x.com\/fan_yunmimetal","https:\/\/www.linkedin.com\/company\/yunming-metal\/","https:\/\/www.instagram.com\/nora_jiang8\/","https:\/\/www.youtube.com\/@yunmingmetal1","https:\/\/www.tiktok.com\/@yunming_metal"]}]}},"_links":{"self":[{"href":"https:\/\/yunming-metal.com\/es\/wp-json\/wp\/v2\/product\/2544","targetHints":{"allow":["GET"]}}],"collection":[{"href":"https:\/\/yunming-metal.com\/es\/wp-json\/wp\/v2\/product"}],"about":[{"href":"https:\/\/yunming-metal.com\/es\/wp-json\/wp\/v2\/types\/product"}],"replies":[{"embeddable":true,"href":"https:\/\/yunming-metal.com\/es\/wp-json\/wp\/v2\/comments?post=2544"}],"wp:featuredmedia":[{"embeddable":true,"href":"https:\/\/yunming-metal.com\/es\/wp-json\/wp\/v2\/media\/4891"}],"wp:attachment":[{"href":"https:\/\/yunming-metal.com\/es\/wp-json\/wp\/v2\/media?parent=2544"}],"wp:term":[{"taxonomy":"product_brand","embeddable":true,"href":"https:\/\/yunming-metal.com\/es\/wp-json\/wp\/v2\/product_brand?post=2544"},{"taxonomy":"product_cat","embeddable":true,"href":"https:\/\/yunming-metal.com\/es\/wp-json\/wp\/v2\/product_cat?post=2544"},{"taxonomy":"product_tag","embeddable":true,"href":"https:\/\/yunming-metal.com\/es\/wp-json\/wp\/v2\/product_tag?post=2544"}],"curies":[{"name":"wp","href":"https:\/\/api.w.org\/{rel}","templated":true}]}}