{"id":2716,"date":"2025-01-02T08:14:57","date_gmt":"2025-01-02T08:14:57","guid":{"rendered":"https:\/\/yunming-metal.com\/?post_type=product&#038;p=2716"},"modified":"2026-04-01T21:33:46","modified_gmt":"2026-04-01T13:33:46","slug":"stainless-steel-finned-tube","status":"publish","type":"product","link":"https:\/\/yunming-metal.com\/es\/producto\/tubo-con-aletas-de-acero-inoxidable\/","title":{"rendered":"Tubo con aletas de acero inoxidable"},"content":{"rendered":"<h3 data-section-id=\"bqa8y9\" data-start=\"34\" data-end=\"59\">Tubo aleteado de acero inoxidable para la eficacia del intercambiador de calor<\/h3>\n<h3 data-section-id=\"bqa8y9\" data-start=\"34\" data-end=\"59\">1. Descripci\u00f3n general del producto<\/h3>\n<p data-start=\"60\" data-end=\"432\">El tubo con aletas de acero inoxidable es un componente de transferencia de calor de alta eficiencia dise\u00f1ado para aumentar significativamente la superficie y mejorar el rendimiento t\u00e9rmico en entornos exigentes. Al integrar aletas externas en la superficie del tubo, mejora la eficiencia del intercambio t\u00e9rmico, por lo que se utiliza ampliamente en <strong data-start=\"355\" data-end=\"429\">intercambiadores de calor, enfriadores de aire, calderas y sistemas de recuperaci\u00f3n de calor residual<\/strong>.<\/p>\n<p data-start=\"434\" data-end=\"802\">Estos tubos se aplican ampliamente en industrias como <strong data-start=\"492\" data-end=\"568\">petr\u00f3leo y gas, ingenier\u00eda naval, generaci\u00f3n de energ\u00eda y procesamiento qu\u00edmico<\/strong>donde la disipaci\u00f3n fiable del calor es fundamental. En <strong data-start=\"618\" data-end=\"698\">sistemas de refrigeraci\u00f3n por agua de mar, plataformas marinas e intercambiadores de calor industriales<\/strong>Los tubos con aletas de acero inoxidable ofrecen una excelente resistencia a la corrosi\u00f3n, a las incrustaciones y al estr\u00e9s t\u00e9rmico.<\/p>\n<p data-start=\"804\" data-end=\"1158\">Fabricados mediante t\u00e9cnicas avanzadas como la soldadura de alta frecuencia o la extrusi\u00f3n, los tubos con aletas garantizan una fuerte uni\u00f3n entre el tubo y las aletas, lo que se traduce en un rendimiento estable y una larga vida \u00fatil. Ya sea para el dise\u00f1o de intercambiadores de calor compactos o para sistemas energ\u00e9ticamente eficientes, los tubos con aletas de acero inoxidable ofrecen una eficiencia t\u00e9rmica y una durabilidad constantes.<\/p>\n<hr data-start=\"1160\" data-end=\"1163\" \/>\n<h3 data-section-id=\"woe1t0\" data-start=\"1165\" data-end=\"1191\">2. \u00c1reas de aplicaci\u00f3n<\/h3>\n<ul data-start=\"1193\" data-end=\"1834\">\n<li data-section-id=\"12a85j4\" data-start=\"1193\" data-end=\"1297\"><strong data-start=\"1195\" data-end=\"1228\">Refrigeradores de aire e intercambiadores de calor<\/strong><br data-start=\"1228\" data-end=\"1231\" \/>Mejorar la eficiencia de la transferencia de calor en los sistemas de refrigeraci\u00f3n industrial<\/li>\n<li data-section-id=\"oalof\" data-start=\"1299\" data-end=\"1402\"><strong data-start=\"1301\" data-end=\"1325\">Refiner\u00edas de petr\u00f3leo y gas<\/strong><br data-start=\"1325\" data-end=\"1328\" \/>Utilizado en calentadores de proceso y unidades de recuperaci\u00f3n de calor en condiciones duras<\/li>\n<li data-section-id=\"14yieap\" data-start=\"1404\" data-end=\"1504\"><strong data-start=\"1406\" data-end=\"1433\">Centrales el\u00e9ctricas<\/strong><br data-start=\"1433\" data-end=\"1436\" \/>Aplicado en calderas, economizadores y sistemas de recuperaci\u00f3n de calor residual<\/li>\n<li data-section-id=\"1c49e5c\" data-start=\"1506\" data-end=\"1616\"><strong data-start=\"1508\" data-end=\"1537\">Sistemas marinos y offshore<\/strong><br data-start=\"1537\" data-end=\"1540\" \/>Ideal para refrigeraci\u00f3n por agua de mar y equipos de intercambio t\u00e9rmico de plataformas marinas<\/li>\n<li data-section-id=\"1cjyplz\" data-start=\"1618\" data-end=\"1708\"><strong data-start=\"1620\" data-end=\"1652\">Industria de transformaci\u00f3n qu\u00edmica<\/strong><br data-start=\"1652\" data-end=\"1655\" \/>Maneja fluidos corrosivos en sistemas de transferencia de calor<\/li>\n<li data-section-id=\"1joqxu5\" data-start=\"1710\" data-end=\"1834\"><strong data-start=\"1712\" data-end=\"1749\">Sistemas de climatizaci\u00f3n y refrigeraci\u00f3n industrial<\/strong><br data-start=\"1749\" data-end=\"1752\" \/>Se utiliza en aparatos de aire acondicionado y sistemas de refrigeraci\u00f3n para una refrigeraci\u00f3n eficaz<\/li>\n<\/ul>\n<hr data-start=\"1836\" data-end=\"1839\" \/>\n<h3 data-section-id=\"4u3kt3\" data-start=\"1841\" data-end=\"1866\">3. Caracter\u00edsticas del producto<\/h3>\n<ul data-start=\"1868\" data-end=\"2306\">\n<li data-section-id=\"1avm7ja\" data-start=\"1868\" data-end=\"1939\">Aumento de <strong data-start=\"1880\" data-end=\"1908\">eficiencia de la transferencia de calor<\/strong> debido a la mayor superficie<\/li>\n<li data-section-id=\"w3pplx\" data-start=\"1940\" data-end=\"2014\">Excelente <strong data-start=\"1952\" data-end=\"1976\">resistencia a la corrosi\u00f3n<\/strong> en entornos marinos y qu\u00edmicos<\/li>\n<li data-section-id=\"73cprn\" data-start=\"2015\" data-end=\"2070\">Fuerte uni\u00f3n aleta-tubo para una durabilidad a largo plazo<\/li>\n<li data-section-id=\"1mvvzn0\" data-start=\"2071\" data-end=\"2126\">Alta <strong data-start=\"2078\" data-end=\"2124\">conductividad t\u00e9rmica y eficiencia energ\u00e9tica<\/strong><\/li>\n<li data-section-id=\"1let8dz\" data-start=\"2127\" data-end=\"2189\">Tipos de aletas personalizables (tipo L, tipo G, tipo KL, extruidas)<\/li>\n<li data-section-id=\"11ko3nt\" data-start=\"2190\" data-end=\"2258\">Adecuado para <strong data-start=\"2205\" data-end=\"2256\">aplicaciones de alta temperatura y alta presi\u00f3n<\/strong><\/li>\n<li data-section-id=\"1lu1x6k\" data-start=\"2259\" data-end=\"2306\">Mantenimiento reducido y mayor vida \u00fatil<\/li>\n<\/ul>\n<hr data-start=\"2308\" data-end=\"2311\" \/>\n<h3 data-section-id=\"7mzv1d\" data-start=\"2313\" data-end=\"2346\">4. 4. Especificaciones t\u00e9cnicas<\/h3>\n<div class=\"TyagGW_tableContainer\">\n<div class=\"group TyagGW_tableWrapper flex flex-col-reverse w-fit\" tabindex=\"-1\">\n<table class=\"w-fit min-w-(--thread-content-width)\" data-start=\"2348\" data-end=\"2727\">\n<thead data-start=\"2348\" data-end=\"2369\">\n<tr data-start=\"2348\" data-end=\"2369\">\n<th class=\"\" data-start=\"2348\" data-end=\"2360\" data-col-size=\"sm\">Par\u00e1metro<\/th>\n<th class=\"\" data-start=\"2360\" data-end=\"2369\" data-col-size=\"md\">Gama<\/th>\n<\/tr>\n<\/thead>\n<tbody data-start=\"2390\" data-end=\"2727\">\n<tr data-start=\"2390\" data-end=\"2442\">\n<td data-start=\"2390\" data-end=\"2409\" data-col-size=\"sm\"><strong data-start=\"2392\" data-end=\"2408\">Tubo base OD<\/strong><\/td>\n<td data-col-size=\"md\" data-start=\"2409\" data-end=\"2442\">12 mm - 50,8 mm (\u2248 1\/2\u2033 - 2\u2033)<\/td>\n<\/tr>\n<tr data-start=\"2443\" data-end=\"2491\">\n<td data-start=\"2443\" data-end=\"2468\" data-col-size=\"sm\"><strong data-start=\"2445\" data-end=\"2467\">Di\u00e1metro exterior de la aleta<\/strong><\/td>\n<td data-col-size=\"md\" data-start=\"2468\" data-end=\"2491\">Hasta 100 mm (\u2248 4\u2033)<\/td>\n<\/tr>\n<tr data-start=\"2492\" data-end=\"2553\">\n<td data-start=\"2492\" data-end=\"2518\" data-col-size=\"sm\"><strong data-start=\"2494\" data-end=\"2517\">Espesor de pared (WT)<\/strong><\/td>\n<td data-col-size=\"md\" data-start=\"2518\" data-end=\"2553\">0,5 mm - 5 mm (\u2248 0,02\u2033 - 3\/16\u2033)<\/td>\n<\/tr>\n<tr data-start=\"2554\" data-end=\"2596\">\n<td data-start=\"2554\" data-end=\"2567\" data-col-size=\"sm\"><strong data-start=\"2556\" data-end=\"2566\">Longitud<\/strong><\/td>\n<td data-col-size=\"md\" data-start=\"2567\" data-end=\"2596\">Hasta 12.000 mm (\u2248 40 pies)<\/td>\n<\/tr>\n<tr data-start=\"2597\" data-end=\"2661\">\n<td data-start=\"2597\" data-end=\"2613\" data-col-size=\"sm\"><strong data-start=\"2599\" data-end=\"2612\">Normas<\/strong><\/td>\n<td data-col-size=\"md\" data-start=\"2613\" data-end=\"2661\">ASTM A213 \/ A269 \/ A312, ASME SA213, EN, JIS<\/td>\n<\/tr>\n<tr data-start=\"2662\" data-end=\"2727\">\n<td data-start=\"2662\" data-end=\"2675\" data-col-size=\"sm\"><strong data-start=\"2664\" data-end=\"2674\">Grados<\/strong><\/td>\n<td data-col-size=\"md\" data-start=\"2675\" data-end=\"2727\">304 \/ 304L \/ 316 \/ 316L \/ 321 \/ Monel 400 \/ K500<\/td>\n<\/tr>\n<\/tbody>\n<\/table>\n<\/div>\n<\/div>\n<hr data-start=\"2729\" data-end=\"2732\" \/>\n<h3 data-section-id=\"1l9px3q\" data-start=\"2734\" data-end=\"2764\">5. 5. Proceso de fabricaci\u00f3n<\/h3>\n<p data-start=\"2766\" data-end=\"2965\">Fundici\u00f3n (EAF\/VOD) \u2192 Conformado de tubos (sin costura\/soldada) \u2192 Trefilado en fr\u00edo \u2192 Proceso de acabado (extruido\/soldado\/enrollado) \u2192 Tratamiento t\u00e9rmico \u2192 Acabado de superficies \u2192 Inspecci\u00f3n (END y comprobaci\u00f3n de adherencia) \u2192 Embalaje.<\/p>\n<p data-start=\"2967\" data-end=\"3062\">Los estrictos controles de calidad garantizan una resistencia \u00f3ptima de las aletas y un rendimiento t\u00e9rmico constante.<\/p>\n<hr data-start=\"3064\" data-end=\"3067\" \/>\n<h3 data-section-id=\"d1kaa0\" data-start=\"3069\" data-end=\"3081\">6. FAQ<\/h3>\n<p data-start=\"3083\" data-end=\"3223\"><strong data-start=\"3083\" data-end=\"3125\">P1: \u00bfQu\u00e9 tipos de aletas pueden suministrar?<\/strong><br data-start=\"3125\" data-end=\"3128\" \/>R: Ofrecemos aletas tipo L, tipo G, tipo KL y extruidas en funci\u00f3n de los requisitos de la aplicaci\u00f3n.<\/p>\n<p data-start=\"3225\" data-end=\"3340\"><strong data-start=\"3225\" data-end=\"3267\">P2: \u00bfCu\u00e1l es su MOQ para tubos con aletas?<\/strong><br data-start=\"3267\" data-end=\"3270\" \/>R: Normalmente 500 kg, pero flexible para proyectos o pedidos de prueba.<\/p>\n<p data-start=\"3342\" data-end=\"3440\"><strong data-start=\"3342\" data-end=\"3376\">P3: \u00bfCu\u00e1l es el plazo de entrega?<\/strong><br data-start=\"3376\" data-end=\"3379\" \/>R: En general, de 25 a 45 d\u00edas, seg\u00fan el tipo de aleta y la cantidad.<\/p>\n<p data-start=\"3442\" data-end=\"3591\"><strong data-start=\"3442\" data-end=\"3501\">P4: \u00bfSon aptos estos tubos para entornos con agua de mar?<\/strong><br data-start=\"3501\" data-end=\"3504\" \/>R: S\u00ed, especialmente con las aleaciones 316L y Monel, que proporcionan una gran resistencia a la corrosi\u00f3n.<\/p>\n<p data-start=\"3593\" data-end=\"3736\"><strong data-start=\"3593\" data-end=\"3639\">P5: \u00bfC\u00f3mo garantizan la calidad del encolado de las aletas?<\/strong><br data-start=\"3639\" data-end=\"3642\" \/>R: Realizamos pruebas de resistencia de la uni\u00f3n, inspecci\u00f3n dimensional y END para garantizar la fiabilidad.<\/p>\n<hr data-start=\"3738\" data-end=\"3741\" \/>\n<h3 data-section-id=\"vbafzw\" data-start=\"3743\" data-end=\"3762\">7. Conclusi\u00f3n<\/h3>\n<p data-start=\"3764\" data-end=\"3945\">\u00bfNecesita tubos aleteados de alta eficacia para intercambiadores de calor o sistemas de energ\u00eda? <a href=\"https:\/\/yunming-metal.com\/es\/pongase-en-contacto-con\/\">P\u00f3ngase en contacto con nosotros<\/a> para soluciones personalizadas, calidad fiable y entrega r\u00e1pida para sus proyectos industriales.<\/p>","protected":false},"excerpt":{"rendered":"<p data-pm-slice=\"1 1 []\">Los tubos con aletas de acero inoxidable de Yunming Metal mejoran la eficacia de los intercambiadores de calor gracias a una mayor superficie y una fuerte uni\u00f3n de las aletas. Ideales para aplicaciones marinas, de petr\u00f3leo y gas y centrales el\u00e9ctricas, ofrecen una excelente resistencia a la corrosi\u00f3n, tipos de aletas personalizables y un suministro mundial fiable.<\/p>\n<p>&nbsp;<\/p>\n<p>&nbsp;<\/p>","protected":false},"featured_media":4640,"comment_status":"open","ping_status":"closed","template":"","meta":{"site-sidebar-layout":"default","site-content-layout":"","ast-site-content-layout":"default","site-content-style":"default","site-sidebar-style":"default","ast-global-header-display":"","ast-banner-title-visibility":"","ast-main-header-display":"","ast-hfb-above-header-display":"","ast-hfb-below-header-display":"","ast-hfb-mobile-header-display":"","site-post-title":"","ast-breadcrumbs-content":"","ast-featured-img":"","footer-sml-layout":"","theme-transparent-header-meta":"default","adv-header-id-meta":"","stick-header-meta":"","header-above-stick-meta":"","header-main-stick-meta":"","header-below-stick-meta":"","astra-migrate-meta-layouts":"set","ast-page-background-enabled":"default","ast-page-background-meta":{"desktop":{"background-color":"","background-image":"","background-repeat":"repeat","background-position":"center center","background-size":"auto","background-attachment":"scroll","background-type":"","background-media":"","overlay-type":"","overlay-color":"","overlay-opacity":"","overlay-gradient":""},"tablet":{"background-color":"","background-image":"","background-repeat":"repeat","background-position":"center center","background-size":"auto","background-attachment":"scroll","background-type":"","background-media":"","overlay-type":"","overlay-color":"","overlay-opacity":"","overlay-gradient":""},"mobile":{"background-color":"","background-image":"","background-repeat":"repeat","background-position":"center center","background-size":"auto","background-attachment":"scroll","background-type":"","background-media":"","overlay-type":"","overlay-color":"","overlay-opacity":"","overlay-gradient":""}},"ast-content-background-meta":{"desktop":{"background-color":"var(--ast-global-color-5)","background-image":"","background-repeat":"repeat","background-position":"center center","background-size":"auto","background-attachment":"scroll","background-type":"","background-media":"","overlay-type":"","overlay-color":"","overlay-opacity":"","overlay-gradient":""},"tablet":{"background-color":"var(--ast-global-color-5)","background-image":"","background-repeat":"repeat","background-position":"center center","background-size":"auto","background-attachment":"scroll","background-type":"","background-media":"","overlay-type":"","overlay-color":"","overlay-opacity":"","overlay-gradient":""},"mobile":{"background-color":"var(--ast-global-color-5)","background-image":"","background-repeat":"repeat","background-position":"center center","background-size":"auto","background-attachment":"scroll","background-type":"","background-media":"","overlay-type":"","overlay-color":"","overlay-opacity":"","overlay-gradient":""}}},"product_brand":[],"product_cat":[21],"product_tag":[],"class_list":{"0":"post-2716","1":"product","2":"type-product","3":"status-publish","4":"has-post-thumbnail","6":"product_cat-stainless-steel-pipe-tube","7":"desktop-align-left","8":"tablet-align-left","9":"mobile-align-left","11":"first","12":"instock","13":"shipping-taxable","14":"product-type-simple"},"yoast_head":"<!-- This site is optimized with the Yoast SEO Premium plugin v24.9 (Yoast SEO v26.8) - https:\/\/yoast.com\/product\/yoast-seo-premium-wordpress\/ -->\n<title>Stainless Steel Finned Tube for Heat Exchanger Efficiency<\/title>\n<meta name=\"description\" content=\"High-efficiency stainless steel finned tubes for heat exchangers, marine, and industrial systems. Custom fin types and reliable performance.\" \/>\n<meta name=\"robots\" content=\"index, follow, max-snippet:-1, max-image-preview:large, max-video-preview:-1\" \/>\n<link rel=\"canonical\" href=\"https:\/\/yunming-metal.com\/es\/producto\/tubo-con-aletas-de-acero-inoxidable\/\" \/>\n<meta property=\"og:locale\" content=\"es_ES\" \/>\n<meta property=\"og:type\" content=\"article\" \/>\n<meta property=\"og:title\" content=\"Stainless Steel Finned Tube\" \/>\n<meta property=\"og:description\" content=\"High-efficiency stainless steel finned tubes for heat exchangers, marine, and industrial systems. Custom fin types and reliable performance.\" \/>\n<meta property=\"og:url\" content=\"https:\/\/yunming-metal.com\/es\/producto\/tubo-con-aletas-de-acero-inoxidable\/\" \/>\n<meta property=\"og:site_name\" content=\"Yunming Metal - Stainless Steel Manufacturer &amp; Supplier\" \/>\n<meta property=\"article:publisher\" content=\"https:\/\/www.facebook.com\/YunmingMetal\" \/>\n<meta property=\"article:modified_time\" content=\"2026-04-01T13:33:46+00:00\" \/>\n<meta property=\"og:image\" content=\"https:\/\/yunming-metal.com\/wp-content\/uploads\/2025\/01\/single-finned-stainless-steel-tube.jpg\" \/>\n\t<meta property=\"og:image:width\" content=\"1000\" \/>\n\t<meta property=\"og:image:height\" content=\"1000\" \/>\n\t<meta property=\"og:image:type\" content=\"image\/jpeg\" \/>\n<meta name=\"twitter:card\" content=\"summary_large_image\" \/>\n<meta name=\"twitter:site\" content=\"@fan_yunmimetal\" \/>\n<meta name=\"twitter:label1\" content=\"Tiempo de lectura\" \/>\n\t<meta name=\"twitter:data1\" content=\"4 minutos\" \/>\n<script type=\"application\/ld+json\" class=\"yoast-schema-graph\">{\"@context\":\"https:\/\/schema.org\",\"@graph\":[{\"@type\":\"WebPage\",\"@id\":\"https:\/\/yunming-metal.com\/product\/stainless-steel-finned-tube\/\",\"url\":\"https:\/\/yunming-metal.com\/product\/stainless-steel-finned-tube\/\",\"name\":\"Stainless Steel Finned Tube for Heat Exchanger Efficiency\",\"isPartOf\":{\"@id\":\"https:\/\/yunming-metal.com\/#website\"},\"primaryImageOfPage\":{\"@id\":\"https:\/\/yunming-metal.com\/product\/stainless-steel-finned-tube\/#primaryimage\"},\"image\":{\"@id\":\"https:\/\/yunming-metal.com\/product\/stainless-steel-finned-tube\/#primaryimage\"},\"thumbnailUrl\":\"https:\/\/yunming-metal.com\/wp-content\/uploads\/2025\/01\/single-finned-stainless-steel-tube.jpg\",\"datePublished\":\"2025-01-02T08:14:57+00:00\",\"dateModified\":\"2026-04-01T13:33:46+00:00\",\"description\":\"High-efficiency stainless steel finned tubes for heat exchangers, marine, and industrial systems. Custom fin types and reliable performance.\",\"breadcrumb\":{\"@id\":\"https:\/\/yunming-metal.com\/product\/stainless-steel-finned-tube\/#breadcrumb\"},\"inLanguage\":\"es\",\"potentialAction\":[{\"@type\":\"ReadAction\",\"target\":[\"https:\/\/yunming-metal.com\/product\/stainless-steel-finned-tube\/\"]}]},{\"@type\":\"ImageObject\",\"inLanguage\":\"es\",\"@id\":\"https:\/\/yunming-metal.com\/product\/stainless-steel-finned-tube\/#primaryimage\",\"url\":\"https:\/\/yunming-metal.com\/wp-content\/uploads\/2025\/01\/single-finned-stainless-steel-tube.jpg\",\"contentUrl\":\"https:\/\/yunming-metal.com\/wp-content\/uploads\/2025\/01\/single-finned-stainless-steel-tube.jpg\",\"width\":1000,\"height\":1000,\"caption\":\"Individual finned pipe sample for specification view\"},{\"@type\":\"BreadcrumbList\",\"@id\":\"https:\/\/yunming-metal.com\/product\/stainless-steel-finned-tube\/#breadcrumb\",\"itemListElement\":[{\"@type\":\"ListItem\",\"position\":1,\"name\":\"\u9996\u9875\",\"item\":\"https:\/\/yunming-metal.com\/\"},{\"@type\":\"ListItem\",\"position\":2,\"name\":\"Products\",\"item\":\"https:\/\/yunming-metal.com\/shop\/\"},{\"@type\":\"ListItem\",\"position\":3,\"name\":\"Stainless Steel Finned Tube\"}]},{\"@type\":\"WebSite\",\"@id\":\"https:\/\/yunming-metal.com\/#website\",\"url\":\"https:\/\/yunming-metal.com\/\",\"name\":\"yunming-metal.com\",\"description\":\"High-Quality Stainless Steel Pipes, Plates &amp; Flanges\",\"publisher\":{\"@id\":\"https:\/\/yunming-metal.com\/#organization\"},\"potentialAction\":[{\"@type\":\"SearchAction\",\"target\":{\"@type\":\"EntryPoint\",\"urlTemplate\":\"https:\/\/yunming-metal.com\/?s={search_term_string}\"},\"query-input\":{\"@type\":\"PropertyValueSpecification\",\"valueRequired\":true,\"valueName\":\"search_term_string\"}}],\"inLanguage\":\"es\"},{\"@type\":\"Organization\",\"@id\":\"https:\/\/yunming-metal.com\/#organization\",\"name\":\"Yunming MetalY\",\"alternateName\":\"Yunming Stainless Steel\",\"url\":\"https:\/\/yunming-metal.com\/\",\"logo\":{\"@type\":\"ImageObject\",\"inLanguage\":\"es\",\"@id\":\"https:\/\/yunming-metal.com\/#\/schema\/logo\/image\/\",\"url\":\"https:\/\/yunming-metal.com\/wp-content\/uploads\/2025\/04\/yunming-metal-logo-featuring-a-minimalist-am-design-representing.png\",\"contentUrl\":\"https:\/\/yunming-metal.com\/wp-content\/uploads\/2025\/04\/yunming-metal-logo-featuring-a-minimalist-am-design-representing.png\",\"width\":300,\"height\":300,\"caption\":\"Yunming MetalY\"},\"image\":{\"@id\":\"https:\/\/yunming-metal.com\/#\/schema\/logo\/image\/\"},\"sameAs\":[\"https:\/\/www.facebook.com\/YunmingMetal\",\"https:\/\/x.com\/fan_yunmimetal\",\"https:\/\/www.linkedin.com\/company\/yunming-metal\/\",\"https:\/\/www.instagram.com\/nora_jiang8\/\",\"https:\/\/www.youtube.com\/@yunmingmetal1\",\"https:\/\/www.tiktok.com\/@yunming_metal\"]}]}<\/script>\n<!-- \/ Yoast SEO Premium plugin. -->","yoast_head_json":{"title":"Stainless Steel Finned Tube for Heat Exchanger Efficiency","description":"High-efficiency stainless steel finned tubes for heat exchangers, marine, and industrial systems. Custom fin types and reliable performance.","robots":{"index":"index","follow":"follow","max-snippet":"max-snippet:-1","max-image-preview":"max-image-preview:large","max-video-preview":"max-video-preview:-1"},"canonical":"https:\/\/yunming-metal.com\/es\/producto\/tubo-con-aletas-de-acero-inoxidable\/","og_locale":"es_ES","og_type":"article","og_title":"Stainless Steel Finned Tube","og_description":"High-efficiency stainless steel finned tubes for heat exchangers, marine, and industrial systems. Custom fin types and reliable performance.","og_url":"https:\/\/yunming-metal.com\/es\/producto\/tubo-con-aletas-de-acero-inoxidable\/","og_site_name":"Yunming Metal - Stainless Steel Manufacturer &amp; Supplier","article_publisher":"https:\/\/www.facebook.com\/YunmingMetal","article_modified_time":"2026-04-01T13:33:46+00:00","og_image":[{"width":1000,"height":1000,"url":"https:\/\/yunming-metal.com\/wp-content\/uploads\/2025\/01\/single-finned-stainless-steel-tube.jpg","type":"image\/jpeg"}],"twitter_card":"summary_large_image","twitter_site":"@fan_yunmimetal","twitter_misc":{"Tiempo de lectura":"4 minutos"},"schema":{"@context":"https:\/\/schema.org","@graph":[{"@type":"WebPage","@id":"https:\/\/yunming-metal.com\/product\/stainless-steel-finned-tube\/","url":"https:\/\/yunming-metal.com\/product\/stainless-steel-finned-tube\/","name":"Stainless Steel Finned Tube for Heat Exchanger Efficiency","isPartOf":{"@id":"https:\/\/yunming-metal.com\/#website"},"primaryImageOfPage":{"@id":"https:\/\/yunming-metal.com\/product\/stainless-steel-finned-tube\/#primaryimage"},"image":{"@id":"https:\/\/yunming-metal.com\/product\/stainless-steel-finned-tube\/#primaryimage"},"thumbnailUrl":"https:\/\/yunming-metal.com\/wp-content\/uploads\/2025\/01\/single-finned-stainless-steel-tube.jpg","datePublished":"2025-01-02T08:14:57+00:00","dateModified":"2026-04-01T13:33:46+00:00","description":"High-efficiency stainless steel finned tubes for heat exchangers, marine, and industrial systems. Custom fin types and reliable performance.","breadcrumb":{"@id":"https:\/\/yunming-metal.com\/product\/stainless-steel-finned-tube\/#breadcrumb"},"inLanguage":"es","potentialAction":[{"@type":"ReadAction","target":["https:\/\/yunming-metal.com\/product\/stainless-steel-finned-tube\/"]}]},{"@type":"ImageObject","inLanguage":"es","@id":"https:\/\/yunming-metal.com\/product\/stainless-steel-finned-tube\/#primaryimage","url":"https:\/\/yunming-metal.com\/wp-content\/uploads\/2025\/01\/single-finned-stainless-steel-tube.jpg","contentUrl":"https:\/\/yunming-metal.com\/wp-content\/uploads\/2025\/01\/single-finned-stainless-steel-tube.jpg","width":1000,"height":1000,"caption":"Individual finned pipe sample for specification view"},{"@type":"BreadcrumbList","@id":"https:\/\/yunming-metal.com\/product\/stainless-steel-finned-tube\/#breadcrumb","itemListElement":[{"@type":"ListItem","position":1,"name":"\u9996\u9875","item":"https:\/\/yunming-metal.com\/"},{"@type":"ListItem","position":2,"name":"Products","item":"https:\/\/yunming-metal.com\/shop\/"},{"@type":"ListItem","position":3,"name":"Stainless Steel Finned Tube"}]},{"@type":"WebSite","@id":"https:\/\/yunming-metal.com\/#website","url":"https:\/\/yunming-metal.com\/","name":"yunming-metal.com","description":"High-Quality Stainless Steel Pipes, Plates &amp; Flanges","publisher":{"@id":"https:\/\/yunming-metal.com\/#organization"},"potentialAction":[{"@type":"SearchAction","target":{"@type":"EntryPoint","urlTemplate":"https:\/\/yunming-metal.com\/?s={search_term_string}"},"query-input":{"@type":"PropertyValueSpecification","valueRequired":true,"valueName":"search_term_string"}}],"inLanguage":"es"},{"@type":"Organization","@id":"https:\/\/yunming-metal.com\/#organization","name":"Yunming MetalY","alternateName":"Yunming Stainless Steel","url":"https:\/\/yunming-metal.com\/","logo":{"@type":"ImageObject","inLanguage":"es","@id":"https:\/\/yunming-metal.com\/#\/schema\/logo\/image\/","url":"https:\/\/yunming-metal.com\/wp-content\/uploads\/2025\/04\/yunming-metal-logo-featuring-a-minimalist-am-design-representing.png","contentUrl":"https:\/\/yunming-metal.com\/wp-content\/uploads\/2025\/04\/yunming-metal-logo-featuring-a-minimalist-am-design-representing.png","width":300,"height":300,"caption":"Yunming MetalY"},"image":{"@id":"https:\/\/yunming-metal.com\/#\/schema\/logo\/image\/"},"sameAs":["https:\/\/www.facebook.com\/YunmingMetal","https:\/\/x.com\/fan_yunmimetal","https:\/\/www.linkedin.com\/company\/yunming-metal\/","https:\/\/www.instagram.com\/nora_jiang8\/","https:\/\/www.youtube.com\/@yunmingmetal1","https:\/\/www.tiktok.com\/@yunming_metal"]}]}},"_links":{"self":[{"href":"https:\/\/yunming-metal.com\/es\/wp-json\/wp\/v2\/product\/2716","targetHints":{"allow":["GET"]}}],"collection":[{"href":"https:\/\/yunming-metal.com\/es\/wp-json\/wp\/v2\/product"}],"about":[{"href":"https:\/\/yunming-metal.com\/es\/wp-json\/wp\/v2\/types\/product"}],"replies":[{"embeddable":true,"href":"https:\/\/yunming-metal.com\/es\/wp-json\/wp\/v2\/comments?post=2716"}],"wp:featuredmedia":[{"embeddable":true,"href":"https:\/\/yunming-metal.com\/es\/wp-json\/wp\/v2\/media\/4640"}],"wp:attachment":[{"href":"https:\/\/yunming-metal.com\/es\/wp-json\/wp\/v2\/media?parent=2716"}],"wp:term":[{"taxonomy":"product_brand","embeddable":true,"href":"https:\/\/yunming-metal.com\/es\/wp-json\/wp\/v2\/product_brand?post=2716"},{"taxonomy":"product_cat","embeddable":true,"href":"https:\/\/yunming-metal.com\/es\/wp-json\/wp\/v2\/product_cat?post=2716"},{"taxonomy":"product_tag","embeddable":true,"href":"https:\/\/yunming-metal.com\/es\/wp-json\/wp\/v2\/product_tag?post=2716"}],"curies":[{"name":"wp","href":"https:\/\/api.w.org\/{rel}","templated":true}]}}