{"id":3501,"date":"2025-03-31T17:41:02","date_gmt":"2025-03-31T17:41:02","guid":{"rendered":"https:\/\/yunming-metal.com\/?post_type=product&#038;p=3501"},"modified":"2026-04-01T21:13:32","modified_gmt":"2026-04-01T13:13:32","slug":"custom-shaped-precision-tube","status":"publish","type":"product","link":"https:\/\/yunming-metal.com\/es\/producto\/tubo-de-precision-conformado-a-medida\/","title":{"rendered":"Tubo de precisi\u00f3n con forma personalizada"},"content":{"rendered":"<h3 data-section-id=\"bqa8y9\" data-start=\"35\" data-end=\"60\">Proveedor de tubos de precisi\u00f3n moldeados a medida para uso industrial<\/h3>\n<h3 data-section-id=\"bqa8y9\" data-start=\"35\" data-end=\"60\">1. Descripci\u00f3n general del producto<\/h3>\n<p data-start=\"61\" data-end=\"462\">El tubo de precisi\u00f3n moldeado a medida est\u00e1 dise\u00f1ado para aplicaciones que requieren <strong data-start=\"131\" data-end=\"205\">geometr\u00edas no redondas, tolerancias estrechas y materiales de alto rendimiento<\/strong>. A diferencia de los tubos redondos est\u00e1ndar, estos tubos de precisi\u00f3n se fabrican en perfiles personalizados como <strong data-start=\"306\" data-end=\"384\">dise\u00f1os cuadrados, rectangulares, ovalados, planos, en forma de D y multil\u00famenes complejos<\/strong>por lo que son ideales para aplicaciones industriales y de ingenier\u00eda especializadas.<\/p>\n<p data-start=\"464\" data-end=\"870\">Ampliamente utilizado en industrias como <strong data-start=\"500\" data-end=\"595\">petr\u00f3leo y gas, ingenier\u00eda naval, sistemas de automoci\u00f3n, intercambiadores de calor y procesamiento qu\u00edmico<\/strong>Los tubos a medida permiten optimizar la resistencia estructural, mejorar la din\u00e1mica de fluidos y ahorrar espacio. Su rendimiento en <strong data-start=\"731\" data-end=\"805\">entornos de agua de mar, sistemas de alta presi\u00f3n y conjuntos de precisi\u00f3n<\/strong> garantiza la fiabilidad incluso en condiciones de funcionamiento exigentes.<\/p>\n<p data-start=\"872\" data-end=\"1192\">Gracias a las avanzadas tecnolog\u00edas de estirado en fr\u00edo y conformado, estos tubos ofrecen una excelente precisi\u00f3n dimensional, superficies lisas y propiedades mec\u00e1nicas uniformes. Ya sea para el refuerzo estructural o para la conducci\u00f3n de fluidos de precisi\u00f3n, los tubos de precisi\u00f3n conformados a medida ofrecen una soluci\u00f3n a medida para los retos de la industria moderna.<\/p>\n<hr data-start=\"1194\" data-end=\"1197\" \/>\n<h3 data-section-id=\"woe1t0\" data-start=\"1199\" data-end=\"1225\">2. \u00c1reas de aplicaci\u00f3n<\/h3>\n<ul data-start=\"1227\" data-end=\"1908\">\n<li data-section-id=\"15lbcts\" data-start=\"1227\" data-end=\"1350\"><strong data-start=\"1229\" data-end=\"1268\">Sistemas de automoci\u00f3n y transporte<\/strong><br data-start=\"1268\" data-end=\"1271\" \/>Se utiliza en conductos de combustible, soportes estructurales y componentes ligeros del chasis<\/li>\n<li data-section-id=\"yili4y\" data-start=\"1352\" data-end=\"1468\"><strong data-start=\"1354\" data-end=\"1390\">Intercambiadores de calor y sistemas t\u00e9rmicos<\/strong><br data-start=\"1390\" data-end=\"1393\" \/>Las formas optimizadas mejoran la eficiencia de la transferencia de calor y el aprovechamiento del espacio<\/li>\n<li data-section-id=\"1hkb9n8\" data-start=\"1470\" data-end=\"1580\"><strong data-start=\"1472\" data-end=\"1505\">Ingenier\u00eda naval y de alta mar<\/strong><br data-start=\"1505\" data-end=\"1508\" \/>Aplicado en sistemas de agua de mar, estructuras navales y plataformas marinas<\/li>\n<li data-section-id=\"11cp90p\" data-start=\"1582\" data-end=\"1681\"><strong data-start=\"1584\" data-end=\"1607\">Equipos para petr\u00f3leo y gas<\/strong><br data-start=\"1607\" data-end=\"1610\" \/>Se utiliza en herramientas de fondo de pozo, l\u00edneas de control y conjuntos de alta presi\u00f3n<\/li>\n<li data-section-id=\"1ddk8x6\" data-start=\"1683\" data-end=\"1799\"><strong data-start=\"1685\" data-end=\"1722\">Ingenier\u00eda aeroespacial y de precisi\u00f3n<\/strong><br data-start=\"1722\" data-end=\"1725\" \/>Adecuado para componentes ligeros y de alta resistencia con formas complejas<\/li>\n<li data-section-id=\"11y5ul0\" data-start=\"1801\" data-end=\"1908\"><strong data-start=\"1803\" data-end=\"1834\">Sistemas de procesamiento qu\u00edmico<\/strong><br data-start=\"1834\" data-end=\"1837\" \/>Dise\u00f1ado para la manipulaci\u00f3n de fluidos corrosivos en instalaciones compactas<\/li>\n<\/ul>\n<hr data-start=\"1910\" data-end=\"1913\" \/>\n<h3 data-section-id=\"4u3kt3\" data-start=\"1915\" data-end=\"1940\">3. Caracter\u00edsticas del producto<\/h3>\n<ul data-start=\"1942\" data-end=\"2383\">\n<li data-section-id=\"1q38h51\" data-start=\"1942\" data-end=\"2010\">Personalizable <strong data-start=\"1957\" data-end=\"1977\">formas no redondas<\/strong> para necesidades espec\u00edficas de ingenier\u00eda<\/li>\n<li data-section-id=\"lsz07s\" data-start=\"2011\" data-end=\"2066\">Alta precisi\u00f3n dimensional con <strong data-start=\"2044\" data-end=\"2064\">tolerancias estrictas<\/strong><\/li>\n<li data-section-id=\"w3pplx\" data-start=\"2067\" data-end=\"2141\">Excelente <strong data-start=\"2079\" data-end=\"2103\">resistencia a la corrosi\u00f3n<\/strong> en entornos marinos y qu\u00edmicos<\/li>\n<li data-section-id=\"ehhind\" data-start=\"2142\" data-end=\"2200\">Mejorado <strong data-start=\"2153\" data-end=\"2198\">resistencia estructural y distribuci\u00f3n de la carga<\/strong><\/li>\n<li data-section-id=\"qhmmzk\" data-start=\"2201\" data-end=\"2267\">Superficies internas y externas lisas para mejorar el rendimiento<\/li>\n<li data-section-id=\"14jdvqr\" data-start=\"2268\" data-end=\"2314\">Dise\u00f1o que ahorra espacio para montajes compactos<\/li>\n<li data-section-id=\"maaf55\" data-start=\"2315\" data-end=\"2383\">Adecuado para <strong data-start=\"2330\" data-end=\"2381\">aplicaciones de alta presi\u00f3n y alta temperatura<\/strong><\/li>\n<\/ul>\n<hr data-start=\"2385\" data-end=\"2388\" \/>\n<h3 data-section-id=\"7mzv1d\" data-start=\"2390\" data-end=\"2423\">4. 4. Especificaciones t\u00e9cnicas<\/h3>\n<div class=\"TyagGW_tableContainer\">\n<div class=\"group TyagGW_tableWrapper flex flex-col-reverse w-fit\" tabindex=\"-1\">\n<table class=\"w-fit min-w-(--thread-content-width)\" data-start=\"2425\" data-end=\"2796\">\n<thead data-start=\"2425\" data-end=\"2446\">\n<tr data-start=\"2425\" data-end=\"2446\">\n<th class=\"\" data-start=\"2425\" data-end=\"2437\" data-col-size=\"sm\">Par\u00e1metro<\/th>\n<th class=\"\" data-start=\"2437\" data-end=\"2446\" data-col-size=\"md\">Gama<\/th>\n<\/tr>\n<\/thead>\n<tbody data-start=\"2467\" data-end=\"2796\">\n<tr data-start=\"2467\" data-end=\"2540\">\n<td data-start=\"2467\" data-end=\"2489\" data-col-size=\"sm\"><strong data-start=\"2469\" data-end=\"2488\">Dimensi\u00f3n exterior<\/strong><\/td>\n<td data-col-size=\"md\" data-start=\"2489\" data-end=\"2540\">2 mm - 100 mm (\u2248 1\/16\u2033 - 4\u2033) seg\u00fan la forma.<\/td>\n<\/tr>\n<tr data-start=\"2541\" data-end=\"2602\">\n<td data-start=\"2541\" data-end=\"2567\" data-col-size=\"sm\"><strong data-start=\"2543\" data-end=\"2566\">Espesor de pared (WT)<\/strong><\/td>\n<td data-col-size=\"md\" data-start=\"2567\" data-end=\"2602\">0,2 mm - 6 mm (\u2248 0,008\u2033 - 1\/4\u2033)<\/td>\n<\/tr>\n<tr data-start=\"2603\" data-end=\"2665\">\n<td data-start=\"2603\" data-end=\"2616\" data-col-size=\"sm\"><strong data-start=\"2605\" data-end=\"2615\">Longitud<\/strong><\/td>\n<td data-col-size=\"md\" data-start=\"2616\" data-end=\"2665\">Hasta 6000 mm (\u2248 20 pies) o longitudes de corte personalizadas<\/td>\n<\/tr>\n<tr data-start=\"2666\" data-end=\"2730\">\n<td data-start=\"2666\" data-end=\"2682\" data-col-size=\"sm\"><strong data-start=\"2668\" data-end=\"2681\">Normas<\/strong><\/td>\n<td data-col-size=\"md\" data-start=\"2682\" data-end=\"2730\">ASTM A213 \/ A269 \/ A312, ASME SA213, EN, JIS<\/td>\n<\/tr>\n<tr data-start=\"2731\" data-end=\"2796\">\n<td data-start=\"2731\" data-end=\"2744\" data-col-size=\"sm\"><strong data-start=\"2733\" data-end=\"2743\">Grados<\/strong><\/td>\n<td data-col-size=\"md\" data-start=\"2744\" data-end=\"2796\">304 \/ 304L \/ 316 \/ 316L \/ 321 \/ Monel 400 \/ K500<\/td>\n<\/tr>\n<\/tbody>\n<\/table>\n<\/div>\n<\/div>\n<hr data-start=\"2798\" data-end=\"2801\" \/>\n<h3 data-section-id=\"1l9px3q\" data-start=\"2803\" data-end=\"2833\">5. 5. Proceso de fabricaci\u00f3n<\/h3>\n<p data-start=\"2835\" data-end=\"3045\">Fundici\u00f3n (EAF\/VOD) \u2192 Preparaci\u00f3n de palanquillas \u2192 Laminaci\u00f3n en caliente \u2192 Estirado en fr\u00edo de precisi\u00f3n \u2192 Conformado a medida \u2192 Tratamiento t\u00e9rmico \u2192 Enderezado \u2192 Acabado de superficies \u2192 Inspecci\u00f3n (END y control dimensional) \u2192 Embalaje.<\/p>\n<p data-start=\"3047\" data-end=\"3175\">Cada tubo se fabrica bajo estrictos controles de calidad para garantizar su coherencia, precisi\u00f3n y cumplimiento de las normas internacionales.<\/p>\n<hr data-start=\"3177\" data-end=\"3180\" \/>\n<h3 data-section-id=\"d1kaa0\" data-start=\"3182\" data-end=\"3194\">6. FAQ<\/h3>\n<p data-start=\"3196\" data-end=\"3381\"><strong data-start=\"3196\" data-end=\"3259\">P1: \u00bfQu\u00e9 formas pueden fabricar para tubos de precisi\u00f3n a medida?<\/strong><br data-start=\"3259\" data-end=\"3262\" \/>R: Podemos fabricar perfiles cuadrados, rectangulares, ovalados, planos, en forma de D y perfiles complejos totalmente personalizados a partir de planos.<\/p>\n<p data-start=\"3383\" data-end=\"3516\"><strong data-start=\"3383\" data-end=\"3432\">P2: \u00bfCu\u00e1l es su MOQ para tubos con formas personalizadas?<\/strong><br data-start=\"3432\" data-end=\"3435\" \/>R: El MOQ suele ser de 500 kg, pero admitimos peque\u00f1os pedidos de prueba para nuevos proyectos.<\/p>\n<p data-start=\"3518\" data-end=\"3649\"><strong data-start=\"3518\" data-end=\"3574\">P3: \u00bfCu\u00e1l es el plazo de entrega de las formas personalizadas?<\/strong><br data-start=\"3574\" data-end=\"3577\" \/>R: Normalmente entre 25 y 40 d\u00edas, dependiendo del utillaje y de la complejidad de la producci\u00f3n.<\/p>\n<p data-start=\"3651\" data-end=\"3784\"><strong data-start=\"3651\" data-end=\"3701\">P4: \u00bfPuede cumplir los estrictos requisitos de tolerancia?<\/strong><br data-start=\"3701\" data-end=\"3704\" \/>R: S\u00ed, estamos especializados en tubos de alta precisi\u00f3n con un estricto control dimensional.<\/p>\n<p data-start=\"3786\" data-end=\"3958\"><strong data-start=\"3786\" data-end=\"3855\">P5: \u00bfSon adecuados estos tubos para aplicaciones marinas o de agua de mar?<\/strong><br data-start=\"3855\" data-end=\"3858\" \/>R: S\u00ed, especialmente con calidades como las aleaciones 316L y Monel, que ofrecen una excelente resistencia al agua de mar.<\/p>\n<hr data-start=\"3960\" data-end=\"3963\" \/>\n<h3 data-section-id=\"vbafzw\" data-start=\"3965\" data-end=\"3984\">7. Conclusi\u00f3n<\/h3>\n<p data-start=\"3986\" data-end=\"4165\">\u00bfNecesita tubos de precisi\u00f3n con forma personalizada adaptados a su proyecto? P\u00f3ngase en contacto con nosotros hoy mismo para obtener asistencia experta, producci\u00f3n flexible y entrega fiable para aplicaciones industriales exigentes.<\/p>","protected":false},"excerpt":{"rendered":"<p>Los tubos de precisi\u00f3n conformados a medida de Yunming Metal ofrecen perfiles no redondos, tolerancias ajustadas y una excelente resistencia a la corrosi\u00f3n. Ideal para marina, intercambiador de calor, petr\u00f3leo y gas, y sistemas qu\u00edmicos con personalizaci\u00f3n flexible y suministro global fiable.<\/p>","protected":false},"featured_media":4386,"comment_status":"open","ping_status":"closed","template":"","meta":{"site-sidebar-layout":"default","site-content-layout":"","ast-site-content-layout":"default","site-content-style":"default","site-sidebar-style":"default","ast-global-header-display":"","ast-banner-title-visibility":"","ast-main-header-display":"","ast-hfb-above-header-display":"","ast-hfb-below-header-display":"","ast-hfb-mobile-header-display":"","site-post-title":"","ast-breadcrumbs-content":"","ast-featured-img":"","footer-sml-layout":"","theme-transparent-header-meta":"default","adv-header-id-meta":"","stick-header-meta":"","header-above-stick-meta":"","header-main-stick-meta":"","header-below-stick-meta":"","astra-migrate-meta-layouts":"set","ast-page-background-enabled":"default","ast-page-background-meta":{"desktop":{"background-color":"","background-image":"","background-repeat":"repeat","background-position":"center center","background-size":"auto","background-attachment":"scroll","background-type":"","background-media":"","overlay-type":"","overlay-color":"","overlay-opacity":"","overlay-gradient":""},"tablet":{"background-color":"","background-image":"","background-repeat":"repeat","background-position":"center center","background-size":"auto","background-attachment":"scroll","background-type":"","background-media":"","overlay-type":"","overlay-color":"","overlay-opacity":"","overlay-gradient":""},"mobile":{"background-color":"","background-image":"","background-repeat":"repeat","background-position":"center center","background-size":"auto","background-attachment":"scroll","background-type":"","background-media":"","overlay-type":"","overlay-color":"","overlay-opacity":"","overlay-gradient":""}},"ast-content-background-meta":{"desktop":{"background-color":"var(--ast-global-color-5)","background-image":"","background-repeat":"repeat","background-position":"center center","background-size":"auto","background-attachment":"scroll","background-type":"","background-media":"","overlay-type":"","overlay-color":"","overlay-opacity":"","overlay-gradient":""},"tablet":{"background-color":"var(--ast-global-color-5)","background-image":"","background-repeat":"repeat","background-position":"center center","background-size":"auto","background-attachment":"scroll","background-type":"","background-media":"","overlay-type":"","overlay-color":"","overlay-opacity":"","overlay-gradient":""},"mobile":{"background-color":"var(--ast-global-color-5)","background-image":"","background-repeat":"repeat","background-position":"center center","background-size":"auto","background-attachment":"scroll","background-type":"","background-media":"","overlay-type":"","overlay-color":"","overlay-opacity":"","overlay-gradient":""}}},"product_brand":[],"product_cat":[21],"product_tag":[],"class_list":{"0":"post-3501","1":"product","2":"type-product","3":"status-publish","4":"has-post-thumbnail","6":"product_cat-stainless-steel-pipe-tube","7":"desktop-align-left","8":"tablet-align-left","9":"mobile-align-left","11":"first","12":"instock","13":"shipping-taxable","14":"product-type-simple"},"yoast_head":"<!-- This site is optimized with the Yoast SEO Premium plugin v24.9 (Yoast SEO v26.8) - https:\/\/yoast.com\/product\/yoast-seo-premium-wordpress\/ -->\n<title>Custom Shaped Precision Tube Supplier for Industrial Use<\/title>\n<meta name=\"description\" content=\"Explore our Custom Shaped Precision Tubes for aerospace, automotive, and medical industries. Discover high-quality, non-round tubes at Yunming Metal.\" \/>\n<meta name=\"robots\" content=\"index, follow, max-snippet:-1, max-image-preview:large, max-video-preview:-1\" \/>\n<link rel=\"canonical\" href=\"https:\/\/yunming-metal.com\/es\/producto\/custom-shaped-precision-tubes\/\" \/>\n<meta property=\"og:locale\" content=\"es_ES\" \/>\n<meta property=\"og:type\" content=\"article\" \/>\n<meta property=\"og:title\" content=\"Custom Shaped Precision Tube\" \/>\n<meta property=\"og:description\" content=\"Explore our Custom Shaped Precision Tubes for aerospace, automotive, and medical industries. Discover high-quality, non-round tubes at Yunming Metal.\" \/>\n<meta property=\"og:url\" content=\"https:\/\/yunming-metal.com\/es\/producto\/custom-shaped-precision-tubes\/\" \/>\n<meta property=\"og:site_name\" content=\"Yunming Metal - Stainless Steel Manufacturer &amp; Supplier\" \/>\n<meta property=\"article:publisher\" content=\"https:\/\/www.facebook.com\/YunmingMetal\" \/>\n<meta property=\"article:modified_time\" content=\"2026-04-01T13:13:32+00:00\" \/>\n<meta property=\"og:image\" content=\"https:\/\/yunming-metal.com\/wp-content\/uploads\/2025\/04\/round-stainless-steel-tubes-with-side-holes.jpg\" \/>\n\t<meta property=\"og:image:width\" content=\"800\" \/>\n\t<meta property=\"og:image:height\" content=\"800\" \/>\n\t<meta property=\"og:image:type\" content=\"image\/jpeg\" \/>\n<meta name=\"twitter:card\" content=\"summary_large_image\" \/>\n<meta name=\"twitter:site\" content=\"@fan_yunmimetal\" \/>\n<meta name=\"twitter:label1\" content=\"Tiempo de lectura\" \/>\n\t<meta name=\"twitter:data1\" content=\"4 minutos\" \/>\n<script type=\"application\/ld+json\" class=\"yoast-schema-graph\">{\"@context\":\"https:\/\/schema.org\",\"@graph\":[{\"@type\":\"WebPage\",\"@id\":\"https:\/\/yunming-metal.com\/product\/custom-shaped-precision-tube\/\",\"url\":\"https:\/\/yunming-metal.com\/product\/custom-shaped-precision-tubes\/\",\"name\":\"Custom Shaped Precision Tube Supplier for Industrial Use\",\"isPartOf\":{\"@id\":\"https:\/\/yunming-metal.com\/#website\"},\"primaryImageOfPage\":{\"@id\":\"https:\/\/yunming-metal.com\/product\/custom-shaped-precision-tubes\/#primaryimage\"},\"image\":{\"@id\":\"https:\/\/yunming-metal.com\/product\/custom-shaped-precision-tubes\/#primaryimage\"},\"thumbnailUrl\":\"https:\/\/yunming-metal.com\/wp-content\/uploads\/2025\/04\/round-stainless-steel-tubes-with-side-holes.jpg\",\"datePublished\":\"2025-03-31T17:41:02+00:00\",\"dateModified\":\"2026-04-01T13:13:32+00:00\",\"description\":\"Explore our Custom Shaped Precision Tubes for aerospace, automotive, and medical industries. Discover high-quality, non-round tubes at Yunming Metal.\",\"breadcrumb\":{\"@id\":\"https:\/\/yunming-metal.com\/product\/custom-shaped-precision-tubes\/#breadcrumb\"},\"inLanguage\":\"es\",\"potentialAction\":[{\"@type\":\"ReadAction\",\"target\":[\"https:\/\/yunming-metal.com\/product\/custom-shaped-precision-tubes\/\"]}]},{\"@type\":\"ImageObject\",\"inLanguage\":\"es\",\"@id\":\"https:\/\/yunming-metal.com\/product\/custom-shaped-precision-tubes\/#primaryimage\",\"url\":\"https:\/\/yunming-metal.com\/wp-content\/uploads\/2025\/04\/round-stainless-steel-tubes-with-side-holes.jpg\",\"contentUrl\":\"https:\/\/yunming-metal.com\/wp-content\/uploads\/2025\/04\/round-stainless-steel-tubes-with-side-holes.jpg\",\"width\":800,\"height\":800,\"caption\":\"Round stainless steel tubes with precision-drilled side holes from Yunming Metal.\"},{\"@type\":\"BreadcrumbList\",\"@id\":\"https:\/\/yunming-metal.com\/product\/custom-shaped-precision-tubes\/#breadcrumb\",\"itemListElement\":[{\"@type\":\"ListItem\",\"position\":1,\"name\":\"\u9996\u9875\",\"item\":\"https:\/\/yunming-metal.com\/\"},{\"@type\":\"ListItem\",\"position\":2,\"name\":\"Products\",\"item\":\"https:\/\/yunming-metal.com\/shop\/\"},{\"@type\":\"ListItem\",\"position\":3,\"name\":\"Custom Shaped Precision Tubes - Yunming Metal\"}]},{\"@type\":\"WebSite\",\"@id\":\"https:\/\/yunming-metal.com\/#website\",\"url\":\"https:\/\/yunming-metal.com\/\",\"name\":\"yunming-metal.com\",\"description\":\"High-Quality Stainless Steel Pipes, Plates &amp; Flanges\",\"publisher\":{\"@id\":\"https:\/\/yunming-metal.com\/#organization\"},\"potentialAction\":[{\"@type\":\"SearchAction\",\"target\":{\"@type\":\"EntryPoint\",\"urlTemplate\":\"https:\/\/yunming-metal.com\/?s={search_term_string}\"},\"query-input\":{\"@type\":\"PropertyValueSpecification\",\"valueRequired\":true,\"valueName\":\"search_term_string\"}}],\"inLanguage\":\"es\"},{\"@type\":\"Organization\",\"@id\":\"https:\/\/yunming-metal.com\/#organization\",\"name\":\"Yunming MetalY\",\"alternateName\":\"Yunming Stainless Steel\",\"url\":\"https:\/\/yunming-metal.com\/\",\"logo\":{\"@type\":\"ImageObject\",\"inLanguage\":\"es\",\"@id\":\"https:\/\/yunming-metal.com\/#\/schema\/logo\/image\/\",\"url\":\"https:\/\/yunming-metal.com\/wp-content\/uploads\/2025\/04\/yunming-metal-logo-featuring-a-minimalist-am-design-representing.png\",\"contentUrl\":\"https:\/\/yunming-metal.com\/wp-content\/uploads\/2025\/04\/yunming-metal-logo-featuring-a-minimalist-am-design-representing.png\",\"width\":300,\"height\":300,\"caption\":\"Yunming MetalY\"},\"image\":{\"@id\":\"https:\/\/yunming-metal.com\/#\/schema\/logo\/image\/\"},\"sameAs\":[\"https:\/\/www.facebook.com\/YunmingMetal\",\"https:\/\/x.com\/fan_yunmimetal\",\"https:\/\/www.linkedin.com\/company\/yunming-metal\/\",\"https:\/\/www.instagram.com\/nora_jiang8\/\",\"https:\/\/www.youtube.com\/@yunmingmetal1\",\"https:\/\/www.tiktok.com\/@yunming_metal\"]}]}<\/script>\n<!-- \/ Yoast SEO Premium plugin. -->","yoast_head_json":{"title":"Custom Shaped Precision Tube Supplier for Industrial Use","description":"Explore our Custom Shaped Precision Tubes for aerospace, automotive, and medical industries. Discover high-quality, non-round tubes at Yunming Metal.","robots":{"index":"index","follow":"follow","max-snippet":"max-snippet:-1","max-image-preview":"max-image-preview:large","max-video-preview":"max-video-preview:-1"},"canonical":"https:\/\/yunming-metal.com\/es\/producto\/custom-shaped-precision-tubes\/","og_locale":"es_ES","og_type":"article","og_title":"Custom Shaped Precision Tube","og_description":"Explore our Custom Shaped Precision Tubes for aerospace, automotive, and medical industries. Discover high-quality, non-round tubes at Yunming Metal.","og_url":"https:\/\/yunming-metal.com\/es\/producto\/custom-shaped-precision-tubes\/","og_site_name":"Yunming Metal - Stainless Steel Manufacturer &amp; Supplier","article_publisher":"https:\/\/www.facebook.com\/YunmingMetal","article_modified_time":"2026-04-01T13:13:32+00:00","og_image":[{"width":800,"height":800,"url":"https:\/\/yunming-metal.com\/wp-content\/uploads\/2025\/04\/round-stainless-steel-tubes-with-side-holes.jpg","type":"image\/jpeg"}],"twitter_card":"summary_large_image","twitter_site":"@fan_yunmimetal","twitter_misc":{"Tiempo de lectura":"4 minutos"},"schema":{"@context":"https:\/\/schema.org","@graph":[{"@type":"WebPage","@id":"https:\/\/yunming-metal.com\/product\/custom-shaped-precision-tube\/","url":"https:\/\/yunming-metal.com\/product\/custom-shaped-precision-tubes\/","name":"Custom Shaped Precision Tube Supplier for Industrial Use","isPartOf":{"@id":"https:\/\/yunming-metal.com\/#website"},"primaryImageOfPage":{"@id":"https:\/\/yunming-metal.com\/product\/custom-shaped-precision-tubes\/#primaryimage"},"image":{"@id":"https:\/\/yunming-metal.com\/product\/custom-shaped-precision-tubes\/#primaryimage"},"thumbnailUrl":"https:\/\/yunming-metal.com\/wp-content\/uploads\/2025\/04\/round-stainless-steel-tubes-with-side-holes.jpg","datePublished":"2025-03-31T17:41:02+00:00","dateModified":"2026-04-01T13:13:32+00:00","description":"Explore our Custom Shaped Precision Tubes for aerospace, automotive, and medical industries. Discover high-quality, non-round tubes at Yunming Metal.","breadcrumb":{"@id":"https:\/\/yunming-metal.com\/product\/custom-shaped-precision-tubes\/#breadcrumb"},"inLanguage":"es","potentialAction":[{"@type":"ReadAction","target":["https:\/\/yunming-metal.com\/product\/custom-shaped-precision-tubes\/"]}]},{"@type":"ImageObject","inLanguage":"es","@id":"https:\/\/yunming-metal.com\/product\/custom-shaped-precision-tubes\/#primaryimage","url":"https:\/\/yunming-metal.com\/wp-content\/uploads\/2025\/04\/round-stainless-steel-tubes-with-side-holes.jpg","contentUrl":"https:\/\/yunming-metal.com\/wp-content\/uploads\/2025\/04\/round-stainless-steel-tubes-with-side-holes.jpg","width":800,"height":800,"caption":"Round stainless steel tubes with precision-drilled side holes from Yunming Metal."},{"@type":"BreadcrumbList","@id":"https:\/\/yunming-metal.com\/product\/custom-shaped-precision-tubes\/#breadcrumb","itemListElement":[{"@type":"ListItem","position":1,"name":"\u9996\u9875","item":"https:\/\/yunming-metal.com\/"},{"@type":"ListItem","position":2,"name":"Products","item":"https:\/\/yunming-metal.com\/shop\/"},{"@type":"ListItem","position":3,"name":"Custom Shaped Precision Tubes - Yunming Metal"}]},{"@type":"WebSite","@id":"https:\/\/yunming-metal.com\/#website","url":"https:\/\/yunming-metal.com\/","name":"yunming-metal.com","description":"High-Quality Stainless Steel Pipes, Plates &amp; Flanges","publisher":{"@id":"https:\/\/yunming-metal.com\/#organization"},"potentialAction":[{"@type":"SearchAction","target":{"@type":"EntryPoint","urlTemplate":"https:\/\/yunming-metal.com\/?s={search_term_string}"},"query-input":{"@type":"PropertyValueSpecification","valueRequired":true,"valueName":"search_term_string"}}],"inLanguage":"es"},{"@type":"Organization","@id":"https:\/\/yunming-metal.com\/#organization","name":"Yunming MetalY","alternateName":"Yunming Stainless Steel","url":"https:\/\/yunming-metal.com\/","logo":{"@type":"ImageObject","inLanguage":"es","@id":"https:\/\/yunming-metal.com\/#\/schema\/logo\/image\/","url":"https:\/\/yunming-metal.com\/wp-content\/uploads\/2025\/04\/yunming-metal-logo-featuring-a-minimalist-am-design-representing.png","contentUrl":"https:\/\/yunming-metal.com\/wp-content\/uploads\/2025\/04\/yunming-metal-logo-featuring-a-minimalist-am-design-representing.png","width":300,"height":300,"caption":"Yunming MetalY"},"image":{"@id":"https:\/\/yunming-metal.com\/#\/schema\/logo\/image\/"},"sameAs":["https:\/\/www.facebook.com\/YunmingMetal","https:\/\/x.com\/fan_yunmimetal","https:\/\/www.linkedin.com\/company\/yunming-metal\/","https:\/\/www.instagram.com\/nora_jiang8\/","https:\/\/www.youtube.com\/@yunmingmetal1","https:\/\/www.tiktok.com\/@yunming_metal"]}]}},"_links":{"self":[{"href":"https:\/\/yunming-metal.com\/es\/wp-json\/wp\/v2\/product\/3501","targetHints":{"allow":["GET"]}}],"collection":[{"href":"https:\/\/yunming-metal.com\/es\/wp-json\/wp\/v2\/product"}],"about":[{"href":"https:\/\/yunming-metal.com\/es\/wp-json\/wp\/v2\/types\/product"}],"replies":[{"embeddable":true,"href":"https:\/\/yunming-metal.com\/es\/wp-json\/wp\/v2\/comments?post=3501"}],"wp:featuredmedia":[{"embeddable":true,"href":"https:\/\/yunming-metal.com\/es\/wp-json\/wp\/v2\/media\/4386"}],"wp:attachment":[{"href":"https:\/\/yunming-metal.com\/es\/wp-json\/wp\/v2\/media?parent=3501"}],"wp:term":[{"taxonomy":"product_brand","embeddable":true,"href":"https:\/\/yunming-metal.com\/es\/wp-json\/wp\/v2\/product_brand?post=3501"},{"taxonomy":"product_cat","embeddable":true,"href":"https:\/\/yunming-metal.com\/es\/wp-json\/wp\/v2\/product_cat?post=3501"},{"taxonomy":"product_tag","embeddable":true,"href":"https:\/\/yunming-metal.com\/es\/wp-json\/wp\/v2\/product_tag?post=3501"}],"curies":[{"name":"wp","href":"https:\/\/api.w.org\/{rel}","templated":true}]}}