{"id":4289,"date":"2025-04-25T14:09:01","date_gmt":"2025-04-25T06:09:01","guid":{"rendered":"https:\/\/yunming-metal.com\/?post_type=product&#038;p=4289"},"modified":"2025-06-01T19:50:45","modified_gmt":"2025-06-01T11:50:45","slug":"stainless-steel-eccentric-reducer","status":"publish","type":"product","link":"https:\/\/yunming-metal.com\/es\/producto\/reductor-excentrico-de-acero-inoxidable\/","title":{"rendered":"Reductor exc\u00e9ntrico"},"content":{"rendered":"<h2 data-start=\"246\" data-end=\"271\"><strong data-start=\"249\" data-end=\"269\">Productos<\/strong><\/h2>\n<p data-start=\"272\" data-end=\"641\">Un reductor exc\u00e9ntrico es un racor para soldar tuber\u00edas a tope que se utiliza para conectar dos tuber\u00edas de distinto di\u00e1metro alineando un lado de la tuber\u00eda. A diferencia de un reductor conc\u00e9ntrico, tiene una l\u00ednea central desplazada, lo que lo hace ideal para tuber\u00edas horizontales para evitar bolsas de aire o problemas de drenaje. Garantiza una transici\u00f3n suave y un flujo controlado en sistemas donde la alineaci\u00f3n a nivel es cr\u00edtica.<\/p>\n<h2 data-start=\"643\" data-end=\"669\"><strong data-start=\"646\" data-end=\"667\">\u00c1mbitos de aplicaci\u00f3n<\/strong><\/h2>\n<ul data-start=\"670\" data-end=\"881\">\n<li data-start=\"670\" data-end=\"706\">\n<p data-start=\"672\" data-end=\"706\">Oleoductos y gasoductos<\/p>\n<\/li>\n<li data-start=\"707\" data-end=\"744\">\n<p data-start=\"709\" data-end=\"744\">Plantas qu\u00edmicas y petroqu\u00edmicas<\/p>\n<\/li>\n<li data-start=\"745\" data-end=\"774\">\n<p data-start=\"747\" data-end=\"774\">Sistemas de drenaje y ventilaci\u00f3n<\/p>\n<\/li>\n<li data-start=\"775\" data-end=\"805\">\n<p data-start=\"777\" data-end=\"805\">Instalaciones de tratamiento de aguas<\/p>\n<\/li>\n<li data-start=\"806\" data-end=\"848\">\n<p data-start=\"808\" data-end=\"848\">Aplicaciones en alta mar y construcci\u00f3n naval<\/p>\n<\/li>\n<li data-start=\"849\" data-end=\"881\">\n<p data-start=\"851\" data-end=\"881\">Sistemas de tuber\u00edas de calderas y HVAC<\/p>\n<\/li>\n<\/ul>\n<h2 data-start=\"883\" data-end=\"908\"><strong data-start=\"886\" data-end=\"906\">Caracter\u00edsticas del producto<\/strong><\/h2>\n<ul data-start=\"909\" data-end=\"1198\">\n<li data-start=\"909\" data-end=\"972\">\n<p data-start=\"911\" data-end=\"972\">Dise\u00f1o desplazado para mantener la alineaci\u00f3n inferior\/superior en las tuber\u00edas<\/p>\n<\/li>\n<li data-start=\"973\" data-end=\"1040\">\n<p data-start=\"975\" data-end=\"1040\">Evita la acumulaci\u00f3n de aire en sistemas de flujo horizontal<\/p>\n<\/li>\n<li data-start=\"1041\" data-end=\"1083\">\n<p data-start=\"1043\" data-end=\"1083\">Disponible en versi\u00f3n soldada y sin soldadura<\/p>\n<\/li>\n<li data-start=\"1084\" data-end=\"1141\">\n<p data-start=\"1086\" data-end=\"1141\">Uni\u00f3n soldada a tope para juntas resistentes y estancas<\/p>\n<\/li>\n<li data-start=\"1142\" data-end=\"1198\">\n<p data-start=\"1144\" data-end=\"1198\">Conforme a ASME B16.9 y a las normas industriales mundiales<\/p>\n<\/li>\n<\/ul>\n<h2 data-start=\"1200\" data-end=\"1231\"><strong data-start=\"1203\" data-end=\"1231\">Especificaciones t\u00e9cnicas<\/strong><\/h2>\n<div class=\"_tableContainer_16hzy_1\">\n<div class=\"_tableWrapper_16hzy_14 group flex w-fit flex-col-reverse\" tabindex=\"-1\">\n<table class=\"w-fit min-w-(--thread-content-width)\" data-start=\"1233\" data-end=\"2140\">\n<thead data-start=\"1233\" data-end=\"1323\">\n<tr data-start=\"1233\" data-end=\"1323\">\n<th data-start=\"1233\" data-end=\"1258\" data-col-size=\"sm\">Par\u00e1metro<\/th>\n<th data-start=\"1258\" data-end=\"1323\" data-col-size=\"md\">Gama de especificaciones<\/th>\n<\/tr>\n<\/thead>\n<tbody data-start=\"1415\" data-end=\"2140\">\n<tr data-start=\"1415\" data-end=\"1505\">\n<td data-start=\"1415\" data-end=\"1440\" data-col-size=\"sm\">NPS (tama\u00f1o nominal de la tuber\u00eda)<\/td>\n<td data-start=\"1440\" data-end=\"1505\" data-col-size=\"md\">1\/2\u2033 - 48\u2033<\/td>\n<\/tr>\n<tr data-start=\"1506\" data-end=\"1596\">\n<td data-start=\"1506\" data-end=\"1531\" data-col-size=\"sm\">Di\u00e1metro exterior<\/td>\n<td data-start=\"1531\" data-end=\"1596\" data-col-size=\"md\">21,3 mm - 1219 mm (aprox. \u00b9\u00b3\u2044\u2081\u2086\u2033 - 48\u2033)<\/td>\n<\/tr>\n<tr data-start=\"1597\" data-end=\"1686\">\n<td data-start=\"1597\" data-end=\"1622\" data-col-size=\"sm\">Espesor de pared<\/td>\n<td data-start=\"1622\" data-end=\"1686\" data-col-size=\"md\">2 mm - 20 mm (aprox. \u00b9\u2044\u2081\u2086\u2033 - \u00b9\u00b3\u2044\u2081\u2086\u2033)<\/td>\n<\/tr>\n<tr data-start=\"1687\" data-end=\"1777\">\n<td data-start=\"1687\" data-end=\"1712\" data-col-size=\"sm\">Grados de material<\/td>\n<td data-start=\"1712\" data-end=\"1777\" data-col-size=\"md\">304 \/ 304L \/ 316L \/ 321 \/ 310S \/ 2205 \/ 2507 etc.<\/td>\n<\/tr>\n<tr data-start=\"1778\" data-end=\"1868\">\n<td data-start=\"1778\" data-end=\"1803\" data-col-size=\"sm\">Tipo de conexi\u00f3n<\/td>\n<td data-start=\"1803\" data-end=\"1868\" data-col-size=\"md\">Soldado a tope<\/td>\n<\/tr>\n<tr data-start=\"1869\" data-end=\"1958\">\n<td data-start=\"1869\" data-end=\"1894\" data-col-size=\"sm\">Acabado superficial<\/td>\n<td data-start=\"1894\" data-end=\"1958\" data-col-size=\"md\">Decapado \/ Granallado \/ Pulido espejo<\/td>\n<\/tr>\n<tr data-start=\"1959\" data-end=\"2049\">\n<td data-start=\"1959\" data-end=\"1984\" data-col-size=\"sm\">Cumplimiento de las normas<\/td>\n<td data-start=\"1984\" data-end=\"2049\" data-col-size=\"md\">ASME B16.9, EN, DIN, JIS<\/td>\n<\/tr>\n<tr data-start=\"2050\" data-end=\"2140\">\n<td data-start=\"2050\" data-end=\"2075\" data-col-size=\"sm\">Embalaje<\/td>\n<td data-start=\"2075\" data-end=\"2140\" data-col-size=\"md\">Bolsas tejidas, cajas de madera o embalajes de exportaci\u00f3n a medida<\/td>\n<\/tr>\n<\/tbody>\n<\/table>\n<div class=\"sticky end-(--thread-content-margin) h-0 self-end select-none\">\n<div class=\"absolute end-0 flex items-end\"><\/div>\n<\/div>\n<\/div>\n<\/div>\n<h2 data-start=\"2142\" data-end=\"2172\"><strong data-start=\"2145\" data-end=\"2170\">Proceso de fabricaci\u00f3n<\/strong><\/h2>\n<ol data-start=\"2173\" data-end=\"2409\">\n<li data-start=\"2173\" data-end=\"2209\">\n<p data-start=\"2176\" data-end=\"2209\">Corte y preformado de materiales<\/p>\n<\/li>\n<li data-start=\"2210\" data-end=\"2240\">\n<p data-start=\"2213\" data-end=\"2240\">Moldeo por prensado en fr\u00edo o en caliente<\/p>\n<\/li>\n<li data-start=\"2241\" data-end=\"2278\">\n<p data-start=\"2244\" data-end=\"2278\">Biselado y mecanizado de precisi\u00f3n<\/p>\n<\/li>\n<li data-start=\"2279\" data-end=\"2319\">\n<p data-start=\"2282\" data-end=\"2319\">Tratamiento t\u00e9rmico y limpieza de superficies<\/p>\n<\/li>\n<li data-start=\"2320\" data-end=\"2368\">\n<p data-start=\"2323\" data-end=\"2368\">Inspecci\u00f3n dimensional y pruebas de presi\u00f3n<\/p>\n<\/li>\n<li data-start=\"2369\" data-end=\"2409\">\n<p data-start=\"2372\" data-end=\"2409\">Marcado, embalaje y documentaci\u00f3n<\/p>\n<\/li>\n<\/ol>\n<h2 data-start=\"2411\" data-end=\"2444\"><strong data-start=\"2414\" data-end=\"2444\">Preguntas frecuentes<\/strong><\/h2>\n<p data-start=\"2446\" data-end=\"2666\"><strong data-start=\"2446\" data-end=\"2519\">P1: \u00bfCu\u00e1l es la diferencia entre reductores conc\u00e9ntricos y exc\u00e9ntricos?<\/strong><br data-start=\"2519\" data-end=\"2522\" \/>A1: Un reductor exc\u00e9ntrico tiene una l\u00ednea central desplazada para mantener la alineaci\u00f3n superior o inferior de la tuber\u00eda, mientras que un reductor conc\u00e9ntrico alinea ambos centros de la tuber\u00eda.<\/p>\n<p data-start=\"2668\" data-end=\"2800\"><strong data-start=\"2668\" data-end=\"2710\">P2: \u00bfCu\u00e1ndo se utiliza un reductor exc\u00e9ntrico?<\/strong><br data-start=\"2710\" data-end=\"2713\" \/>A2: Principalmente en tuber\u00edas horizontales para evitar bolsas de aire o garantizar un drenaje adecuado.<\/p>\n<p data-start=\"2802\" data-end=\"2935\"><strong data-start=\"2802\" data-end=\"2855\">P3: \u00bfSuministran productos sin soldadura y soldados?<\/strong><br data-start=\"2855\" data-end=\"2858\" \/>A3: S\u00ed, ofrecemos ambos en funci\u00f3n del tama\u00f1o, la presi\u00f3n y los requisitos de la aplicaci\u00f3n.<\/p>\n<p data-start=\"2937\" data-end=\"3068\"><strong data-start=\"2937\" data-end=\"2980\">P4: \u00bfQu\u00e9 calidades de material hay disponibles?<\/strong><br data-start=\"2980\" data-end=\"2983\" \/>A4: Disponible en grados de acero inoxidable como 304, 316L, 321, 310S, 2205 y 2507.<\/p>\n<p data-start=\"3070\" data-end=\"3212\"><strong data-start=\"3070\" data-end=\"3122\">P5: \u00bfSus reductores cumplen la norma ASME B16.9?<\/strong><br data-start=\"3122\" data-end=\"3125\" \/>A5: S\u00ed, todos los reductores cumplen la norma ASME B16.9 y pueden cumplir las normas DIN o EN seg\u00fan sea necesario.<\/p>\n<h2 data-start=\"3214\" data-end=\"3244\"><strong data-start=\"3217\" data-end=\"3242\">\u00bfA\u00fan tiene preguntas?<\/strong><\/h2>\n<p data-start=\"3245\" data-end=\"3430\">No dude en <a href=\"https:\/\/yunming-metal.com\/es\/pongase-en-contacto-con\/\">Contacto<\/a> para obtener m\u00e1s informaci\u00f3n o comentar sus necesidades de reductores personalizados. Nuestro equipo de asistencia t\u00e9cnica est\u00e1 preparado para ayudarle con las especificaciones, las certificaciones y la entrega.<\/p>","protected":false},"excerpt":{"rendered":"<p>Racor de acero inoxidable de alta calidad utilizado para conectar tuber\u00edas de diferentes di\u00e1metros manteniendo un eje constante. Ideal para industrias como las del petr\u00f3leo y el gas, el procesamiento qu\u00edmico y la generaci\u00f3n de energ\u00eda, garantiza un flujo de fluidos uniforme y una gesti\u00f3n eficaz de la presi\u00f3n. Disponible en varios tama\u00f1os y materiales, ofrece una resistencia a la corrosi\u00f3n y una precisi\u00f3n superiores.<\/p>","protected":false},"featured_media":4470,"comment_status":"open","ping_status":"closed","template":"","meta":{"site-sidebar-layout":"default","site-content-layout":"","ast-site-content-layout":"default","site-content-style":"default","site-sidebar-style":"default","ast-global-header-display":"","ast-banner-title-visibility":"","ast-main-header-display":"","ast-hfb-above-header-display":"","ast-hfb-below-header-display":"","ast-hfb-mobile-header-display":"","site-post-title":"","ast-breadcrumbs-content":"","ast-featured-img":"","footer-sml-layout":"","theme-transparent-header-meta":"default","adv-header-id-meta":"","stick-header-meta":"","header-above-stick-meta":"","header-main-stick-meta":"","header-below-stick-meta":"","astra-migrate-meta-layouts":"set","ast-page-background-enabled":"default","ast-page-background-meta":{"desktop":{"background-color":"","background-image":"","background-repeat":"repeat","background-position":"center center","background-size":"auto","background-attachment":"scroll","background-type":"","background-media":"","overlay-type":"","overlay-color":"","overlay-opacity":"","overlay-gradient":""},"tablet":{"background-color":"","background-image":"","background-repeat":"repeat","background-position":"center center","background-size":"auto","background-attachment":"scroll","background-type":"","background-media":"","overlay-type":"","overlay-color":"","overlay-opacity":"","overlay-gradient":""},"mobile":{"background-color":"","background-image":"","background-repeat":"repeat","background-position":"center center","background-size":"auto","background-attachment":"scroll","background-type":"","background-media":"","overlay-type":"","overlay-color":"","overlay-opacity":"","overlay-gradient":""}},"ast-content-background-meta":{"desktop":{"background-color":"var(--ast-global-color-5)","background-image":"","background-repeat":"repeat","background-position":"center center","background-size":"auto","background-attachment":"scroll","background-type":"","background-media":"","overlay-type":"","overlay-color":"","overlay-opacity":"","overlay-gradient":""},"tablet":{"background-color":"var(--ast-global-color-5)","background-image":"","background-repeat":"repeat","background-position":"center center","background-size":"auto","background-attachment":"scroll","background-type":"","background-media":"","overlay-type":"","overlay-color":"","overlay-opacity":"","overlay-gradient":""},"mobile":{"background-color":"var(--ast-global-color-5)","background-image":"","background-repeat":"repeat","background-position":"center center","background-size":"auto","background-attachment":"scroll","background-type":"","background-media":"","overlay-type":"","overlay-color":"","overlay-opacity":"","overlay-gradient":""}}},"product_brand":[],"product_cat":[29],"product_tag":[],"class_list":{"0":"post-4289","1":"product","2":"type-product","3":"status-publish","4":"has-post-thumbnail","6":"product_cat-stainless-steel-pipe-fittings","7":"desktop-align-left","8":"tablet-align-left","9":"mobile-align-left","11":"first","12":"instock","13":"shipping-taxable","14":"product-type-simple"},"yoast_head":"<!-- This site is optimized with the Yoast SEO Premium plugin v24.9 (Yoast SEO v26.8) - https:\/\/yoast.com\/product\/yoast-seo-premium-wordpress\/ -->\n<title>Eccentric Reducer | Stainless Steel Pipe Fittings - Yunming Metal<\/title>\n<meta name=\"description\" content=\"Explore high-quality Eccentric Reducers at Yunming Metal. Precision-designed for seamless pipe transitions in industries such as oil, gas, and chemicals.\" \/>\n<meta name=\"robots\" content=\"index, follow, max-snippet:-1, max-image-preview:large, max-video-preview:-1\" \/>\n<link rel=\"canonical\" href=\"https:\/\/yunming-metal.com\/es\/producto\/reductor-excentrico-de-acero-inoxidable\/\" \/>\n<meta property=\"og:locale\" content=\"es_ES\" \/>\n<meta property=\"og:type\" content=\"article\" \/>\n<meta property=\"og:title\" content=\"Eccentric Reducer\" \/>\n<meta property=\"og:description\" content=\"Explore high-quality Eccentric Reducers at Yunming Metal. Precision-designed for seamless pipe transitions in industries such as oil, gas, and chemicals.\" \/>\n<meta property=\"og:url\" content=\"https:\/\/yunming-metal.com\/es\/producto\/reductor-excentrico-de-acero-inoxidable\/\" \/>\n<meta property=\"og:site_name\" content=\"Yunming Metal - Stainless Steel Manufacturer &amp; Supplier\" \/>\n<meta property=\"article:publisher\" content=\"https:\/\/www.facebook.com\/YunmingMetal\" \/>\n<meta property=\"article:modified_time\" content=\"2025-06-01T11:50:45+00:00\" \/>\n<meta property=\"og:image\" content=\"https:\/\/yunming-metal.com\/wp-content\/uploads\/2025\/04\/eccentric-reducer-pipe-fitting-stainless-steel.webp\" \/>\n\t<meta property=\"og:image:width\" content=\"750\" \/>\n\t<meta property=\"og:image:height\" content=\"750\" \/>\n\t<meta property=\"og:image:type\" content=\"image\/webp\" \/>\n<meta name=\"twitter:card\" content=\"summary_large_image\" \/>\n<meta name=\"twitter:site\" content=\"@fan_yunmimetal\" \/>\n<meta name=\"twitter:label1\" content=\"Tiempo de lectura\" \/>\n\t<meta name=\"twitter:data1\" content=\"3 minutos\" \/>\n<script type=\"application\/ld+json\" class=\"yoast-schema-graph\">{\"@context\":\"https:\/\/schema.org\",\"@graph\":[{\"@type\":\"WebPage\",\"@id\":\"https:\/\/yunming-metal.com\/product\/stainless-steel-eccentric-reducer\/\",\"url\":\"https:\/\/yunming-metal.com\/product\/stainless-steel-eccentric-reducer\/\",\"name\":\"Eccentric Reducer | Stainless Steel Pipe Fittings - Yunming Metal\",\"isPartOf\":{\"@id\":\"https:\/\/yunming-metal.com\/#website\"},\"primaryImageOfPage\":{\"@id\":\"https:\/\/yunming-metal.com\/product\/stainless-steel-eccentric-reducer\/#primaryimage\"},\"image\":{\"@id\":\"https:\/\/yunming-metal.com\/product\/stainless-steel-eccentric-reducer\/#primaryimage\"},\"thumbnailUrl\":\"https:\/\/yunming-metal.com\/wp-content\/uploads\/2025\/04\/eccentric-reducer-pipe-fitting-stainless-steel.webp\",\"datePublished\":\"2025-04-25T06:09:01+00:00\",\"dateModified\":\"2025-06-01T11:50:45+00:00\",\"description\":\"Explore high-quality Eccentric Reducers at Yunming Metal. Precision-designed for seamless pipe transitions in industries such as oil, gas, and chemicals.\",\"breadcrumb\":{\"@id\":\"https:\/\/yunming-metal.com\/product\/stainless-steel-eccentric-reducer\/#breadcrumb\"},\"inLanguage\":\"es\",\"potentialAction\":[{\"@type\":\"ReadAction\",\"target\":[\"https:\/\/yunming-metal.com\/product\/stainless-steel-eccentric-reducer\/\"]}]},{\"@type\":\"ImageObject\",\"inLanguage\":\"es\",\"@id\":\"https:\/\/yunming-metal.com\/product\/stainless-steel-eccentric-reducer\/#primaryimage\",\"url\":\"https:\/\/yunming-metal.com\/wp-content\/uploads\/2025\/04\/eccentric-reducer-pipe-fitting-stainless-steel.webp\",\"contentUrl\":\"https:\/\/yunming-metal.com\/wp-content\/uploads\/2025\/04\/eccentric-reducer-pipe-fitting-stainless-steel.webp\",\"width\":750,\"height\":750,\"caption\":\"High-Quality Eccentric Reducer for Industrial Use\"},{\"@type\":\"BreadcrumbList\",\"@id\":\"https:\/\/yunming-metal.com\/product\/stainless-steel-eccentric-reducer\/#breadcrumb\",\"itemListElement\":[{\"@type\":\"ListItem\",\"position\":1,\"name\":\"\u9996\u9875\",\"item\":\"https:\/\/yunming-metal.com\/\"},{\"@type\":\"ListItem\",\"position\":2,\"name\":\"Products\",\"item\":\"https:\/\/yunming-metal.com\/shop\/\"},{\"@type\":\"ListItem\",\"position\":3,\"name\":\"Eccentric Reducer\"}]},{\"@type\":\"WebSite\",\"@id\":\"https:\/\/yunming-metal.com\/#website\",\"url\":\"https:\/\/yunming-metal.com\/\",\"name\":\"yunming-metal.com\",\"description\":\"High-Quality Stainless Steel Pipes, Plates &amp; Flanges\",\"publisher\":{\"@id\":\"https:\/\/yunming-metal.com\/#organization\"},\"potentialAction\":[{\"@type\":\"SearchAction\",\"target\":{\"@type\":\"EntryPoint\",\"urlTemplate\":\"https:\/\/yunming-metal.com\/?s={search_term_string}\"},\"query-input\":{\"@type\":\"PropertyValueSpecification\",\"valueRequired\":true,\"valueName\":\"search_term_string\"}}],\"inLanguage\":\"es\"},{\"@type\":\"Organization\",\"@id\":\"https:\/\/yunming-metal.com\/#organization\",\"name\":\"Yunming MetalY\",\"alternateName\":\"Yunming Stainless Steel\",\"url\":\"https:\/\/yunming-metal.com\/\",\"logo\":{\"@type\":\"ImageObject\",\"inLanguage\":\"es\",\"@id\":\"https:\/\/yunming-metal.com\/#\/schema\/logo\/image\/\",\"url\":\"https:\/\/yunming-metal.com\/wp-content\/uploads\/2025\/04\/yunming-metal-logo-featuring-a-minimalist-am-design-representing.png\",\"contentUrl\":\"https:\/\/yunming-metal.com\/wp-content\/uploads\/2025\/04\/yunming-metal-logo-featuring-a-minimalist-am-design-representing.png\",\"width\":300,\"height\":300,\"caption\":\"Yunming MetalY\"},\"image\":{\"@id\":\"https:\/\/yunming-metal.com\/#\/schema\/logo\/image\/\"},\"sameAs\":[\"https:\/\/www.facebook.com\/YunmingMetal\",\"https:\/\/x.com\/fan_yunmimetal\",\"https:\/\/www.linkedin.com\/company\/yunming-metal\/\",\"https:\/\/www.instagram.com\/nora_jiang8\/\",\"https:\/\/www.youtube.com\/@yunmingmetal1\",\"https:\/\/www.tiktok.com\/@yunming_metal\"]}]}<\/script>\n<!-- \/ Yoast SEO Premium plugin. -->","yoast_head_json":{"title":"Eccentric Reducer | Stainless Steel Pipe Fittings - Yunming Metal","description":"Explore high-quality Eccentric Reducers at Yunming Metal. Precision-designed for seamless pipe transitions in industries such as oil, gas, and chemicals.","robots":{"index":"index","follow":"follow","max-snippet":"max-snippet:-1","max-image-preview":"max-image-preview:large","max-video-preview":"max-video-preview:-1"},"canonical":"https:\/\/yunming-metal.com\/es\/producto\/reductor-excentrico-de-acero-inoxidable\/","og_locale":"es_ES","og_type":"article","og_title":"Eccentric Reducer","og_description":"Explore high-quality Eccentric Reducers at Yunming Metal. Precision-designed for seamless pipe transitions in industries such as oil, gas, and chemicals.","og_url":"https:\/\/yunming-metal.com\/es\/producto\/reductor-excentrico-de-acero-inoxidable\/","og_site_name":"Yunming Metal - Stainless Steel Manufacturer &amp; Supplier","article_publisher":"https:\/\/www.facebook.com\/YunmingMetal","article_modified_time":"2025-06-01T11:50:45+00:00","og_image":[{"width":750,"height":750,"url":"https:\/\/yunming-metal.com\/wp-content\/uploads\/2025\/04\/eccentric-reducer-pipe-fitting-stainless-steel.webp","type":"image\/webp"}],"twitter_card":"summary_large_image","twitter_site":"@fan_yunmimetal","twitter_misc":{"Tiempo de lectura":"3 minutos"},"schema":{"@context":"https:\/\/schema.org","@graph":[{"@type":"WebPage","@id":"https:\/\/yunming-metal.com\/product\/stainless-steel-eccentric-reducer\/","url":"https:\/\/yunming-metal.com\/product\/stainless-steel-eccentric-reducer\/","name":"Eccentric Reducer | Stainless Steel Pipe Fittings - Yunming Metal","isPartOf":{"@id":"https:\/\/yunming-metal.com\/#website"},"primaryImageOfPage":{"@id":"https:\/\/yunming-metal.com\/product\/stainless-steel-eccentric-reducer\/#primaryimage"},"image":{"@id":"https:\/\/yunming-metal.com\/product\/stainless-steel-eccentric-reducer\/#primaryimage"},"thumbnailUrl":"https:\/\/yunming-metal.com\/wp-content\/uploads\/2025\/04\/eccentric-reducer-pipe-fitting-stainless-steel.webp","datePublished":"2025-04-25T06:09:01+00:00","dateModified":"2025-06-01T11:50:45+00:00","description":"Explore high-quality Eccentric Reducers at Yunming Metal. Precision-designed for seamless pipe transitions in industries such as oil, gas, and chemicals.","breadcrumb":{"@id":"https:\/\/yunming-metal.com\/product\/stainless-steel-eccentric-reducer\/#breadcrumb"},"inLanguage":"es","potentialAction":[{"@type":"ReadAction","target":["https:\/\/yunming-metal.com\/product\/stainless-steel-eccentric-reducer\/"]}]},{"@type":"ImageObject","inLanguage":"es","@id":"https:\/\/yunming-metal.com\/product\/stainless-steel-eccentric-reducer\/#primaryimage","url":"https:\/\/yunming-metal.com\/wp-content\/uploads\/2025\/04\/eccentric-reducer-pipe-fitting-stainless-steel.webp","contentUrl":"https:\/\/yunming-metal.com\/wp-content\/uploads\/2025\/04\/eccentric-reducer-pipe-fitting-stainless-steel.webp","width":750,"height":750,"caption":"High-Quality Eccentric Reducer for Industrial Use"},{"@type":"BreadcrumbList","@id":"https:\/\/yunming-metal.com\/product\/stainless-steel-eccentric-reducer\/#breadcrumb","itemListElement":[{"@type":"ListItem","position":1,"name":"\u9996\u9875","item":"https:\/\/yunming-metal.com\/"},{"@type":"ListItem","position":2,"name":"Products","item":"https:\/\/yunming-metal.com\/shop\/"},{"@type":"ListItem","position":3,"name":"Eccentric Reducer"}]},{"@type":"WebSite","@id":"https:\/\/yunming-metal.com\/#website","url":"https:\/\/yunming-metal.com\/","name":"yunming-metal.com","description":"High-Quality Stainless Steel Pipes, Plates &amp; Flanges","publisher":{"@id":"https:\/\/yunming-metal.com\/#organization"},"potentialAction":[{"@type":"SearchAction","target":{"@type":"EntryPoint","urlTemplate":"https:\/\/yunming-metal.com\/?s={search_term_string}"},"query-input":{"@type":"PropertyValueSpecification","valueRequired":true,"valueName":"search_term_string"}}],"inLanguage":"es"},{"@type":"Organization","@id":"https:\/\/yunming-metal.com\/#organization","name":"Yunming MetalY","alternateName":"Yunming Stainless Steel","url":"https:\/\/yunming-metal.com\/","logo":{"@type":"ImageObject","inLanguage":"es","@id":"https:\/\/yunming-metal.com\/#\/schema\/logo\/image\/","url":"https:\/\/yunming-metal.com\/wp-content\/uploads\/2025\/04\/yunming-metal-logo-featuring-a-minimalist-am-design-representing.png","contentUrl":"https:\/\/yunming-metal.com\/wp-content\/uploads\/2025\/04\/yunming-metal-logo-featuring-a-minimalist-am-design-representing.png","width":300,"height":300,"caption":"Yunming MetalY"},"image":{"@id":"https:\/\/yunming-metal.com\/#\/schema\/logo\/image\/"},"sameAs":["https:\/\/www.facebook.com\/YunmingMetal","https:\/\/x.com\/fan_yunmimetal","https:\/\/www.linkedin.com\/company\/yunming-metal\/","https:\/\/www.instagram.com\/nora_jiang8\/","https:\/\/www.youtube.com\/@yunmingmetal1","https:\/\/www.tiktok.com\/@yunming_metal"]}]}},"_links":{"self":[{"href":"https:\/\/yunming-metal.com\/es\/wp-json\/wp\/v2\/product\/4289","targetHints":{"allow":["GET"]}}],"collection":[{"href":"https:\/\/yunming-metal.com\/es\/wp-json\/wp\/v2\/product"}],"about":[{"href":"https:\/\/yunming-metal.com\/es\/wp-json\/wp\/v2\/types\/product"}],"replies":[{"embeddable":true,"href":"https:\/\/yunming-metal.com\/es\/wp-json\/wp\/v2\/comments?post=4289"}],"wp:featuredmedia":[{"embeddable":true,"href":"https:\/\/yunming-metal.com\/es\/wp-json\/wp\/v2\/media\/4470"}],"wp:attachment":[{"href":"https:\/\/yunming-metal.com\/es\/wp-json\/wp\/v2\/media?parent=4289"}],"wp:term":[{"taxonomy":"product_brand","embeddable":true,"href":"https:\/\/yunming-metal.com\/es\/wp-json\/wp\/v2\/product_brand?post=4289"},{"taxonomy":"product_cat","embeddable":true,"href":"https:\/\/yunming-metal.com\/es\/wp-json\/wp\/v2\/product_cat?post=4289"},{"taxonomy":"product_tag","embeddable":true,"href":"https:\/\/yunming-metal.com\/es\/wp-json\/wp\/v2\/product_tag?post=4289"}],"curies":[{"name":"wp","href":"https:\/\/api.w.org\/{rel}","templated":true}]}}