{"id":4789,"date":"2025-06-01T22:14:46","date_gmt":"2025-06-01T14:14:46","guid":{"rendered":"https:\/\/yunming-metal.com\/?post_type=product&#038;p=4789"},"modified":"2025-06-01T22:14:47","modified_gmt":"2025-06-01T14:14:47","slug":"stainless-steel-elbow","status":"publish","type":"product","link":"https:\/\/yunming-metal.com\/es\/producto\/codo-de-acero-inoxidable\/","title":{"rendered":"Codo de acero inoxidable"},"content":{"rendered":"<h2 data-start=\"74\" data-end=\"97\">Productos<\/h2>\n<p data-start=\"98\" data-end=\"425\">Los codos de acero inoxidable son accesorios de tuber\u00eda esenciales que se utilizan para cambiar la direcci\u00f3n del flujo en los sistemas de tuber\u00edas. Dependiendo del radio de giro requerido, los tipos m\u00e1s comunes incluyen codos de 45\u00b0, 90\u00b0 y 180\u00b0. Estos accesorios se utilizan ampliamente en diversas industrias para el control de fluidos, la gesti\u00f3n de la presi\u00f3n y la redirecci\u00f3n estructural.<\/p>\n<h2 data-start=\"432\" data-end=\"456\">\u00c1mbitos de aplicaci\u00f3n<\/h2>\n<ul data-start=\"457\" data-end=\"675\">\n<li data-start=\"457\" data-end=\"489\">\n<p data-start=\"459\" data-end=\"489\">Sistemas de oleoductos y gasoductos<\/p>\n<\/li>\n<li data-start=\"490\" data-end=\"520\">\n<p data-start=\"492\" data-end=\"520\">Plantas de transformaci\u00f3n qu\u00edmica<\/p>\n<\/li>\n<li data-start=\"521\" data-end=\"556\">\n<p data-start=\"523\" data-end=\"556\">Ingenier\u00eda naval y de alta mar<\/p>\n<\/li>\n<li data-start=\"557\" data-end=\"599\">\n<p data-start=\"559\" data-end=\"599\">Instalaciones de generaci\u00f3n de electricidad y energ\u00eda<\/p>\n<\/li>\n<li data-start=\"600\" data-end=\"638\">\n<p data-start=\"602\" data-end=\"638\">L\u00edneas de procesado de alimentos y bebidas<\/p>\n<\/li>\n<li data-start=\"639\" data-end=\"675\">\n<p data-start=\"641\" data-end=\"675\">Sistemas de climatizaci\u00f3n y tratamiento de aguas<\/p>\n<\/li>\n<\/ul>\n<h2 data-start=\"682\" data-end=\"705\">Caracter\u00edsticas del producto<\/h2>\n<ul data-start=\"706\" data-end=\"1058\">\n<li data-start=\"706\" data-end=\"753\">\n<p data-start=\"708\" data-end=\"753\">Disponible en \u00e1ngulos de curvatura de 45\u00b0, 90\u00b0 y 180<\/p>\n<\/li>\n<li data-start=\"754\" data-end=\"813\">\n<p data-start=\"756\" data-end=\"813\">Se fabrican tanto de radio corto como de radio largo<\/p>\n<\/li>\n<li data-start=\"814\" data-end=\"865\">\n<p data-start=\"816\" data-end=\"865\">Moldeado con precisi\u00f3n para garantizar un flujo interno suave<\/p>\n<\/li>\n<li data-start=\"866\" data-end=\"911\">\n<p data-start=\"868\" data-end=\"911\">Compatible con tubos sin soldadura y soldados<\/p>\n<\/li>\n<li data-start=\"912\" data-end=\"961\">\n<p data-start=\"914\" data-end=\"961\">Excelente resistencia a la corrosi\u00f3n y durabilidad<\/p>\n<\/li>\n<li data-start=\"962\" data-end=\"1007\">\n<p data-start=\"964\" data-end=\"1007\">Compatible con las normas ANSI, DIN, JIS y EN<\/p>\n<\/li>\n<li data-start=\"1008\" data-end=\"1058\">\n<p data-start=\"1010\" data-end=\"1058\">Espesor de pared personalizado y extremos biselados disponibles<\/p>\n<\/li>\n<\/ul>\n<h2 data-start=\"1065\" data-end=\"1094\">Especificaciones t\u00e9cnicas<\/h2>\n<div class=\"_tableContainer_16hzy_1\">\n<div class=\"_tableWrapper_16hzy_14 group flex w-fit flex-col-reverse\" tabindex=\"-1\">\n<table class=\"w-fit min-w-(--thread-content-width)\" data-start=\"1096\" data-end=\"1694\">\n<thead data-start=\"1096\" data-end=\"1162\">\n<tr data-start=\"1096\" data-end=\"1162\">\n<th data-start=\"1096\" data-end=\"1116\" data-col-size=\"sm\">Par\u00e1metro<\/th>\n<th data-start=\"1116\" data-end=\"1162\" data-col-size=\"md\">Gama<\/th>\n<\/tr>\n<\/thead>\n<tbody data-start=\"1230\" data-end=\"1694\">\n<tr data-start=\"1230\" data-end=\"1296\">\n<td data-start=\"1230\" data-end=\"1250\" data-col-size=\"sm\">Tallas<\/td>\n<td data-start=\"1250\" data-end=\"1296\" data-col-size=\"md\">\u00bd\u2033 - 48\u2033 (DN15 - DN1200)<\/td>\n<\/tr>\n<tr data-start=\"1297\" data-end=\"1362\">\n<td data-start=\"1297\" data-end=\"1317\" data-col-size=\"sm\">Espesor de pared<\/td>\n<td data-start=\"1317\" data-end=\"1362\" data-col-size=\"md\">SCH10S - SCH160 \/ XXS<\/td>\n<\/tr>\n<tr data-start=\"1363\" data-end=\"1429\">\n<td data-start=\"1363\" data-end=\"1383\" data-col-size=\"sm\">\u00c1ngulos de curvatura<\/td>\n<td data-col-size=\"md\" data-start=\"1383\" data-end=\"1429\">45\u00b0, 90\u00b0, 180\u00b0<\/td>\n<\/tr>\n<tr data-start=\"1430\" data-end=\"1495\">\n<td data-start=\"1430\" data-end=\"1450\" data-col-size=\"sm\">Tipo de radio<\/td>\n<td data-col-size=\"md\" data-start=\"1450\" data-end=\"1495\">Radio corto (R=1D), Radio largo (R=1,5D)<\/td>\n<\/tr>\n<tr data-start=\"1496\" data-end=\"1562\">\n<td data-start=\"1496\" data-end=\"1516\" data-col-size=\"sm\">Grados de material<\/td>\n<td data-col-size=\"md\" data-start=\"1516\" data-end=\"1562\">304, 304L, 316, 316L, 321, 310S, 904L<\/td>\n<\/tr>\n<tr data-start=\"1563\" data-end=\"1628\">\n<td data-start=\"1563\" data-end=\"1583\" data-col-size=\"sm\">Normas<\/td>\n<td data-start=\"1583\" data-end=\"1628\" data-col-size=\"md\">ASME B16.9 \/ MSS-SP-43 \/ DIN \/ JIS<\/td>\n<\/tr>\n<tr data-start=\"1629\" data-end=\"1694\">\n<td data-start=\"1629\" data-end=\"1649\" data-col-size=\"sm\">Acabado superficial<\/td>\n<td data-col-size=\"md\" data-start=\"1649\" data-end=\"1694\">Decapado, arenado, pulido<\/td>\n<\/tr>\n<\/tbody>\n<\/table>\n<div class=\"sticky end-(--thread-content-margin) h-0 self-end select-none\">\n<div class=\"absolute end-0 flex items-end\"><\/div>\n<\/div>\n<\/div>\n<\/div>\n<h2 data-start=\"1701\" data-end=\"1729\">Proceso de fabricaci\u00f3n<\/h2>\n<ol data-start=\"1730\" data-end=\"1896\">\n<li data-start=\"1730\" data-end=\"1755\">\n<p data-start=\"1733\" data-end=\"1755\">Corte de materias primas<\/p>\n<\/li>\n<li data-start=\"1756\" data-end=\"1788\">\n<p data-start=\"1759\" data-end=\"1788\">Empuje en caliente o conformado en fr\u00edo<\/p>\n<\/li>\n<li data-start=\"1789\" data-end=\"1808\">\n<p data-start=\"1792\" data-end=\"1808\">Tratamiento t\u00e9rmico<\/p>\n<\/li>\n<li data-start=\"1809\" data-end=\"1831\">\n<p data-start=\"1812\" data-end=\"1831\">Acabado de superficies<\/p>\n<\/li>\n<li data-start=\"1832\" data-end=\"1869\">\n<p data-start=\"1835\" data-end=\"1869\">Pruebas dimensionales y de presi\u00f3n<\/p>\n<\/li>\n<li data-start=\"1870\" data-end=\"1896\">\n<p data-start=\"1873\" data-end=\"1896\">Marcado y envasado<\/p>\n<\/li>\n<\/ol>\n<h2 data-start=\"1903\" data-end=\"1928\">Subtipos disponibles<\/h2>\n<ul data-start=\"1929\" data-end=\"2200\">\n<li data-start=\"1929\" data-end=\"2018\">\n<p data-start=\"1931\" data-end=\"2018\">\ud83d\udd39 <a href=\"https:\/\/yunming-metal.com\/es\/producto\/codo-de-acero-inoxidable-de-45-grados\/\">Codo de acero inoxidable de 45<\/a><\/p>\n<\/li>\n<li data-start=\"2019\" data-end=\"2108\">\n<p data-start=\"2021\" data-end=\"2108\">\ud83d\udd39 <a class=\"cursor-pointer\" href=\"https:\/\/yunming-metal.com\/es\/producto\/codo-de-90-grados\/\" target=\"_new\" rel=\"noopener\" data-start=\"2024\" data-end=\"2106\">Codo de acero inoxidable de 90<\/a><\/p>\n<\/li>\n<li data-start=\"2109\" data-end=\"2200\">\n<p data-start=\"2111\" data-end=\"2200\">\ud83d\udd39<a href=\"https:\/\/yunming-metal.com\/es\/producto\/codo-de-180-grados-de-acero-inoxidable\/\"> Codo de acero inoxidable de 180<\/a><\/p>\n<\/li>\n<\/ul>\n<h2 data-start=\"2207\" data-end=\"2215\">PREGUNTAS FRECUENTES<\/h2>\n<p data-start=\"2217\" data-end=\"2426\"><strong data-start=\"2217\" data-end=\"2292\">P1: \u00bfQu\u00e9 diferencia hay entre los codos de radio corto y los de radio largo?<\/strong><br data-start=\"2292\" data-end=\"2295\" \/>R: Los codos de radio corto (R=1D) tienen una curvatura m\u00e1s cerrada, mientras que los codos de radio largo (R=1,5D) ofrecen un caudal m\u00e1s suave y una menor ca\u00edda de presi\u00f3n.<\/p>\n<p data-start=\"2428\" data-end=\"2606\"><strong data-start=\"2428\" data-end=\"2490\">P2: \u00bfPueden suministrar codos con espesores de pared personalizados?<\/strong><br data-start=\"2490\" data-end=\"2493\" \/>R: S\u00ed, fabricamos codos de acuerdo con sus requisitos espec\u00edficos de grosor de pared, programa y biselado de los extremos.<\/p>\n<p data-start=\"2608\" data-end=\"2740\"><strong data-start=\"2608\" data-end=\"2660\">P3: \u00bfHay codos disponibles con certificados de ensayo?<\/strong><br data-start=\"2660\" data-end=\"2663\" \/>R: Por supuesto. Suministramos certificados MTC 3.1, END y otros certificados a petici\u00f3n del cliente.<\/p>\n<p data-start=\"2742\" data-end=\"2929\"><strong data-start=\"2742\" data-end=\"2809\">P4: \u00bfSon compatibles con materiales especiales como Duplex o 904L?<\/strong><br data-start=\"2809\" data-end=\"2812\" \/>R: S\u00ed, suministramos codos de acero inoxidable en calidades especiales como Duplex 2205, Super Duplex 2507, 904L, etc.<\/p>\n<p data-start=\"2931\" data-end=\"3093\"><strong data-start=\"2931\" data-end=\"2996\">P5: \u00bfPueden suministrarse los codos con n\u00famero de colada y trazabilidad?<\/strong><br data-start=\"2996\" data-end=\"2999\" \/>R: S\u00ed, todos los codos est\u00e1n marcados con n\u00fameros t\u00e9rmicos y son totalmente trazables durante toda la producci\u00f3n.<\/p>\n<h2 data-start=\"3100\" data-end=\"3128\">\u00bfA\u00fan tiene preguntas?<\/h2>\n<p data-start=\"3129\" data-end=\"3320\">No dude en <a href=\"https:\/\/yunming-metal.com\/es\/pongase-en-contacto-con\/\">Contacto<\/a> para obtener m\u00e1s informaci\u00f3n o comentar sus necesidades de racores de codo personalizados. Nuestro equipo de asistencia t\u00e9cnica est\u00e1 a su disposici\u00f3n para ayudarle con las especificaciones, las certificaciones y la entrega.<\/p>","protected":false},"excerpt":{"rendered":"<p>Yunming Metal suministra codos de acero inoxidable en \u00e1ngulos de 45\u00b0, 90\u00b0 y 180\u00b0 con opciones de radio corto y largo. Disponibles en varios grados y tama\u00f1os, nuestros codos cumplen con las normas internacionales y son adecuados para las industrias de petr\u00f3leo y gas, qu\u00edmica y marina.<\/p>","protected":false},"featured_media":4790,"comment_status":"open","ping_status":"closed","template":"","meta":{"site-sidebar-layout":"default","site-content-layout":"","ast-site-content-layout":"default","site-content-style":"default","site-sidebar-style":"default","ast-global-header-display":"","ast-banner-title-visibility":"","ast-main-header-display":"","ast-hfb-above-header-display":"","ast-hfb-below-header-display":"","ast-hfb-mobile-header-display":"","site-post-title":"","ast-breadcrumbs-content":"","ast-featured-img":"","footer-sml-layout":"","theme-transparent-header-meta":"default","adv-header-id-meta":"","stick-header-meta":"","header-above-stick-meta":"","header-main-stick-meta":"","header-below-stick-meta":"","astra-migrate-meta-layouts":"set","ast-page-background-enabled":"default","ast-page-background-meta":{"desktop":{"background-color":"","background-image":"","background-repeat":"repeat","background-position":"center center","background-size":"auto","background-attachment":"scroll","background-type":"","background-media":"","overlay-type":"","overlay-color":"","overlay-opacity":"","overlay-gradient":""},"tablet":{"background-color":"","background-image":"","background-repeat":"repeat","background-position":"center center","background-size":"auto","background-attachment":"scroll","background-type":"","background-media":"","overlay-type":"","overlay-color":"","overlay-opacity":"","overlay-gradient":""},"mobile":{"background-color":"","background-image":"","background-repeat":"repeat","background-position":"center center","background-size":"auto","background-attachment":"scroll","background-type":"","background-media":"","overlay-type":"","overlay-color":"","overlay-opacity":"","overlay-gradient":""}},"ast-content-background-meta":{"desktop":{"background-color":"var(--ast-global-color-5)","background-image":"","background-repeat":"repeat","background-position":"center center","background-size":"auto","background-attachment":"scroll","background-type":"","background-media":"","overlay-type":"","overlay-color":"","overlay-opacity":"","overlay-gradient":""},"tablet":{"background-color":"var(--ast-global-color-5)","background-image":"","background-repeat":"repeat","background-position":"center center","background-size":"auto","background-attachment":"scroll","background-type":"","background-media":"","overlay-type":"","overlay-color":"","overlay-opacity":"","overlay-gradient":""},"mobile":{"background-color":"var(--ast-global-color-5)","background-image":"","background-repeat":"repeat","background-position":"center center","background-size":"auto","background-attachment":"scroll","background-type":"","background-media":"","overlay-type":"","overlay-color":"","overlay-opacity":"","overlay-gradient":""}}},"product_brand":[],"product_cat":[29],"product_tag":[],"class_list":{"0":"post-4789","1":"product","2":"type-product","3":"status-publish","4":"has-post-thumbnail","6":"product_cat-stainless-steel-pipe-fittings","7":"desktop-align-left","8":"tablet-align-left","9":"mobile-align-left","11":"first","12":"instock","13":"shipping-taxable","14":"product-type-simple"},"yoast_head":"<!-- This site is optimized with the Yoast SEO Premium plugin v24.9 (Yoast SEO v26.8) - https:\/\/yoast.com\/product\/yoast-seo-premium-wordpress\/ -->\n<title>Stainless Steel Elbow \u2013 45\u00b0 90\u00b0 180\u00b0 Pipe Fittings<\/title>\n<meta name=\"description\" content=\"Discover our range of stainless steel elbows in 45\u00b0, 90\u00b0, and 180\u00b0 angles. Suitable for industrial piping systems with excellent corrosion resistance and durability.\" \/>\n<meta name=\"robots\" content=\"index, follow, max-snippet:-1, max-image-preview:large, max-video-preview:-1\" \/>\n<link rel=\"canonical\" href=\"https:\/\/yunming-metal.com\/es\/producto\/codo-de-acero-inoxidable\/\" \/>\n<meta property=\"og:locale\" content=\"es_ES\" \/>\n<meta property=\"og:type\" content=\"article\" \/>\n<meta property=\"og:title\" content=\"Stainless Steel Elbow\" \/>\n<meta property=\"og:description\" content=\"Discover our range of stainless steel elbows in 45\u00b0, 90\u00b0, and 180\u00b0 angles. Suitable for industrial piping systems with excellent corrosion resistance and durability.\" \/>\n<meta property=\"og:url\" content=\"https:\/\/yunming-metal.com\/es\/producto\/codo-de-acero-inoxidable\/\" \/>\n<meta property=\"og:site_name\" content=\"Yunming Metal - Stainless Steel Manufacturer &amp; Supplier\" \/>\n<meta property=\"article:publisher\" content=\"https:\/\/www.facebook.com\/YunmingMetal\" \/>\n<meta property=\"article:modified_time\" content=\"2025-06-01T14:14:47+00:00\" \/>\n<meta property=\"og:image\" content=\"https:\/\/yunming-metal.com\/wp-content\/uploads\/2025\/06\/stainless-steel-45-90-180-degree-elbow-fittings.png\" \/>\n\t<meta property=\"og:image:width\" content=\"800\" \/>\n\t<meta property=\"og:image:height\" content=\"800\" \/>\n\t<meta property=\"og:image:type\" content=\"image\/png\" \/>\n<meta name=\"twitter:card\" content=\"summary_large_image\" \/>\n<meta name=\"twitter:site\" content=\"@fan_yunmimetal\" \/>\n<meta name=\"twitter:label1\" content=\"Tiempo de lectura\" \/>\n\t<meta name=\"twitter:data1\" content=\"3 minutos\" \/>\n<script type=\"application\/ld+json\" class=\"yoast-schema-graph\">{\"@context\":\"https:\/\/schema.org\",\"@graph\":[{\"@type\":\"WebPage\",\"@id\":\"https:\/\/yunming-metal.com\/product\/stainless-steel-elbow\/\",\"url\":\"https:\/\/yunming-metal.com\/product\/stainless-steel-elbow\/\",\"name\":\"Stainless Steel Elbow \u2013 45\u00b0 90\u00b0 180\u00b0 Pipe Fittings\",\"isPartOf\":{\"@id\":\"https:\/\/yunming-metal.com\/#website\"},\"primaryImageOfPage\":{\"@id\":\"https:\/\/yunming-metal.com\/product\/stainless-steel-elbow\/#primaryimage\"},\"image\":{\"@id\":\"https:\/\/yunming-metal.com\/product\/stainless-steel-elbow\/#primaryimage\"},\"thumbnailUrl\":\"https:\/\/yunming-metal.com\/wp-content\/uploads\/2025\/06\/stainless-steel-45-90-180-degree-elbow-fittings.png\",\"datePublished\":\"2025-06-01T14:14:46+00:00\",\"dateModified\":\"2025-06-01T14:14:47+00:00\",\"description\":\"Discover our range of stainless steel elbows in 45\u00b0, 90\u00b0, and 180\u00b0 angles. Suitable for industrial piping systems with excellent corrosion resistance and durability.\",\"breadcrumb\":{\"@id\":\"https:\/\/yunming-metal.com\/product\/stainless-steel-elbow\/#breadcrumb\"},\"inLanguage\":\"es\",\"potentialAction\":[{\"@type\":\"ReadAction\",\"target\":[\"https:\/\/yunming-metal.com\/product\/stainless-steel-elbow\/\"]}]},{\"@type\":\"ImageObject\",\"inLanguage\":\"es\",\"@id\":\"https:\/\/yunming-metal.com\/product\/stainless-steel-elbow\/#primaryimage\",\"url\":\"https:\/\/yunming-metal.com\/wp-content\/uploads\/2025\/06\/stainless-steel-45-90-180-degree-elbow-fittings.png\",\"contentUrl\":\"https:\/\/yunming-metal.com\/wp-content\/uploads\/2025\/06\/stainless-steel-45-90-180-degree-elbow-fittings.png\",\"width\":800,\"height\":800,\"caption\":\"YUNMING stainless steel elbow fittings in 45-degree, 90-degree, and 180-degree angles, used for industrial pipe systems\"},{\"@type\":\"BreadcrumbList\",\"@id\":\"https:\/\/yunming-metal.com\/product\/stainless-steel-elbow\/#breadcrumb\",\"itemListElement\":[{\"@type\":\"ListItem\",\"position\":1,\"name\":\"\u9996\u9875\",\"item\":\"https:\/\/yunming-metal.com\/\"},{\"@type\":\"ListItem\",\"position\":2,\"name\":\"Products\",\"item\":\"https:\/\/yunming-metal.com\/shop\/\"},{\"@type\":\"ListItem\",\"position\":3,\"name\":\"Stainless Steel Elbow\"}]},{\"@type\":\"WebSite\",\"@id\":\"https:\/\/yunming-metal.com\/#website\",\"url\":\"https:\/\/yunming-metal.com\/\",\"name\":\"yunming-metal.com\",\"description\":\"High-Quality Stainless Steel Pipes, Plates &amp; Flanges\",\"publisher\":{\"@id\":\"https:\/\/yunming-metal.com\/#organization\"},\"potentialAction\":[{\"@type\":\"SearchAction\",\"target\":{\"@type\":\"EntryPoint\",\"urlTemplate\":\"https:\/\/yunming-metal.com\/?s={search_term_string}\"},\"query-input\":{\"@type\":\"PropertyValueSpecification\",\"valueRequired\":true,\"valueName\":\"search_term_string\"}}],\"inLanguage\":\"es\"},{\"@type\":\"Organization\",\"@id\":\"https:\/\/yunming-metal.com\/#organization\",\"name\":\"Yunming MetalY\",\"alternateName\":\"Yunming Stainless Steel\",\"url\":\"https:\/\/yunming-metal.com\/\",\"logo\":{\"@type\":\"ImageObject\",\"inLanguage\":\"es\",\"@id\":\"https:\/\/yunming-metal.com\/#\/schema\/logo\/image\/\",\"url\":\"https:\/\/yunming-metal.com\/wp-content\/uploads\/2025\/04\/yunming-metal-logo-featuring-a-minimalist-am-design-representing.png\",\"contentUrl\":\"https:\/\/yunming-metal.com\/wp-content\/uploads\/2025\/04\/yunming-metal-logo-featuring-a-minimalist-am-design-representing.png\",\"width\":300,\"height\":300,\"caption\":\"Yunming MetalY\"},\"image\":{\"@id\":\"https:\/\/yunming-metal.com\/#\/schema\/logo\/image\/\"},\"sameAs\":[\"https:\/\/www.facebook.com\/YunmingMetal\",\"https:\/\/x.com\/fan_yunmimetal\",\"https:\/\/www.linkedin.com\/company\/yunming-metal\/\",\"https:\/\/www.instagram.com\/nora_jiang8\/\",\"https:\/\/www.youtube.com\/@yunmingmetal1\",\"https:\/\/www.tiktok.com\/@yunming_metal\"]}]}<\/script>\n<!-- \/ Yoast SEO Premium plugin. -->","yoast_head_json":{"title":"Stainless Steel Elbow \u2013 45\u00b0 90\u00b0 180\u00b0 Pipe Fittings","description":"Discover our range of stainless steel elbows in 45\u00b0, 90\u00b0, and 180\u00b0 angles. Suitable for industrial piping systems with excellent corrosion resistance and durability.","robots":{"index":"index","follow":"follow","max-snippet":"max-snippet:-1","max-image-preview":"max-image-preview:large","max-video-preview":"max-video-preview:-1"},"canonical":"https:\/\/yunming-metal.com\/es\/producto\/codo-de-acero-inoxidable\/","og_locale":"es_ES","og_type":"article","og_title":"Stainless Steel Elbow","og_description":"Discover our range of stainless steel elbows in 45\u00b0, 90\u00b0, and 180\u00b0 angles. Suitable for industrial piping systems with excellent corrosion resistance and durability.","og_url":"https:\/\/yunming-metal.com\/es\/producto\/codo-de-acero-inoxidable\/","og_site_name":"Yunming Metal - Stainless Steel Manufacturer &amp; Supplier","article_publisher":"https:\/\/www.facebook.com\/YunmingMetal","article_modified_time":"2025-06-01T14:14:47+00:00","og_image":[{"width":800,"height":800,"url":"https:\/\/yunming-metal.com\/wp-content\/uploads\/2025\/06\/stainless-steel-45-90-180-degree-elbow-fittings.png","type":"image\/png"}],"twitter_card":"summary_large_image","twitter_site":"@fan_yunmimetal","twitter_misc":{"Tiempo de lectura":"3 minutos"},"schema":{"@context":"https:\/\/schema.org","@graph":[{"@type":"WebPage","@id":"https:\/\/yunming-metal.com\/product\/stainless-steel-elbow\/","url":"https:\/\/yunming-metal.com\/product\/stainless-steel-elbow\/","name":"Stainless Steel Elbow \u2013 45\u00b0 90\u00b0 180\u00b0 Pipe Fittings","isPartOf":{"@id":"https:\/\/yunming-metal.com\/#website"},"primaryImageOfPage":{"@id":"https:\/\/yunming-metal.com\/product\/stainless-steel-elbow\/#primaryimage"},"image":{"@id":"https:\/\/yunming-metal.com\/product\/stainless-steel-elbow\/#primaryimage"},"thumbnailUrl":"https:\/\/yunming-metal.com\/wp-content\/uploads\/2025\/06\/stainless-steel-45-90-180-degree-elbow-fittings.png","datePublished":"2025-06-01T14:14:46+00:00","dateModified":"2025-06-01T14:14:47+00:00","description":"Discover our range of stainless steel elbows in 45\u00b0, 90\u00b0, and 180\u00b0 angles. Suitable for industrial piping systems with excellent corrosion resistance and durability.","breadcrumb":{"@id":"https:\/\/yunming-metal.com\/product\/stainless-steel-elbow\/#breadcrumb"},"inLanguage":"es","potentialAction":[{"@type":"ReadAction","target":["https:\/\/yunming-metal.com\/product\/stainless-steel-elbow\/"]}]},{"@type":"ImageObject","inLanguage":"es","@id":"https:\/\/yunming-metal.com\/product\/stainless-steel-elbow\/#primaryimage","url":"https:\/\/yunming-metal.com\/wp-content\/uploads\/2025\/06\/stainless-steel-45-90-180-degree-elbow-fittings.png","contentUrl":"https:\/\/yunming-metal.com\/wp-content\/uploads\/2025\/06\/stainless-steel-45-90-180-degree-elbow-fittings.png","width":800,"height":800,"caption":"YUNMING stainless steel elbow fittings in 45-degree, 90-degree, and 180-degree angles, used for industrial pipe systems"},{"@type":"BreadcrumbList","@id":"https:\/\/yunming-metal.com\/product\/stainless-steel-elbow\/#breadcrumb","itemListElement":[{"@type":"ListItem","position":1,"name":"\u9996\u9875","item":"https:\/\/yunming-metal.com\/"},{"@type":"ListItem","position":2,"name":"Products","item":"https:\/\/yunming-metal.com\/shop\/"},{"@type":"ListItem","position":3,"name":"Stainless Steel Elbow"}]},{"@type":"WebSite","@id":"https:\/\/yunming-metal.com\/#website","url":"https:\/\/yunming-metal.com\/","name":"yunming-metal.com","description":"High-Quality Stainless Steel Pipes, Plates &amp; Flanges","publisher":{"@id":"https:\/\/yunming-metal.com\/#organization"},"potentialAction":[{"@type":"SearchAction","target":{"@type":"EntryPoint","urlTemplate":"https:\/\/yunming-metal.com\/?s={search_term_string}"},"query-input":{"@type":"PropertyValueSpecification","valueRequired":true,"valueName":"search_term_string"}}],"inLanguage":"es"},{"@type":"Organization","@id":"https:\/\/yunming-metal.com\/#organization","name":"Yunming MetalY","alternateName":"Yunming Stainless Steel","url":"https:\/\/yunming-metal.com\/","logo":{"@type":"ImageObject","inLanguage":"es","@id":"https:\/\/yunming-metal.com\/#\/schema\/logo\/image\/","url":"https:\/\/yunming-metal.com\/wp-content\/uploads\/2025\/04\/yunming-metal-logo-featuring-a-minimalist-am-design-representing.png","contentUrl":"https:\/\/yunming-metal.com\/wp-content\/uploads\/2025\/04\/yunming-metal-logo-featuring-a-minimalist-am-design-representing.png","width":300,"height":300,"caption":"Yunming MetalY"},"image":{"@id":"https:\/\/yunming-metal.com\/#\/schema\/logo\/image\/"},"sameAs":["https:\/\/www.facebook.com\/YunmingMetal","https:\/\/x.com\/fan_yunmimetal","https:\/\/www.linkedin.com\/company\/yunming-metal\/","https:\/\/www.instagram.com\/nora_jiang8\/","https:\/\/www.youtube.com\/@yunmingmetal1","https:\/\/www.tiktok.com\/@yunming_metal"]}]}},"_links":{"self":[{"href":"https:\/\/yunming-metal.com\/es\/wp-json\/wp\/v2\/product\/4789","targetHints":{"allow":["GET"]}}],"collection":[{"href":"https:\/\/yunming-metal.com\/es\/wp-json\/wp\/v2\/product"}],"about":[{"href":"https:\/\/yunming-metal.com\/es\/wp-json\/wp\/v2\/types\/product"}],"replies":[{"embeddable":true,"href":"https:\/\/yunming-metal.com\/es\/wp-json\/wp\/v2\/comments?post=4789"}],"wp:featuredmedia":[{"embeddable":true,"href":"https:\/\/yunming-metal.com\/es\/wp-json\/wp\/v2\/media\/4790"}],"wp:attachment":[{"href":"https:\/\/yunming-metal.com\/es\/wp-json\/wp\/v2\/media?parent=4789"}],"wp:term":[{"taxonomy":"product_brand","embeddable":true,"href":"https:\/\/yunming-metal.com\/es\/wp-json\/wp\/v2\/product_brand?post=4789"},{"taxonomy":"product_cat","embeddable":true,"href":"https:\/\/yunming-metal.com\/es\/wp-json\/wp\/v2\/product_cat?post=4789"},{"taxonomy":"product_tag","embeddable":true,"href":"https:\/\/yunming-metal.com\/es\/wp-json\/wp\/v2\/product_tag?post=4789"}],"curies":[{"name":"wp","href":"https:\/\/api.w.org\/{rel}","templated":true}]}}