{"id":4796,"date":"2025-06-01T22:49:08","date_gmt":"2025-06-01T14:49:08","guid":{"rendered":"https:\/\/yunming-metal.com\/?post_type=product&#038;p=4796"},"modified":"2025-06-01T22:49:59","modified_gmt":"2025-06-01T14:49:59","slug":"stainless-steel-reducer","status":"publish","type":"product","link":"https:\/\/yunming-metal.com\/es\/producto\/reductor-de-acero-inoxidable\/","title":{"rendered":"Reductor de acero inoxidable"},"content":{"rendered":"<h2 data-start=\"203\" data-end=\"226\">Productos<\/h2>\n<p data-start=\"227\" data-end=\"611\">Los reductores de acero inoxidable son accesorios esenciales utilizados para conectar tuber\u00edas de diferentes di\u00e1metros en sistemas de tuber\u00edas. Ayudan a mantener transiciones de flujo suaves, reducen la p\u00e9rdida de presi\u00f3n y evitan las turbulencias. Existen dos tipos principales de reductores: <strong data-start=\"462\" data-end=\"484\">Reductor conc\u00e9ntrico<\/strong> (l\u00ednea central alineada) y <strong data-start=\"510\" data-end=\"531\">Reductor exc\u00e9ntrico<\/strong> (l\u00ednea central desplazada), cada una de ellas adecuada para aplicaciones espec\u00edficas de flujo y drenaje.<\/p>\n<h2 data-start=\"618\" data-end=\"642\">\u00c1mbitos de aplicaci\u00f3n<\/h2>\n<ul data-start=\"643\" data-end=\"866\">\n<li data-start=\"643\" data-end=\"666\">\n<p data-start=\"645\" data-end=\"666\">Oleoductos y gasoductos<\/p>\n<\/li>\n<li data-start=\"667\" data-end=\"708\">\n<p data-start=\"669\" data-end=\"708\">Industria qu\u00edmica y petroqu\u00edmica<\/p>\n<\/li>\n<li data-start=\"709\" data-end=\"744\">\n<p data-start=\"711\" data-end=\"744\">Centrales el\u00e9ctricas y sectores energ\u00e9ticos<\/p>\n<\/li>\n<li data-start=\"745\" data-end=\"780\">\n<p data-start=\"747\" data-end=\"780\">Construcci\u00f3n naval y sistemas marinos<\/p>\n<\/li>\n<li data-start=\"781\" data-end=\"817\">\n<p data-start=\"783\" data-end=\"817\">Sistemas de climatizaci\u00f3n y tratamiento de aguas<\/p>\n<\/li>\n<li data-start=\"818\" data-end=\"866\">\n<p data-start=\"820\" data-end=\"866\">Alimentos, bebidas y productos farmac\u00e9uticos<\/p>\n<\/li>\n<\/ul>\n<h2 data-start=\"873\" data-end=\"896\">Caracter\u00edsticas del producto<\/h2>\n<ul data-start=\"897\" data-end=\"1282\">\n<li data-start=\"897\" data-end=\"936\">\n<p data-start=\"899\" data-end=\"936\">De dos tipos: Conc\u00e9ntrico y Exc\u00e9ntrico<\/p>\n<\/li>\n<li data-start=\"937\" data-end=\"984\">\n<p data-start=\"939\" data-end=\"984\">Superficie interior lisa para reducir las turbulencias<\/p>\n<\/li>\n<li data-start=\"985\" data-end=\"1024\">\n<p data-start=\"987\" data-end=\"1024\">Extremos mecanizados y biselados con precisi\u00f3n<\/p>\n<\/li>\n<li data-start=\"1025\" data-end=\"1077\">\n<p data-start=\"1027\" data-end=\"1077\">Disponible para instalaci\u00f3n a tope o sin soldadura<\/p>\n<\/li>\n<li data-start=\"1078\" data-end=\"1123\">\n<p data-start=\"1080\" data-end=\"1123\">Compatible con las normas ASME, DIN, JIS y EN<\/p>\n<\/li>\n<li data-start=\"1124\" data-end=\"1181\">\n<p data-start=\"1126\" data-end=\"1181\">Fabricado en acero inoxidable resistente a la corrosi\u00f3n<\/p>\n<\/li>\n<li data-start=\"1182\" data-end=\"1229\">\n<p data-start=\"1184\" data-end=\"1229\">Disponible en varios grosores y tama\u00f1os<\/p>\n<\/li>\n<li data-start=\"1230\" data-end=\"1282\">\n<p data-start=\"1232\" data-end=\"1282\">Tama\u00f1os y tolerancias personalizados disponibles bajo pedido<\/p>\n<\/li>\n<\/ul>\n<h2 data-start=\"1289\" data-end=\"1318\">Especificaciones t\u00e9cnicas<\/h2>\n<div class=\"_tableContainer_16hzy_1\">\n<div class=\"_tableWrapper_16hzy_14 group flex w-fit flex-col-reverse\" tabindex=\"-1\">\n<table class=\"w-fit min-w-(--thread-content-width)\" data-start=\"1320\" data-end=\"1926\">\n<thead data-start=\"1320\" data-end=\"1387\">\n<tr data-start=\"1320\" data-end=\"1387\">\n<th data-start=\"1320\" data-end=\"1342\" data-col-size=\"sm\">Par\u00e1metro<\/th>\n<th data-start=\"1342\" data-end=\"1387\" data-col-size=\"sm\">Gama<\/th>\n<\/tr>\n<\/thead>\n<tbody data-start=\"1456\" data-end=\"1926\">\n<tr data-start=\"1456\" data-end=\"1523\">\n<td data-start=\"1456\" data-end=\"1478\" data-col-size=\"sm\">Di\u00e1metro<\/td>\n<td data-col-size=\"sm\" data-start=\"1478\" data-end=\"1523\">\u00bd\u2033 \u00d7 \u00bc\u2033 - 48\u2033 \u00d7 40\u2033 (DN15-DN1200)<\/td>\n<\/tr>\n<tr data-start=\"1524\" data-end=\"1590\">\n<td data-start=\"1524\" data-end=\"1546\" data-col-size=\"sm\">Espesor de pared<\/td>\n<td data-col-size=\"sm\" data-start=\"1546\" data-end=\"1590\">SCH10S - SCH160 \/ XXS<\/td>\n<\/tr>\n<tr data-start=\"1591\" data-end=\"1657\">\n<td data-start=\"1591\" data-end=\"1613\" data-col-size=\"sm\">Tipos<\/td>\n<td data-col-size=\"sm\" data-start=\"1613\" data-end=\"1657\">Reductor conc\u00e9ntrico \/ Reductor exc\u00e9ntrico<\/td>\n<\/tr>\n<tr data-start=\"1658\" data-end=\"1724\">\n<td data-start=\"1658\" data-end=\"1680\" data-col-size=\"sm\">Tipo final<\/td>\n<td data-start=\"1680\" data-end=\"1724\" data-col-size=\"sm\">Extremo biselado \/ liso<\/td>\n<\/tr>\n<tr data-start=\"1725\" data-end=\"1792\">\n<td data-start=\"1725\" data-end=\"1747\" data-col-size=\"sm\">Grados de material<\/td>\n<td data-col-size=\"sm\" data-start=\"1747\" data-end=\"1792\">304, 304L, 316, 316L, 321, 310S, 904L<\/td>\n<\/tr>\n<tr data-start=\"1793\" data-end=\"1859\">\n<td data-start=\"1793\" data-end=\"1815\" data-col-size=\"sm\">Normas<\/td>\n<td data-col-size=\"sm\" data-start=\"1815\" data-end=\"1859\">ASME B16.9, MSS-SP-43, DIN, JIS<\/td>\n<\/tr>\n<tr data-start=\"1860\" data-end=\"1926\">\n<td data-start=\"1860\" data-end=\"1882\" data-col-size=\"sm\">Acabado superficial<\/td>\n<td data-col-size=\"sm\" data-start=\"1882\" data-end=\"1926\">Decapado, arenado, pulido<\/td>\n<\/tr>\n<\/tbody>\n<\/table>\n<div class=\"sticky end-(--thread-content-margin) h-0 self-end select-none\">\n<div class=\"absolute end-0 flex items-end\"><\/div>\n<\/div>\n<\/div>\n<\/div>\n<h2 data-start=\"1933\" data-end=\"1961\">Proceso de fabricaci\u00f3n<\/h2>\n<ol data-start=\"1962\" data-end=\"2141\">\n<li data-start=\"1962\" data-end=\"1995\">\n<p data-start=\"1965\" data-end=\"1995\">Corte de tubos de acero inoxidable<\/p>\n<\/li>\n<li data-start=\"1996\" data-end=\"2029\">\n<p data-start=\"1999\" data-end=\"2029\">Conformado en fr\u00edo o prensado en caliente<\/p>\n<\/li>\n<li data-start=\"2030\" data-end=\"2049\">\n<p data-start=\"2033\" data-end=\"2049\">Tratamiento t\u00e9rmico<\/p>\n<\/li>\n<li data-start=\"2050\" data-end=\"2086\">\n<p data-start=\"2053\" data-end=\"2086\">Mecanizado y acabado de superficies<\/p>\n<\/li>\n<li data-start=\"2087\" data-end=\"2114\">\n<p data-start=\"2090\" data-end=\"2114\">Control dimensional<\/p>\n<\/li>\n<li data-start=\"2115\" data-end=\"2141\">\n<p data-start=\"2118\" data-end=\"2141\">Marcado y envasado<\/p>\n<\/li>\n<\/ol>\n<h2 data-start=\"2148\" data-end=\"2173\">Subtipos disponibles<\/h2>\n<ul data-start=\"2174\" data-end=\"2373\">\n<li data-start=\"2174\" data-end=\"2275\">\n<p data-start=\"2176\" data-end=\"2275\">\ud83d\udd39 <a class=\"cursor-pointer\" href=\"https:\/\/yunming-metal.com\/es\/producto\/reductor-concentrico-de-acero-inoxidable\/\" target=\"_new\" rel=\"noopener\" data-start=\"2179\" data-end=\"2273\">Reductor conc\u00e9ntrico de acero inoxidable<\/a><\/p>\n<\/li>\n<li data-start=\"2276\" data-end=\"2373\">\n<p data-start=\"2278\" data-end=\"2373\">\ud83d\udd39 <a class=\"cursor-pointer\" href=\"https:\/\/yunming-metal.com\/es\/producto\/reductor-excentrico-de-acero-inoxidable\/\" target=\"_new\" rel=\"noopener\" data-start=\"2281\" data-end=\"2373\">Reductor exc\u00e9ntrico de acero inoxidable<\/a><\/p>\n<\/li>\n<\/ul>\n<h2 data-start=\"2380\" data-end=\"2388\">PREGUNTAS FRECUENTES<\/h2>\n<p data-start=\"2390\" data-end=\"2672\"><strong data-start=\"2390\" data-end=\"2463\">P1: \u00bfCu\u00e1l es la diferencia entre reductores conc\u00e9ntricos y exc\u00e9ntricos?<\/strong><br data-start=\"2463\" data-end=\"2466\" \/>R: Los reductores conc\u00e9ntricos tienen l\u00edneas centrales alineadas y se utilizan en tuber\u00edas verticales. Los reductores exc\u00e9ntricos tienen una l\u00ednea central desplazada, ideal para tuber\u00edas horizontales para evitar la acumulaci\u00f3n de aire o problemas de drenaje.<\/p>\n<p data-start=\"2674\" data-end=\"2845\"><strong data-start=\"2674\" data-end=\"2731\">P2: \u00bfSe pueden utilizar reductores para tuber\u00edas de alta presi\u00f3n?<\/strong><br data-start=\"2731\" data-end=\"2734\" \/>R: S\u00ed. Ofrecemos reductores con espesores de SCH10S a XXS adecuados tanto para sistemas de baja como de alta presi\u00f3n.<\/p>\n<p data-start=\"2847\" data-end=\"3008\"><strong data-start=\"2847\" data-end=\"2899\">P3: \u00bfSon compatibles los reductores con los tubos sin soldadura?<\/strong><br data-start=\"2899\" data-end=\"2902\" \/>R: Por supuesto. Nuestros reductores est\u00e1n disponibles tanto en versi\u00f3n soldada como sin soldadura, en funci\u00f3n de las necesidades del proyecto.<\/p>\n<p data-start=\"3010\" data-end=\"3160\"><strong data-start=\"3010\" data-end=\"3067\">P4: \u00bfVienen los reductores con certificados de ensayo de materiales?<\/strong><br data-start=\"3067\" data-end=\"3070\" \/>R: S\u00ed. Todos los productos incluyen la certificaci\u00f3n MTC 3.1 u otras certificaciones seg\u00fan los requisitos del cliente.<\/p>\n<p data-start=\"3162\" data-end=\"3339\"><strong data-start=\"3162\" data-end=\"3229\">P5: \u00bfPuedo pedir reductores en calidades especiales como 904L o d\u00faplex?<\/strong><br data-start=\"3229\" data-end=\"3232\" \/>R: S\u00ed, fabricamos reductores en aleaciones especiales como Duplex 2205, Super Duplex 2507, 904L, etc.<\/p>\n<h2 data-start=\"3346\" data-end=\"3374\">\u00bfA\u00fan tiene preguntas?<\/h2>\n<p data-start=\"3375\" data-end=\"3561\">No dude en<a href=\"https:\/\/yunming-metal.com\/es\/pongase-en-contacto-con\/\"> Contacto<\/a> para obtener m\u00e1s informaci\u00f3n o comentar sus necesidades de racores reductores. Nuestro equipo de asistencia t\u00e9cnica est\u00e1 a su disposici\u00f3n para ayudarle con las especificaciones, las certificaciones y la entrega.<\/p>","protected":false},"excerpt":{"rendered":"<p data-start=\"3923\" data-end=\"4184\">Yunming Metal suministra reductores de acero inoxidable tanto conc\u00e9ntricos como exc\u00e9ntricos. Dise\u00f1ados para conectar diferentes di\u00e1metros de tuber\u00eda, estos accesorios est\u00e1n disponibles en m\u00faltiples grados, espesores de pared y normas internacionales para su uso en tuber\u00edas industriales.<\/p>","protected":false},"featured_media":4797,"comment_status":"open","ping_status":"closed","template":"","meta":{"site-sidebar-layout":"default","site-content-layout":"","ast-site-content-layout":"default","site-content-style":"default","site-sidebar-style":"default","ast-global-header-display":"","ast-banner-title-visibility":"","ast-main-header-display":"","ast-hfb-above-header-display":"","ast-hfb-below-header-display":"","ast-hfb-mobile-header-display":"","site-post-title":"","ast-breadcrumbs-content":"","ast-featured-img":"","footer-sml-layout":"","theme-transparent-header-meta":"default","adv-header-id-meta":"","stick-header-meta":"","header-above-stick-meta":"","header-main-stick-meta":"","header-below-stick-meta":"","astra-migrate-meta-layouts":"set","ast-page-background-enabled":"default","ast-page-background-meta":{"desktop":{"background-color":"","background-image":"","background-repeat":"repeat","background-position":"center center","background-size":"auto","background-attachment":"scroll","background-type":"","background-media":"","overlay-type":"","overlay-color":"","overlay-opacity":"","overlay-gradient":""},"tablet":{"background-color":"","background-image":"","background-repeat":"repeat","background-position":"center center","background-size":"auto","background-attachment":"scroll","background-type":"","background-media":"","overlay-type":"","overlay-color":"","overlay-opacity":"","overlay-gradient":""},"mobile":{"background-color":"","background-image":"","background-repeat":"repeat","background-position":"center center","background-size":"auto","background-attachment":"scroll","background-type":"","background-media":"","overlay-type":"","overlay-color":"","overlay-opacity":"","overlay-gradient":""}},"ast-content-background-meta":{"desktop":{"background-color":"var(--ast-global-color-5)","background-image":"","background-repeat":"repeat","background-position":"center center","background-size":"auto","background-attachment":"scroll","background-type":"","background-media":"","overlay-type":"","overlay-color":"","overlay-opacity":"","overlay-gradient":""},"tablet":{"background-color":"var(--ast-global-color-5)","background-image":"","background-repeat":"repeat","background-position":"center center","background-size":"auto","background-attachment":"scroll","background-type":"","background-media":"","overlay-type":"","overlay-color":"","overlay-opacity":"","overlay-gradient":""},"mobile":{"background-color":"var(--ast-global-color-5)","background-image":"","background-repeat":"repeat","background-position":"center center","background-size":"auto","background-attachment":"scroll","background-type":"","background-media":"","overlay-type":"","overlay-color":"","overlay-opacity":"","overlay-gradient":""}}},"product_brand":[],"product_cat":[29],"product_tag":[],"class_list":{"0":"post-4796","1":"product","2":"type-product","3":"status-publish","4":"has-post-thumbnail","6":"product_cat-stainless-steel-pipe-fittings","7":"desktop-align-left","8":"tablet-align-left","9":"mobile-align-left","11":"first","12":"instock","13":"shipping-taxable","14":"product-type-simple"},"yoast_head":"<!-- This site is optimized with the Yoast SEO Premium plugin v24.9 (Yoast SEO v26.8) - https:\/\/yoast.com\/product\/yoast-seo-premium-wordpress\/ -->\n<title>Stainless Steel Reducer \u2013 Concentric &amp; Eccentric Type<\/title>\n<meta name=\"description\" content=\"Yunming offers stainless steel reducers in both concentric and eccentric designs, used for connecting pipes of different sizes in industrial applications.\" \/>\n<meta name=\"robots\" content=\"index, follow, max-snippet:-1, max-image-preview:large, max-video-preview:-1\" \/>\n<link rel=\"canonical\" href=\"https:\/\/yunming-metal.com\/es\/producto\/reductor-de-acero-inoxidable\/\" \/>\n<meta property=\"og:locale\" content=\"es_ES\" \/>\n<meta property=\"og:type\" content=\"article\" \/>\n<meta property=\"og:title\" content=\"Stainless Steel Reducer\" \/>\n<meta property=\"og:description\" content=\"Yunming offers stainless steel reducers in both concentric and eccentric designs, used for connecting pipes of different sizes in industrial applications.\" \/>\n<meta property=\"og:url\" content=\"https:\/\/yunming-metal.com\/es\/producto\/reductor-de-acero-inoxidable\/\" \/>\n<meta property=\"og:site_name\" content=\"Yunming Metal - Stainless Steel Manufacturer &amp; Supplier\" \/>\n<meta property=\"article:publisher\" content=\"https:\/\/www.facebook.com\/YunmingMetal\" \/>\n<meta property=\"article:modified_time\" content=\"2025-06-01T14:49:59+00:00\" \/>\n<meta property=\"og:image\" content=\"https:\/\/yunming-metal.com\/wp-content\/uploads\/2025\/06\/concentric-and-eccentric-stainless-steel-reducers.png\" \/>\n\t<meta property=\"og:image:width\" content=\"1024\" \/>\n\t<meta property=\"og:image:height\" content=\"1024\" \/>\n\t<meta property=\"og:image:type\" content=\"image\/png\" \/>\n<meta name=\"twitter:card\" content=\"summary_large_image\" \/>\n<meta name=\"twitter:site\" content=\"@fan_yunmimetal\" \/>\n<meta name=\"twitter:label1\" content=\"Tiempo de lectura\" \/>\n\t<meta name=\"twitter:data1\" content=\"3 minutos\" \/>\n<script type=\"application\/ld+json\" class=\"yoast-schema-graph\">{\"@context\":\"https:\/\/schema.org\",\"@graph\":[{\"@type\":\"WebPage\",\"@id\":\"https:\/\/yunming-metal.com\/product\/stainless-steel-reducer\/\",\"url\":\"https:\/\/yunming-metal.com\/product\/stainless-steel-reducer\/\",\"name\":\"Stainless Steel Reducer \u2013 Concentric & Eccentric Type\",\"isPartOf\":{\"@id\":\"https:\/\/yunming-metal.com\/#website\"},\"primaryImageOfPage\":{\"@id\":\"https:\/\/yunming-metal.com\/product\/stainless-steel-reducer\/#primaryimage\"},\"image\":{\"@id\":\"https:\/\/yunming-metal.com\/product\/stainless-steel-reducer\/#primaryimage\"},\"thumbnailUrl\":\"https:\/\/yunming-metal.com\/wp-content\/uploads\/2025\/06\/concentric-and-eccentric-stainless-steel-reducers.png\",\"datePublished\":\"2025-06-01T14:49:08+00:00\",\"dateModified\":\"2025-06-01T14:49:59+00:00\",\"description\":\"Yunming offers stainless steel reducers in both concentric and eccentric designs, used for connecting pipes of different sizes in industrial applications.\",\"breadcrumb\":{\"@id\":\"https:\/\/yunming-metal.com\/product\/stainless-steel-reducer\/#breadcrumb\"},\"inLanguage\":\"es\",\"potentialAction\":[{\"@type\":\"ReadAction\",\"target\":[\"https:\/\/yunming-metal.com\/product\/stainless-steel-reducer\/\"]}]},{\"@type\":\"ImageObject\",\"inLanguage\":\"es\",\"@id\":\"https:\/\/yunming-metal.com\/product\/stainless-steel-reducer\/#primaryimage\",\"url\":\"https:\/\/yunming-metal.com\/wp-content\/uploads\/2025\/06\/concentric-and-eccentric-stainless-steel-reducers.png\",\"contentUrl\":\"https:\/\/yunming-metal.com\/wp-content\/uploads\/2025\/06\/concentric-and-eccentric-stainless-steel-reducers.png\",\"width\":1024,\"height\":1024,\"caption\":\"Comparison of concentric and eccentric stainless steel reducers for piping applications\"},{\"@type\":\"BreadcrumbList\",\"@id\":\"https:\/\/yunming-metal.com\/product\/stainless-steel-reducer\/#breadcrumb\",\"itemListElement\":[{\"@type\":\"ListItem\",\"position\":1,\"name\":\"\u9996\u9875\",\"item\":\"https:\/\/yunming-metal.com\/\"},{\"@type\":\"ListItem\",\"position\":2,\"name\":\"Products\",\"item\":\"https:\/\/yunming-metal.com\/shop\/\"},{\"@type\":\"ListItem\",\"position\":3,\"name\":\"Stainless Steel Reducer\"}]},{\"@type\":\"WebSite\",\"@id\":\"https:\/\/yunming-metal.com\/#website\",\"url\":\"https:\/\/yunming-metal.com\/\",\"name\":\"yunming-metal.com\",\"description\":\"High-Quality Stainless Steel Pipes, Plates &amp; Flanges\",\"publisher\":{\"@id\":\"https:\/\/yunming-metal.com\/#organization\"},\"potentialAction\":[{\"@type\":\"SearchAction\",\"target\":{\"@type\":\"EntryPoint\",\"urlTemplate\":\"https:\/\/yunming-metal.com\/?s={search_term_string}\"},\"query-input\":{\"@type\":\"PropertyValueSpecification\",\"valueRequired\":true,\"valueName\":\"search_term_string\"}}],\"inLanguage\":\"es\"},{\"@type\":\"Organization\",\"@id\":\"https:\/\/yunming-metal.com\/#organization\",\"name\":\"Yunming MetalY\",\"alternateName\":\"Yunming Stainless Steel\",\"url\":\"https:\/\/yunming-metal.com\/\",\"logo\":{\"@type\":\"ImageObject\",\"inLanguage\":\"es\",\"@id\":\"https:\/\/yunming-metal.com\/#\/schema\/logo\/image\/\",\"url\":\"https:\/\/yunming-metal.com\/wp-content\/uploads\/2025\/04\/yunming-metal-logo-featuring-a-minimalist-am-design-representing.png\",\"contentUrl\":\"https:\/\/yunming-metal.com\/wp-content\/uploads\/2025\/04\/yunming-metal-logo-featuring-a-minimalist-am-design-representing.png\",\"width\":300,\"height\":300,\"caption\":\"Yunming MetalY\"},\"image\":{\"@id\":\"https:\/\/yunming-metal.com\/#\/schema\/logo\/image\/\"},\"sameAs\":[\"https:\/\/www.facebook.com\/YunmingMetal\",\"https:\/\/x.com\/fan_yunmimetal\",\"https:\/\/www.linkedin.com\/company\/yunming-metal\/\",\"https:\/\/www.instagram.com\/nora_jiang8\/\",\"https:\/\/www.youtube.com\/@yunmingmetal1\",\"https:\/\/www.tiktok.com\/@yunming_metal\"]}]}<\/script>\n<!-- \/ Yoast SEO Premium plugin. -->","yoast_head_json":{"title":"Stainless Steel Reducer \u2013 Concentric & Eccentric Type","description":"Yunming offers stainless steel reducers in both concentric and eccentric designs, used for connecting pipes of different sizes in industrial applications.","robots":{"index":"index","follow":"follow","max-snippet":"max-snippet:-1","max-image-preview":"max-image-preview:large","max-video-preview":"max-video-preview:-1"},"canonical":"https:\/\/yunming-metal.com\/es\/producto\/reductor-de-acero-inoxidable\/","og_locale":"es_ES","og_type":"article","og_title":"Stainless Steel Reducer","og_description":"Yunming offers stainless steel reducers in both concentric and eccentric designs, used for connecting pipes of different sizes in industrial applications.","og_url":"https:\/\/yunming-metal.com\/es\/producto\/reductor-de-acero-inoxidable\/","og_site_name":"Yunming Metal - Stainless Steel Manufacturer &amp; Supplier","article_publisher":"https:\/\/www.facebook.com\/YunmingMetal","article_modified_time":"2025-06-01T14:49:59+00:00","og_image":[{"width":1024,"height":1024,"url":"https:\/\/yunming-metal.com\/wp-content\/uploads\/2025\/06\/concentric-and-eccentric-stainless-steel-reducers.png","type":"image\/png"}],"twitter_card":"summary_large_image","twitter_site":"@fan_yunmimetal","twitter_misc":{"Tiempo de lectura":"3 minutos"},"schema":{"@context":"https:\/\/schema.org","@graph":[{"@type":"WebPage","@id":"https:\/\/yunming-metal.com\/product\/stainless-steel-reducer\/","url":"https:\/\/yunming-metal.com\/product\/stainless-steel-reducer\/","name":"Stainless Steel Reducer \u2013 Concentric & Eccentric Type","isPartOf":{"@id":"https:\/\/yunming-metal.com\/#website"},"primaryImageOfPage":{"@id":"https:\/\/yunming-metal.com\/product\/stainless-steel-reducer\/#primaryimage"},"image":{"@id":"https:\/\/yunming-metal.com\/product\/stainless-steel-reducer\/#primaryimage"},"thumbnailUrl":"https:\/\/yunming-metal.com\/wp-content\/uploads\/2025\/06\/concentric-and-eccentric-stainless-steel-reducers.png","datePublished":"2025-06-01T14:49:08+00:00","dateModified":"2025-06-01T14:49:59+00:00","description":"Yunming offers stainless steel reducers in both concentric and eccentric designs, used for connecting pipes of different sizes in industrial applications.","breadcrumb":{"@id":"https:\/\/yunming-metal.com\/product\/stainless-steel-reducer\/#breadcrumb"},"inLanguage":"es","potentialAction":[{"@type":"ReadAction","target":["https:\/\/yunming-metal.com\/product\/stainless-steel-reducer\/"]}]},{"@type":"ImageObject","inLanguage":"es","@id":"https:\/\/yunming-metal.com\/product\/stainless-steel-reducer\/#primaryimage","url":"https:\/\/yunming-metal.com\/wp-content\/uploads\/2025\/06\/concentric-and-eccentric-stainless-steel-reducers.png","contentUrl":"https:\/\/yunming-metal.com\/wp-content\/uploads\/2025\/06\/concentric-and-eccentric-stainless-steel-reducers.png","width":1024,"height":1024,"caption":"Comparison of concentric and eccentric stainless steel reducers for piping applications"},{"@type":"BreadcrumbList","@id":"https:\/\/yunming-metal.com\/product\/stainless-steel-reducer\/#breadcrumb","itemListElement":[{"@type":"ListItem","position":1,"name":"\u9996\u9875","item":"https:\/\/yunming-metal.com\/"},{"@type":"ListItem","position":2,"name":"Products","item":"https:\/\/yunming-metal.com\/shop\/"},{"@type":"ListItem","position":3,"name":"Stainless Steel Reducer"}]},{"@type":"WebSite","@id":"https:\/\/yunming-metal.com\/#website","url":"https:\/\/yunming-metal.com\/","name":"yunming-metal.com","description":"High-Quality Stainless Steel Pipes, Plates &amp; Flanges","publisher":{"@id":"https:\/\/yunming-metal.com\/#organization"},"potentialAction":[{"@type":"SearchAction","target":{"@type":"EntryPoint","urlTemplate":"https:\/\/yunming-metal.com\/?s={search_term_string}"},"query-input":{"@type":"PropertyValueSpecification","valueRequired":true,"valueName":"search_term_string"}}],"inLanguage":"es"},{"@type":"Organization","@id":"https:\/\/yunming-metal.com\/#organization","name":"Yunming MetalY","alternateName":"Yunming Stainless Steel","url":"https:\/\/yunming-metal.com\/","logo":{"@type":"ImageObject","inLanguage":"es","@id":"https:\/\/yunming-metal.com\/#\/schema\/logo\/image\/","url":"https:\/\/yunming-metal.com\/wp-content\/uploads\/2025\/04\/yunming-metal-logo-featuring-a-minimalist-am-design-representing.png","contentUrl":"https:\/\/yunming-metal.com\/wp-content\/uploads\/2025\/04\/yunming-metal-logo-featuring-a-minimalist-am-design-representing.png","width":300,"height":300,"caption":"Yunming MetalY"},"image":{"@id":"https:\/\/yunming-metal.com\/#\/schema\/logo\/image\/"},"sameAs":["https:\/\/www.facebook.com\/YunmingMetal","https:\/\/x.com\/fan_yunmimetal","https:\/\/www.linkedin.com\/company\/yunming-metal\/","https:\/\/www.instagram.com\/nora_jiang8\/","https:\/\/www.youtube.com\/@yunmingmetal1","https:\/\/www.tiktok.com\/@yunming_metal"]}]}},"_links":{"self":[{"href":"https:\/\/yunming-metal.com\/es\/wp-json\/wp\/v2\/product\/4796","targetHints":{"allow":["GET"]}}],"collection":[{"href":"https:\/\/yunming-metal.com\/es\/wp-json\/wp\/v2\/product"}],"about":[{"href":"https:\/\/yunming-metal.com\/es\/wp-json\/wp\/v2\/types\/product"}],"replies":[{"embeddable":true,"href":"https:\/\/yunming-metal.com\/es\/wp-json\/wp\/v2\/comments?post=4796"}],"wp:featuredmedia":[{"embeddable":true,"href":"https:\/\/yunming-metal.com\/es\/wp-json\/wp\/v2\/media\/4797"}],"wp:attachment":[{"href":"https:\/\/yunming-metal.com\/es\/wp-json\/wp\/v2\/media?parent=4796"}],"wp:term":[{"taxonomy":"product_brand","embeddable":true,"href":"https:\/\/yunming-metal.com\/es\/wp-json\/wp\/v2\/product_brand?post=4796"},{"taxonomy":"product_cat","embeddable":true,"href":"https:\/\/yunming-metal.com\/es\/wp-json\/wp\/v2\/product_cat?post=4796"},{"taxonomy":"product_tag","embeddable":true,"href":"https:\/\/yunming-metal.com\/es\/wp-json\/wp\/v2\/product_tag?post=4796"}],"curies":[{"name":"wp","href":"https:\/\/api.w.org\/{rel}","templated":true}]}}