{"id":4856,"date":"2025-06-16T16:04:30","date_gmt":"2025-06-16T08:04:30","guid":{"rendered":"https:\/\/yunming-metal.com\/?post_type=product&#038;p=4856"},"modified":"2025-06-16T17:07:05","modified_gmt":"2025-06-16T09:07:05","slug":"17-4ph-stainless-steel","status":"publish","type":"product","link":"https:\/\/yunming-metal.com\/es\/producto\/17-4ph-acero-inoxidable\/","title":{"rendered":"Acero inoxidable 17-4PH"},"content":{"rendered":"<h3 data-start=\"92\" data-end=\"118\"><strong data-start=\"96\" data-end=\"116\">Productos<\/strong><\/h3>\n<p data-start=\"119\" data-end=\"499\">El acero inoxidable 17-4PH (UNS S17400) es un acero inoxidable martens\u00edtico de endurecimiento por precipitaci\u00f3n conocido por su excepcional combinaci\u00f3n de alta resistencia, buena resistencia a la corrosi\u00f3n y excelentes propiedades mec\u00e1nicas a temperaturas de hasta 600\u00b0F (316\u00b0C). Ofrece una soluci\u00f3n vers\u00e1til para industrias que requieren integridad estructural, precisi\u00f3n y durabilidad en condiciones exigentes.<\/p>\n<h3 data-start=\"501\" data-end=\"528\"><strong data-start=\"505\" data-end=\"526\">\u00c1mbitos de aplicaci\u00f3n<\/strong><\/h3>\n<ul data-start=\"529\" data-end=\"723\">\n<li data-start=\"529\" data-end=\"566\">\n<p data-start=\"531\" data-end=\"566\">Componentes aeroespaciales y aeron\u00e1uticos<\/p>\n<\/li>\n<li data-start=\"567\" data-end=\"592\">\n<p data-start=\"569\" data-end=\"592\">Piezas de reactores nucleares<\/p>\n<\/li>\n<li data-start=\"593\" data-end=\"626\">\n<p data-start=\"595\" data-end=\"626\">Equipos de procesamiento qu\u00edmico<\/p>\n<\/li>\n<li data-start=\"627\" data-end=\"660\">\n<p data-start=\"629\" data-end=\"660\">V\u00e1lvulas, bridas y accesorios<\/p>\n<\/li>\n<li data-start=\"661\" data-end=\"693\">\n<p data-start=\"663\" data-end=\"693\">Ejes marinos y piezas de bombas<\/p>\n<\/li>\n<li data-start=\"694\" data-end=\"723\">\n<p data-start=\"696\" data-end=\"723\">Equipos para yacimientos de petr\u00f3leo y gas<\/p>\n<\/li>\n<\/ul>\n<h3 data-start=\"725\" data-end=\"751\"><strong data-start=\"729\" data-end=\"749\">Caracter\u00edsticas del producto<\/strong><\/h3>\n<ul data-start=\"752\" data-end=\"1020\">\n<li data-start=\"752\" data-end=\"799\">\n<p data-start=\"754\" data-end=\"799\">Alto l\u00edmite el\u00e1stico y de tracci\u00f3n tras el envejecimiento<\/p>\n<\/li>\n<li data-start=\"800\" data-end=\"855\">\n<p data-start=\"802\" data-end=\"855\">Excelente resistencia a la corrosi\u00f3n en muchos entornos<\/p>\n<\/li>\n<li data-start=\"856\" data-end=\"921\">\n<p data-start=\"858\" data-end=\"921\">Buena tenacidad en sentido longitudinal y transversal<\/p>\n<\/li>\n<li data-start=\"922\" data-end=\"956\">\n<p data-start=\"924\" data-end=\"956\">F\u00e1cilmente soldable y mecanizable<\/p>\n<\/li>\n<li data-start=\"957\" data-end=\"1020\">\n<p data-start=\"959\" data-end=\"1020\">Tratable t\u00e9rmicamente en m\u00faltiples condiciones de dureza (H900-H1150)<\/p>\n<\/li>\n<\/ul>\n<h3 data-start=\"1022\" data-end=\"1056\"><strong data-start=\"1026\" data-end=\"1054\">Especificaciones t\u00e9cnicas<\/strong><\/h3>\n<div class=\"_tableContainer_16hzy_1\">\n<div class=\"_tableWrapper_16hzy_14 group flex w-fit flex-col-reverse\" tabindex=\"-1\">\n<table class=\"w-fit min-w-(--thread-content-width)\" data-start=\"1058\" data-end=\"1523\">\n<thead data-start=\"1058\" data-end=\"1142\">\n<tr data-start=\"1058\" data-end=\"1142\">\n<th data-start=\"1058\" data-end=\"1070\" data-col-size=\"sm\">Condici\u00f3n<\/th>\n<th data-start=\"1070\" data-end=\"1093\" data-col-size=\"sm\">Di\u00e1metro \/ Espesor<\/th>\n<th data-start=\"1093\" data-end=\"1111\" data-col-size=\"sm\">Anchura (mm)<\/th>\n<th data-start=\"1111\" data-end=\"1130\" data-col-size=\"sm\">Longitud (mm)<\/th>\n<th data-start=\"1130\" data-end=\"1142\" data-col-size=\"sm\">Dureza<\/th>\n<\/tr>\n<\/thead>\n<tbody data-start=\"1229\" data-end=\"1523\">\n<tr data-start=\"1229\" data-end=\"1332\">\n<td data-start=\"1229\" data-end=\"1240\" data-col-size=\"sm\">Recocido<\/td>\n<td data-start=\"1240\" data-end=\"1267\" data-col-size=\"sm\">8-300 mm \/ \u2075\u2044\u2081\u2086\u2033-11 \u2077\u2044\u2088\u2033<\/td>\n<td data-start=\"1267\" data-end=\"1293\" data-col-size=\"sm\">hasta 2000 mm \/ 78 \u00b3\u2044\u2084\u2033.<\/td>\n<td data-start=\"1293\" data-end=\"1320\" data-col-size=\"sm\">hasta 6000 mm \/ 236 \u00b9\u2044\u2084\u2033.<\/td>\n<td data-start=\"1320\" data-end=\"1332\" data-col-size=\"sm\">\u2264 363 HB<\/td>\n<\/tr>\n<tr data-start=\"1333\" data-end=\"1427\">\n<td data-start=\"1333\" data-end=\"1340\" data-col-size=\"sm\">H900<\/td>\n<td data-start=\"1340\" data-end=\"1365\" data-col-size=\"sm\">8-250 mm \/ \u2075\u2044\u2081\u2086\u2033-9 \u2077\u2078\u2033<\/td>\n<td data-start=\"1365\" data-end=\"1387\" data-col-size=\"sm\">Hasta 1500 mm \/ 59\u2033.<\/td>\n<td data-start=\"1387\" data-end=\"1414\" data-col-size=\"sm\">hasta 6000 mm \/ 236 \u00b9\u2044\u2084\u2033.<\/td>\n<td data-start=\"1414\" data-end=\"1427\" data-col-size=\"sm\">44-47 HRC<\/td>\n<\/tr>\n<tr data-start=\"1428\" data-end=\"1523\">\n<td data-start=\"1428\" data-end=\"1436\" data-col-size=\"sm\">H1025<\/td>\n<td data-start=\"1436\" data-end=\"1461\" data-col-size=\"sm\">8-250 mm \/ \u2075\u2044\u2081\u2086\u2033-9 \u2077\u2078\u2033<\/td>\n<td data-start=\"1461\" data-end=\"1483\" data-col-size=\"sm\">Hasta 1500 mm \/ 59\u2033.<\/td>\n<td data-start=\"1483\" data-end=\"1510\" data-col-size=\"sm\">hasta 6000 mm \/ 236 \u00b9\u2044\u2084\u2033.<\/td>\n<td data-start=\"1510\" data-end=\"1523\" data-col-size=\"sm\">35-40 HRC<\/td>\n<\/tr>\n<\/tbody>\n<\/table>\n<div class=\"sticky end-(--thread-content-margin) h-0 self-end select-none\">\n<div class=\"absolute end-0 flex items-end\"><em style=\"font-size: 16px;\" data-start=\"1527\" data-end=\"1589\">Tolerancias y dimensiones personalizadas disponibles bajo pedido.<\/em><\/div>\n<\/div>\n<\/div>\n<\/div>\n<h3 data-start=\"1591\" data-end=\"1622\"><strong data-start=\"1595\" data-end=\"1620\">Proceso de fabricaci\u00f3n<\/strong><\/h3>\n<ol data-start=\"1623\" data-end=\"1880\">\n<li data-start=\"1623\" data-end=\"1665\">\n<p data-start=\"1626\" data-end=\"1665\">Fusi\u00f3n por inducci\u00f3n en vac\u00edo (VIM) o ESR<\/p>\n<\/li>\n<li data-start=\"1666\" data-end=\"1708\">\n<p data-start=\"1669\" data-end=\"1708\">Laminado en caliente o forjado con la forma deseada<\/p>\n<\/li>\n<li data-start=\"1709\" data-end=\"1743\">\n<p data-start=\"1712\" data-end=\"1743\">Soluci\u00f3n tratada y recocida<\/p>\n<\/li>\n<li data-start=\"1744\" data-end=\"1779\">\n<p data-start=\"1747\" data-end=\"1779\">Mecanizado o corte de precisi\u00f3n<\/p>\n<\/li>\n<li data-start=\"1780\" data-end=\"1828\">\n<p data-start=\"1783\" data-end=\"1828\">Endurecimiento por precipitaci\u00f3n (H900, H1025, etc.)<\/p>\n<\/li>\n<li data-start=\"1829\" data-end=\"1880\">\n<p data-start=\"1832\" data-end=\"1880\">Inspecci\u00f3n final, certificaci\u00f3n y envasado<\/p>\n<\/li>\n<\/ol>\n<h3 data-start=\"1887\" data-end=\"1898\"><strong data-start=\"1891\" data-end=\"1898\">PREGUNTAS FRECUENTES<\/strong><\/h3>\n<p data-start=\"1900\" data-end=\"2083\"><strong data-start=\"1900\" data-end=\"1959\">P1: \u00bfCu\u00e1l es la principal ventaja del acero inoxidable 17-4PH?<\/strong><br data-start=\"1959\" data-end=\"1962\" \/>R: Proporciona alta resistencia y resistencia a la corrosi\u00f3n con la flexibilidad del tratamiento t\u00e9rmico para necesidades espec\u00edficas de dureza.<\/p>\n<p data-start=\"2085\" data-end=\"2217\"><strong data-start=\"2085\" data-end=\"2114\">P2: \u00bfSe puede soldar el 17-4PH?<\/strong><br data-start=\"2114\" data-end=\"2117\" \/>R: S\u00ed, pueden utilizarse m\u00e9todos de soldadura est\u00e1ndar, con envejecimiento posterior a la soldadura para restaurar las propiedades mec\u00e1nicas.<\/p>\n<p data-start=\"2219\" data-end=\"2379\"><strong data-start=\"2219\" data-end=\"2264\">P3: \u00bfCu\u00e1l es el proceso de envejecimiento del 17-4PH?<\/strong><br data-start=\"2264\" data-end=\"2267\" \/>R: Consiste en calentar el material a temperaturas espec\u00edficas (por ejemplo, 900\u00b0F para H900) para conseguir la dureza deseada.<\/p>\n<p data-start=\"2381\" data-end=\"2550\"><strong data-start=\"2381\" data-end=\"2432\">P4: \u00bfEs el 17-4PH adecuado para entornos marinos?<\/strong><br data-start=\"2432\" data-end=\"2435\" \/>R: S\u00ed, tiene una resistencia a la corrosi\u00f3n de moderada a buena en agua salada y condiciones marinas, especialmente en estados envejecidos.<\/p>\n<p data-start=\"2552\" data-end=\"2757\"><strong data-start=\"2552\" data-end=\"2622\">P5: \u00bfCu\u00e1l es la diferencia entre el acero inoxidable 17-4PH y el 304?<\/strong><br data-start=\"2622\" data-end=\"2625\" \/>R: El 17-4PH ofrece mucha m\u00e1s resistencia y dureza, mientras que el 304 es m\u00e1s moldeable y resistente a la corrosi\u00f3n en entornos no cr\u00edticos.<\/p>\n<h3 data-start=\"2764\" data-end=\"2795\"><strong data-start=\"2768\" data-end=\"2793\">\u00bfA\u00fan tiene preguntas?<\/strong><\/h3>\n<p data-start=\"2796\" data-end=\"2998\">No dude en ponerse en contacto con nosotros para obtener m\u00e1s informaci\u00f3n o para estudiar sus necesidades espec\u00edficas de acero inoxidable 17-4PH.<br data-start=\"2899\" data-end=\"2902\" \/>Nuestro equipo de asistencia t\u00e9cnica est\u00e1 preparado para ayudarle con las especificaciones, las certificaciones y la entrega.<\/p>","protected":false},"excerpt":{"rendered":"<p>Yunming Metal suministra acero inoxidable de endurecimiento por precipitaci\u00f3n, incluidos 17-4PH y 15-5PH, conocidos por su excepcional solidez y resistencia a la corrosi\u00f3n. Ideal para uso aeroespacial, marino e industrial.<\/p>","protected":false},"featured_media":4857,"comment_status":"open","ping_status":"closed","template":"","meta":{"site-sidebar-layout":"default","site-content-layout":"","ast-site-content-layout":"default","site-content-style":"default","site-sidebar-style":"default","ast-global-header-display":"","ast-banner-title-visibility":"","ast-main-header-display":"","ast-hfb-above-header-display":"","ast-hfb-below-header-display":"","ast-hfb-mobile-header-display":"","site-post-title":"","ast-breadcrumbs-content":"","ast-featured-img":"","footer-sml-layout":"","theme-transparent-header-meta":"default","adv-header-id-meta":"","stick-header-meta":"","header-above-stick-meta":"","header-main-stick-meta":"","header-below-stick-meta":"","astra-migrate-meta-layouts":"set","ast-page-background-enabled":"default","ast-page-background-meta":{"desktop":{"background-color":"","background-image":"","background-repeat":"repeat","background-position":"center center","background-size":"auto","background-attachment":"scroll","background-type":"","background-media":"","overlay-type":"","overlay-color":"","overlay-opacity":"","overlay-gradient":""},"tablet":{"background-color":"","background-image":"","background-repeat":"repeat","background-position":"center center","background-size":"auto","background-attachment":"scroll","background-type":"","background-media":"","overlay-type":"","overlay-color":"","overlay-opacity":"","overlay-gradient":""},"mobile":{"background-color":"","background-image":"","background-repeat":"repeat","background-position":"center center","background-size":"auto","background-attachment":"scroll","background-type":"","background-media":"","overlay-type":"","overlay-color":"","overlay-opacity":"","overlay-gradient":""}},"ast-content-background-meta":{"desktop":{"background-color":"var(--ast-global-color-5)","background-image":"","background-repeat":"repeat","background-position":"center center","background-size":"auto","background-attachment":"scroll","background-type":"","background-media":"","overlay-type":"","overlay-color":"","overlay-opacity":"","overlay-gradient":""},"tablet":{"background-color":"var(--ast-global-color-5)","background-image":"","background-repeat":"repeat","background-position":"center center","background-size":"auto","background-attachment":"scroll","background-type":"","background-media":"","overlay-type":"","overlay-color":"","overlay-opacity":"","overlay-gradient":""},"mobile":{"background-color":"var(--ast-global-color-5)","background-image":"","background-repeat":"repeat","background-position":"center center","background-size":"auto","background-attachment":"scroll","background-type":"","background-media":"","overlay-type":"","overlay-color":"","overlay-opacity":"","overlay-gradient":""}}},"product_brand":[],"product_cat":[30,37],"product_tag":[],"class_list":{"0":"post-4856","1":"product","2":"type-product","3":"status-publish","4":"has-post-thumbnail","6":"product_cat-special-alloys","7":"product_cat-precipitation-hardening-stainless-steel","8":"desktop-align-left","9":"tablet-align-left","10":"mobile-align-left","12":"first","13":"instock","14":"shipping-taxable","15":"product-type-simple"},"yoast_head":"<!-- This site is optimized with the Yoast SEO Premium plugin v24.9 (Yoast SEO v26.8) - https:\/\/yoast.com\/product\/yoast-seo-premium-wordpress\/ -->\n<title>17-4PH Stainless Steel | High Strength &amp; Corrosion Resistance<\/title>\n<meta name=\"description\" content=\"Get 17-4PH stainless steel with high strength and excellent corrosion resistance. Ideal for aerospace, marine, and precision parts.\" \/>\n<meta name=\"robots\" content=\"index, follow, max-snippet:-1, max-image-preview:large, max-video-preview:-1\" \/>\n<link rel=\"canonical\" href=\"https:\/\/yunming-metal.com\/es\/producto\/17-4ph-acero-inoxidable\/\" \/>\n<meta property=\"og:locale\" content=\"es_ES\" \/>\n<meta property=\"og:type\" content=\"article\" \/>\n<meta property=\"og:title\" content=\"17-4PH Stainless Steel\" \/>\n<meta property=\"og:description\" content=\"Get 17-4PH stainless steel with high strength and excellent corrosion resistance. Ideal for aerospace, marine, and precision parts.\" \/>\n<meta property=\"og:url\" content=\"https:\/\/yunming-metal.com\/es\/producto\/17-4ph-acero-inoxidable\/\" \/>\n<meta property=\"og:site_name\" content=\"Yunming Metal - Stainless Steel Manufacturer &amp; Supplier\" \/>\n<meta property=\"article:publisher\" content=\"https:\/\/www.facebook.com\/YunmingMetal\" \/>\n<meta property=\"article:modified_time\" content=\"2025-06-16T09:07:05+00:00\" \/>\n<meta property=\"og:image\" content=\"https:\/\/yunming-metal.com\/wp-content\/uploads\/2025\/06\/17-4ph-stainless-steel-bars-yunming-metal.png\" \/>\n\t<meta property=\"og:image:width\" content=\"800\" \/>\n\t<meta property=\"og:image:height\" content=\"800\" \/>\n\t<meta property=\"og:image:type\" content=\"image\/png\" \/>\n<meta name=\"twitter:card\" content=\"summary_large_image\" \/>\n<meta name=\"twitter:site\" content=\"@fan_yunmimetal\" \/>\n<meta name=\"twitter:label1\" content=\"Tiempo de lectura\" \/>\n\t<meta name=\"twitter:data1\" content=\"3 minutos\" \/>\n<script type=\"application\/ld+json\" class=\"yoast-schema-graph\">{\"@context\":\"https:\/\/schema.org\",\"@graph\":[{\"@type\":\"WebPage\",\"@id\":\"https:\/\/yunming-metal.com\/product\/17-4ph-stainless-steel\/\",\"url\":\"https:\/\/yunming-metal.com\/product\/17-4ph-stainless-steel\/\",\"name\":\"17-4PH Stainless Steel | High Strength & Corrosion Resistance\",\"isPartOf\":{\"@id\":\"https:\/\/yunming-metal.com\/#website\"},\"primaryImageOfPage\":{\"@id\":\"https:\/\/yunming-metal.com\/product\/17-4ph-stainless-steel\/#primaryimage\"},\"image\":{\"@id\":\"https:\/\/yunming-metal.com\/product\/17-4ph-stainless-steel\/#primaryimage\"},\"thumbnailUrl\":\"https:\/\/yunming-metal.com\/wp-content\/uploads\/2025\/06\/17-4ph-stainless-steel-bars-yunming-metal.png\",\"datePublished\":\"2025-06-16T08:04:30+00:00\",\"dateModified\":\"2025-06-16T09:07:05+00:00\",\"description\":\"Get 17-4PH stainless steel with high strength and excellent corrosion resistance. Ideal for aerospace, marine, and precision parts.\",\"breadcrumb\":{\"@id\":\"https:\/\/yunming-metal.com\/product\/17-4ph-stainless-steel\/#breadcrumb\"},\"inLanguage\":\"es\",\"potentialAction\":[{\"@type\":\"ReadAction\",\"target\":[\"https:\/\/yunming-metal.com\/product\/17-4ph-stainless-steel\/\"]}]},{\"@type\":\"ImageObject\",\"inLanguage\":\"es\",\"@id\":\"https:\/\/yunming-metal.com\/product\/17-4ph-stainless-steel\/#primaryimage\",\"url\":\"https:\/\/yunming-metal.com\/wp-content\/uploads\/2025\/06\/17-4ph-stainless-steel-bars-yunming-metal.png\",\"contentUrl\":\"https:\/\/yunming-metal.com\/wp-content\/uploads\/2025\/06\/17-4ph-stainless-steel-bars-yunming-metal.png\",\"width\":800,\"height\":800,\"caption\":\"17-4PH stainless steel round bars with precision-machined finish for high-strength applications.\"},{\"@type\":\"BreadcrumbList\",\"@id\":\"https:\/\/yunming-metal.com\/product\/17-4ph-stainless-steel\/#breadcrumb\",\"itemListElement\":[{\"@type\":\"ListItem\",\"position\":1,\"name\":\"\u9996\u9875\",\"item\":\"https:\/\/yunming-metal.com\/\"},{\"@type\":\"ListItem\",\"position\":2,\"name\":\"Products\",\"item\":\"https:\/\/yunming-metal.com\/shop\/\"},{\"@type\":\"ListItem\",\"position\":3,\"name\":\"17-4PH Stainless Steel\"}]},{\"@type\":\"WebSite\",\"@id\":\"https:\/\/yunming-metal.com\/#website\",\"url\":\"https:\/\/yunming-metal.com\/\",\"name\":\"yunming-metal.com\",\"description\":\"High-Quality Stainless Steel Pipes, Plates &amp; Flanges\",\"publisher\":{\"@id\":\"https:\/\/yunming-metal.com\/#organization\"},\"potentialAction\":[{\"@type\":\"SearchAction\",\"target\":{\"@type\":\"EntryPoint\",\"urlTemplate\":\"https:\/\/yunming-metal.com\/?s={search_term_string}\"},\"query-input\":{\"@type\":\"PropertyValueSpecification\",\"valueRequired\":true,\"valueName\":\"search_term_string\"}}],\"inLanguage\":\"es\"},{\"@type\":\"Organization\",\"@id\":\"https:\/\/yunming-metal.com\/#organization\",\"name\":\"Yunming MetalY\",\"alternateName\":\"Yunming Stainless Steel\",\"url\":\"https:\/\/yunming-metal.com\/\",\"logo\":{\"@type\":\"ImageObject\",\"inLanguage\":\"es\",\"@id\":\"https:\/\/yunming-metal.com\/#\/schema\/logo\/image\/\",\"url\":\"https:\/\/yunming-metal.com\/wp-content\/uploads\/2025\/04\/yunming-metal-logo-featuring-a-minimalist-am-design-representing.png\",\"contentUrl\":\"https:\/\/yunming-metal.com\/wp-content\/uploads\/2025\/04\/yunming-metal-logo-featuring-a-minimalist-am-design-representing.png\",\"width\":300,\"height\":300,\"caption\":\"Yunming MetalY\"},\"image\":{\"@id\":\"https:\/\/yunming-metal.com\/#\/schema\/logo\/image\/\"},\"sameAs\":[\"https:\/\/www.facebook.com\/YunmingMetal\",\"https:\/\/x.com\/fan_yunmimetal\",\"https:\/\/www.linkedin.com\/company\/yunming-metal\/\",\"https:\/\/www.instagram.com\/nora_jiang8\/\",\"https:\/\/www.youtube.com\/@yunmingmetal1\",\"https:\/\/www.tiktok.com\/@yunming_metal\"]}]}<\/script>\n<!-- \/ Yoast SEO Premium plugin. -->","yoast_head_json":{"title":"17-4PH Stainless Steel | High Strength & Corrosion Resistance","description":"Get 17-4PH stainless steel with high strength and excellent corrosion resistance. Ideal for aerospace, marine, and precision parts.","robots":{"index":"index","follow":"follow","max-snippet":"max-snippet:-1","max-image-preview":"max-image-preview:large","max-video-preview":"max-video-preview:-1"},"canonical":"https:\/\/yunming-metal.com\/es\/producto\/17-4ph-acero-inoxidable\/","og_locale":"es_ES","og_type":"article","og_title":"17-4PH Stainless Steel","og_description":"Get 17-4PH stainless steel with high strength and excellent corrosion resistance. Ideal for aerospace, marine, and precision parts.","og_url":"https:\/\/yunming-metal.com\/es\/producto\/17-4ph-acero-inoxidable\/","og_site_name":"Yunming Metal - Stainless Steel Manufacturer &amp; Supplier","article_publisher":"https:\/\/www.facebook.com\/YunmingMetal","article_modified_time":"2025-06-16T09:07:05+00:00","og_image":[{"width":800,"height":800,"url":"https:\/\/yunming-metal.com\/wp-content\/uploads\/2025\/06\/17-4ph-stainless-steel-bars-yunming-metal.png","type":"image\/png"}],"twitter_card":"summary_large_image","twitter_site":"@fan_yunmimetal","twitter_misc":{"Tiempo de lectura":"3 minutos"},"schema":{"@context":"https:\/\/schema.org","@graph":[{"@type":"WebPage","@id":"https:\/\/yunming-metal.com\/product\/17-4ph-stainless-steel\/","url":"https:\/\/yunming-metal.com\/product\/17-4ph-stainless-steel\/","name":"17-4PH Stainless Steel | High Strength & Corrosion Resistance","isPartOf":{"@id":"https:\/\/yunming-metal.com\/#website"},"primaryImageOfPage":{"@id":"https:\/\/yunming-metal.com\/product\/17-4ph-stainless-steel\/#primaryimage"},"image":{"@id":"https:\/\/yunming-metal.com\/product\/17-4ph-stainless-steel\/#primaryimage"},"thumbnailUrl":"https:\/\/yunming-metal.com\/wp-content\/uploads\/2025\/06\/17-4ph-stainless-steel-bars-yunming-metal.png","datePublished":"2025-06-16T08:04:30+00:00","dateModified":"2025-06-16T09:07:05+00:00","description":"Get 17-4PH stainless steel with high strength and excellent corrosion resistance. Ideal for aerospace, marine, and precision parts.","breadcrumb":{"@id":"https:\/\/yunming-metal.com\/product\/17-4ph-stainless-steel\/#breadcrumb"},"inLanguage":"es","potentialAction":[{"@type":"ReadAction","target":["https:\/\/yunming-metal.com\/product\/17-4ph-stainless-steel\/"]}]},{"@type":"ImageObject","inLanguage":"es","@id":"https:\/\/yunming-metal.com\/product\/17-4ph-stainless-steel\/#primaryimage","url":"https:\/\/yunming-metal.com\/wp-content\/uploads\/2025\/06\/17-4ph-stainless-steel-bars-yunming-metal.png","contentUrl":"https:\/\/yunming-metal.com\/wp-content\/uploads\/2025\/06\/17-4ph-stainless-steel-bars-yunming-metal.png","width":800,"height":800,"caption":"17-4PH stainless steel round bars with precision-machined finish for high-strength applications."},{"@type":"BreadcrumbList","@id":"https:\/\/yunming-metal.com\/product\/17-4ph-stainless-steel\/#breadcrumb","itemListElement":[{"@type":"ListItem","position":1,"name":"\u9996\u9875","item":"https:\/\/yunming-metal.com\/"},{"@type":"ListItem","position":2,"name":"Products","item":"https:\/\/yunming-metal.com\/shop\/"},{"@type":"ListItem","position":3,"name":"17-4PH Stainless Steel"}]},{"@type":"WebSite","@id":"https:\/\/yunming-metal.com\/#website","url":"https:\/\/yunming-metal.com\/","name":"yunming-metal.com","description":"High-Quality Stainless Steel Pipes, Plates &amp; Flanges","publisher":{"@id":"https:\/\/yunming-metal.com\/#organization"},"potentialAction":[{"@type":"SearchAction","target":{"@type":"EntryPoint","urlTemplate":"https:\/\/yunming-metal.com\/?s={search_term_string}"},"query-input":{"@type":"PropertyValueSpecification","valueRequired":true,"valueName":"search_term_string"}}],"inLanguage":"es"},{"@type":"Organization","@id":"https:\/\/yunming-metal.com\/#organization","name":"Yunming MetalY","alternateName":"Yunming Stainless Steel","url":"https:\/\/yunming-metal.com\/","logo":{"@type":"ImageObject","inLanguage":"es","@id":"https:\/\/yunming-metal.com\/#\/schema\/logo\/image\/","url":"https:\/\/yunming-metal.com\/wp-content\/uploads\/2025\/04\/yunming-metal-logo-featuring-a-minimalist-am-design-representing.png","contentUrl":"https:\/\/yunming-metal.com\/wp-content\/uploads\/2025\/04\/yunming-metal-logo-featuring-a-minimalist-am-design-representing.png","width":300,"height":300,"caption":"Yunming MetalY"},"image":{"@id":"https:\/\/yunming-metal.com\/#\/schema\/logo\/image\/"},"sameAs":["https:\/\/www.facebook.com\/YunmingMetal","https:\/\/x.com\/fan_yunmimetal","https:\/\/www.linkedin.com\/company\/yunming-metal\/","https:\/\/www.instagram.com\/nora_jiang8\/","https:\/\/www.youtube.com\/@yunmingmetal1","https:\/\/www.tiktok.com\/@yunming_metal"]}]}},"_links":{"self":[{"href":"https:\/\/yunming-metal.com\/es\/wp-json\/wp\/v2\/product\/4856","targetHints":{"allow":["GET"]}}],"collection":[{"href":"https:\/\/yunming-metal.com\/es\/wp-json\/wp\/v2\/product"}],"about":[{"href":"https:\/\/yunming-metal.com\/es\/wp-json\/wp\/v2\/types\/product"}],"replies":[{"embeddable":true,"href":"https:\/\/yunming-metal.com\/es\/wp-json\/wp\/v2\/comments?post=4856"}],"wp:featuredmedia":[{"embeddable":true,"href":"https:\/\/yunming-metal.com\/es\/wp-json\/wp\/v2\/media\/4857"}],"wp:attachment":[{"href":"https:\/\/yunming-metal.com\/es\/wp-json\/wp\/v2\/media?parent=4856"}],"wp:term":[{"taxonomy":"product_brand","embeddable":true,"href":"https:\/\/yunming-metal.com\/es\/wp-json\/wp\/v2\/product_brand?post=4856"},{"taxonomy":"product_cat","embeddable":true,"href":"https:\/\/yunming-metal.com\/es\/wp-json\/wp\/v2\/product_cat?post=4856"},{"taxonomy":"product_tag","embeddable":true,"href":"https:\/\/yunming-metal.com\/es\/wp-json\/wp\/v2\/product_tag?post=4856"}],"curies":[{"name":"wp","href":"https:\/\/api.w.org\/{rel}","templated":true}]}}